{"id":975,"date":"2015-08-18T17:32:40","date_gmt":"2015-08-18T15:32:40","guid":{"rendered":"http:\/\/www.lindenhausen.de\/blog\/?page_id=975"},"modified":"2015-08-19T23:45:38","modified_gmt":"2015-08-19T21:45:38","slug":"borgata-heviz","status":"publish","type":"page","link":"http:\/\/www.lindenhausen.de\/blog\/reiseberichte-radreisen\/radwanderung-von-kelheim-an-den-balaton-sommer-2015\/borgata-heviz\/","title":{"rendered":"Borgata-Heviz"},"content":{"rendered":"<p style=\"text-align: center;\">Mittwoch 05.08.<br \/>\n7:00 starteten wir schon, der Tag sollte wieder Hitze bringen.<\/p>\n<p style=\"text-align: center;\"><a href=\"http:\/\/www.lindenhausen.de\/blog\/wp-content\/uploads\/2015\/08\/CIMG0860-e1439909156134.jpg\"><img decoding=\"async\" loading=\"lazy\" class=\"alignnone size-medium wp-image-969\" src=\"http:\/\/www.lindenhausen.de\/blog\/wp-content\/uploads\/2015\/08\/CIMG0860-300x225.jpg\" alt=\"Sonnenaufgang\" width=\"300\" height=\"225\" \/><\/a><br \/>\nNoch diskutierten wir dar\u00fcber wie weit wir heute fahren wollten, bis nach Balatonszemes oder doch bequem ab Keszthely mit dem Auto mitnehmen lassen.<br \/>\nJe weiter wir auf den Balaton zukamen je w\u00e4rmer wurde es, ein paar Steigungen kamen noch dazu, wir qu\u00e4lten uns durch den Vormittag.<\/p>\n<div id='gallery-1' class='gallery galleryid-975 gallery-columns-3 gallery-size-medium'><figure class='gallery-item'>\n\t\t\t<div class='gallery-icon landscape'>\n\t\t\t\t<a href='http:\/\/www.lindenhausen.de\/blog\/reiseberichte-radreisen\/radwanderung-von-kelheim-an-den-balaton-sommer-2015\/borgata-heviz\/cimg0861\/'><img width=\"300\" height=\"225\" src=\"http:\/\/www.lindenhausen.de\/blog\/wp-content\/uploads\/2015\/08\/CIMG0861-300x225.jpg\" class=\"attachment-medium size-medium\" alt=\"\" decoding=\"async\" loading=\"lazy\" srcset=\"http:\/\/www.lindenhausen.de\/blog\/wp-content\/uploads\/2015\/08\/CIMG0861-300x225.jpg 300w, http:\/\/www.lindenhausen.de\/blog\/wp-content\/uploads\/2015\/08\/CIMG0861-1024x768.jpg 1024w, http:\/\/www.lindenhausen.de\/blog\/wp-content\/uploads\/2015\/08\/CIMG0861-e1439911592428.jpg 900w\" sizes=\"(max-width: 300px) 100vw, 300px\" \/><\/a>\n\t\t\t<\/div><\/figure><figure class='gallery-item'>\n\t\t\t<div class='gallery-icon landscape'>\n\t\t\t\t<a href='http:\/\/www.lindenhausen.de\/blog\/reiseberichte-radreisen\/radwanderung-von-kelheim-an-den-balaton-sommer-2015\/borgata-heviz\/cimg0863\/'><img width=\"300\" height=\"225\" src=\"http:\/\/www.lindenhausen.de\/blog\/wp-content\/uploads\/2015\/08\/CIMG0863-300x225.jpg\" class=\"attachment-medium size-medium\" alt=\"\" decoding=\"async\" loading=\"lazy\" srcset=\"http:\/\/www.lindenhausen.de\/blog\/wp-content\/uploads\/2015\/08\/CIMG0863-300x225.jpg 300w, http:\/\/www.lindenhausen.de\/blog\/wp-content\/uploads\/2015\/08\/CIMG0863-1024x768.jpg 1024w, http:\/\/www.lindenhausen.de\/blog\/wp-content\/uploads\/2015\/08\/CIMG0863-e1439911617145.jpg 900w\" sizes=\"(max-width: 300px) 100vw, 300px\" \/><\/a>\n\t\t\t<\/div><\/figure><figure class='gallery-item'>\n\t\t\t<div class='gallery-icon portrait'>\n\t\t\t\t<a href='http:\/\/www.lindenhausen.de\/blog\/reiseberichte-radreisen\/radwanderung-von-kelheim-an-den-balaton-sommer-2015\/borgata-heviz\/cimg0866\/'><img width=\"225\" height=\"300\" src=\"http:\/\/www.lindenhausen.de\/blog\/wp-content\/uploads\/2015\/08\/CIMG0866-e1439911645358-225x300.jpg\" class=\"attachment-medium size-medium\" alt=\"\" decoding=\"async\" loading=\"lazy\" srcset=\"http:\/\/www.lindenhausen.de\/blog\/wp-content\/uploads\/2015\/08\/CIMG0866-e1439911645358-225x300.jpg 225w, http:\/\/www.lindenhausen.de\/blog\/wp-content\/uploads\/2015\/08\/CIMG0866-e1439911645358.jpg 675w\" sizes=\"(max-width: 225px) 100vw, 225px\" \/><\/a>\n\t\t\t<\/div><\/figure>\n\t\t<\/div>\n\n<p style=\"text-align: center;\">12:30 sollten wir uns mit den Kindern in der N\u00e4he von Heviz in der Betyar Csarda treffen.<br \/>\nAber der Rest der Familie hatte Versp\u00e4tung und so erholten wir uns recht gut und wurden nach dem reichlichen Essen und einem Glasl Wein faul und tr\u00e4ge, also war die Entscheidung klar: unsere Radltour endete hier und der Bade-und Erholungsurlaub begann.<\/p>\n<div id='gallery-2' class='gallery galleryid-975 gallery-columns-3 gallery-size-medium'><figure class='gallery-item'>\n\t\t\t<div class='gallery-icon landscape'>\n\t\t\t\t<a href='http:\/\/www.lindenhausen.de\/blog\/reiseberichte-radreisen\/radwanderung-von-kelheim-an-den-balaton-sommer-2015\/borgata-heviz\/cimg0869\/'><img width=\"300\" height=\"225\" src=\"http:\/\/www.lindenhausen.de\/blog\/wp-content\/uploads\/2015\/08\/CIMG0869-300x225.jpg\" class=\"attachment-medium size-medium\" alt=\"\" decoding=\"async\" loading=\"lazy\" srcset=\"http:\/\/www.lindenhausen.de\/blog\/wp-content\/uploads\/2015\/08\/CIMG0869-300x225.jpg 300w, http:\/\/www.lindenhausen.de\/blog\/wp-content\/uploads\/2015\/08\/CIMG0869-1024x768.jpg 1024w, http:\/\/www.lindenhausen.de\/blog\/wp-content\/uploads\/2015\/08\/CIMG0869-e1439911702460.jpg 900w\" sizes=\"(max-width: 300px) 100vw, 300px\" \/><\/a>\n\t\t\t<\/div><\/figure><figure class='gallery-item'>\n\t\t\t<div class='gallery-icon portrait'>\n\t\t\t\t<a href='http:\/\/www.lindenhausen.de\/blog\/reiseberichte-radreisen\/radwanderung-von-kelheim-an-den-balaton-sommer-2015\/borgata-heviz\/cimg0873\/'><img width=\"225\" height=\"300\" src=\"http:\/\/www.lindenhausen.de\/blog\/wp-content\/uploads\/2015\/08\/CIMG0873-e1439911763361-225x300.jpg\" class=\"attachment-medium size-medium\" alt=\"\" decoding=\"async\" loading=\"lazy\" srcset=\"http:\/\/www.lindenhausen.de\/blog\/wp-content\/uploads\/2015\/08\/CIMG0873-e1439911763361-225x300.jpg 225w, http:\/\/www.lindenhausen.de\/blog\/wp-content\/uploads\/2015\/08\/CIMG0873-e1439911763361.jpg 675w\" sizes=\"(max-width: 225px) 100vw, 225px\" \/><\/a>\n\t\t\t<\/div><\/figure><figure class='gallery-item'>\n\t\t\t<div class='gallery-icon landscape'>\n\t\t\t\t<a href='http:\/\/www.lindenhausen.de\/blog\/reiseberichte-radreisen\/radwanderung-von-kelheim-an-den-balaton-sommer-2015\/borgata-heviz\/cimg0876\/'><img width=\"300\" height=\"225\" src=\"http:\/\/www.lindenhausen.de\/blog\/wp-content\/uploads\/2015\/08\/CIMG0876-300x225.jpg\" class=\"attachment-medium size-medium\" alt=\"\" decoding=\"async\" loading=\"lazy\" srcset=\"http:\/\/www.lindenhausen.de\/blog\/wp-content\/uploads\/2015\/08\/CIMG0876-300x225.jpg 300w, http:\/\/www.lindenhausen.de\/blog\/wp-content\/uploads\/2015\/08\/CIMG0876-1024x768.jpg 1024w, http:\/\/www.lindenhausen.de\/blog\/wp-content\/uploads\/2015\/08\/CIMG0876-e1439911802921.jpg 900w\" sizes=\"(max-width: 300px) 100vw, 300px\" \/><\/a>\n\t\t\t<\/div><\/figure>\n\t\t<\/div>\n\n<p style=\"text-align: center;\">Im Nachhinein eine gute Entscheidung denn so hatten wir den ganzen Nachmittag Zeit die Zelte aufzubauen und einzurichten und dann noch entspannt baden zu gehen.<br \/>\nDie Tour w\u00fcrden wir jederzeit wieder fahren, wobei es mich das n\u00e4chste Mal eher wieder an die Theiss ziehen w\u00fcrde oder nach Italien, mit dem Rad nach Venedig h\u00e4tte auch was\u2026\u2026die Zeit wird es zeigen<\/p>\n<p style=\"text-align: center;\">\n<p style=\"text-align: center;\"><a title=\"Ungarn-Balatonszemes August 2015\" href=\"http:\/\/www.lindenhausen.de\/blog\/reiseberichte-landurlaub\/ungarn-zelten-am-balaton\/ungarn-balatonszemes-august-2015\/\">zum anschlie\u00dfendem Balaton-Urlaub geht es hier entlang \ud83d\ude42<\/a><\/p>\n","protected":false},"excerpt":{"rendered":"<p>Mittwoch 05.08. 7:00 starteten wir schon, der Tag sollte wieder Hitze bringen. Noch diskutierten wir dar\u00fcber wie weit wir heute fahren wollten, bis nach Balatonszemes oder doch bequem ab Keszthely mit dem Auto mitnehmen lassen. Je weiter wir auf den Balaton zukamen je w\u00e4rmer wurde es, ein paar Steigungen kamen noch dazu, wir qu\u00e4lten uns &hellip; <a href=\"http:\/\/www.lindenhausen.de\/blog\/reiseberichte-radreisen\/radwanderung-von-kelheim-an-den-balaton-sommer-2015\/borgata-heviz\/\" class=\"more-link\"><span class=\"screen-reader-text\">Borgata-Heviz<\/span> weiterlesen <span class=\"meta-nav\">&rarr;<\/span><\/a><\/p>\n","protected":false},"author":1,"featured_media":0,"parent":847,"menu_order":10,"comment_status":"open","ping_status":"open","template":"","meta":{"_monsterinsights_skip_tracking":false,"_monsterinsights_sitenote_active":false,"_monsterinsights_sitenote_note":"","_monsterinsights_sitenote_category":0},"yoast_head":"<!-- This site is optimized with the Yoast SEO plugin v21.0 - https:\/\/yoast.com\/wordpress\/plugins\/seo\/ -->\n<title>Borgata-Heviz - Lindenhausen-weil Reisen Spa\u00df macht<\/title>\n<meta name=\"robots\" content=\"index, follow, max-snippet:-1, max-image-preview:large, max-video-preview:-1\" \/>\n<link rel=\"canonical\" href=\"https:\/\/www.lindenhausen.de\/blog\/reiseberichte-radreisen\/radwanderung-von-kelheim-an-den-balaton-sommer-2015\/borgata-heviz\/\" \/>\n<meta property=\"og:locale\" content=\"de_DE\" \/>\n<meta property=\"og:type\" content=\"article\" \/>\n<meta property=\"og:title\" content=\"Borgata-Heviz - Lindenhausen-weil Reisen Spa\u00df macht\" \/>\n<meta property=\"og:description\" content=\"Mittwoch 05.08. 7:00 starteten wir schon, der Tag sollte wieder Hitze bringen. Noch diskutierten wir dar\u00fcber wie weit wir heute fahren wollten, bis nach Balatonszemes oder doch bequem ab Keszthely mit dem Auto mitnehmen lassen. Je weiter wir auf den Balaton zukamen je w\u00e4rmer wurde es, ein paar Steigungen kamen noch dazu, wir qu\u00e4lten uns &hellip; Borgata-Heviz weiterlesen &rarr;\" \/>\n<meta property=\"og:url\" content=\"https:\/\/www.lindenhausen.de\/blog\/reiseberichte-radreisen\/radwanderung-von-kelheim-an-den-balaton-sommer-2015\/borgata-heviz\/\" \/>\n<meta property=\"og:site_name\" content=\"Lindenhausen-weil Reisen Spa\u00df macht\" \/>\n<meta property=\"article:publisher\" content=\"http:\/\/www.facebook.com\/Lindenhausen\/\" \/>\n<meta property=\"article:modified_time\" content=\"2015-08-19T21:45:38+00:00\" \/>\n<meta property=\"og:image\" content=\"https:\/\/www.lindenhausen.de\/blog\/wp-content\/uploads\/2015\/08\/CIMG0861-300x225.jpg\" \/>\n<meta name=\"twitter:card\" content=\"summary_large_image\" \/>\n<meta name=\"twitter:site\" content=\"@Maxilinde\" \/>\n<meta name=\"twitter:label1\" content=\"Gesch\u00e4tzte Lesezeit\" \/>\n\t<meta name=\"twitter:data1\" content=\"1\u00a0Minute\" \/>\n<script type=\"application\/ld+json\" class=\"yoast-schema-graph\">{\"@context\":\"https:\/\/schema.org\",\"@graph\":[{\"@type\":\"WebPage\",\"@id\":\"https:\/\/www.lindenhausen.de\/blog\/reiseberichte-radreisen\/radwanderung-von-kelheim-an-den-balaton-sommer-2015\/borgata-heviz\/\",\"url\":\"https:\/\/www.lindenhausen.de\/blog\/reiseberichte-radreisen\/radwanderung-von-kelheim-an-den-balaton-sommer-2015\/borgata-heviz\/\",\"name\":\"Borgata-Heviz - Lindenhausen-weil Reisen Spa\u00df macht\",\"isPartOf\":{\"@id\":\"https:\/\/www.lindenhausen.de\/blog\/#website\"},\"datePublished\":\"2015-08-18T15:32:40+00:00\",\"dateModified\":\"2015-08-19T21:45:38+00:00\",\"breadcrumb\":{\"@id\":\"https:\/\/www.lindenhausen.de\/blog\/reiseberichte-radreisen\/radwanderung-von-kelheim-an-den-balaton-sommer-2015\/borgata-heviz\/#breadcrumb\"},\"inLanguage\":\"de\",\"potentialAction\":[{\"@type\":\"ReadAction\",\"target\":[\"https:\/\/www.lindenhausen.de\/blog\/reiseberichte-radreisen\/radwanderung-von-kelheim-an-den-balaton-sommer-2015\/borgata-heviz\/\"]}]},{\"@type\":\"BreadcrumbList\",\"@id\":\"https:\/\/www.lindenhausen.de\/blog\/reiseberichte-radreisen\/radwanderung-von-kelheim-an-den-balaton-sommer-2015\/borgata-heviz\/#breadcrumb\",\"itemListElement\":[{\"@type\":\"ListItem\",\"position\":1,\"name\":\"Startseite\",\"item\":\"https:\/\/www.lindenhausen.de\/blog\/\"},{\"@type\":\"ListItem\",\"position\":2,\"name\":\"Reiseberichte Radreisen\",\"item\":\"http:\/\/www.lindenhausen.de\/blog\/reiseberichte-radreisen\/\"},{\"@type\":\"ListItem\",\"position\":3,\"name\":\"Radwanderung-von Kelheim an den Balaton-Sommer 2015\",\"item\":\"http:\/\/www.lindenhausen.de\/blog\/reiseberichte-radreisen\/radwanderung-von-kelheim-an-den-balaton-sommer-2015\/\"},{\"@type\":\"ListItem\",\"position\":4,\"name\":\"Borgata-Heviz\"}]},{\"@type\":\"WebSite\",\"@id\":\"https:\/\/www.lindenhausen.de\/blog\/#website\",\"url\":\"https:\/\/www.lindenhausen.de\/blog\/\",\"name\":\"Lindenhausen-weil Reisen Spa\u00df macht\",\"description\":\"Reisen und Kreuzfahrten, Reiseberichte, Kreuzfahrtforum\",\"potentialAction\":[{\"@type\":\"SearchAction\",\"target\":{\"@type\":\"EntryPoint\",\"urlTemplate\":\"https:\/\/www.lindenhausen.de\/blog\/?s={search_term_string}\"},\"query-input\":\"required name=search_term_string\"}],\"inLanguage\":\"de\"}]}<\/script>\n<!-- \/ Yoast SEO plugin. -->","yoast_head_json":{"title":"Borgata-Heviz - Lindenhausen-weil Reisen Spa\u00df macht","robots":{"index":"index","follow":"follow","max-snippet":"max-snippet:-1","max-image-preview":"max-image-preview:large","max-video-preview":"max-video-preview:-1"},"canonical":"https:\/\/www.lindenhausen.de\/blog\/reiseberichte-radreisen\/radwanderung-von-kelheim-an-den-balaton-sommer-2015\/borgata-heviz\/","og_locale":"de_DE","og_type":"article","og_title":"Borgata-Heviz - Lindenhausen-weil Reisen Spa\u00df macht","og_description":"Mittwoch 05.08. 7:00 starteten wir schon, der Tag sollte wieder Hitze bringen. Noch diskutierten wir dar\u00fcber wie weit wir heute fahren wollten, bis nach Balatonszemes oder doch bequem ab Keszthely mit dem Auto mitnehmen lassen. Je weiter wir auf den Balaton zukamen je w\u00e4rmer wurde es, ein paar Steigungen kamen noch dazu, wir qu\u00e4lten uns &hellip; Borgata-Heviz weiterlesen &rarr;","og_url":"https:\/\/www.lindenhausen.de\/blog\/reiseberichte-radreisen\/radwanderung-von-kelheim-an-den-balaton-sommer-2015\/borgata-heviz\/","og_site_name":"Lindenhausen-weil Reisen Spa\u00df macht","article_publisher":"http:\/\/www.facebook.com\/Lindenhausen\/","article_modified_time":"2015-08-19T21:45:38+00:00","og_image":[{"url":"https:\/\/www.lindenhausen.de\/blog\/wp-content\/uploads\/2015\/08\/CIMG0861-300x225.jpg"}],"twitter_card":"summary_large_image","twitter_site":"@Maxilinde","twitter_misc":{"Gesch\u00e4tzte Lesezeit":"1\u00a0Minute"},"schema":{"@context":"https:\/\/schema.org","@graph":[{"@type":"WebPage","@id":"https:\/\/www.lindenhausen.de\/blog\/reiseberichte-radreisen\/radwanderung-von-kelheim-an-den-balaton-sommer-2015\/borgata-heviz\/","url":"https:\/\/www.lindenhausen.de\/blog\/reiseberichte-radreisen\/radwanderung-von-kelheim-an-den-balaton-sommer-2015\/borgata-heviz\/","name":"Borgata-Heviz - Lindenhausen-weil Reisen Spa\u00df macht","isPartOf":{"@id":"https:\/\/www.lindenhausen.de\/blog\/#website"},"datePublished":"2015-08-18T15:32:40+00:00","dateModified":"2015-08-19T21:45:38+00:00","breadcrumb":{"@id":"https:\/\/www.lindenhausen.de\/blog\/reiseberichte-radreisen\/radwanderung-von-kelheim-an-den-balaton-sommer-2015\/borgata-heviz\/#breadcrumb"},"inLanguage":"de","potentialAction":[{"@type":"ReadAction","target":["https:\/\/www.lindenhausen.de\/blog\/reiseberichte-radreisen\/radwanderung-von-kelheim-an-den-balaton-sommer-2015\/borgata-heviz\/"]}]},{"@type":"BreadcrumbList","@id":"https:\/\/www.lindenhausen.de\/blog\/reiseberichte-radreisen\/radwanderung-von-kelheim-an-den-balaton-sommer-2015\/borgata-heviz\/#breadcrumb","itemListElement":[{"@type":"ListItem","position":1,"name":"Startseite","item":"https:\/\/www.lindenhausen.de\/blog\/"},{"@type":"ListItem","position":2,"name":"Reiseberichte Radreisen","item":"http:\/\/www.lindenhausen.de\/blog\/reiseberichte-radreisen\/"},{"@type":"ListItem","position":3,"name":"Radwanderung-von Kelheim an den Balaton-Sommer 2015","item":"http:\/\/www.lindenhausen.de\/blog\/reiseberichte-radreisen\/radwanderung-von-kelheim-an-den-balaton-sommer-2015\/"},{"@type":"ListItem","position":4,"name":"Borgata-Heviz"}]},{"@type":"WebSite","@id":"https:\/\/www.lindenhausen.de\/blog\/#website","url":"https:\/\/www.lindenhausen.de\/blog\/","name":"Lindenhausen-weil Reisen Spa\u00df macht","description":"Reisen und Kreuzfahrten, Reiseberichte, Kreuzfahrtforum","potentialAction":[{"@type":"SearchAction","target":{"@type":"EntryPoint","urlTemplate":"https:\/\/www.lindenhausen.de\/blog\/?s={search_term_string}"},"query-input":"required name=search_term_string"}],"inLanguage":"de"}]}},"_links":{"self":[{"href":"http:\/\/www.lindenhausen.de\/blog\/wp-json\/wp\/v2\/pages\/975"}],"collection":[{"href":"http:\/\/www.lindenhausen.de\/blog\/wp-json\/wp\/v2\/pages"}],"about":[{"href":"http:\/\/www.lindenhausen.de\/blog\/wp-json\/wp\/v2\/types\/page"}],"author":[{"embeddable":true,"href":"http:\/\/www.lindenhausen.de\/blog\/wp-json\/wp\/v2\/users\/1"}],"replies":[{"embeddable":true,"href":"http:\/\/www.lindenhausen.de\/blog\/wp-json\/wp\/v2\/comments?post=975"}],"version-history":[{"count":2,"href":"http:\/\/www.lindenhausen.de\/blog\/wp-json\/wp\/v2\/pages\/975\/revisions"}],"predecessor-version":[{"id":1120,"href":"http:\/\/www.lindenhausen.de\/blog\/wp-json\/wp\/v2\/pages\/975\/revisions\/1120"}],"up":[{"embeddable":true,"href":"http:\/\/www.lindenhausen.de\/blog\/wp-json\/wp\/v2\/pages\/847"}],"wp:attachment":[{"href":"http:\/\/www.lindenhausen.de\/blog\/wp-json\/wp\/v2\/media?parent=975"}],"curies":[{"name":"wp","href":"https:\/\/api.w.org\/{rel}","templated":true}]}}