{"id":941,"date":"2015-08-18T13:31:42","date_gmt":"2015-08-18T11:31:42","guid":{"rendered":"http:\/\/www.lindenhausen.de\/blog\/?page_id=941"},"modified":"2015-08-19T23:42:52","modified_gmt":"2015-08-19T21:42:52","slug":"tulln-wien-sopron","status":"publish","type":"page","link":"http:\/\/www.lindenhausen.de\/blog\/reiseberichte-radreisen\/radwanderung-von-kelheim-an-den-balaton-sommer-2015\/tulln-wien-sopron\/","title":{"rendered":"Tulln-Wien-Sopron"},"content":{"rendered":"<p style=\"text-align: center;\">Mo.3.8.<\/p>\n<p style=\"text-align: center;\">Heute war eher Zugfahren angesagt.<br \/>\nVon Tulln ging es bequem mit der S-Bahn nach Wien zum Franz \u2013Josefs-Bahnhof, dann mit dem Rad quer durch Wien an den wichtigsten Sehensw\u00fcrdigkeiten vorbei,Pause am W\u00fcrstlstand, um dann in Meidling in den Zug nach Sopron wieder einzusteigen.<br \/>\nW\u00e4hrend es in der Stadt kein Problem mit dem Rad ist l\u00e4d Schlo\u00df Sch\u00f6nbrunn nicht gerade dazu ein es mit dem Rad zu besuchen. Kaum Radlst\u00e4nder und keinerlei M\u00f6glichkeit das Rad andereitig unterzubringen, mit Gep\u00e4ck schon gar nicht. Also warfen wir nur von weiten einen Blick auf das Schlo\u00df und fuhren weiter zum Bahnhof.<\/p>\n<div id='gallery-1' class='gallery galleryid-941 gallery-columns-2 gallery-size-medium'><figure class='gallery-item'>\n\t\t\t<div class='gallery-icon landscape'>\n\t\t\t\t<a href='http:\/\/www.lindenhausen.de\/blog\/reiseberichte-radreisen\/radwanderung-von-kelheim-an-den-balaton-sommer-2015\/tulln-wien-sopron\/cimg0824\/'><img width=\"300\" height=\"225\" src=\"http:\/\/www.lindenhausen.de\/blog\/wp-content\/uploads\/2015\/08\/CIMG0824-300x225.jpg\" class=\"attachment-medium size-medium\" alt=\"\" decoding=\"async\" loading=\"lazy\" srcset=\"http:\/\/www.lindenhausen.de\/blog\/wp-content\/uploads\/2015\/08\/CIMG0824-300x225.jpg 300w, http:\/\/www.lindenhausen.de\/blog\/wp-content\/uploads\/2015\/08\/CIMG0824-1024x768.jpg 1024w, http:\/\/www.lindenhausen.de\/blog\/wp-content\/uploads\/2015\/08\/CIMG0824-e1439892273401.jpg 900w\" sizes=\"(max-width: 300px) 100vw, 300px\" \/><\/a>\n\t\t\t<\/div><\/figure><figure class='gallery-item'>\n\t\t\t<div class='gallery-icon landscape'>\n\t\t\t\t<a href='http:\/\/www.lindenhausen.de\/blog\/reiseberichte-radreisen\/radwanderung-von-kelheim-an-den-balaton-sommer-2015\/tulln-wien-sopron\/cimg0826\/'><img width=\"300\" height=\"225\" src=\"http:\/\/www.lindenhausen.de\/blog\/wp-content\/uploads\/2015\/08\/CIMG0826-300x225.jpg\" class=\"attachment-medium size-medium\" alt=\"\" decoding=\"async\" loading=\"lazy\" srcset=\"http:\/\/www.lindenhausen.de\/blog\/wp-content\/uploads\/2015\/08\/CIMG0826-300x225.jpg 300w, http:\/\/www.lindenhausen.de\/blog\/wp-content\/uploads\/2015\/08\/CIMG0826-1024x768.jpg 1024w, http:\/\/www.lindenhausen.de\/blog\/wp-content\/uploads\/2015\/08\/CIMG0826-e1439892258335.jpg 900w\" sizes=\"(max-width: 300px) 100vw, 300px\" \/><\/a>\n\t\t\t<\/div><\/figure><figure class='gallery-item'>\n\t\t\t<div class='gallery-icon landscape'>\n\t\t\t\t<a href='http:\/\/www.lindenhausen.de\/blog\/reiseberichte-radreisen\/radwanderung-von-kelheim-an-den-balaton-sommer-2015\/tulln-wien-sopron\/cimg0828\/'><img width=\"300\" height=\"225\" src=\"http:\/\/www.lindenhausen.de\/blog\/wp-content\/uploads\/2015\/08\/CIMG0828-300x225.jpg\" class=\"attachment-medium size-medium\" alt=\"\" decoding=\"async\" loading=\"lazy\" srcset=\"http:\/\/www.lindenhausen.de\/blog\/wp-content\/uploads\/2015\/08\/CIMG0828-300x225.jpg 300w, http:\/\/www.lindenhausen.de\/blog\/wp-content\/uploads\/2015\/08\/CIMG0828-1024x768.jpg 1024w, http:\/\/www.lindenhausen.de\/blog\/wp-content\/uploads\/2015\/08\/CIMG0828-e1439892241411.jpg 900w\" sizes=\"(max-width: 300px) 100vw, 300px\" \/><\/a>\n\t\t\t<\/div><\/figure><figure class='gallery-item'>\n\t\t\t<div class='gallery-icon portrait'>\n\t\t\t\t<a href='http:\/\/www.lindenhausen.de\/blog\/reiseberichte-radreisen\/radwanderung-von-kelheim-an-den-balaton-sommer-2015\/tulln-wien-sopron\/img_6337\/'><img width=\"225\" height=\"300\" src=\"http:\/\/www.lindenhausen.de\/blog\/wp-content\/uploads\/2015\/08\/IMG_6337-e1439891877558-225x300.jpg\" class=\"attachment-medium size-medium\" alt=\"\" decoding=\"async\" loading=\"lazy\" srcset=\"http:\/\/www.lindenhausen.de\/blog\/wp-content\/uploads\/2015\/08\/IMG_6337-e1439891877558-225x300.jpg 225w, http:\/\/www.lindenhausen.de\/blog\/wp-content\/uploads\/2015\/08\/IMG_6337-e1439891877558.jpg 675w\" sizes=\"(max-width: 225px) 100vw, 225px\" \/><\/a>\n\t\t\t<\/div><\/figure><figure class='gallery-item'>\n\t\t\t<div class='gallery-icon landscape'>\n\t\t\t\t<a href='http:\/\/www.lindenhausen.de\/blog\/reiseberichte-radreisen\/radwanderung-von-kelheim-an-den-balaton-sommer-2015\/tulln-wien-sopron\/cimg0830\/'><img width=\"300\" height=\"225\" src=\"http:\/\/www.lindenhausen.de\/blog\/wp-content\/uploads\/2015\/08\/CIMG0830-300x225.jpg\" class=\"attachment-medium size-medium\" alt=\"\" decoding=\"async\" loading=\"lazy\" srcset=\"http:\/\/www.lindenhausen.de\/blog\/wp-content\/uploads\/2015\/08\/CIMG0830-300x225.jpg 300w, http:\/\/www.lindenhausen.de\/blog\/wp-content\/uploads\/2015\/08\/CIMG0830-1024x768.jpg 1024w, http:\/\/www.lindenhausen.de\/blog\/wp-content\/uploads\/2015\/08\/CIMG0830-e1439892214555.jpg 900w\" sizes=\"(max-width: 300px) 100vw, 300px\" \/><\/a>\n\t\t\t<\/div><\/figure>\n\t\t<\/div>\n\n<p style=\"text-align: center;\">Der Zug nach Sopron war p\u00fcnktlich und schon ein St\u00fcndchen sp\u00e4ter fanden wir uns in der Altstadt von Sopron wieder.<br \/>\nSeit Jahren fahren wir hier nur mit dem Auto vorbei, auch mit dem Rad kommt man halt von Neusiedlersee nicht hierher wenn man zum Balaton unterwegs ist. Und so entdeckten wir diese h\u00fcbsche Stadt f\u00fcr uns, zum Teil wieder wunderbar restauriert.<br \/>\nDas erste ungarische Essen wartete, wir genossen das Gef\u00fchl wieder \u201edaheim\u201c zu sein.<\/p>\n<div id='gallery-2' class='gallery galleryid-941 gallery-columns-2 gallery-size-medium'><figure class='gallery-item'>\n\t\t\t<div class='gallery-icon portrait'>\n\t\t\t\t<a href='http:\/\/www.lindenhausen.de\/blog\/reiseberichte-radreisen\/radwanderung-von-kelheim-an-den-balaton-sommer-2015\/tulln-wien-sopron\/cimg0832\/'><img width=\"225\" height=\"300\" src=\"http:\/\/www.lindenhausen.de\/blog\/wp-content\/uploads\/2015\/08\/CIMG0832-e1439892199676-225x300.jpg\" class=\"attachment-medium size-medium\" alt=\"\" decoding=\"async\" loading=\"lazy\" srcset=\"http:\/\/www.lindenhausen.de\/blog\/wp-content\/uploads\/2015\/08\/CIMG0832-e1439892199676-225x300.jpg 225w, http:\/\/www.lindenhausen.de\/blog\/wp-content\/uploads\/2015\/08\/CIMG0832-e1439892199676.jpg 675w\" sizes=\"(max-width: 225px) 100vw, 225px\" \/><\/a>\n\t\t\t<\/div><\/figure><figure class='gallery-item'>\n\t\t\t<div class='gallery-icon landscape'>\n\t\t\t\t<a href='http:\/\/www.lindenhausen.de\/blog\/reiseberichte-radreisen\/radwanderung-von-kelheim-an-den-balaton-sommer-2015\/tulln-wien-sopron\/cimg0833\/'><img width=\"300\" height=\"225\" src=\"http:\/\/www.lindenhausen.de\/blog\/wp-content\/uploads\/2015\/08\/CIMG0833-300x225.jpg\" class=\"attachment-medium size-medium\" alt=\"\" decoding=\"async\" loading=\"lazy\" srcset=\"http:\/\/www.lindenhausen.de\/blog\/wp-content\/uploads\/2015\/08\/CIMG0833-300x225.jpg 300w, http:\/\/www.lindenhausen.de\/blog\/wp-content\/uploads\/2015\/08\/CIMG0833-1024x768.jpg 1024w, http:\/\/www.lindenhausen.de\/blog\/wp-content\/uploads\/2015\/08\/CIMG0833-e1439892178175.jpg 900w\" sizes=\"(max-width: 300px) 100vw, 300px\" \/><\/a>\n\t\t\t<\/div><\/figure><figure class='gallery-item'>\n\t\t\t<div class='gallery-icon landscape'>\n\t\t\t\t<a href='http:\/\/www.lindenhausen.de\/blog\/reiseberichte-radreisen\/radwanderung-von-kelheim-an-den-balaton-sommer-2015\/tulln-wien-sopron\/cimg0838\/'><img width=\"300\" height=\"225\" src=\"http:\/\/www.lindenhausen.de\/blog\/wp-content\/uploads\/2015\/08\/CIMG0838-300x225.jpg\" class=\"attachment-medium size-medium\" alt=\"\" decoding=\"async\" loading=\"lazy\" srcset=\"http:\/\/www.lindenhausen.de\/blog\/wp-content\/uploads\/2015\/08\/CIMG0838-300x225.jpg 300w, http:\/\/www.lindenhausen.de\/blog\/wp-content\/uploads\/2015\/08\/CIMG0838-1024x768.jpg 1024w, http:\/\/www.lindenhausen.de\/blog\/wp-content\/uploads\/2015\/08\/CIMG0838-e1439891995456.jpg 900w\" sizes=\"(max-width: 300px) 100vw, 300px\" \/><\/a>\n\t\t\t<\/div><\/figure><figure class='gallery-item'>\n\t\t\t<div class='gallery-icon portrait'>\n\t\t\t\t<a href='http:\/\/www.lindenhausen.de\/blog\/reiseberichte-radreisen\/radwanderung-von-kelheim-an-den-balaton-sommer-2015\/tulln-wien-sopron\/cimg0841\/'><img width=\"225\" height=\"300\" src=\"http:\/\/www.lindenhausen.de\/blog\/wp-content\/uploads\/2015\/08\/CIMG0841-e1439891984307-225x300.jpg\" class=\"attachment-medium size-medium\" alt=\"\" decoding=\"async\" loading=\"lazy\" srcset=\"http:\/\/www.lindenhausen.de\/blog\/wp-content\/uploads\/2015\/08\/CIMG0841-e1439891984307-225x300.jpg 225w, http:\/\/www.lindenhausen.de\/blog\/wp-content\/uploads\/2015\/08\/CIMG0841-e1439891984307.jpg 675w\" sizes=\"(max-width: 225px) 100vw, 225px\" \/><\/a>\n\t\t\t<\/div><\/figure>\n\t\t<\/div>\n\n<p style=\"text-align: center;\">Leider erwartete uns das Radl meines Mannes dann mit einem Platten, er machte sich ans flicken, durch nette Passanten erfuhren wir das es 200m weiter in einer kleinen Seitengasse einen Fahrradladen gibt und so konnte schnell Abhilfe geschaffen werden.<\/p>\n<p style=\"text-align: center;\"><a href=\"http:\/\/www.lindenhausen.de\/blog\/wp-content\/uploads\/2015\/08\/CIMG0843-e1439891943678.jpg\"><img decoding=\"async\" loading=\"lazy\" class=\"alignnone size-medium wp-image-951\" src=\"http:\/\/www.lindenhausen.de\/blog\/wp-content\/uploads\/2015\/08\/CIMG0843-e1439891943678-225x300.jpg\" alt=\"Panne2\" width=\"225\" height=\"300\" srcset=\"http:\/\/www.lindenhausen.de\/blog\/wp-content\/uploads\/2015\/08\/CIMG0843-e1439891943678-225x300.jpg 225w, http:\/\/www.lindenhausen.de\/blog\/wp-content\/uploads\/2015\/08\/CIMG0843-e1439891943678.jpg 675w\" sizes=\"(max-width: 225px) 100vw, 225px\" \/><\/a><br \/>\n\u00c4rgerlicherweise hinkte die ungarische Velokarte auf dem Garmin der aktuellen Realit\u00e4t hinterher und so endete der kleine Weg der uns aus der Stadt f\u00fchren sollte im Nirvana. Also ab auf die Hauptstra\u00dfe und von dort aus wieder Anschluss an die geplante Route nach Hegyk\u00f6 finden, was uns dann auch gelang.<br \/>\nDie letzten 17km waren dann schnell gefahren, nach Sopron in Richtung Fert\u00f6d geht es bergab.<br \/>\nIm <a href=\"http:\/\/www.saratermal.hu\/home\" target=\"_blank\">Thermalbad<\/a> gingen wir ersteinmal in Ruhe baden, nach der Anstrengung der letzten Tage eine Wohltat.<br \/>\nDa wir hier schon ein paarmal waren fanden wir auch schnell ein passendes Restaurant wo wir den Tag bei Gulaschsuppe und Fischsuppe mit dem passenden Rotwein beendeten.<\/p>\n<div id='gallery-3' class='gallery galleryid-941 gallery-columns-2 gallery-size-medium'><figure class='gallery-item'>\n\t\t\t<div class='gallery-icon landscape'>\n\t\t\t\t<a href='http:\/\/www.lindenhausen.de\/blog\/reiseberichte-radreisen\/radwanderung-von-kelheim-an-den-balaton-sommer-2015\/tulln-wien-sopron\/cimg0844\/'><img width=\"300\" height=\"225\" src=\"http:\/\/www.lindenhausen.de\/blog\/wp-content\/uploads\/2015\/08\/CIMG0844-300x225.jpg\" class=\"attachment-medium size-medium\" alt=\"\" decoding=\"async\" loading=\"lazy\" srcset=\"http:\/\/www.lindenhausen.de\/blog\/wp-content\/uploads\/2015\/08\/CIMG0844-300x225.jpg 300w, http:\/\/www.lindenhausen.de\/blog\/wp-content\/uploads\/2015\/08\/CIMG0844-1024x768.jpg 1024w, http:\/\/www.lindenhausen.de\/blog\/wp-content\/uploads\/2015\/08\/CIMG0844-e1439891924322.jpg 900w\" sizes=\"(max-width: 300px) 100vw, 300px\" \/><\/a>\n\t\t\t<\/div><\/figure><figure class='gallery-item'>\n\t\t\t<div class='gallery-icon landscape'>\n\t\t\t\t<a href='http:\/\/www.lindenhausen.de\/blog\/reiseberichte-radreisen\/radwanderung-von-kelheim-an-den-balaton-sommer-2015\/tulln-wien-sopron\/cimg0845\/'><img width=\"300\" height=\"225\" src=\"http:\/\/www.lindenhausen.de\/blog\/wp-content\/uploads\/2015\/08\/CIMG0845-300x225.jpg\" class=\"attachment-medium size-medium\" alt=\"\" decoding=\"async\" loading=\"lazy\" srcset=\"http:\/\/www.lindenhausen.de\/blog\/wp-content\/uploads\/2015\/08\/CIMG0845-300x225.jpg 300w, http:\/\/www.lindenhausen.de\/blog\/wp-content\/uploads\/2015\/08\/CIMG0845-1024x768.jpg 1024w, http:\/\/www.lindenhausen.de\/blog\/wp-content\/uploads\/2015\/08\/CIMG0845-e1439891907587.jpg 900w\" sizes=\"(max-width: 300px) 100vw, 300px\" \/><\/a>\n\t\t\t<\/div><\/figure><figure class='gallery-item'>\n\t\t\t<div class='gallery-icon landscape'>\n\t\t\t\t<a href='http:\/\/www.lindenhausen.de\/blog\/reiseberichte-radreisen\/radwanderung-von-kelheim-an-den-balaton-sommer-2015\/tulln-wien-sopron\/cimg0846\/'><img width=\"300\" height=\"225\" src=\"http:\/\/www.lindenhausen.de\/blog\/wp-content\/uploads\/2015\/08\/CIMG0846-300x225.jpg\" class=\"attachment-medium size-medium\" alt=\"\" decoding=\"async\" loading=\"lazy\" srcset=\"http:\/\/www.lindenhausen.de\/blog\/wp-content\/uploads\/2015\/08\/CIMG0846-300x225.jpg 300w, http:\/\/www.lindenhausen.de\/blog\/wp-content\/uploads\/2015\/08\/CIMG0846-1024x768.jpg 1024w, http:\/\/www.lindenhausen.de\/blog\/wp-content\/uploads\/2015\/08\/CIMG0846-e1439891892528.jpg 900w\" sizes=\"(max-width: 300px) 100vw, 300px\" \/><\/a>\n\t\t\t<\/div><\/figure><figure class='gallery-item'>\n\t\t\t<div class='gallery-icon portrait'>\n\t\t\t\t<a href='http:\/\/www.lindenhausen.de\/blog\/reiseberichte-radreisen\/radwanderung-von-kelheim-an-den-balaton-sommer-2015\/tulln-wien-sopron\/img_6349\/'><img width=\"225\" height=\"300\" src=\"http:\/\/www.lindenhausen.de\/blog\/wp-content\/uploads\/2015\/08\/IMG_6349-225x300.jpg\" class=\"attachment-medium size-medium\" alt=\"\" decoding=\"async\" loading=\"lazy\" srcset=\"http:\/\/www.lindenhausen.de\/blog\/wp-content\/uploads\/2015\/08\/IMG_6349-225x300.jpg 225w, http:\/\/www.lindenhausen.de\/blog\/wp-content\/uploads\/2015\/08\/IMG_6349-768x1024.jpg 768w, http:\/\/www.lindenhausen.de\/blog\/wp-content\/uploads\/2015\/08\/IMG_6349-e1439891319616.jpg 675w\" sizes=\"(max-width: 225px) 100vw, 225px\" \/><\/a>\n\t\t\t<\/div><\/figure>\n\t\t<\/div>\n\n<p style=\"text-align: center;\"><a title=\"Hegyk\u00f6-Borgata-F\u00fcrd\u00f6\" href=\"http:\/\/www.lindenhausen.de\/blog\/reiseberichte-radreisen\/radwanderung-von-kelheim-an-den-balaton-sommer-2015\/hegykoe-borgata-fuerdoe\/\">weiter gehts hier \ud83d\ude42<\/a><\/p>\n","protected":false},"excerpt":{"rendered":"<p>Mo.3.8. Heute war eher Zugfahren angesagt. Von Tulln ging es bequem mit der S-Bahn nach Wien zum Franz \u2013Josefs-Bahnhof, dann mit dem Rad quer durch Wien an den wichtigsten Sehensw\u00fcrdigkeiten vorbei,Pause am W\u00fcrstlstand, um dann in Meidling in den Zug nach Sopron wieder einzusteigen. W\u00e4hrend es in der Stadt kein Problem mit dem Rad ist &hellip; <a href=\"http:\/\/www.lindenhausen.de\/blog\/reiseberichte-radreisen\/radwanderung-von-kelheim-an-den-balaton-sommer-2015\/tulln-wien-sopron\/\" class=\"more-link\"><span class=\"screen-reader-text\">Tulln-Wien-Sopron<\/span> weiterlesen <span class=\"meta-nav\">&rarr;<\/span><\/a><\/p>\n","protected":false},"author":1,"featured_media":0,"parent":847,"menu_order":7,"comment_status":"open","ping_status":"open","template":"","meta":{"_monsterinsights_skip_tracking":false,"_monsterinsights_sitenote_active":false,"_monsterinsights_sitenote_note":"","_monsterinsights_sitenote_category":0},"yoast_head":"<!-- This site is optimized with the Yoast SEO plugin v21.0 - https:\/\/yoast.com\/wordpress\/plugins\/seo\/ -->\n<title>Tulln-Wien-Sopron - Lindenhausen-weil Reisen Spa\u00df macht<\/title>\n<meta name=\"robots\" content=\"index, follow, max-snippet:-1, max-image-preview:large, max-video-preview:-1\" \/>\n<link rel=\"canonical\" href=\"http:\/\/www.lindenhausen.de\/blog\/reiseberichte-radreisen\/radwanderung-von-kelheim-an-den-balaton-sommer-2015\/tulln-wien-sopron\/\" \/>\n<meta property=\"og:locale\" content=\"de_DE\" \/>\n<meta property=\"og:type\" content=\"article\" \/>\n<meta property=\"og:title\" content=\"Tulln-Wien-Sopron - Lindenhausen-weil Reisen Spa\u00df macht\" \/>\n<meta property=\"og:description\" content=\"Mo.3.8. Heute war eher Zugfahren angesagt. Von Tulln ging es bequem mit der S-Bahn nach Wien zum Franz \u2013Josefs-Bahnhof, dann mit dem Rad quer durch Wien an den wichtigsten Sehensw\u00fcrdigkeiten vorbei,Pause am W\u00fcrstlstand, um dann in Meidling in den Zug nach Sopron wieder einzusteigen. W\u00e4hrend es in der Stadt kein Problem mit dem Rad ist &hellip; Tulln-Wien-Sopron weiterlesen &rarr;\" \/>\n<meta property=\"og:url\" content=\"http:\/\/www.lindenhausen.de\/blog\/reiseberichte-radreisen\/radwanderung-von-kelheim-an-den-balaton-sommer-2015\/tulln-wien-sopron\/\" \/>\n<meta property=\"og:site_name\" content=\"Lindenhausen-weil Reisen Spa\u00df macht\" \/>\n<meta property=\"article:publisher\" content=\"http:\/\/www.facebook.com\/Lindenhausen\/\" \/>\n<meta property=\"article:modified_time\" content=\"2015-08-19T21:42:52+00:00\" \/>\n<meta property=\"og:image\" content=\"http:\/\/www.lindenhausen.de\/blog\/wp-content\/uploads\/2015\/08\/CIMG0824-300x225.jpg\" \/>\n<meta name=\"twitter:card\" content=\"summary_large_image\" \/>\n<meta name=\"twitter:site\" content=\"@Maxilinde\" \/>\n<meta name=\"twitter:label1\" content=\"Gesch\u00e4tzte Lesezeit\" \/>\n\t<meta name=\"twitter:data1\" content=\"2\u00a0Minuten\" \/>\n<script type=\"application\/ld+json\" class=\"yoast-schema-graph\">{\"@context\":\"https:\/\/schema.org\",\"@graph\":[{\"@type\":\"WebPage\",\"@id\":\"http:\/\/www.lindenhausen.de\/blog\/reiseberichte-radreisen\/radwanderung-von-kelheim-an-den-balaton-sommer-2015\/tulln-wien-sopron\/\",\"url\":\"http:\/\/www.lindenhausen.de\/blog\/reiseberichte-radreisen\/radwanderung-von-kelheim-an-den-balaton-sommer-2015\/tulln-wien-sopron\/\",\"name\":\"Tulln-Wien-Sopron - Lindenhausen-weil Reisen Spa\u00df macht\",\"isPartOf\":{\"@id\":\"https:\/\/www.lindenhausen.de\/blog\/#website\"},\"datePublished\":\"2015-08-18T11:31:42+00:00\",\"dateModified\":\"2015-08-19T21:42:52+00:00\",\"breadcrumb\":{\"@id\":\"http:\/\/www.lindenhausen.de\/blog\/reiseberichte-radreisen\/radwanderung-von-kelheim-an-den-balaton-sommer-2015\/tulln-wien-sopron\/#breadcrumb\"},\"inLanguage\":\"de\",\"potentialAction\":[{\"@type\":\"ReadAction\",\"target\":[\"http:\/\/www.lindenhausen.de\/blog\/reiseberichte-radreisen\/radwanderung-von-kelheim-an-den-balaton-sommer-2015\/tulln-wien-sopron\/\"]}]},{\"@type\":\"BreadcrumbList\",\"@id\":\"http:\/\/www.lindenhausen.de\/blog\/reiseberichte-radreisen\/radwanderung-von-kelheim-an-den-balaton-sommer-2015\/tulln-wien-sopron\/#breadcrumb\",\"itemListElement\":[{\"@type\":\"ListItem\",\"position\":1,\"name\":\"Startseite\",\"item\":\"https:\/\/www.lindenhausen.de\/blog\/\"},{\"@type\":\"ListItem\",\"position\":2,\"name\":\"Reiseberichte Radreisen\",\"item\":\"http:\/\/www.lindenhausen.de\/blog\/reiseberichte-radreisen\/\"},{\"@type\":\"ListItem\",\"position\":3,\"name\":\"Radwanderung-von Kelheim an den Balaton-Sommer 2015\",\"item\":\"http:\/\/www.lindenhausen.de\/blog\/reiseberichte-radreisen\/radwanderung-von-kelheim-an-den-balaton-sommer-2015\/\"},{\"@type\":\"ListItem\",\"position\":4,\"name\":\"Tulln-Wien-Sopron\"}]},{\"@type\":\"WebSite\",\"@id\":\"https:\/\/www.lindenhausen.de\/blog\/#website\",\"url\":\"https:\/\/www.lindenhausen.de\/blog\/\",\"name\":\"Lindenhausen-weil Reisen Spa\u00df macht\",\"description\":\"Reisen und Kreuzfahrten, Reiseberichte, Kreuzfahrtforum\",\"potentialAction\":[{\"@type\":\"SearchAction\",\"target\":{\"@type\":\"EntryPoint\",\"urlTemplate\":\"https:\/\/www.lindenhausen.de\/blog\/?s={search_term_string}\"},\"query-input\":\"required name=search_term_string\"}],\"inLanguage\":\"de\"}]}<\/script>\n<!-- \/ Yoast SEO plugin. -->","yoast_head_json":{"title":"Tulln-Wien-Sopron - Lindenhausen-weil Reisen Spa\u00df macht","robots":{"index":"index","follow":"follow","max-snippet":"max-snippet:-1","max-image-preview":"max-image-preview:large","max-video-preview":"max-video-preview:-1"},"canonical":"http:\/\/www.lindenhausen.de\/blog\/reiseberichte-radreisen\/radwanderung-von-kelheim-an-den-balaton-sommer-2015\/tulln-wien-sopron\/","og_locale":"de_DE","og_type":"article","og_title":"Tulln-Wien-Sopron - Lindenhausen-weil Reisen Spa\u00df macht","og_description":"Mo.3.8. Heute war eher Zugfahren angesagt. Von Tulln ging es bequem mit der S-Bahn nach Wien zum Franz \u2013Josefs-Bahnhof, dann mit dem Rad quer durch Wien an den wichtigsten Sehensw\u00fcrdigkeiten vorbei,Pause am W\u00fcrstlstand, um dann in Meidling in den Zug nach Sopron wieder einzusteigen. W\u00e4hrend es in der Stadt kein Problem mit dem Rad ist &hellip; Tulln-Wien-Sopron weiterlesen &rarr;","og_url":"http:\/\/www.lindenhausen.de\/blog\/reiseberichte-radreisen\/radwanderung-von-kelheim-an-den-balaton-sommer-2015\/tulln-wien-sopron\/","og_site_name":"Lindenhausen-weil Reisen Spa\u00df macht","article_publisher":"http:\/\/www.facebook.com\/Lindenhausen\/","article_modified_time":"2015-08-19T21:42:52+00:00","og_image":[{"url":"http:\/\/www.lindenhausen.de\/blog\/wp-content\/uploads\/2015\/08\/CIMG0824-300x225.jpg"}],"twitter_card":"summary_large_image","twitter_site":"@Maxilinde","twitter_misc":{"Gesch\u00e4tzte Lesezeit":"2\u00a0Minuten"},"schema":{"@context":"https:\/\/schema.org","@graph":[{"@type":"WebPage","@id":"http:\/\/www.lindenhausen.de\/blog\/reiseberichte-radreisen\/radwanderung-von-kelheim-an-den-balaton-sommer-2015\/tulln-wien-sopron\/","url":"http:\/\/www.lindenhausen.de\/blog\/reiseberichte-radreisen\/radwanderung-von-kelheim-an-den-balaton-sommer-2015\/tulln-wien-sopron\/","name":"Tulln-Wien-Sopron - Lindenhausen-weil Reisen Spa\u00df macht","isPartOf":{"@id":"https:\/\/www.lindenhausen.de\/blog\/#website"},"datePublished":"2015-08-18T11:31:42+00:00","dateModified":"2015-08-19T21:42:52+00:00","breadcrumb":{"@id":"http:\/\/www.lindenhausen.de\/blog\/reiseberichte-radreisen\/radwanderung-von-kelheim-an-den-balaton-sommer-2015\/tulln-wien-sopron\/#breadcrumb"},"inLanguage":"de","potentialAction":[{"@type":"ReadAction","target":["http:\/\/www.lindenhausen.de\/blog\/reiseberichte-radreisen\/radwanderung-von-kelheim-an-den-balaton-sommer-2015\/tulln-wien-sopron\/"]}]},{"@type":"BreadcrumbList","@id":"http:\/\/www.lindenhausen.de\/blog\/reiseberichte-radreisen\/radwanderung-von-kelheim-an-den-balaton-sommer-2015\/tulln-wien-sopron\/#breadcrumb","itemListElement":[{"@type":"ListItem","position":1,"name":"Startseite","item":"https:\/\/www.lindenhausen.de\/blog\/"},{"@type":"ListItem","position":2,"name":"Reiseberichte Radreisen","item":"http:\/\/www.lindenhausen.de\/blog\/reiseberichte-radreisen\/"},{"@type":"ListItem","position":3,"name":"Radwanderung-von Kelheim an den Balaton-Sommer 2015","item":"http:\/\/www.lindenhausen.de\/blog\/reiseberichte-radreisen\/radwanderung-von-kelheim-an-den-balaton-sommer-2015\/"},{"@type":"ListItem","position":4,"name":"Tulln-Wien-Sopron"}]},{"@type":"WebSite","@id":"https:\/\/www.lindenhausen.de\/blog\/#website","url":"https:\/\/www.lindenhausen.de\/blog\/","name":"Lindenhausen-weil Reisen Spa\u00df macht","description":"Reisen und Kreuzfahrten, Reiseberichte, Kreuzfahrtforum","potentialAction":[{"@type":"SearchAction","target":{"@type":"EntryPoint","urlTemplate":"https:\/\/www.lindenhausen.de\/blog\/?s={search_term_string}"},"query-input":"required name=search_term_string"}],"inLanguage":"de"}]}},"_links":{"self":[{"href":"http:\/\/www.lindenhausen.de\/blog\/wp-json\/wp\/v2\/pages\/941"}],"collection":[{"href":"http:\/\/www.lindenhausen.de\/blog\/wp-json\/wp\/v2\/pages"}],"about":[{"href":"http:\/\/www.lindenhausen.de\/blog\/wp-json\/wp\/v2\/types\/page"}],"author":[{"embeddable":true,"href":"http:\/\/www.lindenhausen.de\/blog\/wp-json\/wp\/v2\/users\/1"}],"replies":[{"embeddable":true,"href":"http:\/\/www.lindenhausen.de\/blog\/wp-json\/wp\/v2\/comments?post=941"}],"version-history":[{"count":4,"href":"http:\/\/www.lindenhausen.de\/blog\/wp-json\/wp\/v2\/pages\/941\/revisions"}],"predecessor-version":[{"id":1118,"href":"http:\/\/www.lindenhausen.de\/blog\/wp-json\/wp\/v2\/pages\/941\/revisions\/1118"}],"up":[{"embeddable":true,"href":"http:\/\/www.lindenhausen.de\/blog\/wp-json\/wp\/v2\/pages\/847"}],"wp:attachment":[{"href":"http:\/\/www.lindenhausen.de\/blog\/wp-json\/wp\/v2\/media?parent=941"}],"curies":[{"name":"wp","href":"https:\/\/api.w.org\/{rel}","templated":true}]}}