{"id":922,"date":"2015-08-18T10:46:45","date_gmt":"2015-08-18T08:46:45","guid":{"rendered":"http:\/\/www.lindenhausen.de\/blog\/?page_id=922"},"modified":"2015-08-19T23:40:58","modified_gmt":"2015-08-19T21:40:58","slug":"aggsbach-markt-wachau-tulln","status":"publish","type":"page","link":"http:\/\/www.lindenhausen.de\/blog\/reiseberichte-radreisen\/radwanderung-von-kelheim-an-den-balaton-sommer-2015\/aggsbach-markt-wachau-tulln\/","title":{"rendered":"Aggsbach-Markt-Wachau-Tulln"},"content":{"rendered":"<p style=\"text-align: center;\">Sonntag 2.8.<br \/>\nWir wurden recht fr\u00fch munter, erst trommelte der Regen aufs Zelt, dann reiste auf dem Wohnmobilstellplatz jemand ab und alle anderen rutschten nah um den Platz am Donauufer zu ergattern.<br \/>\nAlso war 6 Uhr die Nacht vorbei und ich mir sicher das ein Wohnmobil keine Heimstatt f\u00fcr mich wird.<\/p>\n<p style=\"text-align: center;\"><a href=\"http:\/\/www.lindenhausen.de\/blog\/wp-content\/uploads\/2015\/08\/CIMG0797-e1439887256865.jpg\"><img decoding=\"async\" loading=\"lazy\" class=\"alignnone size-large wp-image-923\" src=\"http:\/\/www.lindenhausen.de\/blog\/wp-content\/uploads\/2015\/08\/CIMG0797-1024x768.jpg\" alt=\"Womo-stellplatz\" width=\"604\" height=\"453\" \/><\/a><br \/>\nTrocken zusammenbauen war keine Option, also packten wir ein und fuhren los, statt sonniger Wachau gab es heute Regenwolken und Nebel, dennoch ein wunderbarer Anblick, die Donau mitten zwischen Weinbergen und h\u00fcbschen kleinen D\u00f6rfern.<\/p>\n<div id='gallery-1' class='gallery galleryid-922 gallery-columns-2 gallery-size-medium'><figure class='gallery-item'>\n\t\t\t<div class='gallery-icon landscape'>\n\t\t\t\t<a href='http:\/\/www.lindenhausen.de\/blog\/reiseberichte-radreisen\/radwanderung-von-kelheim-an-den-balaton-sommer-2015\/aggsbach-markt-wachau-tulln\/cimg0800\/'><img width=\"300\" height=\"225\" src=\"http:\/\/www.lindenhausen.de\/blog\/wp-content\/uploads\/2015\/08\/CIMG0800-300x225.jpg\" class=\"attachment-medium size-medium\" alt=\"\" decoding=\"async\" loading=\"lazy\" srcset=\"http:\/\/www.lindenhausen.de\/blog\/wp-content\/uploads\/2015\/08\/CIMG0800-300x225.jpg 300w, http:\/\/www.lindenhausen.de\/blog\/wp-content\/uploads\/2015\/08\/CIMG0800-1024x768.jpg 1024w, http:\/\/www.lindenhausen.de\/blog\/wp-content\/uploads\/2015\/08\/CIMG0800-e1439887239667.jpg 900w\" sizes=\"(max-width: 300px) 100vw, 300px\" \/><\/a>\n\t\t\t<\/div><\/figure><figure class='gallery-item'>\n\t\t\t<div class='gallery-icon landscape'>\n\t\t\t\t<a href='http:\/\/www.lindenhausen.de\/blog\/reiseberichte-radreisen\/radwanderung-von-kelheim-an-den-balaton-sommer-2015\/aggsbach-markt-wachau-tulln\/cimg0802\/'><img width=\"300\" height=\"225\" src=\"http:\/\/www.lindenhausen.de\/blog\/wp-content\/uploads\/2015\/08\/CIMG0802-300x225.jpg\" class=\"attachment-medium size-medium\" alt=\"\" decoding=\"async\" loading=\"lazy\" srcset=\"http:\/\/www.lindenhausen.de\/blog\/wp-content\/uploads\/2015\/08\/CIMG0802-300x225.jpg 300w, http:\/\/www.lindenhausen.de\/blog\/wp-content\/uploads\/2015\/08\/CIMG0802-1024x768.jpg 1024w, http:\/\/www.lindenhausen.de\/blog\/wp-content\/uploads\/2015\/08\/CIMG0802-e1439887219134.jpg 900w\" sizes=\"(max-width: 300px) 100vw, 300px\" \/><\/a>\n\t\t\t<\/div><\/figure><figure class='gallery-item'>\n\t\t\t<div class='gallery-icon landscape'>\n\t\t\t\t<a href='http:\/\/www.lindenhausen.de\/blog\/reiseberichte-radreisen\/radwanderung-von-kelheim-an-den-balaton-sommer-2015\/aggsbach-markt-wachau-tulln\/cimg0805\/'><img width=\"300\" height=\"225\" src=\"http:\/\/www.lindenhausen.de\/blog\/wp-content\/uploads\/2015\/08\/CIMG0805-300x225.jpg\" class=\"attachment-medium size-medium\" alt=\"\" decoding=\"async\" loading=\"lazy\" srcset=\"http:\/\/www.lindenhausen.de\/blog\/wp-content\/uploads\/2015\/08\/CIMG0805-300x225.jpg 300w, http:\/\/www.lindenhausen.de\/blog\/wp-content\/uploads\/2015\/08\/CIMG0805-1024x768.jpg 1024w, http:\/\/www.lindenhausen.de\/blog\/wp-content\/uploads\/2015\/08\/CIMG0805-e1439887196471.jpg 900w\" sizes=\"(max-width: 300px) 100vw, 300px\" \/><\/a>\n\t\t\t<\/div><\/figure><figure class='gallery-item'>\n\t\t\t<div class='gallery-icon portrait'>\n\t\t\t\t<a href='http:\/\/www.lindenhausen.de\/blog\/reiseberichte-radreisen\/radwanderung-von-kelheim-an-den-balaton-sommer-2015\/aggsbach-markt-wachau-tulln\/cimg0810\/'><img width=\"225\" height=\"300\" src=\"http:\/\/www.lindenhausen.de\/blog\/wp-content\/uploads\/2015\/08\/CIMG0810-e1439887136840-225x300.jpg\" class=\"attachment-medium size-medium\" alt=\"\" decoding=\"async\" loading=\"lazy\" srcset=\"http:\/\/www.lindenhausen.de\/blog\/wp-content\/uploads\/2015\/08\/CIMG0810-e1439887136840-225x300.jpg 225w, http:\/\/www.lindenhausen.de\/blog\/wp-content\/uploads\/2015\/08\/CIMG0810-e1439887136840.jpg 675w\" sizes=\"(max-width: 225px) 100vw, 225px\" \/><\/a>\n\t\t\t<\/div><\/figure>\n\t\t<\/div>\n\n<p style=\"text-align: center;\">In D\u00fcrnstein wollten wir fr\u00fchst\u00fccken und wurden schnell f\u00fcndig, in der Ortsmitte fand sich ein Weinlokal, das zwar eher Mittagsessen und Wein anbot , dessen Personal uns aber Ham&amp;Eggs, Tee und Kaffee zauberte.<br \/>\nNoch ein kurzer Spaziergang durch das bezaubernde \u00d6rtchen, das tags\u00fcber von Reisegruppen geflutet wird um dann am Abend bis in die Vormittagsstunden im Dornr\u00f6schenschlaf zu versinken.<br \/>\nBis auf die Burg, in der angeblich Richard L\u00f6wenherz eingesperrt war, schafften wir es heute nicht, es lagen ja noch ein paar Kilometer vor uns.<\/p>\n<div id='gallery-2' class='gallery galleryid-922 gallery-columns-4 gallery-size-medium'><figure class='gallery-item'>\n\t\t\t<div class='gallery-icon landscape'>\n\t\t\t\t<a href='http:\/\/www.lindenhausen.de\/blog\/reiseberichte-radreisen\/radwanderung-von-kelheim-an-den-balaton-sommer-2015\/aggsbach-markt-wachau-tulln\/cimg0811\/'><img width=\"300\" height=\"225\" src=\"http:\/\/www.lindenhausen.de\/blog\/wp-content\/uploads\/2015\/08\/CIMG0811-300x225.jpg\" class=\"attachment-medium size-medium\" alt=\"\" decoding=\"async\" loading=\"lazy\" srcset=\"http:\/\/www.lindenhausen.de\/blog\/wp-content\/uploads\/2015\/08\/CIMG0811-300x225.jpg 300w, http:\/\/www.lindenhausen.de\/blog\/wp-content\/uploads\/2015\/08\/CIMG0811-1024x768.jpg 1024w, http:\/\/www.lindenhausen.de\/blog\/wp-content\/uploads\/2015\/08\/CIMG0811-e1439887107823.jpg 900w\" sizes=\"(max-width: 300px) 100vw, 300px\" \/><\/a>\n\t\t\t<\/div><\/figure><figure class='gallery-item'>\n\t\t\t<div class='gallery-icon landscape'>\n\t\t\t\t<a href='http:\/\/www.lindenhausen.de\/blog\/reiseberichte-radreisen\/radwanderung-von-kelheim-an-den-balaton-sommer-2015\/aggsbach-markt-wachau-tulln\/cimg0813\/'><img width=\"300\" height=\"225\" src=\"http:\/\/www.lindenhausen.de\/blog\/wp-content\/uploads\/2015\/08\/CIMG0813-300x225.jpg\" class=\"attachment-medium size-medium\" alt=\"\" decoding=\"async\" loading=\"lazy\" srcset=\"http:\/\/www.lindenhausen.de\/blog\/wp-content\/uploads\/2015\/08\/CIMG0813-300x225.jpg 300w, http:\/\/www.lindenhausen.de\/blog\/wp-content\/uploads\/2015\/08\/CIMG0813-1024x768.jpg 1024w, http:\/\/www.lindenhausen.de\/blog\/wp-content\/uploads\/2015\/08\/CIMG0813-e1439887086706.jpg 900w\" sizes=\"(max-width: 300px) 100vw, 300px\" \/><\/a>\n\t\t\t<\/div><\/figure><figure class='gallery-item'>\n\t\t\t<div class='gallery-icon portrait'>\n\t\t\t\t<a href='http:\/\/www.lindenhausen.de\/blog\/reiseberichte-radreisen\/radwanderung-von-kelheim-an-den-balaton-sommer-2015\/aggsbach-markt-wachau-tulln\/img_6310\/'><img width=\"225\" height=\"300\" src=\"http:\/\/www.lindenhausen.de\/blog\/wp-content\/uploads\/2015\/08\/IMG_6310-e1439886949731-225x300.jpg\" class=\"attachment-medium size-medium\" alt=\"\" decoding=\"async\" loading=\"lazy\" srcset=\"http:\/\/www.lindenhausen.de\/blog\/wp-content\/uploads\/2015\/08\/IMG_6310-e1439886949731-225x300.jpg 225w, http:\/\/www.lindenhausen.de\/blog\/wp-content\/uploads\/2015\/08\/IMG_6310-e1439886949731.jpg 675w\" sizes=\"(max-width: 225px) 100vw, 225px\" \/><\/a>\n\t\t\t<\/div><\/figure><figure class='gallery-item'>\n\t\t\t<div class='gallery-icon landscape'>\n\t\t\t\t<a href='http:\/\/www.lindenhausen.de\/blog\/reiseberichte-radreisen\/radwanderung-von-kelheim-an-den-balaton-sommer-2015\/aggsbach-markt-wachau-tulln\/cimg0819\/'><img width=\"300\" height=\"225\" src=\"http:\/\/www.lindenhausen.de\/blog\/wp-content\/uploads\/2015\/08\/CIMG0819-300x225.jpg\" class=\"attachment-medium size-medium\" alt=\"\" decoding=\"async\" loading=\"lazy\" srcset=\"http:\/\/www.lindenhausen.de\/blog\/wp-content\/uploads\/2015\/08\/CIMG0819-300x225.jpg 300w, http:\/\/www.lindenhausen.de\/blog\/wp-content\/uploads\/2015\/08\/CIMG0819-1024x768.jpg 1024w, http:\/\/www.lindenhausen.de\/blog\/wp-content\/uploads\/2015\/08\/CIMG0819-e1439887055534.jpg 900w\" sizes=\"(max-width: 300px) 100vw, 300px\" \/><\/a>\n\t\t\t<\/div><\/figure>\n\t\t<\/div>\n\n<p style=\"text-align: center;\">Durch die Weinberge ging es weiter nach Krems, wo wir uns erst einmal verfuhren, mein Garmin und ich hatten wieder einmal Verst\u00e4ndigungsprobleme. Wir wechselten die Donauseite und f\u00fchren immer ein wenig im Nieselregen nach Traismauern. Dort hofften wir bei einem Weinchen und Bierchen den Regenguss aussitzen zu k\u00f6nnen aber es sollte nicht sein. Also Regensachen raus und damit weitergefahren.<\/p>\n<div id='gallery-3' class='gallery galleryid-922 gallery-columns-2 gallery-size-medium'><figure class='gallery-item'>\n\t\t\t<div class='gallery-icon landscape'>\n\t\t\t\t<a href='http:\/\/www.lindenhausen.de\/blog\/reiseberichte-radreisen\/radwanderung-von-kelheim-an-den-balaton-sommer-2015\/aggsbach-markt-wachau-tulln\/img_6313\/'><img width=\"300\" height=\"225\" src=\"http:\/\/www.lindenhausen.de\/blog\/wp-content\/uploads\/2015\/08\/IMG_6313-e1439886836473-300x225.jpg\" class=\"attachment-medium size-medium\" alt=\"\" decoding=\"async\" loading=\"lazy\" srcset=\"http:\/\/www.lindenhausen.de\/blog\/wp-content\/uploads\/2015\/08\/IMG_6313-e1439886836473-300x225.jpg 300w, http:\/\/www.lindenhausen.de\/blog\/wp-content\/uploads\/2015\/08\/IMG_6313-e1439886836473.jpg 900w\" sizes=\"(max-width: 300px) 100vw, 300px\" \/><\/a>\n\t\t\t<\/div><\/figure><figure class='gallery-item'>\n\t\t\t<div class='gallery-icon portrait'>\n\t\t\t\t<a href='http:\/\/www.lindenhausen.de\/blog\/reiseberichte-radreisen\/radwanderung-von-kelheim-an-den-balaton-sommer-2015\/aggsbach-markt-wachau-tulln\/img_6312\/'><img width=\"225\" height=\"300\" src=\"http:\/\/www.lindenhausen.de\/blog\/wp-content\/uploads\/2015\/08\/IMG_6312-225x300.jpg\" class=\"attachment-medium size-medium\" alt=\"\" decoding=\"async\" loading=\"lazy\" srcset=\"http:\/\/www.lindenhausen.de\/blog\/wp-content\/uploads\/2015\/08\/IMG_6312-225x300.jpg 225w, http:\/\/www.lindenhausen.de\/blog\/wp-content\/uploads\/2015\/08\/IMG_6312-768x1024.jpg 768w, http:\/\/www.lindenhausen.de\/blog\/wp-content\/uploads\/2015\/08\/IMG_6312-e1439886847388.jpg 675w\" sizes=\"(max-width: 225px) 100vw, 225px\" \/><\/a>\n\t\t\t<\/div><\/figure>\n\t\t<\/div>\n\n<p style=\"text-align: center;\">Am AKW Zwentendorf, das nie ans Netz ging, suchten wir ein trockenes Pl\u00e4tzchen in der <a href=\"http:\/\/baerndorferhuette.at\/startseite.html\" target=\"_blank\">B\u00e4rndorfer H\u00fctte<\/a>.<\/p>\n<div id='gallery-4' class='gallery galleryid-922 gallery-columns-2 gallery-size-medium'><figure class='gallery-item'>\n\t\t\t<div class='gallery-icon landscape'>\n\t\t\t\t<a href='http:\/\/www.lindenhausen.de\/blog\/reiseberichte-radreisen\/radwanderung-von-kelheim-an-den-balaton-sommer-2015\/aggsbach-markt-wachau-tulln\/cimg0821\/'><img width=\"300\" height=\"225\" src=\"http:\/\/www.lindenhausen.de\/blog\/wp-content\/uploads\/2015\/08\/CIMG0821-300x225.jpg\" class=\"attachment-medium size-medium\" alt=\"\" decoding=\"async\" loading=\"lazy\" srcset=\"http:\/\/www.lindenhausen.de\/blog\/wp-content\/uploads\/2015\/08\/CIMG0821-300x225.jpg 300w, http:\/\/www.lindenhausen.de\/blog\/wp-content\/uploads\/2015\/08\/CIMG0821-1024x768.jpg 1024w, http:\/\/www.lindenhausen.de\/blog\/wp-content\/uploads\/2015\/08\/CIMG0821-e1439887017153.jpg 900w\" sizes=\"(max-width: 300px) 100vw, 300px\" \/><\/a>\n\t\t\t<\/div><\/figure><figure class='gallery-item'>\n\t\t\t<div class='gallery-icon landscape'>\n\t\t\t\t<a href='http:\/\/www.lindenhausen.de\/blog\/reiseberichte-radreisen\/radwanderung-von-kelheim-an-den-balaton-sommer-2015\/aggsbach-markt-wachau-tulln\/cimg0822\/'><img width=\"300\" height=\"225\" src=\"http:\/\/www.lindenhausen.de\/blog\/wp-content\/uploads\/2015\/08\/CIMG0822-300x225.jpg\" class=\"attachment-medium size-medium\" alt=\"\" decoding=\"async\" loading=\"lazy\" srcset=\"http:\/\/www.lindenhausen.de\/blog\/wp-content\/uploads\/2015\/08\/CIMG0822-300x225.jpg 300w, http:\/\/www.lindenhausen.de\/blog\/wp-content\/uploads\/2015\/08\/CIMG0822-1024x768.jpg 1024w, http:\/\/www.lindenhausen.de\/blog\/wp-content\/uploads\/2015\/08\/CIMG0822-e1439886997912.jpg 900w\" sizes=\"(max-width: 300px) 100vw, 300px\" \/><\/a>\n\t\t\t<\/div><\/figure>\n\t\t<\/div>\n\n<p style=\"text-align: center;\">Langsam lie\u00df der Regen nach, die letzten Kilometer nach Tulln fuhren wir im trockenem.<br \/>\nDas Zelt trocknete nach dem Aufbau schnell wieder aus und wir freuten uns \u00fcber ein recht gutes Abendessen in der<a href=\"http:\/\/www.taverne2.at\/taverne\/home.html\" target=\"_blank\"> Taverne<\/a> am Campingplatz.<\/p>\n<div id='gallery-5' class='gallery galleryid-922 gallery-columns-3 gallery-size-medium'><figure class='gallery-item'>\n\t\t\t<div class='gallery-icon landscape'>\n\t\t\t\t<a href='http:\/\/www.lindenhausen.de\/blog\/reiseberichte-radreisen\/radwanderung-von-kelheim-an-den-balaton-sommer-2015\/aggsbach-markt-wachau-tulln\/cimg0823\/'><img width=\"300\" height=\"225\" src=\"http:\/\/www.lindenhausen.de\/blog\/wp-content\/uploads\/2015\/08\/CIMG0823-300x225.jpg\" class=\"attachment-medium size-medium\" alt=\"\" decoding=\"async\" loading=\"lazy\" srcset=\"http:\/\/www.lindenhausen.de\/blog\/wp-content\/uploads\/2015\/08\/CIMG0823-300x225.jpg 300w, http:\/\/www.lindenhausen.de\/blog\/wp-content\/uploads\/2015\/08\/CIMG0823-1024x768.jpg 1024w, http:\/\/www.lindenhausen.de\/blog\/wp-content\/uploads\/2015\/08\/CIMG0823-e1439886973660.jpg 900w\" sizes=\"(max-width: 300px) 100vw, 300px\" \/><\/a>\n\t\t\t<\/div><\/figure><figure class='gallery-item'>\n\t\t\t<div class='gallery-icon portrait'>\n\t\t\t\t<a href='http:\/\/www.lindenhausen.de\/blog\/reiseberichte-radreisen\/radwanderung-von-kelheim-an-den-balaton-sommer-2015\/aggsbach-markt-wachau-tulln\/img_6324\/'><img width=\"225\" height=\"300\" src=\"http:\/\/www.lindenhausen.de\/blog\/wp-content\/uploads\/2015\/08\/IMG_6324-225x300.jpg\" class=\"attachment-medium size-medium\" alt=\"\" decoding=\"async\" loading=\"lazy\" srcset=\"http:\/\/www.lindenhausen.de\/blog\/wp-content\/uploads\/2015\/08\/IMG_6324-225x300.jpg 225w, http:\/\/www.lindenhausen.de\/blog\/wp-content\/uploads\/2015\/08\/IMG_6324-768x1024.jpg 768w, http:\/\/www.lindenhausen.de\/blog\/wp-content\/uploads\/2015\/08\/IMG_6324-e1439886501368.jpg 675w\" sizes=\"(max-width: 225px) 100vw, 225px\" \/><\/a>\n\t\t\t<\/div><\/figure><figure class='gallery-item'>\n\t\t\t<div class='gallery-icon portrait'>\n\t\t\t\t<a href='http:\/\/www.lindenhausen.de\/blog\/reiseberichte-radreisen\/radwanderung-von-kelheim-an-den-balaton-sommer-2015\/aggsbach-markt-wachau-tulln\/img_6327\/'><img width=\"225\" height=\"300\" src=\"http:\/\/www.lindenhausen.de\/blog\/wp-content\/uploads\/2015\/08\/IMG_6327-225x300.jpg\" class=\"attachment-medium size-medium\" alt=\"\" decoding=\"async\" loading=\"lazy\" srcset=\"http:\/\/www.lindenhausen.de\/blog\/wp-content\/uploads\/2015\/08\/IMG_6327-225x300.jpg 225w, http:\/\/www.lindenhausen.de\/blog\/wp-content\/uploads\/2015\/08\/IMG_6327-768x1024.jpg 768w, http:\/\/www.lindenhausen.de\/blog\/wp-content\/uploads\/2015\/08\/IMG_6327-e1439886484848.jpg 675w\" sizes=\"(max-width: 225px) 100vw, 225px\" \/><\/a>\n\t\t\t<\/div><\/figure>\n\t\t<\/div>\n\n<p style=\"text-align: center;\"><a title=\"Tulln-Wien-Sopron\" href=\"http:\/\/www.lindenhausen.de\/blog\/reiseberichte-radreisen\/radwanderung-von-kelheim-an-den-balaton-sommer-2015\/tulln-wien-sopron\/\">weiter gehts hier \ud83d\ude42<\/a><\/p>\n","protected":false},"excerpt":{"rendered":"<p>Sonntag 2.8. Wir wurden recht fr\u00fch munter, erst trommelte der Regen aufs Zelt, dann reiste auf dem Wohnmobilstellplatz jemand ab und alle anderen rutschten nah um den Platz am Donauufer zu ergattern. Also war 6 Uhr die Nacht vorbei und ich mir sicher das ein Wohnmobil keine Heimstatt f\u00fcr mich wird. Trocken zusammenbauen war keine &hellip; <a href=\"http:\/\/www.lindenhausen.de\/blog\/reiseberichte-radreisen\/radwanderung-von-kelheim-an-den-balaton-sommer-2015\/aggsbach-markt-wachau-tulln\/\" class=\"more-link\"><span class=\"screen-reader-text\">Aggsbach-Markt-Wachau-Tulln<\/span> weiterlesen <span class=\"meta-nav\">&rarr;<\/span><\/a><\/p>\n","protected":false},"author":1,"featured_media":0,"parent":847,"menu_order":6,"comment_status":"open","ping_status":"open","template":"","meta":{"_monsterinsights_skip_tracking":false,"_monsterinsights_sitenote_active":false,"_monsterinsights_sitenote_note":"","_monsterinsights_sitenote_category":0},"yoast_head":"<!-- This site is optimized with the Yoast SEO plugin v21.0 - https:\/\/yoast.com\/wordpress\/plugins\/seo\/ -->\n<title>Aggsbach-Markt-Wachau-Tulln - Lindenhausen-weil Reisen Spa\u00df macht<\/title>\n<meta name=\"robots\" content=\"index, follow, max-snippet:-1, max-image-preview:large, max-video-preview:-1\" \/>\n<link rel=\"canonical\" href=\"http:\/\/www.lindenhausen.de\/blog\/reiseberichte-radreisen\/radwanderung-von-kelheim-an-den-balaton-sommer-2015\/aggsbach-markt-wachau-tulln\/\" \/>\n<meta property=\"og:locale\" content=\"de_DE\" \/>\n<meta property=\"og:type\" content=\"article\" \/>\n<meta property=\"og:title\" content=\"Aggsbach-Markt-Wachau-Tulln - Lindenhausen-weil Reisen Spa\u00df macht\" \/>\n<meta property=\"og:description\" content=\"Sonntag 2.8. Wir wurden recht fr\u00fch munter, erst trommelte der Regen aufs Zelt, dann reiste auf dem Wohnmobilstellplatz jemand ab und alle anderen rutschten nah um den Platz am Donauufer zu ergattern. Also war 6 Uhr die Nacht vorbei und ich mir sicher das ein Wohnmobil keine Heimstatt f\u00fcr mich wird. Trocken zusammenbauen war keine &hellip; Aggsbach-Markt-Wachau-Tulln weiterlesen &rarr;\" \/>\n<meta property=\"og:url\" content=\"http:\/\/www.lindenhausen.de\/blog\/reiseberichte-radreisen\/radwanderung-von-kelheim-an-den-balaton-sommer-2015\/aggsbach-markt-wachau-tulln\/\" \/>\n<meta property=\"og:site_name\" content=\"Lindenhausen-weil Reisen Spa\u00df macht\" \/>\n<meta property=\"article:publisher\" content=\"http:\/\/www.facebook.com\/Lindenhausen\/\" \/>\n<meta property=\"article:modified_time\" content=\"2015-08-19T21:40:58+00:00\" \/>\n<meta property=\"og:image\" content=\"http:\/\/www.lindenhausen.de\/blog\/wp-content\/uploads\/2015\/08\/CIMG0800-300x225.jpg\" \/>\n<meta name=\"twitter:card\" content=\"summary_large_image\" \/>\n<meta name=\"twitter:site\" content=\"@Maxilinde\" \/>\n<meta name=\"twitter:label1\" content=\"Gesch\u00e4tzte Lesezeit\" \/>\n\t<meta name=\"twitter:data1\" content=\"2\u00a0Minuten\" \/>\n<script type=\"application\/ld+json\" class=\"yoast-schema-graph\">{\"@context\":\"https:\/\/schema.org\",\"@graph\":[{\"@type\":\"WebPage\",\"@id\":\"http:\/\/www.lindenhausen.de\/blog\/reiseberichte-radreisen\/radwanderung-von-kelheim-an-den-balaton-sommer-2015\/aggsbach-markt-wachau-tulln\/\",\"url\":\"http:\/\/www.lindenhausen.de\/blog\/reiseberichte-radreisen\/radwanderung-von-kelheim-an-den-balaton-sommer-2015\/aggsbach-markt-wachau-tulln\/\",\"name\":\"Aggsbach-Markt-Wachau-Tulln - Lindenhausen-weil Reisen Spa\u00df macht\",\"isPartOf\":{\"@id\":\"https:\/\/www.lindenhausen.de\/blog\/#website\"},\"datePublished\":\"2015-08-18T08:46:45+00:00\",\"dateModified\":\"2015-08-19T21:40:58+00:00\",\"breadcrumb\":{\"@id\":\"http:\/\/www.lindenhausen.de\/blog\/reiseberichte-radreisen\/radwanderung-von-kelheim-an-den-balaton-sommer-2015\/aggsbach-markt-wachau-tulln\/#breadcrumb\"},\"inLanguage\":\"de\",\"potentialAction\":[{\"@type\":\"ReadAction\",\"target\":[\"http:\/\/www.lindenhausen.de\/blog\/reiseberichte-radreisen\/radwanderung-von-kelheim-an-den-balaton-sommer-2015\/aggsbach-markt-wachau-tulln\/\"]}]},{\"@type\":\"BreadcrumbList\",\"@id\":\"http:\/\/www.lindenhausen.de\/blog\/reiseberichte-radreisen\/radwanderung-von-kelheim-an-den-balaton-sommer-2015\/aggsbach-markt-wachau-tulln\/#breadcrumb\",\"itemListElement\":[{\"@type\":\"ListItem\",\"position\":1,\"name\":\"Startseite\",\"item\":\"https:\/\/www.lindenhausen.de\/blog\/\"},{\"@type\":\"ListItem\",\"position\":2,\"name\":\"Reiseberichte Radreisen\",\"item\":\"http:\/\/www.lindenhausen.de\/blog\/reiseberichte-radreisen\/\"},{\"@type\":\"ListItem\",\"position\":3,\"name\":\"Radwanderung-von Kelheim an den Balaton-Sommer 2015\",\"item\":\"http:\/\/www.lindenhausen.de\/blog\/reiseberichte-radreisen\/radwanderung-von-kelheim-an-den-balaton-sommer-2015\/\"},{\"@type\":\"ListItem\",\"position\":4,\"name\":\"Aggsbach-Markt-Wachau-Tulln\"}]},{\"@type\":\"WebSite\",\"@id\":\"https:\/\/www.lindenhausen.de\/blog\/#website\",\"url\":\"https:\/\/www.lindenhausen.de\/blog\/\",\"name\":\"Lindenhausen-weil Reisen Spa\u00df macht\",\"description\":\"Reisen und Kreuzfahrten, Reiseberichte, Kreuzfahrtforum\",\"potentialAction\":[{\"@type\":\"SearchAction\",\"target\":{\"@type\":\"EntryPoint\",\"urlTemplate\":\"https:\/\/www.lindenhausen.de\/blog\/?s={search_term_string}\"},\"query-input\":\"required name=search_term_string\"}],\"inLanguage\":\"de\"}]}<\/script>\n<!-- \/ Yoast SEO plugin. -->","yoast_head_json":{"title":"Aggsbach-Markt-Wachau-Tulln - Lindenhausen-weil Reisen Spa\u00df macht","robots":{"index":"index","follow":"follow","max-snippet":"max-snippet:-1","max-image-preview":"max-image-preview:large","max-video-preview":"max-video-preview:-1"},"canonical":"http:\/\/www.lindenhausen.de\/blog\/reiseberichte-radreisen\/radwanderung-von-kelheim-an-den-balaton-sommer-2015\/aggsbach-markt-wachau-tulln\/","og_locale":"de_DE","og_type":"article","og_title":"Aggsbach-Markt-Wachau-Tulln - Lindenhausen-weil Reisen Spa\u00df macht","og_description":"Sonntag 2.8. Wir wurden recht fr\u00fch munter, erst trommelte der Regen aufs Zelt, dann reiste auf dem Wohnmobilstellplatz jemand ab und alle anderen rutschten nah um den Platz am Donauufer zu ergattern. Also war 6 Uhr die Nacht vorbei und ich mir sicher das ein Wohnmobil keine Heimstatt f\u00fcr mich wird. Trocken zusammenbauen war keine &hellip; Aggsbach-Markt-Wachau-Tulln weiterlesen &rarr;","og_url":"http:\/\/www.lindenhausen.de\/blog\/reiseberichte-radreisen\/radwanderung-von-kelheim-an-den-balaton-sommer-2015\/aggsbach-markt-wachau-tulln\/","og_site_name":"Lindenhausen-weil Reisen Spa\u00df macht","article_publisher":"http:\/\/www.facebook.com\/Lindenhausen\/","article_modified_time":"2015-08-19T21:40:58+00:00","og_image":[{"url":"http:\/\/www.lindenhausen.de\/blog\/wp-content\/uploads\/2015\/08\/CIMG0800-300x225.jpg"}],"twitter_card":"summary_large_image","twitter_site":"@Maxilinde","twitter_misc":{"Gesch\u00e4tzte Lesezeit":"2\u00a0Minuten"},"schema":{"@context":"https:\/\/schema.org","@graph":[{"@type":"WebPage","@id":"http:\/\/www.lindenhausen.de\/blog\/reiseberichte-radreisen\/radwanderung-von-kelheim-an-den-balaton-sommer-2015\/aggsbach-markt-wachau-tulln\/","url":"http:\/\/www.lindenhausen.de\/blog\/reiseberichte-radreisen\/radwanderung-von-kelheim-an-den-balaton-sommer-2015\/aggsbach-markt-wachau-tulln\/","name":"Aggsbach-Markt-Wachau-Tulln - Lindenhausen-weil Reisen Spa\u00df macht","isPartOf":{"@id":"https:\/\/www.lindenhausen.de\/blog\/#website"},"datePublished":"2015-08-18T08:46:45+00:00","dateModified":"2015-08-19T21:40:58+00:00","breadcrumb":{"@id":"http:\/\/www.lindenhausen.de\/blog\/reiseberichte-radreisen\/radwanderung-von-kelheim-an-den-balaton-sommer-2015\/aggsbach-markt-wachau-tulln\/#breadcrumb"},"inLanguage":"de","potentialAction":[{"@type":"ReadAction","target":["http:\/\/www.lindenhausen.de\/blog\/reiseberichte-radreisen\/radwanderung-von-kelheim-an-den-balaton-sommer-2015\/aggsbach-markt-wachau-tulln\/"]}]},{"@type":"BreadcrumbList","@id":"http:\/\/www.lindenhausen.de\/blog\/reiseberichte-radreisen\/radwanderung-von-kelheim-an-den-balaton-sommer-2015\/aggsbach-markt-wachau-tulln\/#breadcrumb","itemListElement":[{"@type":"ListItem","position":1,"name":"Startseite","item":"https:\/\/www.lindenhausen.de\/blog\/"},{"@type":"ListItem","position":2,"name":"Reiseberichte Radreisen","item":"http:\/\/www.lindenhausen.de\/blog\/reiseberichte-radreisen\/"},{"@type":"ListItem","position":3,"name":"Radwanderung-von Kelheim an den Balaton-Sommer 2015","item":"http:\/\/www.lindenhausen.de\/blog\/reiseberichte-radreisen\/radwanderung-von-kelheim-an-den-balaton-sommer-2015\/"},{"@type":"ListItem","position":4,"name":"Aggsbach-Markt-Wachau-Tulln"}]},{"@type":"WebSite","@id":"https:\/\/www.lindenhausen.de\/blog\/#website","url":"https:\/\/www.lindenhausen.de\/blog\/","name":"Lindenhausen-weil Reisen Spa\u00df macht","description":"Reisen und Kreuzfahrten, Reiseberichte, Kreuzfahrtforum","potentialAction":[{"@type":"SearchAction","target":{"@type":"EntryPoint","urlTemplate":"https:\/\/www.lindenhausen.de\/blog\/?s={search_term_string}"},"query-input":"required name=search_term_string"}],"inLanguage":"de"}]}},"_links":{"self":[{"href":"http:\/\/www.lindenhausen.de\/blog\/wp-json\/wp\/v2\/pages\/922"}],"collection":[{"href":"http:\/\/www.lindenhausen.de\/blog\/wp-json\/wp\/v2\/pages"}],"about":[{"href":"http:\/\/www.lindenhausen.de\/blog\/wp-json\/wp\/v2\/types\/page"}],"author":[{"embeddable":true,"href":"http:\/\/www.lindenhausen.de\/blog\/wp-json\/wp\/v2\/users\/1"}],"replies":[{"embeddable":true,"href":"http:\/\/www.lindenhausen.de\/blog\/wp-json\/wp\/v2\/comments?post=922"}],"version-history":[{"count":3,"href":"http:\/\/www.lindenhausen.de\/blog\/wp-json\/wp\/v2\/pages\/922\/revisions"}],"predecessor-version":[{"id":1116,"href":"http:\/\/www.lindenhausen.de\/blog\/wp-json\/wp\/v2\/pages\/922\/revisions\/1116"}],"up":[{"embeddable":true,"href":"http:\/\/www.lindenhausen.de\/blog\/wp-json\/wp\/v2\/pages\/847"}],"wp:attachment":[{"href":"http:\/\/www.lindenhausen.de\/blog\/wp-json\/wp\/v2\/media?parent=922"}],"curies":[{"name":"wp","href":"https:\/\/api.w.org\/{rel}","templated":true}]}}