{"id":676,"date":"2015-06-09T00:18:22","date_gmt":"2015-06-08T22:18:22","guid":{"rendered":"http:\/\/www.lindenhausen.de\/blog\/?page_id=676"},"modified":"2015-06-09T16:46:02","modified_gmt":"2015-06-09T14:46:02","slug":"stuttgart-kirchentag-2015-samstag","status":"publish","type":"page","link":"http:\/\/www.lindenhausen.de\/blog\/reiseberichte-landurlaub\/stuttgart-kirchentag-2015-mittwoch\/stuttgart-kirchentag-2015-samstag\/","title":{"rendered":"Stuttgart- Kirchentag 2015 Samstag"},"content":{"rendered":"<p>Die Nacht war ein wenig unruhig, scheinbar hatten unsere Zimmernachbarn Angst vor dem kleinen Gewitter und Regengu\u00df der die Nacht abk\u00fchlen sollte und haben alle Fenster verrigelt und verammelt, statt der ersehnten Abk\u00fchlung war es nicht nur stickig hei\u00df sondern der Duft alter Socken umgab uns noch dazu. Also waren wir fr\u00fch munter um zu l\u00fcften und bei der Gelegenheit konnte man ja auch aufstehen.<br \/>\nSo langsam kehrte Kirchentagsroutine ein&#8230;und das zeigte aber auch das 5 Tage einfach zu kurz sind um auch nur ann\u00e4hernd einen \u00dcberblick zu bekommen.<br \/>\nWir fr\u00fchst\u00fcckten ausgiebig und machten uns dann auf den Weg ins Theaterhaus Stuttgart zum Musical &#8222;Best of Jesus&#8220; mit Musik der Toten Hosen. Auch hier war ersteinmal bei schon am fr\u00fchen Vormittag br\u00fcllender Hitze Geduld angesagt, wir hatten Gl\u00fcck, waren fr\u00fch genug um einen der begehrten Pl\u00e4tze zu bekommen.<br \/>\nDie Kirchgemeinde Werder hat hier etwas geschaffen das ber\u00fchrt, Alt und Jung, H\u00f6hrend und Nichth\u00f6rend, jeder nach seinem Talent und K\u00f6nnen,Geb\u00e4rdenspache und Gesang, im ersten Moment ein wenig irritierend, sp\u00e4ter fesselnd und auch mit vielen neuen Gedanken zu den Rollen von Judas und Pilatus, wir hatten Diskussionsstoff.<\/p>\n<p><a href=\"http:\/\/www.werder-musicals.de\/Best%20of%20Jesus\/daskonzept.html\" target=\"_blank\">weitere Infos zum Projekt<\/a><\/p>\n<p>&nbsp;<\/p>\n<div id='gallery-1' class='gallery galleryid-676 gallery-columns-3 gallery-size-medium'><figure class='gallery-item'>\n\t\t\t<div class='gallery-icon landscape'>\n\t\t\t\t<a href='http:\/\/www.lindenhausen.de\/blog\/reiseberichte-landurlaub\/stuttgart-kirchentag-2015-mittwoch\/stuttgart-kirchentag-2015-samstag\/dsc_0650\/'><img width=\"300\" height=\"199\" src=\"http:\/\/www.lindenhausen.de\/blog\/wp-content\/uploads\/2015\/06\/DSC_0650-300x199.jpg\" class=\"attachment-medium size-medium\" alt=\"\" decoding=\"async\" loading=\"lazy\" aria-describedby=\"gallery-1-757\" srcset=\"http:\/\/www.lindenhausen.de\/blog\/wp-content\/uploads\/2015\/06\/DSC_0650-300x199.jpg 300w, http:\/\/www.lindenhausen.de\/blog\/wp-content\/uploads\/2015\/06\/DSC_0650-1024x678.jpg 1024w, http:\/\/www.lindenhausen.de\/blog\/wp-content\/uploads\/2015\/06\/DSC_0650-e1433850421552.jpg 1000w\" sizes=\"(max-width: 300px) 100vw, 300px\" \/><\/a>\n\t\t\t<\/div>\n\t\t\t\t<figcaption class='wp-caption-text gallery-caption' id='gallery-1-757'>\n\t\t\t\tBest of Jesus\n\t\t\t\t<\/figcaption><\/figure><figure class='gallery-item'>\n\t\t\t<div class='gallery-icon landscape'>\n\t\t\t\t<a href='http:\/\/www.lindenhausen.de\/blog\/reiseberichte-landurlaub\/stuttgart-kirchentag-2015-mittwoch\/stuttgart-kirchentag-2015-samstag\/dsc_0647-2\/'><img width=\"300\" height=\"199\" src=\"http:\/\/www.lindenhausen.de\/blog\/wp-content\/uploads\/2015\/06\/DSC_0647-300x199.jpg\" class=\"attachment-medium size-medium\" alt=\"\" decoding=\"async\" loading=\"lazy\" aria-describedby=\"gallery-1-756\" srcset=\"http:\/\/www.lindenhausen.de\/blog\/wp-content\/uploads\/2015\/06\/DSC_0647-300x199.jpg 300w, http:\/\/www.lindenhausen.de\/blog\/wp-content\/uploads\/2015\/06\/DSC_0647-1024x678.jpg 1024w, http:\/\/www.lindenhausen.de\/blog\/wp-content\/uploads\/2015\/06\/DSC_0647-e1433850406559.jpg 1000w\" sizes=\"(max-width: 300px) 100vw, 300px\" \/><\/a>\n\t\t\t<\/div>\n\t\t\t\t<figcaption class='wp-caption-text gallery-caption' id='gallery-1-756'>\n\t\t\t\tBest of Jesus\n\t\t\t\t<\/figcaption><\/figure><figure class='gallery-item'>\n\t\t\t<div class='gallery-icon landscape'>\n\t\t\t\t<a href='http:\/\/www.lindenhausen.de\/blog\/reiseberichte-landurlaub\/stuttgart-kirchentag-2015-mittwoch\/stuttgart-kirchentag-2015-samstag\/dsc_0644-2\/'><img width=\"300\" height=\"199\" src=\"http:\/\/www.lindenhausen.de\/blog\/wp-content\/uploads\/2015\/06\/DSC_0644-300x199.jpg\" class=\"attachment-medium size-medium\" alt=\"\" decoding=\"async\" loading=\"lazy\" aria-describedby=\"gallery-1-755\" srcset=\"http:\/\/www.lindenhausen.de\/blog\/wp-content\/uploads\/2015\/06\/DSC_0644-300x199.jpg 300w, http:\/\/www.lindenhausen.de\/blog\/wp-content\/uploads\/2015\/06\/DSC_0644-1024x678.jpg 1024w, http:\/\/www.lindenhausen.de\/blog\/wp-content\/uploads\/2015\/06\/DSC_0644-e1433850389486.jpg 1000w\" sizes=\"(max-width: 300px) 100vw, 300px\" \/><\/a>\n\t\t\t<\/div>\n\t\t\t\t<figcaption class='wp-caption-text gallery-caption' id='gallery-1-755'>\n\t\t\t\tBest of Jesus\n\t\t\t\t<\/figcaption><\/figure>\n\t\t<\/div>\n\n<p>dann ging es nach Bad Cannstatt zum Jugendgottesdienst, zwischendurch noch einen kurzen Abstecher zum Burger King, das ging schnell, machte satt und da wir jeden Tag zwischen12 und 17km zu Fu\u00df unterwergs waren ging das schonmal.<\/p>\n<p>Welchen Eindruck hinterlie\u00df der Jugendgottesdienst der ec-jugend bei uns? Das Motto &#8222;ich glaubs-Du auch? erschien uns interessant und wir hatten auf Kirchentagen schon Jugendgottesdienste erlebt die uns inspirierten und Mut machten auch weiterhin nach neuen Konzepten und Ideen zu suchen.<\/p>\n<p>Hier nun war alles ein wenig anders. Eine gute Band die begeisterte aber nur Lieder sang die niemand kannte, damit waren die Besucher schonmal nicht mitgenommen worden. Ein Video \u00fcber die Arbeit des ec, gut gemacht, die Aufmerksamkeit war geweckt. Dann ganz spontan ein Teilnehmer von Voice of Germany 2014 der f\u00fcr uns sang, wundersch\u00f6n. Ein Prediger der hier eher etwas machte das ich gerne in einer Bibelarbeit probieren w\u00fcrde, aber die Zuh\u00f6rer schw\u00e4chelten jetzt entg\u00fcltig denn das war f\u00fcr einen Jugendgottesdienst einfach zuviel. Es wurde die Geschichte von Lazarus gelesen, jeder hatte einen roten und gr\u00fcnen Zettel und sollte damit anzeigen ob er den Inhalt des gelesenen , das Verhalten der Menschen richtig oder falsch findet. Das war eine tolle Sache\u00a0 die aber dann durch eine lange Predigt die nun\u00a0 wieder missionarisch erkl\u00e4rte was man dar\u00fcber zu denken hat, zunichte gemacht wurde, es gab kein Miteinander, die Gemeinde wurde buchst\u00e4blich zum Konsumenten der innerlich wegschaltet.<\/p>\n<div id='gallery-2' class='gallery galleryid-676 gallery-columns-2 gallery-size-medium'><figure class='gallery-item'>\n\t\t\t<div class='gallery-icon portrait'>\n\t\t\t\t<a href='http:\/\/www.lindenhausen.de\/blog\/reiseberichte-landurlaub\/stuttgart-kirchentag-2015-mittwoch\/stuttgart-kirchentag-2015-samstag\/dsc_0651\/'><img width=\"199\" height=\"300\" src=\"http:\/\/www.lindenhausen.de\/blog\/wp-content\/uploads\/2015\/06\/DSC_0651-e1433850721905-199x300.jpg\" class=\"attachment-medium size-medium\" alt=\"\" decoding=\"async\" loading=\"lazy\" aria-describedby=\"gallery-2-758\" srcset=\"http:\/\/www.lindenhausen.de\/blog\/wp-content\/uploads\/2015\/06\/DSC_0651-e1433850721905-199x300.jpg 199w, http:\/\/www.lindenhausen.de\/blog\/wp-content\/uploads\/2015\/06\/DSC_0651-e1433850721905.jpg 662w\" sizes=\"(max-width: 199px) 100vw, 199px\" \/><\/a>\n\t\t\t<\/div>\n\t\t\t\t<figcaption class='wp-caption-text gallery-caption' id='gallery-2-758'>\n\t\t\t\tLutherkirche\n\t\t\t\t<\/figcaption><\/figure><figure class='gallery-item'>\n\t\t\t<div class='gallery-icon landscape'>\n\t\t\t\t<a href='http:\/\/www.lindenhausen.de\/blog\/reiseberichte-landurlaub\/stuttgart-kirchentag-2015-mittwoch\/stuttgart-kirchentag-2015-samstag\/dsc_0653\/'><img width=\"300\" height=\"199\" src=\"http:\/\/www.lindenhausen.de\/blog\/wp-content\/uploads\/2015\/06\/DSC_0653-300x199.jpg\" class=\"attachment-medium size-medium\" alt=\"\" decoding=\"async\" loading=\"lazy\" aria-describedby=\"gallery-2-759\" srcset=\"http:\/\/www.lindenhausen.de\/blog\/wp-content\/uploads\/2015\/06\/DSC_0653-300x199.jpg 300w, http:\/\/www.lindenhausen.de\/blog\/wp-content\/uploads\/2015\/06\/DSC_0653-1024x678.jpg 1024w, http:\/\/www.lindenhausen.de\/blog\/wp-content\/uploads\/2015\/06\/DSC_0653-e1433850691655.jpg 1000w\" sizes=\"(max-width: 300px) 100vw, 300px\" \/><\/a>\n\t\t\t<\/div>\n\t\t\t\t<figcaption class='wp-caption-text gallery-caption' id='gallery-2-759'>\n\t\t\t\tJugendgottesdienst\n\t\t\t\t<\/figcaption><\/figure>\n\t\t<\/div>\n\n<p>Was bleibt? Wir haben das noch eine Weile , auch mit anderen Besuchern, besprochen:\u00a0 Danke\u00a0 f\u00fcr die Gute Idee einer Bibelarbeit die ich demn\u00e4chst mit unseren Konfirmanden probieren werde.\u00a0 Danke f\u00fcr das Beispiel das Missionierungsversuche selten gelingen. Danke das &#8222;meine&#8220; Jugendlichen sehr gl\u00fccklich \u00fcber unsere Jugendgottesdienste sind \ud83d\ude42<\/p>\n<p>Jetzt aber wollten wir endlich etwas von Stuttgart sehen, fuhren in die Innenstadt, besuchten das Zentrum Reformation, bummelten zum Rathaus, wo ich dann mal wieder ein wenig am Blog weiter schrieb.<\/p>\n<p>Das letzte Abendessen f\u00fchrte uns zu dem Italiener der auch am ersten Abend\u00a0 f\u00fcr uns sorgte, denn da gab es Glutenfreies Essen.<\/p>\n<p><a href=\"http:\/\/www.tialini.com\/startseite\/\" target=\"_blank\">zum Lokal<\/a><\/p>\n<p>Und auch danach ging es zum Ausgangspunkt unserer Tage hier in Stuttgart, dem Schlo\u00dfplatz.<\/p>\n<p>Clemes Bittlinger, Maybebop und viele andere erwarteten uns um den Kirchentag geb\u00fchrend zu feiern und ausklingen zu lassen.<\/p>\n<p><iframe loading=\"lazy\" width=\"604\" height=\"340\" src=\"https:\/\/www.youtube.com\/embed\/4AUrHk4Yths?feature=oembed\" frameborder=\"0\" allowfullscreen><\/iframe><\/p>\n<p>Viel zu schnell kam der Abendsegen und das letzte gemeinsame Singen, nur z\u00f6gerlich machten wir uns alle das letzte mal auf den Weg zum Quartier.<\/p>\n<div id='gallery-3' class='gallery galleryid-676 gallery-columns-2 gallery-size-medium'><figure class='gallery-item'>\n\t\t\t<div class='gallery-icon landscape'>\n\t\t\t\t<a href='http:\/\/www.lindenhausen.de\/blog\/reiseberichte-landurlaub\/stuttgart-kirchentag-2015-mittwoch\/stuttgart-kirchentag-2015-samstag\/dsc_0654\/'><img width=\"300\" height=\"199\" src=\"http:\/\/www.lindenhausen.de\/blog\/wp-content\/uploads\/2015\/06\/DSC_0654-300x199.jpg\" class=\"attachment-medium size-medium\" alt=\"\" decoding=\"async\" loading=\"lazy\" srcset=\"http:\/\/www.lindenhausen.de\/blog\/wp-content\/uploads\/2015\/06\/DSC_0654-300x199.jpg 300w, http:\/\/www.lindenhausen.de\/blog\/wp-content\/uploads\/2015\/06\/DSC_0654-1024x678.jpg 1024w, http:\/\/www.lindenhausen.de\/blog\/wp-content\/uploads\/2015\/06\/DSC_0654-e1433854285827.jpg 1000w\" sizes=\"(max-width: 300px) 100vw, 300px\" \/><\/a>\n\t\t\t<\/div><\/figure><figure class='gallery-item'>\n\t\t\t<div class='gallery-icon landscape'>\n\t\t\t\t<a href='http:\/\/www.lindenhausen.de\/blog\/reiseberichte-landurlaub\/stuttgart-kirchentag-2015-mittwoch\/stuttgart-kirchentag-2015-samstag\/dsc_0655\/'><img width=\"300\" height=\"199\" src=\"http:\/\/www.lindenhausen.de\/blog\/wp-content\/uploads\/2015\/06\/DSC_0655-300x199.jpg\" class=\"attachment-medium size-medium\" alt=\"\" decoding=\"async\" loading=\"lazy\" srcset=\"http:\/\/www.lindenhausen.de\/blog\/wp-content\/uploads\/2015\/06\/DSC_0655-300x199.jpg 300w, http:\/\/www.lindenhausen.de\/blog\/wp-content\/uploads\/2015\/06\/DSC_0655-1024x678.jpg 1024w, http:\/\/www.lindenhausen.de\/blog\/wp-content\/uploads\/2015\/06\/DSC_0655-e1433854268806.jpg 1000w\" sizes=\"(max-width: 300px) 100vw, 300px\" \/><\/a>\n\t\t\t<\/div><\/figure>\n\t\t<\/div>\n\n<p><a title=\"Stuttgart-Kirchentag 2015 Sonntag\" href=\"http:\/\/www.lindenhausen.de\/blog\/reiseberichte-landurlaub\/stuttgart-kirchentag-2015-mittwoch\/stuttgart-kirchentag2015-sonntag\/\">Hier gehts zum Sonntag<\/a><\/p>\n<p>&nbsp;<\/p>\n<p>&nbsp;<\/p>\n","protected":false},"excerpt":{"rendered":"<p>Die Nacht war ein wenig unruhig, scheinbar hatten unsere Zimmernachbarn Angst vor dem kleinen Gewitter und Regengu\u00df der die Nacht abk\u00fchlen sollte und haben alle Fenster verrigelt und verammelt, statt der ersehnten Abk\u00fchlung war es nicht nur stickig hei\u00df sondern der Duft alter Socken umgab uns noch dazu. Also waren wir fr\u00fch munter um zu &hellip; <a href=\"http:\/\/www.lindenhausen.de\/blog\/reiseberichte-landurlaub\/stuttgart-kirchentag-2015-mittwoch\/stuttgart-kirchentag-2015-samstag\/\" class=\"more-link\"><span class=\"screen-reader-text\">Stuttgart- Kirchentag 2015 Samstag<\/span> weiterlesen <span class=\"meta-nav\">&rarr;<\/span><\/a><\/p>\n","protected":false},"author":1,"featured_media":762,"parent":657,"menu_order":4,"comment_status":"open","ping_status":"open","template":"","meta":{"_monsterinsights_skip_tracking":false,"_monsterinsights_sitenote_active":false,"_monsterinsights_sitenote_note":"","_monsterinsights_sitenote_category":0},"yoast_head":"<!-- This site is optimized with the Yoast SEO plugin v21.0 - https:\/\/yoast.com\/wordpress\/plugins\/seo\/ -->\n<title>Stuttgart- Kirchentag 2015 Samstag - Lindenhausen-weil Reisen Spa\u00df macht<\/title>\n<meta name=\"robots\" content=\"index, follow, max-snippet:-1, max-image-preview:large, max-video-preview:-1\" \/>\n<link rel=\"canonical\" href=\"https:\/\/www.lindenhausen.de\/blog\/reiseberichte-landurlaub\/stuttgart-kirchentag-2015-mittwoch\/stuttgart-kirchentag-2015-samstag\/\" \/>\n<meta property=\"og:locale\" content=\"de_DE\" \/>\n<meta property=\"og:type\" content=\"article\" \/>\n<meta property=\"og:title\" content=\"Stuttgart- Kirchentag 2015 Samstag - Lindenhausen-weil Reisen Spa\u00df macht\" \/>\n<meta property=\"og:description\" content=\"Die Nacht war ein wenig unruhig, scheinbar hatten unsere Zimmernachbarn Angst vor dem kleinen Gewitter und Regengu\u00df der die Nacht abk\u00fchlen sollte und haben alle Fenster verrigelt und verammelt, statt der ersehnten Abk\u00fchlung war es nicht nur stickig hei\u00df sondern der Duft alter Socken umgab uns noch dazu. Also waren wir fr\u00fch munter um zu &hellip; Stuttgart- Kirchentag 2015 Samstag weiterlesen &rarr;\" \/>\n<meta property=\"og:url\" content=\"https:\/\/www.lindenhausen.de\/blog\/reiseberichte-landurlaub\/stuttgart-kirchentag-2015-mittwoch\/stuttgart-kirchentag-2015-samstag\/\" \/>\n<meta property=\"og:site_name\" content=\"Lindenhausen-weil Reisen Spa\u00df macht\" \/>\n<meta property=\"article:publisher\" content=\"http:\/\/www.facebook.com\/Lindenhausen\/\" \/>\n<meta property=\"article:modified_time\" content=\"2015-06-09T14:46:02+00:00\" \/>\n<meta property=\"og:image\" content=\"https:\/\/www.lindenhausen.de\/blog\/wp-content\/uploads\/2015\/06\/IMG_5859-e1433854384559.jpg\" \/>\n\t<meta property=\"og:image:width\" content=\"750\" \/>\n\t<meta property=\"og:image:height\" content=\"1000\" \/>\n\t<meta property=\"og:image:type\" content=\"image\/jpeg\" \/>\n<meta name=\"twitter:card\" content=\"summary_large_image\" \/>\n<meta name=\"twitter:site\" content=\"@Maxilinde\" \/>\n<meta name=\"twitter:label1\" content=\"Gesch\u00e4tzte Lesezeit\" \/>\n\t<meta name=\"twitter:data1\" content=\"3\u00a0Minuten\" \/>\n<script type=\"application\/ld+json\" class=\"yoast-schema-graph\">{\"@context\":\"https:\/\/schema.org\",\"@graph\":[{\"@type\":\"WebPage\",\"@id\":\"https:\/\/www.lindenhausen.de\/blog\/reiseberichte-landurlaub\/stuttgart-kirchentag-2015-mittwoch\/stuttgart-kirchentag-2015-samstag\/\",\"url\":\"https:\/\/www.lindenhausen.de\/blog\/reiseberichte-landurlaub\/stuttgart-kirchentag-2015-mittwoch\/stuttgart-kirchentag-2015-samstag\/\",\"name\":\"Stuttgart- Kirchentag 2015 Samstag - Lindenhausen-weil Reisen Spa\u00df macht\",\"isPartOf\":{\"@id\":\"https:\/\/www.lindenhausen.de\/blog\/#website\"},\"datePublished\":\"2015-06-08T22:18:22+00:00\",\"dateModified\":\"2015-06-09T14:46:02+00:00\",\"breadcrumb\":{\"@id\":\"https:\/\/www.lindenhausen.de\/blog\/reiseberichte-landurlaub\/stuttgart-kirchentag-2015-mittwoch\/stuttgart-kirchentag-2015-samstag\/#breadcrumb\"},\"inLanguage\":\"de\",\"potentialAction\":[{\"@type\":\"ReadAction\",\"target\":[\"https:\/\/www.lindenhausen.de\/blog\/reiseberichte-landurlaub\/stuttgart-kirchentag-2015-mittwoch\/stuttgart-kirchentag-2015-samstag\/\"]}]},{\"@type\":\"BreadcrumbList\",\"@id\":\"https:\/\/www.lindenhausen.de\/blog\/reiseberichte-landurlaub\/stuttgart-kirchentag-2015-mittwoch\/stuttgart-kirchentag-2015-samstag\/#breadcrumb\",\"itemListElement\":[{\"@type\":\"ListItem\",\"position\":1,\"name\":\"Startseite\",\"item\":\"https:\/\/www.lindenhausen.de\/blog\/\"},{\"@type\":\"ListItem\",\"position\":2,\"name\":\"Reiseberichte Landurlaub\",\"item\":\"http:\/\/www.lindenhausen.de\/blog\/reiseberichte-landurlaub\/\"},{\"@type\":\"ListItem\",\"position\":3,\"name\":\"Stuttgart-Kirchentag 2015 Mittwoch\",\"item\":\"https:\/\/www.lindenhausen.de\/blog\/reiseberichte-landurlaub\/stuttgart-kirchentag-2015-mittwoch\/\"},{\"@type\":\"ListItem\",\"position\":4,\"name\":\"Stuttgart- Kirchentag 2015 Samstag\"}]},{\"@type\":\"WebSite\",\"@id\":\"https:\/\/www.lindenhausen.de\/blog\/#website\",\"url\":\"https:\/\/www.lindenhausen.de\/blog\/\",\"name\":\"Lindenhausen-weil Reisen Spa\u00df macht\",\"description\":\"Reisen und Kreuzfahrten, Reiseberichte, Kreuzfahrtforum\",\"potentialAction\":[{\"@type\":\"SearchAction\",\"target\":{\"@type\":\"EntryPoint\",\"urlTemplate\":\"https:\/\/www.lindenhausen.de\/blog\/?s={search_term_string}\"},\"query-input\":\"required name=search_term_string\"}],\"inLanguage\":\"de\"}]}<\/script>\n<!-- \/ Yoast SEO plugin. -->","yoast_head_json":{"title":"Stuttgart- Kirchentag 2015 Samstag - Lindenhausen-weil Reisen Spa\u00df macht","robots":{"index":"index","follow":"follow","max-snippet":"max-snippet:-1","max-image-preview":"max-image-preview:large","max-video-preview":"max-video-preview:-1"},"canonical":"https:\/\/www.lindenhausen.de\/blog\/reiseberichte-landurlaub\/stuttgart-kirchentag-2015-mittwoch\/stuttgart-kirchentag-2015-samstag\/","og_locale":"de_DE","og_type":"article","og_title":"Stuttgart- Kirchentag 2015 Samstag - Lindenhausen-weil Reisen Spa\u00df macht","og_description":"Die Nacht war ein wenig unruhig, scheinbar hatten unsere Zimmernachbarn Angst vor dem kleinen Gewitter und Regengu\u00df der die Nacht abk\u00fchlen sollte und haben alle Fenster verrigelt und verammelt, statt der ersehnten Abk\u00fchlung war es nicht nur stickig hei\u00df sondern der Duft alter Socken umgab uns noch dazu. Also waren wir fr\u00fch munter um zu &hellip; Stuttgart- Kirchentag 2015 Samstag weiterlesen &rarr;","og_url":"https:\/\/www.lindenhausen.de\/blog\/reiseberichte-landurlaub\/stuttgart-kirchentag-2015-mittwoch\/stuttgart-kirchentag-2015-samstag\/","og_site_name":"Lindenhausen-weil Reisen Spa\u00df macht","article_publisher":"http:\/\/www.facebook.com\/Lindenhausen\/","article_modified_time":"2015-06-09T14:46:02+00:00","og_image":[{"width":750,"height":1000,"url":"https:\/\/www.lindenhausen.de\/blog\/wp-content\/uploads\/2015\/06\/IMG_5859-e1433854384559.jpg","type":"image\/jpeg"}],"twitter_card":"summary_large_image","twitter_site":"@Maxilinde","twitter_misc":{"Gesch\u00e4tzte Lesezeit":"3\u00a0Minuten"},"schema":{"@context":"https:\/\/schema.org","@graph":[{"@type":"WebPage","@id":"https:\/\/www.lindenhausen.de\/blog\/reiseberichte-landurlaub\/stuttgart-kirchentag-2015-mittwoch\/stuttgart-kirchentag-2015-samstag\/","url":"https:\/\/www.lindenhausen.de\/blog\/reiseberichte-landurlaub\/stuttgart-kirchentag-2015-mittwoch\/stuttgart-kirchentag-2015-samstag\/","name":"Stuttgart- Kirchentag 2015 Samstag - Lindenhausen-weil Reisen Spa\u00df macht","isPartOf":{"@id":"https:\/\/www.lindenhausen.de\/blog\/#website"},"datePublished":"2015-06-08T22:18:22+00:00","dateModified":"2015-06-09T14:46:02+00:00","breadcrumb":{"@id":"https:\/\/www.lindenhausen.de\/blog\/reiseberichte-landurlaub\/stuttgart-kirchentag-2015-mittwoch\/stuttgart-kirchentag-2015-samstag\/#breadcrumb"},"inLanguage":"de","potentialAction":[{"@type":"ReadAction","target":["https:\/\/www.lindenhausen.de\/blog\/reiseberichte-landurlaub\/stuttgart-kirchentag-2015-mittwoch\/stuttgart-kirchentag-2015-samstag\/"]}]},{"@type":"BreadcrumbList","@id":"https:\/\/www.lindenhausen.de\/blog\/reiseberichte-landurlaub\/stuttgart-kirchentag-2015-mittwoch\/stuttgart-kirchentag-2015-samstag\/#breadcrumb","itemListElement":[{"@type":"ListItem","position":1,"name":"Startseite","item":"https:\/\/www.lindenhausen.de\/blog\/"},{"@type":"ListItem","position":2,"name":"Reiseberichte Landurlaub","item":"http:\/\/www.lindenhausen.de\/blog\/reiseberichte-landurlaub\/"},{"@type":"ListItem","position":3,"name":"Stuttgart-Kirchentag 2015 Mittwoch","item":"https:\/\/www.lindenhausen.de\/blog\/reiseberichte-landurlaub\/stuttgart-kirchentag-2015-mittwoch\/"},{"@type":"ListItem","position":4,"name":"Stuttgart- Kirchentag 2015 Samstag"}]},{"@type":"WebSite","@id":"https:\/\/www.lindenhausen.de\/blog\/#website","url":"https:\/\/www.lindenhausen.de\/blog\/","name":"Lindenhausen-weil Reisen Spa\u00df macht","description":"Reisen und Kreuzfahrten, Reiseberichte, Kreuzfahrtforum","potentialAction":[{"@type":"SearchAction","target":{"@type":"EntryPoint","urlTemplate":"https:\/\/www.lindenhausen.de\/blog\/?s={search_term_string}"},"query-input":"required name=search_term_string"}],"inLanguage":"de"}]}},"_links":{"self":[{"href":"http:\/\/www.lindenhausen.de\/blog\/wp-json\/wp\/v2\/pages\/676"}],"collection":[{"href":"http:\/\/www.lindenhausen.de\/blog\/wp-json\/wp\/v2\/pages"}],"about":[{"href":"http:\/\/www.lindenhausen.de\/blog\/wp-json\/wp\/v2\/types\/page"}],"author":[{"embeddable":true,"href":"http:\/\/www.lindenhausen.de\/blog\/wp-json\/wp\/v2\/users\/1"}],"replies":[{"embeddable":true,"href":"http:\/\/www.lindenhausen.de\/blog\/wp-json\/wp\/v2\/comments?post=676"}],"version-history":[{"count":9,"href":"http:\/\/www.lindenhausen.de\/blog\/wp-json\/wp\/v2\/pages\/676\/revisions"}],"predecessor-version":[{"id":781,"href":"http:\/\/www.lindenhausen.de\/blog\/wp-json\/wp\/v2\/pages\/676\/revisions\/781"}],"up":[{"embeddable":true,"href":"http:\/\/www.lindenhausen.de\/blog\/wp-json\/wp\/v2\/pages\/657"}],"wp:featuredmedia":[{"embeddable":true,"href":"http:\/\/www.lindenhausen.de\/blog\/wp-json\/wp\/v2\/media\/762"}],"wp:attachment":[{"href":"http:\/\/www.lindenhausen.de\/blog\/wp-json\/wp\/v2\/media?parent=676"}],"curies":[{"name":"wp","href":"https:\/\/api.w.org\/{rel}","templated":true}]}}