{"id":657,"date":"2015-06-08T14:36:59","date_gmt":"2015-06-08T12:36:59","guid":{"rendered":"http:\/\/www.lindenhausen.de\/blog\/?page_id=657"},"modified":"2015-06-09T15:53:41","modified_gmt":"2015-06-09T13:53:41","slug":"stuttgart-kirchentag-2015-mittwoch","status":"publish","type":"page","link":"http:\/\/www.lindenhausen.de\/blog\/reiseberichte-landurlaub\/stuttgart-kirchentag-2015-mittwoch\/","title":{"rendered":"Stuttgart-Kirchentag 2015 Mittwoch"},"content":{"rendered":"<p>Es<em> gibt freies Wlan in Stuttgart am Rathaus, kurz vor 11 kocht der Asphalt schon und ich sitze hier im Schatten vor einer B\u00e4ckerei und genie\u00dfe ein wenig die Ruhe.<\/em><\/p>\n<p>Bei fast 3000 Veranstaltungen ist es schwierig die richtige Auswahl zu finden und vor allem einfach mal eine Auszeit zu nehmen denn \u00fcberall habe ich das Gef\u00fchl etwas wichtiges zu verpassen.<\/p>\n<p>So verpasse ich im Augenblick eine Podiumsdiskussion zum Thema Kirchenaslyl oder alternativ ein Gespr\u00e4ch \u00fcber das Verh\u00e4ltniss zwischen Muslimen und Christen, k\u00f6nnte aber auch einen Tanzworkshop besuchen.<\/p>\n<p>Ok, die Qual der Wahl und da ich daheim ein Kirchenasyl mit betreue, ein gutes Verh\u00e4ltniss zu den Muslimen in meiner Umgebung pflege sowie jede Woche zum Tanzkurs gehe finde ich es herrlich hier unter den Menschen zu sitzen, ihren Gespr\u00e4chsfetzen zu lauschen, von der B\u00fchne um die Ecke kann man einen Posaunenchor h\u00f6ren,der alte bekannte Kirchenlieder spielt.<\/p>\n<p>Alle sind, trotz der Hitzeschlacht recht relaxt, kein Gedr\u00e4nge trotz \u00fcberf\u00fcllter Veranstaltungen und U-Bahnen, man kennt und erkennt sich.<\/p>\n<p>Aber zur\u00fcck zum Anfang&#8230;..<\/p>\n<p>Da der Kirchentag heuer ein s\u00fcddeutsches Heimspiel ist konnten wir ausschlafen und gegen 10:00 Uhr sammelte ich meine drei Mitfahrer ein.<\/p>\n<p>Fast Staufrei kamen wir dann 14:00 Uhr in Stuttgart an und bezogen unser Quartier in der Wolfbuschschule. Wir wurde sehr herzlich empfangen, die Schule wirkt freundlich und sauber.<\/p>\n<figure id=\"attachment_692\" aria-describedby=\"caption-attachment-692\" style=\"width: 225px\" class=\"wp-caption alignnone\"><a href=\"http:\/\/www.lindenhausen.de\/blog\/wp-content\/uploads\/2015\/06\/IMG_5776-e1433840196294.jpg\"><img decoding=\"async\" loading=\"lazy\" class=\"size-medium wp-image-692\" src=\"http:\/\/www.lindenhausen.de\/blog\/wp-content\/uploads\/2015\/06\/IMG_5776-e1433840196294-225x300.jpg\" alt=\"Quartier\" width=\"225\" height=\"300\" srcset=\"http:\/\/www.lindenhausen.de\/blog\/wp-content\/uploads\/2015\/06\/IMG_5776-e1433840196294-225x300.jpg 225w, http:\/\/www.lindenhausen.de\/blog\/wp-content\/uploads\/2015\/06\/IMG_5776-e1433840196294-768x1024.jpg 768w, http:\/\/www.lindenhausen.de\/blog\/wp-content\/uploads\/2015\/06\/IMG_5776-e1433840196294.jpg 900w\" sizes=\"(max-width: 225px) 100vw, 225px\" \/><\/a><figcaption id=\"caption-attachment-692\" class=\"wp-caption-text\">Quartier<\/figcaption><\/figure>\n<p>Also Luftmatratzen aufgepumt, Gep\u00e4ck verteilt und 15:00 uhr sa\u00dfen wir schon in der U-Bahn Richtung Stadtmitte. Ein kleiner Spaziergang um uns einen ersten Eindruck zu verschaffen tat nach der Fahrt gut, direkt am Schlo\u00dfplatz fanden wir dann auch ein Cafe mit 4 freien Pl\u00e4tzen, der obligatorische Sprizz schmeckte hier bei der W\u00e4rme besonders gut.<\/p>\n<p><div id='gallery-1' class='gallery galleryid-657 gallery-columns-4 gallery-size-medium'><figure class='gallery-item'>\n\t\t\t<div class='gallery-icon portrait'>\n\t\t\t\t<a href='http:\/\/www.lindenhausen.de\/blog\/reiseberichte-landurlaub\/stuttgart-kirchentag-2015-mittwoch\/img_5779\/'><img width=\"225\" height=\"300\" src=\"http:\/\/www.lindenhausen.de\/blog\/wp-content\/uploads\/2015\/06\/IMG_5779-e1433840118164-225x300.jpg\" class=\"attachment-medium size-medium\" alt=\"\" decoding=\"async\" loading=\"lazy\" aria-describedby=\"gallery-1-694\" srcset=\"http:\/\/www.lindenhausen.de\/blog\/wp-content\/uploads\/2015\/06\/IMG_5779-e1433840118164-225x300.jpg 225w, http:\/\/www.lindenhausen.de\/blog\/wp-content\/uploads\/2015\/06\/IMG_5779-e1433840118164-768x1024.jpg 768w, http:\/\/www.lindenhausen.de\/blog\/wp-content\/uploads\/2015\/06\/IMG_5779-e1433840118164.jpg 900w\" sizes=\"(max-width: 225px) 100vw, 225px\" \/><\/a>\n\t\t\t<\/div>\n\t\t\t\t<figcaption class='wp-caption-text gallery-caption' id='gallery-1-694'>\n\t\t\t\tAnkunft\n\t\t\t\t<\/figcaption><\/figure><figure class='gallery-item'>\n\t\t\t<div class='gallery-icon landscape'>\n\t\t\t\t<a href='http:\/\/www.lindenhausen.de\/blog\/reiseberichte-landurlaub\/stuttgart-kirchentag-2015-mittwoch\/img_5778\/'><img width=\"300\" height=\"225\" src=\"http:\/\/www.lindenhausen.de\/blog\/wp-content\/uploads\/2015\/06\/IMG_5778-e1433840164105-300x225.jpg\" class=\"attachment-medium size-medium\" alt=\"\" decoding=\"async\" loading=\"lazy\" aria-describedby=\"gallery-1-693\" srcset=\"http:\/\/www.lindenhausen.de\/blog\/wp-content\/uploads\/2015\/06\/IMG_5778-e1433840164105-300x225.jpg 300w, http:\/\/www.lindenhausen.de\/blog\/wp-content\/uploads\/2015\/06\/IMG_5778-e1433840164105-1024x768.jpg 1024w, http:\/\/www.lindenhausen.de\/blog\/wp-content\/uploads\/2015\/06\/IMG_5778-e1433840164105.jpg 1200w\" sizes=\"(max-width: 300px) 100vw, 300px\" \/><\/a>\n\t\t\t<\/div>\n\t\t\t\t<figcaption class='wp-caption-text gallery-caption' id='gallery-1-693'>\n\t\t\t\tAnkunft\n\t\t\t\t<\/figcaption><\/figure><figure class='gallery-item'>\n\t\t\t<div class='gallery-icon landscape'>\n\t\t\t\t<a href='http:\/\/www.lindenhausen.de\/blog\/reiseberichte-landurlaub\/stuttgart-kirchentag-2015-mittwoch\/dsc_0550\/'><img width=\"300\" height=\"199\" src=\"http:\/\/www.lindenhausen.de\/blog\/wp-content\/uploads\/2015\/06\/DSC_0550-300x199.jpg\" class=\"attachment-medium size-medium\" alt=\"\" decoding=\"async\" loading=\"lazy\" aria-describedby=\"gallery-1-687\" srcset=\"http:\/\/www.lindenhausen.de\/blog\/wp-content\/uploads\/2015\/06\/DSC_0550-300x199.jpg 300w, http:\/\/www.lindenhausen.de\/blog\/wp-content\/uploads\/2015\/06\/DSC_0550-1024x678.jpg 1024w, http:\/\/www.lindenhausen.de\/blog\/wp-content\/uploads\/2015\/06\/DSC_0550-e1433840423908.jpg 1200w\" sizes=\"(max-width: 300px) 100vw, 300px\" \/><\/a>\n\t\t\t<\/div>\n\t\t\t\t<figcaption class='wp-caption-text gallery-caption' id='gallery-1-687'>\n\t\t\t\tEr\u00f6ffnungsgottesdienst\n\t\t\t\t<\/figcaption><\/figure><figure class='gallery-item'>\n\t\t\t<div class='gallery-icon landscape'>\n\t\t\t\t<a href='http:\/\/www.lindenhausen.de\/blog\/reiseberichte-landurlaub\/stuttgart-kirchentag-2015-mittwoch\/dsc_0548\/'><img width=\"300\" height=\"199\" src=\"http:\/\/www.lindenhausen.de\/blog\/wp-content\/uploads\/2015\/06\/DSC_0548-300x199.jpg\" class=\"attachment-medium size-medium\" alt=\"\" decoding=\"async\" loading=\"lazy\" aria-describedby=\"gallery-1-686\" srcset=\"http:\/\/www.lindenhausen.de\/blog\/wp-content\/uploads\/2015\/06\/DSC_0548-300x199.jpg 300w, http:\/\/www.lindenhausen.de\/blog\/wp-content\/uploads\/2015\/06\/DSC_0548-1024x678.jpg 1024w, http:\/\/www.lindenhausen.de\/blog\/wp-content\/uploads\/2015\/06\/DSC_0548-e1433840465120.jpg 1200w\" sizes=\"(max-width: 300px) 100vw, 300px\" \/><\/a>\n\t\t\t<\/div>\n\t\t\t\t<figcaption class='wp-caption-text gallery-caption' id='gallery-1-686'>\n\t\t\t\tEr\u00f6ffnungsgottesdienst\n\t\t\t\t<\/figcaption><\/figure>\n\t\t<\/div>\n<br \/>\nDer fr\u00fche Vogel f\u00e4ngt den Wurm und so bekamen wir f\u00fcr den Er\u00f6ffnungsgottesdienst Pl\u00e4tze im Ehrenhof, recht weit vorne mit Blick auf Presse und Promis.<\/p>\n<p><iframe loading=\"lazy\" width=\"604\" height=\"340\" src=\"https:\/\/www.youtube.com\/embed\/HxwHTVsAgvE?feature=oembed\" frameborder=\"0\" allowfullscreen><\/iframe><\/p>\n<p>Die Stunde Wartezeit bis zum Beginn hat uns gut gefallen, denn auf jedem Kirchentag gibt es neue Lieder und die wurden jetzt gelernt.<\/p>\n<p>Es war schon beeindruckend , vor uns die gro\u00dfe B\u00fchne, rechts und links Bl\u00e4serch\u00f6re und hinter uns tausende Mennschen, ich habe noch keine genauen Zahlen gefunden, die reiche ich noch nach.-<em>laut Medienangaben waren es am Schlo\u00dfplatz 55000 Menschen-<br \/>\n<\/em><\/p>\n<p>Beeindruckt haben mich die Lesungen, noch nie habe ich diese so vorgetragen geh\u00f6rt- eigentlich eine eher fade Angelegenheit wurde hier mit Betohnung, Hintergrundmusik, Akrobatik und Wiederholungen eine Stimmung geschaffen der man sich nicht entziehen konnte und die zum Zuh\u00f6ren zwang.<\/p>\n<p><iframe loading=\"lazy\" width=\"604\" height=\"340\" src=\"https:\/\/www.youtube.com\/embed\/5O6y8Zg-k9M?feature=oembed\" frameborder=\"0\" allowfullscreen><\/iframe><\/p>\n<p><iframe loading=\"lazy\" width=\"604\" height=\"340\" src=\"https:\/\/www.youtube.com\/embed\/ItXozroI4-U?feature=oembed\" frameborder=\"0\" allowfullscreen><\/iframe><\/p>\n<p>Der Bundespr\u00e4sident fand klare Worte, verbreitet Herzlichkeit und zeigte auf was unser Land so sch\u00f6n macht-die vielen Menschen, die ehrenamtlich dazu beitragen das soviel m\u00f6glich ist-ob im Fu\u00dfballverein, bei der Feuerwehr oder eben auch in den Kirchen.<\/p>\n<p>Was w\u00e4re Kirchenmusik ohne Ehrenamt, wer betreut Fl\u00fcchtinge, Kinder, den Seniorenkreis, Krankenhausbesuchsdienste, wer trainiert die kleinen Fu\u00dfballer von morgen?<\/p>\n<p>Der Abend der Begegnung lud dann zum bummeln ein, allerdings war uns nach einer Stunde das Gedr\u00e4nge zuviel wir suchten einen Italiener um endlich zu sitzen und dem Hunger her zu werden.<\/p>\n<p>21:30 fanden wir uns dann wieder am Schlo\u00dfplatz vor der B\u00fchne ein, Ch\u00f6re aus ganz Baden W\u00fcrttemberg luden zum gemeinsamen Singen ein, danach l\u00e4utetet alle Glocken der Stadt, Kerzen wurden angez\u00fcndet und gemeinsam der Abendsegen intoniert. Zu \u201cLaudate omnes gentes\u201d verlie\u00dfen \u00fcber 200000 Menschen die Innenstadt, ohne Gedr\u00e4nge , singend ging es in Richtung der U-Bahnen und Z\u00fcge, ein sehr emotionaler und wundersch\u00f6ner Abend ging zu Ende.<\/p>\n<div id='gallery-2' class='gallery galleryid-657 gallery-columns-4 gallery-size-medium'><figure class='gallery-item'>\n\t\t\t<div class='gallery-icon portrait'>\n\t\t\t\t<a href='http:\/\/www.lindenhausen.de\/blog\/reiseberichte-landurlaub\/stuttgart-kirchentag-2015-mittwoch\/img_5787\/'><img width=\"225\" height=\"300\" src=\"http:\/\/www.lindenhausen.de\/blog\/wp-content\/uploads\/2015\/06\/IMG_5787-e1433840071277-225x300.jpg\" class=\"attachment-medium size-medium\" alt=\"\" decoding=\"async\" loading=\"lazy\" aria-describedby=\"gallery-2-695\" srcset=\"http:\/\/www.lindenhausen.de\/blog\/wp-content\/uploads\/2015\/06\/IMG_5787-e1433840071277-225x300.jpg 225w, http:\/\/www.lindenhausen.de\/blog\/wp-content\/uploads\/2015\/06\/IMG_5787-e1433840071277-768x1024.jpg 768w, http:\/\/www.lindenhausen.de\/blog\/wp-content\/uploads\/2015\/06\/IMG_5787-e1433840071277.jpg 900w\" sizes=\"(max-width: 225px) 100vw, 225px\" \/><\/a>\n\t\t\t<\/div>\n\t\t\t\t<figcaption class='wp-caption-text gallery-caption' id='gallery-2-695'>\n\t\t\t\tAbend der Begegnung\n\t\t\t\t<\/figcaption><\/figure><figure class='gallery-item'>\n\t\t\t<div class='gallery-icon landscape'>\n\t\t\t\t<a href='http:\/\/www.lindenhausen.de\/blog\/reiseberichte-landurlaub\/stuttgart-kirchentag-2015-mittwoch\/dsc_0562\/'><img width=\"300\" height=\"199\" src=\"http:\/\/www.lindenhausen.de\/blog\/wp-content\/uploads\/2015\/06\/DSC_0562-300x199.jpg\" class=\"attachment-medium size-medium\" alt=\"\" decoding=\"async\" loading=\"lazy\" aria-describedby=\"gallery-2-690\" srcset=\"http:\/\/www.lindenhausen.de\/blog\/wp-content\/uploads\/2015\/06\/DSC_0562-300x199.jpg 300w, http:\/\/www.lindenhausen.de\/blog\/wp-content\/uploads\/2015\/06\/DSC_0562-1024x678.jpg 1024w, http:\/\/www.lindenhausen.de\/blog\/wp-content\/uploads\/2015\/06\/DSC_0562-e1433840268720.jpg 1200w\" sizes=\"(max-width: 300px) 100vw, 300px\" \/><\/a>\n\t\t\t<\/div>\n\t\t\t\t<figcaption class='wp-caption-text gallery-caption' id='gallery-2-690'>\n\t\t\t\tAbend der Begegnung\n\t\t\t\t<\/figcaption><\/figure><figure class='gallery-item'>\n\t\t\t<div class='gallery-icon landscape'>\n\t\t\t\t<a href='http:\/\/www.lindenhausen.de\/blog\/reiseberichte-landurlaub\/stuttgart-kirchentag-2015-mittwoch\/dsc_0561\/'><img width=\"300\" height=\"199\" src=\"http:\/\/www.lindenhausen.de\/blog\/wp-content\/uploads\/2015\/06\/DSC_0561-300x199.jpg\" class=\"attachment-medium size-medium\" alt=\"\" decoding=\"async\" loading=\"lazy\" aria-describedby=\"gallery-2-689\" srcset=\"http:\/\/www.lindenhausen.de\/blog\/wp-content\/uploads\/2015\/06\/DSC_0561-300x199.jpg 300w, http:\/\/www.lindenhausen.de\/blog\/wp-content\/uploads\/2015\/06\/DSC_0561-1024x678.jpg 1024w, http:\/\/www.lindenhausen.de\/blog\/wp-content\/uploads\/2015\/06\/DSC_0561-e1433840337434.jpg 1200w\" sizes=\"(max-width: 300px) 100vw, 300px\" \/><\/a>\n\t\t\t<\/div>\n\t\t\t\t<figcaption class='wp-caption-text gallery-caption' id='gallery-2-689'>\n\t\t\t\tAbend der Begegnung\n\t\t\t\t<\/figcaption><\/figure><figure class='gallery-item'>\n\t\t\t<div class='gallery-icon portrait'>\n\t\t\t\t<a href='http:\/\/www.lindenhausen.de\/blog\/reiseberichte-landurlaub\/stuttgart-kirchentag-2015-mittwoch\/dsc_0569-2\/'><img width=\"199\" height=\"300\" src=\"http:\/\/www.lindenhausen.de\/blog\/wp-content\/uploads\/2015\/06\/DSC_0569-e1433840234785-199x300.jpg\" class=\"attachment-medium size-medium\" alt=\"\" decoding=\"async\" loading=\"lazy\" aria-describedby=\"gallery-2-691\" srcset=\"http:\/\/www.lindenhausen.de\/blog\/wp-content\/uploads\/2015\/06\/DSC_0569-e1433840234785-199x300.jpg 199w, http:\/\/www.lindenhausen.de\/blog\/wp-content\/uploads\/2015\/06\/DSC_0569-e1433840234785-678x1024.jpg 678w, http:\/\/www.lindenhausen.de\/blog\/wp-content\/uploads\/2015\/06\/DSC_0569-e1433840234785.jpg 795w\" sizes=\"(max-width: 199px) 100vw, 199px\" \/><\/a>\n\t\t\t<\/div>\n\t\t\t\t<figcaption class='wp-caption-text gallery-caption' id='gallery-2-691'>\n\t\t\t\tLichtermeer\n\t\t\t\t<\/figcaption><\/figure>\n\t\t<\/div>\n\n<p><a title=\"Stuttgart-Kirchentag 2015 Donnerstag\" href=\"http:\/\/www.lindenhausen.de\/blog\/reiseberichte-landurlaub\/stuttgart-kirchentag-2015-mittwoch\/stuttgart-kirchentag-2015-donnerstag\/\">Hier gehts zum Donnerstag<\/a><\/p>\n","protected":false},"excerpt":{"rendered":"<p>Es gibt freies Wlan in Stuttgart am Rathaus, kurz vor 11 kocht der Asphalt schon und ich sitze hier im Schatten vor einer B\u00e4ckerei und genie\u00dfe ein wenig die Ruhe. Bei fast 3000 Veranstaltungen ist es schwierig die richtige Auswahl zu finden und vor allem einfach mal eine Auszeit zu nehmen denn \u00fcberall habe ich &hellip; <a href=\"http:\/\/www.lindenhausen.de\/blog\/reiseberichte-landurlaub\/stuttgart-kirchentag-2015-mittwoch\/\" class=\"more-link\"><span class=\"screen-reader-text\">Stuttgart-Kirchentag 2015 Mittwoch<\/span> weiterlesen <span class=\"meta-nav\">&rarr;<\/span><\/a><\/p>\n","protected":false},"author":1,"featured_media":698,"parent":311,"menu_order":7,"comment_status":"open","ping_status":"open","template":"","meta":{"_monsterinsights_skip_tracking":false,"_monsterinsights_sitenote_active":false,"_monsterinsights_sitenote_note":"","_monsterinsights_sitenote_category":0},"yoast_head":"<!-- This site is optimized with the Yoast SEO plugin v21.0 - https:\/\/yoast.com\/wordpress\/plugins\/seo\/ -->\n<title>Stuttgart-Kirchentag 2015 Mittwoch - Lindenhausen-weil Reisen Spa\u00df macht<\/title>\n<meta name=\"robots\" content=\"index, follow, max-snippet:-1, max-image-preview:large, max-video-preview:-1\" \/>\n<link rel=\"canonical\" href=\"https:\/\/www.lindenhausen.de\/blog\/reiseberichte-landurlaub\/stuttgart-kirchentag-2015-mittwoch\/\" \/>\n<meta property=\"og:locale\" content=\"de_DE\" \/>\n<meta property=\"og:type\" content=\"article\" \/>\n<meta property=\"og:title\" content=\"Stuttgart-Kirchentag 2015 Mittwoch - Lindenhausen-weil Reisen Spa\u00df macht\" \/>\n<meta property=\"og:description\" content=\"Es gibt freies Wlan in Stuttgart am Rathaus, kurz vor 11 kocht der Asphalt schon und ich sitze hier im Schatten vor einer B\u00e4ckerei und genie\u00dfe ein wenig die Ruhe. Bei fast 3000 Veranstaltungen ist es schwierig die richtige Auswahl zu finden und vor allem einfach mal eine Auszeit zu nehmen denn \u00fcberall habe ich &hellip; Stuttgart-Kirchentag 2015 Mittwoch weiterlesen &rarr;\" \/>\n<meta property=\"og:url\" content=\"https:\/\/www.lindenhausen.de\/blog\/reiseberichte-landurlaub\/stuttgart-kirchentag-2015-mittwoch\/\" \/>\n<meta property=\"og:site_name\" content=\"Lindenhausen-weil Reisen Spa\u00df macht\" \/>\n<meta property=\"article:publisher\" content=\"http:\/\/www.facebook.com\/Lindenhausen\/\" \/>\n<meta property=\"article:modified_time\" content=\"2015-06-09T13:53:41+00:00\" \/>\n<meta property=\"og:image\" content=\"https:\/\/www.lindenhausen.de\/blog\/wp-content\/uploads\/2015\/06\/IMG_5887-e1433840928622.jpg\" \/>\n\t<meta property=\"og:image:width\" content=\"600\" \/>\n\t<meta property=\"og:image:height\" content=\"800\" \/>\n\t<meta property=\"og:image:type\" content=\"image\/jpeg\" \/>\n<meta name=\"twitter:card\" content=\"summary_large_image\" \/>\n<meta name=\"twitter:site\" content=\"@Maxilinde\" \/>\n<meta name=\"twitter:label1\" content=\"Gesch\u00e4tzte Lesezeit\" \/>\n\t<meta name=\"twitter:data1\" content=\"3\u00a0Minuten\" \/>\n<script type=\"application\/ld+json\" class=\"yoast-schema-graph\">{\"@context\":\"https:\/\/schema.org\",\"@graph\":[{\"@type\":\"WebPage\",\"@id\":\"https:\/\/www.lindenhausen.de\/blog\/reiseberichte-landurlaub\/stuttgart-kirchentag-2015-mittwoch\/\",\"url\":\"https:\/\/www.lindenhausen.de\/blog\/reiseberichte-landurlaub\/stuttgart-kirchentag-2015-mittwoch\/\",\"name\":\"Stuttgart-Kirchentag 2015 Mittwoch - Lindenhausen-weil Reisen Spa\u00df macht\",\"isPartOf\":{\"@id\":\"https:\/\/www.lindenhausen.de\/blog\/#website\"},\"datePublished\":\"2015-06-08T12:36:59+00:00\",\"dateModified\":\"2015-06-09T13:53:41+00:00\",\"breadcrumb\":{\"@id\":\"https:\/\/www.lindenhausen.de\/blog\/reiseberichte-landurlaub\/stuttgart-kirchentag-2015-mittwoch\/#breadcrumb\"},\"inLanguage\":\"de\",\"potentialAction\":[{\"@type\":\"ReadAction\",\"target\":[\"https:\/\/www.lindenhausen.de\/blog\/reiseberichte-landurlaub\/stuttgart-kirchentag-2015-mittwoch\/\"]}]},{\"@type\":\"BreadcrumbList\",\"@id\":\"https:\/\/www.lindenhausen.de\/blog\/reiseberichte-landurlaub\/stuttgart-kirchentag-2015-mittwoch\/#breadcrumb\",\"itemListElement\":[{\"@type\":\"ListItem\",\"position\":1,\"name\":\"Startseite\",\"item\":\"https:\/\/www.lindenhausen.de\/blog\/\"},{\"@type\":\"ListItem\",\"position\":2,\"name\":\"Reiseberichte Landurlaub\",\"item\":\"http:\/\/www.lindenhausen.de\/blog\/reiseberichte-landurlaub\/\"},{\"@type\":\"ListItem\",\"position\":3,\"name\":\"Stuttgart-Kirchentag 2015 Mittwoch\"}]},{\"@type\":\"WebSite\",\"@id\":\"https:\/\/www.lindenhausen.de\/blog\/#website\",\"url\":\"https:\/\/www.lindenhausen.de\/blog\/\",\"name\":\"Lindenhausen-weil Reisen Spa\u00df macht\",\"description\":\"Reisen und Kreuzfahrten, Reiseberichte, Kreuzfahrtforum\",\"potentialAction\":[{\"@type\":\"SearchAction\",\"target\":{\"@type\":\"EntryPoint\",\"urlTemplate\":\"https:\/\/www.lindenhausen.de\/blog\/?s={search_term_string}\"},\"query-input\":\"required name=search_term_string\"}],\"inLanguage\":\"de\"}]}<\/script>\n<!-- \/ Yoast SEO plugin. -->","yoast_head_json":{"title":"Stuttgart-Kirchentag 2015 Mittwoch - Lindenhausen-weil Reisen Spa\u00df macht","robots":{"index":"index","follow":"follow","max-snippet":"max-snippet:-1","max-image-preview":"max-image-preview:large","max-video-preview":"max-video-preview:-1"},"canonical":"https:\/\/www.lindenhausen.de\/blog\/reiseberichte-landurlaub\/stuttgart-kirchentag-2015-mittwoch\/","og_locale":"de_DE","og_type":"article","og_title":"Stuttgart-Kirchentag 2015 Mittwoch - Lindenhausen-weil Reisen Spa\u00df macht","og_description":"Es gibt freies Wlan in Stuttgart am Rathaus, kurz vor 11 kocht der Asphalt schon und ich sitze hier im Schatten vor einer B\u00e4ckerei und genie\u00dfe ein wenig die Ruhe. Bei fast 3000 Veranstaltungen ist es schwierig die richtige Auswahl zu finden und vor allem einfach mal eine Auszeit zu nehmen denn \u00fcberall habe ich &hellip; Stuttgart-Kirchentag 2015 Mittwoch weiterlesen &rarr;","og_url":"https:\/\/www.lindenhausen.de\/blog\/reiseberichte-landurlaub\/stuttgart-kirchentag-2015-mittwoch\/","og_site_name":"Lindenhausen-weil Reisen Spa\u00df macht","article_publisher":"http:\/\/www.facebook.com\/Lindenhausen\/","article_modified_time":"2015-06-09T13:53:41+00:00","og_image":[{"width":600,"height":800,"url":"https:\/\/www.lindenhausen.de\/blog\/wp-content\/uploads\/2015\/06\/IMG_5887-e1433840928622.jpg","type":"image\/jpeg"}],"twitter_card":"summary_large_image","twitter_site":"@Maxilinde","twitter_misc":{"Gesch\u00e4tzte Lesezeit":"3\u00a0Minuten"},"schema":{"@context":"https:\/\/schema.org","@graph":[{"@type":"WebPage","@id":"https:\/\/www.lindenhausen.de\/blog\/reiseberichte-landurlaub\/stuttgart-kirchentag-2015-mittwoch\/","url":"https:\/\/www.lindenhausen.de\/blog\/reiseberichte-landurlaub\/stuttgart-kirchentag-2015-mittwoch\/","name":"Stuttgart-Kirchentag 2015 Mittwoch - Lindenhausen-weil Reisen Spa\u00df macht","isPartOf":{"@id":"https:\/\/www.lindenhausen.de\/blog\/#website"},"datePublished":"2015-06-08T12:36:59+00:00","dateModified":"2015-06-09T13:53:41+00:00","breadcrumb":{"@id":"https:\/\/www.lindenhausen.de\/blog\/reiseberichte-landurlaub\/stuttgart-kirchentag-2015-mittwoch\/#breadcrumb"},"inLanguage":"de","potentialAction":[{"@type":"ReadAction","target":["https:\/\/www.lindenhausen.de\/blog\/reiseberichte-landurlaub\/stuttgart-kirchentag-2015-mittwoch\/"]}]},{"@type":"BreadcrumbList","@id":"https:\/\/www.lindenhausen.de\/blog\/reiseberichte-landurlaub\/stuttgart-kirchentag-2015-mittwoch\/#breadcrumb","itemListElement":[{"@type":"ListItem","position":1,"name":"Startseite","item":"https:\/\/www.lindenhausen.de\/blog\/"},{"@type":"ListItem","position":2,"name":"Reiseberichte Landurlaub","item":"http:\/\/www.lindenhausen.de\/blog\/reiseberichte-landurlaub\/"},{"@type":"ListItem","position":3,"name":"Stuttgart-Kirchentag 2015 Mittwoch"}]},{"@type":"WebSite","@id":"https:\/\/www.lindenhausen.de\/blog\/#website","url":"https:\/\/www.lindenhausen.de\/blog\/","name":"Lindenhausen-weil Reisen Spa\u00df macht","description":"Reisen und Kreuzfahrten, Reiseberichte, Kreuzfahrtforum","potentialAction":[{"@type":"SearchAction","target":{"@type":"EntryPoint","urlTemplate":"https:\/\/www.lindenhausen.de\/blog\/?s={search_term_string}"},"query-input":"required name=search_term_string"}],"inLanguage":"de"}]}},"_links":{"self":[{"href":"http:\/\/www.lindenhausen.de\/blog\/wp-json\/wp\/v2\/pages\/657"}],"collection":[{"href":"http:\/\/www.lindenhausen.de\/blog\/wp-json\/wp\/v2\/pages"}],"about":[{"href":"http:\/\/www.lindenhausen.de\/blog\/wp-json\/wp\/v2\/types\/page"}],"author":[{"embeddable":true,"href":"http:\/\/www.lindenhausen.de\/blog\/wp-json\/wp\/v2\/users\/1"}],"replies":[{"embeddable":true,"href":"http:\/\/www.lindenhausen.de\/blog\/wp-json\/wp\/v2\/comments?post=657"}],"version-history":[{"count":7,"href":"http:\/\/www.lindenhausen.de\/blog\/wp-json\/wp\/v2\/pages\/657\/revisions"}],"predecessor-version":[{"id":775,"href":"http:\/\/www.lindenhausen.de\/blog\/wp-json\/wp\/v2\/pages\/657\/revisions\/775"}],"up":[{"embeddable":true,"href":"http:\/\/www.lindenhausen.de\/blog\/wp-json\/wp\/v2\/pages\/311"}],"wp:featuredmedia":[{"embeddable":true,"href":"http:\/\/www.lindenhausen.de\/blog\/wp-json\/wp\/v2\/media\/698"}],"wp:attachment":[{"href":"http:\/\/www.lindenhausen.de\/blog\/wp-json\/wp\/v2\/media?parent=657"}],"curies":[{"name":"wp","href":"https:\/\/api.w.org\/{rel}","templated":true}]}}