{"id":559,"date":"2015-05-11T22:12:45","date_gmt":"2015-05-11T20:12:45","guid":{"rendered":"http:\/\/www.lindenhausen.de\/blog\/?page_id=559"},"modified":"2015-05-11T22:35:03","modified_gmt":"2015-05-11T20:35:03","slug":"prag-mai-2015","status":"publish","type":"page","link":"http:\/\/www.lindenhausen.de\/blog\/reiseberichte-landurlaub\/prag-mai-2015\/","title":{"rendered":"Prag Mai 2015"},"content":{"rendered":"<p style=\"text-align: center;\">M\u00e4delswochenende, schon lange hatten wir drei uns darauf gefreut und so starteten wir am 01.Mai mit dem ALEX in Regensburg.Das Ticket gibt es als Angebot , <a href=\"http:\/\/www.alex.info\/de\/freizeit-und-tipps\/prag-spezial\/\" target=\"_blank\">Prag hin und retour<\/a> f\u00fcr 43\u20ac pro Person.<\/p>\n<p style=\"text-align: center;\">Eine kurze Schrecksekunde gab es am Bahnhof, mein Handy war daheim liegengeblieben, aber ein Blick in dem Geldbeutel beruhigte, Kreditkarte und Fahrkarten waren da-oft stecke\u00a0 ich diese in die Handyh\u00fclle.<\/p>\n<p style=\"text-align: center;\">Also lag ein Handy &#8211; und- Whatsapp freies Wochenende vor mir, am Abend konnte ich ja dann im Hotel das Laptop nutzen<\/p>\n<p style=\"text-align: center;\">Untersch\u00e4tzt hatten wir die Personanzahl die aus dieselbe Idee wie wir kamen, der Zug war hoffnungslos \u00fcberf\u00fcllt, vor allem mit kleinen Gruppen die in Tschechien ihren Junggesellenabschied feiern wollten. Ob sie das nach der Anreise noch geschafft haben entzieht sich meiner Kenntnis, im Zug wurden die Partys schonmal vorgefeiert. Es war aber eher lustig als unangenehm, im gro\u00dfen und ganzen waren alle nett .<\/p>\n<p style=\"text-align: center;\">Ein erstes Glas Sekt half \u00fcber ein eventuelles Stimmungstief.<\/p>\n<p style=\"text-align: center;\">Erst ab Plzen bekamen wir einen Sitzplatz, \u00fcber den Zustand des Abteils schweige ich h\u00f6flich.<\/p>\n<p style=\"text-align: center;\">Das n\u00e4chste mal nur mit Platzkarte.<\/p>\n<p style=\"text-align: center;\">Den Prager Bahnhof hatte ich das letzte mal vor fast 30 Jahren von innen gesehen, damals war der Umbau gerade fertig.\u00a0 Sp\u00e4tere Besuche\u00a0 erfolgten mit dem Auto.<\/p>\n<p style=\"text-align: center;\">Viel hat sich nicht ver\u00e4ndert, mehr Shops und FastFood Angebote.<\/p>\n<p style=\"text-align: center;\">Unser Hotel lag nur wenige Schritte durch den h\u00fcbschen kleinen Park, den man Nachts allerdings meiden sollte, entfernt, keine 3 Minuten zu Fu\u00df.<\/p>\n<p style=\"text-align: center;\">Aufgrund meiner guten Erfahrungen mit der Falkensteiner Kette und der g\u00fcnstigen Innenstadtlage hatten wir uns f\u00fcr das <a href=\"http:\/\/www.falkensteiner.com\/de\/hotel\/prag?gclid=CKzb04iCuMUCFcfMtAodHikAXA\" target=\"_blank\">Hotel Falkensteiner Maria Prag<\/a>\u00a0 entschieden und wurden nicht entt\u00e4uscht.<\/p>\n<p style=\"text-align: center;\">Von aussen ein repr\u00e4sentatives Geb\u00e4ude, innen modernisiert und mit Stilsicherheit gestaltet.<\/p>\n<div id='gallery-1' class='gallery galleryid-559 gallery-columns-2 gallery-size-medium'><figure class='gallery-item'>\n\t\t\t<div class='gallery-icon portrait'>\n\t\t\t\t<a href='http:\/\/www.lindenhausen.de\/blog\/reiseberichte-landurlaub\/prag-mai-2015\/dsc_0539\/'><img width=\"199\" height=\"300\" src=\"http:\/\/www.lindenhausen.de\/blog\/wp-content\/uploads\/2015\/05\/DSC_0539-e1431282961316-199x300.jpg\" class=\"attachment-medium size-medium\" alt=\"\" decoding=\"async\" loading=\"lazy\" aria-describedby=\"gallery-1-606\" srcset=\"http:\/\/www.lindenhausen.de\/blog\/wp-content\/uploads\/2015\/05\/DSC_0539-e1431282961316-199x300.jpg 199w, http:\/\/www.lindenhausen.de\/blog\/wp-content\/uploads\/2015\/05\/DSC_0539-e1431282961316-678x1024.jpg 678w, http:\/\/www.lindenhausen.de\/blog\/wp-content\/uploads\/2015\/05\/DSC_0539-e1431282961316.jpg 795w\" sizes=\"(max-width: 199px) 100vw, 199px\" \/><\/a>\n\t\t\t<\/div>\n\t\t\t\t<figcaption class='wp-caption-text gallery-caption' id='gallery-1-606'>\n\t\t\t\tHotel Falkensteiner Maria Prag\n\t\t\t\t<\/figcaption><\/figure><figure class='gallery-item'>\n\t\t\t<div class='gallery-icon landscape'>\n\t\t\t\t<a href='http:\/\/www.lindenhausen.de\/blog\/reiseberichte-landurlaub\/prag-mai-2015\/dsc_0341\/'><img width=\"300\" height=\"199\" src=\"http:\/\/www.lindenhausen.de\/blog\/wp-content\/uploads\/2015\/05\/DSC_0341-300x199.jpg\" class=\"attachment-medium size-medium\" alt=\"\" decoding=\"async\" loading=\"lazy\" aria-describedby=\"gallery-1-560\" srcset=\"http:\/\/www.lindenhausen.de\/blog\/wp-content\/uploads\/2015\/05\/DSC_0341-300x199.jpg 300w, http:\/\/www.lindenhausen.de\/blog\/wp-content\/uploads\/2015\/05\/DSC_0341-1024x678.jpg 1024w, http:\/\/www.lindenhausen.de\/blog\/wp-content\/uploads\/2015\/05\/DSC_0341-e1431281093886.jpg 1200w\" sizes=\"(max-width: 300px) 100vw, 300px\" \/><\/a>\n\t\t\t<\/div>\n\t\t\t\t<figcaption class='wp-caption-text gallery-caption' id='gallery-1-560'>\n\t\t\t\tHotel Falkensteiner Maria Prag\n\t\t\t\t<\/figcaption><\/figure>\n\t\t<\/div>\n\n<p style=\"text-align: center;\">Wlan kostenfrei, gro\u00dfz\u00fcgiges Zimmer wie ich es in Stadthotels dieser Preislage noch nicht gesehen habe, tolles Fr\u00fchst\u00fcck, in der Lobby immer Wasser und Obst kostenfrei verf\u00fcgbar, kleine Annehmlichkeiten die die Wertsch\u00e4tzung des Gastes zeigen.<\/p>\n<p style=\"text-align: center;\">Wir hielten uns nicht lange auf und brachen zu einem ersten Stadtspaziergang auf, meine Freundinnen waren schon gespannt, war es doch ihr erster Besuch in Prag.<\/p>\n<p style=\"text-align: center;\">Daheim war f\u00fcr das ganze Wochenende starker Regen angesagt und auch hier zogen bedrohliche Wolken auf.<\/p>\n<p style=\"text-align: center;\">Zuerst bummelten wir \u00fcber den Wenzelsplatz, dann bogen wir nach rechts ab zum Obecn\u00ed d\u016fm, wo wir im wundersch\u00f6nen<a href=\"http:\/\/www.kavarnaod.cz\/fotogalerie-7\/\" target=\"_blank\"> Jugendstilcafe<\/a> einkehren wollten.<\/p>\n<p style=\"text-align: center;\">Wir hatten Gl\u00fcck, bekamen einen freien Tisch und dann begann es draussen schon zu regnen.<\/p>\n<div id='gallery-2' class='gallery galleryid-559 gallery-columns-3 gallery-size-medium'><figure class='gallery-item'>\n\t\t\t<div class='gallery-icon landscape'>\n\t\t\t\t<a href='http:\/\/www.lindenhausen.de\/blog\/reiseberichte-landurlaub\/prag-mai-2015\/dsc_0348\/'><img width=\"300\" height=\"199\" src=\"http:\/\/www.lindenhausen.de\/blog\/wp-content\/uploads\/2015\/05\/DSC_0348-300x199.jpg\" class=\"attachment-medium size-medium\" alt=\"\" decoding=\"async\" loading=\"lazy\" aria-describedby=\"gallery-2-562\" srcset=\"http:\/\/www.lindenhausen.de\/blog\/wp-content\/uploads\/2015\/05\/DSC_0348-300x199.jpg 300w, http:\/\/www.lindenhausen.de\/blog\/wp-content\/uploads\/2015\/05\/DSC_0348-1024x678.jpg 1024w, http:\/\/www.lindenhausen.de\/blog\/wp-content\/uploads\/2015\/05\/DSC_0348-e1431281182594.jpg 1200w\" sizes=\"(max-width: 300px) 100vw, 300px\" \/><\/a>\n\t\t\t<\/div>\n\t\t\t\t<figcaption class='wp-caption-text gallery-caption' id='gallery-2-562'>\n\t\t\t\tObecn\u00ed d\u016fm\n\t\t\t\t<\/figcaption><\/figure><figure class='gallery-item'>\n\t\t\t<div class='gallery-icon landscape'>\n\t\t\t\t<a href='http:\/\/www.lindenhausen.de\/blog\/reiseberichte-landurlaub\/prag-mai-2015\/dsc_0351\/'><img width=\"300\" height=\"199\" src=\"http:\/\/www.lindenhausen.de\/blog\/wp-content\/uploads\/2015\/05\/DSC_0351-300x199.jpg\" class=\"attachment-medium size-medium\" alt=\"\" decoding=\"async\" loading=\"lazy\" aria-describedby=\"gallery-2-563\" srcset=\"http:\/\/www.lindenhausen.de\/blog\/wp-content\/uploads\/2015\/05\/DSC_0351-300x199.jpg 300w, http:\/\/www.lindenhausen.de\/blog\/wp-content\/uploads\/2015\/05\/DSC_0351-1024x678.jpg 1024w, http:\/\/www.lindenhausen.de\/blog\/wp-content\/uploads\/2015\/05\/DSC_0351-e1431281217379.jpg 1200w\" sizes=\"(max-width: 300px) 100vw, 300px\" \/><\/a>\n\t\t\t<\/div>\n\t\t\t\t<figcaption class='wp-caption-text gallery-caption' id='gallery-2-563'>\n\t\t\t\tObecn\u00ed d\u016fm\n\t\t\t\t<\/figcaption><\/figure><figure class='gallery-item'>\n\t\t\t<div class='gallery-icon landscape'>\n\t\t\t\t<a href='http:\/\/www.lindenhausen.de\/blog\/reiseberichte-landurlaub\/prag-mai-2015\/dsc_0352\/'><img width=\"300\" height=\"199\" src=\"http:\/\/www.lindenhausen.de\/blog\/wp-content\/uploads\/2015\/05\/DSC_0352-300x199.jpg\" class=\"attachment-medium size-medium\" alt=\"\" decoding=\"async\" loading=\"lazy\" aria-describedby=\"gallery-2-564\" srcset=\"http:\/\/www.lindenhausen.de\/blog\/wp-content\/uploads\/2015\/05\/DSC_0352-300x199.jpg 300w, http:\/\/www.lindenhausen.de\/blog\/wp-content\/uploads\/2015\/05\/DSC_0352-1024x678.jpg 1024w, http:\/\/www.lindenhausen.de\/blog\/wp-content\/uploads\/2015\/05\/DSC_0352-e1431281243752.jpg 1200w\" sizes=\"(max-width: 300px) 100vw, 300px\" \/><\/a>\n\t\t\t<\/div>\n\t\t\t\t<figcaption class='wp-caption-text gallery-caption' id='gallery-2-564'>\n\t\t\t\tObecn\u00ed d\u016fm\n\t\t\t\t<\/figcaption><\/figure>\n\t\t<\/div>\n\n<p style=\"text-align: center;\">Irish Coffee und Mineralwasser weckten die Lebensgeister und da es kein schlechtes Wetter sondern nur falsche Kleidung gibt bummelten wir ein wenig durch die Altstadt, dann zur\u00fcck zum Wenzelsplatz bis zur Lucerna Passage und von dort fand ich recht schnell zu dem vorher augesuchten Lokal.<\/p>\n<p style=\"text-align: center;\">Das <a href=\"http:\/\/www.npivovar.cz\/de\/fotogalerie-d14\/restaurace\/\" target=\"_blank\">Novom\u011bstsky Pivovar <\/a>wurde mir schon vor Jahren von Prager Bekannten empfohlen und entt\u00e4uschte auch diesesmal\u00a0 nicht. Allerdings ist eine Reservierung empfehlenswert da sonst die sch\u00f6nen Tische weg sind.<\/p>\n<p style=\"text-align: center;\">Ich hatte mich schon seit Tagen auf Kn\u00f6del und Kraut gefreut und nachdem ich als eher sparsamer Esser bekannt bin, wurden meine M\u00e4dels heute eines besseren belehrt.<\/p>\n<p style=\"text-align: center;\"><a href=\"http:\/\/www.lindenhausen.de\/blog\/wp-content\/uploads\/2015\/05\/DSC_0355-e1431281274317.jpg\"><img decoding=\"async\" loading=\"lazy\" class=\"alignnone size-medium wp-image-565\" src=\"http:\/\/www.lindenhausen.de\/blog\/wp-content\/uploads\/2015\/05\/DSC_0355-300x199.jpg\" alt=\"Abendessen\" width=\"300\" height=\"199\" \/><\/a><\/p>\n<p style=\"text-align: center;\">Nun war ein ausgedehnter Verdauungsspaziergang f\u00e4llig , ein &#8222;Absacker&#8220; in einem gem\u00fctlichen Lokal in der Altstadt und gegen Mitternacht fielen wir totm\u00fcde ins Bett.<\/p>\n<figure id=\"attachment_568\" aria-describedby=\"caption-attachment-568\" style=\"width: 199px\" class=\"wp-caption aligncenter\"><a href=\"http:\/\/www.lindenhausen.de\/blog\/wp-content\/uploads\/2015\/05\/DSC_0366-e1431281359326.jpg\"><img decoding=\"async\" loading=\"lazy\" class=\"size-medium wp-image-568\" src=\"http:\/\/www.lindenhausen.de\/blog\/wp-content\/uploads\/2015\/05\/DSC_0366-e1431281359326-199x300.jpg\" alt=\"Wenzelsplatz\" width=\"199\" height=\"300\" srcset=\"http:\/\/www.lindenhausen.de\/blog\/wp-content\/uploads\/2015\/05\/DSC_0366-e1431281359326-199x300.jpg 199w, http:\/\/www.lindenhausen.de\/blog\/wp-content\/uploads\/2015\/05\/DSC_0366-e1431281359326-678x1024.jpg 678w, http:\/\/www.lindenhausen.de\/blog\/wp-content\/uploads\/2015\/05\/DSC_0366-e1431281359326.jpg 795w\" sizes=\"(max-width: 199px) 100vw, 199px\" \/><\/a><figcaption id=\"caption-attachment-568\" class=\"wp-caption-text\">Wenzelsplatz<\/figcaption><\/figure>\n<p><a title=\"Prag 2.5.2015\" href=\"http:\/\/www.lindenhausen.de\/blog\/reiseberichte-landurlaub\/prag-mai-2015\/prag-2-5-2015\/\">Weiter mit 02.05.2015<\/a><\/p>\n","protected":false},"excerpt":{"rendered":"<p>M\u00e4delswochenende, schon lange hatten wir drei uns darauf gefreut und so starteten wir am 01.Mai mit dem ALEX in Regensburg.Das Ticket gibt es als Angebot , Prag hin und retour f\u00fcr 43\u20ac pro Person. Eine kurze Schrecksekunde gab es am Bahnhof, mein Handy war daheim liegengeblieben, aber ein Blick in dem Geldbeutel beruhigte, Kreditkarte und &hellip; <a href=\"http:\/\/www.lindenhausen.de\/blog\/reiseberichte-landurlaub\/prag-mai-2015\/\" class=\"more-link\"><span class=\"screen-reader-text\">Prag Mai 2015<\/span> weiterlesen <span class=\"meta-nav\">&rarr;<\/span><\/a><\/p>\n","protected":false},"author":1,"featured_media":0,"parent":311,"menu_order":6,"comment_status":"open","ping_status":"open","template":"","meta":{"_monsterinsights_skip_tracking":false,"_monsterinsights_sitenote_active":false,"_monsterinsights_sitenote_note":"","_monsterinsights_sitenote_category":0},"yoast_head":"<!-- This site is optimized with the Yoast SEO plugin v21.0 - https:\/\/yoast.com\/wordpress\/plugins\/seo\/ -->\n<title>Prag Mai 2015 - Lindenhausen-weil Reisen Spa\u00df macht<\/title>\n<meta name=\"robots\" content=\"index, follow, max-snippet:-1, max-image-preview:large, max-video-preview:-1\" \/>\n<link rel=\"canonical\" href=\"http:\/\/www.lindenhausen.de\/blog\/reiseberichte-landurlaub\/prag-mai-2015\/\" \/>\n<meta property=\"og:locale\" content=\"de_DE\" \/>\n<meta property=\"og:type\" content=\"article\" \/>\n<meta property=\"og:title\" content=\"Prag Mai 2015 - Lindenhausen-weil Reisen Spa\u00df macht\" \/>\n<meta property=\"og:description\" content=\"M\u00e4delswochenende, schon lange hatten wir drei uns darauf gefreut und so starteten wir am 01.Mai mit dem ALEX in Regensburg.Das Ticket gibt es als Angebot , Prag hin und retour f\u00fcr 43\u20ac pro Person. Eine kurze Schrecksekunde gab es am Bahnhof, mein Handy war daheim liegengeblieben, aber ein Blick in dem Geldbeutel beruhigte, Kreditkarte und &hellip; Prag Mai 2015 weiterlesen &rarr;\" \/>\n<meta property=\"og:url\" content=\"http:\/\/www.lindenhausen.de\/blog\/reiseberichte-landurlaub\/prag-mai-2015\/\" \/>\n<meta property=\"og:site_name\" content=\"Lindenhausen-weil Reisen Spa\u00df macht\" \/>\n<meta property=\"article:publisher\" content=\"http:\/\/www.facebook.com\/Lindenhausen\/\" \/>\n<meta property=\"article:modified_time\" content=\"2015-05-11T20:35:03+00:00\" \/>\n<meta property=\"og:image\" content=\"http:\/\/www.lindenhausen.de\/blog\/wp-content\/uploads\/2015\/05\/DSC_0539-e1431282961316-199x300.jpg\" \/>\n<meta name=\"twitter:card\" content=\"summary_large_image\" \/>\n<meta name=\"twitter:site\" content=\"@Maxilinde\" \/>\n<meta name=\"twitter:label1\" content=\"Gesch\u00e4tzte Lesezeit\" \/>\n\t<meta name=\"twitter:data1\" content=\"3\u00a0Minuten\" \/>\n<script type=\"application\/ld+json\" class=\"yoast-schema-graph\">{\"@context\":\"https:\/\/schema.org\",\"@graph\":[{\"@type\":\"WebPage\",\"@id\":\"http:\/\/www.lindenhausen.de\/blog\/reiseberichte-landurlaub\/prag-mai-2015\/\",\"url\":\"http:\/\/www.lindenhausen.de\/blog\/reiseberichte-landurlaub\/prag-mai-2015\/\",\"name\":\"Prag Mai 2015 - Lindenhausen-weil Reisen Spa\u00df macht\",\"isPartOf\":{\"@id\":\"https:\/\/www.lindenhausen.de\/blog\/#website\"},\"datePublished\":\"2015-05-11T20:12:45+00:00\",\"dateModified\":\"2015-05-11T20:35:03+00:00\",\"breadcrumb\":{\"@id\":\"http:\/\/www.lindenhausen.de\/blog\/reiseberichte-landurlaub\/prag-mai-2015\/#breadcrumb\"},\"inLanguage\":\"de\",\"potentialAction\":[{\"@type\":\"ReadAction\",\"target\":[\"http:\/\/www.lindenhausen.de\/blog\/reiseberichte-landurlaub\/prag-mai-2015\/\"]}]},{\"@type\":\"BreadcrumbList\",\"@id\":\"http:\/\/www.lindenhausen.de\/blog\/reiseberichte-landurlaub\/prag-mai-2015\/#breadcrumb\",\"itemListElement\":[{\"@type\":\"ListItem\",\"position\":1,\"name\":\"Startseite\",\"item\":\"https:\/\/www.lindenhausen.de\/blog\/\"},{\"@type\":\"ListItem\",\"position\":2,\"name\":\"Reiseberichte Landurlaub\",\"item\":\"http:\/\/www.lindenhausen.de\/blog\/reiseberichte-landurlaub\/\"},{\"@type\":\"ListItem\",\"position\":3,\"name\":\"Prag Mai 2015\"}]},{\"@type\":\"WebSite\",\"@id\":\"https:\/\/www.lindenhausen.de\/blog\/#website\",\"url\":\"https:\/\/www.lindenhausen.de\/blog\/\",\"name\":\"Lindenhausen-weil Reisen Spa\u00df macht\",\"description\":\"Reisen und Kreuzfahrten, Reiseberichte, Kreuzfahrtforum\",\"potentialAction\":[{\"@type\":\"SearchAction\",\"target\":{\"@type\":\"EntryPoint\",\"urlTemplate\":\"https:\/\/www.lindenhausen.de\/blog\/?s={search_term_string}\"},\"query-input\":\"required name=search_term_string\"}],\"inLanguage\":\"de\"}]}<\/script>\n<!-- \/ Yoast SEO plugin. -->","yoast_head_json":{"title":"Prag Mai 2015 - Lindenhausen-weil Reisen Spa\u00df macht","robots":{"index":"index","follow":"follow","max-snippet":"max-snippet:-1","max-image-preview":"max-image-preview:large","max-video-preview":"max-video-preview:-1"},"canonical":"http:\/\/www.lindenhausen.de\/blog\/reiseberichte-landurlaub\/prag-mai-2015\/","og_locale":"de_DE","og_type":"article","og_title":"Prag Mai 2015 - Lindenhausen-weil Reisen Spa\u00df macht","og_description":"M\u00e4delswochenende, schon lange hatten wir drei uns darauf gefreut und so starteten wir am 01.Mai mit dem ALEX in Regensburg.Das Ticket gibt es als Angebot , Prag hin und retour f\u00fcr 43\u20ac pro Person. Eine kurze Schrecksekunde gab es am Bahnhof, mein Handy war daheim liegengeblieben, aber ein Blick in dem Geldbeutel beruhigte, Kreditkarte und &hellip; Prag Mai 2015 weiterlesen &rarr;","og_url":"http:\/\/www.lindenhausen.de\/blog\/reiseberichte-landurlaub\/prag-mai-2015\/","og_site_name":"Lindenhausen-weil Reisen Spa\u00df macht","article_publisher":"http:\/\/www.facebook.com\/Lindenhausen\/","article_modified_time":"2015-05-11T20:35:03+00:00","og_image":[{"url":"http:\/\/www.lindenhausen.de\/blog\/wp-content\/uploads\/2015\/05\/DSC_0539-e1431282961316-199x300.jpg"}],"twitter_card":"summary_large_image","twitter_site":"@Maxilinde","twitter_misc":{"Gesch\u00e4tzte Lesezeit":"3\u00a0Minuten"},"schema":{"@context":"https:\/\/schema.org","@graph":[{"@type":"WebPage","@id":"http:\/\/www.lindenhausen.de\/blog\/reiseberichte-landurlaub\/prag-mai-2015\/","url":"http:\/\/www.lindenhausen.de\/blog\/reiseberichte-landurlaub\/prag-mai-2015\/","name":"Prag Mai 2015 - Lindenhausen-weil Reisen Spa\u00df macht","isPartOf":{"@id":"https:\/\/www.lindenhausen.de\/blog\/#website"},"datePublished":"2015-05-11T20:12:45+00:00","dateModified":"2015-05-11T20:35:03+00:00","breadcrumb":{"@id":"http:\/\/www.lindenhausen.de\/blog\/reiseberichte-landurlaub\/prag-mai-2015\/#breadcrumb"},"inLanguage":"de","potentialAction":[{"@type":"ReadAction","target":["http:\/\/www.lindenhausen.de\/blog\/reiseberichte-landurlaub\/prag-mai-2015\/"]}]},{"@type":"BreadcrumbList","@id":"http:\/\/www.lindenhausen.de\/blog\/reiseberichte-landurlaub\/prag-mai-2015\/#breadcrumb","itemListElement":[{"@type":"ListItem","position":1,"name":"Startseite","item":"https:\/\/www.lindenhausen.de\/blog\/"},{"@type":"ListItem","position":2,"name":"Reiseberichte Landurlaub","item":"http:\/\/www.lindenhausen.de\/blog\/reiseberichte-landurlaub\/"},{"@type":"ListItem","position":3,"name":"Prag Mai 2015"}]},{"@type":"WebSite","@id":"https:\/\/www.lindenhausen.de\/blog\/#website","url":"https:\/\/www.lindenhausen.de\/blog\/","name":"Lindenhausen-weil Reisen Spa\u00df macht","description":"Reisen und Kreuzfahrten, Reiseberichte, Kreuzfahrtforum","potentialAction":[{"@type":"SearchAction","target":{"@type":"EntryPoint","urlTemplate":"https:\/\/www.lindenhausen.de\/blog\/?s={search_term_string}"},"query-input":"required name=search_term_string"}],"inLanguage":"de"}]}},"_links":{"self":[{"href":"http:\/\/www.lindenhausen.de\/blog\/wp-json\/wp\/v2\/pages\/559"}],"collection":[{"href":"http:\/\/www.lindenhausen.de\/blog\/wp-json\/wp\/v2\/pages"}],"about":[{"href":"http:\/\/www.lindenhausen.de\/blog\/wp-json\/wp\/v2\/types\/page"}],"author":[{"embeddable":true,"href":"http:\/\/www.lindenhausen.de\/blog\/wp-json\/wp\/v2\/users\/1"}],"replies":[{"embeddable":true,"href":"http:\/\/www.lindenhausen.de\/blog\/wp-json\/wp\/v2\/comments?post=559"}],"version-history":[{"count":7,"href":"http:\/\/www.lindenhausen.de\/blog\/wp-json\/wp\/v2\/pages\/559\/revisions"}],"predecessor-version":[{"id":636,"href":"http:\/\/www.lindenhausen.de\/blog\/wp-json\/wp\/v2\/pages\/559\/revisions\/636"}],"up":[{"embeddable":true,"href":"http:\/\/www.lindenhausen.de\/blog\/wp-json\/wp\/v2\/pages\/311"}],"wp:attachment":[{"href":"http:\/\/www.lindenhausen.de\/blog\/wp-json\/wp\/v2\/media?parent=559"}],"curies":[{"name":"wp","href":"https:\/\/api.w.org\/{rel}","templated":true}]}}