{"id":524,"date":"2015-04-27T14:18:43","date_gmt":"2015-04-27T12:18:43","guid":{"rendered":"http:\/\/www.lindenhausen.de\/blog\/?page_id=524"},"modified":"2015-04-27T14:52:17","modified_gmt":"2015-04-27T12:52:17","slug":"3-etappe-waldsee-greding","status":"publish","type":"page","link":"http:\/\/www.lindenhausen.de\/blog\/reiseberichte-radreisen\/antritt-2015\/3-etappe-waldsee-greding\/","title":{"rendered":"3. Etappe Waldsee-Greding"},"content":{"rendered":"<p style=\"text-align: center;\">In der Nacht hatte es geregnet, der Morgen war recht kalt( nachts 3\u00b0C)\u00a0 aber die Fu\u00dfbodenheizung im Sanit\u00e4rbereich und das reichliche Fr\u00fchst\u00fcck mit hei\u00dfem Tee sorgte schnell f\u00fcr gute Stimmung.<\/p>\n<p style=\"text-align: center;\">In der Zwischenzeit trocknete das Zelt langsam ab und wir konnten einigerma\u00dfen trocken zusammenpacken.<\/p>\n<p style=\"text-align: center;\">Heute lag nur eine kurze Etappe vor uns denn wir wollten sp\u00e4testens 16:00 Uhr daheim sein.<\/p>\n<p style=\"text-align: center;\">Ein sehr sch\u00f6ner Waldweg\u00a0 f\u00fchrte uns direkt nach Hiltpoltstein.<\/p>\n<div id='gallery-1' class='gallery galleryid-524 gallery-columns-3 gallery-size-medium'><figure class='gallery-item'>\n\t\t\t<div class='gallery-icon landscape'>\n\t\t\t\t<a href='http:\/\/www.lindenhausen.de\/blog\/reiseberichte-radreisen\/antritt-2015\/3-etappe-waldsee-greding\/cimg0504\/'><img width=\"300\" height=\"225\" src=\"http:\/\/www.lindenhausen.de\/blog\/wp-content\/uploads\/2015\/04\/CIMG0504-300x225.jpg\" class=\"attachment-medium size-medium\" alt=\"\" decoding=\"async\" loading=\"lazy\" srcset=\"http:\/\/www.lindenhausen.de\/blog\/wp-content\/uploads\/2015\/04\/CIMG0504-300x225.jpg 300w, http:\/\/www.lindenhausen.de\/blog\/wp-content\/uploads\/2015\/04\/CIMG0504-1024x768.jpg 1024w, http:\/\/www.lindenhausen.de\/blog\/wp-content\/uploads\/2015\/04\/CIMG0504-e1430132163359.jpg 1200w\" sizes=\"(max-width: 300px) 100vw, 300px\" \/><\/a>\n\t\t\t<\/div><\/figure><figure class='gallery-item'>\n\t\t\t<div class='gallery-icon landscape'>\n\t\t\t\t<a href='http:\/\/www.lindenhausen.de\/blog\/reiseberichte-radreisen\/antritt-2015\/3-etappe-waldsee-greding\/cimg0506\/'><img width=\"300\" height=\"225\" src=\"http:\/\/www.lindenhausen.de\/blog\/wp-content\/uploads\/2015\/04\/CIMG0506-300x225.jpg\" class=\"attachment-medium size-medium\" alt=\"\" decoding=\"async\" loading=\"lazy\" srcset=\"http:\/\/www.lindenhausen.de\/blog\/wp-content\/uploads\/2015\/04\/CIMG0506-300x225.jpg 300w, http:\/\/www.lindenhausen.de\/blog\/wp-content\/uploads\/2015\/04\/CIMG0506-1024x768.jpg 1024w, http:\/\/www.lindenhausen.de\/blog\/wp-content\/uploads\/2015\/04\/CIMG0506-e1430132196567.jpg 1200w\" sizes=\"(max-width: 300px) 100vw, 300px\" \/><\/a>\n\t\t\t<\/div><\/figure><figure class='gallery-item'>\n\t\t\t<div class='gallery-icon landscape'>\n\t\t\t\t<a href='http:\/\/www.lindenhausen.de\/blog\/reiseberichte-radreisen\/antritt-2015\/3-etappe-waldsee-greding\/cimg0507\/'><img width=\"300\" height=\"225\" src=\"http:\/\/www.lindenhausen.de\/blog\/wp-content\/uploads\/2015\/04\/CIMG0507-300x225.jpg\" class=\"attachment-medium size-medium\" alt=\"\" decoding=\"async\" loading=\"lazy\" srcset=\"http:\/\/www.lindenhausen.de\/blog\/wp-content\/uploads\/2015\/04\/CIMG0507-300x225.jpg 300w, http:\/\/www.lindenhausen.de\/blog\/wp-content\/uploads\/2015\/04\/CIMG0507-1024x768.jpg 1024w, http:\/\/www.lindenhausen.de\/blog\/wp-content\/uploads\/2015\/04\/CIMG0507-e1430132225751.jpg 1200w\" sizes=\"(max-width: 300px) 100vw, 300px\" \/><\/a>\n\t\t\t<\/div><\/figure>\n\t\t<\/div>\n\n<p style=\"text-align: center;\">Von dort ging es weiter bis an den Rhein-Main-Donau-Kanal, hier trafen wir dann auch wieder auf die Wasserscheide.<\/p>\n<div id='gallery-2' class='gallery galleryid-524 gallery-columns-3 gallery-size-medium'><figure class='gallery-item'>\n\t\t\t<div class='gallery-icon landscape'>\n\t\t\t\t<a href='http:\/\/www.lindenhausen.de\/blog\/reiseberichte-radreisen\/antritt-2015\/3-etappe-waldsee-greding\/cimg0509\/'><img width=\"300\" height=\"225\" src=\"http:\/\/www.lindenhausen.de\/blog\/wp-content\/uploads\/2015\/04\/CIMG0509-300x225.jpg\" class=\"attachment-medium size-medium\" alt=\"\" decoding=\"async\" loading=\"lazy\" srcset=\"http:\/\/www.lindenhausen.de\/blog\/wp-content\/uploads\/2015\/04\/CIMG0509-300x225.jpg 300w, http:\/\/www.lindenhausen.de\/blog\/wp-content\/uploads\/2015\/04\/CIMG0509-1024x768.jpg 1024w, http:\/\/www.lindenhausen.de\/blog\/wp-content\/uploads\/2015\/04\/CIMG0509-e1430132252744.jpg 1200w\" sizes=\"(max-width: 300px) 100vw, 300px\" \/><\/a>\n\t\t\t<\/div><\/figure><figure class='gallery-item'>\n\t\t\t<div class='gallery-icon landscape'>\n\t\t\t\t<a href='http:\/\/www.lindenhausen.de\/blog\/reiseberichte-radreisen\/antritt-2015\/3-etappe-waldsee-greding\/cimg0510\/'><img width=\"300\" height=\"225\" src=\"http:\/\/www.lindenhausen.de\/blog\/wp-content\/uploads\/2015\/04\/CIMG0510-300x225.jpg\" class=\"attachment-medium size-medium\" alt=\"\" decoding=\"async\" loading=\"lazy\" srcset=\"http:\/\/www.lindenhausen.de\/blog\/wp-content\/uploads\/2015\/04\/CIMG0510-300x225.jpg 300w, http:\/\/www.lindenhausen.de\/blog\/wp-content\/uploads\/2015\/04\/CIMG0510-1024x768.jpg 1024w, http:\/\/www.lindenhausen.de\/blog\/wp-content\/uploads\/2015\/04\/CIMG0510-e1430132292792.jpg 1200w\" sizes=\"(max-width: 300px) 100vw, 300px\" \/><\/a>\n\t\t\t<\/div><\/figure><figure class='gallery-item'>\n\t\t\t<div class='gallery-icon landscape'>\n\t\t\t\t<a href='http:\/\/www.lindenhausen.de\/blog\/reiseberichte-radreisen\/antritt-2015\/3-etappe-waldsee-greding\/cimg0511\/'><img width=\"300\" height=\"225\" src=\"http:\/\/www.lindenhausen.de\/blog\/wp-content\/uploads\/2015\/04\/CIMG0511-300x225.jpg\" class=\"attachment-medium size-medium\" alt=\"\" decoding=\"async\" loading=\"lazy\" srcset=\"http:\/\/www.lindenhausen.de\/blog\/wp-content\/uploads\/2015\/04\/CIMG0511-300x225.jpg 300w, http:\/\/www.lindenhausen.de\/blog\/wp-content\/uploads\/2015\/04\/CIMG0511-1024x768.jpg 1024w, http:\/\/www.lindenhausen.de\/blog\/wp-content\/uploads\/2015\/04\/CIMG0511-e1430132323442.jpg 1200w\" sizes=\"(max-width: 300px) 100vw, 300px\" \/><\/a>\n\t\t\t<\/div><\/figure>\n\t\t<\/div>\n\n<p style=\"text-align: center;\">Ein paar Km vor Freystadt verlie\u00dfen wir den Kanal wieder um \u00fcber Ober-und Unterm\u00e4ssing die A9 zu erreichen, zu Queren und \u00fcber ruhige Nebenstra\u00dfen dann unseren Ausgangspunkt in Greding wieder zu erreichen.<\/p>\n<div id='gallery-3' class='gallery galleryid-524 gallery-columns-2 gallery-size-medium'><figure class='gallery-item'>\n\t\t\t<div class='gallery-icon landscape'>\n\t\t\t\t<a href='http:\/\/www.lindenhausen.de\/blog\/reiseberichte-radreisen\/antritt-2015\/3-etappe-waldsee-greding\/cimg0513\/'><img width=\"300\" height=\"225\" src=\"http:\/\/www.lindenhausen.de\/blog\/wp-content\/uploads\/2015\/04\/CIMG0513-300x225.jpg\" class=\"attachment-medium size-medium\" alt=\"\" decoding=\"async\" loading=\"lazy\" srcset=\"http:\/\/www.lindenhausen.de\/blog\/wp-content\/uploads\/2015\/04\/CIMG0513-300x225.jpg 300w, http:\/\/www.lindenhausen.de\/blog\/wp-content\/uploads\/2015\/04\/CIMG0513-1024x768.jpg 1024w, http:\/\/www.lindenhausen.de\/blog\/wp-content\/uploads\/2015\/04\/CIMG0513-e1430132352140.jpg 1200w\" sizes=\"(max-width: 300px) 100vw, 300px\" \/><\/a>\n\t\t\t<\/div><\/figure><figure class='gallery-item'>\n\t\t\t<div class='gallery-icon landscape'>\n\t\t\t\t<a href='http:\/\/www.lindenhausen.de\/blog\/reiseberichte-radreisen\/antritt-2015\/3-etappe-waldsee-greding\/cimg0514\/'><img width=\"300\" height=\"225\" src=\"http:\/\/www.lindenhausen.de\/blog\/wp-content\/uploads\/2015\/04\/CIMG0514-300x225.jpg\" class=\"attachment-medium size-medium\" alt=\"\" decoding=\"async\" loading=\"lazy\" srcset=\"http:\/\/www.lindenhausen.de\/blog\/wp-content\/uploads\/2015\/04\/CIMG0514-300x225.jpg 300w, http:\/\/www.lindenhausen.de\/blog\/wp-content\/uploads\/2015\/04\/CIMG0514-1024x768.jpg 1024w, http:\/\/www.lindenhausen.de\/blog\/wp-content\/uploads\/2015\/04\/CIMG0514-e1430132382724.jpg 1200w\" sizes=\"(max-width: 300px) 100vw, 300px\" \/><\/a>\n\t\t\t<\/div><\/figure>\n\t\t<\/div>\n\n<p style=\"text-align: center;\">Am Hallenbad wartete unser Auto schon auf uns, wir verstauten die R\u00e4der und das Gep\u00e4ck und machten uns zu Fu\u00df in Altstadt von Greding auf.<\/p>\n<p style=\"text-align: center;\">Schon mehrfach hatten wir hier im Gasthof &#8222;<a href=\"http:\/\/www.krone-greding.de\/#3\" target=\"_blank\">Zur Krone<\/a>&#8220; ganz ausgezeichnet gegessen und auch heute wurden wir nicht entt\u00e4uscht.<\/p>\n<div id='gallery-4' class='gallery galleryid-524 gallery-columns-2 gallery-size-medium'><figure class='gallery-item'>\n\t\t\t<div class='gallery-icon portrait'>\n\t\t\t\t<a href='http:\/\/www.lindenhausen.de\/blog\/reiseberichte-radreisen\/antritt-2015\/3-etappe-waldsee-greding\/cimg0517\/'><img width=\"225\" height=\"300\" src=\"http:\/\/www.lindenhausen.de\/blog\/wp-content\/uploads\/2015\/04\/CIMG0517-e1430132415828-225x300.jpg\" class=\"attachment-medium size-medium\" alt=\"\" decoding=\"async\" loading=\"lazy\" srcset=\"http:\/\/www.lindenhausen.de\/blog\/wp-content\/uploads\/2015\/04\/CIMG0517-e1430132415828-225x300.jpg 225w, http:\/\/www.lindenhausen.de\/blog\/wp-content\/uploads\/2015\/04\/CIMG0517-e1430132415828-768x1024.jpg 768w, http:\/\/www.lindenhausen.de\/blog\/wp-content\/uploads\/2015\/04\/CIMG0517-e1430132415828.jpg 900w\" sizes=\"(max-width: 225px) 100vw, 225px\" \/><\/a>\n\t\t\t<\/div><\/figure><figure class='gallery-item'>\n\t\t\t<div class='gallery-icon portrait'>\n\t\t\t\t<a href='http:\/\/www.lindenhausen.de\/blog\/reiseberichte-radreisen\/antritt-2015\/3-etappe-waldsee-greding\/img_5486\/'><img width=\"225\" height=\"300\" src=\"http:\/\/www.lindenhausen.de\/blog\/wp-content\/uploads\/2015\/04\/IMG_5486-e1430132567985-225x300.jpg\" class=\"attachment-medium size-medium\" alt=\"\" decoding=\"async\" loading=\"lazy\" srcset=\"http:\/\/www.lindenhausen.de\/blog\/wp-content\/uploads\/2015\/04\/IMG_5486-e1430132567985-225x300.jpg 225w, http:\/\/www.lindenhausen.de\/blog\/wp-content\/uploads\/2015\/04\/IMG_5486-e1430132567985-768x1024.jpg 768w, http:\/\/www.lindenhausen.de\/blog\/wp-content\/uploads\/2015\/04\/IMG_5486-e1430132567985.jpg 900w\" sizes=\"(max-width: 225px) 100vw, 225px\" \/><\/a>\n\t\t\t<\/div><\/figure>\n\t\t<\/div>\n\n<p style=\"text-align: center;\">Ein kleiner Verdauungsspaziergang durch die Stadt beendete unseren Kurzurlaub.<\/p>\n<div id='gallery-5' class='gallery galleryid-524 gallery-columns-4 gallery-size-medium'><figure class='gallery-item'>\n\t\t\t<div class='gallery-icon landscape'>\n\t\t\t\t<a href='http:\/\/www.lindenhausen.de\/blog\/reiseberichte-radreisen\/antritt-2015\/3-etappe-waldsee-greding\/cimg0518\/'><img width=\"300\" height=\"225\" src=\"http:\/\/www.lindenhausen.de\/blog\/wp-content\/uploads\/2015\/04\/CIMG0518-300x225.jpg\" class=\"attachment-medium size-medium\" alt=\"\" decoding=\"async\" loading=\"lazy\" srcset=\"http:\/\/www.lindenhausen.de\/blog\/wp-content\/uploads\/2015\/04\/CIMG0518-300x225.jpg 300w, http:\/\/www.lindenhausen.de\/blog\/wp-content\/uploads\/2015\/04\/CIMG0518-1024x768.jpg 1024w, http:\/\/www.lindenhausen.de\/blog\/wp-content\/uploads\/2015\/04\/CIMG0518-e1430132437799.jpg 1200w\" sizes=\"(max-width: 300px) 100vw, 300px\" \/><\/a>\n\t\t\t<\/div><\/figure><figure class='gallery-item'>\n\t\t\t<div class='gallery-icon landscape'>\n\t\t\t\t<a href='http:\/\/www.lindenhausen.de\/blog\/reiseberichte-radreisen\/antritt-2015\/3-etappe-waldsee-greding\/cimg0519\/'><img width=\"300\" height=\"225\" src=\"http:\/\/www.lindenhausen.de\/blog\/wp-content\/uploads\/2015\/04\/CIMG0519-300x225.jpg\" class=\"attachment-medium size-medium\" alt=\"\" decoding=\"async\" loading=\"lazy\" srcset=\"http:\/\/www.lindenhausen.de\/blog\/wp-content\/uploads\/2015\/04\/CIMG0519-300x225.jpg 300w, http:\/\/www.lindenhausen.de\/blog\/wp-content\/uploads\/2015\/04\/CIMG0519-1024x768.jpg 1024w, http:\/\/www.lindenhausen.de\/blog\/wp-content\/uploads\/2015\/04\/CIMG0519-e1430132461669.jpg 1200w\" sizes=\"(max-width: 300px) 100vw, 300px\" \/><\/a>\n\t\t\t<\/div><\/figure><figure class='gallery-item'>\n\t\t\t<div class='gallery-icon portrait'>\n\t\t\t\t<a href='http:\/\/www.lindenhausen.de\/blog\/reiseberichte-radreisen\/antritt-2015\/3-etappe-waldsee-greding\/cimg0521\/'><img width=\"225\" height=\"300\" src=\"http:\/\/www.lindenhausen.de\/blog\/wp-content\/uploads\/2015\/04\/CIMG0521-e1430132515998-225x300.jpg\" class=\"attachment-medium size-medium\" alt=\"\" decoding=\"async\" loading=\"lazy\" srcset=\"http:\/\/www.lindenhausen.de\/blog\/wp-content\/uploads\/2015\/04\/CIMG0521-e1430132515998-225x300.jpg 225w, http:\/\/www.lindenhausen.de\/blog\/wp-content\/uploads\/2015\/04\/CIMG0521-e1430132515998-768x1024.jpg 768w, http:\/\/www.lindenhausen.de\/blog\/wp-content\/uploads\/2015\/04\/CIMG0521-e1430132515998.jpg 900w\" sizes=\"(max-width: 225px) 100vw, 225px\" \/><\/a>\n\t\t\t<\/div><\/figure><figure class='gallery-item'>\n\t\t\t<div class='gallery-icon portrait'>\n\t\t\t\t<a href='http:\/\/www.lindenhausen.de\/blog\/reiseberichte-radreisen\/antritt-2015\/3-etappe-waldsee-greding\/cimg0522\/'><img width=\"225\" height=\"300\" src=\"http:\/\/www.lindenhausen.de\/blog\/wp-content\/uploads\/2015\/04\/CIMG0522-e1430132540785-225x300.jpg\" class=\"attachment-medium size-medium\" alt=\"\" decoding=\"async\" loading=\"lazy\" srcset=\"http:\/\/www.lindenhausen.de\/blog\/wp-content\/uploads\/2015\/04\/CIMG0522-e1430132540785-225x300.jpg 225w, http:\/\/www.lindenhausen.de\/blog\/wp-content\/uploads\/2015\/04\/CIMG0522-e1430132540785-768x1024.jpg 768w, http:\/\/www.lindenhausen.de\/blog\/wp-content\/uploads\/2015\/04\/CIMG0522-e1430132540785.jpg 900w\" sizes=\"(max-width: 225px) 100vw, 225px\" \/><\/a>\n\t\t\t<\/div><\/figure>\n\t\t<\/div>\n\n<p style=\"text-align: center;\">33km<\/p>\n<p style=\"text-align: center;\"><a href=\"http:\/\/www.lindenhausen.de\/blog\/wp-content\/uploads\/2015\/04\/antritt3.jpg\"><img decoding=\"async\" loading=\"lazy\" class=\"alignnone size-medium wp-image-525\" src=\"http:\/\/www.lindenhausen.de\/blog\/wp-content\/uploads\/2015\/04\/antritt3-300x282.jpg\" alt=\"antritt3\" width=\"300\" height=\"282\" srcset=\"http:\/\/www.lindenhausen.de\/blog\/wp-content\/uploads\/2015\/04\/antritt3-300x282.jpg 300w, http:\/\/www.lindenhausen.de\/blog\/wp-content\/uploads\/2015\/04\/antritt3.jpg 784w\" sizes=\"(max-width: 300px) 100vw, 300px\" \/><\/a><\/p>\n<p style=\"text-align: center;\">Zum Wiederholtem mal waren wir im Altm\u00fchltal unterwegs, es gibt immer ein paar neue Strecken und Orte zu erkunden.<\/p>\n<p style=\"text-align: center;\">Am Flu\u00df keine Steigungen, in der Umgebung eine sanfte H\u00fcgellandschaft mit leichten Steigungen, ruhige Landstra\u00dfen und Radwege machen die Gegend zu einem tollen Radfahrgebiet auch f\u00fcr unge\u00fcbte und Familien mit Kindern.<\/p>\n","protected":false},"excerpt":{"rendered":"<p>In der Nacht hatte es geregnet, der Morgen war recht kalt( nachts 3\u00b0C)\u00a0 aber die Fu\u00dfbodenheizung im Sanit\u00e4rbereich und das reichliche Fr\u00fchst\u00fcck mit hei\u00dfem Tee sorgte schnell f\u00fcr gute Stimmung. In der Zwischenzeit trocknete das Zelt langsam ab und wir konnten einigerma\u00dfen trocken zusammenpacken. Heute lag nur eine kurze Etappe vor uns denn wir wollten &hellip; <a href=\"http:\/\/www.lindenhausen.de\/blog\/reiseberichte-radreisen\/antritt-2015\/3-etappe-waldsee-greding\/\" class=\"more-link\"><span class=\"screen-reader-text\">3. Etappe Waldsee-Greding<\/span> weiterlesen <span class=\"meta-nav\">&rarr;<\/span><\/a><\/p>\n","protected":false},"author":1,"featured_media":0,"parent":449,"menu_order":2,"comment_status":"open","ping_status":"open","template":"","meta":{"_monsterinsights_skip_tracking":false,"_monsterinsights_sitenote_active":false,"_monsterinsights_sitenote_note":"","_monsterinsights_sitenote_category":0},"yoast_head":"<!-- This site is optimized with the Yoast SEO plugin v21.0 - https:\/\/yoast.com\/wordpress\/plugins\/seo\/ -->\n<title>3. Etappe Waldsee-Greding - Lindenhausen-weil Reisen Spa\u00df macht<\/title>\n<meta name=\"robots\" content=\"index, follow, max-snippet:-1, max-image-preview:large, max-video-preview:-1\" \/>\n<link rel=\"canonical\" href=\"http:\/\/www.lindenhausen.de\/blog\/reiseberichte-radreisen\/antritt-2015\/3-etappe-waldsee-greding\/\" \/>\n<meta property=\"og:locale\" content=\"de_DE\" \/>\n<meta property=\"og:type\" content=\"article\" \/>\n<meta property=\"og:title\" content=\"3. Etappe Waldsee-Greding - Lindenhausen-weil Reisen Spa\u00df macht\" \/>\n<meta property=\"og:description\" content=\"In der Nacht hatte es geregnet, der Morgen war recht kalt( nachts 3\u00b0C)\u00a0 aber die Fu\u00dfbodenheizung im Sanit\u00e4rbereich und das reichliche Fr\u00fchst\u00fcck mit hei\u00dfem Tee sorgte schnell f\u00fcr gute Stimmung. In der Zwischenzeit trocknete das Zelt langsam ab und wir konnten einigerma\u00dfen trocken zusammenpacken. Heute lag nur eine kurze Etappe vor uns denn wir wollten &hellip; 3. Etappe Waldsee-Greding weiterlesen &rarr;\" \/>\n<meta property=\"og:url\" content=\"http:\/\/www.lindenhausen.de\/blog\/reiseberichte-radreisen\/antritt-2015\/3-etappe-waldsee-greding\/\" \/>\n<meta property=\"og:site_name\" content=\"Lindenhausen-weil Reisen Spa\u00df macht\" \/>\n<meta property=\"article:publisher\" content=\"http:\/\/www.facebook.com\/Lindenhausen\/\" \/>\n<meta property=\"article:modified_time\" content=\"2015-04-27T12:52:17+00:00\" \/>\n<meta property=\"og:image\" content=\"http:\/\/www.lindenhausen.de\/blog\/wp-content\/uploads\/2015\/04\/CIMG0504-300x225.jpg\" \/>\n<meta name=\"twitter:card\" content=\"summary_large_image\" \/>\n<meta name=\"twitter:site\" content=\"@Maxilinde\" \/>\n<meta name=\"twitter:label1\" content=\"Gesch\u00e4tzte Lesezeit\" \/>\n\t<meta name=\"twitter:data1\" content=\"1\u00a0Minute\" \/>\n<script type=\"application\/ld+json\" class=\"yoast-schema-graph\">{\"@context\":\"https:\/\/schema.org\",\"@graph\":[{\"@type\":\"WebPage\",\"@id\":\"http:\/\/www.lindenhausen.de\/blog\/reiseberichte-radreisen\/antritt-2015\/3-etappe-waldsee-greding\/\",\"url\":\"http:\/\/www.lindenhausen.de\/blog\/reiseberichte-radreisen\/antritt-2015\/3-etappe-waldsee-greding\/\",\"name\":\"3. Etappe Waldsee-Greding - Lindenhausen-weil Reisen Spa\u00df macht\",\"isPartOf\":{\"@id\":\"https:\/\/www.lindenhausen.de\/blog\/#website\"},\"datePublished\":\"2015-04-27T12:18:43+00:00\",\"dateModified\":\"2015-04-27T12:52:17+00:00\",\"breadcrumb\":{\"@id\":\"http:\/\/www.lindenhausen.de\/blog\/reiseberichte-radreisen\/antritt-2015\/3-etappe-waldsee-greding\/#breadcrumb\"},\"inLanguage\":\"de\",\"potentialAction\":[{\"@type\":\"ReadAction\",\"target\":[\"http:\/\/www.lindenhausen.de\/blog\/reiseberichte-radreisen\/antritt-2015\/3-etappe-waldsee-greding\/\"]}]},{\"@type\":\"BreadcrumbList\",\"@id\":\"http:\/\/www.lindenhausen.de\/blog\/reiseberichte-radreisen\/antritt-2015\/3-etappe-waldsee-greding\/#breadcrumb\",\"itemListElement\":[{\"@type\":\"ListItem\",\"position\":1,\"name\":\"Startseite\",\"item\":\"https:\/\/www.lindenhausen.de\/blog\/\"},{\"@type\":\"ListItem\",\"position\":2,\"name\":\"Reiseberichte Radreisen\",\"item\":\"http:\/\/www.lindenhausen.de\/blog\/reiseberichte-radreisen\/\"},{\"@type\":\"ListItem\",\"position\":3,\"name\":\"Antritt 2015 Altm\u00fchltal\",\"item\":\"http:\/\/www.lindenhausen.de\/blog\/reiseberichte-radreisen\/antritt-2015\/\"},{\"@type\":\"ListItem\",\"position\":4,\"name\":\"3. Etappe Waldsee-Greding\"}]},{\"@type\":\"WebSite\",\"@id\":\"https:\/\/www.lindenhausen.de\/blog\/#website\",\"url\":\"https:\/\/www.lindenhausen.de\/blog\/\",\"name\":\"Lindenhausen-weil Reisen Spa\u00df macht\",\"description\":\"Reisen und Kreuzfahrten, Reiseberichte, Kreuzfahrtforum\",\"potentialAction\":[{\"@type\":\"SearchAction\",\"target\":{\"@type\":\"EntryPoint\",\"urlTemplate\":\"https:\/\/www.lindenhausen.de\/blog\/?s={search_term_string}\"},\"query-input\":\"required name=search_term_string\"}],\"inLanguage\":\"de\"}]}<\/script>\n<!-- \/ Yoast SEO plugin. -->","yoast_head_json":{"title":"3. Etappe Waldsee-Greding - Lindenhausen-weil Reisen Spa\u00df macht","robots":{"index":"index","follow":"follow","max-snippet":"max-snippet:-1","max-image-preview":"max-image-preview:large","max-video-preview":"max-video-preview:-1"},"canonical":"http:\/\/www.lindenhausen.de\/blog\/reiseberichte-radreisen\/antritt-2015\/3-etappe-waldsee-greding\/","og_locale":"de_DE","og_type":"article","og_title":"3. Etappe Waldsee-Greding - Lindenhausen-weil Reisen Spa\u00df macht","og_description":"In der Nacht hatte es geregnet, der Morgen war recht kalt( nachts 3\u00b0C)\u00a0 aber die Fu\u00dfbodenheizung im Sanit\u00e4rbereich und das reichliche Fr\u00fchst\u00fcck mit hei\u00dfem Tee sorgte schnell f\u00fcr gute Stimmung. In der Zwischenzeit trocknete das Zelt langsam ab und wir konnten einigerma\u00dfen trocken zusammenpacken. Heute lag nur eine kurze Etappe vor uns denn wir wollten &hellip; 3. Etappe Waldsee-Greding weiterlesen &rarr;","og_url":"http:\/\/www.lindenhausen.de\/blog\/reiseberichte-radreisen\/antritt-2015\/3-etappe-waldsee-greding\/","og_site_name":"Lindenhausen-weil Reisen Spa\u00df macht","article_publisher":"http:\/\/www.facebook.com\/Lindenhausen\/","article_modified_time":"2015-04-27T12:52:17+00:00","og_image":[{"url":"http:\/\/www.lindenhausen.de\/blog\/wp-content\/uploads\/2015\/04\/CIMG0504-300x225.jpg"}],"twitter_card":"summary_large_image","twitter_site":"@Maxilinde","twitter_misc":{"Gesch\u00e4tzte Lesezeit":"1\u00a0Minute"},"schema":{"@context":"https:\/\/schema.org","@graph":[{"@type":"WebPage","@id":"http:\/\/www.lindenhausen.de\/blog\/reiseberichte-radreisen\/antritt-2015\/3-etappe-waldsee-greding\/","url":"http:\/\/www.lindenhausen.de\/blog\/reiseberichte-radreisen\/antritt-2015\/3-etappe-waldsee-greding\/","name":"3. Etappe Waldsee-Greding - Lindenhausen-weil Reisen Spa\u00df macht","isPartOf":{"@id":"https:\/\/www.lindenhausen.de\/blog\/#website"},"datePublished":"2015-04-27T12:18:43+00:00","dateModified":"2015-04-27T12:52:17+00:00","breadcrumb":{"@id":"http:\/\/www.lindenhausen.de\/blog\/reiseberichte-radreisen\/antritt-2015\/3-etappe-waldsee-greding\/#breadcrumb"},"inLanguage":"de","potentialAction":[{"@type":"ReadAction","target":["http:\/\/www.lindenhausen.de\/blog\/reiseberichte-radreisen\/antritt-2015\/3-etappe-waldsee-greding\/"]}]},{"@type":"BreadcrumbList","@id":"http:\/\/www.lindenhausen.de\/blog\/reiseberichte-radreisen\/antritt-2015\/3-etappe-waldsee-greding\/#breadcrumb","itemListElement":[{"@type":"ListItem","position":1,"name":"Startseite","item":"https:\/\/www.lindenhausen.de\/blog\/"},{"@type":"ListItem","position":2,"name":"Reiseberichte Radreisen","item":"http:\/\/www.lindenhausen.de\/blog\/reiseberichte-radreisen\/"},{"@type":"ListItem","position":3,"name":"Antritt 2015 Altm\u00fchltal","item":"http:\/\/www.lindenhausen.de\/blog\/reiseberichte-radreisen\/antritt-2015\/"},{"@type":"ListItem","position":4,"name":"3. Etappe Waldsee-Greding"}]},{"@type":"WebSite","@id":"https:\/\/www.lindenhausen.de\/blog\/#website","url":"https:\/\/www.lindenhausen.de\/blog\/","name":"Lindenhausen-weil Reisen Spa\u00df macht","description":"Reisen und Kreuzfahrten, Reiseberichte, Kreuzfahrtforum","potentialAction":[{"@type":"SearchAction","target":{"@type":"EntryPoint","urlTemplate":"https:\/\/www.lindenhausen.de\/blog\/?s={search_term_string}"},"query-input":"required name=search_term_string"}],"inLanguage":"de"}]}},"_links":{"self":[{"href":"http:\/\/www.lindenhausen.de\/blog\/wp-json\/wp\/v2\/pages\/524"}],"collection":[{"href":"http:\/\/www.lindenhausen.de\/blog\/wp-json\/wp\/v2\/pages"}],"about":[{"href":"http:\/\/www.lindenhausen.de\/blog\/wp-json\/wp\/v2\/types\/page"}],"author":[{"embeddable":true,"href":"http:\/\/www.lindenhausen.de\/blog\/wp-json\/wp\/v2\/users\/1"}],"replies":[{"embeddable":true,"href":"http:\/\/www.lindenhausen.de\/blog\/wp-json\/wp\/v2\/comments?post=524"}],"version-history":[{"count":5,"href":"http:\/\/www.lindenhausen.de\/blog\/wp-json\/wp\/v2\/pages\/524\/revisions"}],"predecessor-version":[{"id":552,"href":"http:\/\/www.lindenhausen.de\/blog\/wp-json\/wp\/v2\/pages\/524\/revisions\/552"}],"up":[{"embeddable":true,"href":"http:\/\/www.lindenhausen.de\/blog\/wp-json\/wp\/v2\/pages\/449"}],"wp:attachment":[{"href":"http:\/\/www.lindenhausen.de\/blog\/wp-json\/wp\/v2\/media?parent=524"}],"curies":[{"name":"wp","href":"https:\/\/api.w.org\/{rel}","templated":true}]}}