{"id":4405,"date":"2019-02-21T14:08:56","date_gmt":"2019-02-21T13:08:56","guid":{"rendered":"http:\/\/www.lindenhausen.de\/blog\/?page_id=4405"},"modified":"2019-02-21T15:09:35","modified_gmt":"2019-02-21T14:09:35","slug":"heimreise-und-fazit","status":"publish","type":"page","link":"http:\/\/www.lindenhausen.de\/blog\/reiseberichte-costa\/kreuzfahrten-2019\/costa-magica-karibik-2019\/heimreise-und-fazit\/","title":{"rendered":"Heimreise und Fazit"},"content":{"rendered":"\n<p style=\"text-align:center\">Pointe-a-Pitre Freitag 08.02.2019<\/p>\n\n\n\n<p>Wer nach dem Mittag abreiste konnte die Kabine bis 9:00 Uhr nutzen, wir fr\u00fchst\u00fcckten also in Ruhe, packten den Rest zusammen und gaben unser Gep\u00e4ck ab.<\/p>\n\n\n\n<figure class=\"wp-block-image\"><img decoding=\"async\" loading=\"lazy\" width=\"600\" height=\"800\" src=\"http:\/\/www.lindenhausen.de\/blog\/wp-content\/uploads\/2019\/02\/K800_IMG_2150-e1550687124679.jpg\" alt=\"\" class=\"wp-image-4310\" srcset=\"http:\/\/www.lindenhausen.de\/blog\/wp-content\/uploads\/2019\/02\/K800_IMG_2150-e1550687124679.jpg 600w, http:\/\/www.lindenhausen.de\/blog\/wp-content\/uploads\/2019\/02\/K800_IMG_2150-e1550687124679-225x300.jpg 225w\" sizes=\"(max-width: 600px) 100vw, 600px\" \/><\/figure>\n\n\n\n<p style=\"text-align:center\">Dann noch ein Cappuccino im Atrium, danach suchten wir uns ein Pl\u00e4tzchen auf Deck 12, Tisch und St\u00fchle waren heute rar, zumal es zuzog und zu regnen begann.<br> Regnen? Es goss wie aus K\u00fcbeln und wollte auch nicht aufh\u00f6ren.<br> Also noch ein mehr als ausgiebiges Mittagessen und dann vertr\u00f6delten wir die Zeit bei ein paar Gl\u00e4sern Wein und Bier und Gespr\u00e4chen mit Mitreisenden. Die \u00fcberwiegende Resonanz auf diese Reise war positiv, Ecken und Kanten gibt bei jeder Reederei und hier waren viele an Bord die sonst mit AIDA, MS oder auch amerikanischen Reedereien unterwegs waren.<br> Es waren viele Franzosen an Bord, Italiener, Deutsche, Osterreicher und Schweizer und nat\u00fcrlich auch ein gro\u00dfer Prozentsatz einheimischer G\u00e4ste.<br> Die Stimmung untereinander war gut.<br> Eine Dame fiel auf, die sich bei Tisch mokierte welche Frechheit es w\u00e4re diese\u201c schwarzen\u201c hier an Bord zu lassen, sie w\u00e4re schon 3 Tage krank, weil diese Leute Krankheiten einschleppen.<br> Sie sa\u00df binnen Sekunden alleine an Tisch und ich hoffe das solche G\u00e4ste allen Mitreisenden und vor allem auch dem Personal erspart bleiben.<br> Die Abreise war gut organisiert, wir trafen uns alle im Theater, wurden Deckweise zum Bus gebracht und zum Flughafen gebracht. Wer sein Gep\u00e4ck aufgegeben hatte ging direkt zur Sicherheitskontrolle, wir aber wollten ja unsere Koffer noch einchecken.<br> Der Condor Mitarbeiter wollte oder konnte nicht verstehen warum die Koffer nicht nach Wien sollten, eine Dolmetscherin von Costa kam zu Hilfe und kl\u00e4rte. Alles gut dachte ich, wir machten uns auf den Weg zum Gate als ich nochmal kontrollierte und was sah ich? Koffer \u00fcber Frankfurt nach Wien.<br> Also umgekehrt, jetzt waren 2 andere Mitarbeiterinnen da, die Dolmetscherin kl\u00e4rte, die neuen Banderolen wurden gedruckt aber es tat sich ein neues Problem auf: die einzigen 2 Koffer die an diesem Schalter abgegeben wurden waren verschwunden. Wir warteten bis zur letzten Minute, die Mitarbeiterin versprach die Banderolen selber an den nun wohl wieder aufgetauchten Koffern zu befestigen.<br> Der Flug startete mit ein bisschen Versp\u00e4tung da f\u00fcr alle Passagiere nur zwei Busse zur Verf\u00fcgung standen.<br> Der Flughafen machte doch einen etwas unorganisierten Eindruck, wir waren froh, dass dies alles von Costa organisiert und erledigt wurde.<br> Der R\u00fcckflug war, bis auf ein paar Turbulenzen, angenehm, das Essen aber, im Gegensatz zum Hinflug, ungenie\u00dfbar.<\/p>\n\n\n\n<p style=\"text-align:center\"><br> Wir landeten p\u00fcnktlich in Frankfurt und begannen auf die Koffer zu warten und zu warten und zu warte. Nach 30 Minuten waren wir nur noch 2 Familien in der Halle, eine mit einer Reklamation wegen einem kaputten Koffer und wir ohne Koffer, weitere 20 Minuten sp\u00e4ter setzte sich das Band wieder in Bewegung und wie von Zauberhand erschienen unsere Koffer. Es w\u00fcrde mich interessieren wo sie die Zeit verbracht haben.<br> Jetzt hie\u00df es schnell werden um den Zug zu erreichen, zwei Mitarbeiterinnen von Costa wiesen uns den Weg zum Bahnhof und wir erreichten, Dank einer Zugversp\u00e4tung noch den urspr\u00fcnglich geplanten ICE nach M\u00fcnchen. Am Bahnsteig buchte ich schnell noch das Handyticket und zwei Sitzpl\u00e4tze.<br> In Ingolstadt wartete der Regionalzug, sodass wir 14:00 Uhr zuhause waren.<\/p>\n\n\n\n<p style=\"text-align:center\">Fazit<br> Eine Reise die ich jederzeit wiederholen w\u00fcrde.<br> Da man ja in die EU reist und auch wieder ausreist hat man wenig Probleme mit den Landes\u00fcblichen Mitbringseln.<br> Bei der Buchung w\u00fcrde ich darauf schauen wieviele Schiffe in den jeweiligen H\u00e4fen erwartet werden, wir waren fast \u00fcberall die einzigen, das war sehr angenehm.<br> Eine Auslandskrankenversicherung ist Pflicht, von einer \u00fcberteuerten Arztrechnung kann ich nicht berichten, der erste Termin ist teuer, weil man nun mal ein unbekannter Patient ist f\u00fcr den man ein wenig mehr Zeit braucht. Ich habe 421 \u20ac f\u00fcr meine Versicherung im voraus verauslagt, das ist ein durchaus angemessener Preis. <br> Wer nicht englisch spricht sollte eventuell die deutsche Hostess informieren damit ein Dolmetscher geschickt werden kann.<br> Da diese Reise von manchen G\u00e4sten nur f\u00fcr eine Woche gebucht wird wiederholen sich einige Veranstaltungen.<br> Das Essen war abwechslungsreich und da wiederholte sich auch wenig.<br> Suiteng\u00e4ste essen im Clubrestaurant, Diamante in einem extra Bereich im Restaurant Smeralda Deck 4.<br> Leider sind dort nun die kostenpflichtigen Extras der Speisekarte auch zu bezahlen, mit einem Rabatt von 50%.<br> Mittags gab es jeden Tag ein ansprechendes Anti Pasti B\u00fcffet.<br> F\u00fcr alle G\u00e4ste ist das Hauptrestaurant Smeralda auch am Mittag ge\u00f6ffnet.<br> An Deck gab es wieder Getr\u00e4nkeservice auch an den Liegen.<br> Die Kreditkarte wird bei der Abrechnung nicht erst am letzten Tag belastet sondern alle paar Tage, das war aber auf meinen letzten beiden Reisen auch schon so.<\/p>\n\n\n\n<p>f\u00fcr Fragen stehe ich gerne zur Verf\u00fcgung:<a href=\"https:\/\/www.lindenhausen.de\/Forum\/\">https:\/\/www.lindenhausen.de\/Forum\/<\/a><\/p>\n\n\n\n<figure class=\"wp-block-embed is-type-rich is-provider-lindenhausen-weil-reisen-spass-macht\"><div class=\"wp-block-embed__wrapper\">\n<blockquote class=\"wp-embedded-content\" data-secret=\"0f79cJfCur\"><a href=\"http:\/\/www.lindenhausen.de\/blog\/schiffe\/costa-magica\/\">Costa Magica<\/a><\/blockquote><iframe class=\"wp-embedded-content\" sandbox=\"allow-scripts\" security=\"restricted\" style=\"position: absolute; clip: rect(1px, 1px, 1px, 1px);\" src=\"http:\/\/www.lindenhausen.de\/blog\/schiffe\/costa-magica\/embed\/#?secret=0f79cJfCur\" data-secret=\"0f79cJfCur\" width=\"600\" height=\"338\" title=\"&#8222;Costa Magica&#8220; &#8212; Lindenhausen-weil Reisen Spa\u00df macht\" frameborder=\"0\" marginwidth=\"0\" marginheight=\"0\" scrolling=\"no\"><\/iframe>\n<\/div><\/figure>\n\n\n\n<figure class=\"wp-block-image\"><img decoding=\"async\" loading=\"lazy\" width=\"800\" height=\"600\" src=\"http:\/\/www.lindenhausen.de\/blog\/wp-content\/uploads\/2019\/02\/K800_IMG_6791.jpg\" alt=\"\" class=\"wp-image-4336\" srcset=\"http:\/\/www.lindenhausen.de\/blog\/wp-content\/uploads\/2019\/02\/K800_IMG_6791.jpg 800w, http:\/\/www.lindenhausen.de\/blog\/wp-content\/uploads\/2019\/02\/K800_IMG_6791-300x225.jpg 300w, http:\/\/www.lindenhausen.de\/blog\/wp-content\/uploads\/2019\/02\/K800_IMG_6791-768x576.jpg 768w\" sizes=\"(max-width: 800px) 100vw, 800px\" \/><\/figure>\n","protected":false},"excerpt":{"rendered":"<p>Pointe-a-Pitre Freitag 08.02.2019 Wer nach dem Mittag abreiste konnte die Kabine bis 9:00 Uhr nutzen, wir fr\u00fchst\u00fcckten also in Ruhe, packten den Rest zusammen und gaben unser Gep\u00e4ck ab. Dann noch ein Cappuccino im Atrium, danach suchten wir uns ein Pl\u00e4tzchen auf Deck 12, Tisch und St\u00fchle waren heute rar, zumal es zuzog und zu &hellip; <a href=\"http:\/\/www.lindenhausen.de\/blog\/reiseberichte-costa\/kreuzfahrten-2019\/costa-magica-karibik-2019\/heimreise-und-fazit\/\" class=\"more-link\"><span class=\"screen-reader-text\">Heimreise und Fazit<\/span> weiterlesen <span class=\"meta-nav\">&rarr;<\/span><\/a><\/p>\n","protected":false},"author":1,"featured_media":4307,"parent":4356,"menu_order":12,"comment_status":"open","ping_status":"closed","template":"","meta":{"_monsterinsights_skip_tracking":false,"_monsterinsights_sitenote_active":false,"_monsterinsights_sitenote_note":"","_monsterinsights_sitenote_category":0},"yoast_head":"<!-- This site is optimized with the Yoast SEO plugin v21.0 - https:\/\/yoast.com\/wordpress\/plugins\/seo\/ -->\n<title>Heimreise und Fazit - Lindenhausen-weil Reisen Spa\u00df macht<\/title>\n<meta name=\"robots\" content=\"index, follow, max-snippet:-1, max-image-preview:large, max-video-preview:-1\" \/>\n<link rel=\"canonical\" href=\"http:\/\/www.lindenhausen.de\/blog\/reiseberichte-costa\/kreuzfahrten-2019\/costa-magica-karibik-2019\/heimreise-und-fazit\/\" \/>\n<meta property=\"og:locale\" content=\"de_DE\" \/>\n<meta property=\"og:type\" content=\"article\" \/>\n<meta property=\"og:title\" content=\"Heimreise und Fazit - Lindenhausen-weil Reisen Spa\u00df macht\" \/>\n<meta property=\"og:description\" content=\"Pointe-a-Pitre Freitag 08.02.2019 Wer nach dem Mittag abreiste konnte die Kabine bis 9:00 Uhr nutzen, wir fr\u00fchst\u00fcckten also in Ruhe, packten den Rest zusammen und gaben unser Gep\u00e4ck ab. Dann noch ein Cappuccino im Atrium, danach suchten wir uns ein Pl\u00e4tzchen auf Deck 12, Tisch und St\u00fchle waren heute rar, zumal es zuzog und zu &hellip; Heimreise und Fazit weiterlesen &rarr;\" \/>\n<meta property=\"og:url\" content=\"http:\/\/www.lindenhausen.de\/blog\/reiseberichte-costa\/kreuzfahrten-2019\/costa-magica-karibik-2019\/heimreise-und-fazit\/\" \/>\n<meta property=\"og:site_name\" content=\"Lindenhausen-weil Reisen Spa\u00df macht\" \/>\n<meta property=\"article:publisher\" content=\"http:\/\/www.facebook.com\/Lindenhausen\/\" \/>\n<meta property=\"article:modified_time\" content=\"2019-02-21T14:09:35+00:00\" \/>\n<meta property=\"og:image\" content=\"http:\/\/www.lindenhausen.de\/blog\/wp-content\/uploads\/2019\/02\/K800_IMG_2093-e1550687209859.jpg\" \/>\n\t<meta property=\"og:image:width\" content=\"600\" \/>\n\t<meta property=\"og:image:height\" content=\"800\" \/>\n\t<meta property=\"og:image:type\" content=\"image\/jpeg\" \/>\n<meta name=\"twitter:card\" content=\"summary_large_image\" \/>\n<meta name=\"twitter:site\" content=\"@Maxilinde\" \/>\n<meta name=\"twitter:label1\" content=\"Gesch\u00e4tzte Lesezeit\" \/>\n\t<meta name=\"twitter:data1\" content=\"4\u00a0Minuten\" \/>\n<script type=\"application\/ld+json\" class=\"yoast-schema-graph\">{\"@context\":\"https:\/\/schema.org\",\"@graph\":[{\"@type\":\"WebPage\",\"@id\":\"http:\/\/www.lindenhausen.de\/blog\/reiseberichte-costa\/kreuzfahrten-2019\/costa-magica-karibik-2019\/heimreise-und-fazit\/\",\"url\":\"http:\/\/www.lindenhausen.de\/blog\/reiseberichte-costa\/kreuzfahrten-2019\/costa-magica-karibik-2019\/heimreise-und-fazit\/\",\"name\":\"Heimreise und Fazit - Lindenhausen-weil Reisen Spa\u00df macht\",\"isPartOf\":{\"@id\":\"https:\/\/www.lindenhausen.de\/blog\/#website\"},\"datePublished\":\"2019-02-21T13:08:56+00:00\",\"dateModified\":\"2019-02-21T14:09:35+00:00\",\"breadcrumb\":{\"@id\":\"http:\/\/www.lindenhausen.de\/blog\/reiseberichte-costa\/kreuzfahrten-2019\/costa-magica-karibik-2019\/heimreise-und-fazit\/#breadcrumb\"},\"inLanguage\":\"de\",\"potentialAction\":[{\"@type\":\"ReadAction\",\"target\":[\"http:\/\/www.lindenhausen.de\/blog\/reiseberichte-costa\/kreuzfahrten-2019\/costa-magica-karibik-2019\/heimreise-und-fazit\/\"]}]},{\"@type\":\"BreadcrumbList\",\"@id\":\"http:\/\/www.lindenhausen.de\/blog\/reiseberichte-costa\/kreuzfahrten-2019\/costa-magica-karibik-2019\/heimreise-und-fazit\/#breadcrumb\",\"itemListElement\":[{\"@type\":\"ListItem\",\"position\":1,\"name\":\"Startseite\",\"item\":\"https:\/\/www.lindenhausen.de\/blog\/\"},{\"@type\":\"ListItem\",\"position\":2,\"name\":\"Reiseberichte Costa Kreuzfahrten\",\"item\":\"http:\/\/www.lindenhausen.de\/blog\/reiseberichte-costa\/\"},{\"@type\":\"ListItem\",\"position\":3,\"name\":\"Kreuzfahrten 2019\",\"item\":\"http:\/\/www.lindenhausen.de\/blog\/reiseberichte-costa\/kreuzfahrten-2019\/\"},{\"@type\":\"ListItem\",\"position\":4,\"name\":\"Costa Magica-Karibik 2019\",\"item\":\"http:\/\/www.lindenhausen.de\/blog\/reiseberichte-costa\/kreuzfahrten-2019\/costa-magica-karibik-2019\/\"},{\"@type\":\"ListItem\",\"position\":5,\"name\":\"Heimreise und Fazit\"}]},{\"@type\":\"WebSite\",\"@id\":\"https:\/\/www.lindenhausen.de\/blog\/#website\",\"url\":\"https:\/\/www.lindenhausen.de\/blog\/\",\"name\":\"Lindenhausen-weil Reisen Spa\u00df macht\",\"description\":\"Reisen und Kreuzfahrten, Reiseberichte, Kreuzfahrtforum\",\"potentialAction\":[{\"@type\":\"SearchAction\",\"target\":{\"@type\":\"EntryPoint\",\"urlTemplate\":\"https:\/\/www.lindenhausen.de\/blog\/?s={search_term_string}\"},\"query-input\":\"required name=search_term_string\"}],\"inLanguage\":\"de\"}]}<\/script>\n<!-- \/ Yoast SEO plugin. -->","yoast_head_json":{"title":"Heimreise und Fazit - Lindenhausen-weil Reisen Spa\u00df macht","robots":{"index":"index","follow":"follow","max-snippet":"max-snippet:-1","max-image-preview":"max-image-preview:large","max-video-preview":"max-video-preview:-1"},"canonical":"http:\/\/www.lindenhausen.de\/blog\/reiseberichte-costa\/kreuzfahrten-2019\/costa-magica-karibik-2019\/heimreise-und-fazit\/","og_locale":"de_DE","og_type":"article","og_title":"Heimreise und Fazit - Lindenhausen-weil Reisen Spa\u00df macht","og_description":"Pointe-a-Pitre Freitag 08.02.2019 Wer nach dem Mittag abreiste konnte die Kabine bis 9:00 Uhr nutzen, wir fr\u00fchst\u00fcckten also in Ruhe, packten den Rest zusammen und gaben unser Gep\u00e4ck ab. Dann noch ein Cappuccino im Atrium, danach suchten wir uns ein Pl\u00e4tzchen auf Deck 12, Tisch und St\u00fchle waren heute rar, zumal es zuzog und zu &hellip; Heimreise und Fazit weiterlesen &rarr;","og_url":"http:\/\/www.lindenhausen.de\/blog\/reiseberichte-costa\/kreuzfahrten-2019\/costa-magica-karibik-2019\/heimreise-und-fazit\/","og_site_name":"Lindenhausen-weil Reisen Spa\u00df macht","article_publisher":"http:\/\/www.facebook.com\/Lindenhausen\/","article_modified_time":"2019-02-21T14:09:35+00:00","og_image":[{"width":600,"height":800,"url":"http:\/\/www.lindenhausen.de\/blog\/wp-content\/uploads\/2019\/02\/K800_IMG_2093-e1550687209859.jpg","type":"image\/jpeg"}],"twitter_card":"summary_large_image","twitter_site":"@Maxilinde","twitter_misc":{"Gesch\u00e4tzte Lesezeit":"4\u00a0Minuten"},"schema":{"@context":"https:\/\/schema.org","@graph":[{"@type":"WebPage","@id":"http:\/\/www.lindenhausen.de\/blog\/reiseberichte-costa\/kreuzfahrten-2019\/costa-magica-karibik-2019\/heimreise-und-fazit\/","url":"http:\/\/www.lindenhausen.de\/blog\/reiseberichte-costa\/kreuzfahrten-2019\/costa-magica-karibik-2019\/heimreise-und-fazit\/","name":"Heimreise und Fazit - Lindenhausen-weil Reisen Spa\u00df macht","isPartOf":{"@id":"https:\/\/www.lindenhausen.de\/blog\/#website"},"datePublished":"2019-02-21T13:08:56+00:00","dateModified":"2019-02-21T14:09:35+00:00","breadcrumb":{"@id":"http:\/\/www.lindenhausen.de\/blog\/reiseberichte-costa\/kreuzfahrten-2019\/costa-magica-karibik-2019\/heimreise-und-fazit\/#breadcrumb"},"inLanguage":"de","potentialAction":[{"@type":"ReadAction","target":["http:\/\/www.lindenhausen.de\/blog\/reiseberichte-costa\/kreuzfahrten-2019\/costa-magica-karibik-2019\/heimreise-und-fazit\/"]}]},{"@type":"BreadcrumbList","@id":"http:\/\/www.lindenhausen.de\/blog\/reiseberichte-costa\/kreuzfahrten-2019\/costa-magica-karibik-2019\/heimreise-und-fazit\/#breadcrumb","itemListElement":[{"@type":"ListItem","position":1,"name":"Startseite","item":"https:\/\/www.lindenhausen.de\/blog\/"},{"@type":"ListItem","position":2,"name":"Reiseberichte Costa Kreuzfahrten","item":"http:\/\/www.lindenhausen.de\/blog\/reiseberichte-costa\/"},{"@type":"ListItem","position":3,"name":"Kreuzfahrten 2019","item":"http:\/\/www.lindenhausen.de\/blog\/reiseberichte-costa\/kreuzfahrten-2019\/"},{"@type":"ListItem","position":4,"name":"Costa Magica-Karibik 2019","item":"http:\/\/www.lindenhausen.de\/blog\/reiseberichte-costa\/kreuzfahrten-2019\/costa-magica-karibik-2019\/"},{"@type":"ListItem","position":5,"name":"Heimreise und Fazit"}]},{"@type":"WebSite","@id":"https:\/\/www.lindenhausen.de\/blog\/#website","url":"https:\/\/www.lindenhausen.de\/blog\/","name":"Lindenhausen-weil Reisen Spa\u00df macht","description":"Reisen und Kreuzfahrten, Reiseberichte, Kreuzfahrtforum","potentialAction":[{"@type":"SearchAction","target":{"@type":"EntryPoint","urlTemplate":"https:\/\/www.lindenhausen.de\/blog\/?s={search_term_string}"},"query-input":"required name=search_term_string"}],"inLanguage":"de"}]}},"_links":{"self":[{"href":"http:\/\/www.lindenhausen.de\/blog\/wp-json\/wp\/v2\/pages\/4405"}],"collection":[{"href":"http:\/\/www.lindenhausen.de\/blog\/wp-json\/wp\/v2\/pages"}],"about":[{"href":"http:\/\/www.lindenhausen.de\/blog\/wp-json\/wp\/v2\/types\/page"}],"author":[{"embeddable":true,"href":"http:\/\/www.lindenhausen.de\/blog\/wp-json\/wp\/v2\/users\/1"}],"replies":[{"embeddable":true,"href":"http:\/\/www.lindenhausen.de\/blog\/wp-json\/wp\/v2\/comments?post=4405"}],"version-history":[{"count":2,"href":"http:\/\/www.lindenhausen.de\/blog\/wp-json\/wp\/v2\/pages\/4405\/revisions"}],"predecessor-version":[{"id":4449,"href":"http:\/\/www.lindenhausen.de\/blog\/wp-json\/wp\/v2\/pages\/4405\/revisions\/4449"}],"up":[{"embeddable":true,"href":"http:\/\/www.lindenhausen.de\/blog\/wp-json\/wp\/v2\/pages\/4356"}],"wp:featuredmedia":[{"embeddable":true,"href":"http:\/\/www.lindenhausen.de\/blog\/wp-json\/wp\/v2\/media\/4307"}],"wp:attachment":[{"href":"http:\/\/www.lindenhausen.de\/blog\/wp-json\/wp\/v2\/media?parent=4405"}],"curies":[{"name":"wp","href":"https:\/\/api.w.org\/{rel}","templated":true}]}}