{"id":4399,"date":"2019-02-21T13:42:33","date_gmt":"2019-02-21T12:42:33","guid":{"rendered":"http:\/\/www.lindenhausen.de\/blog\/?page_id=4399"},"modified":"2019-02-21T14:40:23","modified_gmt":"2019-02-21T13:40:23","slug":"st-lucia","status":"publish","type":"page","link":"http:\/\/www.lindenhausen.de\/blog\/reiseberichte-costa\/kreuzfahrten-2019\/costa-magica-karibik-2019\/st-lucia\/","title":{"rendered":"St. Lucia"},"content":{"rendered":"\n<p style=\"text-align:center\">St. Lucia &#8211; Castris Mittwoch 07.02.2019<\/p>\n\n\n\n<figure class=\"wp-block-image\"><img decoding=\"async\" loading=\"lazy\" width=\"800\" height=\"600\" src=\"http:\/\/www.lindenhausen.de\/blog\/wp-content\/uploads\/2019\/02\/K800_IMG_1861-e1550690377584.jpg\" alt=\"\" class=\"wp-image-4241\" srcset=\"http:\/\/www.lindenhausen.de\/blog\/wp-content\/uploads\/2019\/02\/K800_IMG_1861-e1550690377584.jpg 800w, http:\/\/www.lindenhausen.de\/blog\/wp-content\/uploads\/2019\/02\/K800_IMG_1861-e1550690377584-300x225.jpg 300w, http:\/\/www.lindenhausen.de\/blog\/wp-content\/uploads\/2019\/02\/K800_IMG_1861-e1550690377584-768x576.jpg 768w\" sizes=\"(max-width: 800px) 100vw, 800px\" \/><\/figure>\n\n\n\n<p style=\"text-align:center\"><br> Der Plan f\u00fcr heute \u00e4hnelte dem von gestern, Vulkanwanderung war ebenso wie die Katamaran Tour zu den Pitons nicht m\u00f6glich, also schauten wir wo der n\u00e4chstgelegene Strand zu finden war. <br> Auf den ersten Blick war nichts zu sehen, die Insel ist gr\u00fcn und bergig, der Hafen lag in einer h\u00fcbschen Bucht.<br> Auf dem Stadtplan war ersichtlich das sich etwa 600m entfernt ein Flughafen befand sich die Landebahn, diese hatte man zu umrunden und schon wartete sein langgezogener Strand. <br> Der Flughafen war wirklich klein, man ist schnell herum.  <br> Zwischen Flugbahn und Strand kommt erst einmal ein Friedhof, dann etwa in H\u00f6he des Abfertigungsgeb\u00e4udes Parkpl\u00e4tzen Strandbars, Liegen zu mieten und Sanit\u00e4ranlagen.<br> Ein wundersch\u00f6ner Strand und da kaum eine Maschine startet oder landet auch sehr ruhig.<br> Ich suchte mir einen sch\u00f6nen Sitzplatz mit Blick auf das Wasser und orderte bei Petra einen Rumpunsch. Da sie ihre Tagesration noch nicht hergestellt hatte zeigte sie mir das Schritt f\u00fcr Schritt und wir probierten nat\u00fcrlich auch gemeinsam ob er gut ist.<br> Mein Mann genoss in der Zeit das angenehm warme Wasser.<br> Unser R\u00fcckweg f\u00fchrte uns noch durch die Stadt, hier gab es heute nicht viel zu sehen.<\/p>\n\n\n\n<ul class=\"wp-block-gallery columns-3 is-cropped wp-block-gallery-1 is-layout-flex\"><li class=\"blocks-gallery-item\"><figure><img decoding=\"async\" loading=\"lazy\" width=\"800\" height=\"600\" src=\"http:\/\/www.lindenhausen.de\/blog\/wp-content\/uploads\/2019\/02\/K800_IMG_1875-e1550688870918.jpg\" alt=\"\" data-id=\"4243\" data-link=\"http:\/\/www.lindenhausen.de\/blog\/costa-magica-karibik-kleine-antillen-januar-2019\/k800_img_1875\/\" class=\"wp-image-4243\" srcset=\"http:\/\/www.lindenhausen.de\/blog\/wp-content\/uploads\/2019\/02\/K800_IMG_1875-e1550688870918.jpg 800w, http:\/\/www.lindenhausen.de\/blog\/wp-content\/uploads\/2019\/02\/K800_IMG_1875-e1550688870918-300x225.jpg 300w, http:\/\/www.lindenhausen.de\/blog\/wp-content\/uploads\/2019\/02\/K800_IMG_1875-e1550688870918-768x576.jpg 768w\" sizes=\"(max-width: 800px) 100vw, 800px\" \/><\/figure><\/li><li class=\"blocks-gallery-item\"><figure><img decoding=\"async\" loading=\"lazy\" width=\"600\" height=\"800\" src=\"http:\/\/www.lindenhausen.de\/blog\/wp-content\/uploads\/2019\/02\/K800_IMG_1879-e1550688846407.jpg\" alt=\"\" data-id=\"4244\" data-link=\"http:\/\/www.lindenhausen.de\/blog\/costa-magica-karibik-kleine-antillen-januar-2019\/k800_img_1879\/\" class=\"wp-image-4244\" srcset=\"http:\/\/www.lindenhausen.de\/blog\/wp-content\/uploads\/2019\/02\/K800_IMG_1879-e1550688846407.jpg 600w, http:\/\/www.lindenhausen.de\/blog\/wp-content\/uploads\/2019\/02\/K800_IMG_1879-e1550688846407-225x300.jpg 225w\" sizes=\"(max-width: 600px) 100vw, 600px\" \/><\/figure><\/li><li class=\"blocks-gallery-item\"><figure><img decoding=\"async\" loading=\"lazy\" width=\"600\" height=\"800\" src=\"http:\/\/www.lindenhausen.de\/blog\/wp-content\/uploads\/2019\/02\/K800_IMG_1884-e1550688829498.jpg\" alt=\"\" data-id=\"4245\" data-link=\"http:\/\/www.lindenhausen.de\/blog\/costa-magica-karibik-kleine-antillen-januar-2019\/k800_img_1884-2\/\" class=\"wp-image-4245\" srcset=\"http:\/\/www.lindenhausen.de\/blog\/wp-content\/uploads\/2019\/02\/K800_IMG_1884-e1550688829498.jpg 600w, http:\/\/www.lindenhausen.de\/blog\/wp-content\/uploads\/2019\/02\/K800_IMG_1884-e1550688829498-225x300.jpg 225w\" sizes=\"(max-width: 600px) 100vw, 600px\" \/><\/figure><\/li><li class=\"blocks-gallery-item\"><figure><img decoding=\"async\" loading=\"lazy\" width=\"600\" height=\"602\" src=\"http:\/\/www.lindenhausen.de\/blog\/wp-content\/uploads\/2019\/02\/K800_IMG_1888Edited.jpg\" alt=\"\" data-id=\"4246\" data-link=\"http:\/\/www.lindenhausen.de\/blog\/costa-magica-karibik-kleine-antillen-januar-2019\/k800_img_1888edited\/\" class=\"wp-image-4246\" srcset=\"http:\/\/www.lindenhausen.de\/blog\/wp-content\/uploads\/2019\/02\/K800_IMG_1888Edited.jpg 600w, http:\/\/www.lindenhausen.de\/blog\/wp-content\/uploads\/2019\/02\/K800_IMG_1888Edited-150x150.jpg 150w, http:\/\/www.lindenhausen.de\/blog\/wp-content\/uploads\/2019\/02\/K800_IMG_1888Edited-300x300.jpg 300w\" sizes=\"(max-width: 600px) 100vw, 600px\" \/><\/figure><\/li><li class=\"blocks-gallery-item\"><figure><img decoding=\"async\" loading=\"lazy\" width=\"800\" height=\"600\" src=\"http:\/\/www.lindenhausen.de\/blog\/wp-content\/uploads\/2019\/02\/K800_IMG_1892-e1550688803380.jpg\" alt=\"\" data-id=\"4247\" data-link=\"http:\/\/www.lindenhausen.de\/blog\/costa-magica-karibik-kleine-antillen-januar-2019\/k800_img_1892\/\" class=\"wp-image-4247\" srcset=\"http:\/\/www.lindenhausen.de\/blog\/wp-content\/uploads\/2019\/02\/K800_IMG_1892-e1550688803380.jpg 800w, http:\/\/www.lindenhausen.de\/blog\/wp-content\/uploads\/2019\/02\/K800_IMG_1892-e1550688803380-300x225.jpg 300w, http:\/\/www.lindenhausen.de\/blog\/wp-content\/uploads\/2019\/02\/K800_IMG_1892-e1550688803380-768x576.jpg 768w\" sizes=\"(max-width: 800px) 100vw, 800px\" \/><\/figure><\/li><li class=\"blocks-gallery-item\"><figure><img decoding=\"async\" loading=\"lazy\" width=\"800\" height=\"600\" src=\"http:\/\/www.lindenhausen.de\/blog\/wp-content\/uploads\/2019\/02\/K800_IMG_1897-e1550688782161.jpg\" alt=\"\" data-id=\"4248\" data-link=\"http:\/\/www.lindenhausen.de\/blog\/costa-magica-karibik-kleine-antillen-januar-2019\/k800_img_1897\/\" class=\"wp-image-4248\" srcset=\"http:\/\/www.lindenhausen.de\/blog\/wp-content\/uploads\/2019\/02\/K800_IMG_1897-e1550688782161.jpg 800w, http:\/\/www.lindenhausen.de\/blog\/wp-content\/uploads\/2019\/02\/K800_IMG_1897-e1550688782161-300x225.jpg 300w, http:\/\/www.lindenhausen.de\/blog\/wp-content\/uploads\/2019\/02\/K800_IMG_1897-e1550688782161-768x576.jpg 768w\" sizes=\"(max-width: 800px) 100vw, 800px\" \/><\/figure><\/li><\/ul>\n\n\n\n<p style=\"text-align:center\"><br> Am Hafen gab es dann viele Einkaufsm\u00f6glichkeiten, das verschob ich auf den Nachmittag.<br> Erst einmal Mittagessen und dann nutzte ich die Zeit auf dem fast leeren Schiff um ein paar Fotos der <br> Innenr\u00e4ume zu machen.<br> Dann ging ich noch einmal von Bord um ein paar Mitbringsel einzukaufen, alles war in Karibik\u00a7 und US\u00a7 ausgepreisst, das war fair.<br> Die Anlage ist sehr h\u00fcbsch mit kleinen Shops, Souvenirst\u00e4nden und Bars und nicht so \u00fcberdimensioniert wie auf Barbados.<br> Bei der Ausfahrt an dem kleinen Flughafen vorbei, konnten wir wieder einen wunderbaren Sonnenuntergang bewundern.<\/p>\n\n\n\n<ul class=\"wp-block-gallery columns-3 is-cropped wp-block-gallery-3 is-layout-flex\"><li class=\"blocks-gallery-item\"><figure><img decoding=\"async\" loading=\"lazy\" width=\"600\" height=\"800\" src=\"http:\/\/www.lindenhausen.de\/blog\/wp-content\/uploads\/2019\/02\/K800_IMG_1901-e1550688755537.jpg\" alt=\"\" data-id=\"4249\" data-link=\"http:\/\/www.lindenhausen.de\/blog\/costa-magica-karibik-kleine-antillen-januar-2019\/k800_img_1901\/\" class=\"wp-image-4249\" srcset=\"http:\/\/www.lindenhausen.de\/blog\/wp-content\/uploads\/2019\/02\/K800_IMG_1901-e1550688755537.jpg 600w, http:\/\/www.lindenhausen.de\/blog\/wp-content\/uploads\/2019\/02\/K800_IMG_1901-e1550688755537-225x300.jpg 225w\" sizes=\"(max-width: 600px) 100vw, 600px\" \/><\/figure><\/li><li class=\"blocks-gallery-item\"><figure><img decoding=\"async\" loading=\"lazy\" width=\"800\" height=\"600\" src=\"http:\/\/www.lindenhausen.de\/blog\/wp-content\/uploads\/2019\/02\/K800_IMG_1950-e1550688404129.jpg\" alt=\"\" data-id=\"4265\" data-link=\"http:\/\/www.lindenhausen.de\/blog\/costa-magica-karibik-kleine-antillen-januar-2019\/k800_img_1950\/\" class=\"wp-image-4265\" srcset=\"http:\/\/www.lindenhausen.de\/blog\/wp-content\/uploads\/2019\/02\/K800_IMG_1950-e1550688404129.jpg 800w, http:\/\/www.lindenhausen.de\/blog\/wp-content\/uploads\/2019\/02\/K800_IMG_1950-e1550688404129-300x225.jpg 300w, http:\/\/www.lindenhausen.de\/blog\/wp-content\/uploads\/2019\/02\/K800_IMG_1950-e1550688404129-768x576.jpg 768w\" sizes=\"(max-width: 800px) 100vw, 800px\" \/><\/figure><\/li><li class=\"blocks-gallery-item\"><figure><img decoding=\"async\" loading=\"lazy\" width=\"800\" height=\"600\" src=\"http:\/\/www.lindenhausen.de\/blog\/wp-content\/uploads\/2019\/02\/K800_IMG_1956-e1550688386446.jpg\" alt=\"\" data-id=\"4266\" data-link=\"http:\/\/www.lindenhausen.de\/blog\/costa-magica-karibik-kleine-antillen-januar-2019\/k800_img_1956\/\" class=\"wp-image-4266\" srcset=\"http:\/\/www.lindenhausen.de\/blog\/wp-content\/uploads\/2019\/02\/K800_IMG_1956-e1550688386446.jpg 800w, http:\/\/www.lindenhausen.de\/blog\/wp-content\/uploads\/2019\/02\/K800_IMG_1956-e1550688386446-300x225.jpg 300w, http:\/\/www.lindenhausen.de\/blog\/wp-content\/uploads\/2019\/02\/K800_IMG_1956-e1550688386446-768x576.jpg 768w\" sizes=\"(max-width: 800px) 100vw, 800px\" \/><\/figure><\/li><li class=\"blocks-gallery-item\"><figure><img decoding=\"async\" loading=\"lazy\" width=\"800\" height=\"600\" src=\"http:\/\/www.lindenhausen.de\/blog\/wp-content\/uploads\/2019\/02\/K800_IMG_1960-e1550688365434.jpg\" alt=\"\" data-id=\"4267\" data-link=\"http:\/\/www.lindenhausen.de\/blog\/costa-magica-karibik-kleine-antillen-januar-2019\/k800_img_1960\/\" class=\"wp-image-4267\" srcset=\"http:\/\/www.lindenhausen.de\/blog\/wp-content\/uploads\/2019\/02\/K800_IMG_1960-e1550688365434.jpg 800w, http:\/\/www.lindenhausen.de\/blog\/wp-content\/uploads\/2019\/02\/K800_IMG_1960-e1550688365434-300x225.jpg 300w, http:\/\/www.lindenhausen.de\/blog\/wp-content\/uploads\/2019\/02\/K800_IMG_1960-e1550688365434-768x576.jpg 768w\" sizes=\"(max-width: 800px) 100vw, 800px\" \/><\/figure><\/li><li class=\"blocks-gallery-item\"><figure><img decoding=\"async\" loading=\"lazy\" width=\"600\" height=\"800\" src=\"http:\/\/www.lindenhausen.de\/blog\/wp-content\/uploads\/2019\/02\/K800_IMG_1967-e1550688283831.jpg\" alt=\"\" data-id=\"4268\" data-link=\"http:\/\/www.lindenhausen.de\/blog\/costa-magica-karibik-kleine-antillen-januar-2019\/k800_img_1967\/\" class=\"wp-image-4268\" srcset=\"http:\/\/www.lindenhausen.de\/blog\/wp-content\/uploads\/2019\/02\/K800_IMG_1967-e1550688283831.jpg 600w, http:\/\/www.lindenhausen.de\/blog\/wp-content\/uploads\/2019\/02\/K800_IMG_1967-e1550688283831-225x300.jpg 225w\" sizes=\"(max-width: 600px) 100vw, 600px\" \/><\/figure><\/li><\/ul>\n\n\n\n<p style=\"text-align:center\"><br> Es war zu sp\u00fcren das sich unsere Reise dem Ende n\u00e4hrte, heute Abend wurden im Restaurant die Abteilungen des Hotel\/Restaurantbereiches vorgestellt.<br> Ein Anlass etwas zu Essen zu sagen, das durchweg Italienisch-Europ\u00e4isch gepr\u00e4gt war, dennoch aber jeden Abend auch in drei G\u00e4ngen Landestypisches Essen anbot. Da wir viele G\u00e4ste aus der Region Bord hatten wurde dies auch gut angenommen und auch wir probierten nat\u00fcrlich einiges aus.<br> Nicht immer ist alles jedermanns Sache, aber die Qualit\u00e4t war durchweg ok, es h\u00e4tte nur ab und an ein wenig mehr Mut zur Sch\u00e4rfe da sein d\u00fcrfen.<\/p>\n\n\n\n<figure class=\"wp-block-embed is-type-rich is-provider-lindenhausen-weil-reisen-spass-macht\"><div class=\"wp-block-embed__wrapper\">\n<blockquote class=\"wp-embedded-content\" data-secret=\"rvKQjwMOoT\"><a href=\"http:\/\/www.lindenhausen.de\/blog\/reiseberichte-costa\/kreuzfahrten-2019\/costa-magica-karibik-2019\/martinique-2\/\">Martinique<\/a><\/blockquote><iframe class=\"wp-embedded-content\" sandbox=\"allow-scripts\" security=\"restricted\" style=\"position: absolute; clip: rect(1px, 1px, 1px, 1px);\" src=\"http:\/\/www.lindenhausen.de\/blog\/reiseberichte-costa\/kreuzfahrten-2019\/costa-magica-karibik-2019\/martinique-2\/embed\/#?secret=rvKQjwMOoT\" data-secret=\"rvKQjwMOoT\" width=\"600\" height=\"338\" title=\"&#8222;Martinique&#8220; &#8212; Lindenhausen-weil Reisen Spa\u00df macht\" frameborder=\"0\" marginwidth=\"0\" marginheight=\"0\" scrolling=\"no\"><\/iframe>\n<\/div><\/figure>\n","protected":false},"excerpt":{"rendered":"<p>St. Lucia &#8211; Castris Mittwoch 07.02.2019 Der Plan f\u00fcr heute \u00e4hnelte dem von gestern, Vulkanwanderung war ebenso wie die Katamaran Tour zu den Pitons nicht m\u00f6glich, also schauten wir wo der n\u00e4chstgelegene Strand zu finden war. Auf den ersten Blick war nichts zu sehen, die Insel ist gr\u00fcn und bergig, der Hafen lag in einer &hellip; <a href=\"http:\/\/www.lindenhausen.de\/blog\/reiseberichte-costa\/kreuzfahrten-2019\/costa-magica-karibik-2019\/st-lucia\/\" class=\"more-link\"><span class=\"screen-reader-text\">St. Lucia<\/span> weiterlesen <span class=\"meta-nav\">&rarr;<\/span><\/a><\/p>\n","protected":false},"author":1,"featured_media":4242,"parent":4356,"menu_order":10,"comment_status":"open","ping_status":"closed","template":"","meta":{"_monsterinsights_skip_tracking":false,"_monsterinsights_sitenote_active":false,"_monsterinsights_sitenote_note":"","_monsterinsights_sitenote_category":0},"yoast_head":"<!-- This site is optimized with the Yoast SEO plugin v21.0 - https:\/\/yoast.com\/wordpress\/plugins\/seo\/ -->\n<title>St. Lucia - Lindenhausen-weil Reisen Spa\u00df macht<\/title>\n<meta name=\"robots\" content=\"index, follow, max-snippet:-1, max-image-preview:large, max-video-preview:-1\" \/>\n<link rel=\"canonical\" href=\"https:\/\/www.lindenhausen.de\/blog\/reiseberichte-costa\/kreuzfahrten-2019\/costa-magica-karibik-2019\/st-lucia\/\" \/>\n<meta property=\"og:locale\" content=\"de_DE\" \/>\n<meta property=\"og:type\" content=\"article\" \/>\n<meta property=\"og:title\" content=\"St. Lucia - Lindenhausen-weil Reisen Spa\u00df macht\" \/>\n<meta property=\"og:description\" content=\"St. Lucia &#8211; Castris Mittwoch 07.02.2019 Der Plan f\u00fcr heute \u00e4hnelte dem von gestern, Vulkanwanderung war ebenso wie die Katamaran Tour zu den Pitons nicht m\u00f6glich, also schauten wir wo der n\u00e4chstgelegene Strand zu finden war. Auf den ersten Blick war nichts zu sehen, die Insel ist gr\u00fcn und bergig, der Hafen lag in einer &hellip; St. Lucia weiterlesen &rarr;\" \/>\n<meta property=\"og:url\" content=\"https:\/\/www.lindenhausen.de\/blog\/reiseberichte-costa\/kreuzfahrten-2019\/costa-magica-karibik-2019\/st-lucia\/\" \/>\n<meta property=\"og:site_name\" content=\"Lindenhausen-weil Reisen Spa\u00df macht\" \/>\n<meta property=\"article:publisher\" content=\"http:\/\/www.facebook.com\/Lindenhausen\/\" \/>\n<meta property=\"article:modified_time\" content=\"2019-02-21T13:40:23+00:00\" \/>\n<meta property=\"og:image\" content=\"https:\/\/www.lindenhausen.de\/blog\/wp-content\/uploads\/2019\/02\/K800_IMG_1867-e1550688890864.jpg\" \/>\n\t<meta property=\"og:image:width\" content=\"800\" \/>\n\t<meta property=\"og:image:height\" content=\"600\" \/>\n\t<meta property=\"og:image:type\" content=\"image\/jpeg\" \/>\n<meta name=\"twitter:card\" content=\"summary_large_image\" \/>\n<meta name=\"twitter:site\" content=\"@Maxilinde\" \/>\n<meta name=\"twitter:label1\" content=\"Gesch\u00e4tzte Lesezeit\" \/>\n\t<meta name=\"twitter:data1\" content=\"2\u00a0Minuten\" \/>\n<script type=\"application\/ld+json\" class=\"yoast-schema-graph\">{\"@context\":\"https:\/\/schema.org\",\"@graph\":[{\"@type\":\"WebPage\",\"@id\":\"https:\/\/www.lindenhausen.de\/blog\/reiseberichte-costa\/kreuzfahrten-2019\/costa-magica-karibik-2019\/st-lucia\/\",\"url\":\"https:\/\/www.lindenhausen.de\/blog\/reiseberichte-costa\/kreuzfahrten-2019\/costa-magica-karibik-2019\/st-lucia\/\",\"name\":\"St. Lucia - Lindenhausen-weil Reisen Spa\u00df macht\",\"isPartOf\":{\"@id\":\"https:\/\/www.lindenhausen.de\/blog\/#website\"},\"datePublished\":\"2019-02-21T12:42:33+00:00\",\"dateModified\":\"2019-02-21T13:40:23+00:00\",\"breadcrumb\":{\"@id\":\"https:\/\/www.lindenhausen.de\/blog\/reiseberichte-costa\/kreuzfahrten-2019\/costa-magica-karibik-2019\/st-lucia\/#breadcrumb\"},\"inLanguage\":\"de\",\"potentialAction\":[{\"@type\":\"ReadAction\",\"target\":[\"https:\/\/www.lindenhausen.de\/blog\/reiseberichte-costa\/kreuzfahrten-2019\/costa-magica-karibik-2019\/st-lucia\/\"]}]},{\"@type\":\"BreadcrumbList\",\"@id\":\"https:\/\/www.lindenhausen.de\/blog\/reiseberichte-costa\/kreuzfahrten-2019\/costa-magica-karibik-2019\/st-lucia\/#breadcrumb\",\"itemListElement\":[{\"@type\":\"ListItem\",\"position\":1,\"name\":\"Startseite\",\"item\":\"https:\/\/www.lindenhausen.de\/blog\/\"},{\"@type\":\"ListItem\",\"position\":2,\"name\":\"Reiseberichte Costa Kreuzfahrten\",\"item\":\"http:\/\/www.lindenhausen.de\/blog\/reiseberichte-costa\/\"},{\"@type\":\"ListItem\",\"position\":3,\"name\":\"Kreuzfahrten 2019\",\"item\":\"http:\/\/www.lindenhausen.de\/blog\/reiseberichte-costa\/kreuzfahrten-2019\/\"},{\"@type\":\"ListItem\",\"position\":4,\"name\":\"Costa Magica-Karibik 2019\",\"item\":\"http:\/\/www.lindenhausen.de\/blog\/reiseberichte-costa\/kreuzfahrten-2019\/costa-magica-karibik-2019\/\"},{\"@type\":\"ListItem\",\"position\":5,\"name\":\"St. Lucia\"}]},{\"@type\":\"WebSite\",\"@id\":\"https:\/\/www.lindenhausen.de\/blog\/#website\",\"url\":\"https:\/\/www.lindenhausen.de\/blog\/\",\"name\":\"Lindenhausen-weil Reisen Spa\u00df macht\",\"description\":\"Reisen und Kreuzfahrten, Reiseberichte, Kreuzfahrtforum\",\"potentialAction\":[{\"@type\":\"SearchAction\",\"target\":{\"@type\":\"EntryPoint\",\"urlTemplate\":\"https:\/\/www.lindenhausen.de\/blog\/?s={search_term_string}\"},\"query-input\":\"required name=search_term_string\"}],\"inLanguage\":\"de\"}]}<\/script>\n<!-- \/ Yoast SEO plugin. -->","yoast_head_json":{"title":"St. Lucia - Lindenhausen-weil Reisen Spa\u00df macht","robots":{"index":"index","follow":"follow","max-snippet":"max-snippet:-1","max-image-preview":"max-image-preview:large","max-video-preview":"max-video-preview:-1"},"canonical":"https:\/\/www.lindenhausen.de\/blog\/reiseberichte-costa\/kreuzfahrten-2019\/costa-magica-karibik-2019\/st-lucia\/","og_locale":"de_DE","og_type":"article","og_title":"St. Lucia - Lindenhausen-weil Reisen Spa\u00df macht","og_description":"St. Lucia &#8211; Castris Mittwoch 07.02.2019 Der Plan f\u00fcr heute \u00e4hnelte dem von gestern, Vulkanwanderung war ebenso wie die Katamaran Tour zu den Pitons nicht m\u00f6glich, also schauten wir wo der n\u00e4chstgelegene Strand zu finden war. Auf den ersten Blick war nichts zu sehen, die Insel ist gr\u00fcn und bergig, der Hafen lag in einer &hellip; St. Lucia weiterlesen &rarr;","og_url":"https:\/\/www.lindenhausen.de\/blog\/reiseberichte-costa\/kreuzfahrten-2019\/costa-magica-karibik-2019\/st-lucia\/","og_site_name":"Lindenhausen-weil Reisen Spa\u00df macht","article_publisher":"http:\/\/www.facebook.com\/Lindenhausen\/","article_modified_time":"2019-02-21T13:40:23+00:00","og_image":[{"width":800,"height":600,"url":"https:\/\/www.lindenhausen.de\/blog\/wp-content\/uploads\/2019\/02\/K800_IMG_1867-e1550688890864.jpg","type":"image\/jpeg"}],"twitter_card":"summary_large_image","twitter_site":"@Maxilinde","twitter_misc":{"Gesch\u00e4tzte Lesezeit":"2\u00a0Minuten"},"schema":{"@context":"https:\/\/schema.org","@graph":[{"@type":"WebPage","@id":"https:\/\/www.lindenhausen.de\/blog\/reiseberichte-costa\/kreuzfahrten-2019\/costa-magica-karibik-2019\/st-lucia\/","url":"https:\/\/www.lindenhausen.de\/blog\/reiseberichte-costa\/kreuzfahrten-2019\/costa-magica-karibik-2019\/st-lucia\/","name":"St. Lucia - Lindenhausen-weil Reisen Spa\u00df macht","isPartOf":{"@id":"https:\/\/www.lindenhausen.de\/blog\/#website"},"datePublished":"2019-02-21T12:42:33+00:00","dateModified":"2019-02-21T13:40:23+00:00","breadcrumb":{"@id":"https:\/\/www.lindenhausen.de\/blog\/reiseberichte-costa\/kreuzfahrten-2019\/costa-magica-karibik-2019\/st-lucia\/#breadcrumb"},"inLanguage":"de","potentialAction":[{"@type":"ReadAction","target":["https:\/\/www.lindenhausen.de\/blog\/reiseberichte-costa\/kreuzfahrten-2019\/costa-magica-karibik-2019\/st-lucia\/"]}]},{"@type":"BreadcrumbList","@id":"https:\/\/www.lindenhausen.de\/blog\/reiseberichte-costa\/kreuzfahrten-2019\/costa-magica-karibik-2019\/st-lucia\/#breadcrumb","itemListElement":[{"@type":"ListItem","position":1,"name":"Startseite","item":"https:\/\/www.lindenhausen.de\/blog\/"},{"@type":"ListItem","position":2,"name":"Reiseberichte Costa Kreuzfahrten","item":"http:\/\/www.lindenhausen.de\/blog\/reiseberichte-costa\/"},{"@type":"ListItem","position":3,"name":"Kreuzfahrten 2019","item":"http:\/\/www.lindenhausen.de\/blog\/reiseberichte-costa\/kreuzfahrten-2019\/"},{"@type":"ListItem","position":4,"name":"Costa Magica-Karibik 2019","item":"http:\/\/www.lindenhausen.de\/blog\/reiseberichte-costa\/kreuzfahrten-2019\/costa-magica-karibik-2019\/"},{"@type":"ListItem","position":5,"name":"St. Lucia"}]},{"@type":"WebSite","@id":"https:\/\/www.lindenhausen.de\/blog\/#website","url":"https:\/\/www.lindenhausen.de\/blog\/","name":"Lindenhausen-weil Reisen Spa\u00df macht","description":"Reisen und Kreuzfahrten, Reiseberichte, Kreuzfahrtforum","potentialAction":[{"@type":"SearchAction","target":{"@type":"EntryPoint","urlTemplate":"https:\/\/www.lindenhausen.de\/blog\/?s={search_term_string}"},"query-input":"required name=search_term_string"}],"inLanguage":"de"}]}},"_links":{"self":[{"href":"http:\/\/www.lindenhausen.de\/blog\/wp-json\/wp\/v2\/pages\/4399"}],"collection":[{"href":"http:\/\/www.lindenhausen.de\/blog\/wp-json\/wp\/v2\/pages"}],"about":[{"href":"http:\/\/www.lindenhausen.de\/blog\/wp-json\/wp\/v2\/types\/page"}],"author":[{"embeddable":true,"href":"http:\/\/www.lindenhausen.de\/blog\/wp-json\/wp\/v2\/users\/1"}],"replies":[{"embeddable":true,"href":"http:\/\/www.lindenhausen.de\/blog\/wp-json\/wp\/v2\/comments?post=4399"}],"version-history":[{"count":2,"href":"http:\/\/www.lindenhausen.de\/blog\/wp-json\/wp\/v2\/pages\/4399\/revisions"}],"predecessor-version":[{"id":4439,"href":"http:\/\/www.lindenhausen.de\/blog\/wp-json\/wp\/v2\/pages\/4399\/revisions\/4439"}],"up":[{"embeddable":true,"href":"http:\/\/www.lindenhausen.de\/blog\/wp-json\/wp\/v2\/pages\/4356"}],"wp:featuredmedia":[{"embeddable":true,"href":"http:\/\/www.lindenhausen.de\/blog\/wp-json\/wp\/v2\/media\/4242"}],"wp:attachment":[{"href":"http:\/\/www.lindenhausen.de\/blog\/wp-json\/wp\/v2\/media?parent=4399"}],"curies":[{"name":"wp","href":"https:\/\/api.w.org\/{rel}","templated":true}]}}