{"id":4388,"date":"2019-02-21T12:01:21","date_gmt":"2019-02-21T11:01:21","guid":{"rendered":"http:\/\/www.lindenhausen.de\/blog\/?page_id=4388"},"modified":"2019-02-21T14:35:14","modified_gmt":"2019-02-21T13:35:14","slug":"guadeloupe","status":"publish","type":"page","link":"http:\/\/www.lindenhausen.de\/blog\/reiseberichte-costa\/kreuzfahrten-2019\/costa-magica-karibik-2019\/guadeloupe\/","title":{"rendered":"Guadeloupe"},"content":{"rendered":"\n<p style=\"text-align:center\">Guadeloupe \u2013 Basse Terre 01.02.2019<\/p>\n\n\n\n<figure class=\"wp-block-image\"><img alt=\"\"\/><\/figure>\n\n\n\n<p style=\"text-align:center\">F\u00fcr heute hatten wir bei Hertz ein Auto gebucht, ich kann jedem nur dringend empfehlen das noch von Deutschland aus zu machen denn es waren, obwohl wir das einzige Schiff im Hafen waren, keine freien Autos da.<br> Auto fahren ist hier nicht anders als in Frankreich, wir fuhren in Richtung Basse Terre, leider spielte das Wetter nicht mit und ein Regenschauer jagte den anderen.<br> Wir nahmen die Ausfahrt D4 in Richtung Wasserf\u00e4lle, das war dann schon ein bisschen abenteuerlicher zu fahren. So mitten im Regenwald geht es halt nicht immer geradeaus.<br> Wir testeten ein Wanderweg an, mussten aber zugeben: mit kaputten Zeh und offenen Schuhen geht das gar nicht. Schade, zu zu zu schade.<br> Also zum Wasserfall, dort gibt es feste Wege. Wir liefen los und ich musste feststellen: das war nicht mein Urlaub, jemand hatte etwas gegen jede meiner Aktivit\u00e4ten. Es begann zu regnen. Wobei das eher ein Eimer aussch\u00fctten war, innerhalb von wenigen Minuten waren wir nass bis auf die Knochen. Durch den Hurrikan war auch der Wasserfall nicht mehr frei zug\u00e4nglich, nur von weitem zu betrachten. Wir trafen ein junges P\u00e4rchen, das am 3. Wasserfall eingestiegen war, dort gab es kein Sperrschild, teilweise mussten sie durch H\u00fcfthohes Wasser, also ohne Guide w\u00fcrde ich das eher nicht machen.<\/p>\n\n\n\n<ul class=\"wp-block-gallery columns-3 is-cropped wp-block-gallery-1 is-layout-flex\"><li class=\"blocks-gallery-item\"><figure><img decoding=\"async\" loading=\"lazy\" width=\"600\" height=\"800\" src=\"http:\/\/www.lindenhausen.de\/blog\/wp-content\/uploads\/2019\/02\/K800_IMG_1255-e1550732130642.jpg\" alt=\"\" data-id=\"4150\" data-link=\"http:\/\/www.lindenhausen.de\/blog\/costa-magica-karibik-kleine-antillen-januar-2019\/k800_img_1255\/\" class=\"wp-image-4150\" srcset=\"http:\/\/www.lindenhausen.de\/blog\/wp-content\/uploads\/2019\/02\/K800_IMG_1255-e1550732130642.jpg 600w, http:\/\/www.lindenhausen.de\/blog\/wp-content\/uploads\/2019\/02\/K800_IMG_1255-e1550732130642-225x300.jpg 225w\" sizes=\"(max-width: 600px) 100vw, 600px\" \/><\/figure><\/li><li class=\"blocks-gallery-item\"><figure><img decoding=\"async\" loading=\"lazy\" width=\"600\" height=\"800\" src=\"http:\/\/www.lindenhausen.de\/blog\/wp-content\/uploads\/2019\/02\/K800_IMG_1259-e1550732114641.jpg\" alt=\"\" data-id=\"4151\" data-link=\"http:\/\/www.lindenhausen.de\/blog\/costa-magica-karibik-kleine-antillen-januar-2019\/k800_img_1259\/\" class=\"wp-image-4151\" srcset=\"http:\/\/www.lindenhausen.de\/blog\/wp-content\/uploads\/2019\/02\/K800_IMG_1259-e1550732114641.jpg 600w, http:\/\/www.lindenhausen.de\/blog\/wp-content\/uploads\/2019\/02\/K800_IMG_1259-e1550732114641-225x300.jpg 225w\" sizes=\"(max-width: 600px) 100vw, 600px\" \/><\/figure><\/li><li class=\"blocks-gallery-item\"><figure><img decoding=\"async\" loading=\"lazy\" width=\"600\" height=\"800\" src=\"http:\/\/www.lindenhausen.de\/blog\/wp-content\/uploads\/2019\/02\/K800_IMG_1266-e1550732101452.jpg\" alt=\"\" data-id=\"4152\" data-link=\"http:\/\/www.lindenhausen.de\/blog\/costa-magica-karibik-kleine-antillen-januar-2019\/k800_img_1266\/\" class=\"wp-image-4152\" srcset=\"http:\/\/www.lindenhausen.de\/blog\/wp-content\/uploads\/2019\/02\/K800_IMG_1266-e1550732101452.jpg 600w, http:\/\/www.lindenhausen.de\/blog\/wp-content\/uploads\/2019\/02\/K800_IMG_1266-e1550732101452-225x300.jpg 225w\" sizes=\"(max-width: 600px) 100vw, 600px\" \/><\/figure><\/li><li class=\"blocks-gallery-item\"><figure><img decoding=\"async\" loading=\"lazy\" width=\"600\" height=\"800\" src=\"http:\/\/www.lindenhausen.de\/blog\/wp-content\/uploads\/2019\/02\/K800_IMG_1287-e1550730600114.jpg\" alt=\"\" data-id=\"4153\" data-link=\"http:\/\/www.lindenhausen.de\/blog\/costa-magica-karibik-kleine-antillen-januar-2019\/k800_img_1287\/\" class=\"wp-image-4153\" srcset=\"http:\/\/www.lindenhausen.de\/blog\/wp-content\/uploads\/2019\/02\/K800_IMG_1287-e1550730600114.jpg 600w, http:\/\/www.lindenhausen.de\/blog\/wp-content\/uploads\/2019\/02\/K800_IMG_1287-e1550730600114-225x300.jpg 225w\" sizes=\"(max-width: 600px) 100vw, 600px\" \/><\/figure><\/li><li class=\"blocks-gallery-item\"><figure><img decoding=\"async\" loading=\"lazy\" width=\"600\" height=\"800\" src=\"http:\/\/www.lindenhausen.de\/blog\/wp-content\/uploads\/2019\/02\/K800_IMG_1291-e1550730562982.jpg\" alt=\"\" data-id=\"4154\" data-link=\"http:\/\/www.lindenhausen.de\/blog\/costa-magica-karibik-kleine-antillen-januar-2019\/k800_img_1291\/\" class=\"wp-image-4154\" srcset=\"http:\/\/www.lindenhausen.de\/blog\/wp-content\/uploads\/2019\/02\/K800_IMG_1291-e1550730562982.jpg 600w, http:\/\/www.lindenhausen.de\/blog\/wp-content\/uploads\/2019\/02\/K800_IMG_1291-e1550730562982-225x300.jpg 225w\" sizes=\"(max-width: 600px) 100vw, 600px\" \/><\/figure><\/li><li class=\"blocks-gallery-item\"><figure><img decoding=\"async\" loading=\"lazy\" width=\"600\" height=\"800\" src=\"http:\/\/www.lindenhausen.de\/blog\/wp-content\/uploads\/2019\/02\/K800_IMG_1296-e1550730544435.jpg\" alt=\"\" data-id=\"4155\" data-link=\"http:\/\/www.lindenhausen.de\/blog\/costa-magica-karibik-kleine-antillen-januar-2019\/k800_img_1296\/\" class=\"wp-image-4155\" srcset=\"http:\/\/www.lindenhausen.de\/blog\/wp-content\/uploads\/2019\/02\/K800_IMG_1296-e1550730544435.jpg 600w, http:\/\/www.lindenhausen.de\/blog\/wp-content\/uploads\/2019\/02\/K800_IMG_1296-e1550730544435-225x300.jpg 225w\" sizes=\"(max-width: 600px) 100vw, 600px\" \/><\/figure><\/li><\/ul>\n\n\n\n<p style=\"text-align:center\"><br> Aber die Natur hier ist einfach unglaublich sch\u00f6n und ein Kontrast zu den Str\u00e4nden.<br> In Basse Terre wollten wir uns irgendwo gem\u00fctlich hinsetzten aber es gab au\u00dfer Imbissw\u00e4gen einfach nichts. Also schnell etwas gegessen und weiter bis zum Plage de Rocroy, hier gab es Wasser und Sand f\u00fcr den G\u00f6ttergatten und eine Bar f\u00fcr mich. Dachte ich. Aber ich bin ja in Frankreich, ergo wurde mir erkl\u00e4rt das ich, wenn ich etwas trinken m\u00f6chte auch Essen bestellen muss. Nein Danke, ich kann mein Geld auch woanders unterbringen.<\/p>\n\n\n\n<ul class=\"wp-block-gallery columns-3 is-cropped wp-block-gallery-3 is-layout-flex\"><li class=\"blocks-gallery-item\"><figure><img decoding=\"async\" loading=\"lazy\" width=\"800\" height=\"600\" src=\"http:\/\/www.lindenhausen.de\/blog\/wp-content\/uploads\/2019\/02\/K800_IMG_1298-e1550730525600.jpg\" alt=\"\" data-id=\"4156\" data-link=\"http:\/\/www.lindenhausen.de\/blog\/costa-magica-karibik-kleine-antillen-januar-2019\/k800_img_1298\/\" class=\"wp-image-4156\" srcset=\"http:\/\/www.lindenhausen.de\/blog\/wp-content\/uploads\/2019\/02\/K800_IMG_1298-e1550730525600.jpg 800w, http:\/\/www.lindenhausen.de\/blog\/wp-content\/uploads\/2019\/02\/K800_IMG_1298-e1550730525600-300x225.jpg 300w, http:\/\/www.lindenhausen.de\/blog\/wp-content\/uploads\/2019\/02\/K800_IMG_1298-e1550730525600-768x576.jpg 768w\" sizes=\"(max-width: 800px) 100vw, 800px\" \/><\/figure><\/li><li class=\"blocks-gallery-item\"><figure><img decoding=\"async\" loading=\"lazy\" width=\"600\" height=\"800\" src=\"http:\/\/www.lindenhausen.de\/blog\/wp-content\/uploads\/2019\/02\/K800_IMG_1303-e1550730507361.jpg\" alt=\"\" data-id=\"4157\" data-link=\"http:\/\/www.lindenhausen.de\/blog\/costa-magica-karibik-kleine-antillen-januar-2019\/k800_img_1303\/\" class=\"wp-image-4157\" srcset=\"http:\/\/www.lindenhausen.de\/blog\/wp-content\/uploads\/2019\/02\/K800_IMG_1303-e1550730507361.jpg 600w, http:\/\/www.lindenhausen.de\/blog\/wp-content\/uploads\/2019\/02\/K800_IMG_1303-e1550730507361-225x300.jpg 225w\" sizes=\"(max-width: 600px) 100vw, 600px\" \/><\/figure><\/li><li class=\"blocks-gallery-item\"><figure><img decoding=\"async\" loading=\"lazy\" width=\"800\" height=\"600\" src=\"http:\/\/www.lindenhausen.de\/blog\/wp-content\/uploads\/2019\/02\/K800_IMG_1310-e1550730493463.jpg\" alt=\"\" data-id=\"4158\" data-link=\"http:\/\/www.lindenhausen.de\/blog\/costa-magica-karibik-kleine-antillen-januar-2019\/k800_img_1310\/\" class=\"wp-image-4158\" srcset=\"http:\/\/www.lindenhausen.de\/blog\/wp-content\/uploads\/2019\/02\/K800_IMG_1310-e1550730493463.jpg 800w, http:\/\/www.lindenhausen.de\/blog\/wp-content\/uploads\/2019\/02\/K800_IMG_1310-e1550730493463-300x225.jpg 300w, http:\/\/www.lindenhausen.de\/blog\/wp-content\/uploads\/2019\/02\/K800_IMG_1310-e1550730493463-768x576.jpg 768w\" sizes=\"(max-width: 800px) 100vw, 800px\" \/><\/figure><\/li><li class=\"blocks-gallery-item\"><figure><img decoding=\"async\" loading=\"lazy\" width=\"600\" height=\"800\" src=\"http:\/\/www.lindenhausen.de\/blog\/wp-content\/uploads\/2019\/02\/K800_IMG_1316Edited.jpg\" alt=\"\" data-id=\"4159\" data-link=\"http:\/\/www.lindenhausen.de\/blog\/costa-magica-karibik-kleine-antillen-januar-2019\/k800_img_1316edited\/\" class=\"wp-image-4159\" srcset=\"http:\/\/www.lindenhausen.de\/blog\/wp-content\/uploads\/2019\/02\/K800_IMG_1316Edited.jpg 600w, http:\/\/www.lindenhausen.de\/blog\/wp-content\/uploads\/2019\/02\/K800_IMG_1316Edited-225x300.jpg 225w\" sizes=\"(max-width: 600px) 100vw, 600px\" \/><\/figure><\/li><\/ul>\n\n\n\n<p style=\"text-align:center\"><br> Und tats\u00e4chlich, ein paar Kilometer weiter wurden wir f\u00fcndig und fanden dieses romantische Pl\u00e4tzchen.<br> <a href=\"http:\/\/o-zepices.restaurant-guadeloupe.net\">http:\/\/o-zepices.restaurant-guadeloupe.net<\/a><\/p>\n\n\n\n<figure class=\"wp-block-image\"><img decoding=\"async\" loading=\"lazy\" width=\"800\" height=\"600\" src=\"http:\/\/www.lindenhausen.de\/blog\/wp-content\/uploads\/2019\/02\/K800_IMG_1322-e1550730468594.jpg\" alt=\"\" class=\"wp-image-4160\" srcset=\"http:\/\/www.lindenhausen.de\/blog\/wp-content\/uploads\/2019\/02\/K800_IMG_1322-e1550730468594.jpg 800w, http:\/\/www.lindenhausen.de\/blog\/wp-content\/uploads\/2019\/02\/K800_IMG_1322-e1550730468594-300x225.jpg 300w, http:\/\/www.lindenhausen.de\/blog\/wp-content\/uploads\/2019\/02\/K800_IMG_1322-e1550730468594-768x576.jpg 768w\" sizes=\"(max-width: 800px) 100vw, 800px\" \/><\/figure>\n\n\n\n<p style=\"text-align:center\">Schon war es Zeit an den R\u00fcckweg zu denken, Hertz schlie\u00dft 18:00 Uhr.<br> \u00dcbrigens, der Fu\u00dfweg zum Schiff betr\u00e4gt etwa 15 Minuten und f\u00fchrt auch durch diesen interessanten Obst\/Gem\u00fcsemarkt.<\/p>\n\n\n\n<ul class=\"wp-block-gallery columns-2 is-cropped wp-block-gallery-5 is-layout-flex\"><li class=\"blocks-gallery-item\"><figure><img decoding=\"async\" loading=\"lazy\" width=\"600\" height=\"800\" src=\"http:\/\/www.lindenhausen.de\/blog\/wp-content\/uploads\/2019\/02\/K800_IMG_1237-e1550732151964.jpg\" alt=\"\" data-id=\"4149\" data-link=\"http:\/\/www.lindenhausen.de\/blog\/costa-magica-karibik-kleine-antillen-januar-2019\/k800_img_1237\/\" class=\"wp-image-4149\" srcset=\"http:\/\/www.lindenhausen.de\/blog\/wp-content\/uploads\/2019\/02\/K800_IMG_1237-e1550732151964.jpg 600w, http:\/\/www.lindenhausen.de\/blog\/wp-content\/uploads\/2019\/02\/K800_IMG_1237-e1550732151964-225x300.jpg 225w\" sizes=\"(max-width: 600px) 100vw, 600px\" \/><\/figure><\/li><li class=\"blocks-gallery-item\"><figure><img decoding=\"async\" loading=\"lazy\" width=\"800\" height=\"600\" src=\"http:\/\/www.lindenhausen.de\/blog\/wp-content\/uploads\/2019\/02\/K800_IMG_1233-e1550732165306.jpg\" alt=\"\" data-id=\"4148\" data-link=\"http:\/\/www.lindenhausen.de\/blog\/costa-magica-karibik-kleine-antillen-januar-2019\/k800_img_1233\/\" class=\"wp-image-4148\" srcset=\"http:\/\/www.lindenhausen.de\/blog\/wp-content\/uploads\/2019\/02\/K800_IMG_1233-e1550732165306.jpg 800w, http:\/\/www.lindenhausen.de\/blog\/wp-content\/uploads\/2019\/02\/K800_IMG_1233-e1550732165306-300x225.jpg 300w, http:\/\/www.lindenhausen.de\/blog\/wp-content\/uploads\/2019\/02\/K800_IMG_1233-e1550732165306-768x576.jpg 768w\" sizes=\"(max-width: 800px) 100vw, 800px\" \/><\/figure><\/li><\/ul>\n\n\n\n<p style=\"text-align:center\"><br> F\u00fcr den Abend hatten wir im Clubrestaurant reserviert, Das Essen in gewohnt guter Qualit\u00e4t, das Personal sehr aufmerksam, schade fand ich das der Ma\u00eetre dem zuzahlenden Gast einen \u201eKatzentisch\u201c zuweist und auch nicht einmal nachfragt ob alles in Ordnung ist. Das ist schon extrem unterschiedlich auf den verschiedenen Costa Schiffen.<\/p>\n\n\n\n<ul class=\"wp-block-gallery columns-3 is-cropped wp-block-gallery-7 is-layout-flex\"><li class=\"blocks-gallery-item\"><figure><img decoding=\"async\" loading=\"lazy\" width=\"600\" height=\"800\" src=\"http:\/\/www.lindenhausen.de\/blog\/wp-content\/uploads\/2019\/02\/K800_IMG_1339-e1550730384657.jpg\" alt=\"\" data-id=\"4163\" data-link=\"http:\/\/www.lindenhausen.de\/blog\/costa-magica-karibik-kleine-antillen-januar-2019\/k800_img_1339\/\" class=\"wp-image-4163\" srcset=\"http:\/\/www.lindenhausen.de\/blog\/wp-content\/uploads\/2019\/02\/K800_IMG_1339-e1550730384657.jpg 600w, http:\/\/www.lindenhausen.de\/blog\/wp-content\/uploads\/2019\/02\/K800_IMG_1339-e1550730384657-225x300.jpg 225w\" sizes=\"(max-width: 600px) 100vw, 600px\" \/><\/figure><\/li><li class=\"blocks-gallery-item\"><figure><img decoding=\"async\" loading=\"lazy\" width=\"600\" height=\"800\" src=\"http:\/\/www.lindenhausen.de\/blog\/wp-content\/uploads\/2019\/02\/K800_IMG_1340-e1550730361203.jpg\" alt=\"\" data-id=\"4164\" data-link=\"http:\/\/www.lindenhausen.de\/blog\/costa-magica-karibik-kleine-antillen-januar-2019\/k800_img_1340\/\" class=\"wp-image-4164\" srcset=\"http:\/\/www.lindenhausen.de\/blog\/wp-content\/uploads\/2019\/02\/K800_IMG_1340-e1550730361203.jpg 600w, http:\/\/www.lindenhausen.de\/blog\/wp-content\/uploads\/2019\/02\/K800_IMG_1340-e1550730361203-225x300.jpg 225w\" sizes=\"(max-width: 600px) 100vw, 600px\" \/><\/figure><\/li><li class=\"blocks-gallery-item\"><figure><img decoding=\"async\" loading=\"lazy\" width=\"600\" height=\"800\" src=\"http:\/\/www.lindenhausen.de\/blog\/wp-content\/uploads\/2019\/02\/K800_IMG_1341-e1550730346817.jpg\" alt=\"\" data-id=\"4165\" data-link=\"http:\/\/www.lindenhausen.de\/blog\/costa-magica-karibik-kleine-antillen-januar-2019\/k800_img_1341\/\" class=\"wp-image-4165\" srcset=\"http:\/\/www.lindenhausen.de\/blog\/wp-content\/uploads\/2019\/02\/K800_IMG_1341-e1550730346817.jpg 600w, http:\/\/www.lindenhausen.de\/blog\/wp-content\/uploads\/2019\/02\/K800_IMG_1341-e1550730346817-225x300.jpg 225w\" sizes=\"(max-width: 600px) 100vw, 600px\" \/><\/figure><\/li><\/ul>\n\n\n\n<figure class=\"wp-block-embed is-type-rich is-provider-lindenhausen-weil-reisen-spass-macht\"><div class=\"wp-block-embed__wrapper\">\n<blockquote class=\"wp-embedded-content\" data-secret=\"1TIuw4qJo5\"><a href=\"http:\/\/www.lindenhausen.de\/blog\/reiseberichte-costa\/kreuzfahrten-2019\/costa-magica-karibik-2019\/seetag-tobago\/\">Seetag, Tobago<\/a><\/blockquote><iframe class=\"wp-embedded-content\" sandbox=\"allow-scripts\" security=\"restricted\" style=\"position: absolute; clip: rect(1px, 1px, 1px, 1px);\" src=\"http:\/\/www.lindenhausen.de\/blog\/reiseberichte-costa\/kreuzfahrten-2019\/costa-magica-karibik-2019\/seetag-tobago\/embed\/#?secret=1TIuw4qJo5\" data-secret=\"1TIuw4qJo5\" width=\"600\" height=\"338\" title=\"&#8222;Seetag, Tobago&#8220; &#8212; Lindenhausen-weil Reisen Spa\u00df macht\" frameborder=\"0\" marginwidth=\"0\" marginheight=\"0\" scrolling=\"no\"><\/iframe>\n<\/div><\/figure>\n","protected":false},"excerpt":{"rendered":"<p>Guadeloupe \u2013 Basse Terre 01.02.2019 F\u00fcr heute hatten wir bei Hertz ein Auto gebucht, ich kann jedem nur dringend empfehlen das noch von Deutschland aus zu machen denn es waren, obwohl wir das einzige Schiff im Hafen waren, keine freien Autos da. Auto fahren ist hier nicht anders als in Frankreich, wir fuhren in Richtung &hellip; <a href=\"http:\/\/www.lindenhausen.de\/blog\/reiseberichte-costa\/kreuzfahrten-2019\/costa-magica-karibik-2019\/guadeloupe\/\" class=\"more-link\"><span class=\"screen-reader-text\">Guadeloupe<\/span> weiterlesen <span class=\"meta-nav\">&rarr;<\/span><\/a><\/p>\n","protected":false},"author":1,"featured_media":4147,"parent":4356,"menu_order":6,"comment_status":"closed","ping_status":"closed","template":"","meta":{"_monsterinsights_skip_tracking":false,"_monsterinsights_sitenote_active":false,"_monsterinsights_sitenote_note":"","_monsterinsights_sitenote_category":0},"yoast_head":"<!-- This site is optimized with the Yoast SEO plugin v21.0 - https:\/\/yoast.com\/wordpress\/plugins\/seo\/ -->\n<title>Guadeloupe - Lindenhausen-weil Reisen Spa\u00df macht<\/title>\n<meta name=\"robots\" content=\"index, follow, max-snippet:-1, max-image-preview:large, max-video-preview:-1\" \/>\n<link rel=\"canonical\" href=\"https:\/\/www.lindenhausen.de\/blog\/reiseberichte-costa\/kreuzfahrten-2019\/costa-magica-karibik-2019\/guadeloupe\/\" \/>\n<meta property=\"og:locale\" content=\"de_DE\" \/>\n<meta property=\"og:type\" content=\"article\" \/>\n<meta property=\"og:title\" content=\"Guadeloupe - Lindenhausen-weil Reisen Spa\u00df macht\" \/>\n<meta property=\"og:description\" content=\"Guadeloupe \u2013 Basse Terre 01.02.2019 F\u00fcr heute hatten wir bei Hertz ein Auto gebucht, ich kann jedem nur dringend empfehlen das noch von Deutschland aus zu machen denn es waren, obwohl wir das einzige Schiff im Hafen waren, keine freien Autos da. Auto fahren ist hier nicht anders als in Frankreich, wir fuhren in Richtung &hellip; Guadeloupe weiterlesen &rarr;\" \/>\n<meta property=\"og:url\" content=\"https:\/\/www.lindenhausen.de\/blog\/reiseberichte-costa\/kreuzfahrten-2019\/costa-magica-karibik-2019\/guadeloupe\/\" \/>\n<meta property=\"og:site_name\" content=\"Lindenhausen-weil Reisen Spa\u00df macht\" \/>\n<meta property=\"article:publisher\" content=\"http:\/\/www.facebook.com\/Lindenhausen\/\" \/>\n<meta property=\"article:modified_time\" content=\"2019-02-21T13:35:14+00:00\" \/>\n<meta property=\"og:image\" content=\"https:\/\/www.lindenhausen.de\/blog\/wp-content\/uploads\/2019\/02\/K800_IMG_1225-e1550732191117.jpg\" \/>\n\t<meta property=\"og:image:width\" content=\"600\" \/>\n\t<meta property=\"og:image:height\" content=\"800\" \/>\n\t<meta property=\"og:image:type\" content=\"image\/jpeg\" \/>\n<meta name=\"twitter:card\" content=\"summary_large_image\" \/>\n<meta name=\"twitter:site\" content=\"@Maxilinde\" \/>\n<meta name=\"twitter:label1\" content=\"Gesch\u00e4tzte Lesezeit\" \/>\n\t<meta name=\"twitter:data1\" content=\"2\u00a0Minuten\" \/>\n<script type=\"application\/ld+json\" class=\"yoast-schema-graph\">{\"@context\":\"https:\/\/schema.org\",\"@graph\":[{\"@type\":\"WebPage\",\"@id\":\"https:\/\/www.lindenhausen.de\/blog\/reiseberichte-costa\/kreuzfahrten-2019\/costa-magica-karibik-2019\/guadeloupe\/\",\"url\":\"https:\/\/www.lindenhausen.de\/blog\/reiseberichte-costa\/kreuzfahrten-2019\/costa-magica-karibik-2019\/guadeloupe\/\",\"name\":\"Guadeloupe - Lindenhausen-weil Reisen Spa\u00df macht\",\"isPartOf\":{\"@id\":\"https:\/\/www.lindenhausen.de\/blog\/#website\"},\"datePublished\":\"2019-02-21T11:01:21+00:00\",\"dateModified\":\"2019-02-21T13:35:14+00:00\",\"breadcrumb\":{\"@id\":\"https:\/\/www.lindenhausen.de\/blog\/reiseberichte-costa\/kreuzfahrten-2019\/costa-magica-karibik-2019\/guadeloupe\/#breadcrumb\"},\"inLanguage\":\"de\",\"potentialAction\":[{\"@type\":\"ReadAction\",\"target\":[\"https:\/\/www.lindenhausen.de\/blog\/reiseberichte-costa\/kreuzfahrten-2019\/costa-magica-karibik-2019\/guadeloupe\/\"]}]},{\"@type\":\"BreadcrumbList\",\"@id\":\"https:\/\/www.lindenhausen.de\/blog\/reiseberichte-costa\/kreuzfahrten-2019\/costa-magica-karibik-2019\/guadeloupe\/#breadcrumb\",\"itemListElement\":[{\"@type\":\"ListItem\",\"position\":1,\"name\":\"Startseite\",\"item\":\"https:\/\/www.lindenhausen.de\/blog\/\"},{\"@type\":\"ListItem\",\"position\":2,\"name\":\"Reiseberichte Costa Kreuzfahrten\",\"item\":\"http:\/\/www.lindenhausen.de\/blog\/reiseberichte-costa\/\"},{\"@type\":\"ListItem\",\"position\":3,\"name\":\"Kreuzfahrten 2019\",\"item\":\"http:\/\/www.lindenhausen.de\/blog\/reiseberichte-costa\/kreuzfahrten-2019\/\"},{\"@type\":\"ListItem\",\"position\":4,\"name\":\"Costa Magica-Karibik 2019\",\"item\":\"http:\/\/www.lindenhausen.de\/blog\/reiseberichte-costa\/kreuzfahrten-2019\/costa-magica-karibik-2019\/\"},{\"@type\":\"ListItem\",\"position\":5,\"name\":\"Guadeloupe\"}]},{\"@type\":\"WebSite\",\"@id\":\"https:\/\/www.lindenhausen.de\/blog\/#website\",\"url\":\"https:\/\/www.lindenhausen.de\/blog\/\",\"name\":\"Lindenhausen-weil Reisen Spa\u00df macht\",\"description\":\"Reisen und Kreuzfahrten, Reiseberichte, Kreuzfahrtforum\",\"potentialAction\":[{\"@type\":\"SearchAction\",\"target\":{\"@type\":\"EntryPoint\",\"urlTemplate\":\"https:\/\/www.lindenhausen.de\/blog\/?s={search_term_string}\"},\"query-input\":\"required name=search_term_string\"}],\"inLanguage\":\"de\"}]}<\/script>\n<!-- \/ Yoast SEO plugin. -->","yoast_head_json":{"title":"Guadeloupe - Lindenhausen-weil Reisen Spa\u00df macht","robots":{"index":"index","follow":"follow","max-snippet":"max-snippet:-1","max-image-preview":"max-image-preview:large","max-video-preview":"max-video-preview:-1"},"canonical":"https:\/\/www.lindenhausen.de\/blog\/reiseberichte-costa\/kreuzfahrten-2019\/costa-magica-karibik-2019\/guadeloupe\/","og_locale":"de_DE","og_type":"article","og_title":"Guadeloupe - Lindenhausen-weil Reisen Spa\u00df macht","og_description":"Guadeloupe \u2013 Basse Terre 01.02.2019 F\u00fcr heute hatten wir bei Hertz ein Auto gebucht, ich kann jedem nur dringend empfehlen das noch von Deutschland aus zu machen denn es waren, obwohl wir das einzige Schiff im Hafen waren, keine freien Autos da. Auto fahren ist hier nicht anders als in Frankreich, wir fuhren in Richtung &hellip; Guadeloupe weiterlesen &rarr;","og_url":"https:\/\/www.lindenhausen.de\/blog\/reiseberichte-costa\/kreuzfahrten-2019\/costa-magica-karibik-2019\/guadeloupe\/","og_site_name":"Lindenhausen-weil Reisen Spa\u00df macht","article_publisher":"http:\/\/www.facebook.com\/Lindenhausen\/","article_modified_time":"2019-02-21T13:35:14+00:00","og_image":[{"width":600,"height":800,"url":"https:\/\/www.lindenhausen.de\/blog\/wp-content\/uploads\/2019\/02\/K800_IMG_1225-e1550732191117.jpg","type":"image\/jpeg"}],"twitter_card":"summary_large_image","twitter_site":"@Maxilinde","twitter_misc":{"Gesch\u00e4tzte Lesezeit":"2\u00a0Minuten"},"schema":{"@context":"https:\/\/schema.org","@graph":[{"@type":"WebPage","@id":"https:\/\/www.lindenhausen.de\/blog\/reiseberichte-costa\/kreuzfahrten-2019\/costa-magica-karibik-2019\/guadeloupe\/","url":"https:\/\/www.lindenhausen.de\/blog\/reiseberichte-costa\/kreuzfahrten-2019\/costa-magica-karibik-2019\/guadeloupe\/","name":"Guadeloupe - Lindenhausen-weil Reisen Spa\u00df macht","isPartOf":{"@id":"https:\/\/www.lindenhausen.de\/blog\/#website"},"datePublished":"2019-02-21T11:01:21+00:00","dateModified":"2019-02-21T13:35:14+00:00","breadcrumb":{"@id":"https:\/\/www.lindenhausen.de\/blog\/reiseberichte-costa\/kreuzfahrten-2019\/costa-magica-karibik-2019\/guadeloupe\/#breadcrumb"},"inLanguage":"de","potentialAction":[{"@type":"ReadAction","target":["https:\/\/www.lindenhausen.de\/blog\/reiseberichte-costa\/kreuzfahrten-2019\/costa-magica-karibik-2019\/guadeloupe\/"]}]},{"@type":"BreadcrumbList","@id":"https:\/\/www.lindenhausen.de\/blog\/reiseberichte-costa\/kreuzfahrten-2019\/costa-magica-karibik-2019\/guadeloupe\/#breadcrumb","itemListElement":[{"@type":"ListItem","position":1,"name":"Startseite","item":"https:\/\/www.lindenhausen.de\/blog\/"},{"@type":"ListItem","position":2,"name":"Reiseberichte Costa Kreuzfahrten","item":"http:\/\/www.lindenhausen.de\/blog\/reiseberichte-costa\/"},{"@type":"ListItem","position":3,"name":"Kreuzfahrten 2019","item":"http:\/\/www.lindenhausen.de\/blog\/reiseberichte-costa\/kreuzfahrten-2019\/"},{"@type":"ListItem","position":4,"name":"Costa Magica-Karibik 2019","item":"http:\/\/www.lindenhausen.de\/blog\/reiseberichte-costa\/kreuzfahrten-2019\/costa-magica-karibik-2019\/"},{"@type":"ListItem","position":5,"name":"Guadeloupe"}]},{"@type":"WebSite","@id":"https:\/\/www.lindenhausen.de\/blog\/#website","url":"https:\/\/www.lindenhausen.de\/blog\/","name":"Lindenhausen-weil Reisen Spa\u00df macht","description":"Reisen und Kreuzfahrten, Reiseberichte, Kreuzfahrtforum","potentialAction":[{"@type":"SearchAction","target":{"@type":"EntryPoint","urlTemplate":"https:\/\/www.lindenhausen.de\/blog\/?s={search_term_string}"},"query-input":"required name=search_term_string"}],"inLanguage":"de"}]}},"_links":{"self":[{"href":"http:\/\/www.lindenhausen.de\/blog\/wp-json\/wp\/v2\/pages\/4388"}],"collection":[{"href":"http:\/\/www.lindenhausen.de\/blog\/wp-json\/wp\/v2\/pages"}],"about":[{"href":"http:\/\/www.lindenhausen.de\/blog\/wp-json\/wp\/v2\/types\/page"}],"author":[{"embeddable":true,"href":"http:\/\/www.lindenhausen.de\/blog\/wp-json\/wp\/v2\/users\/1"}],"replies":[{"embeddable":true,"href":"http:\/\/www.lindenhausen.de\/blog\/wp-json\/wp\/v2\/comments?post=4388"}],"version-history":[{"count":2,"href":"http:\/\/www.lindenhausen.de\/blog\/wp-json\/wp\/v2\/pages\/4388\/revisions"}],"predecessor-version":[{"id":4429,"href":"http:\/\/www.lindenhausen.de\/blog\/wp-json\/wp\/v2\/pages\/4388\/revisions\/4429"}],"up":[{"embeddable":true,"href":"http:\/\/www.lindenhausen.de\/blog\/wp-json\/wp\/v2\/pages\/4356"}],"wp:featuredmedia":[{"embeddable":true,"href":"http:\/\/www.lindenhausen.de\/blog\/wp-json\/wp\/v2\/media\/4147"}],"wp:attachment":[{"href":"http:\/\/www.lindenhausen.de\/blog\/wp-json\/wp\/v2\/media?parent=4388"}],"curies":[{"name":"wp","href":"https:\/\/api.w.org\/{rel}","templated":true}]}}