{"id":4360,"date":"2019-02-21T10:28:09","date_gmt":"2019-02-21T09:28:09","guid":{"rendered":"http:\/\/www.lindenhausen.de\/blog\/?page_id=4360"},"modified":"2019-02-21T14:29:19","modified_gmt":"2019-02-21T13:29:19","slug":"seetag-und-tortola","status":"publish","type":"page","link":"http:\/\/www.lindenhausen.de\/blog\/reiseberichte-costa\/kreuzfahrten-2019\/costa-magica-karibik-2019\/seetag-und-tortola\/","title":{"rendered":"Seetag und Tortola"},"content":{"rendered":"\n<h2 class=\"wp-block-heading\"><\/h2>\n\n\n\n<p style=\"text-align:center\">Der erste Tag ein Seetag, perfekt um sich f\u00fcr die n\u00e4chsten zwei Wochen zu organisieren. Leider waren nur die Ausfl\u00fcge der ersten Woche buchbar, was sich im Nachhinein als Gl\u00fccksfall erwies-dazu sp\u00e4ter mehr.<br> F\u00fcr die Perla Diamante G\u00e4ste war wieder ein extra Bereich im Hauptrestaurant zugewiesen, ohne festen Tisch und offene Tischzeit, sehr praktisch.<br> Nach dem Fr\u00fchst\u00fcck gingen wir joggen, leider bei doch sehr regnerischen Wetter, das hatten wir nun so gar nicht erwartet. Alle Bordaktivit\u00e4ten wurden nach innen verlegt.<br> Ich musste schnell noch was arbeiten, selber schuld, wenn Frau aufschiebt und dann vergisst. <br> 10:45 dann der VIP Empfang, Kleiderordnung Leger, der Uhrzeit und Karibik angemessen.<br> Da war schon das eine oder andere bekannte Gesicht zu sehen, den Kapit\u00e4n, Paolo Fusarini kannten wir von anderen Reisen und wir trafen Miriam, die deutsche Hostess wieder.<br> Da es nur einen Seetag gibt (nur die Europ\u00e4er fahren 2 Wochen) wurde alles in diesen Tag gepackt.<br> Mittags zeigten die Bordk\u00f6che ihr K\u00f6nnen und \u00fcberall waren Veranstaltungen, alles sehr trubelig, wir gingen dem aus dem Weg, wir wollten erstmal ankommen.<br> Also Essen im Servicerestaurant wo es zu meiner Freude nicht nur ein Antipasti-B\u00fcffet gab, sondern auch die Paella vom B\u00fcffet serviert wurde.<br> Am fr\u00fchen Abend gab es dann auch schon die Costa Club Show, mein Mann wurde zum Tanzen entf\u00fchrt, hat sich aber gut geschlagen.<br> Freiwillig gingen wir so fr\u00fch wie m\u00f6glich zum Essen, die Zeitverschiebung forderte ihren Tribut. Im Atrium wurden dann doch aus einem Absacker zwei, \u201eschuld\u201c war eine nette Schweizer Gruppe mit denen wir viel Spa\u00df hatten.<\/p>\n\n\n\n<ul class=\"wp-block-gallery alignfull columns-3 is-cropped wp-block-gallery-1 is-layout-flex\"><li class=\"blocks-gallery-item\"><figure><img decoding=\"async\" loading=\"lazy\" width=\"600\" height=\"800\" src=\"http:\/\/www.lindenhausen.de\/blog\/wp-content\/uploads\/2019\/02\/K800_IMG_0506-e1550734695139.jpg\" alt=\"\" data-id=\"4071\" data-link=\"http:\/\/www.lindenhausen.de\/blog\/costa-magica-karibik-kleine-antillen-januar-2019\/k800_img_0506\/\" class=\"wp-image-4071\" srcset=\"http:\/\/www.lindenhausen.de\/blog\/wp-content\/uploads\/2019\/02\/K800_IMG_0506-e1550734695139.jpg 600w, http:\/\/www.lindenhausen.de\/blog\/wp-content\/uploads\/2019\/02\/K800_IMG_0506-e1550734695139-225x300.jpg 225w\" sizes=\"(max-width: 600px) 100vw, 600px\" \/><figcaption>Mittag an Deck<\/figcaption><\/figure><\/li><li class=\"blocks-gallery-item\"><figure><img decoding=\"async\" loading=\"lazy\" width=\"600\" height=\"800\" src=\"http:\/\/www.lindenhausen.de\/blog\/wp-content\/uploads\/2019\/02\/K800_IMG_0509-e1550740268859.jpg\" alt=\"\" data-id=\"4072\" data-link=\"http:\/\/www.lindenhausen.de\/blog\/costa-magica-karibik-kleine-antillen-januar-2019\/k800_img_0509\/\" class=\"wp-image-4072\" srcset=\"http:\/\/www.lindenhausen.de\/blog\/wp-content\/uploads\/2019\/02\/K800_IMG_0509-e1550740268859.jpg 600w, http:\/\/www.lindenhausen.de\/blog\/wp-content\/uploads\/2019\/02\/K800_IMG_0509-e1550740268859-225x300.jpg 225w\" sizes=\"(max-width: 600px) 100vw, 600px\" \/><figcaption>Mittag an Deck<\/figcaption><\/figure><\/li><li class=\"blocks-gallery-item\"><figure><img decoding=\"async\" loading=\"lazy\" width=\"600\" height=\"800\" src=\"http:\/\/www.lindenhausen.de\/blog\/wp-content\/uploads\/2019\/02\/K800_IMG_0514-e1550734683517.jpg\" alt=\"\" data-id=\"4073\" data-link=\"http:\/\/www.lindenhausen.de\/blog\/costa-magica-karibik-kleine-antillen-januar-2019\/k800_img_0514\/\" class=\"wp-image-4073\" srcset=\"http:\/\/www.lindenhausen.de\/blog\/wp-content\/uploads\/2019\/02\/K800_IMG_0514-e1550734683517.jpg 600w, http:\/\/www.lindenhausen.de\/blog\/wp-content\/uploads\/2019\/02\/K800_IMG_0514-e1550734683517-225x300.jpg 225w\" sizes=\"(max-width: 600px) 100vw, 600px\" \/><figcaption>Abendessen<\/figcaption><\/figure><\/li><li class=\"blocks-gallery-item\"><figure><img decoding=\"async\" loading=\"lazy\" width=\"800\" height=\"600\" src=\"http:\/\/www.lindenhausen.de\/blog\/wp-content\/uploads\/2019\/02\/K800_IMG_0504-e1550734710589.jpg\" alt=\"\" data-id=\"4070\" data-link=\"http:\/\/www.lindenhausen.de\/blog\/costa-magica-karibik-kleine-antillen-januar-2019\/k800_img_0504\/\" class=\"wp-image-4070\" srcset=\"http:\/\/www.lindenhausen.de\/blog\/wp-content\/uploads\/2019\/02\/K800_IMG_0504-e1550734710589.jpg 800w, http:\/\/www.lindenhausen.de\/blog\/wp-content\/uploads\/2019\/02\/K800_IMG_0504-e1550734710589-300x225.jpg 300w, http:\/\/www.lindenhausen.de\/blog\/wp-content\/uploads\/2019\/02\/K800_IMG_0504-e1550734710589-768x576.jpg 768w\" sizes=\"(max-width: 800px) 100vw, 800px\" \/><figcaption>VIP-Treffen<\/figcaption><\/figure><\/li><\/ul>\n\n\n\n<p style=\"text-align:center\">Tortola- Britische Jungferninseln Sonntag 27.01.2019<\/p>\n\n\n\n<figure class=\"wp-block-image\"><img decoding=\"async\" loading=\"lazy\" width=\"600\" height=\"800\" src=\"http:\/\/www.lindenhausen.de\/blog\/wp-content\/uploads\/2019\/02\/K800_IMG_0593-e1550734461283.jpg\" alt=\"\" class=\"wp-image-4084\" srcset=\"http:\/\/www.lindenhausen.de\/blog\/wp-content\/uploads\/2019\/02\/K800_IMG_0593-e1550734461283.jpg 600w, http:\/\/www.lindenhausen.de\/blog\/wp-content\/uploads\/2019\/02\/K800_IMG_0593-e1550734461283-225x300.jpg 225w\" sizes=\"(max-width: 600px) 100vw, 600px\" \/><\/figure>\n\n\n\n<p style=\"text-align:center\">Unglaubliche 9 Stunden ausschlafen, Luxus pur. 7 Uhr klingelte der Wecker, wir wollten die F\u00e4hre nach Virgin Gorda um 9:00 Uhr erreichen. Von dort dann per Bus nach Devil Beach und The Baths.<br>Vom Hafen geht man einfach nach links, etwa 10 Minuten schon ist man an den F\u00e4hren. Es gibt mehrere Anbieter, der Preis betr\u00e4gt 39$. Eigentlich wollten wir Speedy nehmen aber das wir schon 8:30 da waren nahmen wir die erste F\u00e4hre von Sensation Ferrys. <br>Fahrplan: https:\/\/www.bestofbvi.com\/info\/bviferry_tortola_vg.htm<\/p>\n\n\n\n<figure class=\"wp-block-image\"><img decoding=\"async\" loading=\"lazy\" width=\"800\" height=\"600\" src=\"http:\/\/www.lindenhausen.de\/blog\/wp-content\/uploads\/2019\/02\/K800_IMG_0591-e1550734476721.jpg\" alt=\"\" class=\"wp-image-4083\" srcset=\"http:\/\/www.lindenhausen.de\/blog\/wp-content\/uploads\/2019\/02\/K800_IMG_0591-e1550734476721.jpg 800w, http:\/\/www.lindenhausen.de\/blog\/wp-content\/uploads\/2019\/02\/K800_IMG_0591-e1550734476721-300x225.jpg 300w, http:\/\/www.lindenhausen.de\/blog\/wp-content\/uploads\/2019\/02\/K800_IMG_0591-e1550734476721-768x576.jpg 768w\" sizes=\"(max-width: 800px) 100vw, 800px\" \/><\/figure>\n\n\n\n<p><br>Mit dabei ein nettes Paar aus Hamburg, wir entschieden die Tour zusammen zu machen damit wir gegenseitig ein bisschen auf unsere Sachen aufpassen konnten. Fahrzeit mit der F\u00e4hre waren knapp 40 Minuten, es gab freies Wlan. Auf Virgin Gorda angekommen wurden wir auf Kleinbusse verteilt, die uns zum Strand brachten. Wir entschieden uns nat\u00fcrlich f\u00fcr die Klettertour, sollte man aber tats\u00e4chlich nur machen, wenn man trittfest ist. Es gibt 3 Str\u00e4nde, einen kleinen gleich am Anfang, einen kleinen etwa in der Mitte und dann den gro\u00dfen(Bath) der auch \u00fcber Versorgung, Umkleider\u00e4ume und Toiletten verf\u00fcgt. Sollte ich noch einmal hierher kommen w\u00fcrde ich einfach mal eine Stunde am mittleren Strand bleiben.<br>Denn vom letzten Strand zur\u00fcck m\u00fcsste man nach oben und dann von vorne anfangen.<br>Da wir aber vor allen Costa Gruppen da waren fanden wir ein h\u00fcbsches Pl\u00e4tzchen um dann schon wieder eine Regendusche zu bekommen.<br>Mein Mann ging zum Schnorcheln, fand aber das es nicht lohnt, das Meer war zu unruhig und aufgew\u00fchlt. Ich war dann zweimal 45 Minuten schwimmen, war wundersch\u00f6n und bescherte mir einen noch sch\u00f6neren Sonnenbrand.<\/p>\n\n\n\n<ul class=\"wp-block-gallery alignwide columns-3 is-cropped wp-block-gallery-3 is-layout-flex\"><li class=\"blocks-gallery-item\"><figure><img decoding=\"async\" loading=\"lazy\" width=\"600\" height=\"800\" src=\"http:\/\/www.lindenhausen.de\/blog\/wp-content\/uploads\/2019\/02\/K800_IMG_0540-e1550734634563.jpg\" alt=\"\" data-id=\"4076\" data-link=\"http:\/\/www.lindenhausen.de\/blog\/costa-magica-karibik-kleine-antillen-januar-2019\/k800_img_0540\/\" class=\"wp-image-4076\" srcset=\"http:\/\/www.lindenhausen.de\/blog\/wp-content\/uploads\/2019\/02\/K800_IMG_0540-e1550734634563.jpg 600w, http:\/\/www.lindenhausen.de\/blog\/wp-content\/uploads\/2019\/02\/K800_IMG_0540-e1550734634563-225x300.jpg 225w\" sizes=\"(max-width: 600px) 100vw, 600px\" \/><\/figure><\/li><li class=\"blocks-gallery-item\"><figure><img decoding=\"async\" loading=\"lazy\" width=\"800\" height=\"600\" src=\"http:\/\/www.lindenhausen.de\/blog\/wp-content\/uploads\/2019\/02\/K800_IMG_0545-e1550734620282.jpg\" alt=\"\" data-id=\"4077\" data-link=\"http:\/\/www.lindenhausen.de\/blog\/costa-magica-karibik-kleine-antillen-januar-2019\/k800_img_0545\/\" class=\"wp-image-4077\" srcset=\"http:\/\/www.lindenhausen.de\/blog\/wp-content\/uploads\/2019\/02\/K800_IMG_0545-e1550734620282.jpg 800w, http:\/\/www.lindenhausen.de\/blog\/wp-content\/uploads\/2019\/02\/K800_IMG_0545-e1550734620282-300x225.jpg 300w, http:\/\/www.lindenhausen.de\/blog\/wp-content\/uploads\/2019\/02\/K800_IMG_0545-e1550734620282-768x576.jpg 768w\" sizes=\"(max-width: 800px) 100vw, 800px\" \/><\/figure><\/li><li class=\"blocks-gallery-item\"><figure><img decoding=\"async\" loading=\"lazy\" width=\"600\" height=\"800\" src=\"http:\/\/www.lindenhausen.de\/blog\/wp-content\/uploads\/2019\/02\/K800_IMG_0558-e1550734606635.jpg\" alt=\"\" data-id=\"4078\" data-link=\"http:\/\/www.lindenhausen.de\/blog\/costa-magica-karibik-kleine-antillen-januar-2019\/k800_img_0558\/\" class=\"wp-image-4078\" srcset=\"http:\/\/www.lindenhausen.de\/blog\/wp-content\/uploads\/2019\/02\/K800_IMG_0558-e1550734606635.jpg 600w, http:\/\/www.lindenhausen.de\/blog\/wp-content\/uploads\/2019\/02\/K800_IMG_0558-e1550734606635-225x300.jpg 225w\" sizes=\"(max-width: 600px) 100vw, 600px\" \/><\/figure><\/li><li class=\"blocks-gallery-item\"><figure><img decoding=\"async\" loading=\"lazy\" width=\"600\" height=\"800\" src=\"http:\/\/www.lindenhausen.de\/blog\/wp-content\/uploads\/2019\/02\/K800_IMG_0560-e1550734592361.jpg\" alt=\"\" data-id=\"4079\" data-link=\"http:\/\/www.lindenhausen.de\/blog\/costa-magica-karibik-kleine-antillen-januar-2019\/k800_img_0560\/\" class=\"wp-image-4079\" srcset=\"http:\/\/www.lindenhausen.de\/blog\/wp-content\/uploads\/2019\/02\/K800_IMG_0560-e1550734592361.jpg 600w, http:\/\/www.lindenhausen.de\/blog\/wp-content\/uploads\/2019\/02\/K800_IMG_0560-e1550734592361-225x300.jpg 225w\" sizes=\"(max-width: 600px) 100vw, 600px\" \/><\/figure><\/li><li class=\"blocks-gallery-item\"><figure><img decoding=\"async\" loading=\"lazy\" width=\"600\" height=\"800\" src=\"http:\/\/www.lindenhausen.de\/blog\/wp-content\/uploads\/2019\/02\/K800_IMG_0566-e1550734578577.jpg\" alt=\"\" data-id=\"4080\" data-link=\"http:\/\/www.lindenhausen.de\/blog\/costa-magica-karibik-kleine-antillen-januar-2019\/k800_img_0566\/\" class=\"wp-image-4080\" srcset=\"http:\/\/www.lindenhausen.de\/blog\/wp-content\/uploads\/2019\/02\/K800_IMG_0566-e1550734578577.jpg 600w, http:\/\/www.lindenhausen.de\/blog\/wp-content\/uploads\/2019\/02\/K800_IMG_0566-e1550734578577-225x300.jpg 225w\" sizes=\"(max-width: 600px) 100vw, 600px\" \/><\/figure><\/li><li class=\"blocks-gallery-item\"><figure><img decoding=\"async\" loading=\"lazy\" width=\"800\" height=\"600\" src=\"http:\/\/www.lindenhausen.de\/blog\/wp-content\/uploads\/2019\/02\/K800_IMG_0578-e1550734488571.jpg\" alt=\"\" data-id=\"4082\" data-link=\"http:\/\/www.lindenhausen.de\/blog\/costa-magica-karibik-kleine-antillen-januar-2019\/k800_img_0578\/\" class=\"wp-image-4082\" srcset=\"http:\/\/www.lindenhausen.de\/blog\/wp-content\/uploads\/2019\/02\/K800_IMG_0578-e1550734488571.jpg 800w, http:\/\/www.lindenhausen.de\/blog\/wp-content\/uploads\/2019\/02\/K800_IMG_0578-e1550734488571-300x225.jpg 300w, http:\/\/www.lindenhausen.de\/blog\/wp-content\/uploads\/2019\/02\/K800_IMG_0578-e1550734488571-768x576.jpg 768w\" sizes=\"(max-width: 800px) 100vw, 800px\" \/><\/figure><\/li><li class=\"blocks-gallery-item\"><figure><img decoding=\"async\" loading=\"lazy\" width=\"800\" height=\"600\" src=\"http:\/\/www.lindenhausen.de\/blog\/wp-content\/uploads\/2019\/02\/K800_IMG_0573-e1550734564787.jpg\" alt=\"\" data-id=\"4081\" data-link=\"http:\/\/www.lindenhausen.de\/blog\/costa-magica-karibik-kleine-antillen-januar-2019\/k800_img_0573\/\" class=\"wp-image-4081\" srcset=\"http:\/\/www.lindenhausen.de\/blog\/wp-content\/uploads\/2019\/02\/K800_IMG_0573-e1550734564787.jpg 800w, http:\/\/www.lindenhausen.de\/blog\/wp-content\/uploads\/2019\/02\/K800_IMG_0573-e1550734564787-300x225.jpg 300w, http:\/\/www.lindenhausen.de\/blog\/wp-content\/uploads\/2019\/02\/K800_IMG_0573-e1550734564787-768x576.jpg 768w\" sizes=\"(max-width: 800px) 100vw, 800px\" \/><\/figure><\/li><\/ul>\n\n\n\n<p><br>Wir hatten richtig Pech mit unserem Fahrer der uns eine Stunde zu fr\u00fch zur\u00fcck zum Hafen brachte, scheinbar hatte er den Sonntagsfahrplan nicht beachtet. Und dort gibt es einfach nichts, verlorene Zeit. Aber scheinbar eine Ausnahme denn alle anderen wurde erst gebracht als die F\u00e4hre auch da war.<br>Zur\u00fcck am Hafen machten wir uns auf die Jagd auf K\u00fchlschrankmagneten, es gibt einige kleine Gesch\u00e4fte und sehr h\u00fcbsche Bars.<\/p>\n\n\n\n<figure class=\"wp-block-image\"><img decoding=\"async\" loading=\"lazy\" width=\"800\" height=\"600\" src=\"http:\/\/www.lindenhausen.de\/blog\/wp-content\/uploads\/2019\/02\/K800_IMG_0594-e1550734445601.jpg\" alt=\"\" class=\"wp-image-4085\" srcset=\"http:\/\/www.lindenhausen.de\/blog\/wp-content\/uploads\/2019\/02\/K800_IMG_0594-e1550734445601.jpg 800w, http:\/\/www.lindenhausen.de\/blog\/wp-content\/uploads\/2019\/02\/K800_IMG_0594-e1550734445601-300x225.jpg 300w, http:\/\/www.lindenhausen.de\/blog\/wp-content\/uploads\/2019\/02\/K800_IMG_0594-e1550734445601-768x576.jpg 768w\" sizes=\"(max-width: 800px) 100vw, 800px\" \/><figcaption>private Ausfl\u00fcge Tortola<\/figcaption><\/figure>\n\n\n\n<ul class=\"wp-block-gallery columns-0 is-cropped wp-block-gallery-5 is-layout-flex\"><\/ul>\n\n\n\n<p><br>An Bord versorgten wir erstmal unseren Sonnenbrand, genossen die Ausfahrt auf Deck 12 mit S\u00fcdamerikanischer Livemusik und einem Aperol.<br>Heute war White Night, die wir aber nicht erlebten, Abendessen, Absacker und schlafen\u2026\u2026\u2026.<\/p>\n\n\n\n<figure class=\"wp-block-embed is-type-rich is-provider-lindenhausen-weil-reisen-spass-macht\"><div class=\"wp-block-embed__wrapper\">\n<blockquote class=\"wp-embedded-content\" data-secret=\"wLHWj51X7u\"><a href=\"http:\/\/www.lindenhausen.de\/blog\/reiseberichte-costa\/kreuzfahrten-2019\/costa-magica-karibik-2019\/st-maarten\/\">St. Maarten<\/a><\/blockquote><iframe class=\"wp-embedded-content\" sandbox=\"allow-scripts\" security=\"restricted\" style=\"position: absolute; clip: rect(1px, 1px, 1px, 1px);\" src=\"http:\/\/www.lindenhausen.de\/blog\/reiseberichte-costa\/kreuzfahrten-2019\/costa-magica-karibik-2019\/st-maarten\/embed\/#?secret=wLHWj51X7u\" data-secret=\"wLHWj51X7u\" width=\"600\" height=\"338\" title=\"&#8222;St. Maarten&#8220; &#8212; Lindenhausen-weil Reisen Spa\u00df macht\" frameborder=\"0\" marginwidth=\"0\" marginheight=\"0\" scrolling=\"no\"><\/iframe>\n<\/div><\/figure>\n","protected":false},"excerpt":{"rendered":"<p>Der erste Tag ein Seetag, perfekt um sich f\u00fcr die n\u00e4chsten zwei Wochen zu organisieren. Leider waren nur die Ausfl\u00fcge der ersten Woche buchbar, was sich im Nachhinein als Gl\u00fccksfall erwies-dazu sp\u00e4ter mehr. F\u00fcr die Perla Diamante G\u00e4ste war wieder ein extra Bereich im Hauptrestaurant zugewiesen, ohne festen Tisch und offene Tischzeit, sehr praktisch. Nach &hellip; <a href=\"http:\/\/www.lindenhausen.de\/blog\/reiseberichte-costa\/kreuzfahrten-2019\/costa-magica-karibik-2019\/seetag-und-tortola\/\" class=\"more-link\"><span class=\"screen-reader-text\">Seetag und Tortola<\/span> weiterlesen <span class=\"meta-nav\">&rarr;<\/span><\/a><\/p>\n","protected":false},"author":1,"featured_media":4075,"parent":4356,"menu_order":1,"comment_status":"closed","ping_status":"closed","template":"","meta":{"_monsterinsights_skip_tracking":false,"_monsterinsights_sitenote_active":false,"_monsterinsights_sitenote_note":"","_monsterinsights_sitenote_category":0},"yoast_head":"<!-- This site is optimized with the Yoast SEO plugin v21.0 - https:\/\/yoast.com\/wordpress\/plugins\/seo\/ -->\n<title>Seetag und Tortola - Lindenhausen-weil Reisen Spa\u00df macht<\/title>\n<meta name=\"robots\" content=\"index, follow, max-snippet:-1, max-image-preview:large, max-video-preview:-1\" \/>\n<link rel=\"canonical\" href=\"http:\/\/www.lindenhausen.de\/blog\/reiseberichte-costa\/kreuzfahrten-2019\/costa-magica-karibik-2019\/seetag-und-tortola\/\" \/>\n<meta property=\"og:locale\" content=\"de_DE\" \/>\n<meta property=\"og:type\" content=\"article\" \/>\n<meta property=\"og:title\" content=\"Seetag und Tortola - Lindenhausen-weil Reisen Spa\u00df macht\" \/>\n<meta property=\"og:description\" content=\"Der erste Tag ein Seetag, perfekt um sich f\u00fcr die n\u00e4chsten zwei Wochen zu organisieren. Leider waren nur die Ausfl\u00fcge der ersten Woche buchbar, was sich im Nachhinein als Gl\u00fccksfall erwies-dazu sp\u00e4ter mehr. F\u00fcr die Perla Diamante G\u00e4ste war wieder ein extra Bereich im Hauptrestaurant zugewiesen, ohne festen Tisch und offene Tischzeit, sehr praktisch. Nach &hellip; Seetag und Tortola weiterlesen &rarr;\" \/>\n<meta property=\"og:url\" content=\"http:\/\/www.lindenhausen.de\/blog\/reiseberichte-costa\/kreuzfahrten-2019\/costa-magica-karibik-2019\/seetag-und-tortola\/\" \/>\n<meta property=\"og:site_name\" content=\"Lindenhausen-weil Reisen Spa\u00df macht\" \/>\n<meta property=\"article:publisher\" content=\"http:\/\/www.facebook.com\/Lindenhausen\/\" \/>\n<meta property=\"article:modified_time\" content=\"2019-02-21T13:29:19+00:00\" \/>\n<meta property=\"og:image\" content=\"http:\/\/www.lindenhausen.de\/blog\/wp-content\/uploads\/2019\/02\/K800_IMG_0529-e1550734655236.jpg\" \/>\n\t<meta property=\"og:image:width\" content=\"800\" \/>\n\t<meta property=\"og:image:height\" content=\"600\" \/>\n\t<meta property=\"og:image:type\" content=\"image\/jpeg\" \/>\n<meta name=\"twitter:card\" content=\"summary_large_image\" \/>\n<meta name=\"twitter:site\" content=\"@Maxilinde\" \/>\n<meta name=\"twitter:label1\" content=\"Gesch\u00e4tzte Lesezeit\" \/>\n\t<meta name=\"twitter:data1\" content=\"3\u00a0Minuten\" \/>\n<script type=\"application\/ld+json\" class=\"yoast-schema-graph\">{\"@context\":\"https:\/\/schema.org\",\"@graph\":[{\"@type\":\"WebPage\",\"@id\":\"http:\/\/www.lindenhausen.de\/blog\/reiseberichte-costa\/kreuzfahrten-2019\/costa-magica-karibik-2019\/seetag-und-tortola\/\",\"url\":\"http:\/\/www.lindenhausen.de\/blog\/reiseberichte-costa\/kreuzfahrten-2019\/costa-magica-karibik-2019\/seetag-und-tortola\/\",\"name\":\"Seetag und Tortola - Lindenhausen-weil Reisen Spa\u00df macht\",\"isPartOf\":{\"@id\":\"https:\/\/www.lindenhausen.de\/blog\/#website\"},\"datePublished\":\"2019-02-21T09:28:09+00:00\",\"dateModified\":\"2019-02-21T13:29:19+00:00\",\"breadcrumb\":{\"@id\":\"http:\/\/www.lindenhausen.de\/blog\/reiseberichte-costa\/kreuzfahrten-2019\/costa-magica-karibik-2019\/seetag-und-tortola\/#breadcrumb\"},\"inLanguage\":\"de\",\"potentialAction\":[{\"@type\":\"ReadAction\",\"target\":[\"http:\/\/www.lindenhausen.de\/blog\/reiseberichte-costa\/kreuzfahrten-2019\/costa-magica-karibik-2019\/seetag-und-tortola\/\"]}]},{\"@type\":\"BreadcrumbList\",\"@id\":\"http:\/\/www.lindenhausen.de\/blog\/reiseberichte-costa\/kreuzfahrten-2019\/costa-magica-karibik-2019\/seetag-und-tortola\/#breadcrumb\",\"itemListElement\":[{\"@type\":\"ListItem\",\"position\":1,\"name\":\"Startseite\",\"item\":\"https:\/\/www.lindenhausen.de\/blog\/\"},{\"@type\":\"ListItem\",\"position\":2,\"name\":\"Reiseberichte Costa Kreuzfahrten\",\"item\":\"http:\/\/www.lindenhausen.de\/blog\/reiseberichte-costa\/\"},{\"@type\":\"ListItem\",\"position\":3,\"name\":\"Kreuzfahrten 2019\",\"item\":\"http:\/\/www.lindenhausen.de\/blog\/reiseberichte-costa\/kreuzfahrten-2019\/\"},{\"@type\":\"ListItem\",\"position\":4,\"name\":\"Costa Magica-Karibik 2019\",\"item\":\"http:\/\/www.lindenhausen.de\/blog\/reiseberichte-costa\/kreuzfahrten-2019\/costa-magica-karibik-2019\/\"},{\"@type\":\"ListItem\",\"position\":5,\"name\":\"Seetag und Tortola\"}]},{\"@type\":\"WebSite\",\"@id\":\"https:\/\/www.lindenhausen.de\/blog\/#website\",\"url\":\"https:\/\/www.lindenhausen.de\/blog\/\",\"name\":\"Lindenhausen-weil Reisen Spa\u00df macht\",\"description\":\"Reisen und Kreuzfahrten, Reiseberichte, Kreuzfahrtforum\",\"potentialAction\":[{\"@type\":\"SearchAction\",\"target\":{\"@type\":\"EntryPoint\",\"urlTemplate\":\"https:\/\/www.lindenhausen.de\/blog\/?s={search_term_string}\"},\"query-input\":\"required name=search_term_string\"}],\"inLanguage\":\"de\"}]}<\/script>\n<!-- \/ Yoast SEO plugin. -->","yoast_head_json":{"title":"Seetag und Tortola - Lindenhausen-weil Reisen Spa\u00df macht","robots":{"index":"index","follow":"follow","max-snippet":"max-snippet:-1","max-image-preview":"max-image-preview:large","max-video-preview":"max-video-preview:-1"},"canonical":"http:\/\/www.lindenhausen.de\/blog\/reiseberichte-costa\/kreuzfahrten-2019\/costa-magica-karibik-2019\/seetag-und-tortola\/","og_locale":"de_DE","og_type":"article","og_title":"Seetag und Tortola - Lindenhausen-weil Reisen Spa\u00df macht","og_description":"Der erste Tag ein Seetag, perfekt um sich f\u00fcr die n\u00e4chsten zwei Wochen zu organisieren. Leider waren nur die Ausfl\u00fcge der ersten Woche buchbar, was sich im Nachhinein als Gl\u00fccksfall erwies-dazu sp\u00e4ter mehr. F\u00fcr die Perla Diamante G\u00e4ste war wieder ein extra Bereich im Hauptrestaurant zugewiesen, ohne festen Tisch und offene Tischzeit, sehr praktisch. Nach &hellip; Seetag und Tortola weiterlesen &rarr;","og_url":"http:\/\/www.lindenhausen.de\/blog\/reiseberichte-costa\/kreuzfahrten-2019\/costa-magica-karibik-2019\/seetag-und-tortola\/","og_site_name":"Lindenhausen-weil Reisen Spa\u00df macht","article_publisher":"http:\/\/www.facebook.com\/Lindenhausen\/","article_modified_time":"2019-02-21T13:29:19+00:00","og_image":[{"width":800,"height":600,"url":"http:\/\/www.lindenhausen.de\/blog\/wp-content\/uploads\/2019\/02\/K800_IMG_0529-e1550734655236.jpg","type":"image\/jpeg"}],"twitter_card":"summary_large_image","twitter_site":"@Maxilinde","twitter_misc":{"Gesch\u00e4tzte Lesezeit":"3\u00a0Minuten"},"schema":{"@context":"https:\/\/schema.org","@graph":[{"@type":"WebPage","@id":"http:\/\/www.lindenhausen.de\/blog\/reiseberichte-costa\/kreuzfahrten-2019\/costa-magica-karibik-2019\/seetag-und-tortola\/","url":"http:\/\/www.lindenhausen.de\/blog\/reiseberichte-costa\/kreuzfahrten-2019\/costa-magica-karibik-2019\/seetag-und-tortola\/","name":"Seetag und Tortola - Lindenhausen-weil Reisen Spa\u00df macht","isPartOf":{"@id":"https:\/\/www.lindenhausen.de\/blog\/#website"},"datePublished":"2019-02-21T09:28:09+00:00","dateModified":"2019-02-21T13:29:19+00:00","breadcrumb":{"@id":"http:\/\/www.lindenhausen.de\/blog\/reiseberichte-costa\/kreuzfahrten-2019\/costa-magica-karibik-2019\/seetag-und-tortola\/#breadcrumb"},"inLanguage":"de","potentialAction":[{"@type":"ReadAction","target":["http:\/\/www.lindenhausen.de\/blog\/reiseberichte-costa\/kreuzfahrten-2019\/costa-magica-karibik-2019\/seetag-und-tortola\/"]}]},{"@type":"BreadcrumbList","@id":"http:\/\/www.lindenhausen.de\/blog\/reiseberichte-costa\/kreuzfahrten-2019\/costa-magica-karibik-2019\/seetag-und-tortola\/#breadcrumb","itemListElement":[{"@type":"ListItem","position":1,"name":"Startseite","item":"https:\/\/www.lindenhausen.de\/blog\/"},{"@type":"ListItem","position":2,"name":"Reiseberichte Costa Kreuzfahrten","item":"http:\/\/www.lindenhausen.de\/blog\/reiseberichte-costa\/"},{"@type":"ListItem","position":3,"name":"Kreuzfahrten 2019","item":"http:\/\/www.lindenhausen.de\/blog\/reiseberichte-costa\/kreuzfahrten-2019\/"},{"@type":"ListItem","position":4,"name":"Costa Magica-Karibik 2019","item":"http:\/\/www.lindenhausen.de\/blog\/reiseberichte-costa\/kreuzfahrten-2019\/costa-magica-karibik-2019\/"},{"@type":"ListItem","position":5,"name":"Seetag und Tortola"}]},{"@type":"WebSite","@id":"https:\/\/www.lindenhausen.de\/blog\/#website","url":"https:\/\/www.lindenhausen.de\/blog\/","name":"Lindenhausen-weil Reisen Spa\u00df macht","description":"Reisen und Kreuzfahrten, Reiseberichte, Kreuzfahrtforum","potentialAction":[{"@type":"SearchAction","target":{"@type":"EntryPoint","urlTemplate":"https:\/\/www.lindenhausen.de\/blog\/?s={search_term_string}"},"query-input":"required name=search_term_string"}],"inLanguage":"de"}]}},"_links":{"self":[{"href":"http:\/\/www.lindenhausen.de\/blog\/wp-json\/wp\/v2\/pages\/4360"}],"collection":[{"href":"http:\/\/www.lindenhausen.de\/blog\/wp-json\/wp\/v2\/pages"}],"about":[{"href":"http:\/\/www.lindenhausen.de\/blog\/wp-json\/wp\/v2\/types\/page"}],"author":[{"embeddable":true,"href":"http:\/\/www.lindenhausen.de\/blog\/wp-json\/wp\/v2\/users\/1"}],"replies":[{"embeddable":true,"href":"http:\/\/www.lindenhausen.de\/blog\/wp-json\/wp\/v2\/comments?post=4360"}],"version-history":[{"count":4,"href":"http:\/\/www.lindenhausen.de\/blog\/wp-json\/wp\/v2\/pages\/4360\/revisions"}],"predecessor-version":[{"id":4418,"href":"http:\/\/www.lindenhausen.de\/blog\/wp-json\/wp\/v2\/pages\/4360\/revisions\/4418"}],"up":[{"embeddable":true,"href":"http:\/\/www.lindenhausen.de\/blog\/wp-json\/wp\/v2\/pages\/4356"}],"wp:featuredmedia":[{"embeddable":true,"href":"http:\/\/www.lindenhausen.de\/blog\/wp-json\/wp\/v2\/media\/4075"}],"wp:attachment":[{"href":"http:\/\/www.lindenhausen.de\/blog\/wp-json\/wp\/v2\/media?parent=4360"}],"curies":[{"name":"wp","href":"https:\/\/api.w.org\/{rel}","templated":true}]}}