{"id":4027,"date":"2019-01-23T08:44:02","date_gmt":"2019-01-23T07:44:02","guid":{"rendered":"http:\/\/www.lindenhausen.de\/blog\/?page_id=4027"},"modified":"2019-01-23T21:54:48","modified_gmt":"2019-01-23T20:54:48","slug":"la-havre","status":"publish","type":"page","link":"http:\/\/www.lindenhausen.de\/blog\/reiseberichte-costa\/kreuzfahrten-2018\/rund-um-westeuropa-costa-favolosa-09-2018\/la-havre\/","title":{"rendered":"La Havre"},"content":{"rendered":"\n<p>Dienstag 11.09. Le Havre<\/p>\n\n\n\n<p>Wir hatten im Vorfeld bei Sixt ein Auto gebucht, f\u00fcr 10 Uhr, aber nachdem ja heute Nacht die Uhren wieder vorgestellt wurden fehlte eine Stunde.<br> Also fr\u00fch aufgestanden und an Deck ein paar Runden gelaufen, wundersch\u00f6ner Sonnenaufgang und die Ankunft des Lotsen machte das ganze Kurzweilig. Im Hafen waren au\u00dfer uns die Costa Mediterranea und AIDA Perla.<br> Wir gingen zu Fu\u00df aus dem Hafen, die 1,1km bis zur Innenstadt sind fu\u00dfl\u00e4ufig zu verkraften. Vorbei am Fischmarkt zum Quai Southamton.<\/p>\n\n\n\n<figure class=\"wp-block-image\"><img decoding=\"async\" loading=\"lazy\" width=\"800\" height=\"600\" src=\"http:\/\/www.lindenhausen.de\/blog\/wp-content\/uploads\/2019\/01\/K800_IMG_8058-e1548015794780.jpg\" alt=\"\" class=\"wp-image-3953\" srcset=\"http:\/\/www.lindenhausen.de\/blog\/wp-content\/uploads\/2019\/01\/K800_IMG_8058-e1548015794780.jpg 800w, http:\/\/www.lindenhausen.de\/blog\/wp-content\/uploads\/2019\/01\/K800_IMG_8058-e1548015794780-300x225.jpg 300w, http:\/\/www.lindenhausen.de\/blog\/wp-content\/uploads\/2019\/01\/K800_IMG_8058-e1548015794780-768x576.jpg 768w\" sizes=\"(max-width: 800px) 100vw, 800px\" \/><\/figure>\n\n\n\n<p> Bestellt war ein Skoda, wir bekamen einen Alfa Romeo Gulietta, wollte ich schon immer mal ausprobieren.<\/p>\n\n\n\n<figure class=\"wp-block-image\"><img decoding=\"async\" loading=\"lazy\" width=\"600\" height=\"800\" src=\"http:\/\/www.lindenhausen.de\/blog\/wp-content\/uploads\/2019\/01\/K800_IMG_8062-e1548015779184.jpg\" alt=\"\" class=\"wp-image-3954\" srcset=\"http:\/\/www.lindenhausen.de\/blog\/wp-content\/uploads\/2019\/01\/K800_IMG_8062-e1548015779184.jpg 600w, http:\/\/www.lindenhausen.de\/blog\/wp-content\/uploads\/2019\/01\/K800_IMG_8062-e1548015779184-225x300.jpg 225w\" sizes=\"(max-width: 600px) 100vw, 600px\" \/><\/figure>\n\n\n\n<p><br> So machten wir uns auf den Weg nach Rouen, kein gro\u00dfes Problem, Mautsystem \u00e4hnelt dem italienischen. Auffallend ist der aggressive Fahrstil der Franzosen, ist manchmal schwer einzusch\u00e4tzen, zumindest im Stadtverkehr.<br> In Rouen fanden wir Platz in einem Parkhaus, fast im Stadtzentrum.<br> Manchmal findet man dann aber auch in Frankreich skurriles.<\/p>\n\n\n\n<figure class=\"wp-block-image\"><img decoding=\"async\" loading=\"lazy\" width=\"600\" height=\"800\" src=\"http:\/\/www.lindenhausen.de\/blog\/wp-content\/uploads\/2019\/01\/K800_IMG_8071-e1548228483899.jpg\" alt=\"\" class=\"wp-image-4028\" srcset=\"http:\/\/www.lindenhausen.de\/blog\/wp-content\/uploads\/2019\/01\/K800_IMG_8071-e1548228483899.jpg 600w, http:\/\/www.lindenhausen.de\/blog\/wp-content\/uploads\/2019\/01\/K800_IMG_8071-e1548228483899-225x300.jpg 225w\" sizes=\"(max-width: 600px) 100vw, 600px\" \/><figcaption>Rouen<\/figcaption><\/figure>\n\n\n\n<p>Die kleinen Gassen und Fachwerkh\u00e4user begeisterten uns, sehr h\u00fcbsch alles hier.<br> Die Stadt wirkt gepflegt und der die Blumen bl\u00fchten noch pr\u00e4chtig.<br> Wir besichtigten die Kathedrale und machten in einem kleinen Stra\u00dfenkaffee Pause. Einfach sitzen und Leute gucken ist auch h\u00fcbsch.<br> Die kleine Gasse zur Kirche der Jean de Arch erinnert mich ein wenig am Prag.<br> Die Kirche und Hinrichtungsst\u00e4tte waren nicht zug\u00e4nglich wegen Bauarbeiten.<br> Mittagessen im Restaurant La Walsheim nun ja, gut aber teuer wie in Frankreich halt.<br> Die Ausfahrt aus dem Parkhaus war ein wenig abenteuerlich, erst Parkautomaten und dann Ausfahrt finden.<\/p>\n\n\n\n<ul class=\"wp-block-gallery columns-3 is-cropped wp-block-gallery-1 is-layout-flex\"><li class=\"blocks-gallery-item\"><figure><img decoding=\"async\" loading=\"lazy\" width=\"800\" height=\"600\" src=\"http:\/\/www.lindenhausen.de\/blog\/wp-content\/uploads\/2019\/01\/K800_IMG_8115-e1548015706458.jpg\" alt=\"\" data-id=\"3957\" data-link=\"http:\/\/www.lindenhausen.de\/blog\/reiseberichte-costa\/kreuzfahrten-2018\/rund-um-westeuropa-costa-favolosa-09-2018\/k800_img_8115\/\" class=\"wp-image-3957\" srcset=\"http:\/\/www.lindenhausen.de\/blog\/wp-content\/uploads\/2019\/01\/K800_IMG_8115-e1548015706458.jpg 800w, http:\/\/www.lindenhausen.de\/blog\/wp-content\/uploads\/2019\/01\/K800_IMG_8115-e1548015706458-300x225.jpg 300w, http:\/\/www.lindenhausen.de\/blog\/wp-content\/uploads\/2019\/01\/K800_IMG_8115-e1548015706458-768x576.jpg 768w\" sizes=\"(max-width: 800px) 100vw, 800px\" \/><\/figure><\/li><li class=\"blocks-gallery-item\"><figure><img decoding=\"async\" loading=\"lazy\" width=\"800\" height=\"600\" src=\"http:\/\/www.lindenhausen.de\/blog\/wp-content\/uploads\/2019\/01\/K800_IMG_8089-e1548015727709.jpg\" alt=\"\" data-id=\"3956\" data-link=\"http:\/\/www.lindenhausen.de\/blog\/reiseberichte-costa\/kreuzfahrten-2018\/rund-um-westeuropa-costa-favolosa-09-2018\/k800_img_8089\/\" class=\"wp-image-3956\" srcset=\"http:\/\/www.lindenhausen.de\/blog\/wp-content\/uploads\/2019\/01\/K800_IMG_8089-e1548015727709.jpg 800w, http:\/\/www.lindenhausen.de\/blog\/wp-content\/uploads\/2019\/01\/K800_IMG_8089-e1548015727709-300x225.jpg 300w, http:\/\/www.lindenhausen.de\/blog\/wp-content\/uploads\/2019\/01\/K800_IMG_8089-e1548015727709-768x576.jpg 768w\" sizes=\"(max-width: 800px) 100vw, 800px\" \/><\/figure><\/li><li class=\"blocks-gallery-item\"><figure><img decoding=\"async\" loading=\"lazy\" width=\"600\" height=\"800\" src=\"http:\/\/www.lindenhausen.de\/blog\/wp-content\/uploads\/2019\/01\/K800_IMG_8076-e1548015765349.jpg\" alt=\"\" data-id=\"3955\" data-link=\"http:\/\/www.lindenhausen.de\/blog\/reiseberichte-costa\/kreuzfahrten-2018\/rund-um-westeuropa-costa-favolosa-09-2018\/k800_img_8076\/\" class=\"wp-image-3955\" srcset=\"http:\/\/www.lindenhausen.de\/blog\/wp-content\/uploads\/2019\/01\/K800_IMG_8076-e1548015765349.jpg 600w, http:\/\/www.lindenhausen.de\/blog\/wp-content\/uploads\/2019\/01\/K800_IMG_8076-e1548015765349-225x300.jpg 225w\" sizes=\"(max-width: 600px) 100vw, 600px\" \/><\/figure><\/li><li class=\"blocks-gallery-item\"><figure><img decoding=\"async\" loading=\"lazy\" width=\"600\" height=\"906\" src=\"http:\/\/www.lindenhausen.de\/blog\/wp-content\/uploads\/2019\/01\/K800_DSC_0994-e1548101952992.jpg\" alt=\"\" data-id=\"3916\" data-link=\"http:\/\/www.lindenhausen.de\/blog\/reiseberichte-costa\/kreuzfahrten-2018\/rund-um-westeuropa-costa-favolosa-09-2018\/k800_dsc_0994-2\/\" class=\"wp-image-3916\" srcset=\"http:\/\/www.lindenhausen.de\/blog\/wp-content\/uploads\/2019\/01\/K800_DSC_0994-e1548101952992.jpg 600w, http:\/\/www.lindenhausen.de\/blog\/wp-content\/uploads\/2019\/01\/K800_DSC_0994-e1548101952992-199x300.jpg 199w\" sizes=\"(max-width: 600px) 100vw, 600px\" \/><\/figure><\/li><li class=\"blocks-gallery-item\"><figure><img decoding=\"async\" loading=\"lazy\" width=\"600\" height=\"906\" src=\"http:\/\/www.lindenhausen.de\/blog\/wp-content\/uploads\/2019\/01\/K800_DSC_0988-e1548101969263.jpg\" alt=\"\" data-id=\"3915\" data-link=\"http:\/\/www.lindenhausen.de\/blog\/reiseberichte-costa\/kreuzfahrten-2018\/rund-um-westeuropa-costa-favolosa-09-2018\/k800_dsc_0988\/\" class=\"wp-image-3915\" srcset=\"http:\/\/www.lindenhausen.de\/blog\/wp-content\/uploads\/2019\/01\/K800_DSC_0988-e1548101969263.jpg 600w, http:\/\/www.lindenhausen.de\/blog\/wp-content\/uploads\/2019\/01\/K800_DSC_0988-e1548101969263-199x300.jpg 199w\" sizes=\"(max-width: 600px) 100vw, 600px\" \/><\/figure><\/li><li class=\"blocks-gallery-item\"><figure><img decoding=\"async\" loading=\"lazy\" width=\"600\" height=\"906\" src=\"http:\/\/www.lindenhausen.de\/blog\/wp-content\/uploads\/2019\/01\/K800_DSC_0982-e1548101986133.jpg\" alt=\"\" data-id=\"3914\" data-link=\"http:\/\/www.lindenhausen.de\/blog\/reiseberichte-costa\/kreuzfahrten-2018\/rund-um-westeuropa-costa-favolosa-09-2018\/k800_dsc_0982\/\" class=\"wp-image-3914\" srcset=\"http:\/\/www.lindenhausen.de\/blog\/wp-content\/uploads\/2019\/01\/K800_DSC_0982-e1548101986133.jpg 600w, http:\/\/www.lindenhausen.de\/blog\/wp-content\/uploads\/2019\/01\/K800_DSC_0982-e1548101986133-199x300.jpg 199w\" sizes=\"(max-width: 600px) 100vw, 600px\" \/><\/figure><\/li><li class=\"blocks-gallery-item\"><figure><img decoding=\"async\" loading=\"lazy\" width=\"906\" height=\"600\" src=\"http:\/\/www.lindenhausen.de\/blog\/wp-content\/uploads\/2019\/01\/K800_DSC_0977.jpg\" alt=\"\" data-id=\"3913\" data-link=\"http:\/\/www.lindenhausen.de\/blog\/reiseberichte-costa\/kreuzfahrten-2018\/rund-um-westeuropa-costa-favolosa-09-2018\/k800_dsc_0977\/\" class=\"wp-image-3913\" srcset=\"http:\/\/www.lindenhausen.de\/blog\/wp-content\/uploads\/2019\/01\/K800_DSC_0977.jpg 906w, http:\/\/www.lindenhausen.de\/blog\/wp-content\/uploads\/2019\/01\/K800_DSC_0977-300x199.jpg 300w, http:\/\/www.lindenhausen.de\/blog\/wp-content\/uploads\/2019\/01\/K800_DSC_0977-768x509.jpg 768w\" sizes=\"(max-width: 906px) 100vw, 906px\" \/><\/figure><\/li><li class=\"blocks-gallery-item\"><figure><img decoding=\"async\" loading=\"lazy\" width=\"600\" height=\"906\" src=\"http:\/\/www.lindenhausen.de\/blog\/wp-content\/uploads\/2019\/01\/K800_DSC_0970-e1548102008357.jpg\" alt=\"\" data-id=\"3912\" data-link=\"http:\/\/www.lindenhausen.de\/blog\/reiseberichte-costa\/kreuzfahrten-2018\/rund-um-westeuropa-costa-favolosa-09-2018\/k800_dsc_0970-2\/\" class=\"wp-image-3912\" srcset=\"http:\/\/www.lindenhausen.de\/blog\/wp-content\/uploads\/2019\/01\/K800_DSC_0970-e1548102008357.jpg 600w, http:\/\/www.lindenhausen.de\/blog\/wp-content\/uploads\/2019\/01\/K800_DSC_0970-e1548102008357-199x300.jpg 199w\" sizes=\"(max-width: 600px) 100vw, 600px\" \/><\/figure><\/li><li class=\"blocks-gallery-item\"><figure><img decoding=\"async\" loading=\"lazy\" width=\"600\" height=\"906\" src=\"http:\/\/www.lindenhausen.de\/blog\/wp-content\/uploads\/2019\/01\/K800_DSC_0967-e1548102021661.jpg\" alt=\"\" data-id=\"3911\" data-link=\"http:\/\/www.lindenhausen.de\/blog\/reiseberichte-costa\/kreuzfahrten-2018\/rund-um-westeuropa-costa-favolosa-09-2018\/k800_dsc_0967\/\" class=\"wp-image-3911\" srcset=\"http:\/\/www.lindenhausen.de\/blog\/wp-content\/uploads\/2019\/01\/K800_DSC_0967-e1548102021661.jpg 600w, http:\/\/www.lindenhausen.de\/blog\/wp-content\/uploads\/2019\/01\/K800_DSC_0967-e1548102021661-199x300.jpg 199w\" sizes=\"(max-width: 600px) 100vw, 600px\" \/><\/figure><\/li><\/ul>\n\n\n\n<p><br> Staufrei kamen wir zur\u00fcck nach Le Havre, tankten und gaben das Auto ab.<br> Im Nachgang muss ich berichten das mir Sixt dennoch 12 l Diesel f\u00fcr 38\u20ac berechnet hat, eine Unversch\u00e4mtheit, dort werde ich nicht mehr buchen.<br> F\u00fcr den Abend hatte ich f\u00fcr uns alle im Clubrestaurant reserviert, Arthur begr\u00fc\u00dfte uns erfreut, immer sch\u00f6n bekannte Gesichter zu sehen.<br> Service und Essen waren ausgezeichnet.<\/p>\n\n\n\n<ul class=\"wp-block-gallery columns-3 is-cropped wp-block-gallery-3 is-layout-flex\"><li class=\"blocks-gallery-item\"><figure><img decoding=\"async\" loading=\"lazy\" width=\"600\" height=\"800\" src=\"http:\/\/www.lindenhausen.de\/blog\/wp-content\/uploads\/2019\/01\/K800_IMG_8130-e1548015685425.jpg\" alt=\"\" data-id=\"3958\" data-link=\"http:\/\/www.lindenhausen.de\/blog\/reiseberichte-costa\/kreuzfahrten-2018\/rund-um-westeuropa-costa-favolosa-09-2018\/k800_img_8130\/\" class=\"wp-image-3958\" srcset=\"http:\/\/www.lindenhausen.de\/blog\/wp-content\/uploads\/2019\/01\/K800_IMG_8130-e1548015685425.jpg 600w, http:\/\/www.lindenhausen.de\/blog\/wp-content\/uploads\/2019\/01\/K800_IMG_8130-e1548015685425-225x300.jpg 225w\" sizes=\"(max-width: 600px) 100vw, 600px\" \/><\/figure><\/li><li class=\"blocks-gallery-item\"><figure><img decoding=\"async\" loading=\"lazy\" width=\"600\" height=\"800\" src=\"http:\/\/www.lindenhausen.de\/blog\/wp-content\/uploads\/2019\/01\/K800_IMG_8132-e1548015667667.jpg\" alt=\"\" data-id=\"3959\" data-link=\"http:\/\/www.lindenhausen.de\/blog\/reiseberichte-costa\/kreuzfahrten-2018\/rund-um-westeuropa-costa-favolosa-09-2018\/k800_img_8132\/\" class=\"wp-image-3959\" srcset=\"http:\/\/www.lindenhausen.de\/blog\/wp-content\/uploads\/2019\/01\/K800_IMG_8132-e1548015667667.jpg 600w, http:\/\/www.lindenhausen.de\/blog\/wp-content\/uploads\/2019\/01\/K800_IMG_8132-e1548015667667-225x300.jpg 225w\" sizes=\"(max-width: 600px) 100vw, 600px\" \/><\/figure><\/li><li class=\"blocks-gallery-item\"><figure><img decoding=\"async\" loading=\"lazy\" width=\"600\" height=\"800\" src=\"http:\/\/www.lindenhausen.de\/blog\/wp-content\/uploads\/2019\/01\/K800_IMG_8137-e1548015652347.jpg\" alt=\"\" data-id=\"3960\" data-link=\"http:\/\/www.lindenhausen.de\/blog\/reiseberichte-costa\/kreuzfahrten-2018\/rund-um-westeuropa-costa-favolosa-09-2018\/k800_img_8137\/\" class=\"wp-image-3960\" srcset=\"http:\/\/www.lindenhausen.de\/blog\/wp-content\/uploads\/2019\/01\/K800_IMG_8137-e1548015652347.jpg 600w, http:\/\/www.lindenhausen.de\/blog\/wp-content\/uploads\/2019\/01\/K800_IMG_8137-e1548015652347-225x300.jpg 225w\" sizes=\"(max-width: 600px) 100vw, 600px\" \/><\/figure><\/li><\/ul>\n\n\n\n<p><br> Das Auslaufen verz\u00f6gerte sich heute, mit gro\u00dfem Jubel wurde der mit fast 2 Stunden versp\u00e4tete Bus aus Paris begr\u00fc\u00dft,<br> Wir waren alle sehr m\u00fcde und so trafen wir uns noch im Atrium auf einen letzten Drink und gingen schlafen.<\/p>\n\n\n\n<p>weiter gehts nach<a href=\"http:\/\/www.lindenhausen.de\/blog\/reiseberichte-costa\/kreuzfahrten-2018\/rund-um-westeuropa-costa-favolosa-09-2018\/seetag-la-coruna\/\"> La Coruna<\/a><\/p>\n","protected":false},"excerpt":{"rendered":"<p>Dienstag 11.09. Le Havre Wir hatten im Vorfeld bei Sixt ein Auto gebucht, f\u00fcr 10 Uhr, aber nachdem ja heute Nacht die Uhren wieder vorgestellt wurden fehlte eine Stunde. Also fr\u00fch aufgestanden und an Deck ein paar Runden gelaufen, wundersch\u00f6ner Sonnenaufgang und die Ankunft des Lotsen machte das ganze Kurzweilig. Im Hafen waren au\u00dfer uns &hellip; <a href=\"http:\/\/www.lindenhausen.de\/blog\/reiseberichte-costa\/kreuzfahrten-2018\/rund-um-westeuropa-costa-favolosa-09-2018\/la-havre\/\" class=\"more-link\"><span class=\"screen-reader-text\">La Havre<\/span> weiterlesen <span class=\"meta-nav\">&rarr;<\/span><\/a><\/p>\n","protected":false},"author":1,"featured_media":0,"parent":3853,"menu_order":4,"comment_status":"open","ping_status":"closed","template":"","meta":{"_monsterinsights_skip_tracking":false,"_monsterinsights_sitenote_active":false,"_monsterinsights_sitenote_note":"","_monsterinsights_sitenote_category":0},"yoast_head":"<!-- This site is optimized with the Yoast SEO plugin v21.0 - https:\/\/yoast.com\/wordpress\/plugins\/seo\/ -->\n<title>La Havre - Lindenhausen-weil Reisen Spa\u00df macht<\/title>\n<meta name=\"robots\" content=\"index, follow, max-snippet:-1, max-image-preview:large, max-video-preview:-1\" \/>\n<link rel=\"canonical\" href=\"http:\/\/www.lindenhausen.de\/blog\/reiseberichte-costa\/kreuzfahrten-2018\/rund-um-westeuropa-costa-favolosa-09-2018\/la-havre\/\" \/>\n<meta property=\"og:locale\" content=\"de_DE\" \/>\n<meta property=\"og:type\" content=\"article\" \/>\n<meta property=\"og:title\" content=\"La Havre - Lindenhausen-weil Reisen Spa\u00df macht\" \/>\n<meta property=\"og:description\" content=\"Dienstag 11.09. Le Havre Wir hatten im Vorfeld bei Sixt ein Auto gebucht, f\u00fcr 10 Uhr, aber nachdem ja heute Nacht die Uhren wieder vorgestellt wurden fehlte eine Stunde. Also fr\u00fch aufgestanden und an Deck ein paar Runden gelaufen, wundersch\u00f6ner Sonnenaufgang und die Ankunft des Lotsen machte das ganze Kurzweilig. Im Hafen waren au\u00dfer uns &hellip; La Havre weiterlesen &rarr;\" \/>\n<meta property=\"og:url\" content=\"http:\/\/www.lindenhausen.de\/blog\/reiseberichte-costa\/kreuzfahrten-2018\/rund-um-westeuropa-costa-favolosa-09-2018\/la-havre\/\" \/>\n<meta property=\"og:site_name\" content=\"Lindenhausen-weil Reisen Spa\u00df macht\" \/>\n<meta property=\"article:publisher\" content=\"http:\/\/www.facebook.com\/Lindenhausen\/\" \/>\n<meta property=\"article:modified_time\" content=\"2019-01-23T20:54:48+00:00\" \/>\n<meta property=\"og:image\" content=\"http:\/\/www.lindenhausen.de\/blog\/wp-content\/uploads\/2019\/01\/K800_IMG_8058-e1548015794780.jpg\" \/>\n<meta name=\"twitter:card\" content=\"summary_large_image\" \/>\n<meta name=\"twitter:site\" content=\"@Maxilinde\" \/>\n<meta name=\"twitter:label1\" content=\"Gesch\u00e4tzte Lesezeit\" \/>\n\t<meta name=\"twitter:data1\" content=\"2\u00a0Minuten\" \/>\n<script type=\"application\/ld+json\" class=\"yoast-schema-graph\">{\"@context\":\"https:\/\/schema.org\",\"@graph\":[{\"@type\":\"WebPage\",\"@id\":\"http:\/\/www.lindenhausen.de\/blog\/reiseberichte-costa\/kreuzfahrten-2018\/rund-um-westeuropa-costa-favolosa-09-2018\/la-havre\/\",\"url\":\"http:\/\/www.lindenhausen.de\/blog\/reiseberichte-costa\/kreuzfahrten-2018\/rund-um-westeuropa-costa-favolosa-09-2018\/la-havre\/\",\"name\":\"La Havre - Lindenhausen-weil Reisen Spa\u00df macht\",\"isPartOf\":{\"@id\":\"https:\/\/www.lindenhausen.de\/blog\/#website\"},\"datePublished\":\"2019-01-23T07:44:02+00:00\",\"dateModified\":\"2019-01-23T20:54:48+00:00\",\"breadcrumb\":{\"@id\":\"http:\/\/www.lindenhausen.de\/blog\/reiseberichte-costa\/kreuzfahrten-2018\/rund-um-westeuropa-costa-favolosa-09-2018\/la-havre\/#breadcrumb\"},\"inLanguage\":\"de\",\"potentialAction\":[{\"@type\":\"ReadAction\",\"target\":[\"http:\/\/www.lindenhausen.de\/blog\/reiseberichte-costa\/kreuzfahrten-2018\/rund-um-westeuropa-costa-favolosa-09-2018\/la-havre\/\"]}]},{\"@type\":\"BreadcrumbList\",\"@id\":\"http:\/\/www.lindenhausen.de\/blog\/reiseberichte-costa\/kreuzfahrten-2018\/rund-um-westeuropa-costa-favolosa-09-2018\/la-havre\/#breadcrumb\",\"itemListElement\":[{\"@type\":\"ListItem\",\"position\":1,\"name\":\"Startseite\",\"item\":\"https:\/\/www.lindenhausen.de\/blog\/\"},{\"@type\":\"ListItem\",\"position\":2,\"name\":\"Reiseberichte Costa Kreuzfahrten\",\"item\":\"http:\/\/www.lindenhausen.de\/blog\/reiseberichte-costa\/\"},{\"@type\":\"ListItem\",\"position\":3,\"name\":\"Kreuzfahrten 2018\",\"item\":\"http:\/\/www.lindenhausen.de\/blog\/reiseberichte-costa\/kreuzfahrten-2018\/\"},{\"@type\":\"ListItem\",\"position\":4,\"name\":\"Rund um Westeuropa-Costa Favolosa 09\/2018\",\"item\":\"https:\/\/www.lindenhausen.de\/blog\/reiseberichte-costa\/kreuzfahrten-2018\/rund-um-westeuropa-costa-favolosa-09-2018\/\"},{\"@type\":\"ListItem\",\"position\":5,\"name\":\"La Havre\"}]},{\"@type\":\"WebSite\",\"@id\":\"https:\/\/www.lindenhausen.de\/blog\/#website\",\"url\":\"https:\/\/www.lindenhausen.de\/blog\/\",\"name\":\"Lindenhausen-weil Reisen Spa\u00df macht\",\"description\":\"Reisen und Kreuzfahrten, Reiseberichte, Kreuzfahrtforum\",\"potentialAction\":[{\"@type\":\"SearchAction\",\"target\":{\"@type\":\"EntryPoint\",\"urlTemplate\":\"https:\/\/www.lindenhausen.de\/blog\/?s={search_term_string}\"},\"query-input\":\"required name=search_term_string\"}],\"inLanguage\":\"de\"}]}<\/script>\n<!-- \/ Yoast SEO plugin. -->","yoast_head_json":{"title":"La Havre - Lindenhausen-weil Reisen Spa\u00df macht","robots":{"index":"index","follow":"follow","max-snippet":"max-snippet:-1","max-image-preview":"max-image-preview:large","max-video-preview":"max-video-preview:-1"},"canonical":"http:\/\/www.lindenhausen.de\/blog\/reiseberichte-costa\/kreuzfahrten-2018\/rund-um-westeuropa-costa-favolosa-09-2018\/la-havre\/","og_locale":"de_DE","og_type":"article","og_title":"La Havre - Lindenhausen-weil Reisen Spa\u00df macht","og_description":"Dienstag 11.09. Le Havre Wir hatten im Vorfeld bei Sixt ein Auto gebucht, f\u00fcr 10 Uhr, aber nachdem ja heute Nacht die Uhren wieder vorgestellt wurden fehlte eine Stunde. Also fr\u00fch aufgestanden und an Deck ein paar Runden gelaufen, wundersch\u00f6ner Sonnenaufgang und die Ankunft des Lotsen machte das ganze Kurzweilig. Im Hafen waren au\u00dfer uns &hellip; La Havre weiterlesen &rarr;","og_url":"http:\/\/www.lindenhausen.de\/blog\/reiseberichte-costa\/kreuzfahrten-2018\/rund-um-westeuropa-costa-favolosa-09-2018\/la-havre\/","og_site_name":"Lindenhausen-weil Reisen Spa\u00df macht","article_publisher":"http:\/\/www.facebook.com\/Lindenhausen\/","article_modified_time":"2019-01-23T20:54:48+00:00","og_image":[{"url":"http:\/\/www.lindenhausen.de\/blog\/wp-content\/uploads\/2019\/01\/K800_IMG_8058-e1548015794780.jpg"}],"twitter_card":"summary_large_image","twitter_site":"@Maxilinde","twitter_misc":{"Gesch\u00e4tzte Lesezeit":"2\u00a0Minuten"},"schema":{"@context":"https:\/\/schema.org","@graph":[{"@type":"WebPage","@id":"http:\/\/www.lindenhausen.de\/blog\/reiseberichte-costa\/kreuzfahrten-2018\/rund-um-westeuropa-costa-favolosa-09-2018\/la-havre\/","url":"http:\/\/www.lindenhausen.de\/blog\/reiseberichte-costa\/kreuzfahrten-2018\/rund-um-westeuropa-costa-favolosa-09-2018\/la-havre\/","name":"La Havre - Lindenhausen-weil Reisen Spa\u00df macht","isPartOf":{"@id":"https:\/\/www.lindenhausen.de\/blog\/#website"},"datePublished":"2019-01-23T07:44:02+00:00","dateModified":"2019-01-23T20:54:48+00:00","breadcrumb":{"@id":"http:\/\/www.lindenhausen.de\/blog\/reiseberichte-costa\/kreuzfahrten-2018\/rund-um-westeuropa-costa-favolosa-09-2018\/la-havre\/#breadcrumb"},"inLanguage":"de","potentialAction":[{"@type":"ReadAction","target":["http:\/\/www.lindenhausen.de\/blog\/reiseberichte-costa\/kreuzfahrten-2018\/rund-um-westeuropa-costa-favolosa-09-2018\/la-havre\/"]}]},{"@type":"BreadcrumbList","@id":"http:\/\/www.lindenhausen.de\/blog\/reiseberichte-costa\/kreuzfahrten-2018\/rund-um-westeuropa-costa-favolosa-09-2018\/la-havre\/#breadcrumb","itemListElement":[{"@type":"ListItem","position":1,"name":"Startseite","item":"https:\/\/www.lindenhausen.de\/blog\/"},{"@type":"ListItem","position":2,"name":"Reiseberichte Costa Kreuzfahrten","item":"http:\/\/www.lindenhausen.de\/blog\/reiseberichte-costa\/"},{"@type":"ListItem","position":3,"name":"Kreuzfahrten 2018","item":"http:\/\/www.lindenhausen.de\/blog\/reiseberichte-costa\/kreuzfahrten-2018\/"},{"@type":"ListItem","position":4,"name":"Rund um Westeuropa-Costa Favolosa 09\/2018","item":"https:\/\/www.lindenhausen.de\/blog\/reiseberichte-costa\/kreuzfahrten-2018\/rund-um-westeuropa-costa-favolosa-09-2018\/"},{"@type":"ListItem","position":5,"name":"La Havre"}]},{"@type":"WebSite","@id":"https:\/\/www.lindenhausen.de\/blog\/#website","url":"https:\/\/www.lindenhausen.de\/blog\/","name":"Lindenhausen-weil Reisen Spa\u00df macht","description":"Reisen und Kreuzfahrten, Reiseberichte, Kreuzfahrtforum","potentialAction":[{"@type":"SearchAction","target":{"@type":"EntryPoint","urlTemplate":"https:\/\/www.lindenhausen.de\/blog\/?s={search_term_string}"},"query-input":"required name=search_term_string"}],"inLanguage":"de"}]}},"_links":{"self":[{"href":"http:\/\/www.lindenhausen.de\/blog\/wp-json\/wp\/v2\/pages\/4027"}],"collection":[{"href":"http:\/\/www.lindenhausen.de\/blog\/wp-json\/wp\/v2\/pages"}],"about":[{"href":"http:\/\/www.lindenhausen.de\/blog\/wp-json\/wp\/v2\/types\/page"}],"author":[{"embeddable":true,"href":"http:\/\/www.lindenhausen.de\/blog\/wp-json\/wp\/v2\/users\/1"}],"replies":[{"embeddable":true,"href":"http:\/\/www.lindenhausen.de\/blog\/wp-json\/wp\/v2\/comments?post=4027"}],"version-history":[{"count":2,"href":"http:\/\/www.lindenhausen.de\/blog\/wp-json\/wp\/v2\/pages\/4027\/revisions"}],"predecessor-version":[{"id":4049,"href":"http:\/\/www.lindenhausen.de\/blog\/wp-json\/wp\/v2\/pages\/4027\/revisions\/4049"}],"up":[{"embeddable":true,"href":"http:\/\/www.lindenhausen.de\/blog\/wp-json\/wp\/v2\/pages\/3853"}],"wp:attachment":[{"href":"http:\/\/www.lindenhausen.de\/blog\/wp-json\/wp\/v2\/media?parent=4027"}],"curies":[{"name":"wp","href":"https:\/\/api.w.org\/{rel}","templated":true}]}}