{"id":4025,"date":"2019-01-23T07:50:22","date_gmt":"2019-01-23T06:50:22","guid":{"rendered":"http:\/\/www.lindenhausen.de\/blog\/?page_id=4025"},"modified":"2019-01-23T21:32:40","modified_gmt":"2019-01-23T20:32:40","slug":"seetag-harwich","status":"publish","type":"page","link":"http:\/\/www.lindenhausen.de\/blog\/reiseberichte-costa\/kreuzfahrten-2018\/rund-um-westeuropa-costa-favolosa-09-2018\/seetag-harwich\/","title":{"rendered":"Seetag, Harwich"},"content":{"rendered":"\n<p>Sonntag 09.09. Seetag<\/p>\n\n\n\n<p>Fast ausgeschlafen ging es zum Fr\u00fchst\u00fcck, heute mit einem sch\u00f6nen Fensterplatz.<br> Dann besuchten wir Simone, die deutsche Hostess um die Termine der Woche zu erfahren, danach konnten wir unsere Abende besser planen.<br> 6Km zu Fu\u00df \u00fcber Deck bei herrlichem Sonnenschein aber auch einer steifen Brise.<br> Fitnessstudio, die guten Vors\u00e4tze umsetzen, heute gab es keine Ausrede.<br> Zum Mittag enterten wir dann den reservierten Diamante Bereich und hatten einen ganz netten Kellner der uns den Rest der Reise oft begegnen sollte, das Antipasti B\u00fcffet war super, die Karte die gleiche wie im Hauptrestaurant, Qualit\u00e4t sehr gut.<\/p>\n\n\n\n<figure class=\"wp-block-image\"><img decoding=\"async\" loading=\"lazy\" width=\"1024\" height=\"576\" src=\"http:\/\/www.lindenhausen.de\/blog\/wp-content\/uploads\/2019\/01\/K800_7565DAFA-2FD4-4FAB-A701-746745549A68-e1548102745378-1024x576.jpg\" alt=\"\" class=\"wp-image-3860\" srcset=\"http:\/\/www.lindenhausen.de\/blog\/wp-content\/uploads\/2019\/01\/K800_7565DAFA-2FD4-4FAB-A701-746745549A68-e1548102745378-1024x576.jpg 1024w, http:\/\/www.lindenhausen.de\/blog\/wp-content\/uploads\/2019\/01\/K800_7565DAFA-2FD4-4FAB-A701-746745549A68-e1548102745378-300x169.jpg 300w, http:\/\/www.lindenhausen.de\/blog\/wp-content\/uploads\/2019\/01\/K800_7565DAFA-2FD4-4FAB-A701-746745549A68-e1548102745378-768x432.jpg 768w, http:\/\/www.lindenhausen.de\/blog\/wp-content\/uploads\/2019\/01\/K800_7565DAFA-2FD4-4FAB-A701-746745549A68-e1548102745378.jpg 1066w\" sizes=\"(max-width: 1024px) 100vw, 1024px\" \/><\/figure>\n\n\n\n<figure class=\"wp-block-image\"><img decoding=\"async\" loading=\"lazy\" width=\"576\" height=\"1024\" src=\"http:\/\/www.lindenhausen.de\/blog\/wp-content\/uploads\/2019\/01\/K800_245AC026-72F5-4464-BF34-0BCABAC0A8EE-e1548102806964-576x1024.jpg\" alt=\"\" class=\"wp-image-3857\" srcset=\"http:\/\/www.lindenhausen.de\/blog\/wp-content\/uploads\/2019\/01\/K800_245AC026-72F5-4464-BF34-0BCABAC0A8EE-e1548102806964-576x1024.jpg 576w, http:\/\/www.lindenhausen.de\/blog\/wp-content\/uploads\/2019\/01\/K800_245AC026-72F5-4464-BF34-0BCABAC0A8EE-e1548102806964-169x300.jpg 169w, http:\/\/www.lindenhausen.de\/blog\/wp-content\/uploads\/2019\/01\/K800_245AC026-72F5-4464-BF34-0BCABAC0A8EE-e1548102806964.jpg 600w\" sizes=\"(max-width: 576px) 100vw, 576px\" \/><\/figure>\n\n\n\n<p><br> Den Nachmittag verbrachte jeder wie er wollte, Baden, Gruppent\u00e4nze, faullenzen.<br> Im Theater gab es die \u201eGruselschloss\u201c Show, h\u00fcbsch anzusehen aber die Handlung habe ich auch beim wiederholten Mal nicht verstanden.<br> Das Abendessen war gut und kurzweilig, mit Joel unserem Kellner hatten wir etwas, was ich von fr\u00fcheren Zeiten von Costa kenne, es gab jeden Abend ein kleines Zauberkunstst\u00fcck oder Bastelei am Tisch.<\/p>\n\n\n\n<figure class=\"wp-block-image\"><img decoding=\"async\" loading=\"lazy\" width=\"600\" height=\"800\" src=\"http:\/\/www.lindenhausen.de\/blog\/wp-content\/uploads\/2019\/01\/K800_IMG_8212-e1548015577790.jpg\" alt=\"\" class=\"wp-image-3965\" srcset=\"http:\/\/www.lindenhausen.de\/blog\/wp-content\/uploads\/2019\/01\/K800_IMG_8212-e1548015577790.jpg 600w, http:\/\/www.lindenhausen.de\/blog\/wp-content\/uploads\/2019\/01\/K800_IMG_8212-e1548015577790-225x300.jpg 225w\" sizes=\"(max-width: 600px) 100vw, 600px\" \/><\/figure>\n\n\n\n<figure class=\"wp-block-image\"><img decoding=\"async\" loading=\"lazy\" width=\"600\" height=\"800\" src=\"http:\/\/www.lindenhausen.de\/blog\/wp-content\/uploads\/2019\/01\/K800_IMG_8213-e1548015542931.jpg\" alt=\"\" class=\"wp-image-3966\" srcset=\"http:\/\/www.lindenhausen.de\/blog\/wp-content\/uploads\/2019\/01\/K800_IMG_8213-e1548015542931.jpg 600w, http:\/\/www.lindenhausen.de\/blog\/wp-content\/uploads\/2019\/01\/K800_IMG_8213-e1548015542931-225x300.jpg 225w\" sizes=\"(max-width: 600px) 100vw, 600px\" \/><\/figure>\n\n\n\n<figure class=\"wp-block-image\"><img decoding=\"async\" loading=\"lazy\" width=\"600\" height=\"800\" src=\"http:\/\/www.lindenhausen.de\/blog\/wp-content\/uploads\/2019\/01\/K800_IMG_8202-e1548015557406.jpg\" alt=\"\" class=\"wp-image-3964\" srcset=\"http:\/\/www.lindenhausen.de\/blog\/wp-content\/uploads\/2019\/01\/K800_IMG_8202-e1548015557406.jpg 600w, http:\/\/www.lindenhausen.de\/blog\/wp-content\/uploads\/2019\/01\/K800_IMG_8202-e1548015557406-225x300.jpg 225w\" sizes=\"(max-width: 600px) 100vw, 600px\" \/><\/figure>\n\n\n\n<p><br> Noch ein oder eher zwei Absacker im Atrium und schon war wieder ein wundersch\u00f6ner Tag zu schnell vorbei.<\/p>\n\n\n\n<p>Montag 10.09. Harwich<\/p>\n\n\n\n<p><\/p>\n\n\n\n<p><\/p>\n\n\n\n<figure class=\"wp-block-image\"><img alt=\"\"\/><\/figure>\n\n\n\n<p>Wir konnten ausschlafen, alle anderen zog es nach London.<br> Also ein sehr ruhiges Fr\u00fchst\u00fcck auf einem leeren Schiff.<br> Der Hafen von Harwich liegt direkt am Bahnhof, von dort kann man auch mit dem Zug nach London fahren, oder nach Harwich Old Town und Dovercourt Strand und Altstadt.<br> Wir wollten uns per pedes versuchen und fanden uns erst einmal in der Pampa wieder. Aber der Weg ist das Ziel und so waren wir nach 4 km am Strand, den wir dann bis zur Altstadt folgten und dann die Hauptstra\u00dfe nach Dovercourt nahmen. <br> Es gibt nicht viel besonders zu sehen, Klimatisch interessant waren die Palmen die hier in den Vorg\u00e4rten wuchsen. Was ich befremdlich f\u00fcr England fand war der teilweise ungepflegte Zustand von H\u00e4usern und G\u00e4rten.<br> Es gibt ein Museum f\u00fcr Rettungsboote, 2 interessante Leuchtt\u00fcrme, eine sehr h\u00fcbsche anglikanische Kirche. Wir st\u00e4rkten uns in einem Pup und suchten vergebens nach K\u00fchlschrankmagneten oder Mitbringseln. Nach 12 km zu Fu\u00df waren wir wieder an Bord, es war eine sch\u00f6ne Wanderung aber der Ort an sich ist vollkommen uninteressant.<\/p>\n\n\n\n<ul class=\"wp-block-gallery columns-3 is-cropped wp-block-gallery-1 is-layout-flex\"><li class=\"blocks-gallery-item\"><figure><img decoding=\"async\" loading=\"lazy\" width=\"800\" height=\"600\" src=\"http:\/\/www.lindenhausen.de\/blog\/wp-content\/uploads\/2019\/01\/K800_IMG_7994.jpg\" alt=\"\" data-id=\"3939\" data-link=\"http:\/\/www.lindenhausen.de\/blog\/reiseberichte-costa\/kreuzfahrten-2018\/rund-um-westeuropa-costa-favolosa-09-2018\/k800_img_7994\/\" class=\"wp-image-3939\" srcset=\"http:\/\/www.lindenhausen.de\/blog\/wp-content\/uploads\/2019\/01\/K800_IMG_7994.jpg 800w, http:\/\/www.lindenhausen.de\/blog\/wp-content\/uploads\/2019\/01\/K800_IMG_7994-300x225.jpg 300w, http:\/\/www.lindenhausen.de\/blog\/wp-content\/uploads\/2019\/01\/K800_IMG_7994-768x576.jpg 768w\" sizes=\"(max-width: 800px) 100vw, 800px\" \/><\/figure><\/li><li class=\"blocks-gallery-item\"><figure><img decoding=\"async\" loading=\"lazy\" width=\"600\" height=\"800\" src=\"http:\/\/www.lindenhausen.de\/blog\/wp-content\/uploads\/2019\/01\/K800_IMG_7995-e1548016047469.jpg\" alt=\"\" data-id=\"3940\" data-link=\"http:\/\/www.lindenhausen.de\/blog\/reiseberichte-costa\/kreuzfahrten-2018\/rund-um-westeuropa-costa-favolosa-09-2018\/k800_img_7995\/\" class=\"wp-image-3940\" srcset=\"http:\/\/www.lindenhausen.de\/blog\/wp-content\/uploads\/2019\/01\/K800_IMG_7995-e1548016047469.jpg 600w, http:\/\/www.lindenhausen.de\/blog\/wp-content\/uploads\/2019\/01\/K800_IMG_7995-e1548016047469-225x300.jpg 225w\" sizes=\"(max-width: 600px) 100vw, 600px\" \/><\/figure><\/li><li class=\"blocks-gallery-item\"><figure><img decoding=\"async\" loading=\"lazy\" width=\"600\" height=\"800\" src=\"http:\/\/www.lindenhausen.de\/blog\/wp-content\/uploads\/2019\/01\/K800_IMG_7998-e1548016033634.jpg\" alt=\"\" data-id=\"3941\" data-link=\"http:\/\/www.lindenhausen.de\/blog\/reiseberichte-costa\/kreuzfahrten-2018\/rund-um-westeuropa-costa-favolosa-09-2018\/k800_img_7998\/\" class=\"wp-image-3941\" srcset=\"http:\/\/www.lindenhausen.de\/blog\/wp-content\/uploads\/2019\/01\/K800_IMG_7998-e1548016033634.jpg 600w, http:\/\/www.lindenhausen.de\/blog\/wp-content\/uploads\/2019\/01\/K800_IMG_7998-e1548016033634-225x300.jpg 225w\" sizes=\"(max-width: 600px) 100vw, 600px\" \/><\/figure><\/li><li class=\"blocks-gallery-item\"><figure><img decoding=\"async\" loading=\"lazy\" width=\"800\" height=\"600\" src=\"http:\/\/www.lindenhausen.de\/blog\/wp-content\/uploads\/2019\/01\/K800_IMG_8012.jpg\" alt=\"\" data-id=\"3944\" data-link=\"http:\/\/www.lindenhausen.de\/blog\/reiseberichte-costa\/kreuzfahrten-2018\/rund-um-westeuropa-costa-favolosa-09-2018\/k800_img_8012\/\" class=\"wp-image-3944\" srcset=\"http:\/\/www.lindenhausen.de\/blog\/wp-content\/uploads\/2019\/01\/K800_IMG_8012.jpg 800w, http:\/\/www.lindenhausen.de\/blog\/wp-content\/uploads\/2019\/01\/K800_IMG_8012-300x225.jpg 300w, http:\/\/www.lindenhausen.de\/blog\/wp-content\/uploads\/2019\/01\/K800_IMG_8012-768x576.jpg 768w\" sizes=\"(max-width: 800px) 100vw, 800px\" \/><\/figure><\/li><li class=\"blocks-gallery-item\"><figure><img decoding=\"async\" loading=\"lazy\" width=\"800\" height=\"600\" src=\"http:\/\/www.lindenhausen.de\/blog\/wp-content\/uploads\/2019\/01\/K800_IMG_8011-e1548016011171.jpg\" alt=\"\" data-id=\"3943\" data-link=\"http:\/\/www.lindenhausen.de\/blog\/reiseberichte-costa\/kreuzfahrten-2018\/rund-um-westeuropa-costa-favolosa-09-2018\/k800_img_8011\/\" class=\"wp-image-3943\" srcset=\"http:\/\/www.lindenhausen.de\/blog\/wp-content\/uploads\/2019\/01\/K800_IMG_8011-e1548016011171.jpg 800w, http:\/\/www.lindenhausen.de\/blog\/wp-content\/uploads\/2019\/01\/K800_IMG_8011-e1548016011171-300x225.jpg 300w, http:\/\/www.lindenhausen.de\/blog\/wp-content\/uploads\/2019\/01\/K800_IMG_8011-e1548016011171-768x576.jpg 768w\" sizes=\"(max-width: 800px) 100vw, 800px\" \/><\/figure><\/li><li class=\"blocks-gallery-item\"><figure><img decoding=\"async\" loading=\"lazy\" width=\"600\" height=\"800\" src=\"http:\/\/www.lindenhausen.de\/blog\/wp-content\/uploads\/2019\/01\/K800_IMG_8015-e1548015990385.jpg\" alt=\"\" data-id=\"3945\" data-link=\"http:\/\/www.lindenhausen.de\/blog\/reiseberichte-costa\/kreuzfahrten-2018\/rund-um-westeuropa-costa-favolosa-09-2018\/k800_img_8015-2\/\" class=\"wp-image-3945\" srcset=\"http:\/\/www.lindenhausen.de\/blog\/wp-content\/uploads\/2019\/01\/K800_IMG_8015-e1548015990385.jpg 600w, http:\/\/www.lindenhausen.de\/blog\/wp-content\/uploads\/2019\/01\/K800_IMG_8015-e1548015990385-225x300.jpg 225w\" sizes=\"(max-width: 600px) 100vw, 600px\" \/><\/figure><\/li><li class=\"blocks-gallery-item\"><figure><img decoding=\"async\" loading=\"lazy\" width=\"600\" height=\"800\" src=\"http:\/\/www.lindenhausen.de\/blog\/wp-content\/uploads\/2019\/01\/K800_IMG_8021-e1548015977681.jpg\" alt=\"\" data-id=\"3946\" data-link=\"http:\/\/www.lindenhausen.de\/blog\/reiseberichte-costa\/kreuzfahrten-2018\/rund-um-westeuropa-costa-favolosa-09-2018\/k800_img_8021\/\" class=\"wp-image-3946\" srcset=\"http:\/\/www.lindenhausen.de\/blog\/wp-content\/uploads\/2019\/01\/K800_IMG_8021-e1548015977681.jpg 600w, http:\/\/www.lindenhausen.de\/blog\/wp-content\/uploads\/2019\/01\/K800_IMG_8021-e1548015977681-225x300.jpg 225w\" sizes=\"(max-width: 600px) 100vw, 600px\" \/><\/figure><\/li><li class=\"blocks-gallery-item\"><figure><img decoding=\"async\" loading=\"lazy\" width=\"800\" height=\"600\" src=\"http:\/\/www.lindenhausen.de\/blog\/wp-content\/uploads\/2019\/01\/K800_IMG_8028-e1548015955781.jpg\" alt=\"\" data-id=\"3947\" data-link=\"http:\/\/www.lindenhausen.de\/blog\/reiseberichte-costa\/kreuzfahrten-2018\/rund-um-westeuropa-costa-favolosa-09-2018\/k800_img_8028\/\" class=\"wp-image-3947\" srcset=\"http:\/\/www.lindenhausen.de\/blog\/wp-content\/uploads\/2019\/01\/K800_IMG_8028-e1548015955781.jpg 800w, http:\/\/www.lindenhausen.de\/blog\/wp-content\/uploads\/2019\/01\/K800_IMG_8028-e1548015955781-300x225.jpg 300w, http:\/\/www.lindenhausen.de\/blog\/wp-content\/uploads\/2019\/01\/K800_IMG_8028-e1548015955781-768x576.jpg 768w\" sizes=\"(max-width: 800px) 100vw, 800px\" \/><\/figure><\/li><\/ul>\n\n\n\n<p><br> Umso mehr genossen wir unser Mittagessen und danach unseren Spatag. Leider war der Pool wegen Wartungsarbeiten geschlossen so dass wir zwischen dem Saunieren auf den Hauptpool ausweichen mussten, war aber kein gro\u00dfes Problem da ja fast keine Passagiere an Bord waren.<\/p>\n\n\n\n<ul class=\"wp-block-gallery columns-3 is-cropped wp-block-gallery-3 is-layout-flex\"><li class=\"blocks-gallery-item\"><figure><img decoding=\"async\" loading=\"lazy\" width=\"600\" height=\"800\" src=\"http:\/\/www.lindenhausen.de\/blog\/wp-content\/uploads\/2019\/01\/K800_IMG_8034-e1548015873216.jpg\" alt=\"\" data-id=\"3951\" data-link=\"http:\/\/www.lindenhausen.de\/blog\/reiseberichte-costa\/kreuzfahrten-2018\/rund-um-westeuropa-costa-favolosa-09-2018\/k800_img_8034\/\" class=\"wp-image-3951\" srcset=\"http:\/\/www.lindenhausen.de\/blog\/wp-content\/uploads\/2019\/01\/K800_IMG_8034-e1548015873216.jpg 600w, http:\/\/www.lindenhausen.de\/blog\/wp-content\/uploads\/2019\/01\/K800_IMG_8034-e1548015873216-225x300.jpg 225w\" sizes=\"(max-width: 600px) 100vw, 600px\" \/><\/figure><\/li><li class=\"blocks-gallery-item\"><figure><img decoding=\"async\" loading=\"lazy\" width=\"600\" height=\"800\" src=\"http:\/\/www.lindenhausen.de\/blog\/wp-content\/uploads\/2019\/01\/K800_IMG_8033-e1548015892554.jpg\" alt=\"\" data-id=\"3950\" data-link=\"http:\/\/www.lindenhausen.de\/blog\/reiseberichte-costa\/kreuzfahrten-2018\/rund-um-westeuropa-costa-favolosa-09-2018\/k800_img_8033\/\" class=\"wp-image-3950\" srcset=\"http:\/\/www.lindenhausen.de\/blog\/wp-content\/uploads\/2019\/01\/K800_IMG_8033-e1548015892554.jpg 600w, http:\/\/www.lindenhausen.de\/blog\/wp-content\/uploads\/2019\/01\/K800_IMG_8033-e1548015892554-225x300.jpg 225w\" sizes=\"(max-width: 600px) 100vw, 600px\" \/><\/figure><\/li><li class=\"blocks-gallery-item\"><figure><img decoding=\"async\" loading=\"lazy\" width=\"800\" height=\"600\" src=\"http:\/\/www.lindenhausen.de\/blog\/wp-content\/uploads\/2019\/01\/K800_IMG_8031-e1548015917697.jpg\" alt=\"\" data-id=\"3949\" data-link=\"http:\/\/www.lindenhausen.de\/blog\/reiseberichte-costa\/kreuzfahrten-2018\/rund-um-westeuropa-costa-favolosa-09-2018\/k800_img_8031\/\" class=\"wp-image-3949\" srcset=\"http:\/\/www.lindenhausen.de\/blog\/wp-content\/uploads\/2019\/01\/K800_IMG_8031-e1548015917697.jpg 800w, http:\/\/www.lindenhausen.de\/blog\/wp-content\/uploads\/2019\/01\/K800_IMG_8031-e1548015917697-300x225.jpg 300w, http:\/\/www.lindenhausen.de\/blog\/wp-content\/uploads\/2019\/01\/K800_IMG_8031-e1548015917697-768x576.jpg 768w\" sizes=\"(max-width: 800px) 100vw, 800px\" \/><\/figure><\/li><li class=\"blocks-gallery-item\"><figure><img decoding=\"async\" loading=\"lazy\" width=\"800\" height=\"600\" src=\"http:\/\/www.lindenhausen.de\/blog\/wp-content\/uploads\/2019\/01\/K800_IMG_8030-e1548015936166.jpg\" alt=\"\" data-id=\"3948\" data-link=\"http:\/\/www.lindenhausen.de\/blog\/reiseberichte-costa\/kreuzfahrten-2018\/rund-um-westeuropa-costa-favolosa-09-2018\/k800_img_8030-2\/\" class=\"wp-image-3948\" srcset=\"http:\/\/www.lindenhausen.de\/blog\/wp-content\/uploads\/2019\/01\/K800_IMG_8030-e1548015936166.jpg 800w, http:\/\/www.lindenhausen.de\/blog\/wp-content\/uploads\/2019\/01\/K800_IMG_8030-e1548015936166-300x225.jpg 300w, http:\/\/www.lindenhausen.de\/blog\/wp-content\/uploads\/2019\/01\/K800_IMG_8030-e1548015936166-768x576.jpg 768w\" sizes=\"(max-width: 800px) 100vw, 800px\" \/><\/figure><\/li><\/ul>\n\n\n\n<p><br> Der Sonnenuntergang war wundersch\u00f6n und auch die London-Fahrer waren vollz\u00e4hlig und wohlbehalten alle wieder da.<br> Eine Runde tanzen, Abendessen und ein bisschen Tageserlebnisse austauschen, Tag 4 war Geschichte.<\/p>\n\n\n\n<p>Weiter gehts nach<a href=\"http:\/\/www.lindenhausen.de\/blog\/reiseberichte-costa\/kreuzfahrten-2018\/rund-um-westeuropa-costa-favolosa-09-2018\/la-havre\/\"> Le Havre<\/a><\/p>\n","protected":false},"excerpt":{"rendered":"<p>Sonntag 09.09. Seetag Fast ausgeschlafen ging es zum Fr\u00fchst\u00fcck, heute mit einem sch\u00f6nen Fensterplatz. Dann besuchten wir Simone, die deutsche Hostess um die Termine der Woche zu erfahren, danach konnten wir unsere Abende besser planen. 6Km zu Fu\u00df \u00fcber Deck bei herrlichem Sonnenschein aber auch einer steifen Brise. Fitnessstudio, die guten Vors\u00e4tze umsetzen, heute gab &hellip; <a href=\"http:\/\/www.lindenhausen.de\/blog\/reiseberichte-costa\/kreuzfahrten-2018\/rund-um-westeuropa-costa-favolosa-09-2018\/seetag-harwich\/\" class=\"more-link\"><span class=\"screen-reader-text\">Seetag, Harwich<\/span> weiterlesen <span class=\"meta-nav\">&rarr;<\/span><\/a><\/p>\n","protected":false},"author":1,"featured_media":0,"parent":3853,"menu_order":3,"comment_status":"open","ping_status":"closed","template":"","meta":{"_monsterinsights_skip_tracking":false,"_monsterinsights_sitenote_active":false,"_monsterinsights_sitenote_note":"","_monsterinsights_sitenote_category":0},"yoast_head":"<!-- This site is optimized with the Yoast SEO plugin v21.0 - https:\/\/yoast.com\/wordpress\/plugins\/seo\/ -->\n<title>Seetag, Harwich - Lindenhausen-weil Reisen Spa\u00df macht<\/title>\n<meta name=\"robots\" content=\"index, follow, max-snippet:-1, max-image-preview:large, max-video-preview:-1\" \/>\n<link rel=\"canonical\" href=\"http:\/\/www.lindenhausen.de\/blog\/reiseberichte-costa\/kreuzfahrten-2018\/rund-um-westeuropa-costa-favolosa-09-2018\/seetag-harwich\/\" \/>\n<meta property=\"og:locale\" content=\"de_DE\" \/>\n<meta property=\"og:type\" content=\"article\" \/>\n<meta property=\"og:title\" content=\"Seetag, Harwich - Lindenhausen-weil Reisen Spa\u00df macht\" \/>\n<meta property=\"og:description\" content=\"Sonntag 09.09. Seetag Fast ausgeschlafen ging es zum Fr\u00fchst\u00fcck, heute mit einem sch\u00f6nen Fensterplatz. Dann besuchten wir Simone, die deutsche Hostess um die Termine der Woche zu erfahren, danach konnten wir unsere Abende besser planen. 6Km zu Fu\u00df \u00fcber Deck bei herrlichem Sonnenschein aber auch einer steifen Brise. Fitnessstudio, die guten Vors\u00e4tze umsetzen, heute gab &hellip; Seetag, Harwich weiterlesen &rarr;\" \/>\n<meta property=\"og:url\" content=\"http:\/\/www.lindenhausen.de\/blog\/reiseberichte-costa\/kreuzfahrten-2018\/rund-um-westeuropa-costa-favolosa-09-2018\/seetag-harwich\/\" \/>\n<meta property=\"og:site_name\" content=\"Lindenhausen-weil Reisen Spa\u00df macht\" \/>\n<meta property=\"article:publisher\" content=\"http:\/\/www.facebook.com\/Lindenhausen\/\" \/>\n<meta property=\"article:modified_time\" content=\"2019-01-23T20:32:40+00:00\" \/>\n<meta property=\"og:image\" content=\"http:\/\/www.lindenhausen.de\/blog\/wp-content\/uploads\/2019\/01\/K800_7565DAFA-2FD4-4FAB-A701-746745549A68-e1548102745378-1024x576.jpg\" \/>\n<meta name=\"twitter:card\" content=\"summary_large_image\" \/>\n<meta name=\"twitter:site\" content=\"@Maxilinde\" \/>\n<meta name=\"twitter:label1\" content=\"Gesch\u00e4tzte Lesezeit\" \/>\n\t<meta name=\"twitter:data1\" content=\"2\u00a0Minuten\" \/>\n<script type=\"application\/ld+json\" class=\"yoast-schema-graph\">{\"@context\":\"https:\/\/schema.org\",\"@graph\":[{\"@type\":\"WebPage\",\"@id\":\"http:\/\/www.lindenhausen.de\/blog\/reiseberichte-costa\/kreuzfahrten-2018\/rund-um-westeuropa-costa-favolosa-09-2018\/seetag-harwich\/\",\"url\":\"http:\/\/www.lindenhausen.de\/blog\/reiseberichte-costa\/kreuzfahrten-2018\/rund-um-westeuropa-costa-favolosa-09-2018\/seetag-harwich\/\",\"name\":\"Seetag, Harwich - Lindenhausen-weil Reisen Spa\u00df macht\",\"isPartOf\":{\"@id\":\"https:\/\/www.lindenhausen.de\/blog\/#website\"},\"datePublished\":\"2019-01-23T06:50:22+00:00\",\"dateModified\":\"2019-01-23T20:32:40+00:00\",\"breadcrumb\":{\"@id\":\"http:\/\/www.lindenhausen.de\/blog\/reiseberichte-costa\/kreuzfahrten-2018\/rund-um-westeuropa-costa-favolosa-09-2018\/seetag-harwich\/#breadcrumb\"},\"inLanguage\":\"de\",\"potentialAction\":[{\"@type\":\"ReadAction\",\"target\":[\"http:\/\/www.lindenhausen.de\/blog\/reiseberichte-costa\/kreuzfahrten-2018\/rund-um-westeuropa-costa-favolosa-09-2018\/seetag-harwich\/\"]}]},{\"@type\":\"BreadcrumbList\",\"@id\":\"http:\/\/www.lindenhausen.de\/blog\/reiseberichte-costa\/kreuzfahrten-2018\/rund-um-westeuropa-costa-favolosa-09-2018\/seetag-harwich\/#breadcrumb\",\"itemListElement\":[{\"@type\":\"ListItem\",\"position\":1,\"name\":\"Startseite\",\"item\":\"https:\/\/www.lindenhausen.de\/blog\/\"},{\"@type\":\"ListItem\",\"position\":2,\"name\":\"Reiseberichte Costa Kreuzfahrten\",\"item\":\"http:\/\/www.lindenhausen.de\/blog\/reiseberichte-costa\/\"},{\"@type\":\"ListItem\",\"position\":3,\"name\":\"Kreuzfahrten 2018\",\"item\":\"http:\/\/www.lindenhausen.de\/blog\/reiseberichte-costa\/kreuzfahrten-2018\/\"},{\"@type\":\"ListItem\",\"position\":4,\"name\":\"Rund um Westeuropa-Costa Favolosa 09\/2018\",\"item\":\"https:\/\/www.lindenhausen.de\/blog\/reiseberichte-costa\/kreuzfahrten-2018\/rund-um-westeuropa-costa-favolosa-09-2018\/\"},{\"@type\":\"ListItem\",\"position\":5,\"name\":\"Seetag, Harwich\"}]},{\"@type\":\"WebSite\",\"@id\":\"https:\/\/www.lindenhausen.de\/blog\/#website\",\"url\":\"https:\/\/www.lindenhausen.de\/blog\/\",\"name\":\"Lindenhausen-weil Reisen Spa\u00df macht\",\"description\":\"Reisen und Kreuzfahrten, Reiseberichte, Kreuzfahrtforum\",\"potentialAction\":[{\"@type\":\"SearchAction\",\"target\":{\"@type\":\"EntryPoint\",\"urlTemplate\":\"https:\/\/www.lindenhausen.de\/blog\/?s={search_term_string}\"},\"query-input\":\"required name=search_term_string\"}],\"inLanguage\":\"de\"}]}<\/script>\n<!-- \/ Yoast SEO plugin. -->","yoast_head_json":{"title":"Seetag, Harwich - Lindenhausen-weil Reisen Spa\u00df macht","robots":{"index":"index","follow":"follow","max-snippet":"max-snippet:-1","max-image-preview":"max-image-preview:large","max-video-preview":"max-video-preview:-1"},"canonical":"http:\/\/www.lindenhausen.de\/blog\/reiseberichte-costa\/kreuzfahrten-2018\/rund-um-westeuropa-costa-favolosa-09-2018\/seetag-harwich\/","og_locale":"de_DE","og_type":"article","og_title":"Seetag, Harwich - Lindenhausen-weil Reisen Spa\u00df macht","og_description":"Sonntag 09.09. Seetag Fast ausgeschlafen ging es zum Fr\u00fchst\u00fcck, heute mit einem sch\u00f6nen Fensterplatz. Dann besuchten wir Simone, die deutsche Hostess um die Termine der Woche zu erfahren, danach konnten wir unsere Abende besser planen. 6Km zu Fu\u00df \u00fcber Deck bei herrlichem Sonnenschein aber auch einer steifen Brise. Fitnessstudio, die guten Vors\u00e4tze umsetzen, heute gab &hellip; Seetag, Harwich weiterlesen &rarr;","og_url":"http:\/\/www.lindenhausen.de\/blog\/reiseberichte-costa\/kreuzfahrten-2018\/rund-um-westeuropa-costa-favolosa-09-2018\/seetag-harwich\/","og_site_name":"Lindenhausen-weil Reisen Spa\u00df macht","article_publisher":"http:\/\/www.facebook.com\/Lindenhausen\/","article_modified_time":"2019-01-23T20:32:40+00:00","og_image":[{"url":"http:\/\/www.lindenhausen.de\/blog\/wp-content\/uploads\/2019\/01\/K800_7565DAFA-2FD4-4FAB-A701-746745549A68-e1548102745378-1024x576.jpg"}],"twitter_card":"summary_large_image","twitter_site":"@Maxilinde","twitter_misc":{"Gesch\u00e4tzte Lesezeit":"2\u00a0Minuten"},"schema":{"@context":"https:\/\/schema.org","@graph":[{"@type":"WebPage","@id":"http:\/\/www.lindenhausen.de\/blog\/reiseberichte-costa\/kreuzfahrten-2018\/rund-um-westeuropa-costa-favolosa-09-2018\/seetag-harwich\/","url":"http:\/\/www.lindenhausen.de\/blog\/reiseberichte-costa\/kreuzfahrten-2018\/rund-um-westeuropa-costa-favolosa-09-2018\/seetag-harwich\/","name":"Seetag, Harwich - Lindenhausen-weil Reisen Spa\u00df macht","isPartOf":{"@id":"https:\/\/www.lindenhausen.de\/blog\/#website"},"datePublished":"2019-01-23T06:50:22+00:00","dateModified":"2019-01-23T20:32:40+00:00","breadcrumb":{"@id":"http:\/\/www.lindenhausen.de\/blog\/reiseberichte-costa\/kreuzfahrten-2018\/rund-um-westeuropa-costa-favolosa-09-2018\/seetag-harwich\/#breadcrumb"},"inLanguage":"de","potentialAction":[{"@type":"ReadAction","target":["http:\/\/www.lindenhausen.de\/blog\/reiseberichte-costa\/kreuzfahrten-2018\/rund-um-westeuropa-costa-favolosa-09-2018\/seetag-harwich\/"]}]},{"@type":"BreadcrumbList","@id":"http:\/\/www.lindenhausen.de\/blog\/reiseberichte-costa\/kreuzfahrten-2018\/rund-um-westeuropa-costa-favolosa-09-2018\/seetag-harwich\/#breadcrumb","itemListElement":[{"@type":"ListItem","position":1,"name":"Startseite","item":"https:\/\/www.lindenhausen.de\/blog\/"},{"@type":"ListItem","position":2,"name":"Reiseberichte Costa Kreuzfahrten","item":"http:\/\/www.lindenhausen.de\/blog\/reiseberichte-costa\/"},{"@type":"ListItem","position":3,"name":"Kreuzfahrten 2018","item":"http:\/\/www.lindenhausen.de\/blog\/reiseberichte-costa\/kreuzfahrten-2018\/"},{"@type":"ListItem","position":4,"name":"Rund um Westeuropa-Costa Favolosa 09\/2018","item":"https:\/\/www.lindenhausen.de\/blog\/reiseberichte-costa\/kreuzfahrten-2018\/rund-um-westeuropa-costa-favolosa-09-2018\/"},{"@type":"ListItem","position":5,"name":"Seetag, Harwich"}]},{"@type":"WebSite","@id":"https:\/\/www.lindenhausen.de\/blog\/#website","url":"https:\/\/www.lindenhausen.de\/blog\/","name":"Lindenhausen-weil Reisen Spa\u00df macht","description":"Reisen und Kreuzfahrten, Reiseberichte, Kreuzfahrtforum","potentialAction":[{"@type":"SearchAction","target":{"@type":"EntryPoint","urlTemplate":"https:\/\/www.lindenhausen.de\/blog\/?s={search_term_string}"},"query-input":"required name=search_term_string"}],"inLanguage":"de"}]}},"_links":{"self":[{"href":"http:\/\/www.lindenhausen.de\/blog\/wp-json\/wp\/v2\/pages\/4025"}],"collection":[{"href":"http:\/\/www.lindenhausen.de\/blog\/wp-json\/wp\/v2\/pages"}],"about":[{"href":"http:\/\/www.lindenhausen.de\/blog\/wp-json\/wp\/v2\/types\/page"}],"author":[{"embeddable":true,"href":"http:\/\/www.lindenhausen.de\/blog\/wp-json\/wp\/v2\/users\/1"}],"replies":[{"embeddable":true,"href":"http:\/\/www.lindenhausen.de\/blog\/wp-json\/wp\/v2\/comments?post=4025"}],"version-history":[{"count":2,"href":"http:\/\/www.lindenhausen.de\/blog\/wp-json\/wp\/v2\/pages\/4025\/revisions"}],"predecessor-version":[{"id":4047,"href":"http:\/\/www.lindenhausen.de\/blog\/wp-json\/wp\/v2\/pages\/4025\/revisions\/4047"}],"up":[{"embeddable":true,"href":"http:\/\/www.lindenhausen.de\/blog\/wp-json\/wp\/v2\/pages\/3853"}],"wp:attachment":[{"href":"http:\/\/www.lindenhausen.de\/blog\/wp-json\/wp\/v2\/media?parent=4025"}],"curies":[{"name":"wp","href":"https:\/\/api.w.org\/{rel}","templated":true}]}}