{"id":3770,"date":"2018-03-01T09:55:57","date_gmt":"2018-03-01T08:55:57","guid":{"rendered":"http:\/\/www.lindenhausen.de\/blog\/?page_id=3770"},"modified":"2018-03-01T09:55:57","modified_gmt":"2018-03-01T08:55:57","slug":"costa-venezia","status":"publish","type":"page","link":"http:\/\/www.lindenhausen.de\/blog\/schiffe\/costa-venezia\/","title":{"rendered":"Costa Venezia"},"content":{"rendered":"<div id='gallery-1' class='gallery galleryid-3770 gallery-columns-4 gallery-size-medium'><figure class='gallery-item'>\n\t\t\t<div class='gallery-icon landscape'>\n\t\t\t\t<a href='http:\/\/www.lindenhausen.de\/blog\/schiffe\/costa-venezia\/28276947_1324536341024531_2273716838259452430_n\/'><img width=\"300\" height=\"300\" src=\"http:\/\/www.lindenhausen.de\/blog\/wp-content\/uploads\/2018\/03\/28276947_1324536341024531_2273716838259452430_n-300x300.jpg\" class=\"attachment-medium size-medium\" alt=\"\" decoding=\"async\" loading=\"lazy\" srcset=\"http:\/\/www.lindenhausen.de\/blog\/wp-content\/uploads\/2018\/03\/28276947_1324536341024531_2273716838259452430_n-300x300.jpg 300w, http:\/\/www.lindenhausen.de\/blog\/wp-content\/uploads\/2018\/03\/28276947_1324536341024531_2273716838259452430_n-150x150.jpg 150w, http:\/\/www.lindenhausen.de\/blog\/wp-content\/uploads\/2018\/03\/28276947_1324536341024531_2273716838259452430_n.jpg 500w\" sizes=\"(max-width: 300px) 100vw, 300px\" \/><\/a>\n\t\t\t<\/div><\/figure><figure class='gallery-item'>\n\t\t\t<div class='gallery-icon landscape'>\n\t\t\t\t<a href='http:\/\/www.lindenhausen.de\/blog\/schiffe\/costa-venezia\/28277138_1324536481024517_8402167019126671521_n\/'><img width=\"300\" height=\"169\" src=\"http:\/\/www.lindenhausen.de\/blog\/wp-content\/uploads\/2018\/03\/28277138_1324536481024517_8402167019126671521_n-300x169.jpg\" class=\"attachment-medium size-medium\" alt=\"\" decoding=\"async\" loading=\"lazy\" srcset=\"http:\/\/www.lindenhausen.de\/blog\/wp-content\/uploads\/2018\/03\/28277138_1324536481024517_8402167019126671521_n-300x169.jpg 300w, http:\/\/www.lindenhausen.de\/blog\/wp-content\/uploads\/2018\/03\/28277138_1324536481024517_8402167019126671521_n-768x432.jpg 768w, http:\/\/www.lindenhausen.de\/blog\/wp-content\/uploads\/2018\/03\/28277138_1324536481024517_8402167019126671521_n.jpg 888w\" sizes=\"(max-width: 300px) 100vw, 300px\" \/><\/a>\n\t\t\t<\/div><\/figure><figure class='gallery-item'>\n\t\t\t<div class='gallery-icon landscape'>\n\t\t\t\t<a href='http:\/\/www.lindenhausen.de\/blog\/schiffe\/costa-venezia\/28277168_1324536371024528_7874146401731009937_n\/'><img width=\"300\" height=\"200\" src=\"http:\/\/www.lindenhausen.de\/blog\/wp-content\/uploads\/2018\/03\/28277168_1324536371024528_7874146401731009937_n-300x200.jpg\" class=\"attachment-medium size-medium\" alt=\"\" decoding=\"async\" loading=\"lazy\" srcset=\"http:\/\/www.lindenhausen.de\/blog\/wp-content\/uploads\/2018\/03\/28277168_1324536371024528_7874146401731009937_n-300x200.jpg 300w, http:\/\/www.lindenhausen.de\/blog\/wp-content\/uploads\/2018\/03\/28277168_1324536371024528_7874146401731009937_n.jpg 750w\" sizes=\"(max-width: 300px) 100vw, 300px\" \/><\/a>\n\t\t\t<\/div><\/figure><figure class='gallery-item'>\n\t\t\t<div class='gallery-icon landscape'>\n\t\t\t\t<a href='http:\/\/www.lindenhausen.de\/blog\/schiffe\/costa-venezia\/28279043_1324535861024579_8269443207179520603_n\/'><img width=\"300\" height=\"200\" src=\"http:\/\/www.lindenhausen.de\/blog\/wp-content\/uploads\/2018\/03\/28279043_1324535861024579_8269443207179520603_n-300x200.jpg\" class=\"attachment-medium size-medium\" alt=\"\" decoding=\"async\" loading=\"lazy\" srcset=\"http:\/\/www.lindenhausen.de\/blog\/wp-content\/uploads\/2018\/03\/28279043_1324535861024579_8269443207179520603_n-300x200.jpg 300w, http:\/\/www.lindenhausen.de\/blog\/wp-content\/uploads\/2018\/03\/28279043_1324535861024579_8269443207179520603_n.jpg 750w\" sizes=\"(max-width: 300px) 100vw, 300px\" \/><\/a>\n\t\t\t<\/div><\/figure><figure class='gallery-item'>\n\t\t\t<div class='gallery-icon landscape'>\n\t\t\t\t<a href='http:\/\/www.lindenhausen.de\/blog\/schiffe\/costa-venezia\/28279542_1324536404357858_5367110591051323368_n\/'><img width=\"300\" height=\"169\" src=\"http:\/\/www.lindenhausen.de\/blog\/wp-content\/uploads\/2018\/03\/28279542_1324536404357858_5367110591051323368_n-300x169.jpg\" class=\"attachment-medium size-medium\" alt=\"\" decoding=\"async\" loading=\"lazy\" srcset=\"http:\/\/www.lindenhausen.de\/blog\/wp-content\/uploads\/2018\/03\/28279542_1324536404357858_5367110591051323368_n-300x169.jpg 300w, http:\/\/www.lindenhausen.de\/blog\/wp-content\/uploads\/2018\/03\/28279542_1324536404357858_5367110591051323368_n-768x432.jpg 768w, http:\/\/www.lindenhausen.de\/blog\/wp-content\/uploads\/2018\/03\/28279542_1324536404357858_5367110591051323368_n.jpg 888w\" sizes=\"(max-width: 300px) 100vw, 300px\" \/><\/a>\n\t\t\t<\/div><\/figure><figure class='gallery-item'>\n\t\t\t<div class='gallery-icon landscape'>\n\t\t\t\t<a href='http:\/\/www.lindenhausen.de\/blog\/schiffe\/costa-venezia\/28279604_1324535924357906_5548004918456191565_n\/'><img width=\"300\" height=\"213\" src=\"http:\/\/www.lindenhausen.de\/blog\/wp-content\/uploads\/2018\/03\/28279604_1324535924357906_5548004918456191565_n-300x213.jpg\" class=\"attachment-medium size-medium\" alt=\"\" decoding=\"async\" loading=\"lazy\" srcset=\"http:\/\/www.lindenhausen.de\/blog\/wp-content\/uploads\/2018\/03\/28279604_1324535924357906_5548004918456191565_n-300x213.jpg 300w, http:\/\/www.lindenhausen.de\/blog\/wp-content\/uploads\/2018\/03\/28279604_1324535924357906_5548004918456191565_n.jpg 564w\" sizes=\"(max-width: 300px) 100vw, 300px\" \/><\/a>\n\t\t\t<\/div><\/figure><figure class='gallery-item'>\n\t\t\t<div class='gallery-icon landscape'>\n\t\t\t\t<a href='http:\/\/www.lindenhausen.de\/blog\/schiffe\/costa-venezia\/28279962_1324536321024533_3073612519640329677_n\/'><img width=\"300\" height=\"212\" src=\"http:\/\/www.lindenhausen.de\/blog\/wp-content\/uploads\/2018\/03\/28279962_1324536321024533_3073612519640329677_n-300x212.jpg\" class=\"attachment-medium size-medium\" alt=\"\" decoding=\"async\" loading=\"lazy\" srcset=\"http:\/\/www.lindenhausen.de\/blog\/wp-content\/uploads\/2018\/03\/28279962_1324536321024533_3073612519640329677_n-300x212.jpg 300w, http:\/\/www.lindenhausen.de\/blog\/wp-content\/uploads\/2018\/03\/28279962_1324536321024533_3073612519640329677_n.jpg 707w\" sizes=\"(max-width: 300px) 100vw, 300px\" \/><\/a>\n\t\t\t<\/div><\/figure><figure class='gallery-item'>\n\t\t\t<div class='gallery-icon landscape'>\n\t\t\t\t<a href='http:\/\/www.lindenhausen.de\/blog\/schiffe\/costa-venezia\/28280077_1324535884357910_5760938407251209408_n\/'><img width=\"300\" height=\"213\" src=\"http:\/\/www.lindenhausen.de\/blog\/wp-content\/uploads\/2018\/03\/28280077_1324535884357910_5760938407251209408_n-300x213.jpg\" class=\"attachment-medium size-medium\" alt=\"\" decoding=\"async\" loading=\"lazy\" srcset=\"http:\/\/www.lindenhausen.de\/blog\/wp-content\/uploads\/2018\/03\/28280077_1324535884357910_5760938407251209408_n-300x213.jpg 300w, http:\/\/www.lindenhausen.de\/blog\/wp-content\/uploads\/2018\/03\/28280077_1324535884357910_5760938407251209408_n.jpg 564w\" sizes=\"(max-width: 300px) 100vw, 300px\" \/><\/a>\n\t\t\t<\/div><\/figure><figure class='gallery-item'>\n\t\t\t<div class='gallery-icon landscape'>\n\t\t\t\t<a href='http:\/\/www.lindenhausen.de\/blog\/schiffe\/costa-venezia\/28377748_1324535987691233_8719668895746742762_n\/'><img width=\"300\" height=\"213\" src=\"http:\/\/www.lindenhausen.de\/blog\/wp-content\/uploads\/2018\/03\/28377748_1324535987691233_8719668895746742762_n-300x213.jpg\" class=\"attachment-medium size-medium\" alt=\"\" decoding=\"async\" loading=\"lazy\" srcset=\"http:\/\/www.lindenhausen.de\/blog\/wp-content\/uploads\/2018\/03\/28377748_1324535987691233_8719668895746742762_n-300x213.jpg 300w, http:\/\/www.lindenhausen.de\/blog\/wp-content\/uploads\/2018\/03\/28377748_1324535987691233_8719668895746742762_n.jpg 564w\" sizes=\"(max-width: 300px) 100vw, 300px\" \/><\/a>\n\t\t\t<\/div><\/figure><figure class='gallery-item'>\n\t\t\t<div class='gallery-icon landscape'>\n\t\t\t\t<a href='http:\/\/www.lindenhausen.de\/blog\/schiffe\/costa-venezia\/28377810_1324536034357895_3222653101299514366_n\/'><img width=\"300\" height=\"213\" src=\"http:\/\/www.lindenhausen.de\/blog\/wp-content\/uploads\/2018\/03\/28377810_1324536034357895_3222653101299514366_n-300x213.jpg\" class=\"attachment-medium size-medium\" alt=\"\" decoding=\"async\" loading=\"lazy\" srcset=\"http:\/\/www.lindenhausen.de\/blog\/wp-content\/uploads\/2018\/03\/28377810_1324536034357895_3222653101299514366_n-300x213.jpg 300w, http:\/\/www.lindenhausen.de\/blog\/wp-content\/uploads\/2018\/03\/28377810_1324536034357895_3222653101299514366_n.jpg 564w\" sizes=\"(max-width: 300px) 100vw, 300px\" \/><\/a>\n\t\t\t<\/div><\/figure><figure class='gallery-item'>\n\t\t\t<div class='gallery-icon landscape'>\n\t\t\t\t<a href='http:\/\/www.lindenhausen.de\/blog\/schiffe\/costa-venezia\/28378498_1324535977691234_4390186411362266584_n\/'><img width=\"300\" height=\"212\" src=\"http:\/\/www.lindenhausen.de\/blog\/wp-content\/uploads\/2018\/03\/28378498_1324535977691234_4390186411362266584_n-300x212.jpg\" class=\"attachment-medium size-medium\" alt=\"\" decoding=\"async\" loading=\"lazy\" srcset=\"http:\/\/www.lindenhausen.de\/blog\/wp-content\/uploads\/2018\/03\/28378498_1324535977691234_4390186411362266584_n-300x212.jpg 300w, http:\/\/www.lindenhausen.de\/blog\/wp-content\/uploads\/2018\/03\/28378498_1324535977691234_4390186411362266584_n.jpg 565w\" sizes=\"(max-width: 300px) 100vw, 300px\" \/><\/a>\n\t\t\t<\/div><\/figure><figure class='gallery-item'>\n\t\t\t<div class='gallery-icon landscape'>\n\t\t\t\t<a href='http:\/\/www.lindenhausen.de\/blog\/schiffe\/costa-venezia\/28378892_1324536457691186_7632217700183411441_n\/'><img width=\"300\" height=\"212\" src=\"http:\/\/www.lindenhausen.de\/blog\/wp-content\/uploads\/2018\/03\/28378892_1324536457691186_7632217700183411441_n-300x212.jpg\" class=\"attachment-medium size-medium\" alt=\"\" decoding=\"async\" loading=\"lazy\" srcset=\"http:\/\/www.lindenhausen.de\/blog\/wp-content\/uploads\/2018\/03\/28378892_1324536457691186_7632217700183411441_n-300x212.jpg 300w, http:\/\/www.lindenhausen.de\/blog\/wp-content\/uploads\/2018\/03\/28378892_1324536457691186_7632217700183411441_n.jpg 707w\" sizes=\"(max-width: 300px) 100vw, 300px\" \/><\/a>\n\t\t\t<\/div><\/figure><figure class='gallery-item'>\n\t\t\t<div class='gallery-icon landscape'>\n\t\t\t\t<a href='http:\/\/www.lindenhausen.de\/blog\/schiffe\/costa-venezia\/28378942_1324536011024564_3405242530041149607_n\/'><img width=\"300\" height=\"212\" src=\"http:\/\/www.lindenhausen.de\/blog\/wp-content\/uploads\/2018\/03\/28378942_1324536011024564_3405242530041149607_n-300x212.jpg\" class=\"attachment-medium size-medium\" alt=\"\" decoding=\"async\" loading=\"lazy\" srcset=\"http:\/\/www.lindenhausen.de\/blog\/wp-content\/uploads\/2018\/03\/28378942_1324536011024564_3405242530041149607_n-300x212.jpg 300w, http:\/\/www.lindenhausen.de\/blog\/wp-content\/uploads\/2018\/03\/28378942_1324536011024564_3405242530041149607_n.jpg 565w\" sizes=\"(max-width: 300px) 100vw, 300px\" \/><\/a>\n\t\t\t<\/div><\/figure><figure class='gallery-item'>\n\t\t\t<div class='gallery-icon landscape'>\n\t\t\t\t<a href='http:\/\/www.lindenhausen.de\/blog\/schiffe\/costa-venezia\/28468179_1324536057691226_7180603986370222359_n\/'><img width=\"300\" height=\"200\" src=\"http:\/\/www.lindenhausen.de\/blog\/wp-content\/uploads\/2018\/03\/28468179_1324536057691226_7180603986370222359_n-300x200.jpg\" class=\"attachment-medium size-medium\" alt=\"\" decoding=\"async\" loading=\"lazy\" srcset=\"http:\/\/www.lindenhausen.de\/blog\/wp-content\/uploads\/2018\/03\/28468179_1324536057691226_7180603986370222359_n-300x200.jpg 300w, http:\/\/www.lindenhausen.de\/blog\/wp-content\/uploads\/2018\/03\/28468179_1324536057691226_7180603986370222359_n.jpg 750w\" sizes=\"(max-width: 300px) 100vw, 300px\" \/><\/a>\n\t\t\t<\/div><\/figure><figure class='gallery-item'>\n\t\t\t<div class='gallery-icon landscape'>\n\t\t\t\t<a href='http:\/\/www.lindenhausen.de\/blog\/schiffe\/costa-venezia\/28471463_1324536427691189_655607611993828222_n\/'><img width=\"300\" height=\"200\" src=\"http:\/\/www.lindenhausen.de\/blog\/wp-content\/uploads\/2018\/03\/28471463_1324536427691189_655607611993828222_n-300x200.jpg\" class=\"attachment-medium size-medium\" alt=\"\" decoding=\"async\" loading=\"lazy\" srcset=\"http:\/\/www.lindenhausen.de\/blog\/wp-content\/uploads\/2018\/03\/28471463_1324536427691189_655607611993828222_n-300x200.jpg 300w, http:\/\/www.lindenhausen.de\/blog\/wp-content\/uploads\/2018\/03\/28471463_1324536427691189_655607611993828222_n.jpg 750w\" sizes=\"(max-width: 300px) 100vw, 300px\" \/><\/a>\n\t\t\t<\/div><\/figure><figure class='gallery-item'>\n\t\t\t<div class='gallery-icon landscape'>\n\t\t\t\t<a href='http:\/\/www.lindenhausen.de\/blog\/schiffe\/costa-venezia\/28575784_1324536394357859_1355196044959521704_n\/'><img width=\"300\" height=\"169\" src=\"http:\/\/www.lindenhausen.de\/blog\/wp-content\/uploads\/2018\/03\/28575784_1324536394357859_1355196044959521704_n-300x169.jpg\" class=\"attachment-medium size-medium\" alt=\"\" decoding=\"async\" loading=\"lazy\" srcset=\"http:\/\/www.lindenhausen.de\/blog\/wp-content\/uploads\/2018\/03\/28575784_1324536394357859_1355196044959521704_n-300x169.jpg 300w, http:\/\/www.lindenhausen.de\/blog\/wp-content\/uploads\/2018\/03\/28575784_1324536394357859_1355196044959521704_n-768x432.jpg 768w, http:\/\/www.lindenhausen.de\/blog\/wp-content\/uploads\/2018\/03\/28575784_1324536394357859_1355196044959521704_n.jpg 888w\" sizes=\"(max-width: 300px) 100vw, 300px\" \/><\/a>\n\t\t\t<\/div><\/figure><figure class='gallery-item'>\n\t\t\t<div class='gallery-icon landscape'>\n\t\t\t\t<a href='http:\/\/www.lindenhausen.de\/blog\/schiffe\/costa-venezia\/28576538_1324536267691205_5128050350597651917_n\/'><img width=\"300\" height=\"212\" src=\"http:\/\/www.lindenhausen.de\/blog\/wp-content\/uploads\/2018\/03\/28576538_1324536267691205_5128050350597651917_n-300x212.jpg\" class=\"attachment-medium size-medium\" alt=\"\" decoding=\"async\" loading=\"lazy\" srcset=\"http:\/\/www.lindenhausen.de\/blog\/wp-content\/uploads\/2018\/03\/28576538_1324536267691205_5128050350597651917_n-300x212.jpg 300w, http:\/\/www.lindenhausen.de\/blog\/wp-content\/uploads\/2018\/03\/28576538_1324536267691205_5128050350597651917_n.jpg 707w\" sizes=\"(max-width: 300px) 100vw, 300px\" \/><\/a>\n\t\t\t<\/div><\/figure><figure class='gallery-item'>\n\t\t\t<div class='gallery-icon landscape'>\n\t\t\t\t<a href='http:\/\/www.lindenhausen.de\/blog\/schiffe\/costa-venezia\/28577720_1324535944357904_2944619797352486800_n\/'><img width=\"300\" height=\"212\" src=\"http:\/\/www.lindenhausen.de\/blog\/wp-content\/uploads\/2018\/03\/28577720_1324535944357904_2944619797352486800_n-300x212.jpg\" class=\"attachment-medium size-medium\" alt=\"\" decoding=\"async\" loading=\"lazy\" srcset=\"http:\/\/www.lindenhausen.de\/blog\/wp-content\/uploads\/2018\/03\/28577720_1324535944357904_2944619797352486800_n-300x212.jpg 300w, http:\/\/www.lindenhausen.de\/blog\/wp-content\/uploads\/2018\/03\/28577720_1324535944357904_2944619797352486800_n.jpg 565w\" sizes=\"(max-width: 300px) 100vw, 300px\" \/><\/a>\n\t\t\t<\/div><\/figure><figure class='gallery-item'>\n\t\t\t<div class='gallery-icon landscape'>\n\t\t\t\t<a href='http:\/\/www.lindenhausen.de\/blog\/schiffe\/costa-venezia\/28660620_1324536297691202_91302954438890331_n\/'><img width=\"300\" height=\"212\" src=\"http:\/\/www.lindenhausen.de\/blog\/wp-content\/uploads\/2018\/03\/28660620_1324536297691202_91302954438890331_n-300x212.jpg\" class=\"attachment-medium size-medium\" alt=\"\" decoding=\"async\" loading=\"lazy\" srcset=\"http:\/\/www.lindenhausen.de\/blog\/wp-content\/uploads\/2018\/03\/28660620_1324536297691202_91302954438890331_n-300x212.jpg 300w, http:\/\/www.lindenhausen.de\/blog\/wp-content\/uploads\/2018\/03\/28660620_1324536297691202_91302954438890331_n.jpg 707w\" sizes=\"(max-width: 300px) 100vw, 300px\" \/><\/a>\n\t\t\t<\/div><\/figure>\n\t\t<\/div>\n\n<p>Mir gef\u00e4llt was ich sehe, wobei wohl viele Fl\u00e4chen eher zum Samsara Bereich geh\u00f6ren oder Private Balkons sind. Einen Deckplan habe ich noch nicht gefunden, also ohne Gew\u00e4hr.<\/p>\n<p>alle News zur Costa Venezia und Costa Smeralda gibt es hier:<\/p>\n<p><a href=\"http:\/\/www.lindenhausen.de\/Forum\/index.php?thread\/1258-costa-venezia-das-neue-schiff-f%C3%BCr-china-2019-costa-fortuna-zur%C3%BCck-nach-europa-bu\/&amp;postID=7765#post7765\" target=\"_blank\" rel=\"noopener\">zum Forum<\/a><\/p>\n","protected":false},"excerpt":{"rendered":"<p>Mir gef\u00e4llt was ich sehe, wobei wohl viele Fl\u00e4chen eher zum Samsara Bereich geh\u00f6ren oder Private Balkons sind. Einen Deckplan habe ich noch nicht gefunden, also ohne Gew\u00e4hr. alle News zur Costa Venezia und Costa Smeralda gibt es hier: zum Forum<\/p>\n","protected":false},"author":1,"featured_media":0,"parent":383,"menu_order":5,"comment_status":"closed","ping_status":"closed","template":"","meta":{"_monsterinsights_skip_tracking":false,"_monsterinsights_sitenote_active":false,"_monsterinsights_sitenote_note":"","_monsterinsights_sitenote_category":0},"yoast_head":"<!-- This site is optimized with the Yoast SEO plugin v21.0 - https:\/\/yoast.com\/wordpress\/plugins\/seo\/ -->\n<title>Costa Venezia - Lindenhausen-weil Reisen Spa\u00df macht<\/title>\n<meta name=\"robots\" content=\"index, follow, max-snippet:-1, max-image-preview:large, max-video-preview:-1\" \/>\n<link rel=\"canonical\" href=\"http:\/\/www.lindenhausen.de\/blog\/schiffe\/costa-venezia\/\" \/>\n<meta property=\"og:locale\" content=\"de_DE\" \/>\n<meta property=\"og:type\" content=\"article\" \/>\n<meta property=\"og:title\" content=\"Costa Venezia - Lindenhausen-weil Reisen Spa\u00df macht\" \/>\n<meta property=\"og:description\" content=\"Mir gef\u00e4llt was ich sehe, wobei wohl viele Fl\u00e4chen eher zum Samsara Bereich geh\u00f6ren oder Private Balkons sind. Einen Deckplan habe ich noch nicht gefunden, also ohne Gew\u00e4hr. alle News zur Costa Venezia und Costa Smeralda gibt es hier: zum Forum\" \/>\n<meta property=\"og:url\" content=\"http:\/\/www.lindenhausen.de\/blog\/schiffe\/costa-venezia\/\" \/>\n<meta property=\"og:site_name\" content=\"Lindenhausen-weil Reisen Spa\u00df macht\" \/>\n<meta property=\"article:publisher\" content=\"http:\/\/www.facebook.com\/Lindenhausen\/\" \/>\n<meta property=\"og:image\" content=\"http:\/\/www.lindenhausen.de\/blog\/wp-content\/uploads\/2018\/03\/28276947_1324536341024531_2273716838259452430_n-300x300.jpg\" \/>\n<meta name=\"twitter:card\" content=\"summary_large_image\" \/>\n<meta name=\"twitter:site\" content=\"@Maxilinde\" \/>\n<script type=\"application\/ld+json\" class=\"yoast-schema-graph\">{\"@context\":\"https:\/\/schema.org\",\"@graph\":[{\"@type\":\"WebPage\",\"@id\":\"http:\/\/www.lindenhausen.de\/blog\/schiffe\/costa-venezia\/\",\"url\":\"http:\/\/www.lindenhausen.de\/blog\/schiffe\/costa-venezia\/\",\"name\":\"Costa Venezia - Lindenhausen-weil Reisen Spa\u00df macht\",\"isPartOf\":{\"@id\":\"https:\/\/www.lindenhausen.de\/blog\/#website\"},\"datePublished\":\"2018-03-01T08:55:57+00:00\",\"dateModified\":\"2018-03-01T08:55:57+00:00\",\"breadcrumb\":{\"@id\":\"http:\/\/www.lindenhausen.de\/blog\/schiffe\/costa-venezia\/#breadcrumb\"},\"inLanguage\":\"de\",\"potentialAction\":[{\"@type\":\"ReadAction\",\"target\":[\"http:\/\/www.lindenhausen.de\/blog\/schiffe\/costa-venezia\/\"]}]},{\"@type\":\"BreadcrumbList\",\"@id\":\"http:\/\/www.lindenhausen.de\/blog\/schiffe\/costa-venezia\/#breadcrumb\",\"itemListElement\":[{\"@type\":\"ListItem\",\"position\":1,\"name\":\"Startseite\",\"item\":\"https:\/\/www.lindenhausen.de\/blog\/\"},{\"@type\":\"ListItem\",\"position\":2,\"name\":\"Schiffe\",\"item\":\"http:\/\/www.lindenhausen.de\/blog\/schiffe\/\"},{\"@type\":\"ListItem\",\"position\":3,\"name\":\"Costa Venezia\"}]},{\"@type\":\"WebSite\",\"@id\":\"https:\/\/www.lindenhausen.de\/blog\/#website\",\"url\":\"https:\/\/www.lindenhausen.de\/blog\/\",\"name\":\"Lindenhausen-weil Reisen Spa\u00df macht\",\"description\":\"Reisen und Kreuzfahrten, Reiseberichte, Kreuzfahrtforum\",\"potentialAction\":[{\"@type\":\"SearchAction\",\"target\":{\"@type\":\"EntryPoint\",\"urlTemplate\":\"https:\/\/www.lindenhausen.de\/blog\/?s={search_term_string}\"},\"query-input\":\"required name=search_term_string\"}],\"inLanguage\":\"de\"}]}<\/script>\n<!-- \/ Yoast SEO plugin. -->","yoast_head_json":{"title":"Costa Venezia - Lindenhausen-weil Reisen Spa\u00df macht","robots":{"index":"index","follow":"follow","max-snippet":"max-snippet:-1","max-image-preview":"max-image-preview:large","max-video-preview":"max-video-preview:-1"},"canonical":"http:\/\/www.lindenhausen.de\/blog\/schiffe\/costa-venezia\/","og_locale":"de_DE","og_type":"article","og_title":"Costa Venezia - Lindenhausen-weil Reisen Spa\u00df macht","og_description":"Mir gef\u00e4llt was ich sehe, wobei wohl viele Fl\u00e4chen eher zum Samsara Bereich geh\u00f6ren oder Private Balkons sind. Einen Deckplan habe ich noch nicht gefunden, also ohne Gew\u00e4hr. alle News zur Costa Venezia und Costa Smeralda gibt es hier: zum Forum","og_url":"http:\/\/www.lindenhausen.de\/blog\/schiffe\/costa-venezia\/","og_site_name":"Lindenhausen-weil Reisen Spa\u00df macht","article_publisher":"http:\/\/www.facebook.com\/Lindenhausen\/","og_image":[{"url":"http:\/\/www.lindenhausen.de\/blog\/wp-content\/uploads\/2018\/03\/28276947_1324536341024531_2273716838259452430_n-300x300.jpg"}],"twitter_card":"summary_large_image","twitter_site":"@Maxilinde","schema":{"@context":"https:\/\/schema.org","@graph":[{"@type":"WebPage","@id":"http:\/\/www.lindenhausen.de\/blog\/schiffe\/costa-venezia\/","url":"http:\/\/www.lindenhausen.de\/blog\/schiffe\/costa-venezia\/","name":"Costa Venezia - Lindenhausen-weil Reisen Spa\u00df macht","isPartOf":{"@id":"https:\/\/www.lindenhausen.de\/blog\/#website"},"datePublished":"2018-03-01T08:55:57+00:00","dateModified":"2018-03-01T08:55:57+00:00","breadcrumb":{"@id":"http:\/\/www.lindenhausen.de\/blog\/schiffe\/costa-venezia\/#breadcrumb"},"inLanguage":"de","potentialAction":[{"@type":"ReadAction","target":["http:\/\/www.lindenhausen.de\/blog\/schiffe\/costa-venezia\/"]}]},{"@type":"BreadcrumbList","@id":"http:\/\/www.lindenhausen.de\/blog\/schiffe\/costa-venezia\/#breadcrumb","itemListElement":[{"@type":"ListItem","position":1,"name":"Startseite","item":"https:\/\/www.lindenhausen.de\/blog\/"},{"@type":"ListItem","position":2,"name":"Schiffe","item":"http:\/\/www.lindenhausen.de\/blog\/schiffe\/"},{"@type":"ListItem","position":3,"name":"Costa Venezia"}]},{"@type":"WebSite","@id":"https:\/\/www.lindenhausen.de\/blog\/#website","url":"https:\/\/www.lindenhausen.de\/blog\/","name":"Lindenhausen-weil Reisen Spa\u00df macht","description":"Reisen und Kreuzfahrten, Reiseberichte, Kreuzfahrtforum","potentialAction":[{"@type":"SearchAction","target":{"@type":"EntryPoint","urlTemplate":"https:\/\/www.lindenhausen.de\/blog\/?s={search_term_string}"},"query-input":"required name=search_term_string"}],"inLanguage":"de"}]}},"_links":{"self":[{"href":"http:\/\/www.lindenhausen.de\/blog\/wp-json\/wp\/v2\/pages\/3770"}],"collection":[{"href":"http:\/\/www.lindenhausen.de\/blog\/wp-json\/wp\/v2\/pages"}],"about":[{"href":"http:\/\/www.lindenhausen.de\/blog\/wp-json\/wp\/v2\/types\/page"}],"author":[{"embeddable":true,"href":"http:\/\/www.lindenhausen.de\/blog\/wp-json\/wp\/v2\/users\/1"}],"replies":[{"embeddable":true,"href":"http:\/\/www.lindenhausen.de\/blog\/wp-json\/wp\/v2\/comments?post=3770"}],"version-history":[{"count":1,"href":"http:\/\/www.lindenhausen.de\/blog\/wp-json\/wp\/v2\/pages\/3770\/revisions"}],"predecessor-version":[{"id":3790,"href":"http:\/\/www.lindenhausen.de\/blog\/wp-json\/wp\/v2\/pages\/3770\/revisions\/3790"}],"up":[{"embeddable":true,"href":"http:\/\/www.lindenhausen.de\/blog\/wp-json\/wp\/v2\/pages\/383"}],"wp:attachment":[{"href":"http:\/\/www.lindenhausen.de\/blog\/wp-json\/wp\/v2\/media?parent=3770"}],"curies":[{"name":"wp","href":"https:\/\/api.w.org\/{rel}","templated":true}]}}