{"id":3724,"date":"2018-02-04T14:21:02","date_gmt":"2018-02-04T13:21:02","guid":{"rendered":"http:\/\/www.lindenhausen.de\/blog\/?page_id=3724"},"modified":"2018-02-04T18:36:13","modified_gmt":"2018-02-04T17:36:13","slug":"schloss-eggersberg","status":"publish","type":"page","link":"http:\/\/www.lindenhausen.de\/blog\/hotels-die-uns-gefallen-haben\/schloss-eggersberg\/","title":{"rendered":"Hotel Schloss Eggersberg"},"content":{"rendered":"<p>Malerisch \u00fcber dem Altm\u00fchltal liegt das Schloss Eggersberg.\u00a0 Schon im 10.Jahrhundert erw\u00e4hnt hat es eine wechselvolle Geschichte hinter sich und wer Lust auf eine Zeitreise hat sollte nicht nur das Schlossmuseum besuchen sondern sich ein Zimmer buchen.<\/p>\n<p><a href=\"http:\/\/www.lindenhausen.de\/blog\/wp-content\/uploads\/2018\/02\/K800_WhatsApp-Image-2018-02-04-at-13.56.19-4.jpg\"><img decoding=\"async\" loading=\"lazy\" class=\"aligncenter size-medium wp-image-3739\" src=\"http:\/\/www.lindenhausen.de\/blog\/wp-content\/uploads\/2018\/02\/K800_WhatsApp-Image-2018-02-04-at-13.56.19-4-225x300.jpg\" alt=\"\" width=\"225\" height=\"300\" srcset=\"http:\/\/www.lindenhausen.de\/blog\/wp-content\/uploads\/2018\/02\/K800_WhatsApp-Image-2018-02-04-at-13.56.19-4-225x300.jpg 225w, http:\/\/www.lindenhausen.de\/blog\/wp-content\/uploads\/2018\/02\/K800_WhatsApp-Image-2018-02-04-at-13.56.19-4.jpg 600w\" sizes=\"(max-width: 225px) 100vw, 225px\" \/><\/a><\/p>\n<p>Knarrende Dielen, lange Flure, hohe Zimmer mit Stuckdecken und Erkern mit Sitzgelegenheit oder doch lieber ein rustikales Zimmer im Schlossturm? Alle R\u00e4ume sind liebevoll mit alten M\u00f6beln verschiedener Epochen ausgestattet, Ikea sucht man hier vergebens. Kein Zimmer gleicht dem anderem und die alten Doppelfenster zum Park oder zum Altm\u00fchltal strahlen Gem\u00fctlichkeit und Nostalgie aus. Nur die alten Kachel\u00f6fen sind au\u00dfer Betrieb, daf\u00fcr gibt es gen\u00fcgend W\u00e4rme von Nachtspeicher\u00f6fen.<\/p>\n<div id='gallery-1' class='gallery galleryid-3724 gallery-columns-4 gallery-size-medium'><figure class='gallery-item'>\n\t\t\t<div class='gallery-icon landscape'>\n\t\t\t\t<a href='http:\/\/www.lindenhausen.de\/blog\/hotels-die-uns-gefallen-haben\/schloss-eggersberg\/k800_whatsapp-image-2018-02-04-at-13-56-20-1\/'><img width=\"300\" height=\"225\" src=\"http:\/\/www.lindenhausen.de\/blog\/wp-content\/uploads\/2018\/02\/K800_WhatsApp-Image-2018-02-04-at-13.56.20-1-300x225.jpg\" class=\"attachment-medium size-medium\" alt=\"\" decoding=\"async\" loading=\"lazy\" srcset=\"http:\/\/www.lindenhausen.de\/blog\/wp-content\/uploads\/2018\/02\/K800_WhatsApp-Image-2018-02-04-at-13.56.20-1-300x225.jpg 300w, http:\/\/www.lindenhausen.de\/blog\/wp-content\/uploads\/2018\/02\/K800_WhatsApp-Image-2018-02-04-at-13.56.20-1-768x576.jpg 768w, http:\/\/www.lindenhausen.de\/blog\/wp-content\/uploads\/2018\/02\/K800_WhatsApp-Image-2018-02-04-at-13.56.20-1.jpg 800w\" sizes=\"(max-width: 300px) 100vw, 300px\" \/><\/a>\n\t\t\t<\/div><\/figure><figure class='gallery-item'>\n\t\t\t<div class='gallery-icon landscape'>\n\t\t\t\t<a href='http:\/\/www.lindenhausen.de\/blog\/hotels-die-uns-gefallen-haben\/schloss-eggersberg\/k800_whatsapp-image-2018-02-04-at-13-55-47\/'><img width=\"300\" height=\"225\" src=\"http:\/\/www.lindenhausen.de\/blog\/wp-content\/uploads\/2018\/02\/K800_WhatsApp-Image-2018-02-04-at-13.55.47-300x225.jpg\" class=\"attachment-medium size-medium\" alt=\"\" decoding=\"async\" loading=\"lazy\" srcset=\"http:\/\/www.lindenhausen.de\/blog\/wp-content\/uploads\/2018\/02\/K800_WhatsApp-Image-2018-02-04-at-13.55.47-300x225.jpg 300w, http:\/\/www.lindenhausen.de\/blog\/wp-content\/uploads\/2018\/02\/K800_WhatsApp-Image-2018-02-04-at-13.55.47-768x576.jpg 768w, http:\/\/www.lindenhausen.de\/blog\/wp-content\/uploads\/2018\/02\/K800_WhatsApp-Image-2018-02-04-at-13.55.47.jpg 800w\" sizes=\"(max-width: 300px) 100vw, 300px\" \/><\/a>\n\t\t\t<\/div><\/figure><figure class='gallery-item'>\n\t\t\t<div class='gallery-icon landscape'>\n\t\t\t\t<a href='http:\/\/www.lindenhausen.de\/blog\/hotels-die-uns-gefallen-haben\/schloss-eggersberg\/k800_whatsapp-image-2018-02-04-at-13-55-47-1\/'><img width=\"300\" height=\"225\" src=\"http:\/\/www.lindenhausen.de\/blog\/wp-content\/uploads\/2018\/02\/K800_WhatsApp-Image-2018-02-04-at-13.55.47-1-300x225.jpg\" class=\"attachment-medium size-medium\" alt=\"\" decoding=\"async\" loading=\"lazy\" srcset=\"http:\/\/www.lindenhausen.de\/blog\/wp-content\/uploads\/2018\/02\/K800_WhatsApp-Image-2018-02-04-at-13.55.47-1-300x225.jpg 300w, http:\/\/www.lindenhausen.de\/blog\/wp-content\/uploads\/2018\/02\/K800_WhatsApp-Image-2018-02-04-at-13.55.47-1-768x576.jpg 768w, http:\/\/www.lindenhausen.de\/blog\/wp-content\/uploads\/2018\/02\/K800_WhatsApp-Image-2018-02-04-at-13.55.47-1.jpg 800w\" sizes=\"(max-width: 300px) 100vw, 300px\" \/><\/a>\n\t\t\t<\/div><\/figure><figure class='gallery-item'>\n\t\t\t<div class='gallery-icon landscape'>\n\t\t\t\t<a href='http:\/\/www.lindenhausen.de\/blog\/hotels-die-uns-gefallen-haben\/schloss-eggersberg\/k800_whatsapp-image-2018-02-04-at-13-55-46\/'><img width=\"300\" height=\"225\" src=\"http:\/\/www.lindenhausen.de\/blog\/wp-content\/uploads\/2018\/02\/K800_WhatsApp-Image-2018-02-04-at-13.55.46-300x225.jpg\" class=\"attachment-medium size-medium\" alt=\"\" decoding=\"async\" loading=\"lazy\" srcset=\"http:\/\/www.lindenhausen.de\/blog\/wp-content\/uploads\/2018\/02\/K800_WhatsApp-Image-2018-02-04-at-13.55.46-300x225.jpg 300w, http:\/\/www.lindenhausen.de\/blog\/wp-content\/uploads\/2018\/02\/K800_WhatsApp-Image-2018-02-04-at-13.55.46-768x576.jpg 768w, http:\/\/www.lindenhausen.de\/blog\/wp-content\/uploads\/2018\/02\/K800_WhatsApp-Image-2018-02-04-at-13.55.46.jpg 800w\" sizes=\"(max-width: 300px) 100vw, 300px\" \/><\/a>\n\t\t\t<\/div><\/figure>\n\t\t<\/div>\n\n<p>Bevor man sich ein Abendessen in der Reiterklause oder ein\u00a0Candle- Light-Dinner in der ehemaligen Schlosskapelle g\u00f6nnt sollte man einen Spaziergang durch den Park machen. Im Winter ein Platz der Ruhe und man hat Zeit die eine oder andere Skulptur zu bewundern, im Rest des Jahres ein Platz wo alles bl\u00fcht was wei\u00df ist.<\/p>\n<p>Auch einen Abstecher zum etwa 200 m entfernten Kirchfelsen mit einer herrlichen Aussicht in das Altm\u00fchltal lohnt.<\/p>\n<div id='gallery-2' class='gallery galleryid-3724 gallery-columns-4 gallery-size-medium'><figure class='gallery-item'>\n\t\t\t<div class='gallery-icon landscape'>\n\t\t\t\t<a href='http:\/\/www.lindenhausen.de\/blog\/hotels-die-uns-gefallen-haben\/schloss-eggersberg\/k800_whatsapp-image-2018-02-04-at-13-56-19-3\/'><img width=\"300\" height=\"225\" src=\"http:\/\/www.lindenhausen.de\/blog\/wp-content\/uploads\/2018\/02\/K800_WhatsApp-Image-2018-02-04-at-13.56.19-3-300x225.jpg\" class=\"attachment-medium size-medium\" alt=\"\" decoding=\"async\" loading=\"lazy\" srcset=\"http:\/\/www.lindenhausen.de\/blog\/wp-content\/uploads\/2018\/02\/K800_WhatsApp-Image-2018-02-04-at-13.56.19-3-300x225.jpg 300w, http:\/\/www.lindenhausen.de\/blog\/wp-content\/uploads\/2018\/02\/K800_WhatsApp-Image-2018-02-04-at-13.56.19-3-768x576.jpg 768w, http:\/\/www.lindenhausen.de\/blog\/wp-content\/uploads\/2018\/02\/K800_WhatsApp-Image-2018-02-04-at-13.56.19-3.jpg 800w\" sizes=\"(max-width: 300px) 100vw, 300px\" \/><\/a>\n\t\t\t<\/div><\/figure><figure class='gallery-item'>\n\t\t\t<div class='gallery-icon landscape'>\n\t\t\t\t<a href='http:\/\/www.lindenhausen.de\/blog\/hotels-die-uns-gefallen-haben\/schloss-eggersberg\/k800_whatsapp-image-2018-02-04-at-13-56-19-2\/'><img width=\"300\" height=\"225\" src=\"http:\/\/www.lindenhausen.de\/blog\/wp-content\/uploads\/2018\/02\/K800_WhatsApp-Image-2018-02-04-at-13.56.19-2-300x225.jpg\" class=\"attachment-medium size-medium\" alt=\"\" decoding=\"async\" loading=\"lazy\" srcset=\"http:\/\/www.lindenhausen.de\/blog\/wp-content\/uploads\/2018\/02\/K800_WhatsApp-Image-2018-02-04-at-13.56.19-2-300x225.jpg 300w, http:\/\/www.lindenhausen.de\/blog\/wp-content\/uploads\/2018\/02\/K800_WhatsApp-Image-2018-02-04-at-13.56.19-2-768x576.jpg 768w, http:\/\/www.lindenhausen.de\/blog\/wp-content\/uploads\/2018\/02\/K800_WhatsApp-Image-2018-02-04-at-13.56.19-2.jpg 800w\" sizes=\"(max-width: 300px) 100vw, 300px\" \/><\/a>\n\t\t\t<\/div><\/figure><figure class='gallery-item'>\n\t\t\t<div class='gallery-icon portrait'>\n\t\t\t\t<a href='http:\/\/www.lindenhausen.de\/blog\/hotels-die-uns-gefallen-haben\/schloss-eggersberg\/k800_img_3802\/'><img width=\"225\" height=\"300\" src=\"http:\/\/www.lindenhausen.de\/blog\/wp-content\/uploads\/2018\/02\/K800_IMG_3802-e1517749581267-225x300.jpg\" class=\"attachment-medium size-medium\" alt=\"\" decoding=\"async\" loading=\"lazy\" srcset=\"http:\/\/www.lindenhausen.de\/blog\/wp-content\/uploads\/2018\/02\/K800_IMG_3802-e1517749581267-225x300.jpg 225w, http:\/\/www.lindenhausen.de\/blog\/wp-content\/uploads\/2018\/02\/K800_IMG_3802-e1517749581267.jpg 600w\" sizes=\"(max-width: 225px) 100vw, 225px\" \/><\/a>\n\t\t\t<\/div><\/figure><figure class='gallery-item'>\n\t\t\t<div class='gallery-icon portrait'>\n\t\t\t\t<a href='http:\/\/www.lindenhausen.de\/blog\/hotels-die-uns-gefallen-haben\/schloss-eggersberg\/k800_img_3804\/'><img width=\"225\" height=\"300\" src=\"http:\/\/www.lindenhausen.de\/blog\/wp-content\/uploads\/2018\/02\/K800_IMG_3804-e1517749618177-225x300.jpg\" class=\"attachment-medium size-medium\" alt=\"\" decoding=\"async\" loading=\"lazy\" srcset=\"http:\/\/www.lindenhausen.de\/blog\/wp-content\/uploads\/2018\/02\/K800_IMG_3804-e1517749618177-225x300.jpg 225w, http:\/\/www.lindenhausen.de\/blog\/wp-content\/uploads\/2018\/02\/K800_IMG_3804-e1517749618177.jpg 600w\" sizes=\"(max-width: 225px) 100vw, 225px\" \/><\/a>\n\t\t\t<\/div><\/figure>\n\t\t<\/div>\n\n<p>Auf das Abendessen darf man sich freuen, ich habe die Gastlichkeit der Familie Schwarz schon \u00f6fter genie\u00dfen d\u00fcrfen, hier kocht der Chef mit viel Liebe selber und das schmeckt man.<\/p>\n<p><a href=\"http:\/\/www.lindenhausen.de\/blog\/wp-content\/uploads\/2018\/02\/K800_IMG_3790-e1517749669585.jpg\"><img decoding=\"async\" loading=\"lazy\" class=\"aligncenter size-medium wp-image-3727\" src=\"http:\/\/www.lindenhausen.de\/blog\/wp-content\/uploads\/2018\/02\/K800_IMG_3790-e1517749669585-225x300.jpg\" alt=\"\" width=\"225\" height=\"300\" srcset=\"http:\/\/www.lindenhausen.de\/blog\/wp-content\/uploads\/2018\/02\/K800_IMG_3790-e1517749669585-225x300.jpg 225w, http:\/\/www.lindenhausen.de\/blog\/wp-content\/uploads\/2018\/02\/K800_IMG_3790-e1517749669585.jpg 600w\" sizes=\"(max-width: 225px) 100vw, 225px\" \/><\/a> <a href=\"http:\/\/www.lindenhausen.de\/blog\/wp-content\/uploads\/2018\/02\/K800_IMG_3789-e1517749704446.jpg\"><img decoding=\"async\" loading=\"lazy\" class=\"aligncenter size-medium wp-image-3726\" src=\"http:\/\/www.lindenhausen.de\/blog\/wp-content\/uploads\/2018\/02\/K800_IMG_3789-e1517749704446-300x225.jpg\" alt=\"\" width=\"300\" height=\"225\" srcset=\"http:\/\/www.lindenhausen.de\/blog\/wp-content\/uploads\/2018\/02\/K800_IMG_3789-e1517749704446-300x225.jpg 300w, http:\/\/www.lindenhausen.de\/blog\/wp-content\/uploads\/2018\/02\/K800_IMG_3789-e1517749704446-768x576.jpg 768w, http:\/\/www.lindenhausen.de\/blog\/wp-content\/uploads\/2018\/02\/K800_IMG_3789-e1517749704446.jpg 800w\" sizes=\"(max-width: 300px) 100vw, 300px\" \/><\/a><\/p>\n<p>Wir entschieden uns der Empfehlung des Hauses zu folgen:<\/p>\n<p>Steinpilz-Consomm\u00e9<\/p>\n<p>Auswahl an Antipasti<\/p>\n<p><a href=\"http:\/\/www.lindenhausen.de\/blog\/wp-content\/uploads\/2018\/02\/K800_IMG_3793.jpg\"><img decoding=\"async\" loading=\"lazy\" class=\"aligncenter size-medium wp-image-3728\" src=\"http:\/\/www.lindenhausen.de\/blog\/wp-content\/uploads\/2018\/02\/K800_IMG_3793-300x225.jpg\" alt=\"\" width=\"300\" height=\"225\" srcset=\"http:\/\/www.lindenhausen.de\/blog\/wp-content\/uploads\/2018\/02\/K800_IMG_3793-300x225.jpg 300w, http:\/\/www.lindenhausen.de\/blog\/wp-content\/uploads\/2018\/02\/K800_IMG_3793-768x576.jpg 768w, http:\/\/www.lindenhausen.de\/blog\/wp-content\/uploads\/2018\/02\/K800_IMG_3793.jpg 800w\" sizes=\"(max-width: 300px) 100vw, 300px\" \/><\/a><\/p>\n<p>&nbsp;<\/p>\n<p>Rehr\u00fccken mit hausgemachten Sp\u00e4tzle und Gem\u00fcse<\/p>\n<p><a href=\"http:\/\/www.lindenhausen.de\/blog\/wp-content\/uploads\/2018\/02\/K800_IMG_3795-e1517749634896.jpg\"><img decoding=\"async\" loading=\"lazy\" class=\"aligncenter size-medium wp-image-3729\" src=\"http:\/\/www.lindenhausen.de\/blog\/wp-content\/uploads\/2018\/02\/K800_IMG_3795-e1517749634896-300x225.jpg\" alt=\"\" width=\"300\" height=\"225\" srcset=\"http:\/\/www.lindenhausen.de\/blog\/wp-content\/uploads\/2018\/02\/K800_IMG_3795-e1517749634896-300x225.jpg 300w, http:\/\/www.lindenhausen.de\/blog\/wp-content\/uploads\/2018\/02\/K800_IMG_3795-e1517749634896-768x576.jpg 768w, http:\/\/www.lindenhausen.de\/blog\/wp-content\/uploads\/2018\/02\/K800_IMG_3795-e1517749634896.jpg 800w\" sizes=\"(max-width: 300px) 100vw, 300px\" \/><\/a><\/p>\n<p>&nbsp;<\/p>\n<p>Bayrisch Creme<\/p>\n<p><a href=\"http:\/\/www.lindenhausen.de\/blog\/wp-content\/uploads\/2018\/02\/K800_IMG_3797-e1517749598886.jpg\"><img decoding=\"async\" loading=\"lazy\" class=\"aligncenter size-medium wp-image-3730\" src=\"http:\/\/www.lindenhausen.de\/blog\/wp-content\/uploads\/2018\/02\/K800_IMG_3797-e1517749598886-225x300.jpg\" alt=\"\" width=\"225\" height=\"300\" srcset=\"http:\/\/www.lindenhausen.de\/blog\/wp-content\/uploads\/2018\/02\/K800_IMG_3797-e1517749598886-225x300.jpg 225w, http:\/\/www.lindenhausen.de\/blog\/wp-content\/uploads\/2018\/02\/K800_IMG_3797-e1517749598886.jpg 600w\" sizes=\"(max-width: 225px) 100vw, 225px\" \/><\/a><\/p>\n<p>Dazu ein fr\u00e4nkischer Domina oder, wer es nicht zu trocken mag ein Dornfelder. Das Leben kann so sch\u00f6n sein.<\/p>\n<p>Es klingeln auch keine Handys, da man ganz einfach kein Netz hat in diesem alten Gem\u00e4uer. Wer gar nicht verzichten kann dem steht ein Telekom Hot-spot zur Verf\u00fcgung.<\/p>\n<p>In der Nacht ist es leise, man h\u00f6rt kein Auto, nur ab und an knarrt eine Diele wenn jemand \u00fcber den Flur geht, man kommt sich vor wie vor 100 Jahren.<\/p>\n<p>Auch das Fr\u00fchst\u00fcck kann sich sehen lassen, verschiedene Wurst-K\u00e4se-und Konfit\u00fcre Sorten, eine nette Brotauswahl, verschiedene Obst und Joghurts, Saft, Kaffee, Tee, M\u00fcsli&#8230;&#8230;.<\/p>\n<p>&nbsp;<\/p>\n<p>Wer alte Gem\u00e4uer mit viel Geschichte liebt, gutes Essen mag und damit leben kann das man die Spuren der Geschichte auch sieht ist in Schloss Eggersberg gut aufgehoben.<\/p>\n<p><a href=\"https:\/\/www.schloss-eggersberg.de\/index.php\/de\/\" target=\"_blank\" rel=\"noopener\">Weitere Infos und Buchungsm\u00f6glichkeit gibt es hier<\/a><\/p>\n<p>&nbsp;<\/p>\n","protected":false},"excerpt":{"rendered":"<p>Malerisch \u00fcber dem Altm\u00fchltal liegt das Schloss Eggersberg.\u00a0 Schon im 10.Jahrhundert erw\u00e4hnt hat es eine wechselvolle Geschichte hinter sich und wer Lust auf eine Zeitreise hat sollte nicht nur das Schlossmuseum besuchen sondern sich ein Zimmer buchen. Knarrende Dielen, lange Flure, hohe Zimmer mit Stuckdecken und Erkern mit Sitzgelegenheit oder doch lieber ein rustikales Zimmer &hellip; <a href=\"http:\/\/www.lindenhausen.de\/blog\/hotels-die-uns-gefallen-haben\/schloss-eggersberg\/\" class=\"more-link\"><span class=\"screen-reader-text\">Hotel Schloss Eggersberg<\/span> weiterlesen <span class=\"meta-nav\">&rarr;<\/span><\/a><\/p>\n","protected":false},"author":1,"featured_media":0,"parent":3743,"menu_order":1,"comment_status":"closed","ping_status":"closed","template":"","meta":{"_monsterinsights_skip_tracking":false,"_monsterinsights_sitenote_active":false,"_monsterinsights_sitenote_note":"","_monsterinsights_sitenote_category":0},"yoast_head":"<!-- This site is optimized with the Yoast SEO plugin v21.0 - https:\/\/yoast.com\/wordpress\/plugins\/seo\/ -->\n<title>Hotel Schloss Eggersberg - Lindenhausen-weil Reisen Spa\u00df macht<\/title>\n<meta name=\"description\" content=\"Schloss Eggersberg, Eggersberg, Hotel,Altm\u00fchltal, Riedenburg, Kelheim, Lindenhausen, Reisebericht, Reiseblog\" \/>\n<meta name=\"robots\" content=\"index, follow, max-snippet:-1, max-image-preview:large, max-video-preview:-1\" \/>\n<link rel=\"canonical\" href=\"https:\/\/www.lindenhausen.de\/blog\/hotels-die-uns-gefallen-haben\/schloss-eggersberg\/\" \/>\n<meta property=\"og:locale\" content=\"de_DE\" \/>\n<meta property=\"og:type\" content=\"article\" \/>\n<meta property=\"og:title\" content=\"Hotel Schloss Eggersberg - Lindenhausen-weil Reisen Spa\u00df macht\" \/>\n<meta property=\"og:description\" content=\"Schloss Eggersberg, Eggersberg, Hotel,Altm\u00fchltal, Riedenburg, Kelheim, Lindenhausen, Reisebericht, Reiseblog\" \/>\n<meta property=\"og:url\" content=\"https:\/\/www.lindenhausen.de\/blog\/hotels-die-uns-gefallen-haben\/schloss-eggersberg\/\" \/>\n<meta property=\"og:site_name\" content=\"Lindenhausen-weil Reisen Spa\u00df macht\" \/>\n<meta property=\"article:publisher\" content=\"http:\/\/www.facebook.com\/Lindenhausen\/\" \/>\n<meta property=\"article:modified_time\" content=\"2018-02-04T17:36:13+00:00\" \/>\n<meta property=\"og:image\" content=\"https:\/\/www.lindenhausen.de\/blog\/wp-content\/uploads\/2018\/02\/K800_WhatsApp-Image-2018-02-04-at-13.56.20-1-300x225.jpg\" \/>\n<meta name=\"twitter:card\" content=\"summary_large_image\" \/>\n<meta name=\"twitter:site\" content=\"@Maxilinde\" \/>\n<meta name=\"twitter:label1\" content=\"Gesch\u00e4tzte Lesezeit\" \/>\n\t<meta name=\"twitter:data1\" content=\"2\u00a0Minuten\" \/>\n<script type=\"application\/ld+json\" class=\"yoast-schema-graph\">{\"@context\":\"https:\/\/schema.org\",\"@graph\":[{\"@type\":\"WebPage\",\"@id\":\"https:\/\/www.lindenhausen.de\/blog\/hotels-die-uns-gefallen-haben\/schloss-eggersberg\/\",\"url\":\"https:\/\/www.lindenhausen.de\/blog\/hotels-die-uns-gefallen-haben\/schloss-eggersberg\/\",\"name\":\"Hotel Schloss Eggersberg - Lindenhausen-weil Reisen Spa\u00df macht\",\"isPartOf\":{\"@id\":\"http:\/\/www.lindenhausen.de\/blog\/#website\"},\"datePublished\":\"2018-02-04T13:21:02+00:00\",\"dateModified\":\"2018-02-04T17:36:13+00:00\",\"description\":\"Schloss Eggersberg, Eggersberg, Hotel,Altm\u00fchltal, Riedenburg, Kelheim, Lindenhausen, Reisebericht, Reiseblog\",\"breadcrumb\":{\"@id\":\"https:\/\/www.lindenhausen.de\/blog\/hotels-die-uns-gefallen-haben\/schloss-eggersberg\/#breadcrumb\"},\"inLanguage\":\"de\",\"potentialAction\":[{\"@type\":\"ReadAction\",\"target\":[\"https:\/\/www.lindenhausen.de\/blog\/hotels-die-uns-gefallen-haben\/schloss-eggersberg\/\"]}]},{\"@type\":\"BreadcrumbList\",\"@id\":\"https:\/\/www.lindenhausen.de\/blog\/hotels-die-uns-gefallen-haben\/schloss-eggersberg\/#breadcrumb\",\"itemListElement\":[{\"@type\":\"ListItem\",\"position\":1,\"name\":\"Startseite\",\"item\":\"http:\/\/www.lindenhausen.de\/blog\/\"},{\"@type\":\"ListItem\",\"position\":2,\"name\":\"Hotels die uns gefallen haben\",\"item\":\"http:\/\/www.lindenhausen.de\/blog\/hotels-die-uns-gefallen-haben\/\"},{\"@type\":\"ListItem\",\"position\":3,\"name\":\"Hotel Schloss Eggersberg\"}]},{\"@type\":\"WebSite\",\"@id\":\"http:\/\/www.lindenhausen.de\/blog\/#website\",\"url\":\"http:\/\/www.lindenhausen.de\/blog\/\",\"name\":\"Lindenhausen-weil Reisen Spa\u00df macht\",\"description\":\"Reisen und Kreuzfahrten, Reiseberichte, Kreuzfahrtforum\",\"potentialAction\":[{\"@type\":\"SearchAction\",\"target\":{\"@type\":\"EntryPoint\",\"urlTemplate\":\"http:\/\/www.lindenhausen.de\/blog\/?s={search_term_string}\"},\"query-input\":\"required name=search_term_string\"}],\"inLanguage\":\"de\"}]}<\/script>\n<!-- \/ Yoast SEO plugin. -->","yoast_head_json":{"title":"Hotel Schloss Eggersberg - Lindenhausen-weil Reisen Spa\u00df macht","description":"Schloss Eggersberg, Eggersberg, Hotel,Altm\u00fchltal, Riedenburg, Kelheim, Lindenhausen, Reisebericht, Reiseblog","robots":{"index":"index","follow":"follow","max-snippet":"max-snippet:-1","max-image-preview":"max-image-preview:large","max-video-preview":"max-video-preview:-1"},"canonical":"https:\/\/www.lindenhausen.de\/blog\/hotels-die-uns-gefallen-haben\/schloss-eggersberg\/","og_locale":"de_DE","og_type":"article","og_title":"Hotel Schloss Eggersberg - Lindenhausen-weil Reisen Spa\u00df macht","og_description":"Schloss Eggersberg, Eggersberg, Hotel,Altm\u00fchltal, Riedenburg, Kelheim, Lindenhausen, Reisebericht, Reiseblog","og_url":"https:\/\/www.lindenhausen.de\/blog\/hotels-die-uns-gefallen-haben\/schloss-eggersberg\/","og_site_name":"Lindenhausen-weil Reisen Spa\u00df macht","article_publisher":"http:\/\/www.facebook.com\/Lindenhausen\/","article_modified_time":"2018-02-04T17:36:13+00:00","og_image":[{"url":"https:\/\/www.lindenhausen.de\/blog\/wp-content\/uploads\/2018\/02\/K800_WhatsApp-Image-2018-02-04-at-13.56.20-1-300x225.jpg"}],"twitter_card":"summary_large_image","twitter_site":"@Maxilinde","twitter_misc":{"Gesch\u00e4tzte Lesezeit":"2\u00a0Minuten"},"schema":{"@context":"https:\/\/schema.org","@graph":[{"@type":"WebPage","@id":"https:\/\/www.lindenhausen.de\/blog\/hotels-die-uns-gefallen-haben\/schloss-eggersberg\/","url":"https:\/\/www.lindenhausen.de\/blog\/hotels-die-uns-gefallen-haben\/schloss-eggersberg\/","name":"Hotel Schloss Eggersberg - Lindenhausen-weil Reisen Spa\u00df macht","isPartOf":{"@id":"http:\/\/www.lindenhausen.de\/blog\/#website"},"datePublished":"2018-02-04T13:21:02+00:00","dateModified":"2018-02-04T17:36:13+00:00","description":"Schloss Eggersberg, Eggersberg, Hotel,Altm\u00fchltal, Riedenburg, Kelheim, Lindenhausen, Reisebericht, Reiseblog","breadcrumb":{"@id":"https:\/\/www.lindenhausen.de\/blog\/hotels-die-uns-gefallen-haben\/schloss-eggersberg\/#breadcrumb"},"inLanguage":"de","potentialAction":[{"@type":"ReadAction","target":["https:\/\/www.lindenhausen.de\/blog\/hotels-die-uns-gefallen-haben\/schloss-eggersberg\/"]}]},{"@type":"BreadcrumbList","@id":"https:\/\/www.lindenhausen.de\/blog\/hotels-die-uns-gefallen-haben\/schloss-eggersberg\/#breadcrumb","itemListElement":[{"@type":"ListItem","position":1,"name":"Startseite","item":"http:\/\/www.lindenhausen.de\/blog\/"},{"@type":"ListItem","position":2,"name":"Hotels die uns gefallen haben","item":"http:\/\/www.lindenhausen.de\/blog\/hotels-die-uns-gefallen-haben\/"},{"@type":"ListItem","position":3,"name":"Hotel Schloss Eggersberg"}]},{"@type":"WebSite","@id":"http:\/\/www.lindenhausen.de\/blog\/#website","url":"http:\/\/www.lindenhausen.de\/blog\/","name":"Lindenhausen-weil Reisen Spa\u00df macht","description":"Reisen und Kreuzfahrten, Reiseberichte, Kreuzfahrtforum","potentialAction":[{"@type":"SearchAction","target":{"@type":"EntryPoint","urlTemplate":"http:\/\/www.lindenhausen.de\/blog\/?s={search_term_string}"},"query-input":"required name=search_term_string"}],"inLanguage":"de"}]}},"_links":{"self":[{"href":"http:\/\/www.lindenhausen.de\/blog\/wp-json\/wp\/v2\/pages\/3724"}],"collection":[{"href":"http:\/\/www.lindenhausen.de\/blog\/wp-json\/wp\/v2\/pages"}],"about":[{"href":"http:\/\/www.lindenhausen.de\/blog\/wp-json\/wp\/v2\/types\/page"}],"author":[{"embeddable":true,"href":"http:\/\/www.lindenhausen.de\/blog\/wp-json\/wp\/v2\/users\/1"}],"replies":[{"embeddable":true,"href":"http:\/\/www.lindenhausen.de\/blog\/wp-json\/wp\/v2\/comments?post=3724"}],"version-history":[{"count":4,"href":"http:\/\/www.lindenhausen.de\/blog\/wp-json\/wp\/v2\/pages\/3724\/revisions"}],"predecessor-version":[{"id":3751,"href":"http:\/\/www.lindenhausen.de\/blog\/wp-json\/wp\/v2\/pages\/3724\/revisions\/3751"}],"up":[{"embeddable":true,"href":"http:\/\/www.lindenhausen.de\/blog\/wp-json\/wp\/v2\/pages\/3743"}],"wp:attachment":[{"href":"http:\/\/www.lindenhausen.de\/blog\/wp-json\/wp\/v2\/media?parent=3724"}],"curies":[{"name":"wp","href":"https:\/\/api.w.org\/{rel}","templated":true}]}}