{"id":3638,"date":"2018-01-27T16:03:56","date_gmt":"2018-01-27T15:03:56","guid":{"rendered":"http:\/\/www.lindenhausen.de\/blog\/?page_id=3638"},"modified":"2018-01-27T16:59:21","modified_gmt":"2018-01-27T15:59:21","slug":"heimreise-und-fazit-20-01-21-01-2018","status":"publish","type":"page","link":"http:\/\/www.lindenhausen.de\/blog\/reiseberichte-costa\/kreuzfahrten-2018\/wir-waren-dort-wo-der-pfeffer-waechst-epilog-09-01-2018\/heimreise-und-fazit-20-01-21-01-2018\/","title":{"rendered":"Heimreise und Fazit 20.01.-21.01.2018"},"content":{"rendered":"<p>8:30 mussten wir unsere Kabine r\u00e4umen, bis 15:30 konnten wir an Bord bleiben. Zum Duschen und umziehen konnte man kostenlos f\u00fcr 1 oder 2 Stunden eine Kabine bekommen. Wir nutzten das nicht, sondern duschten im Spa, wo ja auch alles Notwendige vorhanden war.<\/p>\n<p>St\u00f6rend fand ich das am Vorabend schon Badem\u00e4ntel und vor allem die Poolt\u00fccher wegger\u00e4umt wurden, so nahmen wir halt dann die Duscht\u00fccher mit an Deck.<\/p>\n<p>Wir fr\u00fchst\u00fcckten im Clubrestaurant, fanden dann an Deck eine freie Korbinsel und genossen die letzten Sommermomente. Mittags dann gem\u00fctlich im Club, wir verabschiedeten uns von Maria, die uns die ganze Woche so hervorragend und liebevoll betreut hatte.<\/p>\n<div id='gallery-1' class='gallery galleryid-3638 gallery-columns-4 gallery-size-medium'><figure class='gallery-item'>\n\t\t\t<div class='gallery-icon portrait'>\n\t\t\t\t<a href='http:\/\/www.lindenhausen.de\/blog\/reiseberichte-costa\/kreuzfahrten-2018\/wir-waren-dort-wo-der-pfeffer-waechst-epilog-09-01-2018\/abreise1\/'><img width=\"225\" height=\"300\" src=\"http:\/\/www.lindenhausen.de\/blog\/wp-content\/uploads\/2018\/01\/Abreise1-e1517001098307-225x300.jpg\" class=\"attachment-medium size-medium\" alt=\"\" decoding=\"async\" loading=\"lazy\" srcset=\"http:\/\/www.lindenhausen.de\/blog\/wp-content\/uploads\/2018\/01\/Abreise1-e1517001098307-225x300.jpg 225w, http:\/\/www.lindenhausen.de\/blog\/wp-content\/uploads\/2018\/01\/Abreise1-e1517001098307.jpg 600w\" sizes=\"(max-width: 225px) 100vw, 225px\" \/><\/a>\n\t\t\t<\/div><\/figure><figure class='gallery-item'>\n\t\t\t<div class='gallery-icon landscape'>\n\t\t\t\t<a href='http:\/\/www.lindenhausen.de\/blog\/reiseberichte-costa\/kreuzfahrten-2018\/wir-waren-dort-wo-der-pfeffer-waechst-epilog-09-01-2018\/abreise3\/'><img width=\"300\" height=\"225\" src=\"http:\/\/www.lindenhausen.de\/blog\/wp-content\/uploads\/2018\/01\/Abreise3-e1517000698666-300x225.jpg\" class=\"attachment-medium size-medium\" alt=\"\" decoding=\"async\" loading=\"lazy\" srcset=\"http:\/\/www.lindenhausen.de\/blog\/wp-content\/uploads\/2018\/01\/Abreise3-e1517000698666-300x225.jpg 300w, http:\/\/www.lindenhausen.de\/blog\/wp-content\/uploads\/2018\/01\/Abreise3-e1517000698666-768x576.jpg 768w, http:\/\/www.lindenhausen.de\/blog\/wp-content\/uploads\/2018\/01\/Abreise3-e1517000698666.jpg 800w\" sizes=\"(max-width: 300px) 100vw, 300px\" \/><\/a>\n\t\t\t<\/div><\/figure><figure class='gallery-item'>\n\t\t\t<div class='gallery-icon landscape'>\n\t\t\t\t<a href='http:\/\/www.lindenhausen.de\/blog\/reiseberichte-costa\/kreuzfahrten-2018\/wir-waren-dort-wo-der-pfeffer-waechst-epilog-09-01-2018\/abreise4\/'><img width=\"300\" height=\"225\" src=\"http:\/\/www.lindenhausen.de\/blog\/wp-content\/uploads\/2018\/01\/Abreise4-e1517000186977-300x225.jpg\" class=\"attachment-medium size-medium\" alt=\"\" decoding=\"async\" loading=\"lazy\" srcset=\"http:\/\/www.lindenhausen.de\/blog\/wp-content\/uploads\/2018\/01\/Abreise4-e1517000186977-300x225.jpg 300w, http:\/\/www.lindenhausen.de\/blog\/wp-content\/uploads\/2018\/01\/Abreise4-e1517000186977-768x576.jpg 768w, http:\/\/www.lindenhausen.de\/blog\/wp-content\/uploads\/2018\/01\/Abreise4-e1517000186977.jpg 800w\" sizes=\"(max-width: 300px) 100vw, 300px\" \/><\/a>\n\t\t\t<\/div><\/figure><figure class='gallery-item'>\n\t\t\t<div class='gallery-icon portrait'>\n\t\t\t\t<a href='http:\/\/www.lindenhausen.de\/blog\/reiseberichte-costa\/kreuzfahrten-2018\/wir-waren-dort-wo-der-pfeffer-waechst-epilog-09-01-2018\/abreise2\/'><img width=\"225\" height=\"300\" src=\"http:\/\/www.lindenhausen.de\/blog\/wp-content\/uploads\/2018\/01\/Abreise2-e1517001125844-225x300.jpg\" class=\"attachment-medium size-medium\" alt=\"\" decoding=\"async\" loading=\"lazy\" srcset=\"http:\/\/www.lindenhausen.de\/blog\/wp-content\/uploads\/2018\/01\/Abreise2-e1517001125844-225x300.jpg 225w, http:\/\/www.lindenhausen.de\/blog\/wp-content\/uploads\/2018\/01\/Abreise2-e1517001125844.jpg 600w\" sizes=\"(max-width: 225px) 100vw, 225px\" \/><\/a>\n\t\t\t<\/div><\/figure>\n\t\t<\/div>\n\n<p>Dann war es auch schon so weit und wir verlie\u00dfen die Costa neoClassica, die wir wohl auch nicht wiedersehen werden denn sie wird im M\u00e4rz verkauft.<\/p>\n<p>Dann hie\u00df es 3 Kontrollen zu passieren, die 4. dann am Green Gate. 1 \u00bd Stunden dauerte die Fahrt zum Flughafen, vorbei an Glanz und Elend dieser Stadt.<\/p>\n<div id='gallery-2' class='gallery galleryid-3638 gallery-columns-3 gallery-size-medium'><figure class='gallery-item'>\n\t\t\t<div class='gallery-icon portrait'>\n\t\t\t\t<a href='http:\/\/www.lindenhausen.de\/blog\/reiseberichte-costa\/kreuzfahrten-2018\/wir-waren-dort-wo-der-pfeffer-waechst-epilog-09-01-2018\/abreise5\/'><img width=\"225\" height=\"300\" src=\"http:\/\/www.lindenhausen.de\/blog\/wp-content\/uploads\/2018\/01\/Abreise5-e1517000117306-225x300.jpg\" class=\"attachment-medium size-medium\" alt=\"\" decoding=\"async\" loading=\"lazy\" srcset=\"http:\/\/www.lindenhausen.de\/blog\/wp-content\/uploads\/2018\/01\/Abreise5-e1517000117306-225x300.jpg 225w, http:\/\/www.lindenhausen.de\/blog\/wp-content\/uploads\/2018\/01\/Abreise5-e1517000117306.jpg 600w\" sizes=\"(max-width: 225px) 100vw, 225px\" \/><\/a>\n\t\t\t<\/div><\/figure><figure class='gallery-item'>\n\t\t\t<div class='gallery-icon landscape'>\n\t\t\t\t<a href='http:\/\/www.lindenhausen.de\/blog\/reiseberichte-costa\/kreuzfahrten-2018\/wir-waren-dort-wo-der-pfeffer-waechst-epilog-09-01-2018\/abreise7\/'><img width=\"300\" height=\"225\" src=\"http:\/\/www.lindenhausen.de\/blog\/wp-content\/uploads\/2018\/01\/Abreise7-e1517000065230-300x225.jpg\" class=\"attachment-medium size-medium\" alt=\"\" decoding=\"async\" loading=\"lazy\" srcset=\"http:\/\/www.lindenhausen.de\/blog\/wp-content\/uploads\/2018\/01\/Abreise7-e1517000065230-300x225.jpg 300w, http:\/\/www.lindenhausen.de\/blog\/wp-content\/uploads\/2018\/01\/Abreise7-e1517000065230-768x576.jpg 768w, http:\/\/www.lindenhausen.de\/blog\/wp-content\/uploads\/2018\/01\/Abreise7-e1517000065230.jpg 800w\" sizes=\"(max-width: 300px) 100vw, 300px\" \/><\/a>\n\t\t\t<\/div><\/figure><figure class='gallery-item'>\n\t\t\t<div class='gallery-icon landscape'>\n\t\t\t\t<a href='http:\/\/www.lindenhausen.de\/blog\/reiseberichte-costa\/kreuzfahrten-2018\/wir-waren-dort-wo-der-pfeffer-waechst-epilog-09-01-2018\/abreise6\/'><img width=\"300\" height=\"225\" src=\"http:\/\/www.lindenhausen.de\/blog\/wp-content\/uploads\/2018\/01\/Abreise6-300x225.jpg\" class=\"attachment-medium size-medium\" alt=\"\" decoding=\"async\" loading=\"lazy\" srcset=\"http:\/\/www.lindenhausen.de\/blog\/wp-content\/uploads\/2018\/01\/Abreise6-300x225.jpg 300w, http:\/\/www.lindenhausen.de\/blog\/wp-content\/uploads\/2018\/01\/Abreise6-768x576.jpg 768w, http:\/\/www.lindenhausen.de\/blog\/wp-content\/uploads\/2018\/01\/Abreise6.jpg 800w\" sizes=\"(max-width: 300px) 100vw, 300px\" \/><\/a>\n\t\t\t<\/div><\/figure>\n\t\t<\/div>\n\n<p>Am Flughafen brachten uns Costa Mitarbeiter durch die erste Kontrolle bis zum Abfertigungsschalter.<\/p>\n<p>Schnell hatten wir die Flugtickets in der Hand, waren die Koffer weg und wir konnten uns den n\u00e4chsten Kontrollen zuwenden.<\/p>\n<p>Eine Kontrolle beim Betreten des Sicherheitsbereiches, dann eine sehr ausgiebige Handgep\u00e4ckkontrolle die mit einem Stempel auf der Bordkarte quittiert wird. Danach die Passkontrolle und wieder ein Stempel auf die Bordkarte.<\/p>\n<p>Beim Boarding wieder eine Passkontrolle und bei Einsteigen ins Flugzeug wurden die Stempel auf dem Bordingpass kontrolliert. Jemand aus unserer Gruppe hatte den blauen Stempel nicht, was dazu f\u00fchrte, dass sie unter Begleitung von 2 Polizisten bis zur Zollkontrolle zur\u00fcck musste um sich den fehlenden Stempel zu holen. Es nervte ungemein und wird mich wohl in n\u00e4chster Zeit von Einreisen nach Indien abhalten.<\/p>\n<p><a href=\"http:\/\/www.lindenhausen.de\/blog\/wp-content\/uploads\/2018\/01\/Abreise8-e1517000048693.jpg\"><img decoding=\"async\" loading=\"lazy\" class=\"aligncenter size-medium wp-image-3265\" src=\"http:\/\/www.lindenhausen.de\/blog\/wp-content\/uploads\/2018\/01\/Abreise8-e1517000048693-225x300.jpg\" alt=\"\" width=\"225\" height=\"300\" srcset=\"http:\/\/www.lindenhausen.de\/blog\/wp-content\/uploads\/2018\/01\/Abreise8-e1517000048693-225x300.jpg 225w, http:\/\/www.lindenhausen.de\/blog\/wp-content\/uploads\/2018\/01\/Abreise8-e1517000048693.jpg 600w\" sizes=\"(max-width: 225px) 100vw, 225px\" \/><\/a><\/p>\n<p>Der Flug nach Abu Dhabi war ruhig, wir hatten leider Pl\u00e4tze in der Mitte sodass wir auch keinen Blick nach drau\u00dfen werfen konnten. Also einen Film geschaut und schon waren wir wieder im Landeanflug. Die Kontrollen in Abu Dhabi gingen diesmal deutlich schneller, die 2 Stunden bis zum Boarding nutze ich zum Einkaufen.<\/p>\n<p>&nbsp;<\/p>\n<p><a href=\"http:\/\/www.lindenhausen.de\/blog\/wp-content\/uploads\/2018\/01\/Abreise9-e1517000027849.jpg\"><img decoding=\"async\" loading=\"lazy\" class=\"aligncenter size-medium wp-image-3266\" src=\"http:\/\/www.lindenhausen.de\/blog\/wp-content\/uploads\/2018\/01\/Abreise9-e1517000027849-300x169.jpg\" alt=\"\" width=\"300\" height=\"169\" srcset=\"http:\/\/www.lindenhausen.de\/blog\/wp-content\/uploads\/2018\/01\/Abreise9-e1517000027849-300x169.jpg 300w, http:\/\/www.lindenhausen.de\/blog\/wp-content\/uploads\/2018\/01\/Abreise9-e1517000027849-768x432.jpg 768w, http:\/\/www.lindenhausen.de\/blog\/wp-content\/uploads\/2018\/01\/Abreise9-e1517000027849-1024x576.jpg 1024w, http:\/\/www.lindenhausen.de\/blog\/wp-content\/uploads\/2018\/01\/Abreise9-e1517000027849.jpg 1066w\" sizes=\"(max-width: 300px) 100vw, 300px\" \/><\/a><\/p>\n<p>Den Flug nach Frankfurt verschlief ich, In Frankfurt ging alles recht schnell, 6:40 gelandet sa\u00dfen wir 8:02 schon im ICE nach Regensburg.<\/p>\n<p>&nbsp;<\/p>\n<p>&nbsp;<\/p>\n<p>Fazit:<\/p>\n<p>Eine sehr sch\u00f6ne Reise mit Ecken und Kanten die den politischen und sozialen Verh\u00e4ltnissen vor Ort geschuldet sind.<\/p>\n<p>Die Betreuung von Costa war gut, allerdings kann Costa nichts an W\u00e4rme, B\u00fcrokratie, Staus und \u00e4hnlichem Unbill \u00e4ndern.<\/p>\n<p>Manchem Mitreisenden h\u00e4tte ein wenig Vorbereitung gutgetan.<\/p>\n<p>Einer der Aufreger bei G\u00e4sten war die Anwesenheit von 200-300 Indern. Ich pers\u00f6nlich fand es schon ganz gut mal mit Einheimischen in Kontakt zu kommen und habe die Menschen als laut, fr\u00f6hlich und freundlich empfunden. \u00dcbrigens sind deutsche G\u00e4ste im \u201eRudel\u201c auch nicht leise \ud83d\ude09<\/p>\n<p>Der Service an Bord war gut bis sehr gut, es gab Getr\u00e4nkeservice im B\u00fcffetrestaurant, man wurde am Pool Deck mit Getr\u00e4nken versorgt und ich hatte nie l\u00e4ngere Wartezeiten.<\/p>\n<p>Im Clubteil des Restaurants war der Service ausgezeichnet zu nennen, hier geht mein Dank an Maria die einfach gut, liebensw\u00fcrdig und umsichtig war und an den F&amp;B Supervisor Pushpendra Shukla<\/p>\n<p>Das Essen war in der Qualit\u00e4t gut aber ein wenig ungew\u00fcrzt. Umso sch\u00f6ner das sich auch immer indische Gerichte auf der Karte fanden, zubereitet von einem indischen Koch der sein Handwerk verstand.<\/p>\n<p>Kabinenservice gut, wir hatten zwar ein Schreiben auf dem Zimmer mit der Frage wann wir einmal am Tag Service w\u00fcnschen, aber die Kabine wurde dennoch 2-mal am Tag gerichtet. Allerdings machten da Mitreisende auch andere Erfahrungen.<\/p>\n<p>Die gebuchten Ausfl\u00fcge waren \u00fcberraschend gut, ich habe es genossen mal keine Verantwortung zu haben.<\/p>\n<p>Die Kabine (au\u00dfen Premium) war kleiner wie gewohnt, es gab nur einen Stuhl am Schreibtisch, keinen kleinen Tisch, kein Sofa, Also Fr\u00fchst\u00fcck auf der Kabine h\u00e4tte so nicht funktioniert.<\/p>\n<p>Die Costa neoClassica war gut gepflegt aber ist nun mal kein neues Schiff was sich z.b. in der Ger\u00e4uschkulisse der Klimaanlage und der Hellh\u00f6rigkeit zu den Nachbarkabinen bemerkbar machte<\/p>\n<p>Julia die deutschsprachige Hostess war aufmerksam, rief auch am zweiten Tag an um nachzufragen ob alles in Ordnung ist.<\/p>\n<p>Keine Wartezeiten an der Rezeption, nur am Ausflugsschalter, den wir aber nicht nutzen da man die Ausfl\u00fcge ja bequem am Automaten buchen kann.<\/p>\n<p>Das einzige Problem, die Toilettensp\u00fclung wollte nicht funktionieren, wurde schnell behoben.<\/p>\n<p>Die weite An-und Abreise ist anstrengend, vor allem mit dem klimatischen Unterschied aber das wussten wir vorher.<\/p>\n<p>Beste Reisezeit Nov-Feb, trocken, nicht zu hei\u00df und fast keine M\u00fccken.<\/p>\n<p>F\u00fcr den Backwater Ausflug w\u00fcrde ich M\u00fcckenschutz empfehlen, es waren nicht viele aber man kann ja nie wissen\u2026\u2026<\/p>\n<p>Man sollte viel Geduld mitbringen was die indische B\u00fcrokratie anbelangt und es w\u00e4re gut den Costa Mitarbeitern zuzuh\u00f6ren denn es gab immer wieder Mitreisende die ihre Papiere nicht komplett hatten.<\/p>\n<p>F\u00fcr diese Reise war das etwas kleinere Schiff genau richtig, nicht zuviele Menschen beim Tendern, etwas ruhiger nach anstrengenden Ausfl\u00fcgen\u2026..<\/p>\n<p>Schade das die Costa neoClassica die Flotte verl\u00e4sst, das Schiff ist zwar ungewohnt anders als die Costa Schiffe, hat mir aber dennoch gefallen. Aber f\u00fcr Menschen mit Handicap schwierig, viele Treppen und sehr verwinkelt.<\/p>\n<p><a href=\"http:\/\/www.lindenhausen.de\/blog\/schiffe\/costa-neoclassica\/\" target=\"_blank\" rel=\"noopener\">Zu den Schiffsbildern geht es hier entlang<\/a><\/p>\n<p>Zur\u00fcckgelegte Distanz: 4.268,66 km\/2.304,89 sm<\/p>\n<p>Kapit\u00e4n Stefano Boccaccio<\/p>\n<p>&nbsp;<\/p>\n<p>&nbsp;<\/p>\n<p>&nbsp;<\/p>\n<p>&nbsp;<\/p>\n<p>&nbsp;<\/p>\n<p>&nbsp;<\/p>\n<p>&nbsp;<\/p>\n<p>&nbsp;<\/p>\n<p>&nbsp;<\/p>\n","protected":false},"excerpt":{"rendered":"<p>8:30 mussten wir unsere Kabine r\u00e4umen, bis 15:30 konnten wir an Bord bleiben. Zum Duschen und umziehen konnte man kostenlos f\u00fcr 1 oder 2 Stunden eine Kabine bekommen. Wir nutzten das nicht, sondern duschten im Spa, wo ja auch alles Notwendige vorhanden war. St\u00f6rend fand ich das am Vorabend schon Badem\u00e4ntel und vor allem die &hellip; <a href=\"http:\/\/www.lindenhausen.de\/blog\/reiseberichte-costa\/kreuzfahrten-2018\/wir-waren-dort-wo-der-pfeffer-waechst-epilog-09-01-2018\/heimreise-und-fazit-20-01-21-01-2018\/\" class=\"more-link\"><span class=\"screen-reader-text\">Heimreise und Fazit 20.01.-21.01.2018<\/span> weiterlesen <span class=\"meta-nav\">&rarr;<\/span><\/a><\/p>\n","protected":false},"author":1,"featured_media":0,"parent":3257,"menu_order":16,"comment_status":"closed","ping_status":"closed","template":"","meta":{"_monsterinsights_skip_tracking":false,"_monsterinsights_sitenote_active":false,"_monsterinsights_sitenote_note":"","_monsterinsights_sitenote_category":0},"yoast_head":"<!-- This site is optimized with the Yoast SEO plugin v21.0 - https:\/\/yoast.com\/wordpress\/plugins\/seo\/ -->\n<title>Heimreise und Fazit 20.01.-21.01.2018 - Lindenhausen-weil Reisen Spa\u00df macht<\/title>\n<meta name=\"robots\" content=\"index, follow, max-snippet:-1, max-image-preview:large, max-video-preview:-1\" \/>\n<link rel=\"canonical\" href=\"http:\/\/www.lindenhausen.de\/blog\/reiseberichte-costa\/kreuzfahrten-2018\/wir-waren-dort-wo-der-pfeffer-waechst-epilog-09-01-2018\/heimreise-und-fazit-20-01-21-01-2018\/\" \/>\n<meta property=\"og:locale\" content=\"de_DE\" \/>\n<meta property=\"og:type\" content=\"article\" \/>\n<meta property=\"og:title\" content=\"Heimreise und Fazit 20.01.-21.01.2018 - Lindenhausen-weil Reisen Spa\u00df macht\" \/>\n<meta property=\"og:description\" content=\"8:30 mussten wir unsere Kabine r\u00e4umen, bis 15:30 konnten wir an Bord bleiben. Zum Duschen und umziehen konnte man kostenlos f\u00fcr 1 oder 2 Stunden eine Kabine bekommen. Wir nutzten das nicht, sondern duschten im Spa, wo ja auch alles Notwendige vorhanden war. St\u00f6rend fand ich das am Vorabend schon Badem\u00e4ntel und vor allem die &hellip; Heimreise und Fazit 20.01.-21.01.2018 weiterlesen &rarr;\" \/>\n<meta property=\"og:url\" content=\"http:\/\/www.lindenhausen.de\/blog\/reiseberichte-costa\/kreuzfahrten-2018\/wir-waren-dort-wo-der-pfeffer-waechst-epilog-09-01-2018\/heimreise-und-fazit-20-01-21-01-2018\/\" \/>\n<meta property=\"og:site_name\" content=\"Lindenhausen-weil Reisen Spa\u00df macht\" \/>\n<meta property=\"article:publisher\" content=\"http:\/\/www.facebook.com\/Lindenhausen\/\" \/>\n<meta property=\"article:modified_time\" content=\"2018-01-27T15:59:21+00:00\" \/>\n<meta property=\"og:image\" content=\"http:\/\/www.lindenhausen.de\/blog\/wp-content\/uploads\/2018\/01\/Abreise1-e1517001098307-225x300.jpg\" \/>\n<meta name=\"twitter:card\" content=\"summary_large_image\" \/>\n<meta name=\"twitter:site\" content=\"@Maxilinde\" \/>\n<meta name=\"twitter:label1\" content=\"Gesch\u00e4tzte Lesezeit\" \/>\n\t<meta name=\"twitter:data1\" content=\"5\u00a0Minuten\" \/>\n<script type=\"application\/ld+json\" class=\"yoast-schema-graph\">{\"@context\":\"https:\/\/schema.org\",\"@graph\":[{\"@type\":\"WebPage\",\"@id\":\"http:\/\/www.lindenhausen.de\/blog\/reiseberichte-costa\/kreuzfahrten-2018\/wir-waren-dort-wo-der-pfeffer-waechst-epilog-09-01-2018\/heimreise-und-fazit-20-01-21-01-2018\/\",\"url\":\"http:\/\/www.lindenhausen.de\/blog\/reiseberichte-costa\/kreuzfahrten-2018\/wir-waren-dort-wo-der-pfeffer-waechst-epilog-09-01-2018\/heimreise-und-fazit-20-01-21-01-2018\/\",\"name\":\"Heimreise und Fazit 20.01.-21.01.2018 - Lindenhausen-weil Reisen Spa\u00df macht\",\"isPartOf\":{\"@id\":\"https:\/\/www.lindenhausen.de\/blog\/#website\"},\"datePublished\":\"2018-01-27T15:03:56+00:00\",\"dateModified\":\"2018-01-27T15:59:21+00:00\",\"breadcrumb\":{\"@id\":\"http:\/\/www.lindenhausen.de\/blog\/reiseberichte-costa\/kreuzfahrten-2018\/wir-waren-dort-wo-der-pfeffer-waechst-epilog-09-01-2018\/heimreise-und-fazit-20-01-21-01-2018\/#breadcrumb\"},\"inLanguage\":\"de\",\"potentialAction\":[{\"@type\":\"ReadAction\",\"target\":[\"http:\/\/www.lindenhausen.de\/blog\/reiseberichte-costa\/kreuzfahrten-2018\/wir-waren-dort-wo-der-pfeffer-waechst-epilog-09-01-2018\/heimreise-und-fazit-20-01-21-01-2018\/\"]}]},{\"@type\":\"BreadcrumbList\",\"@id\":\"http:\/\/www.lindenhausen.de\/blog\/reiseberichte-costa\/kreuzfahrten-2018\/wir-waren-dort-wo-der-pfeffer-waechst-epilog-09-01-2018\/heimreise-und-fazit-20-01-21-01-2018\/#breadcrumb\",\"itemListElement\":[{\"@type\":\"ListItem\",\"position\":1,\"name\":\"Startseite\",\"item\":\"https:\/\/www.lindenhausen.de\/blog\/\"},{\"@type\":\"ListItem\",\"position\":2,\"name\":\"Reiseberichte Costa Kreuzfahrten\",\"item\":\"http:\/\/www.lindenhausen.de\/blog\/reiseberichte-costa\/\"},{\"@type\":\"ListItem\",\"position\":3,\"name\":\"Kreuzfahrten 2018\",\"item\":\"http:\/\/www.lindenhausen.de\/blog\/reiseberichte-costa\/kreuzfahrten-2018\/\"},{\"@type\":\"ListItem\",\"position\":4,\"name\":\"Wir waren dort wo der Pfeffer w\u00e4chst\u2026\u2026 Epilog-09.01.2018\",\"item\":\"http:\/\/www.lindenhausen.de\/blog\/reiseberichte-costa\/kreuzfahrten-2018\/wir-waren-dort-wo-der-pfeffer-waechst-epilog-09-01-2018\/\"},{\"@type\":\"ListItem\",\"position\":5,\"name\":\"Heimreise und Fazit 20.01.-21.01.2018\"}]},{\"@type\":\"WebSite\",\"@id\":\"https:\/\/www.lindenhausen.de\/blog\/#website\",\"url\":\"https:\/\/www.lindenhausen.de\/blog\/\",\"name\":\"Lindenhausen-weil Reisen Spa\u00df macht\",\"description\":\"Reisen und Kreuzfahrten, Reiseberichte, Kreuzfahrtforum\",\"potentialAction\":[{\"@type\":\"SearchAction\",\"target\":{\"@type\":\"EntryPoint\",\"urlTemplate\":\"https:\/\/www.lindenhausen.de\/blog\/?s={search_term_string}\"},\"query-input\":\"required name=search_term_string\"}],\"inLanguage\":\"de\"}]}<\/script>\n<!-- \/ Yoast SEO plugin. -->","yoast_head_json":{"title":"Heimreise und Fazit 20.01.-21.01.2018 - Lindenhausen-weil Reisen Spa\u00df macht","robots":{"index":"index","follow":"follow","max-snippet":"max-snippet:-1","max-image-preview":"max-image-preview:large","max-video-preview":"max-video-preview:-1"},"canonical":"http:\/\/www.lindenhausen.de\/blog\/reiseberichte-costa\/kreuzfahrten-2018\/wir-waren-dort-wo-der-pfeffer-waechst-epilog-09-01-2018\/heimreise-und-fazit-20-01-21-01-2018\/","og_locale":"de_DE","og_type":"article","og_title":"Heimreise und Fazit 20.01.-21.01.2018 - Lindenhausen-weil Reisen Spa\u00df macht","og_description":"8:30 mussten wir unsere Kabine r\u00e4umen, bis 15:30 konnten wir an Bord bleiben. Zum Duschen und umziehen konnte man kostenlos f\u00fcr 1 oder 2 Stunden eine Kabine bekommen. Wir nutzten das nicht, sondern duschten im Spa, wo ja auch alles Notwendige vorhanden war. St\u00f6rend fand ich das am Vorabend schon Badem\u00e4ntel und vor allem die &hellip; Heimreise und Fazit 20.01.-21.01.2018 weiterlesen &rarr;","og_url":"http:\/\/www.lindenhausen.de\/blog\/reiseberichte-costa\/kreuzfahrten-2018\/wir-waren-dort-wo-der-pfeffer-waechst-epilog-09-01-2018\/heimreise-und-fazit-20-01-21-01-2018\/","og_site_name":"Lindenhausen-weil Reisen Spa\u00df macht","article_publisher":"http:\/\/www.facebook.com\/Lindenhausen\/","article_modified_time":"2018-01-27T15:59:21+00:00","og_image":[{"url":"http:\/\/www.lindenhausen.de\/blog\/wp-content\/uploads\/2018\/01\/Abreise1-e1517001098307-225x300.jpg"}],"twitter_card":"summary_large_image","twitter_site":"@Maxilinde","twitter_misc":{"Gesch\u00e4tzte Lesezeit":"5\u00a0Minuten"},"schema":{"@context":"https:\/\/schema.org","@graph":[{"@type":"WebPage","@id":"http:\/\/www.lindenhausen.de\/blog\/reiseberichte-costa\/kreuzfahrten-2018\/wir-waren-dort-wo-der-pfeffer-waechst-epilog-09-01-2018\/heimreise-und-fazit-20-01-21-01-2018\/","url":"http:\/\/www.lindenhausen.de\/blog\/reiseberichte-costa\/kreuzfahrten-2018\/wir-waren-dort-wo-der-pfeffer-waechst-epilog-09-01-2018\/heimreise-und-fazit-20-01-21-01-2018\/","name":"Heimreise und Fazit 20.01.-21.01.2018 - Lindenhausen-weil Reisen Spa\u00df macht","isPartOf":{"@id":"https:\/\/www.lindenhausen.de\/blog\/#website"},"datePublished":"2018-01-27T15:03:56+00:00","dateModified":"2018-01-27T15:59:21+00:00","breadcrumb":{"@id":"http:\/\/www.lindenhausen.de\/blog\/reiseberichte-costa\/kreuzfahrten-2018\/wir-waren-dort-wo-der-pfeffer-waechst-epilog-09-01-2018\/heimreise-und-fazit-20-01-21-01-2018\/#breadcrumb"},"inLanguage":"de","potentialAction":[{"@type":"ReadAction","target":["http:\/\/www.lindenhausen.de\/blog\/reiseberichte-costa\/kreuzfahrten-2018\/wir-waren-dort-wo-der-pfeffer-waechst-epilog-09-01-2018\/heimreise-und-fazit-20-01-21-01-2018\/"]}]},{"@type":"BreadcrumbList","@id":"http:\/\/www.lindenhausen.de\/blog\/reiseberichte-costa\/kreuzfahrten-2018\/wir-waren-dort-wo-der-pfeffer-waechst-epilog-09-01-2018\/heimreise-und-fazit-20-01-21-01-2018\/#breadcrumb","itemListElement":[{"@type":"ListItem","position":1,"name":"Startseite","item":"https:\/\/www.lindenhausen.de\/blog\/"},{"@type":"ListItem","position":2,"name":"Reiseberichte Costa Kreuzfahrten","item":"http:\/\/www.lindenhausen.de\/blog\/reiseberichte-costa\/"},{"@type":"ListItem","position":3,"name":"Kreuzfahrten 2018","item":"http:\/\/www.lindenhausen.de\/blog\/reiseberichte-costa\/kreuzfahrten-2018\/"},{"@type":"ListItem","position":4,"name":"Wir waren dort wo der Pfeffer w\u00e4chst\u2026\u2026 Epilog-09.01.2018","item":"http:\/\/www.lindenhausen.de\/blog\/reiseberichte-costa\/kreuzfahrten-2018\/wir-waren-dort-wo-der-pfeffer-waechst-epilog-09-01-2018\/"},{"@type":"ListItem","position":5,"name":"Heimreise und Fazit 20.01.-21.01.2018"}]},{"@type":"WebSite","@id":"https:\/\/www.lindenhausen.de\/blog\/#website","url":"https:\/\/www.lindenhausen.de\/blog\/","name":"Lindenhausen-weil Reisen Spa\u00df macht","description":"Reisen und Kreuzfahrten, Reiseberichte, Kreuzfahrtforum","potentialAction":[{"@type":"SearchAction","target":{"@type":"EntryPoint","urlTemplate":"https:\/\/www.lindenhausen.de\/blog\/?s={search_term_string}"},"query-input":"required name=search_term_string"}],"inLanguage":"de"}]}},"_links":{"self":[{"href":"http:\/\/www.lindenhausen.de\/blog\/wp-json\/wp\/v2\/pages\/3638"}],"collection":[{"href":"http:\/\/www.lindenhausen.de\/blog\/wp-json\/wp\/v2\/pages"}],"about":[{"href":"http:\/\/www.lindenhausen.de\/blog\/wp-json\/wp\/v2\/types\/page"}],"author":[{"embeddable":true,"href":"http:\/\/www.lindenhausen.de\/blog\/wp-json\/wp\/v2\/users\/1"}],"replies":[{"embeddable":true,"href":"http:\/\/www.lindenhausen.de\/blog\/wp-json\/wp\/v2\/comments?post=3638"}],"version-history":[{"count":2,"href":"http:\/\/www.lindenhausen.de\/blog\/wp-json\/wp\/v2\/pages\/3638\/revisions"}],"predecessor-version":[{"id":3721,"href":"http:\/\/www.lindenhausen.de\/blog\/wp-json\/wp\/v2\/pages\/3638\/revisions\/3721"}],"up":[{"embeddable":true,"href":"http:\/\/www.lindenhausen.de\/blog\/wp-json\/wp\/v2\/pages\/3257"}],"wp:attachment":[{"href":"http:\/\/www.lindenhausen.de\/blog\/wp-json\/wp\/v2\/media?parent=3638"}],"curies":[{"name":"wp","href":"https:\/\/api.w.org\/{rel}","templated":true}]}}