{"id":3626,"date":"2018-01-27T14:37:54","date_gmt":"2018-01-27T13:37:54","guid":{"rendered":"http:\/\/www.lindenhausen.de\/blog\/?page_id=3626"},"modified":"2018-01-27T16:27:45","modified_gmt":"2018-01-27T15:27:45","slug":"see-tag-15-01-2018","status":"publish","type":"page","link":"http:\/\/www.lindenhausen.de\/blog\/reiseberichte-costa\/kreuzfahrten-2018\/wir-waren-dort-wo-der-pfeffer-waechst-epilog-09-01-2018\/see-tag-15-01-2018\/","title":{"rendered":"See Tag 15.01.2018"},"content":{"rendered":"<p>Was gibt es zu sagen? Essen, Sport, Schlafen, Baden, ein ausgiebiger Schiffsrundgang und zum Abendessen eine sch\u00f6ne Idee zu 70 Jahre Costa, es gibt eine extra Speisekarte daf\u00fcr die keine W\u00fcnsche offenl\u00e4sst. Von der Tortenparade bekamen wir nichts mit, wir waren zur falschen Zeit zum Essen.<\/p>\n<p>Gala Abend, wir besuchten den Offiziersball und tanzten ein paar Runden, trafen das nette P\u00e4rchen von den Maldivenausfl\u00fcgen und unterhielten uns gut.<\/p>\n<p>14 Tage sind eine sch\u00f6ne Reisezeit, irgendwie habe ich es geschafft schon ein ganzes Buch zu lesen.<\/p>\n<div id='gallery-1' class='gallery galleryid-3626 gallery-columns-2 gallery-size-medium'><figure class='gallery-item'>\n\t\t\t<div class='gallery-icon portrait'>\n\t\t\t\t<a href='http:\/\/www.lindenhausen.de\/blog\/reiseberichte-costa\/kreuzfahrten-2018\/wir-waren-dort-wo-der-pfeffer-waechst-epilog-09-01-2018\/see3-3\/'><img width=\"169\" height=\"300\" src=\"http:\/\/www.lindenhausen.de\/blog\/wp-content\/uploads\/2018\/01\/See3.3-e1517000624846-169x300.jpg\" class=\"attachment-medium size-medium\" alt=\"\" decoding=\"async\" loading=\"lazy\" srcset=\"http:\/\/www.lindenhausen.de\/blog\/wp-content\/uploads\/2018\/01\/See3.3-e1517000624846-169x300.jpg 169w, http:\/\/www.lindenhausen.de\/blog\/wp-content\/uploads\/2018\/01\/See3.3-e1517000624846-576x1024.jpg 576w, http:\/\/www.lindenhausen.de\/blog\/wp-content\/uploads\/2018\/01\/See3.3-e1517000624846.jpg 600w\" sizes=\"(max-width: 169px) 100vw, 169px\" \/><\/a>\n\t\t\t<\/div><\/figure><figure class='gallery-item'>\n\t\t\t<div class='gallery-icon portrait'>\n\t\t\t\t<a href='http:\/\/www.lindenhausen.de\/blog\/reiseberichte-costa\/kreuzfahrten-2018\/wir-waren-dort-wo-der-pfeffer-waechst-epilog-09-01-2018\/see4-6\/'><img width=\"169\" height=\"300\" src=\"http:\/\/www.lindenhausen.de\/blog\/wp-content\/uploads\/2018\/01\/See4.6-e1517000538465-169x300.jpg\" class=\"attachment-medium size-medium\" alt=\"\" decoding=\"async\" loading=\"lazy\" srcset=\"http:\/\/www.lindenhausen.de\/blog\/wp-content\/uploads\/2018\/01\/See4.6-e1517000538465-169x300.jpg 169w, http:\/\/www.lindenhausen.de\/blog\/wp-content\/uploads\/2018\/01\/See4.6-e1517000538465-576x1024.jpg 576w, http:\/\/www.lindenhausen.de\/blog\/wp-content\/uploads\/2018\/01\/See4.6-e1517000538465.jpg 600w\" sizes=\"(max-width: 169px) 100vw, 169px\" \/><\/a>\n\t\t\t<\/div><\/figure>\n\t\t<\/div>\n\n<p><a href=\"http:\/\/www.lindenhausen.de\/blog\/reiseberichte-costa\/kreuzfahrten-2018\/wir-waren-dort-wo-der-pfeffer-waechst-epilog-09-01-2018\/colombo-16-01-2018\/\">weiter<\/a><\/p>\n","protected":false},"excerpt":{"rendered":"<p>Was gibt es zu sagen? Essen, Sport, Schlafen, Baden, ein ausgiebiger Schiffsrundgang und zum Abendessen eine sch\u00f6ne Idee zu 70 Jahre Costa, es gibt eine extra Speisekarte daf\u00fcr die keine W\u00fcnsche offenl\u00e4sst. Von der Tortenparade bekamen wir nichts mit, wir waren zur falschen Zeit zum Essen. Gala Abend, wir besuchten den Offiziersball und tanzten ein &hellip; <a href=\"http:\/\/www.lindenhausen.de\/blog\/reiseberichte-costa\/kreuzfahrten-2018\/wir-waren-dort-wo-der-pfeffer-waechst-epilog-09-01-2018\/see-tag-15-01-2018\/\" class=\"more-link\"><span class=\"screen-reader-text\">See Tag 15.01.2018<\/span> weiterlesen <span class=\"meta-nav\">&rarr;<\/span><\/a><\/p>\n","protected":false},"author":1,"featured_media":0,"parent":3257,"menu_order":11,"comment_status":"closed","ping_status":"closed","template":"","meta":{"_monsterinsights_skip_tracking":false,"_monsterinsights_sitenote_active":false,"_monsterinsights_sitenote_note":"","_monsterinsights_sitenote_category":0},"yoast_head":"<!-- This site is optimized with the Yoast SEO plugin v21.0 - https:\/\/yoast.com\/wordpress\/plugins\/seo\/ -->\n<title>See Tag 15.01.2018 - Lindenhausen-weil Reisen Spa\u00df macht<\/title>\n<meta name=\"description\" content=\"Seetag, Costa, Costa Kreuzfahrt, Indien, Costa neoClassica, Kreuzfahrtforum, Reisebericht\" \/>\n<meta name=\"robots\" content=\"index, follow, max-snippet:-1, max-image-preview:large, max-video-preview:-1\" \/>\n<link rel=\"canonical\" href=\"http:\/\/www.lindenhausen.de\/blog\/reiseberichte-costa\/kreuzfahrten-2018\/wir-waren-dort-wo-der-pfeffer-waechst-epilog-09-01-2018\/see-tag-15-01-2018\/\" \/>\n<meta property=\"og:locale\" content=\"de_DE\" \/>\n<meta property=\"og:type\" content=\"article\" \/>\n<meta property=\"og:title\" content=\"See Tag 15.01.2018 - Lindenhausen-weil Reisen Spa\u00df macht\" \/>\n<meta property=\"og:description\" content=\"Seetag, Costa, Costa Kreuzfahrt, Indien, Costa neoClassica, Kreuzfahrtforum, Reisebericht\" \/>\n<meta property=\"og:url\" content=\"http:\/\/www.lindenhausen.de\/blog\/reiseberichte-costa\/kreuzfahrten-2018\/wir-waren-dort-wo-der-pfeffer-waechst-epilog-09-01-2018\/see-tag-15-01-2018\/\" \/>\n<meta property=\"og:site_name\" content=\"Lindenhausen-weil Reisen Spa\u00df macht\" \/>\n<meta property=\"article:publisher\" content=\"http:\/\/www.facebook.com\/Lindenhausen\/\" \/>\n<meta property=\"article:modified_time\" content=\"2018-01-27T15:27:45+00:00\" \/>\n<meta property=\"og:image\" content=\"http:\/\/www.lindenhausen.de\/blog\/wp-content\/uploads\/2018\/01\/See3.3-e1517000624846-169x300.jpg\" \/>\n<meta name=\"twitter:card\" content=\"summary_large_image\" \/>\n<meta name=\"twitter:site\" content=\"@Maxilinde\" \/>\n<script type=\"application\/ld+json\" class=\"yoast-schema-graph\">{\"@context\":\"https:\/\/schema.org\",\"@graph\":[{\"@type\":\"WebPage\",\"@id\":\"http:\/\/www.lindenhausen.de\/blog\/reiseberichte-costa\/kreuzfahrten-2018\/wir-waren-dort-wo-der-pfeffer-waechst-epilog-09-01-2018\/see-tag-15-01-2018\/\",\"url\":\"http:\/\/www.lindenhausen.de\/blog\/reiseberichte-costa\/kreuzfahrten-2018\/wir-waren-dort-wo-der-pfeffer-waechst-epilog-09-01-2018\/see-tag-15-01-2018\/\",\"name\":\"See Tag 15.01.2018 - Lindenhausen-weil Reisen Spa\u00df macht\",\"isPartOf\":{\"@id\":\"http:\/\/www.lindenhausen.de\/blog\/#website\"},\"datePublished\":\"2018-01-27T13:37:54+00:00\",\"dateModified\":\"2018-01-27T15:27:45+00:00\",\"description\":\"Seetag, Costa, Costa Kreuzfahrt, Indien, Costa neoClassica, Kreuzfahrtforum, Reisebericht\",\"breadcrumb\":{\"@id\":\"http:\/\/www.lindenhausen.de\/blog\/reiseberichte-costa\/kreuzfahrten-2018\/wir-waren-dort-wo-der-pfeffer-waechst-epilog-09-01-2018\/see-tag-15-01-2018\/#breadcrumb\"},\"inLanguage\":\"de\",\"potentialAction\":[{\"@type\":\"ReadAction\",\"target\":[\"http:\/\/www.lindenhausen.de\/blog\/reiseberichte-costa\/kreuzfahrten-2018\/wir-waren-dort-wo-der-pfeffer-waechst-epilog-09-01-2018\/see-tag-15-01-2018\/\"]}]},{\"@type\":\"BreadcrumbList\",\"@id\":\"http:\/\/www.lindenhausen.de\/blog\/reiseberichte-costa\/kreuzfahrten-2018\/wir-waren-dort-wo-der-pfeffer-waechst-epilog-09-01-2018\/see-tag-15-01-2018\/#breadcrumb\",\"itemListElement\":[{\"@type\":\"ListItem\",\"position\":1,\"name\":\"Startseite\",\"item\":\"http:\/\/www.lindenhausen.de\/blog\/\"},{\"@type\":\"ListItem\",\"position\":2,\"name\":\"Reiseberichte Costa Kreuzfahrten\",\"item\":\"https:\/\/www.lindenhausen.de\/blog\/reiseberichte-costa\/\"},{\"@type\":\"ListItem\",\"position\":3,\"name\":\"Kreuzfahrten 2018\",\"item\":\"http:\/\/www.lindenhausen.de\/blog\/reiseberichte-costa\/kreuzfahrten-2018\/\"},{\"@type\":\"ListItem\",\"position\":4,\"name\":\"Wir waren dort wo der Pfeffer w\u00e4chst\u2026\u2026 Epilog-09.01.2018\",\"item\":\"http:\/\/www.lindenhausen.de\/blog\/reiseberichte-costa\/kreuzfahrten-2018\/wir-waren-dort-wo-der-pfeffer-waechst-epilog-09-01-2018\/\"},{\"@type\":\"ListItem\",\"position\":5,\"name\":\"See Tag 15.01.2018\"}]},{\"@type\":\"WebSite\",\"@id\":\"http:\/\/www.lindenhausen.de\/blog\/#website\",\"url\":\"http:\/\/www.lindenhausen.de\/blog\/\",\"name\":\"Lindenhausen-weil Reisen Spa\u00df macht\",\"description\":\"Reisen und Kreuzfahrten, Reiseberichte, Kreuzfahrtforum\",\"potentialAction\":[{\"@type\":\"SearchAction\",\"target\":{\"@type\":\"EntryPoint\",\"urlTemplate\":\"http:\/\/www.lindenhausen.de\/blog\/?s={search_term_string}\"},\"query-input\":\"required name=search_term_string\"}],\"inLanguage\":\"de\"}]}<\/script>\n<!-- \/ Yoast SEO plugin. -->","yoast_head_json":{"title":"See Tag 15.01.2018 - Lindenhausen-weil Reisen Spa\u00df macht","description":"Seetag, Costa, Costa Kreuzfahrt, Indien, Costa neoClassica, Kreuzfahrtforum, Reisebericht","robots":{"index":"index","follow":"follow","max-snippet":"max-snippet:-1","max-image-preview":"max-image-preview:large","max-video-preview":"max-video-preview:-1"},"canonical":"http:\/\/www.lindenhausen.de\/blog\/reiseberichte-costa\/kreuzfahrten-2018\/wir-waren-dort-wo-der-pfeffer-waechst-epilog-09-01-2018\/see-tag-15-01-2018\/","og_locale":"de_DE","og_type":"article","og_title":"See Tag 15.01.2018 - Lindenhausen-weil Reisen Spa\u00df macht","og_description":"Seetag, Costa, Costa Kreuzfahrt, Indien, Costa neoClassica, Kreuzfahrtforum, Reisebericht","og_url":"http:\/\/www.lindenhausen.de\/blog\/reiseberichte-costa\/kreuzfahrten-2018\/wir-waren-dort-wo-der-pfeffer-waechst-epilog-09-01-2018\/see-tag-15-01-2018\/","og_site_name":"Lindenhausen-weil Reisen Spa\u00df macht","article_publisher":"http:\/\/www.facebook.com\/Lindenhausen\/","article_modified_time":"2018-01-27T15:27:45+00:00","og_image":[{"url":"http:\/\/www.lindenhausen.de\/blog\/wp-content\/uploads\/2018\/01\/See3.3-e1517000624846-169x300.jpg"}],"twitter_card":"summary_large_image","twitter_site":"@Maxilinde","schema":{"@context":"https:\/\/schema.org","@graph":[{"@type":"WebPage","@id":"http:\/\/www.lindenhausen.de\/blog\/reiseberichte-costa\/kreuzfahrten-2018\/wir-waren-dort-wo-der-pfeffer-waechst-epilog-09-01-2018\/see-tag-15-01-2018\/","url":"http:\/\/www.lindenhausen.de\/blog\/reiseberichte-costa\/kreuzfahrten-2018\/wir-waren-dort-wo-der-pfeffer-waechst-epilog-09-01-2018\/see-tag-15-01-2018\/","name":"See Tag 15.01.2018 - Lindenhausen-weil Reisen Spa\u00df macht","isPartOf":{"@id":"http:\/\/www.lindenhausen.de\/blog\/#website"},"datePublished":"2018-01-27T13:37:54+00:00","dateModified":"2018-01-27T15:27:45+00:00","description":"Seetag, Costa, Costa Kreuzfahrt, Indien, Costa neoClassica, Kreuzfahrtforum, Reisebericht","breadcrumb":{"@id":"http:\/\/www.lindenhausen.de\/blog\/reiseberichte-costa\/kreuzfahrten-2018\/wir-waren-dort-wo-der-pfeffer-waechst-epilog-09-01-2018\/see-tag-15-01-2018\/#breadcrumb"},"inLanguage":"de","potentialAction":[{"@type":"ReadAction","target":["http:\/\/www.lindenhausen.de\/blog\/reiseberichte-costa\/kreuzfahrten-2018\/wir-waren-dort-wo-der-pfeffer-waechst-epilog-09-01-2018\/see-tag-15-01-2018\/"]}]},{"@type":"BreadcrumbList","@id":"http:\/\/www.lindenhausen.de\/blog\/reiseberichte-costa\/kreuzfahrten-2018\/wir-waren-dort-wo-der-pfeffer-waechst-epilog-09-01-2018\/see-tag-15-01-2018\/#breadcrumb","itemListElement":[{"@type":"ListItem","position":1,"name":"Startseite","item":"http:\/\/www.lindenhausen.de\/blog\/"},{"@type":"ListItem","position":2,"name":"Reiseberichte Costa Kreuzfahrten","item":"https:\/\/www.lindenhausen.de\/blog\/reiseberichte-costa\/"},{"@type":"ListItem","position":3,"name":"Kreuzfahrten 2018","item":"http:\/\/www.lindenhausen.de\/blog\/reiseberichte-costa\/kreuzfahrten-2018\/"},{"@type":"ListItem","position":4,"name":"Wir waren dort wo der Pfeffer w\u00e4chst\u2026\u2026 Epilog-09.01.2018","item":"http:\/\/www.lindenhausen.de\/blog\/reiseberichte-costa\/kreuzfahrten-2018\/wir-waren-dort-wo-der-pfeffer-waechst-epilog-09-01-2018\/"},{"@type":"ListItem","position":5,"name":"See Tag 15.01.2018"}]},{"@type":"WebSite","@id":"http:\/\/www.lindenhausen.de\/blog\/#website","url":"http:\/\/www.lindenhausen.de\/blog\/","name":"Lindenhausen-weil Reisen Spa\u00df macht","description":"Reisen und Kreuzfahrten, Reiseberichte, Kreuzfahrtforum","potentialAction":[{"@type":"SearchAction","target":{"@type":"EntryPoint","urlTemplate":"http:\/\/www.lindenhausen.de\/blog\/?s={search_term_string}"},"query-input":"required name=search_term_string"}],"inLanguage":"de"}]}},"_links":{"self":[{"href":"http:\/\/www.lindenhausen.de\/blog\/wp-json\/wp\/v2\/pages\/3626"}],"collection":[{"href":"http:\/\/www.lindenhausen.de\/blog\/wp-json\/wp\/v2\/pages"}],"about":[{"href":"http:\/\/www.lindenhausen.de\/blog\/wp-json\/wp\/v2\/types\/page"}],"author":[{"embeddable":true,"href":"http:\/\/www.lindenhausen.de\/blog\/wp-json\/wp\/v2\/users\/1"}],"replies":[{"embeddable":true,"href":"http:\/\/www.lindenhausen.de\/blog\/wp-json\/wp\/v2\/comments?post=3626"}],"version-history":[{"count":2,"href":"http:\/\/www.lindenhausen.de\/blog\/wp-json\/wp\/v2\/pages\/3626\/revisions"}],"predecessor-version":[{"id":3655,"href":"http:\/\/www.lindenhausen.de\/blog\/wp-json\/wp\/v2\/pages\/3626\/revisions\/3655"}],"up":[{"embeddable":true,"href":"http:\/\/www.lindenhausen.de\/blog\/wp-json\/wp\/v2\/pages\/3257"}],"wp:attachment":[{"href":"http:\/\/www.lindenhausen.de\/blog\/wp-json\/wp\/v2\/media?parent=3626"}],"curies":[{"name":"wp","href":"https:\/\/api.w.org\/{rel}","templated":true}]}}