{"id":3624,"date":"2018-01-27T14:35:19","date_gmt":"2018-01-27T13:35:19","guid":{"rendered":"http:\/\/www.lindenhausen.de\/blog\/?page_id=3624"},"modified":"2018-01-27T16:25:58","modified_gmt":"2018-01-27T15:25:58","slug":"male-14-01-2018","status":"publish","type":"page","link":"http:\/\/www.lindenhausen.de\/blog\/reiseberichte-costa\/kreuzfahrten-2018\/wir-waren-dort-wo-der-pfeffer-waechst-epilog-09-01-2018\/male-14-01-2018\/","title":{"rendered":"Male 14.01.2018"},"content":{"rendered":"<p>Wir wollten es ruhig angehen lassen. Male ist nicht gro\u00df, am Morgen alles geschlossen also blieben wir an Bord, Fr\u00fchst\u00fcck, eine Runde Pilates-ja, ich habe meine guten Vors\u00e4tze noch nicht vergessen.<\/p>\n<div id='gallery-1' class='gallery galleryid-3624 gallery-columns-2 gallery-size-medium'><figure class='gallery-item'>\n\t\t\t<div class='gallery-icon landscape'>\n\t\t\t\t<a href='http:\/\/www.lindenhausen.de\/blog\/reiseberichte-costa\/kreuzfahrten-2018\/wir-waren-dort-wo-der-pfeffer-waechst-epilog-09-01-2018\/male11\/'><img width=\"300\" height=\"225\" src=\"http:\/\/www.lindenhausen.de\/blog\/wp-content\/uploads\/2018\/01\/Male11-e1516994894110-300x225.jpg\" class=\"attachment-medium size-medium\" alt=\"\" decoding=\"async\" loading=\"lazy\" srcset=\"http:\/\/www.lindenhausen.de\/blog\/wp-content\/uploads\/2018\/01\/Male11-e1516994894110-300x225.jpg 300w, http:\/\/www.lindenhausen.de\/blog\/wp-content\/uploads\/2018\/01\/Male11-e1516994894110-768x576.jpg 768w, http:\/\/www.lindenhausen.de\/blog\/wp-content\/uploads\/2018\/01\/Male11-e1516994894110.jpg 800w\" sizes=\"(max-width: 300px) 100vw, 300px\" \/><\/a>\n\t\t\t<\/div><\/figure><figure class='gallery-item'>\n\t\t\t<div class='gallery-icon landscape'>\n\t\t\t\t<a href='http:\/\/www.lindenhausen.de\/blog\/reiseberichte-costa\/kreuzfahrten-2018\/wir-waren-dort-wo-der-pfeffer-waechst-epilog-09-01-2018\/male1\/'><img width=\"300\" height=\"300\" src=\"http:\/\/www.lindenhausen.de\/blog\/wp-content\/uploads\/2018\/01\/Male1-e1516995143921-300x300.jpg\" class=\"attachment-medium size-medium\" alt=\"\" decoding=\"async\" loading=\"lazy\" srcset=\"http:\/\/www.lindenhausen.de\/blog\/wp-content\/uploads\/2018\/01\/Male1-e1516995143921-300x300.jpg 300w, http:\/\/www.lindenhausen.de\/blog\/wp-content\/uploads\/2018\/01\/Male1-e1516995143921-150x150.jpg 150w, http:\/\/www.lindenhausen.de\/blog\/wp-content\/uploads\/2018\/01\/Male1-e1516995143921.jpg 600w\" sizes=\"(max-width: 300px) 100vw, 300px\" \/><\/a>\n\t\t\t<\/div><\/figure>\n\t\t<\/div>\n\n<p>Dann das leere Pool Deck genossen, Platz ohne Ende. Und alles richtiggemacht, der Wetterbericht hatte es gesagt und er kam-der Regen. Nach 2 Tagen im Paradies gewitterte es heftig. Wir genossen unser Mittagessen und machten uns dann auf eine etwas st\u00fcrmische \u00dcberfahrt nach Male.<\/p>\n<p>Wir besuchten zuerst die Moschee, das wohl sch\u00f6nste Geb\u00e4ude der Stadt. Dann machten wir uns auf die Suche nach dem besonderem dieser Stadt, w\u00fcrden aber wenig f\u00fcndig denn f\u00fcr sch\u00f6nes ist in der am dichtesten besiedelten Stadt dieser Welt einfach kein Platz. Da alles importiert werden muss gab es auch wenig von Interesse zu shoppen. Es ist mir ein R\u00e4tsel wie so viele Menschen auf so wenig Platz leben k\u00f6nnen.<\/p>\n<div id='gallery-2' class='gallery galleryid-3624 gallery-columns-3 gallery-size-medium'><figure class='gallery-item'>\n\t\t\t<div class='gallery-icon landscape'>\n\t\t\t\t<a href='http:\/\/www.lindenhausen.de\/blog\/reiseberichte-costa\/kreuzfahrten-2018\/wir-waren-dort-wo-der-pfeffer-waechst-epilog-09-01-2018\/male2\/'><img width=\"300\" height=\"225\" src=\"http:\/\/www.lindenhausen.de\/blog\/wp-content\/uploads\/2018\/01\/Male2-e1516995071692-300x225.jpg\" class=\"attachment-medium size-medium\" alt=\"\" decoding=\"async\" loading=\"lazy\" srcset=\"http:\/\/www.lindenhausen.de\/blog\/wp-content\/uploads\/2018\/01\/Male2-e1516995071692-300x225.jpg 300w, http:\/\/www.lindenhausen.de\/blog\/wp-content\/uploads\/2018\/01\/Male2-e1516995071692-768x576.jpg 768w, http:\/\/www.lindenhausen.de\/blog\/wp-content\/uploads\/2018\/01\/Male2-e1516995071692.jpg 800w\" sizes=\"(max-width: 300px) 100vw, 300px\" \/><\/a>\n\t\t\t<\/div><\/figure><figure class='gallery-item'>\n\t\t\t<div class='gallery-icon portrait'>\n\t\t\t\t<a href='http:\/\/www.lindenhausen.de\/blog\/reiseberichte-costa\/kreuzfahrten-2018\/wir-waren-dort-wo-der-pfeffer-waechst-epilog-09-01-2018\/male3\/'><img width=\"225\" height=\"300\" src=\"http:\/\/www.lindenhausen.de\/blog\/wp-content\/uploads\/2018\/01\/Male3-e1516995052442-225x300.jpg\" class=\"attachment-medium size-medium\" alt=\"\" decoding=\"async\" loading=\"lazy\" srcset=\"http:\/\/www.lindenhausen.de\/blog\/wp-content\/uploads\/2018\/01\/Male3-e1516995052442-225x300.jpg 225w, http:\/\/www.lindenhausen.de\/blog\/wp-content\/uploads\/2018\/01\/Male3-e1516995052442.jpg 600w\" sizes=\"(max-width: 225px) 100vw, 225px\" \/><\/a>\n\t\t\t<\/div><\/figure><figure class='gallery-item'>\n\t\t\t<div class='gallery-icon portrait'>\n\t\t\t\t<a href='http:\/\/www.lindenhausen.de\/blog\/reiseberichte-costa\/kreuzfahrten-2018\/wir-waren-dort-wo-der-pfeffer-waechst-epilog-09-01-2018\/male4\/'><img width=\"225\" height=\"300\" src=\"http:\/\/www.lindenhausen.de\/blog\/wp-content\/uploads\/2018\/01\/Male4-e1516995032707-225x300.jpg\" class=\"attachment-medium size-medium\" alt=\"\" decoding=\"async\" loading=\"lazy\" srcset=\"http:\/\/www.lindenhausen.de\/blog\/wp-content\/uploads\/2018\/01\/Male4-e1516995032707-225x300.jpg 225w, http:\/\/www.lindenhausen.de\/blog\/wp-content\/uploads\/2018\/01\/Male4-e1516995032707.jpg 600w\" sizes=\"(max-width: 225px) 100vw, 225px\" \/><\/a>\n\t\t\t<\/div><\/figure><figure class='gallery-item'>\n\t\t\t<div class='gallery-icon portrait'>\n\t\t\t\t<a href='http:\/\/www.lindenhausen.de\/blog\/reiseberichte-costa\/kreuzfahrten-2018\/wir-waren-dort-wo-der-pfeffer-waechst-epilog-09-01-2018\/male5\/'><img width=\"225\" height=\"300\" src=\"http:\/\/www.lindenhausen.de\/blog\/wp-content\/uploads\/2018\/01\/Male5-e1516995018518-225x300.jpg\" class=\"attachment-medium size-medium\" alt=\"\" decoding=\"async\" loading=\"lazy\" srcset=\"http:\/\/www.lindenhausen.de\/blog\/wp-content\/uploads\/2018\/01\/Male5-e1516995018518-225x300.jpg 225w, http:\/\/www.lindenhausen.de\/blog\/wp-content\/uploads\/2018\/01\/Male5-e1516995018518.jpg 600w\" sizes=\"(max-width: 225px) 100vw, 225px\" \/><\/a>\n\t\t\t<\/div><\/figure><figure class='gallery-item'>\n\t\t\t<div class='gallery-icon portrait'>\n\t\t\t\t<a href='http:\/\/www.lindenhausen.de\/blog\/reiseberichte-costa\/kreuzfahrten-2018\/wir-waren-dort-wo-der-pfeffer-waechst-epilog-09-01-2018\/male6\/'><img width=\"225\" height=\"300\" src=\"http:\/\/www.lindenhausen.de\/blog\/wp-content\/uploads\/2018\/01\/Male6-e1516995000309-225x300.jpg\" class=\"attachment-medium size-medium\" alt=\"\" decoding=\"async\" loading=\"lazy\" srcset=\"http:\/\/www.lindenhausen.de\/blog\/wp-content\/uploads\/2018\/01\/Male6-e1516995000309-225x300.jpg 225w, http:\/\/www.lindenhausen.de\/blog\/wp-content\/uploads\/2018\/01\/Male6-e1516995000309.jpg 600w\" sizes=\"(max-width: 225px) 100vw, 225px\" \/><\/a>\n\t\t\t<\/div><\/figure><figure class='gallery-item'>\n\t\t\t<div class='gallery-icon portrait'>\n\t\t\t\t<a href='http:\/\/www.lindenhausen.de\/blog\/reiseberichte-costa\/kreuzfahrten-2018\/wir-waren-dort-wo-der-pfeffer-waechst-epilog-09-01-2018\/male7\/'><img width=\"225\" height=\"300\" src=\"http:\/\/www.lindenhausen.de\/blog\/wp-content\/uploads\/2018\/01\/Male7-e1516994982622-225x300.jpg\" class=\"attachment-medium size-medium\" alt=\"\" decoding=\"async\" loading=\"lazy\" srcset=\"http:\/\/www.lindenhausen.de\/blog\/wp-content\/uploads\/2018\/01\/Male7-e1516994982622-225x300.jpg 225w, http:\/\/www.lindenhausen.de\/blog\/wp-content\/uploads\/2018\/01\/Male7-e1516994982622.jpg 600w\" sizes=\"(max-width: 225px) 100vw, 225px\" \/><\/a>\n\t\t\t<\/div><\/figure><figure class='gallery-item'>\n\t\t\t<div class='gallery-icon portrait'>\n\t\t\t\t<a href='http:\/\/www.lindenhausen.de\/blog\/reiseberichte-costa\/kreuzfahrten-2018\/wir-waren-dort-wo-der-pfeffer-waechst-epilog-09-01-2018\/male8\/'><img width=\"225\" height=\"300\" src=\"http:\/\/www.lindenhausen.de\/blog\/wp-content\/uploads\/2018\/01\/Male8-e1516994956900-225x300.jpg\" class=\"attachment-medium size-medium\" alt=\"\" decoding=\"async\" loading=\"lazy\" srcset=\"http:\/\/www.lindenhausen.de\/blog\/wp-content\/uploads\/2018\/01\/Male8-e1516994956900-225x300.jpg 225w, http:\/\/www.lindenhausen.de\/blog\/wp-content\/uploads\/2018\/01\/Male8-e1516994956900.jpg 600w\" sizes=\"(max-width: 225px) 100vw, 225px\" \/><\/a>\n\t\t\t<\/div><\/figure><figure class='gallery-item'>\n\t\t\t<div class='gallery-icon landscape'>\n\t\t\t\t<a href='http:\/\/www.lindenhausen.de\/blog\/reiseberichte-costa\/kreuzfahrten-2018\/wir-waren-dort-wo-der-pfeffer-waechst-epilog-09-01-2018\/male9\/'><img width=\"300\" height=\"225\" src=\"http:\/\/www.lindenhausen.de\/blog\/wp-content\/uploads\/2018\/01\/Male9-e1516994939216-300x225.jpg\" class=\"attachment-medium size-medium\" alt=\"\" decoding=\"async\" loading=\"lazy\" srcset=\"http:\/\/www.lindenhausen.de\/blog\/wp-content\/uploads\/2018\/01\/Male9-e1516994939216-300x225.jpg 300w, http:\/\/www.lindenhausen.de\/blog\/wp-content\/uploads\/2018\/01\/Male9-e1516994939216-768x576.jpg 768w, http:\/\/www.lindenhausen.de\/blog\/wp-content\/uploads\/2018\/01\/Male9-e1516994939216.jpg 800w\" sizes=\"(max-width: 300px) 100vw, 300px\" \/><\/a>\n\t\t\t<\/div><\/figure>\n\t\t<\/div>\n\n<p>Bevor alle an Bord wollten tenderten wir zur\u00fcck, genossen die Abendsonne am Pool Deck und ich tippte ein wenig Reisebericht.<\/p>\n<p>Ich muss es zugeben: wir waren faul. Abendessen, ein Ratsch mit den Freunden und schon winkte der Bettzipfel.<\/p>\n<div id='gallery-3' class='gallery galleryid-3624 gallery-columns-3 gallery-size-medium'><figure class='gallery-item'>\n\t\t\t<div class='gallery-icon landscape'>\n\t\t\t\t<a href='http:\/\/www.lindenhausen.de\/blog\/reiseberichte-costa\/kreuzfahrten-2018\/wir-waren-dort-wo-der-pfeffer-waechst-epilog-09-01-2018\/male10\/'><img width=\"300\" height=\"225\" src=\"http:\/\/www.lindenhausen.de\/blog\/wp-content\/uploads\/2018\/01\/Male10-e1516994916868-300x225.jpg\" class=\"attachment-medium size-medium\" alt=\"\" decoding=\"async\" loading=\"lazy\" srcset=\"http:\/\/www.lindenhausen.de\/blog\/wp-content\/uploads\/2018\/01\/Male10-e1516994916868-300x225.jpg 300w, http:\/\/www.lindenhausen.de\/blog\/wp-content\/uploads\/2018\/01\/Male10-e1516994916868-768x576.jpg 768w, http:\/\/www.lindenhausen.de\/blog\/wp-content\/uploads\/2018\/01\/Male10-e1516994916868.jpg 800w\" sizes=\"(max-width: 300px) 100vw, 300px\" \/><\/a>\n\t\t\t<\/div><\/figure><figure class='gallery-item'>\n\t\t\t<div class='gallery-icon landscape'>\n\t\t\t\t<a href='http:\/\/www.lindenhausen.de\/blog\/reiseberichte-costa\/kreuzfahrten-2018\/wir-waren-dort-wo-der-pfeffer-waechst-epilog-09-01-2018\/male13\/'><img width=\"300\" height=\"225\" src=\"http:\/\/www.lindenhausen.de\/blog\/wp-content\/uploads\/2018\/01\/Male13-300x225.jpg\" class=\"attachment-medium size-medium\" alt=\"\" decoding=\"async\" loading=\"lazy\" srcset=\"http:\/\/www.lindenhausen.de\/blog\/wp-content\/uploads\/2018\/01\/Male13-300x225.jpg 300w, http:\/\/www.lindenhausen.de\/blog\/wp-content\/uploads\/2018\/01\/Male13-768x576.jpg 768w, http:\/\/www.lindenhausen.de\/blog\/wp-content\/uploads\/2018\/01\/Male13.jpg 800w\" sizes=\"(max-width: 300px) 100vw, 300px\" \/><\/a>\n\t\t\t<\/div><\/figure><figure class='gallery-item'>\n\t\t\t<div class='gallery-icon landscape'>\n\t\t\t\t<a href='http:\/\/www.lindenhausen.de\/blog\/reiseberichte-costa\/kreuzfahrten-2018\/wir-waren-dort-wo-der-pfeffer-waechst-epilog-09-01-2018\/male12\/'><img width=\"300\" height=\"225\" src=\"http:\/\/www.lindenhausen.de\/blog\/wp-content\/uploads\/2018\/01\/Male12-e1516994866878-300x225.jpg\" class=\"attachment-medium size-medium\" alt=\"\" decoding=\"async\" loading=\"lazy\" srcset=\"http:\/\/www.lindenhausen.de\/blog\/wp-content\/uploads\/2018\/01\/Male12-e1516994866878-300x225.jpg 300w, http:\/\/www.lindenhausen.de\/blog\/wp-content\/uploads\/2018\/01\/Male12-e1516994866878-768x576.jpg 768w, http:\/\/www.lindenhausen.de\/blog\/wp-content\/uploads\/2018\/01\/Male12-e1516994866878.jpg 800w\" sizes=\"(max-width: 300px) 100vw, 300px\" \/><\/a>\n\t\t\t<\/div><\/figure>\n\t\t<\/div>\n\n<p><a href=\"http:\/\/www.lindenhausen.de\/blog\/reiseberichte-costa\/kreuzfahrten-2018\/wir-waren-dort-wo-der-pfeffer-waechst-epilog-09-01-2018\/see-tag-15-01-2018\/\">weiter<\/a><\/p>\n","protected":false},"excerpt":{"rendered":"<p>Wir wollten es ruhig angehen lassen. Male ist nicht gro\u00df, am Morgen alles geschlossen also blieben wir an Bord, Fr\u00fchst\u00fcck, eine Runde Pilates-ja, ich habe meine guten Vors\u00e4tze noch nicht vergessen. Dann das leere Pool Deck genossen, Platz ohne Ende. Und alles richtiggemacht, der Wetterbericht hatte es gesagt und er kam-der Regen. Nach 2 Tagen &hellip; <a href=\"http:\/\/www.lindenhausen.de\/blog\/reiseberichte-costa\/kreuzfahrten-2018\/wir-waren-dort-wo-der-pfeffer-waechst-epilog-09-01-2018\/male-14-01-2018\/\" class=\"more-link\"><span class=\"screen-reader-text\">Male 14.01.2018<\/span> weiterlesen <span class=\"meta-nav\">&rarr;<\/span><\/a><\/p>\n","protected":false},"author":1,"featured_media":0,"parent":3257,"menu_order":10,"comment_status":"closed","ping_status":"closed","template":"","meta":{"_monsterinsights_skip_tracking":false,"_monsterinsights_sitenote_active":false,"_monsterinsights_sitenote_note":"","_monsterinsights_sitenote_category":0},"yoast_head":"<!-- This site is optimized with the Yoast SEO plugin v21.0 - https:\/\/yoast.com\/wordpress\/plugins\/seo\/ -->\n<title>Male 14.01.2018 - Lindenhausen-weil Reisen Spa\u00df macht<\/title>\n<meta name=\"description\" content=\"Kreuzfahrt, Indien, Male, Maledieven\" \/>\n<meta name=\"robots\" content=\"index, follow, max-snippet:-1, max-image-preview:large, max-video-preview:-1\" \/>\n<link rel=\"canonical\" href=\"http:\/\/www.lindenhausen.de\/blog\/reiseberichte-costa\/kreuzfahrten-2018\/wir-waren-dort-wo-der-pfeffer-waechst-epilog-09-01-2018\/male-14-01-2018\/\" \/>\n<meta property=\"og:locale\" content=\"de_DE\" \/>\n<meta property=\"og:type\" content=\"article\" \/>\n<meta property=\"og:title\" content=\"Male 14.01.2018 - Lindenhausen-weil Reisen Spa\u00df macht\" \/>\n<meta property=\"og:description\" content=\"Kreuzfahrt, Indien, Male, Maledieven\" \/>\n<meta property=\"og:url\" content=\"http:\/\/www.lindenhausen.de\/blog\/reiseberichte-costa\/kreuzfahrten-2018\/wir-waren-dort-wo-der-pfeffer-waechst-epilog-09-01-2018\/male-14-01-2018\/\" \/>\n<meta property=\"og:site_name\" content=\"Lindenhausen-weil Reisen Spa\u00df macht\" \/>\n<meta property=\"article:publisher\" content=\"http:\/\/www.facebook.com\/Lindenhausen\/\" \/>\n<meta property=\"article:modified_time\" content=\"2018-01-27T15:25:58+00:00\" \/>\n<meta property=\"og:image\" content=\"http:\/\/www.lindenhausen.de\/blog\/wp-content\/uploads\/2018\/01\/Male11-e1516994894110-300x225.jpg\" \/>\n<meta name=\"twitter:card\" content=\"summary_large_image\" \/>\n<meta name=\"twitter:site\" content=\"@Maxilinde\" \/>\n<meta name=\"twitter:label1\" content=\"Gesch\u00e4tzte Lesezeit\" \/>\n\t<meta name=\"twitter:data1\" content=\"1\u00a0Minute\" \/>\n<script type=\"application\/ld+json\" class=\"yoast-schema-graph\">{\"@context\":\"https:\/\/schema.org\",\"@graph\":[{\"@type\":\"WebPage\",\"@id\":\"http:\/\/www.lindenhausen.de\/blog\/reiseberichte-costa\/kreuzfahrten-2018\/wir-waren-dort-wo-der-pfeffer-waechst-epilog-09-01-2018\/male-14-01-2018\/\",\"url\":\"http:\/\/www.lindenhausen.de\/blog\/reiseberichte-costa\/kreuzfahrten-2018\/wir-waren-dort-wo-der-pfeffer-waechst-epilog-09-01-2018\/male-14-01-2018\/\",\"name\":\"Male 14.01.2018 - Lindenhausen-weil Reisen Spa\u00df macht\",\"isPartOf\":{\"@id\":\"https:\/\/www.lindenhausen.de\/blog\/#website\"},\"datePublished\":\"2018-01-27T13:35:19+00:00\",\"dateModified\":\"2018-01-27T15:25:58+00:00\",\"description\":\"Kreuzfahrt, Indien, Male, Maledieven\",\"breadcrumb\":{\"@id\":\"http:\/\/www.lindenhausen.de\/blog\/reiseberichte-costa\/kreuzfahrten-2018\/wir-waren-dort-wo-der-pfeffer-waechst-epilog-09-01-2018\/male-14-01-2018\/#breadcrumb\"},\"inLanguage\":\"de\",\"potentialAction\":[{\"@type\":\"ReadAction\",\"target\":[\"http:\/\/www.lindenhausen.de\/blog\/reiseberichte-costa\/kreuzfahrten-2018\/wir-waren-dort-wo-der-pfeffer-waechst-epilog-09-01-2018\/male-14-01-2018\/\"]}]},{\"@type\":\"BreadcrumbList\",\"@id\":\"http:\/\/www.lindenhausen.de\/blog\/reiseberichte-costa\/kreuzfahrten-2018\/wir-waren-dort-wo-der-pfeffer-waechst-epilog-09-01-2018\/male-14-01-2018\/#breadcrumb\",\"itemListElement\":[{\"@type\":\"ListItem\",\"position\":1,\"name\":\"Startseite\",\"item\":\"https:\/\/www.lindenhausen.de\/blog\/\"},{\"@type\":\"ListItem\",\"position\":2,\"name\":\"Reiseberichte Costa Kreuzfahrten\",\"item\":\"http:\/\/www.lindenhausen.de\/blog\/reiseberichte-costa\/\"},{\"@type\":\"ListItem\",\"position\":3,\"name\":\"Kreuzfahrten 2018\",\"item\":\"http:\/\/www.lindenhausen.de\/blog\/reiseberichte-costa\/kreuzfahrten-2018\/\"},{\"@type\":\"ListItem\",\"position\":4,\"name\":\"Wir waren dort wo der Pfeffer w\u00e4chst\u2026\u2026 Epilog-09.01.2018\",\"item\":\"http:\/\/www.lindenhausen.de\/blog\/reiseberichte-costa\/kreuzfahrten-2018\/wir-waren-dort-wo-der-pfeffer-waechst-epilog-09-01-2018\/\"},{\"@type\":\"ListItem\",\"position\":5,\"name\":\"Male 14.01.2018\"}]},{\"@type\":\"WebSite\",\"@id\":\"https:\/\/www.lindenhausen.de\/blog\/#website\",\"url\":\"https:\/\/www.lindenhausen.de\/blog\/\",\"name\":\"Lindenhausen-weil Reisen Spa\u00df macht\",\"description\":\"Reisen und Kreuzfahrten, Reiseberichte, Kreuzfahrtforum\",\"potentialAction\":[{\"@type\":\"SearchAction\",\"target\":{\"@type\":\"EntryPoint\",\"urlTemplate\":\"https:\/\/www.lindenhausen.de\/blog\/?s={search_term_string}\"},\"query-input\":\"required name=search_term_string\"}],\"inLanguage\":\"de\"}]}<\/script>\n<!-- \/ Yoast SEO plugin. -->","yoast_head_json":{"title":"Male 14.01.2018 - Lindenhausen-weil Reisen Spa\u00df macht","description":"Kreuzfahrt, Indien, Male, Maledieven","robots":{"index":"index","follow":"follow","max-snippet":"max-snippet:-1","max-image-preview":"max-image-preview:large","max-video-preview":"max-video-preview:-1"},"canonical":"http:\/\/www.lindenhausen.de\/blog\/reiseberichte-costa\/kreuzfahrten-2018\/wir-waren-dort-wo-der-pfeffer-waechst-epilog-09-01-2018\/male-14-01-2018\/","og_locale":"de_DE","og_type":"article","og_title":"Male 14.01.2018 - Lindenhausen-weil Reisen Spa\u00df macht","og_description":"Kreuzfahrt, Indien, Male, Maledieven","og_url":"http:\/\/www.lindenhausen.de\/blog\/reiseberichte-costa\/kreuzfahrten-2018\/wir-waren-dort-wo-der-pfeffer-waechst-epilog-09-01-2018\/male-14-01-2018\/","og_site_name":"Lindenhausen-weil Reisen Spa\u00df macht","article_publisher":"http:\/\/www.facebook.com\/Lindenhausen\/","article_modified_time":"2018-01-27T15:25:58+00:00","og_image":[{"url":"http:\/\/www.lindenhausen.de\/blog\/wp-content\/uploads\/2018\/01\/Male11-e1516994894110-300x225.jpg"}],"twitter_card":"summary_large_image","twitter_site":"@Maxilinde","twitter_misc":{"Gesch\u00e4tzte Lesezeit":"1\u00a0Minute"},"schema":{"@context":"https:\/\/schema.org","@graph":[{"@type":"WebPage","@id":"http:\/\/www.lindenhausen.de\/blog\/reiseberichte-costa\/kreuzfahrten-2018\/wir-waren-dort-wo-der-pfeffer-waechst-epilog-09-01-2018\/male-14-01-2018\/","url":"http:\/\/www.lindenhausen.de\/blog\/reiseberichte-costa\/kreuzfahrten-2018\/wir-waren-dort-wo-der-pfeffer-waechst-epilog-09-01-2018\/male-14-01-2018\/","name":"Male 14.01.2018 - Lindenhausen-weil Reisen Spa\u00df macht","isPartOf":{"@id":"https:\/\/www.lindenhausen.de\/blog\/#website"},"datePublished":"2018-01-27T13:35:19+00:00","dateModified":"2018-01-27T15:25:58+00:00","description":"Kreuzfahrt, Indien, Male, Maledieven","breadcrumb":{"@id":"http:\/\/www.lindenhausen.de\/blog\/reiseberichte-costa\/kreuzfahrten-2018\/wir-waren-dort-wo-der-pfeffer-waechst-epilog-09-01-2018\/male-14-01-2018\/#breadcrumb"},"inLanguage":"de","potentialAction":[{"@type":"ReadAction","target":["http:\/\/www.lindenhausen.de\/blog\/reiseberichte-costa\/kreuzfahrten-2018\/wir-waren-dort-wo-der-pfeffer-waechst-epilog-09-01-2018\/male-14-01-2018\/"]}]},{"@type":"BreadcrumbList","@id":"http:\/\/www.lindenhausen.de\/blog\/reiseberichte-costa\/kreuzfahrten-2018\/wir-waren-dort-wo-der-pfeffer-waechst-epilog-09-01-2018\/male-14-01-2018\/#breadcrumb","itemListElement":[{"@type":"ListItem","position":1,"name":"Startseite","item":"https:\/\/www.lindenhausen.de\/blog\/"},{"@type":"ListItem","position":2,"name":"Reiseberichte Costa Kreuzfahrten","item":"http:\/\/www.lindenhausen.de\/blog\/reiseberichte-costa\/"},{"@type":"ListItem","position":3,"name":"Kreuzfahrten 2018","item":"http:\/\/www.lindenhausen.de\/blog\/reiseberichte-costa\/kreuzfahrten-2018\/"},{"@type":"ListItem","position":4,"name":"Wir waren dort wo der Pfeffer w\u00e4chst\u2026\u2026 Epilog-09.01.2018","item":"http:\/\/www.lindenhausen.de\/blog\/reiseberichte-costa\/kreuzfahrten-2018\/wir-waren-dort-wo-der-pfeffer-waechst-epilog-09-01-2018\/"},{"@type":"ListItem","position":5,"name":"Male 14.01.2018"}]},{"@type":"WebSite","@id":"https:\/\/www.lindenhausen.de\/blog\/#website","url":"https:\/\/www.lindenhausen.de\/blog\/","name":"Lindenhausen-weil Reisen Spa\u00df macht","description":"Reisen und Kreuzfahrten, Reiseberichte, Kreuzfahrtforum","potentialAction":[{"@type":"SearchAction","target":{"@type":"EntryPoint","urlTemplate":"https:\/\/www.lindenhausen.de\/blog\/?s={search_term_string}"},"query-input":"required name=search_term_string"}],"inLanguage":"de"}]}},"_links":{"self":[{"href":"http:\/\/www.lindenhausen.de\/blog\/wp-json\/wp\/v2\/pages\/3624"}],"collection":[{"href":"http:\/\/www.lindenhausen.de\/blog\/wp-json\/wp\/v2\/pages"}],"about":[{"href":"http:\/\/www.lindenhausen.de\/blog\/wp-json\/wp\/v2\/types\/page"}],"author":[{"embeddable":true,"href":"http:\/\/www.lindenhausen.de\/blog\/wp-json\/wp\/v2\/users\/1"}],"replies":[{"embeddable":true,"href":"http:\/\/www.lindenhausen.de\/blog\/wp-json\/wp\/v2\/comments?post=3624"}],"version-history":[{"count":2,"href":"http:\/\/www.lindenhausen.de\/blog\/wp-json\/wp\/v2\/pages\/3624\/revisions"}],"predecessor-version":[{"id":3654,"href":"http:\/\/www.lindenhausen.de\/blog\/wp-json\/wp\/v2\/pages\/3624\/revisions\/3654"}],"up":[{"embeddable":true,"href":"http:\/\/www.lindenhausen.de\/blog\/wp-json\/wp\/v2\/pages\/3257"}],"wp:attachment":[{"href":"http:\/\/www.lindenhausen.de\/blog\/wp-json\/wp\/v2\/media?parent=3624"}],"curies":[{"name":"wp","href":"https:\/\/api.w.org\/{rel}","templated":true}]}}