{"id":3594,"date":"2018-01-26T22:29:32","date_gmt":"2018-01-26T21:29:32","guid":{"rendered":"http:\/\/www.lindenhausen.de\/blog\/?page_id=3594"},"modified":"2019-01-21T21:47:02","modified_gmt":"2019-01-21T20:47:02","slug":"kelheim-05-01-2017","status":"publish","type":"page","link":"http:\/\/www.lindenhausen.de\/blog\/reiseberichte-costa\/kreuzfahrten-2018\/wir-waren-dort-wo-der-pfeffer-waechst-epilog-09-01-2018\/kelheim-05-01-2017\/","title":{"rendered":"Kelheim 05.01.2018"},"content":{"rendered":"<p>Der Wecker klingelt, das Gep\u00e4ck ist fertig und unsere Kinder freuen sich auf ein Familienfr\u00fchst\u00fcck bei Markl-von Lachs bis italienisch ist alles dabei.<\/p>\n<p>Der Preis: sie m\u00fcssen uns nach Regensburg zum Zug bringen da ich zu faul zum Umsteigen bin.<\/p>\n<p>Wir starteten also bequem, der ICE nach Frankfurt war schnell, umsteigen auf S Bahn kein Problem und am Flughafen warteten schon freundliche Costa Mitarbeiterinnen auf uns. Das Gep\u00e4ck wurde bis Mumbai durchgecheckt, wir nutzen sie Wartezeit bis zum Abflug mit Ethiad an der Bar um auf unseren Urlaub anzusto\u00dfen.<\/p>\n<p><a href=\"http:\/\/www.lindenhausen.de\/blog\/wp-content\/uploads\/2018\/01\/Anreise1-e1517000002916.jpg\"><img decoding=\"async\" loading=\"lazy\" class=\"aligncenter size-medium wp-image-3267\" src=\"http:\/\/www.lindenhausen.de\/blog\/wp-content\/uploads\/2018\/01\/Anreise1-e1517000002916-225x300.jpg\" alt=\"\" width=\"225\" height=\"300\" srcset=\"http:\/\/www.lindenhausen.de\/blog\/wp-content\/uploads\/2018\/01\/Anreise1-e1517000002916-225x300.jpg 225w, http:\/\/www.lindenhausen.de\/blog\/wp-content\/uploads\/2018\/01\/Anreise1-e1517000002916.jpg 600w\" sizes=\"(max-width: 225px) 100vw, 225px\" \/><\/a> <a href=\"http:\/\/www.lindenhausen.de\/blog\/wp-content\/uploads\/2018\/01\/Anreise2-e1516999981559.jpg\"><img decoding=\"async\" loading=\"lazy\" class=\"aligncenter size-medium wp-image-3268\" src=\"http:\/\/www.lindenhausen.de\/blog\/wp-content\/uploads\/2018\/01\/Anreise2-e1516999981559-300x225.jpg\" alt=\"\" width=\"300\" height=\"225\" srcset=\"http:\/\/www.lindenhausen.de\/blog\/wp-content\/uploads\/2018\/01\/Anreise2-e1516999981559-300x225.jpg 300w, http:\/\/www.lindenhausen.de\/blog\/wp-content\/uploads\/2018\/01\/Anreise2-e1516999981559-768x576.jpg 768w, http:\/\/www.lindenhausen.de\/blog\/wp-content\/uploads\/2018\/01\/Anreise2-e1516999981559.jpg 800w\" sizes=\"(max-width: 300px) 100vw, 300px\" \/><\/a><\/p>\n<p>Der Flug relativ unspektakul\u00e4r, kein Vergleich zu Emirates, ich war froh das zu verschlafen. Essen: Naja, Entertainment not working, good Night. Die \u00d6sterreicher hinter uns sehen es genauso, die ersten Kontakte werden gekn\u00fcpft.<\/p>\n<p>In Abu Dhabi dann viel Spa\u00df: von den 2 Stunden Aufenthalt standen wir 2 Stunden bei der Einreisekontrolle, keine Zeit f\u00fcr Getr\u00e4nke kaufen oder WC. Dann den Flug mit Jet Airways nach Mumbai, gerade so erreicht. Der Getr\u00e4nkeservice schaffte es w\u00e4hrend der gesamten Flugzeit nicht in unsre Reihe, wir schafften es ob der Schlange vor der Toilette nicht etwas zu holen. Sehr unangenehm.<\/p>\n<p>Das positive: es haben alle die Maschine erreicht, f\u00fcr eine Gruppe aus \u00d6sterreich war es extrem knapp<\/p>\n<div id='gallery-1' class='gallery galleryid-3594 gallery-columns-3 gallery-size-medium'><figure class='gallery-item'>\n\t\t\t<div class='gallery-icon portrait'>\n\t\t\t\t<a href='http:\/\/www.lindenhausen.de\/blog\/reiseberichte-costa\/kreuzfahrten-2018\/wir-waren-dort-wo-der-pfeffer-waechst-epilog-09-01-2018\/anreise4\/'><img width=\"225\" height=\"300\" src=\"http:\/\/www.lindenhausen.de\/blog\/wp-content\/uploads\/2018\/01\/Anreise4-e1516999952452-225x300.jpg\" class=\"attachment-medium size-medium\" alt=\"\" decoding=\"async\" loading=\"lazy\" srcset=\"http:\/\/www.lindenhausen.de\/blog\/wp-content\/uploads\/2018\/01\/Anreise4-e1516999952452-225x300.jpg 225w, http:\/\/www.lindenhausen.de\/blog\/wp-content\/uploads\/2018\/01\/Anreise4-e1516999952452.jpg 600w\" sizes=\"(max-width: 225px) 100vw, 225px\" \/><\/a>\n\t\t\t<\/div><\/figure><figure class='gallery-item'>\n\t\t\t<div class='gallery-icon portrait'>\n\t\t\t\t<a href='http:\/\/www.lindenhausen.de\/blog\/reiseberichte-costa\/kreuzfahrten-2018\/wir-waren-dort-wo-der-pfeffer-waechst-epilog-09-01-2018\/anreise5\/'><img width=\"225\" height=\"300\" src=\"http:\/\/www.lindenhausen.de\/blog\/wp-content\/uploads\/2018\/01\/Anreise5-e1516999936529-225x300.jpg\" class=\"attachment-medium size-medium\" alt=\"\" decoding=\"async\" loading=\"lazy\" srcset=\"http:\/\/www.lindenhausen.de\/blog\/wp-content\/uploads\/2018\/01\/Anreise5-e1516999936529-225x300.jpg 225w, http:\/\/www.lindenhausen.de\/blog\/wp-content\/uploads\/2018\/01\/Anreise5-e1516999936529.jpg 600w\" sizes=\"(max-width: 225px) 100vw, 225px\" \/><\/a>\n\t\t\t<\/div><\/figure><figure class='gallery-item'>\n\t\t\t<div class='gallery-icon portrait'>\n\t\t\t\t<a href='http:\/\/www.lindenhausen.de\/blog\/reiseberichte-costa\/kreuzfahrten-2018\/wir-waren-dort-wo-der-pfeffer-waechst-epilog-09-01-2018\/anreise6\/'><img width=\"225\" height=\"300\" src=\"http:\/\/www.lindenhausen.de\/blog\/wp-content\/uploads\/2018\/01\/Anreise6-e1516999899399-225x300.jpg\" class=\"attachment-medium size-medium\" alt=\"\" decoding=\"async\" loading=\"lazy\" srcset=\"http:\/\/www.lindenhausen.de\/blog\/wp-content\/uploads\/2018\/01\/Anreise6-e1516999899399-225x300.jpg 225w, http:\/\/www.lindenhausen.de\/blog\/wp-content\/uploads\/2018\/01\/Anreise6-e1516999899399.jpg 600w\" sizes=\"(max-width: 225px) 100vw, 225px\" \/><\/a>\n\t\t\t<\/div><\/figure><figure class='gallery-item'>\n\t\t\t<div class='gallery-icon landscape'>\n\t\t\t\t<a href='http:\/\/www.lindenhausen.de\/blog\/reiseberichte-costa\/kreuzfahrten-2018\/wir-waren-dort-wo-der-pfeffer-waechst-epilog-09-01-2018\/anreise7\/'><img width=\"300\" height=\"225\" src=\"http:\/\/www.lindenhausen.de\/blog\/wp-content\/uploads\/2018\/01\/Anreise7-e1516999817110-300x225.jpg\" class=\"attachment-medium size-medium\" alt=\"\" decoding=\"async\" loading=\"lazy\" srcset=\"http:\/\/www.lindenhausen.de\/blog\/wp-content\/uploads\/2018\/01\/Anreise7-e1516999817110-300x225.jpg 300w, http:\/\/www.lindenhausen.de\/blog\/wp-content\/uploads\/2018\/01\/Anreise7-e1516999817110-768x576.jpg 768w, http:\/\/www.lindenhausen.de\/blog\/wp-content\/uploads\/2018\/01\/Anreise7-e1516999817110.jpg 800w\" sizes=\"(max-width: 300px) 100vw, 300px\" \/><\/a>\n\t\t\t<\/div><\/figure><figure class='gallery-item'>\n\t\t\t<div class='gallery-icon portrait'>\n\t\t\t\t<a href='http:\/\/www.lindenhausen.de\/blog\/reiseberichte-costa\/kreuzfahrten-2018\/wir-waren-dort-wo-der-pfeffer-waechst-epilog-09-01-2018\/anreise8\/'><img width=\"225\" height=\"300\" src=\"http:\/\/www.lindenhausen.de\/blog\/wp-content\/uploads\/2018\/01\/Anreise8-e1516999800966-225x300.jpg\" class=\"attachment-medium size-medium\" alt=\"\" decoding=\"async\" loading=\"lazy\" srcset=\"http:\/\/www.lindenhausen.de\/blog\/wp-content\/uploads\/2018\/01\/Anreise8-e1516999800966-225x300.jpg 225w, http:\/\/www.lindenhausen.de\/blog\/wp-content\/uploads\/2018\/01\/Anreise8-e1516999800966.jpg 600w\" sizes=\"(max-width: 225px) 100vw, 225px\" \/><\/a>\n\t\t\t<\/div><\/figure>\n\t\t<\/div>\n\n<p>&nbsp;<\/p>\n<p><a href=\"http:\/\/www.lindenhausen.de\/blog\/reiseberichte-costa\/kreuzfahrten-2018\/wir-waren-dort-wo-der-pfeffer-waechst-epilog-09-01-2018\/mumbai-06-01-2018\/\">weiter<\/a><\/p>\n","protected":false},"excerpt":{"rendered":"<p>Der Wecker klingelt, das Gep\u00e4ck ist fertig und unsere Kinder freuen sich auf ein Familienfr\u00fchst\u00fcck bei Markl-von Lachs bis italienisch ist alles dabei. Der Preis: sie m\u00fcssen uns nach Regensburg zum Zug bringen da ich zu faul zum Umsteigen bin. Wir starteten also bequem, der ICE nach Frankfurt war schnell, umsteigen auf S Bahn kein &hellip; <a href=\"http:\/\/www.lindenhausen.de\/blog\/reiseberichte-costa\/kreuzfahrten-2018\/wir-waren-dort-wo-der-pfeffer-waechst-epilog-09-01-2018\/kelheim-05-01-2017\/\" class=\"more-link\"><span class=\"screen-reader-text\">Kelheim 05.01.2018<\/span> weiterlesen <span class=\"meta-nav\">&rarr;<\/span><\/a><\/p>\n","protected":false},"author":1,"featured_media":0,"parent":3257,"menu_order":1,"comment_status":"closed","ping_status":"closed","template":"","meta":{"_monsterinsights_skip_tracking":false,"_monsterinsights_sitenote_active":false,"_monsterinsights_sitenote_note":"","_monsterinsights_sitenote_category":0},"yoast_head":"<!-- This site is optimized with the Yoast SEO plugin v21.0 - https:\/\/yoast.com\/wordpress\/plugins\/seo\/ -->\n<title>Kelheim 05.01.2018 - Lindenhausen-weil Reisen Spa\u00df macht<\/title>\n<meta name=\"robots\" content=\"index, follow, max-snippet:-1, max-image-preview:large, max-video-preview:-1\" \/>\n<link rel=\"canonical\" href=\"http:\/\/www.lindenhausen.de\/blog\/reiseberichte-costa\/kreuzfahrten-2018\/wir-waren-dort-wo-der-pfeffer-waechst-epilog-09-01-2018\/kelheim-05-01-2017\/\" \/>\n<meta property=\"og:locale\" content=\"de_DE\" \/>\n<meta property=\"og:type\" content=\"article\" \/>\n<meta property=\"og:title\" content=\"Kelheim 05.01.2018 - Lindenhausen-weil Reisen Spa\u00df macht\" \/>\n<meta property=\"og:description\" content=\"Der Wecker klingelt, das Gep\u00e4ck ist fertig und unsere Kinder freuen sich auf ein Familienfr\u00fchst\u00fcck bei Markl-von Lachs bis italienisch ist alles dabei. Der Preis: sie m\u00fcssen uns nach Regensburg zum Zug bringen da ich zu faul zum Umsteigen bin. Wir starteten also bequem, der ICE nach Frankfurt war schnell, umsteigen auf S Bahn kein &hellip; Kelheim 05.01.2018 weiterlesen &rarr;\" \/>\n<meta property=\"og:url\" content=\"http:\/\/www.lindenhausen.de\/blog\/reiseberichte-costa\/kreuzfahrten-2018\/wir-waren-dort-wo-der-pfeffer-waechst-epilog-09-01-2018\/kelheim-05-01-2017\/\" \/>\n<meta property=\"og:site_name\" content=\"Lindenhausen-weil Reisen Spa\u00df macht\" \/>\n<meta property=\"article:publisher\" content=\"http:\/\/www.facebook.com\/Lindenhausen\/\" \/>\n<meta property=\"article:modified_time\" content=\"2019-01-21T20:47:02+00:00\" \/>\n<meta property=\"og:image\" content=\"http:\/\/www.lindenhausen.de\/blog\/wp-content\/uploads\/2018\/01\/Anreise4-e1516999952452-225x300.jpg\" \/>\n<meta name=\"twitter:card\" content=\"summary_large_image\" \/>\n<meta name=\"twitter:site\" content=\"@Maxilinde\" \/>\n<meta name=\"twitter:label1\" content=\"Gesch\u00e4tzte Lesezeit\" \/>\n\t<meta name=\"twitter:data1\" content=\"1\u00a0Minute\" \/>\n<script type=\"application\/ld+json\" class=\"yoast-schema-graph\">{\"@context\":\"https:\/\/schema.org\",\"@graph\":[{\"@type\":\"WebPage\",\"@id\":\"http:\/\/www.lindenhausen.de\/blog\/reiseberichte-costa\/kreuzfahrten-2018\/wir-waren-dort-wo-der-pfeffer-waechst-epilog-09-01-2018\/kelheim-05-01-2017\/\",\"url\":\"http:\/\/www.lindenhausen.de\/blog\/reiseberichte-costa\/kreuzfahrten-2018\/wir-waren-dort-wo-der-pfeffer-waechst-epilog-09-01-2018\/kelheim-05-01-2017\/\",\"name\":\"Kelheim 05.01.2018 - Lindenhausen-weil Reisen Spa\u00df macht\",\"isPartOf\":{\"@id\":\"http:\/\/www.lindenhausen.de\/blog\/#website\"},\"datePublished\":\"2018-01-26T21:29:32+00:00\",\"dateModified\":\"2019-01-21T20:47:02+00:00\",\"breadcrumb\":{\"@id\":\"http:\/\/www.lindenhausen.de\/blog\/reiseberichte-costa\/kreuzfahrten-2018\/wir-waren-dort-wo-der-pfeffer-waechst-epilog-09-01-2018\/kelheim-05-01-2017\/#breadcrumb\"},\"inLanguage\":\"de\",\"potentialAction\":[{\"@type\":\"ReadAction\",\"target\":[\"http:\/\/www.lindenhausen.de\/blog\/reiseberichte-costa\/kreuzfahrten-2018\/wir-waren-dort-wo-der-pfeffer-waechst-epilog-09-01-2018\/kelheim-05-01-2017\/\"]}]},{\"@type\":\"BreadcrumbList\",\"@id\":\"http:\/\/www.lindenhausen.de\/blog\/reiseberichte-costa\/kreuzfahrten-2018\/wir-waren-dort-wo-der-pfeffer-waechst-epilog-09-01-2018\/kelheim-05-01-2017\/#breadcrumb\",\"itemListElement\":[{\"@type\":\"ListItem\",\"position\":1,\"name\":\"Startseite\",\"item\":\"http:\/\/www.lindenhausen.de\/blog\/\"},{\"@type\":\"ListItem\",\"position\":2,\"name\":\"Reiseberichte Costa Kreuzfahrten\",\"item\":\"https:\/\/www.lindenhausen.de\/blog\/reiseberichte-costa\/\"},{\"@type\":\"ListItem\",\"position\":3,\"name\":\"Kreuzfahrten 2018\",\"item\":\"http:\/\/www.lindenhausen.de\/blog\/reiseberichte-costa\/kreuzfahrten-2018\/\"},{\"@type\":\"ListItem\",\"position\":4,\"name\":\"Wir waren dort wo der Pfeffer w\u00e4chst\u2026\u2026 Epilog-09.01.2018\",\"item\":\"http:\/\/www.lindenhausen.de\/blog\/reiseberichte-costa\/kreuzfahrten-2018\/wir-waren-dort-wo-der-pfeffer-waechst-epilog-09-01-2018\/\"},{\"@type\":\"ListItem\",\"position\":5,\"name\":\"Kelheim 05.01.2018\"}]},{\"@type\":\"WebSite\",\"@id\":\"http:\/\/www.lindenhausen.de\/blog\/#website\",\"url\":\"http:\/\/www.lindenhausen.de\/blog\/\",\"name\":\"Lindenhausen-weil Reisen Spa\u00df macht\",\"description\":\"Reisen und Kreuzfahrten, Reiseberichte, Kreuzfahrtforum\",\"potentialAction\":[{\"@type\":\"SearchAction\",\"target\":{\"@type\":\"EntryPoint\",\"urlTemplate\":\"http:\/\/www.lindenhausen.de\/blog\/?s={search_term_string}\"},\"query-input\":\"required name=search_term_string\"}],\"inLanguage\":\"de\"}]}<\/script>\n<!-- \/ Yoast SEO plugin. -->","yoast_head_json":{"title":"Kelheim 05.01.2018 - Lindenhausen-weil Reisen Spa\u00df macht","robots":{"index":"index","follow":"follow","max-snippet":"max-snippet:-1","max-image-preview":"max-image-preview:large","max-video-preview":"max-video-preview:-1"},"canonical":"http:\/\/www.lindenhausen.de\/blog\/reiseberichte-costa\/kreuzfahrten-2018\/wir-waren-dort-wo-der-pfeffer-waechst-epilog-09-01-2018\/kelheim-05-01-2017\/","og_locale":"de_DE","og_type":"article","og_title":"Kelheim 05.01.2018 - Lindenhausen-weil Reisen Spa\u00df macht","og_description":"Der Wecker klingelt, das Gep\u00e4ck ist fertig und unsere Kinder freuen sich auf ein Familienfr\u00fchst\u00fcck bei Markl-von Lachs bis italienisch ist alles dabei. Der Preis: sie m\u00fcssen uns nach Regensburg zum Zug bringen da ich zu faul zum Umsteigen bin. Wir starteten also bequem, der ICE nach Frankfurt war schnell, umsteigen auf S Bahn kein &hellip; Kelheim 05.01.2018 weiterlesen &rarr;","og_url":"http:\/\/www.lindenhausen.de\/blog\/reiseberichte-costa\/kreuzfahrten-2018\/wir-waren-dort-wo-der-pfeffer-waechst-epilog-09-01-2018\/kelheim-05-01-2017\/","og_site_name":"Lindenhausen-weil Reisen Spa\u00df macht","article_publisher":"http:\/\/www.facebook.com\/Lindenhausen\/","article_modified_time":"2019-01-21T20:47:02+00:00","og_image":[{"url":"http:\/\/www.lindenhausen.de\/blog\/wp-content\/uploads\/2018\/01\/Anreise4-e1516999952452-225x300.jpg"}],"twitter_card":"summary_large_image","twitter_site":"@Maxilinde","twitter_misc":{"Gesch\u00e4tzte Lesezeit":"1\u00a0Minute"},"schema":{"@context":"https:\/\/schema.org","@graph":[{"@type":"WebPage","@id":"http:\/\/www.lindenhausen.de\/blog\/reiseberichte-costa\/kreuzfahrten-2018\/wir-waren-dort-wo-der-pfeffer-waechst-epilog-09-01-2018\/kelheim-05-01-2017\/","url":"http:\/\/www.lindenhausen.de\/blog\/reiseberichte-costa\/kreuzfahrten-2018\/wir-waren-dort-wo-der-pfeffer-waechst-epilog-09-01-2018\/kelheim-05-01-2017\/","name":"Kelheim 05.01.2018 - Lindenhausen-weil Reisen Spa\u00df macht","isPartOf":{"@id":"http:\/\/www.lindenhausen.de\/blog\/#website"},"datePublished":"2018-01-26T21:29:32+00:00","dateModified":"2019-01-21T20:47:02+00:00","breadcrumb":{"@id":"http:\/\/www.lindenhausen.de\/blog\/reiseberichte-costa\/kreuzfahrten-2018\/wir-waren-dort-wo-der-pfeffer-waechst-epilog-09-01-2018\/kelheim-05-01-2017\/#breadcrumb"},"inLanguage":"de","potentialAction":[{"@type":"ReadAction","target":["http:\/\/www.lindenhausen.de\/blog\/reiseberichte-costa\/kreuzfahrten-2018\/wir-waren-dort-wo-der-pfeffer-waechst-epilog-09-01-2018\/kelheim-05-01-2017\/"]}]},{"@type":"BreadcrumbList","@id":"http:\/\/www.lindenhausen.de\/blog\/reiseberichte-costa\/kreuzfahrten-2018\/wir-waren-dort-wo-der-pfeffer-waechst-epilog-09-01-2018\/kelheim-05-01-2017\/#breadcrumb","itemListElement":[{"@type":"ListItem","position":1,"name":"Startseite","item":"http:\/\/www.lindenhausen.de\/blog\/"},{"@type":"ListItem","position":2,"name":"Reiseberichte Costa Kreuzfahrten","item":"https:\/\/www.lindenhausen.de\/blog\/reiseberichte-costa\/"},{"@type":"ListItem","position":3,"name":"Kreuzfahrten 2018","item":"http:\/\/www.lindenhausen.de\/blog\/reiseberichte-costa\/kreuzfahrten-2018\/"},{"@type":"ListItem","position":4,"name":"Wir waren dort wo der Pfeffer w\u00e4chst\u2026\u2026 Epilog-09.01.2018","item":"http:\/\/www.lindenhausen.de\/blog\/reiseberichte-costa\/kreuzfahrten-2018\/wir-waren-dort-wo-der-pfeffer-waechst-epilog-09-01-2018\/"},{"@type":"ListItem","position":5,"name":"Kelheim 05.01.2018"}]},{"@type":"WebSite","@id":"http:\/\/www.lindenhausen.de\/blog\/#website","url":"http:\/\/www.lindenhausen.de\/blog\/","name":"Lindenhausen-weil Reisen Spa\u00df macht","description":"Reisen und Kreuzfahrten, Reiseberichte, Kreuzfahrtforum","potentialAction":[{"@type":"SearchAction","target":{"@type":"EntryPoint","urlTemplate":"http:\/\/www.lindenhausen.de\/blog\/?s={search_term_string}"},"query-input":"required name=search_term_string"}],"inLanguage":"de"}]}},"_links":{"self":[{"href":"http:\/\/www.lindenhausen.de\/blog\/wp-json\/wp\/v2\/pages\/3594"}],"collection":[{"href":"http:\/\/www.lindenhausen.de\/blog\/wp-json\/wp\/v2\/pages"}],"about":[{"href":"http:\/\/www.lindenhausen.de\/blog\/wp-json\/wp\/v2\/types\/page"}],"author":[{"embeddable":true,"href":"http:\/\/www.lindenhausen.de\/blog\/wp-json\/wp\/v2\/users\/1"}],"replies":[{"embeddable":true,"href":"http:\/\/www.lindenhausen.de\/blog\/wp-json\/wp\/v2\/comments?post=3594"}],"version-history":[{"count":4,"href":"http:\/\/www.lindenhausen.de\/blog\/wp-json\/wp\/v2\/pages\/3594\/revisions"}],"predecessor-version":[{"id":4021,"href":"http:\/\/www.lindenhausen.de\/blog\/wp-json\/wp\/v2\/pages\/3594\/revisions\/4021"}],"up":[{"embeddable":true,"href":"http:\/\/www.lindenhausen.de\/blog\/wp-json\/wp\/v2\/pages\/3257"}],"wp:attachment":[{"href":"http:\/\/www.lindenhausen.de\/blog\/wp-json\/wp\/v2\/media?parent=3594"}],"curies":[{"name":"wp","href":"https:\/\/api.w.org\/{rel}","templated":true}]}}