{"id":3238,"date":"2018-01-03T23:55:33","date_gmt":"2018-01-03T22:55:33","guid":{"rendered":"http:\/\/www.lindenhausen.de\/blog\/?page_id=3238"},"modified":"2019-04-07T11:11:06","modified_gmt":"2019-04-07T09:11:06","slug":"barcelonafazit","status":"publish","type":"page","link":"http:\/\/www.lindenhausen.de\/blog\/reiseberichte-costa\/kreuzfahrten-2017\/costa-diadema-1017-barcelona\/barcelonafazit\/","title":{"rendered":"Barcelona\/Fazit"},"content":{"rendered":"<p>Montag 16.10 Barcelona und Fazit<\/p>\n<p>Wir brauchten keinen Wecker, der Sonnenaufgang war herrlich, dieses Licht bei lauem Wetter im Oktober, heute war der letzte Sommertag in diesem Jahr f\u00fcr uns und wir genossen das auf dem Balkon.<\/p>\n<p>Ein Besuch am G\u00e4steservice denn nat\u00fcrlich war der umgebuchte Ausflug nicht mehr auf meine Karte gebucht sonder auf die meines Begleiters, lie\u00df sich auch nicht mehr umbuchen, Punkte ade. Kleinigkeiten aber kostet Zeit und ist \u00c4rgerlich da ich den Mitarbeiter extra darauf hingewiesen hatte.<\/p>\n<p>Nach dem Fr\u00fchst\u00fcck im Clubrestaurant, einem letzten Drink an der Aperol Bar, entschieden wir uns auch jetzt zu Fu\u00df in die Stadt zu gehen.<\/p>\n<p>Wir wollten nochmal zum Strand, dann ohne Demos den Parc de la Ciutadella sehen, das gotische Viertel bewundern um dann zum Pla\u00e7a d&#8217;Espanya zu fahren. Die Stierkampfarena ist heute ein Einkaufszentrum, auf ihrem Dach tolle Aussichtspunkte und Restaurants. Man kann den Aufzug (kostenpflichtig) nehmen oder im inneren die Rolltreppen. Dann spazierten wir zum Nationalpalast, auf dem Weg gab es ein-f\u00fcr uns seltsames-Bayerisches Oktoberfest, sch\u00f6ne Springbrunnen, Aussichten und Sitzgelegenheiten.<\/p>\n<p>Zur\u00fcck zum Kreisverkehr fuhr auch unser Bus zum Flughafen, relativ schnell waren wir durch die Kontrolle und bevor wir uns versahen waren wir auf dem Weg in den Alltag.<\/p>\n<p><a href=\"http:\/\/www.lindenhausen.de\/blog\/wp-content\/uploads\/2018\/01\/K800_IMG_1107-e1514849707237.jpg\"><img decoding=\"async\" loading=\"lazy\" class=\"aligncenter size-medium wp-image-3099\" src=\"http:\/\/www.lindenhausen.de\/blog\/wp-content\/uploads\/2018\/01\/K800_IMG_1107-e1514849707237-300x225.jpg\" alt=\"\" width=\"300\" height=\"225\" srcset=\"http:\/\/www.lindenhausen.de\/blog\/wp-content\/uploads\/2018\/01\/K800_IMG_1107-e1514849707237-300x225.jpg 300w, http:\/\/www.lindenhausen.de\/blog\/wp-content\/uploads\/2018\/01\/K800_IMG_1107-e1514849707237-768x576.jpg 768w, http:\/\/www.lindenhausen.de\/blog\/wp-content\/uploads\/2018\/01\/K800_IMG_1107-e1514849707237.jpg 800w\" sizes=\"(max-width: 300px) 100vw, 300px\" \/><\/a> <a href=\"http:\/\/www.lindenhausen.de\/blog\/wp-content\/uploads\/2018\/01\/K800_IMG_1110-e1514849622850.jpg\"><img decoding=\"async\" loading=\"lazy\" class=\"aligncenter size-medium wp-image-3100\" src=\"http:\/\/www.lindenhausen.de\/blog\/wp-content\/uploads\/2018\/01\/K800_IMG_1110-e1514849622850-225x300.jpg\" alt=\"\" width=\"225\" height=\"300\" srcset=\"http:\/\/www.lindenhausen.de\/blog\/wp-content\/uploads\/2018\/01\/K800_IMG_1110-e1514849622850-225x300.jpg 225w, http:\/\/www.lindenhausen.de\/blog\/wp-content\/uploads\/2018\/01\/K800_IMG_1110-e1514849622850.jpg 600w\" sizes=\"(max-width: 225px) 100vw, 225px\" \/><\/a> <a href=\"http:\/\/www.lindenhausen.de\/blog\/wp-content\/uploads\/2018\/01\/K800_IMG_1112-e1514849593724.jpg\"><img decoding=\"async\" loading=\"lazy\" class=\"aligncenter size-medium wp-image-3101\" src=\"http:\/\/www.lindenhausen.de\/blog\/wp-content\/uploads\/2018\/01\/K800_IMG_1112-e1514849593724-225x300.jpg\" alt=\"\" width=\"225\" height=\"300\" srcset=\"http:\/\/www.lindenhausen.de\/blog\/wp-content\/uploads\/2018\/01\/K800_IMG_1112-e1514849593724-225x300.jpg 225w, http:\/\/www.lindenhausen.de\/blog\/wp-content\/uploads\/2018\/01\/K800_IMG_1112-e1514849593724.jpg 600w\" sizes=\"(max-width: 225px) 100vw, 225px\" \/><\/a> <a href=\"http:\/\/www.lindenhausen.de\/blog\/wp-content\/uploads\/2018\/01\/K800_IMG_1129.jpg\"><img decoding=\"async\" loading=\"lazy\" class=\"aligncenter size-medium wp-image-3102\" src=\"http:\/\/www.lindenhausen.de\/blog\/wp-content\/uploads\/2018\/01\/K800_IMG_1129-300x225.jpg\" alt=\"\" width=\"300\" height=\"225\" srcset=\"http:\/\/www.lindenhausen.de\/blog\/wp-content\/uploads\/2018\/01\/K800_IMG_1129-300x225.jpg 300w, http:\/\/www.lindenhausen.de\/blog\/wp-content\/uploads\/2018\/01\/K800_IMG_1129-768x576.jpg 768w, http:\/\/www.lindenhausen.de\/blog\/wp-content\/uploads\/2018\/01\/K800_IMG_1129.jpg 800w\" sizes=\"(max-width: 300px) 100vw, 300px\" \/><\/a> <a href=\"http:\/\/www.lindenhausen.de\/blog\/wp-content\/uploads\/2018\/01\/K800_IMG_1173-e1514849493595.jpg\"><img decoding=\"async\" loading=\"lazy\" class=\"aligncenter size-medium wp-image-3105\" src=\"http:\/\/www.lindenhausen.de\/blog\/wp-content\/uploads\/2018\/01\/K800_IMG_1173-e1514849493595-225x300.jpg\" alt=\"\" width=\"225\" height=\"300\" srcset=\"http:\/\/www.lindenhausen.de\/blog\/wp-content\/uploads\/2018\/01\/K800_IMG_1173-e1514849493595-225x300.jpg 225w, http:\/\/www.lindenhausen.de\/blog\/wp-content\/uploads\/2018\/01\/K800_IMG_1173-e1514849493595.jpg 600w\" sizes=\"(max-width: 225px) 100vw, 225px\" \/><\/a> <a href=\"http:\/\/www.lindenhausen.de\/blog\/wp-content\/uploads\/2018\/01\/K800_IMG_1184-e1514849432735.jpg\"><img decoding=\"async\" loading=\"lazy\" class=\"aligncenter size-medium wp-image-3106\" src=\"http:\/\/www.lindenhausen.de\/blog\/wp-content\/uploads\/2018\/01\/K800_IMG_1184-e1514849432735-300x225.jpg\" alt=\"\" width=\"300\" height=\"225\" srcset=\"http:\/\/www.lindenhausen.de\/blog\/wp-content\/uploads\/2018\/01\/K800_IMG_1184-e1514849432735-300x225.jpg 300w, http:\/\/www.lindenhausen.de\/blog\/wp-content\/uploads\/2018\/01\/K800_IMG_1184-e1514849432735-768x576.jpg 768w, http:\/\/www.lindenhausen.de\/blog\/wp-content\/uploads\/2018\/01\/K800_IMG_1184-e1514849432735.jpg 800w\" sizes=\"(max-width: 300px) 100vw, 300px\" \/><\/a> <a href=\"http:\/\/www.lindenhausen.de\/blog\/wp-content\/uploads\/2018\/01\/K800_IMG_3726-e1514842687132.jpg\"><img decoding=\"async\" loading=\"lazy\" class=\"aligncenter size-medium wp-image-3201\" src=\"http:\/\/www.lindenhausen.de\/blog\/wp-content\/uploads\/2018\/01\/K800_IMG_3726-e1514842687132-300x225.jpg\" alt=\"\" width=\"300\" height=\"225\" srcset=\"http:\/\/www.lindenhausen.de\/blog\/wp-content\/uploads\/2018\/01\/K800_IMG_3726-e1514842687132-300x225.jpg 300w, http:\/\/www.lindenhausen.de\/blog\/wp-content\/uploads\/2018\/01\/K800_IMG_3726-e1514842687132-768x576.jpg 768w, http:\/\/www.lindenhausen.de\/blog\/wp-content\/uploads\/2018\/01\/K800_IMG_3726-e1514842687132.jpg 800w\" sizes=\"(max-width: 300px) 100vw, 300px\" \/><\/a> <a href=\"http:\/\/www.lindenhausen.de\/blog\/wp-content\/uploads\/2018\/01\/K800_IMG_3707.jpg\"><img decoding=\"async\" loading=\"lazy\" class=\"aligncenter size-medium wp-image-3200\" src=\"http:\/\/www.lindenhausen.de\/blog\/wp-content\/uploads\/2018\/01\/K800_IMG_3707-300x225.jpg\" alt=\"\" width=\"300\" height=\"225\" srcset=\"http:\/\/www.lindenhausen.de\/blog\/wp-content\/uploads\/2018\/01\/K800_IMG_3707-300x225.jpg 300w, http:\/\/www.lindenhausen.de\/blog\/wp-content\/uploads\/2018\/01\/K800_IMG_3707-768x576.jpg 768w, http:\/\/www.lindenhausen.de\/blog\/wp-content\/uploads\/2018\/01\/K800_IMG_3707.jpg 800w\" sizes=\"(max-width: 300px) 100vw, 300px\" \/><\/a> <a href=\"http:\/\/www.lindenhausen.de\/blog\/wp-content\/uploads\/2018\/01\/K800_IMG_3733-e1514842671406.jpg\"><img decoding=\"async\" loading=\"lazy\" class=\"aligncenter size-medium wp-image-3202\" src=\"http:\/\/www.lindenhausen.de\/blog\/wp-content\/uploads\/2018\/01\/K800_IMG_3733-e1514842671406-300x225.jpg\" alt=\"\" width=\"300\" height=\"225\" srcset=\"http:\/\/www.lindenhausen.de\/blog\/wp-content\/uploads\/2018\/01\/K800_IMG_3733-e1514842671406-300x225.jpg 300w, http:\/\/www.lindenhausen.de\/blog\/wp-content\/uploads\/2018\/01\/K800_IMG_3733-e1514842671406-768x576.jpg 768w, http:\/\/www.lindenhausen.de\/blog\/wp-content\/uploads\/2018\/01\/K800_IMG_3733-e1514842671406.jpg 800w\" sizes=\"(max-width: 300px) 100vw, 300px\" \/><\/a> <a href=\"http:\/\/www.lindenhausen.de\/blog\/wp-content\/uploads\/2018\/01\/K800_IMG_3741.jpg\"><img decoding=\"async\" loading=\"lazy\" class=\"aligncenter size-medium wp-image-3203\" src=\"http:\/\/www.lindenhausen.de\/blog\/wp-content\/uploads\/2018\/01\/K800_IMG_3741-300x225.jpg\" alt=\"\" width=\"300\" height=\"225\" srcset=\"http:\/\/www.lindenhausen.de\/blog\/wp-content\/uploads\/2018\/01\/K800_IMG_3741-300x225.jpg 300w, http:\/\/www.lindenhausen.de\/blog\/wp-content\/uploads\/2018\/01\/K800_IMG_3741-768x576.jpg 768w, http:\/\/www.lindenhausen.de\/blog\/wp-content\/uploads\/2018\/01\/K800_IMG_3741.jpg 800w\" sizes=\"(max-width: 300px) 100vw, 300px\" \/><\/a> <a href=\"http:\/\/www.lindenhausen.de\/blog\/wp-content\/uploads\/2018\/01\/K800_IMG_3754.jpg\"><img decoding=\"async\" loading=\"lazy\" class=\"aligncenter size-medium wp-image-3204\" src=\"http:\/\/www.lindenhausen.de\/blog\/wp-content\/uploads\/2018\/01\/K800_IMG_3754-300x225.jpg\" alt=\"\" width=\"300\" height=\"225\" srcset=\"http:\/\/www.lindenhausen.de\/blog\/wp-content\/uploads\/2018\/01\/K800_IMG_3754-300x225.jpg 300w, http:\/\/www.lindenhausen.de\/blog\/wp-content\/uploads\/2018\/01\/K800_IMG_3754-768x576.jpg 768w, http:\/\/www.lindenhausen.de\/blog\/wp-content\/uploads\/2018\/01\/K800_IMG_3754.jpg 800w\" sizes=\"(max-width: 300px) 100vw, 300px\" \/><\/a> <a href=\"http:\/\/www.lindenhausen.de\/blog\/wp-content\/uploads\/2018\/01\/K800_IMG_3766-e1514842614830.jpg\"><img decoding=\"async\" loading=\"lazy\" class=\"aligncenter size-medium wp-image-3206\" src=\"http:\/\/www.lindenhausen.de\/blog\/wp-content\/uploads\/2018\/01\/K800_IMG_3766-e1514842614830-300x225.jpg\" alt=\"\" width=\"300\" height=\"225\" srcset=\"http:\/\/www.lindenhausen.de\/blog\/wp-content\/uploads\/2018\/01\/K800_IMG_3766-e1514842614830-300x225.jpg 300w, http:\/\/www.lindenhausen.de\/blog\/wp-content\/uploads\/2018\/01\/K800_IMG_3766-e1514842614830-768x576.jpg 768w, http:\/\/www.lindenhausen.de\/blog\/wp-content\/uploads\/2018\/01\/K800_IMG_3766-e1514842614830.jpg 800w\" sizes=\"(max-width: 300px) 100vw, 300px\" \/><\/a> <a href=\"http:\/\/www.lindenhausen.de\/blog\/wp-content\/uploads\/2018\/01\/K800_IMG_3783.jpg\"><img decoding=\"async\" loading=\"lazy\" class=\"aligncenter size-medium wp-image-3207\" src=\"http:\/\/www.lindenhausen.de\/blog\/wp-content\/uploads\/2018\/01\/K800_IMG_3783-300x225.jpg\" alt=\"\" width=\"300\" height=\"225\" srcset=\"http:\/\/www.lindenhausen.de\/blog\/wp-content\/uploads\/2018\/01\/K800_IMG_3783-300x225.jpg 300w, http:\/\/www.lindenhausen.de\/blog\/wp-content\/uploads\/2018\/01\/K800_IMG_3783-768x576.jpg 768w, http:\/\/www.lindenhausen.de\/blog\/wp-content\/uploads\/2018\/01\/K800_IMG_3783.jpg 800w\" sizes=\"(max-width: 300px) 100vw, 300px\" \/><\/a> <a href=\"http:\/\/www.lindenhausen.de\/blog\/wp-content\/uploads\/2018\/01\/K800_IMG_3791.jpg\"><img decoding=\"async\" loading=\"lazy\" class=\"aligncenter size-medium wp-image-3208\" src=\"http:\/\/www.lindenhausen.de\/blog\/wp-content\/uploads\/2018\/01\/K800_IMG_3791-300x225.jpg\" alt=\"\" width=\"300\" height=\"225\" srcset=\"http:\/\/www.lindenhausen.de\/blog\/wp-content\/uploads\/2018\/01\/K800_IMG_3791-300x225.jpg 300w, http:\/\/www.lindenhausen.de\/blog\/wp-content\/uploads\/2018\/01\/K800_IMG_3791-768x576.jpg 768w, http:\/\/www.lindenhausen.de\/blog\/wp-content\/uploads\/2018\/01\/K800_IMG_3791.jpg 800w\" sizes=\"(max-width: 300px) 100vw, 300px\" \/><\/a> <a href=\"http:\/\/www.lindenhausen.de\/blog\/wp-content\/uploads\/2018\/01\/K800_IMG_3795.jpg\"><img decoding=\"async\" loading=\"lazy\" class=\"aligncenter size-medium wp-image-3209\" src=\"http:\/\/www.lindenhausen.de\/blog\/wp-content\/uploads\/2018\/01\/K800_IMG_3795-300x169.jpg\" alt=\"\" width=\"300\" height=\"169\" srcset=\"http:\/\/www.lindenhausen.de\/blog\/wp-content\/uploads\/2018\/01\/K800_IMG_3795-300x169.jpg 300w, http:\/\/www.lindenhausen.de\/blog\/wp-content\/uploads\/2018\/01\/K800_IMG_3795-768x432.jpg 768w, http:\/\/www.lindenhausen.de\/blog\/wp-content\/uploads\/2018\/01\/K800_IMG_3795-1024x576.jpg 1024w, http:\/\/www.lindenhausen.de\/blog\/wp-content\/uploads\/2018\/01\/K800_IMG_3795.jpg 1066w\" sizes=\"(max-width: 300px) 100vw, 300px\" \/><\/a><\/p>\n<p>Fazit:<\/p>\n<p>Preis Leistung: Klasse<\/p>\n<p>Schiff: ich mag die Diadema aber es ist kein Schiff zum Relaxen. Es wird immer laut und wuselig sein und durch das umlaufende Deck ist eine Innenkabine leiser als Balkon.<\/p>\n<p>Es ist stressig f\u00fcr das Personal, leider dann bei Problemen auch f\u00fcr den Gast.<\/p>\n<p>Es wird wenig zugeh\u00f6rt und oft abgewimmelt. dann steht man halt im Regen.<\/p>\n<p>Restaurants-so genutzt- gut bis sehr gut-bis auf den Self Service am B\u00fcffet. Hauptrestaurant wurde von uns nicht genutzt, daher keine Bewertung.<\/p>\n<p>Spa wundersch\u00f6n mit desinteressiertem Personal<\/p>\n<p>Suite: toll-bis auf dem L\u00e4rm von Deck 5. Butler perfekt, Steward perfekt, vielen lieben Dank daf\u00fcr,<\/p>\n<p>Preis\/Leistung f\u00fcr unsere Buchung perfekt.<\/p>\n<p>Route toll, Organisation den Menschenmassen angemessen.<\/p>\n<p>Kleidung, egal was manche denken sollete am Tag leger, am Abend casual und bei Gala Formal sein.<\/p>\n<p>Unterhaltung gut, leider oft zu sp\u00e4t.<\/p>\n","protected":false},"excerpt":{"rendered":"<p>Montag 16.10 Barcelona und Fazit Wir brauchten keinen Wecker, der Sonnenaufgang war herrlich, dieses Licht bei lauem Wetter im Oktober, heute war der letzte Sommertag in diesem Jahr f\u00fcr uns und wir genossen das auf dem Balkon. Ein Besuch am G\u00e4steservice denn nat\u00fcrlich war der umgebuchte Ausflug nicht mehr auf meine Karte gebucht sonder auf &hellip; <a href=\"http:\/\/www.lindenhausen.de\/blog\/reiseberichte-costa\/kreuzfahrten-2017\/costa-diadema-1017-barcelona\/barcelonafazit\/\" class=\"more-link\"><span class=\"screen-reader-text\">Barcelona\/Fazit<\/span> weiterlesen <span class=\"meta-nav\">&rarr;<\/span><\/a><\/p>\n","protected":false},"author":1,"featured_media":0,"parent":3215,"menu_order":8,"comment_status":"closed","ping_status":"closed","template":"","meta":{"_monsterinsights_skip_tracking":false,"_monsterinsights_sitenote_active":false,"_monsterinsights_sitenote_note":"","_monsterinsights_sitenote_category":0},"yoast_head":"<!-- This site is optimized with the Yoast SEO plugin v21.0 - https:\/\/yoast.com\/wordpress\/plugins\/seo\/ -->\n<title>Barcelona\/Fazit - Lindenhausen-weil Reisen Spa\u00df macht<\/title>\n<meta name=\"robots\" content=\"index, follow, max-snippet:-1, max-image-preview:large, max-video-preview:-1\" \/>\n<link rel=\"canonical\" href=\"http:\/\/www.lindenhausen.de\/blog\/reiseberichte-costa\/kreuzfahrten-2017\/costa-diadema-1017-barcelona\/barcelonafazit\/\" \/>\n<meta property=\"og:locale\" content=\"de_DE\" \/>\n<meta property=\"og:type\" content=\"article\" \/>\n<meta property=\"og:title\" content=\"Barcelona\/Fazit - Lindenhausen-weil Reisen Spa\u00df macht\" \/>\n<meta property=\"og:description\" content=\"Montag 16.10 Barcelona und Fazit Wir brauchten keinen Wecker, der Sonnenaufgang war herrlich, dieses Licht bei lauem Wetter im Oktober, heute war der letzte Sommertag in diesem Jahr f\u00fcr uns und wir genossen das auf dem Balkon. Ein Besuch am G\u00e4steservice denn nat\u00fcrlich war der umgebuchte Ausflug nicht mehr auf meine Karte gebucht sonder auf &hellip; Barcelona\/Fazit weiterlesen &rarr;\" \/>\n<meta property=\"og:url\" content=\"http:\/\/www.lindenhausen.de\/blog\/reiseberichte-costa\/kreuzfahrten-2017\/costa-diadema-1017-barcelona\/barcelonafazit\/\" \/>\n<meta property=\"og:site_name\" content=\"Lindenhausen-weil Reisen Spa\u00df macht\" \/>\n<meta property=\"article:publisher\" content=\"http:\/\/www.facebook.com\/Lindenhausen\/\" \/>\n<meta property=\"article:modified_time\" content=\"2019-04-07T09:11:06+00:00\" \/>\n<meta property=\"og:image\" content=\"http:\/\/www.lindenhausen.de\/blog\/wp-content\/uploads\/2018\/01\/K800_IMG_1107-e1514849707237-300x225.jpg\" \/>\n<meta name=\"twitter:card\" content=\"summary_large_image\" \/>\n<meta name=\"twitter:site\" content=\"@Maxilinde\" \/>\n<meta name=\"twitter:label1\" content=\"Gesch\u00e4tzte Lesezeit\" \/>\n\t<meta name=\"twitter:data1\" content=\"2\u00a0Minuten\" \/>\n<script type=\"application\/ld+json\" class=\"yoast-schema-graph\">{\"@context\":\"https:\/\/schema.org\",\"@graph\":[{\"@type\":\"WebPage\",\"@id\":\"http:\/\/www.lindenhausen.de\/blog\/reiseberichte-costa\/kreuzfahrten-2017\/costa-diadema-1017-barcelona\/barcelonafazit\/\",\"url\":\"http:\/\/www.lindenhausen.de\/blog\/reiseberichte-costa\/kreuzfahrten-2017\/costa-diadema-1017-barcelona\/barcelonafazit\/\",\"name\":\"Barcelona\/Fazit - Lindenhausen-weil Reisen Spa\u00df macht\",\"isPartOf\":{\"@id\":\"https:\/\/www.lindenhausen.de\/blog\/#website\"},\"datePublished\":\"2018-01-03T22:55:33+00:00\",\"dateModified\":\"2019-04-07T09:11:06+00:00\",\"breadcrumb\":{\"@id\":\"http:\/\/www.lindenhausen.de\/blog\/reiseberichte-costa\/kreuzfahrten-2017\/costa-diadema-1017-barcelona\/barcelonafazit\/#breadcrumb\"},\"inLanguage\":\"de\",\"potentialAction\":[{\"@type\":\"ReadAction\",\"target\":[\"http:\/\/www.lindenhausen.de\/blog\/reiseberichte-costa\/kreuzfahrten-2017\/costa-diadema-1017-barcelona\/barcelonafazit\/\"]}]},{\"@type\":\"BreadcrumbList\",\"@id\":\"http:\/\/www.lindenhausen.de\/blog\/reiseberichte-costa\/kreuzfahrten-2017\/costa-diadema-1017-barcelona\/barcelonafazit\/#breadcrumb\",\"itemListElement\":[{\"@type\":\"ListItem\",\"position\":1,\"name\":\"Startseite\",\"item\":\"https:\/\/www.lindenhausen.de\/blog\/\"},{\"@type\":\"ListItem\",\"position\":2,\"name\":\"Reiseberichte Costa Kreuzfahrten\",\"item\":\"http:\/\/www.lindenhausen.de\/blog\/reiseberichte-costa\/\"},{\"@type\":\"ListItem\",\"position\":3,\"name\":\"Kreuzfahrten 2017\",\"item\":\"https:\/\/www.lindenhausen.de\/blog\/reiseberichte-costa\/kreuzfahrten-2017\/\"},{\"@type\":\"ListItem\",\"position\":4,\"name\":\"Costa Diadema 10\/17 Barcelona\",\"item\":\"https:\/\/www.lindenhausen.de\/blog\/reiseberichte-costa\/kreuzfahrten-2017\/costa-diadema-1017-barcelona\/\"},{\"@type\":\"ListItem\",\"position\":5,\"name\":\"Barcelona\/Fazit\"}]},{\"@type\":\"WebSite\",\"@id\":\"https:\/\/www.lindenhausen.de\/blog\/#website\",\"url\":\"https:\/\/www.lindenhausen.de\/blog\/\",\"name\":\"Lindenhausen-weil Reisen Spa\u00df macht\",\"description\":\"Reisen und Kreuzfahrten, Reiseberichte, Kreuzfahrtforum\",\"potentialAction\":[{\"@type\":\"SearchAction\",\"target\":{\"@type\":\"EntryPoint\",\"urlTemplate\":\"https:\/\/www.lindenhausen.de\/blog\/?s={search_term_string}\"},\"query-input\":\"required name=search_term_string\"}],\"inLanguage\":\"de\"}]}<\/script>\n<!-- \/ Yoast SEO plugin. -->","yoast_head_json":{"title":"Barcelona\/Fazit - Lindenhausen-weil Reisen Spa\u00df macht","robots":{"index":"index","follow":"follow","max-snippet":"max-snippet:-1","max-image-preview":"max-image-preview:large","max-video-preview":"max-video-preview:-1"},"canonical":"http:\/\/www.lindenhausen.de\/blog\/reiseberichte-costa\/kreuzfahrten-2017\/costa-diadema-1017-barcelona\/barcelonafazit\/","og_locale":"de_DE","og_type":"article","og_title":"Barcelona\/Fazit - Lindenhausen-weil Reisen Spa\u00df macht","og_description":"Montag 16.10 Barcelona und Fazit Wir brauchten keinen Wecker, der Sonnenaufgang war herrlich, dieses Licht bei lauem Wetter im Oktober, heute war der letzte Sommertag in diesem Jahr f\u00fcr uns und wir genossen das auf dem Balkon. Ein Besuch am G\u00e4steservice denn nat\u00fcrlich war der umgebuchte Ausflug nicht mehr auf meine Karte gebucht sonder auf &hellip; Barcelona\/Fazit weiterlesen &rarr;","og_url":"http:\/\/www.lindenhausen.de\/blog\/reiseberichte-costa\/kreuzfahrten-2017\/costa-diadema-1017-barcelona\/barcelonafazit\/","og_site_name":"Lindenhausen-weil Reisen Spa\u00df macht","article_publisher":"http:\/\/www.facebook.com\/Lindenhausen\/","article_modified_time":"2019-04-07T09:11:06+00:00","og_image":[{"url":"http:\/\/www.lindenhausen.de\/blog\/wp-content\/uploads\/2018\/01\/K800_IMG_1107-e1514849707237-300x225.jpg"}],"twitter_card":"summary_large_image","twitter_site":"@Maxilinde","twitter_misc":{"Gesch\u00e4tzte Lesezeit":"2\u00a0Minuten"},"schema":{"@context":"https:\/\/schema.org","@graph":[{"@type":"WebPage","@id":"http:\/\/www.lindenhausen.de\/blog\/reiseberichte-costa\/kreuzfahrten-2017\/costa-diadema-1017-barcelona\/barcelonafazit\/","url":"http:\/\/www.lindenhausen.de\/blog\/reiseberichte-costa\/kreuzfahrten-2017\/costa-diadema-1017-barcelona\/barcelonafazit\/","name":"Barcelona\/Fazit - Lindenhausen-weil Reisen Spa\u00df macht","isPartOf":{"@id":"https:\/\/www.lindenhausen.de\/blog\/#website"},"datePublished":"2018-01-03T22:55:33+00:00","dateModified":"2019-04-07T09:11:06+00:00","breadcrumb":{"@id":"http:\/\/www.lindenhausen.de\/blog\/reiseberichte-costa\/kreuzfahrten-2017\/costa-diadema-1017-barcelona\/barcelonafazit\/#breadcrumb"},"inLanguage":"de","potentialAction":[{"@type":"ReadAction","target":["http:\/\/www.lindenhausen.de\/blog\/reiseberichte-costa\/kreuzfahrten-2017\/costa-diadema-1017-barcelona\/barcelonafazit\/"]}]},{"@type":"BreadcrumbList","@id":"http:\/\/www.lindenhausen.de\/blog\/reiseberichte-costa\/kreuzfahrten-2017\/costa-diadema-1017-barcelona\/barcelonafazit\/#breadcrumb","itemListElement":[{"@type":"ListItem","position":1,"name":"Startseite","item":"https:\/\/www.lindenhausen.de\/blog\/"},{"@type":"ListItem","position":2,"name":"Reiseberichte Costa Kreuzfahrten","item":"http:\/\/www.lindenhausen.de\/blog\/reiseberichte-costa\/"},{"@type":"ListItem","position":3,"name":"Kreuzfahrten 2017","item":"https:\/\/www.lindenhausen.de\/blog\/reiseberichte-costa\/kreuzfahrten-2017\/"},{"@type":"ListItem","position":4,"name":"Costa Diadema 10\/17 Barcelona","item":"https:\/\/www.lindenhausen.de\/blog\/reiseberichte-costa\/kreuzfahrten-2017\/costa-diadema-1017-barcelona\/"},{"@type":"ListItem","position":5,"name":"Barcelona\/Fazit"}]},{"@type":"WebSite","@id":"https:\/\/www.lindenhausen.de\/blog\/#website","url":"https:\/\/www.lindenhausen.de\/blog\/","name":"Lindenhausen-weil Reisen Spa\u00df macht","description":"Reisen und Kreuzfahrten, Reiseberichte, Kreuzfahrtforum","potentialAction":[{"@type":"SearchAction","target":{"@type":"EntryPoint","urlTemplate":"https:\/\/www.lindenhausen.de\/blog\/?s={search_term_string}"},"query-input":"required name=search_term_string"}],"inLanguage":"de"}]}},"_links":{"self":[{"href":"http:\/\/www.lindenhausen.de\/blog\/wp-json\/wp\/v2\/pages\/3238"}],"collection":[{"href":"http:\/\/www.lindenhausen.de\/blog\/wp-json\/wp\/v2\/pages"}],"about":[{"href":"http:\/\/www.lindenhausen.de\/blog\/wp-json\/wp\/v2\/types\/page"}],"author":[{"embeddable":true,"href":"http:\/\/www.lindenhausen.de\/blog\/wp-json\/wp\/v2\/users\/1"}],"replies":[{"embeddable":true,"href":"http:\/\/www.lindenhausen.de\/blog\/wp-json\/wp\/v2\/comments?post=3238"}],"version-history":[{"count":5,"href":"http:\/\/www.lindenhausen.de\/blog\/wp-json\/wp\/v2\/pages\/3238\/revisions"}],"predecessor-version":[{"id":4453,"href":"http:\/\/www.lindenhausen.de\/blog\/wp-json\/wp\/v2\/pages\/3238\/revisions\/4453"}],"up":[{"embeddable":true,"href":"http:\/\/www.lindenhausen.de\/blog\/wp-json\/wp\/v2\/pages\/3215"}],"wp:attachment":[{"href":"http:\/\/www.lindenhausen.de\/blog\/wp-json\/wp\/v2\/media?parent=3238"}],"curies":[{"name":"wp","href":"https:\/\/api.w.org\/{rel}","templated":true}]}}