{"id":323,"date":"2015-04-12T13:13:29","date_gmt":"2015-04-12T11:13:29","guid":{"rendered":"http:\/\/www.lindenhausen.de\/blog\/?page_id=323"},"modified":"2015-04-12T13:40:03","modified_gmt":"2015-04-12T11:40:03","slug":"reiseberichte-radreisen","status":"publish","type":"page","link":"http:\/\/www.lindenhausen.de\/blog\/reiseberichte-radreisen\/","title":{"rendered":"Reiseberichte Radreisen"},"content":{"rendered":"<p>Eine meiner Leidenschaften ist das Radfahren, genau das richtige Tempo um viel zu sehen, aber langsam genug um genau hinschauen zu k\u00f6nnen.<br \/>\nNicht zu jeder Reise gibt es einen Bericht, im Nachhinein manchmal schade denn so ger\u00e4t auch bei mir einiges in Vergessenheit.<br \/>\nWir haben immer volles Gep\u00e4ck dabei denn \u00fcbernachtet wird im Zelt, da wo wir halt ankommen.<\/p>\n<p>2004 Donauradweg Passau-Mosonmagyarovar-Wien<br \/>\n2005 Donauradweg Passau-<br \/>\n2006 Hamburg-Dresden<br \/>\n2007 Hook van Holland-Basel<br \/>\n2008 Budapest-Szeged-Debrecen-Eger<br \/>\n2009 Offenburg-Strassburg-Frankfurt-Rothenburg o.d.T.-Dollnstein<br \/>\n2010 Passau- Neusiedler See-Balaton<br \/>\n2011 Petronell Carnuntum-Neusiedler See-Balaton-Budapest-Donauradweg Bratislava-Petronell Carnuntum<br \/>\n2013 Donau-Ries<br \/>\n2013 Donauradweg Passau-Budapest<br \/>\n2014 Altm\u00fchltal Kelheim-Eichst\u00e4tt-Gunzenhausen<br \/>\n<img decoding=\"async\" src=\"http:\/\/www.lindenhausen.de\/Fotos\/Forum\/antritt\/antritt20.JPG\" alt=\"\" \/><\/p>\n","protected":false},"excerpt":{"rendered":"<p>Eine meiner Leidenschaften ist das Radfahren, genau das richtige Tempo um viel zu sehen, aber langsam genug um genau hinschauen zu k\u00f6nnen. Nicht zu jeder Reise gibt es einen Bericht, im Nachhinein manchmal schade denn so ger\u00e4t auch bei mir einiges in Vergessenheit. Wir haben immer volles Gep\u00e4ck dabei denn \u00fcbernachtet wird im Zelt, da &hellip; <a href=\"http:\/\/www.lindenhausen.de\/blog\/reiseberichte-radreisen\/\" class=\"more-link\"><span class=\"screen-reader-text\">Reiseberichte Radreisen<\/span> weiterlesen <span class=\"meta-nav\">&rarr;<\/span><\/a><\/p>\n","protected":false},"author":1,"featured_media":0,"parent":0,"menu_order":0,"comment_status":"open","ping_status":"open","template":"","meta":{"_monsterinsights_skip_tracking":false,"_monsterinsights_sitenote_active":false,"_monsterinsights_sitenote_note":"","_monsterinsights_sitenote_category":0},"yoast_head":"<!-- This site is optimized with the Yoast SEO plugin v21.0 - https:\/\/yoast.com\/wordpress\/plugins\/seo\/ -->\n<title>Reiseberichte Radreisen - Lindenhausen-weil Reisen Spa\u00df macht<\/title>\n<meta name=\"robots\" content=\"index, follow, max-snippet:-1, max-image-preview:large, max-video-preview:-1\" \/>\n<link rel=\"canonical\" href=\"http:\/\/www.lindenhausen.de\/blog\/reiseberichte-radreisen\/\" \/>\n<meta property=\"og:locale\" content=\"de_DE\" \/>\n<meta property=\"og:type\" content=\"article\" \/>\n<meta property=\"og:title\" content=\"Reiseberichte Radreisen - Lindenhausen-weil Reisen Spa\u00df macht\" \/>\n<meta property=\"og:description\" content=\"Eine meiner Leidenschaften ist das Radfahren, genau das richtige Tempo um viel zu sehen, aber langsam genug um genau hinschauen zu k\u00f6nnen. Nicht zu jeder Reise gibt es einen Bericht, im Nachhinein manchmal schade denn so ger\u00e4t auch bei mir einiges in Vergessenheit. Wir haben immer volles Gep\u00e4ck dabei denn \u00fcbernachtet wird im Zelt, da &hellip; Reiseberichte Radreisen weiterlesen &rarr;\" \/>\n<meta property=\"og:url\" content=\"http:\/\/www.lindenhausen.de\/blog\/reiseberichte-radreisen\/\" \/>\n<meta property=\"og:site_name\" content=\"Lindenhausen-weil Reisen Spa\u00df macht\" \/>\n<meta property=\"article:publisher\" content=\"http:\/\/www.facebook.com\/Lindenhausen\/\" \/>\n<meta property=\"article:modified_time\" content=\"2015-04-12T11:40:03+00:00\" \/>\n<meta property=\"og:image\" content=\"http:\/\/www.lindenhausen.de\/Fotos\/Forum\/antritt\/antritt20.JPG\" \/>\n<meta name=\"twitter:card\" content=\"summary_large_image\" \/>\n<meta name=\"twitter:site\" content=\"@Maxilinde\" \/>\n<script type=\"application\/ld+json\" class=\"yoast-schema-graph\">{\"@context\":\"https:\/\/schema.org\",\"@graph\":[{\"@type\":\"WebPage\",\"@id\":\"http:\/\/www.lindenhausen.de\/blog\/reiseberichte-radreisen\/\",\"url\":\"http:\/\/www.lindenhausen.de\/blog\/reiseberichte-radreisen\/\",\"name\":\"Reiseberichte Radreisen - Lindenhausen-weil Reisen Spa\u00df macht\",\"isPartOf\":{\"@id\":\"https:\/\/www.lindenhausen.de\/blog\/#website\"},\"datePublished\":\"2015-04-12T11:13:29+00:00\",\"dateModified\":\"2015-04-12T11:40:03+00:00\",\"breadcrumb\":{\"@id\":\"http:\/\/www.lindenhausen.de\/blog\/reiseberichte-radreisen\/#breadcrumb\"},\"inLanguage\":\"de\",\"potentialAction\":[{\"@type\":\"ReadAction\",\"target\":[\"http:\/\/www.lindenhausen.de\/blog\/reiseberichte-radreisen\/\"]}]},{\"@type\":\"BreadcrumbList\",\"@id\":\"http:\/\/www.lindenhausen.de\/blog\/reiseberichte-radreisen\/#breadcrumb\",\"itemListElement\":[{\"@type\":\"ListItem\",\"position\":1,\"name\":\"Startseite\",\"item\":\"https:\/\/www.lindenhausen.de\/blog\/\"},{\"@type\":\"ListItem\",\"position\":2,\"name\":\"Reiseberichte Radreisen\"}]},{\"@type\":\"WebSite\",\"@id\":\"https:\/\/www.lindenhausen.de\/blog\/#website\",\"url\":\"https:\/\/www.lindenhausen.de\/blog\/\",\"name\":\"Lindenhausen-weil Reisen Spa\u00df macht\",\"description\":\"Reisen und Kreuzfahrten, Reiseberichte, Kreuzfahrtforum\",\"potentialAction\":[{\"@type\":\"SearchAction\",\"target\":{\"@type\":\"EntryPoint\",\"urlTemplate\":\"https:\/\/www.lindenhausen.de\/blog\/?s={search_term_string}\"},\"query-input\":\"required name=search_term_string\"}],\"inLanguage\":\"de\"}]}<\/script>\n<!-- \/ Yoast SEO plugin. -->","yoast_head_json":{"title":"Reiseberichte Radreisen - Lindenhausen-weil Reisen Spa\u00df macht","robots":{"index":"index","follow":"follow","max-snippet":"max-snippet:-1","max-image-preview":"max-image-preview:large","max-video-preview":"max-video-preview:-1"},"canonical":"http:\/\/www.lindenhausen.de\/blog\/reiseberichte-radreisen\/","og_locale":"de_DE","og_type":"article","og_title":"Reiseberichte Radreisen - Lindenhausen-weil Reisen Spa\u00df macht","og_description":"Eine meiner Leidenschaften ist das Radfahren, genau das richtige Tempo um viel zu sehen, aber langsam genug um genau hinschauen zu k\u00f6nnen. Nicht zu jeder Reise gibt es einen Bericht, im Nachhinein manchmal schade denn so ger\u00e4t auch bei mir einiges in Vergessenheit. Wir haben immer volles Gep\u00e4ck dabei denn \u00fcbernachtet wird im Zelt, da &hellip; Reiseberichte Radreisen weiterlesen &rarr;","og_url":"http:\/\/www.lindenhausen.de\/blog\/reiseberichte-radreisen\/","og_site_name":"Lindenhausen-weil Reisen Spa\u00df macht","article_publisher":"http:\/\/www.facebook.com\/Lindenhausen\/","article_modified_time":"2015-04-12T11:40:03+00:00","og_image":[{"url":"http:\/\/www.lindenhausen.de\/Fotos\/Forum\/antritt\/antritt20.JPG"}],"twitter_card":"summary_large_image","twitter_site":"@Maxilinde","schema":{"@context":"https:\/\/schema.org","@graph":[{"@type":"WebPage","@id":"http:\/\/www.lindenhausen.de\/blog\/reiseberichte-radreisen\/","url":"http:\/\/www.lindenhausen.de\/blog\/reiseberichte-radreisen\/","name":"Reiseberichte Radreisen - Lindenhausen-weil Reisen Spa\u00df macht","isPartOf":{"@id":"https:\/\/www.lindenhausen.de\/blog\/#website"},"datePublished":"2015-04-12T11:13:29+00:00","dateModified":"2015-04-12T11:40:03+00:00","breadcrumb":{"@id":"http:\/\/www.lindenhausen.de\/blog\/reiseberichte-radreisen\/#breadcrumb"},"inLanguage":"de","potentialAction":[{"@type":"ReadAction","target":["http:\/\/www.lindenhausen.de\/blog\/reiseberichte-radreisen\/"]}]},{"@type":"BreadcrumbList","@id":"http:\/\/www.lindenhausen.de\/blog\/reiseberichte-radreisen\/#breadcrumb","itemListElement":[{"@type":"ListItem","position":1,"name":"Startseite","item":"https:\/\/www.lindenhausen.de\/blog\/"},{"@type":"ListItem","position":2,"name":"Reiseberichte Radreisen"}]},{"@type":"WebSite","@id":"https:\/\/www.lindenhausen.de\/blog\/#website","url":"https:\/\/www.lindenhausen.de\/blog\/","name":"Lindenhausen-weil Reisen Spa\u00df macht","description":"Reisen und Kreuzfahrten, Reiseberichte, Kreuzfahrtforum","potentialAction":[{"@type":"SearchAction","target":{"@type":"EntryPoint","urlTemplate":"https:\/\/www.lindenhausen.de\/blog\/?s={search_term_string}"},"query-input":"required name=search_term_string"}],"inLanguage":"de"}]}},"_links":{"self":[{"href":"http:\/\/www.lindenhausen.de\/blog\/wp-json\/wp\/v2\/pages\/323"}],"collection":[{"href":"http:\/\/www.lindenhausen.de\/blog\/wp-json\/wp\/v2\/pages"}],"about":[{"href":"http:\/\/www.lindenhausen.de\/blog\/wp-json\/wp\/v2\/types\/page"}],"author":[{"embeddable":true,"href":"http:\/\/www.lindenhausen.de\/blog\/wp-json\/wp\/v2\/users\/1"}],"replies":[{"embeddable":true,"href":"http:\/\/www.lindenhausen.de\/blog\/wp-json\/wp\/v2\/comments?post=323"}],"version-history":[{"count":3,"href":"http:\/\/www.lindenhausen.de\/blog\/wp-json\/wp\/v2\/pages\/323\/revisions"}],"predecessor-version":[{"id":335,"href":"http:\/\/www.lindenhausen.de\/blog\/wp-json\/wp\/v2\/pages\/323\/revisions\/335"}],"wp:attachment":[{"href":"http:\/\/www.lindenhausen.de\/blog\/wp-json\/wp\/v2\/media?parent=323"}],"curies":[{"name":"wp","href":"https:\/\/api.w.org\/{rel}","templated":true}]}}