{"id":3222,"date":"2018-01-03T23:23:20","date_gmt":"2018-01-03T22:23:20","guid":{"rendered":"http:\/\/www.lindenhausen.de\/blog\/?page_id=3222"},"modified":"2018-01-04T00:01:47","modified_gmt":"2018-01-03T23:01:47","slug":"seetag","status":"publish","type":"page","link":"http:\/\/www.lindenhausen.de\/blog\/reiseberichte-costa\/kreuzfahrten-2017\/costa-diadema-1017-barcelona\/seetag\/","title":{"rendered":"Seetag"},"content":{"rendered":"<p>Mittwoch 11.10.2017 See Tag<\/p>\n<p>&nbsp;<\/p>\n<p>Ein wenig ausschlafen, es ist ja Urlaub. Fast als letzte G\u00e4ste erschienen wir zum Fr\u00fchst\u00fcck.<\/p>\n<p>Danach besuchte ich die Damen im Travel Office um die n\u00e4chste Reise zu buchen. Nach langem Warten was das Ergebnis nicht das was ich wollte denn die junge Dame behauptete allen Ernstes das die Reise (Abreise Warnem\u00fcnde) nur mit Flug zu buchen sei. Also erst einmal alles gelassen, vertane Zeit.<\/p>\n<p>Dann war h\u00fcbsch machen angesagt, der Kapit\u00e4n lud zum VIP Empfang.<\/p>\n<p><a href=\"http:\/\/www.lindenhausen.de\/blog\/wp-content\/uploads\/2018\/01\/K800_DJRL6581-3-339.jpg\"><img decoding=\"async\" loading=\"lazy\" class=\"aligncenter size-medium wp-image-3001\" src=\"http:\/\/www.lindenhausen.de\/blog\/wp-content\/uploads\/2018\/01\/K800_DJRL6581-3-339-300x225.jpg\" alt=\"\" width=\"300\" height=\"225\" srcset=\"http:\/\/www.lindenhausen.de\/blog\/wp-content\/uploads\/2018\/01\/K800_DJRL6581-3-339-300x225.jpg 300w, http:\/\/www.lindenhausen.de\/blog\/wp-content\/uploads\/2018\/01\/K800_DJRL6581-3-339-768x576.jpg 768w, http:\/\/www.lindenhausen.de\/blog\/wp-content\/uploads\/2018\/01\/K800_DJRL6581-3-339.jpg 800w\" sizes=\"(max-width: 300px) 100vw, 300px\" \/><\/a><\/p>\n<p>Hier traf ich dann auch unsere Travel Agentin wieder- sie entschuldigte sich und meinte eine L\u00f6sung gefunden zu haben, ich sollte bei Ihr einfach nochmal vorbeikommen.<\/p>\n<p>Die Veranstaltung ist schon nett, wird aber nat\u00fcrlich mit der Zeit auch zur Gewohnheit.<\/p>\n<p>Costa m\u00f6chte ja ab n\u00e4chsten Jahr die Clubempf\u00e4nge ver\u00e4ndern, ich bin gespannt was da auf uns zukommt.<\/p>\n<p>Danach wieder legere Kleidung, am See Tag darf es ruhig ein wenig bequem sein.<\/p>\n<p>Wir schauten mal was an Bord so los ist, es war einiges an Programm geboten, auf dem Pool Deck ein Live Nudeln kochen, italienisch laut und temperamentvoll.<\/p>\n<p>Voice of the Sea im Theater, Quiz und Spiele in der Grand Bar oder eben einfach Sonne und frische Luft und ein wenig spazieren gehen an Deck.<\/p>\n<p>Jeder wie er mag, das ist es was ich bei Costa so mag.<\/p>\n<p>Zum Mittag hatte ich nicht viel Hunger, da kam ein Teller mit Garnelen gerade recht, nicht viel aber lecker.<\/p>\n<p>Dann noch einmal die Travel Agentin besucht, die wollte uns nun ab Kopenhagen fahren lassen, das ginge ohne Flug. Ging aber nicht da unsere Mitbuchenrab Warnem\u00fcnde fahren wollen, aus ganz pers\u00f6nlichen Gr\u00fcnden. Also wieder vertane Zeit.<\/p>\n<p>Ich rief dann meine Reiseberaterin in Rostock an und hatte binnen 15 Minuten 2 Optionsbuchungen f\u00fcr Warnem\u00fcnde ohne Flug, die ich Travel Office vorbeibrachte. Sie war ein wenig erstaunt, ich glaube das diese Mitarbeiterin recht neu war und nur auf dem italienischen Buchungsportal geschaut hat.<\/p>\n<p>Mittagsschlaf und dann Whirlpool, ein Tag zum Relaxen.<\/p>\n<p>Der Sonnenuntergang war heute besonders sch\u00f6n, \u00fcberhaupt was das Wetter auf dieser Reise wunderbar, immer zwischen 20-25\u00b0C und Sonne satt. Dazu eine ruhige See, Ententeich.<\/p>\n<p>Mein Begleiter hatte einen Gutschein f\u00fcr das 4D Kino, ich besuchte in dieser Zeit Husni.<\/p>\n<p>Abendessen, ein Glas Wein in der Au\u00dfen Bar auf Deck 5 und dann waren wir schon wieder mehr als m\u00fcde und morgen sollte es ja fr\u00fch am Morgen nach Rom gehen.<\/p>\n<div id='gallery-1' class='gallery galleryid-3222 gallery-columns-2 gallery-size-thumbnail'><figure class='gallery-item'>\n\t\t\t<div class='gallery-icon portrait'>\n\t\t\t\t<a href='http:\/\/www.lindenhausen.de\/blog\/costa-diadema-102017\/k800_drey3357-2-6\/'><img width=\"150\" height=\"150\" src=\"http:\/\/www.lindenhausen.de\/blog\/wp-content\/uploads\/2018\/01\/K800_DREY3357-2-6-e1514933620343-150x150.jpg\" class=\"attachment-thumbnail size-thumbnail\" alt=\"\" decoding=\"async\" loading=\"lazy\" \/><\/a>\n\t\t\t<\/div><\/figure><figure class='gallery-item'>\n\t\t\t<div class='gallery-icon portrait'>\n\t\t\t\t<a href='http:\/\/www.lindenhausen.de\/blog\/costa-diadema-102017\/k800_drey3357-2-7\/'><img width=\"150\" height=\"150\" src=\"http:\/\/www.lindenhausen.de\/blog\/wp-content\/uploads\/2018\/01\/K800_DREY3357-2-7-e1514933594272-150x150.jpg\" class=\"attachment-thumbnail size-thumbnail\" alt=\"\" decoding=\"async\" loading=\"lazy\" \/><\/a>\n\t\t\t<\/div><\/figure><figure class='gallery-item'>\n\t\t\t<div class='gallery-icon landscape'>\n\t\t\t\t<a href='http:\/\/www.lindenhausen.de\/blog\/costa-diadema-102017\/k800_drey3357-2-22\/'><img width=\"150\" height=\"150\" src=\"http:\/\/www.lindenhausen.de\/blog\/wp-content\/uploads\/2018\/01\/K800_DREY3357-2-22-e1514933567392-150x150.jpg\" class=\"attachment-thumbnail size-thumbnail\" alt=\"\" decoding=\"async\" loading=\"lazy\" \/><\/a>\n\t\t\t<\/div><\/figure><figure class='gallery-item'>\n\t\t\t<div class='gallery-icon portrait'>\n\t\t\t\t<a href='http:\/\/www.lindenhausen.de\/blog\/costa-diadema-102017\/k800_drey3357-2-28\/'><img width=\"150\" height=\"150\" src=\"http:\/\/www.lindenhausen.de\/blog\/wp-content\/uploads\/2018\/01\/K800_DREY3357-2-28-e1514933539726-150x150.jpg\" class=\"attachment-thumbnail size-thumbnail\" alt=\"\" decoding=\"async\" loading=\"lazy\" \/><\/a>\n\t\t\t<\/div><\/figure><figure class='gallery-item'>\n\t\t\t<div class='gallery-icon landscape'>\n\t\t\t\t<a href='http:\/\/www.lindenhausen.de\/blog\/costa-diadema-102017\/k800_drey3357-2-31\/'><img width=\"150\" height=\"150\" src=\"http:\/\/www.lindenhausen.de\/blog\/wp-content\/uploads\/2018\/01\/K800_DREY3357-2-31-150x150.jpg\" class=\"attachment-thumbnail size-thumbnail\" alt=\"\" decoding=\"async\" loading=\"lazy\" \/><\/a>\n\t\t\t<\/div><\/figure><figure class='gallery-item'>\n\t\t\t<div class='gallery-icon landscape'>\n\t\t\t\t<a href='http:\/\/www.lindenhausen.de\/blog\/costa-diadema-102017\/k800_img_1630\/'><img width=\"150\" height=\"150\" src=\"http:\/\/www.lindenhausen.de\/blog\/wp-content\/uploads\/2018\/01\/K800_IMG_1630-150x150.jpg\" class=\"attachment-thumbnail size-thumbnail\" alt=\"\" decoding=\"async\" loading=\"lazy\" \/><\/a>\n\t\t\t<\/div><\/figure>\n\t\t<\/div>\n\n<p><a href=\"http:\/\/www.lindenhausen.de\/blog\/reiseberichte-costa\/kreuzfahrten-2017\/costa-diadema-1017-barcelona\/chivitavecciarom\/\">hier gehts weiter<\/a><\/p>\n","protected":false},"excerpt":{"rendered":"<p>Mittwoch 11.10.2017 See Tag &nbsp; Ein wenig ausschlafen, es ist ja Urlaub. Fast als letzte G\u00e4ste erschienen wir zum Fr\u00fchst\u00fcck. Danach besuchte ich die Damen im Travel Office um die n\u00e4chste Reise zu buchen. Nach langem Warten was das Ergebnis nicht das was ich wollte denn die junge Dame behauptete allen Ernstes das die Reise &hellip; <a href=\"http:\/\/www.lindenhausen.de\/blog\/reiseberichte-costa\/kreuzfahrten-2017\/costa-diadema-1017-barcelona\/seetag\/\" class=\"more-link\"><span class=\"screen-reader-text\">Seetag<\/span> weiterlesen <span class=\"meta-nav\">&rarr;<\/span><\/a><\/p>\n","protected":false},"author":1,"featured_media":0,"parent":3215,"menu_order":3,"comment_status":"closed","ping_status":"closed","template":"","meta":{"_monsterinsights_skip_tracking":false,"_monsterinsights_sitenote_active":false,"_monsterinsights_sitenote_note":"","_monsterinsights_sitenote_category":0},"yoast_head":"<!-- This site is optimized with the Yoast SEO plugin v21.0 - https:\/\/yoast.com\/wordpress\/plugins\/seo\/ -->\n<title>Seetag - Lindenhausen-weil Reisen Spa\u00df macht<\/title>\n<meta name=\"robots\" content=\"index, follow, max-snippet:-1, max-image-preview:large, max-video-preview:-1\" \/>\n<link rel=\"canonical\" href=\"http:\/\/www.lindenhausen.de\/blog\/reiseberichte-costa\/kreuzfahrten-2017\/costa-diadema-1017-barcelona\/seetag\/\" \/>\n<meta property=\"og:locale\" content=\"de_DE\" \/>\n<meta property=\"og:type\" content=\"article\" \/>\n<meta property=\"og:title\" content=\"Seetag - Lindenhausen-weil Reisen Spa\u00df macht\" \/>\n<meta property=\"og:description\" content=\"Mittwoch 11.10.2017 See Tag &nbsp; Ein wenig ausschlafen, es ist ja Urlaub. Fast als letzte G\u00e4ste erschienen wir zum Fr\u00fchst\u00fcck. Danach besuchte ich die Damen im Travel Office um die n\u00e4chste Reise zu buchen. Nach langem Warten was das Ergebnis nicht das was ich wollte denn die junge Dame behauptete allen Ernstes das die Reise &hellip; Seetag weiterlesen &rarr;\" \/>\n<meta property=\"og:url\" content=\"http:\/\/www.lindenhausen.de\/blog\/reiseberichte-costa\/kreuzfahrten-2017\/costa-diadema-1017-barcelona\/seetag\/\" \/>\n<meta property=\"og:site_name\" content=\"Lindenhausen-weil Reisen Spa\u00df macht\" \/>\n<meta property=\"article:publisher\" content=\"http:\/\/www.facebook.com\/Lindenhausen\/\" \/>\n<meta property=\"article:modified_time\" content=\"2018-01-03T23:01:47+00:00\" \/>\n<meta property=\"og:image\" content=\"http:\/\/www.lindenhausen.de\/blog\/wp-content\/uploads\/2018\/01\/K800_DREY3357-2-6-e1514933620343-150x150.jpg\" \/>\n<meta name=\"twitter:card\" content=\"summary_large_image\" \/>\n<meta name=\"twitter:site\" content=\"@Maxilinde\" \/>\n<meta name=\"twitter:label1\" content=\"Gesch\u00e4tzte Lesezeit\" \/>\n\t<meta name=\"twitter:data1\" content=\"2\u00a0Minuten\" \/>\n<script type=\"application\/ld+json\" class=\"yoast-schema-graph\">{\"@context\":\"https:\/\/schema.org\",\"@graph\":[{\"@type\":\"WebPage\",\"@id\":\"http:\/\/www.lindenhausen.de\/blog\/reiseberichte-costa\/kreuzfahrten-2017\/costa-diadema-1017-barcelona\/seetag\/\",\"url\":\"http:\/\/www.lindenhausen.de\/blog\/reiseberichte-costa\/kreuzfahrten-2017\/costa-diadema-1017-barcelona\/seetag\/\",\"name\":\"Seetag - Lindenhausen-weil Reisen Spa\u00df macht\",\"isPartOf\":{\"@id\":\"https:\/\/www.lindenhausen.de\/blog\/#website\"},\"datePublished\":\"2018-01-03T22:23:20+00:00\",\"dateModified\":\"2018-01-03T23:01:47+00:00\",\"breadcrumb\":{\"@id\":\"http:\/\/www.lindenhausen.de\/blog\/reiseberichte-costa\/kreuzfahrten-2017\/costa-diadema-1017-barcelona\/seetag\/#breadcrumb\"},\"inLanguage\":\"de\",\"potentialAction\":[{\"@type\":\"ReadAction\",\"target\":[\"http:\/\/www.lindenhausen.de\/blog\/reiseberichte-costa\/kreuzfahrten-2017\/costa-diadema-1017-barcelona\/seetag\/\"]}]},{\"@type\":\"BreadcrumbList\",\"@id\":\"http:\/\/www.lindenhausen.de\/blog\/reiseberichte-costa\/kreuzfahrten-2017\/costa-diadema-1017-barcelona\/seetag\/#breadcrumb\",\"itemListElement\":[{\"@type\":\"ListItem\",\"position\":1,\"name\":\"Startseite\",\"item\":\"https:\/\/www.lindenhausen.de\/blog\/\"},{\"@type\":\"ListItem\",\"position\":2,\"name\":\"Reiseberichte Costa Kreuzfahrten\",\"item\":\"http:\/\/www.lindenhausen.de\/blog\/reiseberichte-costa\/\"},{\"@type\":\"ListItem\",\"position\":3,\"name\":\"Kreuzfahrten 2017\",\"item\":\"https:\/\/www.lindenhausen.de\/blog\/reiseberichte-costa\/kreuzfahrten-2017\/\"},{\"@type\":\"ListItem\",\"position\":4,\"name\":\"Costa Diadema 10\/17 Barcelona\",\"item\":\"https:\/\/www.lindenhausen.de\/blog\/reiseberichte-costa\/kreuzfahrten-2017\/costa-diadema-1017-barcelona\/\"},{\"@type\":\"ListItem\",\"position\":5,\"name\":\"Seetag\"}]},{\"@type\":\"WebSite\",\"@id\":\"https:\/\/www.lindenhausen.de\/blog\/#website\",\"url\":\"https:\/\/www.lindenhausen.de\/blog\/\",\"name\":\"Lindenhausen-weil Reisen Spa\u00df macht\",\"description\":\"Reisen und Kreuzfahrten, Reiseberichte, Kreuzfahrtforum\",\"potentialAction\":[{\"@type\":\"SearchAction\",\"target\":{\"@type\":\"EntryPoint\",\"urlTemplate\":\"https:\/\/www.lindenhausen.de\/blog\/?s={search_term_string}\"},\"query-input\":\"required name=search_term_string\"}],\"inLanguage\":\"de\"}]}<\/script>\n<!-- \/ Yoast SEO plugin. -->","yoast_head_json":{"title":"Seetag - Lindenhausen-weil Reisen Spa\u00df macht","robots":{"index":"index","follow":"follow","max-snippet":"max-snippet:-1","max-image-preview":"max-image-preview:large","max-video-preview":"max-video-preview:-1"},"canonical":"http:\/\/www.lindenhausen.de\/blog\/reiseberichte-costa\/kreuzfahrten-2017\/costa-diadema-1017-barcelona\/seetag\/","og_locale":"de_DE","og_type":"article","og_title":"Seetag - Lindenhausen-weil Reisen Spa\u00df macht","og_description":"Mittwoch 11.10.2017 See Tag &nbsp; Ein wenig ausschlafen, es ist ja Urlaub. Fast als letzte G\u00e4ste erschienen wir zum Fr\u00fchst\u00fcck. Danach besuchte ich die Damen im Travel Office um die n\u00e4chste Reise zu buchen. Nach langem Warten was das Ergebnis nicht das was ich wollte denn die junge Dame behauptete allen Ernstes das die Reise &hellip; Seetag weiterlesen &rarr;","og_url":"http:\/\/www.lindenhausen.de\/blog\/reiseberichte-costa\/kreuzfahrten-2017\/costa-diadema-1017-barcelona\/seetag\/","og_site_name":"Lindenhausen-weil Reisen Spa\u00df macht","article_publisher":"http:\/\/www.facebook.com\/Lindenhausen\/","article_modified_time":"2018-01-03T23:01:47+00:00","og_image":[{"url":"http:\/\/www.lindenhausen.de\/blog\/wp-content\/uploads\/2018\/01\/K800_DREY3357-2-6-e1514933620343-150x150.jpg"}],"twitter_card":"summary_large_image","twitter_site":"@Maxilinde","twitter_misc":{"Gesch\u00e4tzte Lesezeit":"2\u00a0Minuten"},"schema":{"@context":"https:\/\/schema.org","@graph":[{"@type":"WebPage","@id":"http:\/\/www.lindenhausen.de\/blog\/reiseberichte-costa\/kreuzfahrten-2017\/costa-diadema-1017-barcelona\/seetag\/","url":"http:\/\/www.lindenhausen.de\/blog\/reiseberichte-costa\/kreuzfahrten-2017\/costa-diadema-1017-barcelona\/seetag\/","name":"Seetag - Lindenhausen-weil Reisen Spa\u00df macht","isPartOf":{"@id":"https:\/\/www.lindenhausen.de\/blog\/#website"},"datePublished":"2018-01-03T22:23:20+00:00","dateModified":"2018-01-03T23:01:47+00:00","breadcrumb":{"@id":"http:\/\/www.lindenhausen.de\/blog\/reiseberichte-costa\/kreuzfahrten-2017\/costa-diadema-1017-barcelona\/seetag\/#breadcrumb"},"inLanguage":"de","potentialAction":[{"@type":"ReadAction","target":["http:\/\/www.lindenhausen.de\/blog\/reiseberichte-costa\/kreuzfahrten-2017\/costa-diadema-1017-barcelona\/seetag\/"]}]},{"@type":"BreadcrumbList","@id":"http:\/\/www.lindenhausen.de\/blog\/reiseberichte-costa\/kreuzfahrten-2017\/costa-diadema-1017-barcelona\/seetag\/#breadcrumb","itemListElement":[{"@type":"ListItem","position":1,"name":"Startseite","item":"https:\/\/www.lindenhausen.de\/blog\/"},{"@type":"ListItem","position":2,"name":"Reiseberichte Costa Kreuzfahrten","item":"http:\/\/www.lindenhausen.de\/blog\/reiseberichte-costa\/"},{"@type":"ListItem","position":3,"name":"Kreuzfahrten 2017","item":"https:\/\/www.lindenhausen.de\/blog\/reiseberichte-costa\/kreuzfahrten-2017\/"},{"@type":"ListItem","position":4,"name":"Costa Diadema 10\/17 Barcelona","item":"https:\/\/www.lindenhausen.de\/blog\/reiseberichte-costa\/kreuzfahrten-2017\/costa-diadema-1017-barcelona\/"},{"@type":"ListItem","position":5,"name":"Seetag"}]},{"@type":"WebSite","@id":"https:\/\/www.lindenhausen.de\/blog\/#website","url":"https:\/\/www.lindenhausen.de\/blog\/","name":"Lindenhausen-weil Reisen Spa\u00df macht","description":"Reisen und Kreuzfahrten, Reiseberichte, Kreuzfahrtforum","potentialAction":[{"@type":"SearchAction","target":{"@type":"EntryPoint","urlTemplate":"https:\/\/www.lindenhausen.de\/blog\/?s={search_term_string}"},"query-input":"required name=search_term_string"}],"inLanguage":"de"}]}},"_links":{"self":[{"href":"http:\/\/www.lindenhausen.de\/blog\/wp-json\/wp\/v2\/pages\/3222"}],"collection":[{"href":"http:\/\/www.lindenhausen.de\/blog\/wp-json\/wp\/v2\/pages"}],"about":[{"href":"http:\/\/www.lindenhausen.de\/blog\/wp-json\/wp\/v2\/types\/page"}],"author":[{"embeddable":true,"href":"http:\/\/www.lindenhausen.de\/blog\/wp-json\/wp\/v2\/users\/1"}],"replies":[{"embeddable":true,"href":"http:\/\/www.lindenhausen.de\/blog\/wp-json\/wp\/v2\/comments?post=3222"}],"version-history":[{"count":3,"href":"http:\/\/www.lindenhausen.de\/blog\/wp-json\/wp\/v2\/pages\/3222\/revisions"}],"predecessor-version":[{"id":3243,"href":"http:\/\/www.lindenhausen.de\/blog\/wp-json\/wp\/v2\/pages\/3222\/revisions\/3243"}],"up":[{"embeddable":true,"href":"http:\/\/www.lindenhausen.de\/blog\/wp-json\/wp\/v2\/pages\/3215"}],"wp:attachment":[{"href":"http:\/\/www.lindenhausen.de\/blog\/wp-json\/wp\/v2\/media?parent=3222"}],"curies":[{"name":"wp","href":"https:\/\/api.w.org\/{rel}","templated":true}]}}