{"id":3215,"date":"2018-01-03T23:12:40","date_gmt":"2018-01-03T22:12:40","guid":{"rendered":"http:\/\/www.lindenhausen.de\/blog\/?page_id=3215"},"modified":"2018-01-04T09:01:57","modified_gmt":"2018-01-04T08:01:57","slug":"costa-diadema-1017-barcelona","status":"publish","type":"page","link":"http:\/\/www.lindenhausen.de\/blog\/reiseberichte-costa\/kreuzfahrten-2017\/costa-diadema-1017-barcelona\/","title":{"rendered":"Costa Diadema 10\/17 Barcelona"},"content":{"rendered":"<p>Manchmal hat man keine Wahl.<\/p>\n<p>Das Angebot einer Vorzugskreuzfahrt mit der Costa Diadema ab Barcelona, quasi eine Sommerverl\u00e4ngerung, dazu ein Superupgrade auf Suite aufgrund einer zus\u00e4tzlichen Reise zum Vorjahr, da kann Frau nicht widerstehen.<\/p>\n<p>Die Fl\u00fcge mit transavia waren-ohne Aufgabegep\u00e4ck-sehr g\u00fcnstig und Bag Express akzeptiert Koffer bis 32kg, sodass es f\u00fcr mich und den guten Freund der mich begleitete g\u00fcnstiger war einen gro\u00dfen Koffer kostenlos aufzugeben.<\/p>\n<p>Das erforderte ein bisschen mehr Planung, sparte aber auch einiges an Geld.<\/p>\n<p>Am Sonntagmorgen machten wir uns also auf den Weg nach M\u00fcnchen, den Parkplatz hatte ich vorher bei Irl Parkpl\u00e4tze vorgebucht, ich parke schon seit vielen Jahren dort und es hat immer alles gepasst.<\/p>\n<p>Ohne Koffer und mit einem online Check-in waren wir schnell am Gate, konnten zuschauen wir unser Flieger betankt wurde und noch bevor es hell wurde starteten wir nach Barcelona.<\/p>\n<p>Bei strahlendem Sonnenschein konnten wir die Stadt vom Flugzeug aus bewundern, wir hatten extra Sitzpl\u00e4tze auf der rechten Seite des Fliegers reserviert.<\/p>\n<p><a href=\"http:\/\/www.lindenhausen.de\/blog\/wp-content\/uploads\/2018\/01\/K800_IMG_0521-e1514930900322.jpg\"><img decoding=\"async\" loading=\"lazy\" class=\"aligncenter size-medium wp-image-3082\" src=\"http:\/\/www.lindenhausen.de\/blog\/wp-content\/uploads\/2018\/01\/K800_IMG_0521-e1514930900322-225x300.jpg\" alt=\"\" width=\"225\" height=\"300\" srcset=\"http:\/\/www.lindenhausen.de\/blog\/wp-content\/uploads\/2018\/01\/K800_IMG_0521-e1514930900322-225x300.jpg 225w, http:\/\/www.lindenhausen.de\/blog\/wp-content\/uploads\/2018\/01\/K800_IMG_0521-e1514930900322.jpg 600w\" sizes=\"(max-width: 225px) 100vw, 225px\" \/><\/a><\/p>\n<p>Um 9 Uhr waren wir dann schon im Flughafen, suchten den passenden Ausgang zum Flughafenbus.<\/p>\n<p>Die Tickets f\u00fcr Hin-und R\u00fcckfahrt hatte ich schon von zu Hause aus gekauft.<\/p>\n<p><a href=\"http:\/\/www.aerobusbcn.com\/de\">http:\/\/www.aerobusbcn.com\/de<\/a><\/p>\n<p>Wir wollten uns die Stadt erlaufen, f\u00fcr meinen Begleiter war es die erste Reise nach Barcelona und auch die erste Kreuzfahrt, es ist wunderbar Destinationen, die man sehr gut kennt mal wieder mit den Augen eine \u201eNeulings\u201c zu sehen.<\/p>\n<p>Also die Rambla hinunter bis zur Kolumbus S\u00e4ule, es war Sonntag und die Gesch\u00e4fte geschlossen, daf\u00fcr aber 1000ende von Demonstranten in der Stadt die gegen die Abspaltung Kataloniens auf die Stra\u00dfe gingen.<\/p>\n<p>Das Einkaufszentrum am Hafen hatte ge\u00f6ffnet, wir bummelten ein wenig und fr\u00fchst\u00fcckten eine Kleinigkeit.<\/p>\n<p>Die Sonne zeigte sich von Ihrer besten Seite und so entschieden wir uns zu einem Strandspaziergang.<\/p>\n<p>Also besser gesagt mein Begleiter war barfu\u00df am Strand unterwegs und ich genoss den Blick auf Sand und Wasser bei einem k\u00fchlen Glas Wei\u00dfwein, Urlaubsfeeling machte sich breit.<\/p>\n<p>Die H\u00e4ndler am Stadtstrand von Barcelona wirken jedes Jahr ein wenig mehr aufdringlich, ich bin da eigentlich nicht empfindlich, aber, wenn man selbst im Strandrestaurant keine Ruhe hat wird das unangenehm. Nein, ich m\u00f6chte nur meinen Wein trinken, keinen Pajero, keine Massage und, das kann jeder sehen: ich habe schon eine Sonnenbrille.<\/p>\n<p>Nachdem das Gotische Viertel Schauplatz der Demo sein sollte entschieden wir uns den Strand entlang zum Parc de la Ciutadella zu laufen. Was auch ein Fehler war denn hier ist das Parlament und alle Demonstranten kamen hier vorbei um zur Kundgebung zu gehen.<\/p>\n<p>Aber die Stimmung war friedlich, teilweise schon fast fr\u00f6hlich, es gab keinen Grund zur Sorge.<\/p>\n<p>Wir nahmen die \u00fcberf\u00fcllte Metro um zur Sagrada Familia zu kommen, Tickets hatte ich nicht gebucht, dieses Mal sollte uns der Anblick von au\u00dfen gen\u00fcgen. Bei KFC fanden wir uns etwas zum Mittagessen und dann in der Fu\u00dfg\u00e4ngerzone einen sch\u00f6nen Platz zum sitzen und Leute gucken.<\/p>\n<p>Immerhin hatten wir schon mehr als 10 km zu Fu\u00df zur\u00fcckgelegt und das mit unserem Handgep\u00e4ck.<\/p>\n<p>Wir machten uns auf den Weg zum Hotel, das direkt an der Rambla am Placa Reial lag. Das Hotel Roma Reial ist preiswert und die Lage super. Daf\u00fcr sind die preiswerten Zimmer, die nach einem Lichtschacht oder Innenhof liegen eher spartanisch. F\u00fcr eine Nacht ging das, aber f\u00fcr mehr gibt es von mir keine Empfehlung.<\/p>\n<div id='gallery-1' class='gallery galleryid-3215 gallery-columns-3 gallery-size-thumbnail'><figure class='gallery-item'>\n\t\t\t<div class='gallery-icon portrait'>\n\t\t\t\t<a href='http:\/\/www.lindenhausen.de\/blog\/costa-diadema-102017\/k800_img_0028\/'><img width=\"150\" height=\"150\" src=\"http:\/\/www.lindenhausen.de\/blog\/wp-content\/uploads\/2018\/01\/K800_IMG_0028-e1514933154212-150x150.jpg\" class=\"attachment-thumbnail size-thumbnail\" alt=\"\" decoding=\"async\" loading=\"lazy\" aria-describedby=\"gallery-1-3025\" \/><\/a>\n\t\t\t<\/div>\n\t\t\t\t<figcaption class='wp-caption-text gallery-caption' id='gallery-1-3025'>\n\t\t\t\tStrand\n\t\t\t\t<\/figcaption><\/figure><figure class='gallery-item'>\n\t\t\t<div class='gallery-icon portrait'>\n\t\t\t\t<a href='http:\/\/www.lindenhausen.de\/blog\/costa-diadema-102017\/k800_img_0059\/'><img width=\"150\" height=\"150\" src=\"http:\/\/www.lindenhausen.de\/blog\/wp-content\/uploads\/2018\/01\/K800_IMG_0059-e1514933129254-150x150.jpg\" class=\"attachment-thumbnail size-thumbnail\" alt=\"\" decoding=\"async\" loading=\"lazy\" aria-describedby=\"gallery-1-3026\" \/><\/a>\n\t\t\t<\/div>\n\t\t\t\t<figcaption class='wp-caption-text gallery-caption' id='gallery-1-3026'>\n\t\t\t\tDemo\n\t\t\t\t<\/figcaption><\/figure><figure class='gallery-item'>\n\t\t\t<div class='gallery-icon portrait'>\n\t\t\t\t<a href='http:\/\/www.lindenhausen.de\/blog\/costa-diadema-102017\/k800_img_0063\/'><img width=\"150\" height=\"150\" src=\"http:\/\/www.lindenhausen.de\/blog\/wp-content\/uploads\/2018\/01\/K800_IMG_0063-e1514932592581-150x150.jpg\" class=\"attachment-thumbnail size-thumbnail\" alt=\"\" decoding=\"async\" loading=\"lazy\" aria-describedby=\"gallery-1-3027\" \/><\/a>\n\t\t\t<\/div>\n\t\t\t\t<figcaption class='wp-caption-text gallery-caption' id='gallery-1-3027'>\n\t\t\t\tSagrada\n\t\t\t\t<\/figcaption><\/figure><figure class='gallery-item'>\n\t\t\t<div class='gallery-icon portrait'>\n\t\t\t\t<a href='http:\/\/www.lindenhausen.de\/blog\/costa-diadema-102017\/k800_img_0075\/'><img width=\"150\" height=\"150\" src=\"http:\/\/www.lindenhausen.de\/blog\/wp-content\/uploads\/2018\/01\/K800_IMG_0075-e1514932548435-150x150.jpg\" class=\"attachment-thumbnail size-thumbnail\" alt=\"\" decoding=\"async\" loading=\"lazy\" aria-describedby=\"gallery-1-3028\" \/><\/a>\n\t\t\t<\/div>\n\t\t\t\t<figcaption class='wp-caption-text gallery-caption' id='gallery-1-3028'>\n\t\t\t\tHotel\n\t\t\t\t<\/figcaption><\/figure><figure class='gallery-item'>\n\t\t\t<div class='gallery-icon portrait'>\n\t\t\t\t<a href='http:\/\/www.lindenhausen.de\/blog\/costa-diadema-102017\/k800_img_0077\/'><img width=\"150\" height=\"150\" src=\"http:\/\/www.lindenhausen.de\/blog\/wp-content\/uploads\/2018\/01\/K800_IMG_0077-e1514932509662-150x150.jpg\" class=\"attachment-thumbnail size-thumbnail\" alt=\"\" decoding=\"async\" loading=\"lazy\" aria-describedby=\"gallery-1-3029\" \/><\/a>\n\t\t\t<\/div>\n\t\t\t\t<figcaption class='wp-caption-text gallery-caption' id='gallery-1-3029'>\n\t\t\t\tGedenken\n\t\t\t\t<\/figcaption><\/figure>\n\t\t<\/div>\n\n<p>Aber es gen\u00fcgte zum Frischmachen und kurz F\u00fc\u00dfe hochlegen bevor wir uns wieder auf den Weg machten.<\/p>\n<p>Unser erstes Ziel war der Disney Store, die Enkeltochter hatte sich verliebt und nun muss dem Christkind geholfen werden. Und wie es so ist, man findet noch mehr sch\u00f6ne Dinge, kauft ein und dann stellt sich die Frage: Ist daf\u00fcr eigentlich Platz im Koffer? Wir vertagten den Gedanken auf den Abreistag.<\/p>\n<p>Das Abendessen war in der Cervecer\u00eda Catalana geplant, dort hatte ich vorletztes Jahr ganz ausgezeichnet und preiswert gegessen.<\/p>\n<p>Vor der T\u00fcr schon die \u00fcbliche Warteschlange, ok, die Stunde Wartezeit muss man in Kauf nehmen.<\/p>\n<p>Als wir endlich unseren Platz hatten kam die Ern\u00fcchterung: die Karte ungewohnt klein, keine Getr\u00e4nkekarte, keine Weinempfehlung, keine Beratung zum Wein oder zum Essen vom Service, daf\u00fcr Chinesische Reisegruppen rundherum.<\/p>\n<p>Es war schwierig denn mein Begleiter isst kein Schweinefleisch und in der Karte war bei vielen Tapas nicht genau ersichtlich was drin ist und der Service war da auch nicht hilfreich. Also bestellte ich das, was ich kannte, das h\u00e4tte ich dann auch ohne lange Wartezeit \u00fcberall haben k\u00f6nnen. Dazu haben die Preise angezogen. Ich hoffe f\u00fcr den Service das sie einen schlechten Tag hatten, aber einen neuen Versuch werde ich wohl nicht wagen es gibt 1000 sch\u00f6ne Restaurants in Barcelona.<\/p>\n<p>Auf dem R\u00fcckweg bummelten wir durch die Gassen im Gotischen Viertel und fanden in der N\u00e4he vom Hotel eine kleine urige Bar wo man noch drau\u00dfen sitzen konnte.<\/p>\n<p>Hier stimmten Atmosph\u00e4re und Preis.<\/p>\n<p>Todm\u00fcde suchten wir unser \u201ebehagliches\u201c Hotelzimmer auf, aber das machte nun auch nichts mehr denn wir waren fast 20 Km gelaufen und schliefen sofort ein.<\/p>\n<div id='gallery-2' class='gallery galleryid-3215 gallery-columns-4 gallery-size-thumbnail'><figure class='gallery-item'>\n\t\t\t<div class='gallery-icon landscape'>\n\t\t\t\t<a href='http:\/\/www.lindenhausen.de\/blog\/costa-diadema-102017\/k800_img_0079\/'><img width=\"150\" height=\"150\" src=\"http:\/\/www.lindenhausen.de\/blog\/wp-content\/uploads\/2018\/01\/K800_IMG_0079-e1514932455908-150x150.jpg\" class=\"attachment-thumbnail size-thumbnail\" alt=\"\" decoding=\"async\" loading=\"lazy\" \/><\/a>\n\t\t\t<\/div><\/figure><figure class='gallery-item'>\n\t\t\t<div class='gallery-icon landscape'>\n\t\t\t\t<a href='http:\/\/www.lindenhausen.de\/blog\/costa-diadema-102017\/k800_img_0083\/'><img width=\"150\" height=\"150\" src=\"http:\/\/www.lindenhausen.de\/blog\/wp-content\/uploads\/2018\/01\/K800_IMG_0083-e1514932474799-150x150.jpg\" class=\"attachment-thumbnail size-thumbnail\" alt=\"\" decoding=\"async\" loading=\"lazy\" \/><\/a>\n\t\t\t<\/div><\/figure><figure class='gallery-item'>\n\t\t\t<div class='gallery-icon landscape'>\n\t\t\t\t<a href='http:\/\/www.lindenhausen.de\/blog\/costa-diadema-102017\/k800_img_0086\/'><img width=\"150\" height=\"150\" src=\"http:\/\/www.lindenhausen.de\/blog\/wp-content\/uploads\/2018\/01\/K800_IMG_0086-e1514932417367-150x150.jpg\" class=\"attachment-thumbnail size-thumbnail\" alt=\"\" decoding=\"async\" loading=\"lazy\" \/><\/a>\n\t\t\t<\/div><\/figure><figure class='gallery-item'>\n\t\t\t<div class='gallery-icon portrait'>\n\t\t\t\t<a href='http:\/\/www.lindenhausen.de\/blog\/costa-diadema-102017\/k800_img_0095\/'><img width=\"150\" height=\"150\" src=\"http:\/\/www.lindenhausen.de\/blog\/wp-content\/uploads\/2018\/01\/K800_IMG_0095-e1514932384956-150x150.jpg\" class=\"attachment-thumbnail size-thumbnail\" alt=\"\" decoding=\"async\" loading=\"lazy\" \/><\/a>\n\t\t\t<\/div><\/figure>\n\t\t<\/div>\n\n<p><a href=\"http:\/\/www.lindenhausen.de\/blog\/reiseberichte-costa\/kreuzfahrten-2017\/costa-diadema-1017-barcelona\/barcelona-und-einschiffung\/\">hier gehts weiter<\/a><\/p>\n","protected":false},"excerpt":{"rendered":"<p>Manchmal hat man keine Wahl. Das Angebot einer Vorzugskreuzfahrt mit der Costa Diadema ab Barcelona, quasi eine Sommerverl\u00e4ngerung, dazu ein Superupgrade auf Suite aufgrund einer zus\u00e4tzlichen Reise zum Vorjahr, da kann Frau nicht widerstehen. Die Fl\u00fcge mit transavia waren-ohne Aufgabegep\u00e4ck-sehr g\u00fcnstig und Bag Express akzeptiert Koffer bis 32kg, sodass es f\u00fcr mich und den guten &hellip; <a href=\"http:\/\/www.lindenhausen.de\/blog\/reiseberichte-costa\/kreuzfahrten-2017\/costa-diadema-1017-barcelona\/\" class=\"more-link\"><span class=\"screen-reader-text\">Costa Diadema 10\/17 Barcelona<\/span> weiterlesen <span class=\"meta-nav\">&rarr;<\/span><\/a><\/p>\n","protected":false},"author":1,"featured_media":0,"parent":2565,"menu_order":3,"comment_status":"closed","ping_status":"closed","template":"","meta":{"_monsterinsights_skip_tracking":false,"_monsterinsights_sitenote_active":false,"_monsterinsights_sitenote_note":"","_monsterinsights_sitenote_category":0},"yoast_head":"<!-- This site is optimized with the Yoast SEO plugin v21.0 - https:\/\/yoast.com\/wordpress\/plugins\/seo\/ -->\n<title>Costa Diadema 10\/17 Barcelona - Lindenhausen-weil Reisen Spa\u00df macht<\/title>\n<meta name=\"robots\" content=\"index, follow, max-snippet:-1, max-image-preview:large, max-video-preview:-1\" \/>\n<link rel=\"canonical\" href=\"https:\/\/www.lindenhausen.de\/blog\/reiseberichte-costa\/kreuzfahrten-2017\/costa-diadema-1017-barcelona\/\" \/>\n<meta property=\"og:locale\" content=\"de_DE\" \/>\n<meta property=\"og:type\" content=\"article\" \/>\n<meta property=\"og:title\" content=\"Costa Diadema 10\/17 Barcelona - Lindenhausen-weil Reisen Spa\u00df macht\" \/>\n<meta property=\"og:description\" content=\"Manchmal hat man keine Wahl. Das Angebot einer Vorzugskreuzfahrt mit der Costa Diadema ab Barcelona, quasi eine Sommerverl\u00e4ngerung, dazu ein Superupgrade auf Suite aufgrund einer zus\u00e4tzlichen Reise zum Vorjahr, da kann Frau nicht widerstehen. Die Fl\u00fcge mit transavia waren-ohne Aufgabegep\u00e4ck-sehr g\u00fcnstig und Bag Express akzeptiert Koffer bis 32kg, sodass es f\u00fcr mich und den guten &hellip; Costa Diadema 10\/17 Barcelona weiterlesen &rarr;\" \/>\n<meta property=\"og:url\" content=\"https:\/\/www.lindenhausen.de\/blog\/reiseberichte-costa\/kreuzfahrten-2017\/costa-diadema-1017-barcelona\/\" \/>\n<meta property=\"og:site_name\" content=\"Lindenhausen-weil Reisen Spa\u00df macht\" \/>\n<meta property=\"article:publisher\" content=\"http:\/\/www.facebook.com\/Lindenhausen\/\" \/>\n<meta property=\"article:modified_time\" content=\"2018-01-04T08:01:57+00:00\" \/>\n<meta property=\"og:image\" content=\"https:\/\/www.lindenhausen.de\/blog\/wp-content\/uploads\/2018\/01\/K800_IMG_0028-e1514933154212-150x150.jpg\" \/>\n<meta name=\"twitter:card\" content=\"summary_large_image\" \/>\n<meta name=\"twitter:site\" content=\"@Maxilinde\" \/>\n<meta name=\"twitter:label1\" content=\"Gesch\u00e4tzte Lesezeit\" \/>\n\t<meta name=\"twitter:data1\" content=\"4\u00a0Minuten\" \/>\n<script type=\"application\/ld+json\" class=\"yoast-schema-graph\">{\"@context\":\"https:\/\/schema.org\",\"@graph\":[{\"@type\":\"WebPage\",\"@id\":\"https:\/\/www.lindenhausen.de\/blog\/reiseberichte-costa\/kreuzfahrten-2017\/costa-diadema-1017-barcelona\/\",\"url\":\"https:\/\/www.lindenhausen.de\/blog\/reiseberichte-costa\/kreuzfahrten-2017\/costa-diadema-1017-barcelona\/\",\"name\":\"Costa Diadema 10\/17 Barcelona - Lindenhausen-weil Reisen Spa\u00df macht\",\"isPartOf\":{\"@id\":\"https:\/\/www.lindenhausen.de\/blog\/#website\"},\"datePublished\":\"2018-01-03T22:12:40+00:00\",\"dateModified\":\"2018-01-04T08:01:57+00:00\",\"breadcrumb\":{\"@id\":\"https:\/\/www.lindenhausen.de\/blog\/reiseberichte-costa\/kreuzfahrten-2017\/costa-diadema-1017-barcelona\/#breadcrumb\"},\"inLanguage\":\"de\",\"potentialAction\":[{\"@type\":\"ReadAction\",\"target\":[\"https:\/\/www.lindenhausen.de\/blog\/reiseberichte-costa\/kreuzfahrten-2017\/costa-diadema-1017-barcelona\/\"]}]},{\"@type\":\"BreadcrumbList\",\"@id\":\"https:\/\/www.lindenhausen.de\/blog\/reiseberichte-costa\/kreuzfahrten-2017\/costa-diadema-1017-barcelona\/#breadcrumb\",\"itemListElement\":[{\"@type\":\"ListItem\",\"position\":1,\"name\":\"Startseite\",\"item\":\"https:\/\/www.lindenhausen.de\/blog\/\"},{\"@type\":\"ListItem\",\"position\":2,\"name\":\"Reiseberichte Costa Kreuzfahrten\",\"item\":\"http:\/\/www.lindenhausen.de\/blog\/reiseberichte-costa\/\"},{\"@type\":\"ListItem\",\"position\":3,\"name\":\"Kreuzfahrten 2017\",\"item\":\"https:\/\/www.lindenhausen.de\/blog\/reiseberichte-costa\/kreuzfahrten-2017\/\"},{\"@type\":\"ListItem\",\"position\":4,\"name\":\"Costa Diadema 10\/17 Barcelona\"}]},{\"@type\":\"WebSite\",\"@id\":\"https:\/\/www.lindenhausen.de\/blog\/#website\",\"url\":\"https:\/\/www.lindenhausen.de\/blog\/\",\"name\":\"Lindenhausen-weil Reisen Spa\u00df macht\",\"description\":\"Reisen und Kreuzfahrten, Reiseberichte, Kreuzfahrtforum\",\"potentialAction\":[{\"@type\":\"SearchAction\",\"target\":{\"@type\":\"EntryPoint\",\"urlTemplate\":\"https:\/\/www.lindenhausen.de\/blog\/?s={search_term_string}\"},\"query-input\":\"required name=search_term_string\"}],\"inLanguage\":\"de\"}]}<\/script>\n<!-- \/ Yoast SEO plugin. -->","yoast_head_json":{"title":"Costa Diadema 10\/17 Barcelona - Lindenhausen-weil Reisen Spa\u00df macht","robots":{"index":"index","follow":"follow","max-snippet":"max-snippet:-1","max-image-preview":"max-image-preview:large","max-video-preview":"max-video-preview:-1"},"canonical":"https:\/\/www.lindenhausen.de\/blog\/reiseberichte-costa\/kreuzfahrten-2017\/costa-diadema-1017-barcelona\/","og_locale":"de_DE","og_type":"article","og_title":"Costa Diadema 10\/17 Barcelona - Lindenhausen-weil Reisen Spa\u00df macht","og_description":"Manchmal hat man keine Wahl. Das Angebot einer Vorzugskreuzfahrt mit der Costa Diadema ab Barcelona, quasi eine Sommerverl\u00e4ngerung, dazu ein Superupgrade auf Suite aufgrund einer zus\u00e4tzlichen Reise zum Vorjahr, da kann Frau nicht widerstehen. Die Fl\u00fcge mit transavia waren-ohne Aufgabegep\u00e4ck-sehr g\u00fcnstig und Bag Express akzeptiert Koffer bis 32kg, sodass es f\u00fcr mich und den guten &hellip; Costa Diadema 10\/17 Barcelona weiterlesen &rarr;","og_url":"https:\/\/www.lindenhausen.de\/blog\/reiseberichte-costa\/kreuzfahrten-2017\/costa-diadema-1017-barcelona\/","og_site_name":"Lindenhausen-weil Reisen Spa\u00df macht","article_publisher":"http:\/\/www.facebook.com\/Lindenhausen\/","article_modified_time":"2018-01-04T08:01:57+00:00","og_image":[{"url":"https:\/\/www.lindenhausen.de\/blog\/wp-content\/uploads\/2018\/01\/K800_IMG_0028-e1514933154212-150x150.jpg"}],"twitter_card":"summary_large_image","twitter_site":"@Maxilinde","twitter_misc":{"Gesch\u00e4tzte Lesezeit":"4\u00a0Minuten"},"schema":{"@context":"https:\/\/schema.org","@graph":[{"@type":"WebPage","@id":"https:\/\/www.lindenhausen.de\/blog\/reiseberichte-costa\/kreuzfahrten-2017\/costa-diadema-1017-barcelona\/","url":"https:\/\/www.lindenhausen.de\/blog\/reiseberichte-costa\/kreuzfahrten-2017\/costa-diadema-1017-barcelona\/","name":"Costa Diadema 10\/17 Barcelona - Lindenhausen-weil Reisen Spa\u00df macht","isPartOf":{"@id":"https:\/\/www.lindenhausen.de\/blog\/#website"},"datePublished":"2018-01-03T22:12:40+00:00","dateModified":"2018-01-04T08:01:57+00:00","breadcrumb":{"@id":"https:\/\/www.lindenhausen.de\/blog\/reiseberichte-costa\/kreuzfahrten-2017\/costa-diadema-1017-barcelona\/#breadcrumb"},"inLanguage":"de","potentialAction":[{"@type":"ReadAction","target":["https:\/\/www.lindenhausen.de\/blog\/reiseberichte-costa\/kreuzfahrten-2017\/costa-diadema-1017-barcelona\/"]}]},{"@type":"BreadcrumbList","@id":"https:\/\/www.lindenhausen.de\/blog\/reiseberichte-costa\/kreuzfahrten-2017\/costa-diadema-1017-barcelona\/#breadcrumb","itemListElement":[{"@type":"ListItem","position":1,"name":"Startseite","item":"https:\/\/www.lindenhausen.de\/blog\/"},{"@type":"ListItem","position":2,"name":"Reiseberichte Costa Kreuzfahrten","item":"http:\/\/www.lindenhausen.de\/blog\/reiseberichte-costa\/"},{"@type":"ListItem","position":3,"name":"Kreuzfahrten 2017","item":"https:\/\/www.lindenhausen.de\/blog\/reiseberichte-costa\/kreuzfahrten-2017\/"},{"@type":"ListItem","position":4,"name":"Costa Diadema 10\/17 Barcelona"}]},{"@type":"WebSite","@id":"https:\/\/www.lindenhausen.de\/blog\/#website","url":"https:\/\/www.lindenhausen.de\/blog\/","name":"Lindenhausen-weil Reisen Spa\u00df macht","description":"Reisen und Kreuzfahrten, Reiseberichte, Kreuzfahrtforum","potentialAction":[{"@type":"SearchAction","target":{"@type":"EntryPoint","urlTemplate":"https:\/\/www.lindenhausen.de\/blog\/?s={search_term_string}"},"query-input":"required name=search_term_string"}],"inLanguage":"de"}]}},"_links":{"self":[{"href":"http:\/\/www.lindenhausen.de\/blog\/wp-json\/wp\/v2\/pages\/3215"}],"collection":[{"href":"http:\/\/www.lindenhausen.de\/blog\/wp-json\/wp\/v2\/pages"}],"about":[{"href":"http:\/\/www.lindenhausen.de\/blog\/wp-json\/wp\/v2\/types\/page"}],"author":[{"embeddable":true,"href":"http:\/\/www.lindenhausen.de\/blog\/wp-json\/wp\/v2\/users\/1"}],"replies":[{"embeddable":true,"href":"http:\/\/www.lindenhausen.de\/blog\/wp-json\/wp\/v2\/comments?post=3215"}],"version-history":[{"count":3,"href":"http:\/\/www.lindenhausen.de\/blog\/wp-json\/wp\/v2\/pages\/3215\/revisions"}],"predecessor-version":[{"id":3251,"href":"http:\/\/www.lindenhausen.de\/blog\/wp-json\/wp\/v2\/pages\/3215\/revisions\/3251"}],"up":[{"embeddable":true,"href":"http:\/\/www.lindenhausen.de\/blog\/wp-json\/wp\/v2\/pages\/2565"}],"wp:attachment":[{"href":"http:\/\/www.lindenhausen.de\/blog\/wp-json\/wp\/v2\/media?parent=3215"}],"curies":[{"name":"wp","href":"https:\/\/api.w.org\/{rel}","templated":true}]}}