{"id":313,"date":"2015-04-12T12:20:32","date_gmt":"2015-04-12T10:20:32","guid":{"rendered":"http:\/\/www.lindenhausen.de\/blog\/?page_id=313"},"modified":"2015-04-12T12:20:32","modified_gmt":"2015-04-12T10:20:32","slug":"tuerkei-side-02-2013","status":"publish","type":"page","link":"http:\/\/www.lindenhausen.de\/blog\/reiseberichte-landurlaub\/tuerkei-side-02-2013\/","title":{"rendered":"T\u00fcrkei Side 02.2013"},"content":{"rendered":"<p><a href=\"http:\/\/www.lindenhausen.de\/Reiseberichte\/index.php?page=436177296&amp;f=1&amp;i=1669612453&amp;s=436177296\" target=\"_blank\">T\u00fcrkei Side- Side Star Resort<\/a><\/p>\n<p>&nbsp;<img decoding=\"async\" src=\"http:\/\/www.lindenhausen.de\/fotos\/2013\/tr12.JPG\" alt=\"\" \/><\/p>\n","protected":false},"excerpt":{"rendered":"<p>T\u00fcrkei Side- Side Star Resort &nbsp;<\/p>\n","protected":false},"author":1,"featured_media":0,"parent":311,"menu_order":1,"comment_status":"open","ping_status":"open","template":"","meta":{"_monsterinsights_skip_tracking":false,"_monsterinsights_sitenote_active":false,"_monsterinsights_sitenote_note":"","_monsterinsights_sitenote_category":0},"yoast_head":"<!-- This site is optimized with the Yoast SEO plugin v21.0 - https:\/\/yoast.com\/wordpress\/plugins\/seo\/ -->\n<title>T\u00fcrkei Side 02.2013 - Lindenhausen-weil Reisen Spa\u00df macht<\/title>\n<meta name=\"robots\" content=\"index, follow, max-snippet:-1, max-image-preview:large, max-video-preview:-1\" \/>\n<link rel=\"canonical\" href=\"https:\/\/www.lindenhausen.de\/blog\/reiseberichte-landurlaub\/tuerkei-side-02-2013\/\" \/>\n<meta property=\"og:locale\" content=\"de_DE\" \/>\n<meta property=\"og:type\" content=\"article\" \/>\n<meta property=\"og:title\" content=\"T\u00fcrkei Side 02.2013 - Lindenhausen-weil Reisen Spa\u00df macht\" \/>\n<meta property=\"og:description\" content=\"T\u00fcrkei Side- Side Star Resort &nbsp;\" \/>\n<meta property=\"og:url\" content=\"https:\/\/www.lindenhausen.de\/blog\/reiseberichte-landurlaub\/tuerkei-side-02-2013\/\" \/>\n<meta property=\"og:site_name\" content=\"Lindenhausen-weil Reisen Spa\u00df macht\" \/>\n<meta property=\"article:publisher\" content=\"http:\/\/www.facebook.com\/Lindenhausen\/\" \/>\n<meta property=\"og:image\" content=\"http:\/\/www.lindenhausen.de\/fotos\/2013\/tr12.JPG\" \/>\n<meta name=\"twitter:card\" content=\"summary_large_image\" \/>\n<meta name=\"twitter:site\" content=\"@Maxilinde\" \/>\n<script type=\"application\/ld+json\" class=\"yoast-schema-graph\">{\"@context\":\"https:\/\/schema.org\",\"@graph\":[{\"@type\":\"WebPage\",\"@id\":\"https:\/\/www.lindenhausen.de\/blog\/reiseberichte-landurlaub\/tuerkei-side-02-2013\/\",\"url\":\"https:\/\/www.lindenhausen.de\/blog\/reiseberichte-landurlaub\/tuerkei-side-02-2013\/\",\"name\":\"T\u00fcrkei Side 02.2013 - Lindenhausen-weil Reisen Spa\u00df macht\",\"isPartOf\":{\"@id\":\"https:\/\/www.lindenhausen.de\/blog\/#website\"},\"datePublished\":\"2015-04-12T10:20:32+00:00\",\"dateModified\":\"2015-04-12T10:20:32+00:00\",\"breadcrumb\":{\"@id\":\"https:\/\/www.lindenhausen.de\/blog\/reiseberichte-landurlaub\/tuerkei-side-02-2013\/#breadcrumb\"},\"inLanguage\":\"de\",\"potentialAction\":[{\"@type\":\"ReadAction\",\"target\":[\"https:\/\/www.lindenhausen.de\/blog\/reiseberichte-landurlaub\/tuerkei-side-02-2013\/\"]}]},{\"@type\":\"BreadcrumbList\",\"@id\":\"https:\/\/www.lindenhausen.de\/blog\/reiseberichte-landurlaub\/tuerkei-side-02-2013\/#breadcrumb\",\"itemListElement\":[{\"@type\":\"ListItem\",\"position\":1,\"name\":\"Startseite\",\"item\":\"https:\/\/www.lindenhausen.de\/blog\/\"},{\"@type\":\"ListItem\",\"position\":2,\"name\":\"Reiseberichte Landurlaub\",\"item\":\"http:\/\/www.lindenhausen.de\/blog\/reiseberichte-landurlaub\/\"},{\"@type\":\"ListItem\",\"position\":3,\"name\":\"T\u00fcrkei Side 02.2013\"}]},{\"@type\":\"WebSite\",\"@id\":\"https:\/\/www.lindenhausen.de\/blog\/#website\",\"url\":\"https:\/\/www.lindenhausen.de\/blog\/\",\"name\":\"Lindenhausen-weil Reisen Spa\u00df macht\",\"description\":\"Reisen und Kreuzfahrten, Reiseberichte, Kreuzfahrtforum\",\"potentialAction\":[{\"@type\":\"SearchAction\",\"target\":{\"@type\":\"EntryPoint\",\"urlTemplate\":\"https:\/\/www.lindenhausen.de\/blog\/?s={search_term_string}\"},\"query-input\":\"required name=search_term_string\"}],\"inLanguage\":\"de\"}]}<\/script>\n<!-- \/ Yoast SEO plugin. -->","yoast_head_json":{"title":"T\u00fcrkei Side 02.2013 - Lindenhausen-weil Reisen Spa\u00df macht","robots":{"index":"index","follow":"follow","max-snippet":"max-snippet:-1","max-image-preview":"max-image-preview:large","max-video-preview":"max-video-preview:-1"},"canonical":"https:\/\/www.lindenhausen.de\/blog\/reiseberichte-landurlaub\/tuerkei-side-02-2013\/","og_locale":"de_DE","og_type":"article","og_title":"T\u00fcrkei Side 02.2013 - Lindenhausen-weil Reisen Spa\u00df macht","og_description":"T\u00fcrkei Side- Side Star Resort &nbsp;","og_url":"https:\/\/www.lindenhausen.de\/blog\/reiseberichte-landurlaub\/tuerkei-side-02-2013\/","og_site_name":"Lindenhausen-weil Reisen Spa\u00df macht","article_publisher":"http:\/\/www.facebook.com\/Lindenhausen\/","og_image":[{"url":"http:\/\/www.lindenhausen.de\/fotos\/2013\/tr12.JPG"}],"twitter_card":"summary_large_image","twitter_site":"@Maxilinde","schema":{"@context":"https:\/\/schema.org","@graph":[{"@type":"WebPage","@id":"https:\/\/www.lindenhausen.de\/blog\/reiseberichte-landurlaub\/tuerkei-side-02-2013\/","url":"https:\/\/www.lindenhausen.de\/blog\/reiseberichte-landurlaub\/tuerkei-side-02-2013\/","name":"T\u00fcrkei Side 02.2013 - Lindenhausen-weil Reisen Spa\u00df macht","isPartOf":{"@id":"https:\/\/www.lindenhausen.de\/blog\/#website"},"datePublished":"2015-04-12T10:20:32+00:00","dateModified":"2015-04-12T10:20:32+00:00","breadcrumb":{"@id":"https:\/\/www.lindenhausen.de\/blog\/reiseberichte-landurlaub\/tuerkei-side-02-2013\/#breadcrumb"},"inLanguage":"de","potentialAction":[{"@type":"ReadAction","target":["https:\/\/www.lindenhausen.de\/blog\/reiseberichte-landurlaub\/tuerkei-side-02-2013\/"]}]},{"@type":"BreadcrumbList","@id":"https:\/\/www.lindenhausen.de\/blog\/reiseberichte-landurlaub\/tuerkei-side-02-2013\/#breadcrumb","itemListElement":[{"@type":"ListItem","position":1,"name":"Startseite","item":"https:\/\/www.lindenhausen.de\/blog\/"},{"@type":"ListItem","position":2,"name":"Reiseberichte Landurlaub","item":"http:\/\/www.lindenhausen.de\/blog\/reiseberichte-landurlaub\/"},{"@type":"ListItem","position":3,"name":"T\u00fcrkei Side 02.2013"}]},{"@type":"WebSite","@id":"https:\/\/www.lindenhausen.de\/blog\/#website","url":"https:\/\/www.lindenhausen.de\/blog\/","name":"Lindenhausen-weil Reisen Spa\u00df macht","description":"Reisen und Kreuzfahrten, Reiseberichte, Kreuzfahrtforum","potentialAction":[{"@type":"SearchAction","target":{"@type":"EntryPoint","urlTemplate":"https:\/\/www.lindenhausen.de\/blog\/?s={search_term_string}"},"query-input":"required name=search_term_string"}],"inLanguage":"de"}]}},"_links":{"self":[{"href":"http:\/\/www.lindenhausen.de\/blog\/wp-json\/wp\/v2\/pages\/313"}],"collection":[{"href":"http:\/\/www.lindenhausen.de\/blog\/wp-json\/wp\/v2\/pages"}],"about":[{"href":"http:\/\/www.lindenhausen.de\/blog\/wp-json\/wp\/v2\/types\/page"}],"author":[{"embeddable":true,"href":"http:\/\/www.lindenhausen.de\/blog\/wp-json\/wp\/v2\/users\/1"}],"replies":[{"embeddable":true,"href":"http:\/\/www.lindenhausen.de\/blog\/wp-json\/wp\/v2\/comments?post=313"}],"version-history":[{"count":1,"href":"http:\/\/www.lindenhausen.de\/blog\/wp-json\/wp\/v2\/pages\/313\/revisions"}],"predecessor-version":[{"id":314,"href":"http:\/\/www.lindenhausen.de\/blog\/wp-json\/wp\/v2\/pages\/313\/revisions\/314"}],"up":[{"embeddable":true,"href":"http:\/\/www.lindenhausen.de\/blog\/wp-json\/wp\/v2\/pages\/311"}],"wp:attachment":[{"href":"http:\/\/www.lindenhausen.de\/blog\/wp-json\/wp\/v2\/media?parent=313"}],"curies":[{"name":"wp","href":"https:\/\/api.w.org\/{rel}","templated":true}]}}