{"id":311,"date":"2015-04-12T12:17:34","date_gmt":"2015-04-12T10:17:34","guid":{"rendered":"http:\/\/www.lindenhausen.de\/blog\/?page_id=311"},"modified":"2015-04-12T13:54:51","modified_gmt":"2015-04-12T11:54:51","slug":"reiseberichte-landurlaub","status":"publish","type":"page","link":"http:\/\/www.lindenhausen.de\/blog\/reiseberichte-landurlaub\/","title":{"rendered":"Reiseberichte Landurlaub"},"content":{"rendered":"<p>Nach Hotelaufenthalten in Kemer, Side und Alanya haben wir nun ein &#8222;Stammhotel&#8220; gefunden, einmal im Jahr  fliegen wir im Winter dorthin. Wandern, spazieren gehen, &#8222;alte Steine&#8220; gucken. Wir m\u00f6gen in der T\u00fcrkei Land und Leute, Bauernm\u00e4rkte und Gew\u00fcrzl\u00e4den, nie im Trubel der Sommertouristen sondern dann wenn kaum jemand da ist.<br \/>\nFernreisen waren selten, das werden wir nun in den n\u00e4chsten Jahren nachholen. Zweimal war ich in den USA.<br \/>\nIn Deutschland , \u00d6sterreich und Tschechien waren wir da deutlich mehr unterwegs, der Junior sollte vor allem ersteinmal seine Heimat kennenlernen.So waren wir auf R\u00fcgen, im Schwarzwald, Weimar, Dresden, Berlin, Erfurt&#8230;..<br \/>\nDa ich schon in meiner Kindheit oft in Ungarn war haben wir als Familie schnell festgestellt das zelten am Balaton der ideale Sommerurlaub f\u00fcr uns alle ist. Preiswert, viel Freiheit f\u00fcr den Junior, baden wann immer man will und dann und wann ein Ausflug nach Budapest, davon haben wir auch heute noch nicht genug, obwohl die Kinder nun erwachsen sind.<br \/>\nIch bin gespannt wohin es uns noch so verschl\u00e4gt.<br \/>\n<a href=\"http:\/\/www.lindenhausen.de\/blog\/wp-content\/uploads\/2015\/04\/DSC_06371-e1428839537375.jpg\"><img decoding=\"async\" loading=\"lazy\" src=\"http:\/\/www.lindenhausen.de\/blog\/wp-content\/uploads\/2015\/04\/DSC_06371-300x199.jpg\" alt=\"DSC_0637\" width=\"300\" height=\"199\" class=\"alignnone size-medium wp-image-337\" \/><\/a><\/p>\n","protected":false},"excerpt":{"rendered":"<p>Nach Hotelaufenthalten in Kemer, Side und Alanya haben wir nun ein &#8222;Stammhotel&#8220; gefunden, einmal im Jahr fliegen wir im Winter dorthin. Wandern, spazieren gehen, &#8222;alte Steine&#8220; gucken. Wir m\u00f6gen in der T\u00fcrkei Land und Leute, Bauernm\u00e4rkte und Gew\u00fcrzl\u00e4den, nie im Trubel der Sommertouristen sondern dann wenn kaum jemand da ist. Fernreisen waren selten, das werden &hellip; <a href=\"http:\/\/www.lindenhausen.de\/blog\/reiseberichte-landurlaub\/\" class=\"more-link\"><span class=\"screen-reader-text\">Reiseberichte Landurlaub<\/span> weiterlesen <span class=\"meta-nav\">&rarr;<\/span><\/a><\/p>\n","protected":false},"author":1,"featured_media":0,"parent":0,"menu_order":0,"comment_status":"open","ping_status":"open","template":"","meta":{"_monsterinsights_skip_tracking":false,"_monsterinsights_sitenote_active":false,"_monsterinsights_sitenote_note":"","_monsterinsights_sitenote_category":0},"yoast_head":"<!-- This site is optimized with the Yoast SEO plugin v21.0 - https:\/\/yoast.com\/wordpress\/plugins\/seo\/ -->\n<title>Reiseberichte Landurlaub - Lindenhausen-weil Reisen Spa\u00df macht<\/title>\n<meta name=\"robots\" content=\"index, follow, max-snippet:-1, max-image-preview:large, max-video-preview:-1\" \/>\n<link rel=\"canonical\" href=\"http:\/\/www.lindenhausen.de\/blog\/reiseberichte-landurlaub\/\" \/>\n<meta property=\"og:locale\" content=\"de_DE\" \/>\n<meta property=\"og:type\" content=\"article\" \/>\n<meta property=\"og:title\" content=\"Reiseberichte Landurlaub - Lindenhausen-weil Reisen Spa\u00df macht\" \/>\n<meta property=\"og:description\" content=\"Nach Hotelaufenthalten in Kemer, Side und Alanya haben wir nun ein &#8222;Stammhotel&#8220; gefunden, einmal im Jahr fliegen wir im Winter dorthin. Wandern, spazieren gehen, &#8222;alte Steine&#8220; gucken. Wir m\u00f6gen in der T\u00fcrkei Land und Leute, Bauernm\u00e4rkte und Gew\u00fcrzl\u00e4den, nie im Trubel der Sommertouristen sondern dann wenn kaum jemand da ist. Fernreisen waren selten, das werden &hellip; Reiseberichte Landurlaub weiterlesen &rarr;\" \/>\n<meta property=\"og:url\" content=\"http:\/\/www.lindenhausen.de\/blog\/reiseberichte-landurlaub\/\" \/>\n<meta property=\"og:site_name\" content=\"Lindenhausen-weil Reisen Spa\u00df macht\" \/>\n<meta property=\"article:publisher\" content=\"http:\/\/www.facebook.com\/Lindenhausen\/\" \/>\n<meta property=\"article:modified_time\" content=\"2015-04-12T11:54:51+00:00\" \/>\n<meta property=\"og:image\" content=\"http:\/\/www.lindenhausen.de\/blog\/wp-content\/uploads\/2015\/04\/DSC_06371-300x199.jpg\" \/>\n<meta name=\"twitter:card\" content=\"summary_large_image\" \/>\n<meta name=\"twitter:site\" content=\"@Maxilinde\" \/>\n<meta name=\"twitter:label1\" content=\"Gesch\u00e4tzte Lesezeit\" \/>\n\t<meta name=\"twitter:data1\" content=\"1\u00a0Minute\" \/>\n<script type=\"application\/ld+json\" class=\"yoast-schema-graph\">{\"@context\":\"https:\/\/schema.org\",\"@graph\":[{\"@type\":\"WebPage\",\"@id\":\"http:\/\/www.lindenhausen.de\/blog\/reiseberichte-landurlaub\/\",\"url\":\"http:\/\/www.lindenhausen.de\/blog\/reiseberichte-landurlaub\/\",\"name\":\"Reiseberichte Landurlaub - Lindenhausen-weil Reisen Spa\u00df macht\",\"isPartOf\":{\"@id\":\"https:\/\/www.lindenhausen.de\/blog\/#website\"},\"datePublished\":\"2015-04-12T10:17:34+00:00\",\"dateModified\":\"2015-04-12T11:54:51+00:00\",\"breadcrumb\":{\"@id\":\"http:\/\/www.lindenhausen.de\/blog\/reiseberichte-landurlaub\/#breadcrumb\"},\"inLanguage\":\"de\",\"potentialAction\":[{\"@type\":\"ReadAction\",\"target\":[\"http:\/\/www.lindenhausen.de\/blog\/reiseberichte-landurlaub\/\"]}]},{\"@type\":\"BreadcrumbList\",\"@id\":\"http:\/\/www.lindenhausen.de\/blog\/reiseberichte-landurlaub\/#breadcrumb\",\"itemListElement\":[{\"@type\":\"ListItem\",\"position\":1,\"name\":\"Startseite\",\"item\":\"https:\/\/www.lindenhausen.de\/blog\/\"},{\"@type\":\"ListItem\",\"position\":2,\"name\":\"Reiseberichte Landurlaub\"}]},{\"@type\":\"WebSite\",\"@id\":\"https:\/\/www.lindenhausen.de\/blog\/#website\",\"url\":\"https:\/\/www.lindenhausen.de\/blog\/\",\"name\":\"Lindenhausen-weil Reisen Spa\u00df macht\",\"description\":\"Reisen und Kreuzfahrten, Reiseberichte, Kreuzfahrtforum\",\"potentialAction\":[{\"@type\":\"SearchAction\",\"target\":{\"@type\":\"EntryPoint\",\"urlTemplate\":\"https:\/\/www.lindenhausen.de\/blog\/?s={search_term_string}\"},\"query-input\":\"required name=search_term_string\"}],\"inLanguage\":\"de\"}]}<\/script>\n<!-- \/ Yoast SEO plugin. -->","yoast_head_json":{"title":"Reiseberichte Landurlaub - Lindenhausen-weil Reisen Spa\u00df macht","robots":{"index":"index","follow":"follow","max-snippet":"max-snippet:-1","max-image-preview":"max-image-preview:large","max-video-preview":"max-video-preview:-1"},"canonical":"http:\/\/www.lindenhausen.de\/blog\/reiseberichte-landurlaub\/","og_locale":"de_DE","og_type":"article","og_title":"Reiseberichte Landurlaub - Lindenhausen-weil Reisen Spa\u00df macht","og_description":"Nach Hotelaufenthalten in Kemer, Side und Alanya haben wir nun ein &#8222;Stammhotel&#8220; gefunden, einmal im Jahr fliegen wir im Winter dorthin. Wandern, spazieren gehen, &#8222;alte Steine&#8220; gucken. Wir m\u00f6gen in der T\u00fcrkei Land und Leute, Bauernm\u00e4rkte und Gew\u00fcrzl\u00e4den, nie im Trubel der Sommertouristen sondern dann wenn kaum jemand da ist. Fernreisen waren selten, das werden &hellip; Reiseberichte Landurlaub weiterlesen &rarr;","og_url":"http:\/\/www.lindenhausen.de\/blog\/reiseberichte-landurlaub\/","og_site_name":"Lindenhausen-weil Reisen Spa\u00df macht","article_publisher":"http:\/\/www.facebook.com\/Lindenhausen\/","article_modified_time":"2015-04-12T11:54:51+00:00","og_image":[{"url":"http:\/\/www.lindenhausen.de\/blog\/wp-content\/uploads\/2015\/04\/DSC_06371-300x199.jpg"}],"twitter_card":"summary_large_image","twitter_site":"@Maxilinde","twitter_misc":{"Gesch\u00e4tzte Lesezeit":"1\u00a0Minute"},"schema":{"@context":"https:\/\/schema.org","@graph":[{"@type":"WebPage","@id":"http:\/\/www.lindenhausen.de\/blog\/reiseberichte-landurlaub\/","url":"http:\/\/www.lindenhausen.de\/blog\/reiseberichte-landurlaub\/","name":"Reiseberichte Landurlaub - Lindenhausen-weil Reisen Spa\u00df macht","isPartOf":{"@id":"https:\/\/www.lindenhausen.de\/blog\/#website"},"datePublished":"2015-04-12T10:17:34+00:00","dateModified":"2015-04-12T11:54:51+00:00","breadcrumb":{"@id":"http:\/\/www.lindenhausen.de\/blog\/reiseberichte-landurlaub\/#breadcrumb"},"inLanguage":"de","potentialAction":[{"@type":"ReadAction","target":["http:\/\/www.lindenhausen.de\/blog\/reiseberichte-landurlaub\/"]}]},{"@type":"BreadcrumbList","@id":"http:\/\/www.lindenhausen.de\/blog\/reiseberichte-landurlaub\/#breadcrumb","itemListElement":[{"@type":"ListItem","position":1,"name":"Startseite","item":"https:\/\/www.lindenhausen.de\/blog\/"},{"@type":"ListItem","position":2,"name":"Reiseberichte Landurlaub"}]},{"@type":"WebSite","@id":"https:\/\/www.lindenhausen.de\/blog\/#website","url":"https:\/\/www.lindenhausen.de\/blog\/","name":"Lindenhausen-weil Reisen Spa\u00df macht","description":"Reisen und Kreuzfahrten, Reiseberichte, Kreuzfahrtforum","potentialAction":[{"@type":"SearchAction","target":{"@type":"EntryPoint","urlTemplate":"https:\/\/www.lindenhausen.de\/blog\/?s={search_term_string}"},"query-input":"required name=search_term_string"}],"inLanguage":"de"}]}},"_links":{"self":[{"href":"http:\/\/www.lindenhausen.de\/blog\/wp-json\/wp\/v2\/pages\/311"}],"collection":[{"href":"http:\/\/www.lindenhausen.de\/blog\/wp-json\/wp\/v2\/pages"}],"about":[{"href":"http:\/\/www.lindenhausen.de\/blog\/wp-json\/wp\/v2\/types\/page"}],"author":[{"embeddable":true,"href":"http:\/\/www.lindenhausen.de\/blog\/wp-json\/wp\/v2\/users\/1"}],"replies":[{"embeddable":true,"href":"http:\/\/www.lindenhausen.de\/blog\/wp-json\/wp\/v2\/comments?post=311"}],"version-history":[{"count":5,"href":"http:\/\/www.lindenhausen.de\/blog\/wp-json\/wp\/v2\/pages\/311\/revisions"}],"predecessor-version":[{"id":340,"href":"http:\/\/www.lindenhausen.de\/blog\/wp-json\/wp\/v2\/pages\/311\/revisions\/340"}],"wp:attachment":[{"href":"http:\/\/www.lindenhausen.de\/blog\/wp-json\/wp\/v2\/media?parent=311"}],"curies":[{"name":"wp","href":"https:\/\/api.w.org\/{rel}","templated":true}]}}