{"id":2844,"date":"2017-09-10T23:51:22","date_gmt":"2017-09-10T21:51:22","guid":{"rendered":"http:\/\/www.lindenhausen.de\/blog\/?page_id=2844"},"modified":"2017-09-11T18:12:31","modified_gmt":"2017-09-11T16:12:31","slug":"katakolon-13-06-2017","status":"publish","type":"page","link":"http:\/\/www.lindenhausen.de\/blog\/reiseberichte-costa\/kreuzfahrten-2017\/costa-deliziosa-06-2017\/katakolon-13-06-2017\/","title":{"rendered":"Katakolon 13.06.2017"},"content":{"rendered":"<p>Dienstag 13.06. Katakolon<\/p>\n<p>&nbsp;<\/p>\n<p>Der Vormittag war recht schnell vorbei-warum sind Tage auf Schiffsreisen eigentlich so kurz?<\/p>\n<p><a href=\"http:\/\/www.lindenhausen.de\/blog\/wp-content\/uploads\/2017\/09\/K800_DSC_0719.jpg\"><img decoding=\"async\" loading=\"lazy\" class=\"aligncenter size-medium wp-image-2700\" src=\"http:\/\/www.lindenhausen.de\/blog\/wp-content\/uploads\/2017\/09\/K800_DSC_0719-300x199.jpg\" alt=\"Costa Luminosa\" width=\"300\" height=\"199\" srcset=\"http:\/\/www.lindenhausen.de\/blog\/wp-content\/uploads\/2017\/09\/K800_DSC_0719-300x199.jpg 300w, http:\/\/www.lindenhausen.de\/blog\/wp-content\/uploads\/2017\/09\/K800_DSC_0719.jpg 906w\" sizes=\"(max-width: 300px) 100vw, 300px\" \/><\/a><a href=\"http:\/\/www.lindenhausen.de\/blog\/wp-content\/uploads\/2017\/09\/K800_DSC_0701.jpg\"><img decoding=\"async\" loading=\"lazy\" class=\"aligncenter size-medium wp-image-2699\" src=\"http:\/\/www.lindenhausen.de\/blog\/wp-content\/uploads\/2017\/09\/K800_DSC_0701-300x199.jpg\" alt=\"Costa Deliziosa Bug\" width=\"300\" height=\"199\" srcset=\"http:\/\/www.lindenhausen.de\/blog\/wp-content\/uploads\/2017\/09\/K800_DSC_0701-300x199.jpg 300w, http:\/\/www.lindenhausen.de\/blog\/wp-content\/uploads\/2017\/09\/K800_DSC_0701.jpg 906w\" sizes=\"(max-width: 300px) 100vw, 300px\" \/><\/a><\/p>\n<p>Fr\u00fchst\u00fccken, ein bisschen \u00fcber Deck spazieren, Clubempfang f\u00fcr die VIP,<\/p>\n<p>Treffen mit Forumsfreuden, Mittagessen\u2026\u2026<\/p>\n<p><a href=\"http:\/\/www.lindenhausen.de\/blog\/wp-content\/uploads\/2017\/09\/K800_IMG_7542-e1505036675824.jpg\"><img decoding=\"async\" loading=\"lazy\" class=\"aligncenter size-medium wp-image-2776\" src=\"http:\/\/www.lindenhausen.de\/blog\/wp-content\/uploads\/2017\/09\/K800_IMG_7542-e1505036675824-225x300.jpg\" alt=\"VIP Empfang\" width=\"225\" height=\"300\" srcset=\"http:\/\/www.lindenhausen.de\/blog\/wp-content\/uploads\/2017\/09\/K800_IMG_7542-e1505036675824-225x300.jpg 225w, http:\/\/www.lindenhausen.de\/blog\/wp-content\/uploads\/2017\/09\/K800_IMG_7542-e1505036675824.jpg 600w\" sizes=\"(max-width: 225px) 100vw, 225px\" \/><\/a> <a href=\"http:\/\/www.lindenhausen.de\/blog\/wp-content\/uploads\/2017\/09\/K800_IMG_7543-e1505036638451.jpg\"><img decoding=\"async\" loading=\"lazy\" class=\"aligncenter size-medium wp-image-2777\" src=\"http:\/\/www.lindenhausen.de\/blog\/wp-content\/uploads\/2017\/09\/K800_IMG_7543-e1505036638451-225x300.jpg\" alt=\"VIP Empfang\" width=\"225\" height=\"300\" srcset=\"http:\/\/www.lindenhausen.de\/blog\/wp-content\/uploads\/2017\/09\/K800_IMG_7543-e1505036638451-225x300.jpg 225w, http:\/\/www.lindenhausen.de\/blog\/wp-content\/uploads\/2017\/09\/K800_IMG_7543-e1505036638451.jpg 600w\" sizes=\"(max-width: 225px) 100vw, 225px\" \/><\/a> <a href=\"http:\/\/www.lindenhausen.de\/blog\/wp-content\/uploads\/2017\/09\/K800_IMG_7545-e1505036542215.jpg\"><img decoding=\"async\" loading=\"lazy\" class=\"aligncenter size-medium wp-image-2778\" src=\"http:\/\/www.lindenhausen.de\/blog\/wp-content\/uploads\/2017\/09\/K800_IMG_7545-e1505036542215-300x225.jpg\" alt=\"VIP Empfang\" width=\"300\" height=\"225\" srcset=\"http:\/\/www.lindenhausen.de\/blog\/wp-content\/uploads\/2017\/09\/K800_IMG_7545-e1505036542215-300x225.jpg 300w, http:\/\/www.lindenhausen.de\/blog\/wp-content\/uploads\/2017\/09\/K800_IMG_7545-e1505036542215.jpg 800w\" sizes=\"(max-width: 300px) 100vw, 300px\" \/><\/a><\/p>\n<p>Und schon sa\u00dfen wir im Atrium um mit den anderen von Bord zu gehen.<\/p>\n<p>Aber so einfach war das heute nicht. Nachdem auch heute der Service beim Mittagessen im Hauptrestaurant wohl wieder nicht in Ordnung war (viel zu wenig Personal) entschieden sich unsere Mitreisenden das Serviceendgeld um diese 2 Tage zu k\u00fcrzen.<\/p>\n<p>Ich war bei diesem Essen nicht dabei, aber da ich alle gut kenne und ja auch an 2 Abenden ohne Stuhl und Gedeck dastand war es f\u00fcr mich komplett nachvollziehbar.<\/p>\n<p>Was dann folgte ist f\u00fcr mich ohne Worte. Ich hatte keinen Grund zur K\u00fcrzung, da ich ja bei allen Mahlzeiten au\u00dfer dem Abendessen im Clubrestaurant gut versorgt war.<\/p>\n<p>Aber ich konnte das alles gut verfolgen und war sehr negativ erstaunt. Die Beschwerde wurde vorgetragen, ein Formular dar\u00fcber ausgef\u00fcllt.<\/p>\n<p>Dann musste jeder seinen Reisepass holen da man sich in dem Fall angeblich nicht mit der Bordkarte ausweisen kann. Wenn ich das nicht selber gesehen h\u00e4tte, ich h\u00e4tte es nicht geglaubt. Das Ganze dauerte eine Stunde ohne ein Wort des Bedauerns.<\/p>\n<p>Aber der f\u00fcr mich gr\u00f6\u00dfte Tiefpunkt sollte noch folgen: Hatte ich mich gefreut das Manfred S. als Hotel Direktor an Bord war muss ich das revidieren. Er sprach die 4 bei Verlassen des Schiffs an und fragte nach Ihrem Problem, daraufhin bot Dirk an einen Termin f\u00fcr ein Gespr\u00e4ch auszumachen, das Ganze in einem wirklich freundlichen Ton und die Antwort war: \u201eIhr Deutschen habt doch sowieso daf\u00fcr gesorgt das das Serviceendgeld gestrichen werden kann, dann streicht es doch einfach f\u00fcr die ganze Kreuzfahrt.\u201c Sorry aber das geht \u00fcberhaupt nicht und so geht man mit G\u00e4sten nicht um.<\/p>\n<p>Um das ganze kurz zu machen:\u00a0 auf der Bordrechnung unserer Freunde wurde das komplette Serviceendgeld berechnet, Stunden im Urlaub mit Schikanen, Formularen und Reisep\u00e4ssen verbracht f\u00fcr nichts. Sie haben das Ganze dann im nach hinein mit der Reederei gekl\u00e4rt. Ich denke hier hat Costa leider Kunden verloren, die schon oft mit Costa unterwegs waren, schade.<\/p>\n<p>Ein wenig betr\u00f6ppelt machten wir uns auf den Weg zum Strand und sp\u00fclten dort den \u00c4rger mit ein paar Ouzo hinunter.<\/p>\n<p>Das Wasser war noch ein wenig frisch, die mutigen gingen schwimmen, ich als bekennender Warmduscher hielt nur den gro\u00dfen Zeh hinein und genoss dann die warme Sonne auf der Liege.<\/p>\n<div id='gallery-1' class='gallery galleryid-2844 gallery-columns-3 gallery-size-medium'><figure class='gallery-item'>\n\t\t\t<div class='gallery-icon portrait'>\n\t\t\t\t<a href='http:\/\/www.lindenhausen.de\/blog\/reiseberichte-costa\/kreuzfahrten-2017\/costa-deliziosa-06-2017\/k800_img_7584\/'><img width=\"225\" height=\"300\" src=\"http:\/\/www.lindenhausen.de\/blog\/wp-content\/uploads\/2017\/09\/K800_IMG_7584-e1505036441584-225x300.jpg\" class=\"attachment-medium size-medium\" alt=\"\" decoding=\"async\" loading=\"lazy\" srcset=\"http:\/\/www.lindenhausen.de\/blog\/wp-content\/uploads\/2017\/09\/K800_IMG_7584-e1505036441584-225x300.jpg 225w, http:\/\/www.lindenhausen.de\/blog\/wp-content\/uploads\/2017\/09\/K800_IMG_7584-e1505036441584.jpg 600w\" sizes=\"(max-width: 225px) 100vw, 225px\" \/><\/a>\n\t\t\t<\/div><\/figure><figure class='gallery-item'>\n\t\t\t<div class='gallery-icon portrait'>\n\t\t\t\t<a href='http:\/\/www.lindenhausen.de\/blog\/reiseberichte-costa\/kreuzfahrten-2017\/costa-deliziosa-06-2017\/k800_img_7583\/'><img width=\"169\" height=\"300\" src=\"http:\/\/www.lindenhausen.de\/blog\/wp-content\/uploads\/2017\/09\/K800_IMG_7583-e1505036481412-169x300.jpg\" class=\"attachment-medium size-medium\" alt=\"\" decoding=\"async\" loading=\"lazy\" srcset=\"http:\/\/www.lindenhausen.de\/blog\/wp-content\/uploads\/2017\/09\/K800_IMG_7583-e1505036481412-169x300.jpg 169w, http:\/\/www.lindenhausen.de\/blog\/wp-content\/uploads\/2017\/09\/K800_IMG_7583-e1505036481412-576x1024.jpg 576w, http:\/\/www.lindenhausen.de\/blog\/wp-content\/uploads\/2017\/09\/K800_IMG_7583-e1505036481412.jpg 600w\" sizes=\"(max-width: 169px) 100vw, 169px\" \/><\/a>\n\t\t\t<\/div><\/figure><figure class='gallery-item'>\n\t\t\t<div class='gallery-icon landscape'>\n\t\t\t\t<a href='http:\/\/www.lindenhausen.de\/blog\/reiseberichte-costa\/kreuzfahrten-2017\/costa-deliziosa-06-2017\/k800_dsc_0724\/'><img width=\"300\" height=\"199\" src=\"http:\/\/www.lindenhausen.de\/blog\/wp-content\/uploads\/2017\/09\/K800_DSC_0724-300x199.jpg\" class=\"attachment-medium size-medium\" alt=\"\" decoding=\"async\" loading=\"lazy\" srcset=\"http:\/\/www.lindenhausen.de\/blog\/wp-content\/uploads\/2017\/09\/K800_DSC_0724-300x199.jpg 300w, http:\/\/www.lindenhausen.de\/blog\/wp-content\/uploads\/2017\/09\/K800_DSC_0724.jpg 906w\" sizes=\"(max-width: 300px) 100vw, 300px\" \/><\/a>\n\t\t\t<\/div><\/figure>\n\t\t<\/div>\n\n<p>Auf dem R\u00fcckweg gingen wir ausgiebig shoppen, Oliven\u00f6l, Gew\u00fcrze, Seife, Ouzo\u2026.<\/p>\n<p>Heute Abend war Italienischer Abend angesagt.Auf dem Schiff, nicht im Hauptrestaurant. Der \u00c4rger vom Mittag hatte zumindest bewirkt das alle St\u00fchle da waren und auch ein Kellner der f\u00fcr Getr\u00e4nke sorgte. Der Ma\u00eetre schaute vorbei und wenn Blicke t\u00f6ten k\u00f6nnten\u2026..<\/p>\n<div id='gallery-2' class='gallery galleryid-2844 gallery-columns-3 gallery-size-medium'><figure class='gallery-item'>\n\t\t\t<div class='gallery-icon portrait'>\n\t\t\t\t<a href='http:\/\/www.lindenhausen.de\/blog\/reiseberichte-costa\/kreuzfahrten-2017\/costa-deliziosa-06-2017\/k800_img_7598\/'><img width=\"225\" height=\"300\" src=\"http:\/\/www.lindenhausen.de\/blog\/wp-content\/uploads\/2017\/09\/K800_IMG_7598-e1505035970608-225x300.jpg\" class=\"attachment-medium size-medium\" alt=\"\" decoding=\"async\" loading=\"lazy\" srcset=\"http:\/\/www.lindenhausen.de\/blog\/wp-content\/uploads\/2017\/09\/K800_IMG_7598-e1505035970608-225x300.jpg 225w, http:\/\/www.lindenhausen.de\/blog\/wp-content\/uploads\/2017\/09\/K800_IMG_7598-e1505035970608.jpg 600w\" sizes=\"(max-width: 225px) 100vw, 225px\" \/><\/a>\n\t\t\t<\/div><\/figure><figure class='gallery-item'>\n\t\t\t<div class='gallery-icon portrait'>\n\t\t\t\t<a href='http:\/\/www.lindenhausen.de\/blog\/reiseberichte-costa\/kreuzfahrten-2017\/costa-deliziosa-06-2017\/k800_img_7599\/'><img width=\"225\" height=\"300\" src=\"http:\/\/www.lindenhausen.de\/blog\/wp-content\/uploads\/2017\/09\/K800_IMG_7599-e1505035906379-225x300.jpg\" class=\"attachment-medium size-medium\" alt=\"\" decoding=\"async\" loading=\"lazy\" srcset=\"http:\/\/www.lindenhausen.de\/blog\/wp-content\/uploads\/2017\/09\/K800_IMG_7599-e1505035906379-225x300.jpg 225w, http:\/\/www.lindenhausen.de\/blog\/wp-content\/uploads\/2017\/09\/K800_IMG_7599-e1505035906379.jpg 600w\" sizes=\"(max-width: 225px) 100vw, 225px\" \/><\/a>\n\t\t\t<\/div><\/figure><figure class='gallery-item'>\n\t\t\t<div class='gallery-icon portrait'>\n\t\t\t\t<a href='http:\/\/www.lindenhausen.de\/blog\/reiseberichte-costa\/kreuzfahrten-2017\/costa-deliziosa-06-2017\/k800_img_7600\/'><img width=\"225\" height=\"300\" src=\"http:\/\/www.lindenhausen.de\/blog\/wp-content\/uploads\/2017\/09\/K800_IMG_7600-e1505035853127-225x300.jpg\" class=\"attachment-medium size-medium\" alt=\"\" decoding=\"async\" loading=\"lazy\" srcset=\"http:\/\/www.lindenhausen.de\/blog\/wp-content\/uploads\/2017\/09\/K800_IMG_7600-e1505035853127-225x300.jpg 225w, http:\/\/www.lindenhausen.de\/blog\/wp-content\/uploads\/2017\/09\/K800_IMG_7600-e1505035853127.jpg 600w\" sizes=\"(max-width: 225px) 100vw, 225px\" \/><\/a>\n\t\t\t<\/div><\/figure><figure class='gallery-item'>\n\t\t\t<div class='gallery-icon landscape'>\n\t\t\t\t<a href='http:\/\/www.lindenhausen.de\/blog\/reiseberichte-costa\/kreuzfahrten-2017\/costa-deliziosa-06-2017\/k800_img_7601\/'><img width=\"300\" height=\"225\" src=\"http:\/\/www.lindenhausen.de\/blog\/wp-content\/uploads\/2017\/09\/K800_IMG_7601-e1505035602683-300x225.jpg\" class=\"attachment-medium size-medium\" alt=\"\" decoding=\"async\" loading=\"lazy\" srcset=\"http:\/\/www.lindenhausen.de\/blog\/wp-content\/uploads\/2017\/09\/K800_IMG_7601-e1505035602683-300x225.jpg 300w, http:\/\/www.lindenhausen.de\/blog\/wp-content\/uploads\/2017\/09\/K800_IMG_7601-e1505035602683.jpg 800w\" sizes=\"(max-width: 300px) 100vw, 300px\" \/><\/a>\n\t\t\t<\/div><\/figure><figure class='gallery-item'>\n\t\t\t<div class='gallery-icon landscape'>\n\t\t\t\t<a href='http:\/\/www.lindenhausen.de\/blog\/reiseberichte-costa\/kreuzfahrten-2017\/costa-deliziosa-06-2017\/k800_dsc_0738-2\/'><img width=\"300\" height=\"199\" src=\"http:\/\/www.lindenhausen.de\/blog\/wp-content\/uploads\/2017\/09\/K800_DSC_0738-300x199.jpg\" class=\"attachment-medium size-medium\" alt=\"\" decoding=\"async\" loading=\"lazy\" srcset=\"http:\/\/www.lindenhausen.de\/blog\/wp-content\/uploads\/2017\/09\/K800_DSC_0738-300x199.jpg 300w, http:\/\/www.lindenhausen.de\/blog\/wp-content\/uploads\/2017\/09\/K800_DSC_0738.jpg 906w\" sizes=\"(max-width: 300px) 100vw, 300px\" \/><\/a>\n\t\t\t<\/div><\/figure>\n\t\t<\/div>\n\n<p>&nbsp;<\/p>\n<p>Den Abend lie\u00dfen wir mit ein paar Tanzrunden in der Grand Bar ausklingen.<\/p>\n<p>&nbsp;<\/p>\n<p><a title=\"Santorin 14.06.2017\" href=\"http:\/\/www.lindenhausen.de\/blog\/reiseberichte-costa\/kreuzfahrten-2017\/costa-deliziosa-06-2017\/santorin-14-06-2017\/\">Hier gehts weiter<\/a><\/p>\n<p>&nbsp;<\/p>\n","protected":false},"excerpt":{"rendered":"<p>Dienstag 13.06. Katakolon &nbsp; Der Vormittag war recht schnell vorbei-warum sind Tage auf Schiffsreisen eigentlich so kurz? Fr\u00fchst\u00fccken, ein bisschen \u00fcber Deck spazieren, Clubempfang f\u00fcr die VIP, Treffen mit Forumsfreuden, Mittagessen\u2026\u2026 Und schon sa\u00dfen wir im Atrium um mit den anderen von Bord zu gehen. Aber so einfach war das heute nicht. Nachdem auch heute &hellip; <a href=\"http:\/\/www.lindenhausen.de\/blog\/reiseberichte-costa\/kreuzfahrten-2017\/costa-deliziosa-06-2017\/katakolon-13-06-2017\/\" class=\"more-link\"><span class=\"screen-reader-text\">Katakolon 13.06.2017<\/span> weiterlesen <span class=\"meta-nav\">&rarr;<\/span><\/a><\/p>\n","protected":false},"author":1,"featured_media":0,"parent":2684,"menu_order":3,"comment_status":"open","ping_status":"open","template":"","meta":{"_monsterinsights_skip_tracking":false,"_monsterinsights_sitenote_active":false,"_monsterinsights_sitenote_note":"","_monsterinsights_sitenote_category":0},"yoast_head":"<!-- This site is optimized with the Yoast SEO plugin v21.0 - https:\/\/yoast.com\/wordpress\/plugins\/seo\/ -->\n<title>Katakolon 13.06.2017 - Lindenhausen-weil Reisen Spa\u00df macht<\/title>\n<meta name=\"robots\" content=\"index, follow, max-snippet:-1, max-image-preview:large, max-video-preview:-1\" \/>\n<link rel=\"canonical\" href=\"http:\/\/www.lindenhausen.de\/blog\/reiseberichte-costa\/kreuzfahrten-2017\/costa-deliziosa-06-2017\/katakolon-13-06-2017\/\" \/>\n<meta property=\"og:locale\" content=\"de_DE\" \/>\n<meta property=\"og:type\" content=\"article\" \/>\n<meta property=\"og:title\" content=\"Katakolon 13.06.2017 - Lindenhausen-weil Reisen Spa\u00df macht\" \/>\n<meta property=\"og:description\" content=\"Dienstag 13.06. Katakolon &nbsp; Der Vormittag war recht schnell vorbei-warum sind Tage auf Schiffsreisen eigentlich so kurz? Fr\u00fchst\u00fccken, ein bisschen \u00fcber Deck spazieren, Clubempfang f\u00fcr die VIP, Treffen mit Forumsfreuden, Mittagessen\u2026\u2026 Und schon sa\u00dfen wir im Atrium um mit den anderen von Bord zu gehen. Aber so einfach war das heute nicht. Nachdem auch heute &hellip; Katakolon 13.06.2017 weiterlesen &rarr;\" \/>\n<meta property=\"og:url\" content=\"http:\/\/www.lindenhausen.de\/blog\/reiseberichte-costa\/kreuzfahrten-2017\/costa-deliziosa-06-2017\/katakolon-13-06-2017\/\" \/>\n<meta property=\"og:site_name\" content=\"Lindenhausen-weil Reisen Spa\u00df macht\" \/>\n<meta property=\"article:publisher\" content=\"http:\/\/www.facebook.com\/Lindenhausen\/\" \/>\n<meta property=\"article:modified_time\" content=\"2017-09-11T16:12:31+00:00\" \/>\n<meta property=\"og:image\" content=\"http:\/\/www.lindenhausen.de\/blog\/wp-content\/uploads\/2017\/09\/K800_IMG_7584-e1505036441584-225x300.jpg\" \/>\n<meta name=\"twitter:card\" content=\"summary_large_image\" \/>\n<meta name=\"twitter:site\" content=\"@Maxilinde\" \/>\n<meta name=\"twitter:label1\" content=\"Gesch\u00e4tzte Lesezeit\" \/>\n\t<meta name=\"twitter:data1\" content=\"3\u00a0Minuten\" \/>\n<script type=\"application\/ld+json\" class=\"yoast-schema-graph\">{\"@context\":\"https:\/\/schema.org\",\"@graph\":[{\"@type\":\"WebPage\",\"@id\":\"http:\/\/www.lindenhausen.de\/blog\/reiseberichte-costa\/kreuzfahrten-2017\/costa-deliziosa-06-2017\/katakolon-13-06-2017\/\",\"url\":\"http:\/\/www.lindenhausen.de\/blog\/reiseberichte-costa\/kreuzfahrten-2017\/costa-deliziosa-06-2017\/katakolon-13-06-2017\/\",\"name\":\"Katakolon 13.06.2017 - Lindenhausen-weil Reisen Spa\u00df macht\",\"isPartOf\":{\"@id\":\"https:\/\/www.lindenhausen.de\/blog\/#website\"},\"datePublished\":\"2017-09-10T21:51:22+00:00\",\"dateModified\":\"2017-09-11T16:12:31+00:00\",\"breadcrumb\":{\"@id\":\"http:\/\/www.lindenhausen.de\/blog\/reiseberichte-costa\/kreuzfahrten-2017\/costa-deliziosa-06-2017\/katakolon-13-06-2017\/#breadcrumb\"},\"inLanguage\":\"de\",\"potentialAction\":[{\"@type\":\"ReadAction\",\"target\":[\"http:\/\/www.lindenhausen.de\/blog\/reiseberichte-costa\/kreuzfahrten-2017\/costa-deliziosa-06-2017\/katakolon-13-06-2017\/\"]}]},{\"@type\":\"BreadcrumbList\",\"@id\":\"http:\/\/www.lindenhausen.de\/blog\/reiseberichte-costa\/kreuzfahrten-2017\/costa-deliziosa-06-2017\/katakolon-13-06-2017\/#breadcrumb\",\"itemListElement\":[{\"@type\":\"ListItem\",\"position\":1,\"name\":\"Startseite\",\"item\":\"https:\/\/www.lindenhausen.de\/blog\/\"},{\"@type\":\"ListItem\",\"position\":2,\"name\":\"Reiseberichte Costa Kreuzfahrten\",\"item\":\"http:\/\/www.lindenhausen.de\/blog\/reiseberichte-costa\/\"},{\"@type\":\"ListItem\",\"position\":3,\"name\":\"Kreuzfahrten 2017\",\"item\":\"https:\/\/www.lindenhausen.de\/blog\/reiseberichte-costa\/kreuzfahrten-2017\/\"},{\"@type\":\"ListItem\",\"position\":4,\"name\":\"Costa Deliziosa 06.2017\",\"item\":\"http:\/\/www.lindenhausen.de\/blog\/reiseberichte-costa\/kreuzfahrten-2017\/costa-deliziosa-06-2017\/\"},{\"@type\":\"ListItem\",\"position\":5,\"name\":\"Katakolon 13.06.2017\"}]},{\"@type\":\"WebSite\",\"@id\":\"https:\/\/www.lindenhausen.de\/blog\/#website\",\"url\":\"https:\/\/www.lindenhausen.de\/blog\/\",\"name\":\"Lindenhausen-weil Reisen Spa\u00df macht\",\"description\":\"Reisen und Kreuzfahrten, Reiseberichte, Kreuzfahrtforum\",\"potentialAction\":[{\"@type\":\"SearchAction\",\"target\":{\"@type\":\"EntryPoint\",\"urlTemplate\":\"https:\/\/www.lindenhausen.de\/blog\/?s={search_term_string}\"},\"query-input\":\"required name=search_term_string\"}],\"inLanguage\":\"de\"}]}<\/script>\n<!-- \/ Yoast SEO plugin. -->","yoast_head_json":{"title":"Katakolon 13.06.2017 - Lindenhausen-weil Reisen Spa\u00df macht","robots":{"index":"index","follow":"follow","max-snippet":"max-snippet:-1","max-image-preview":"max-image-preview:large","max-video-preview":"max-video-preview:-1"},"canonical":"http:\/\/www.lindenhausen.de\/blog\/reiseberichte-costa\/kreuzfahrten-2017\/costa-deliziosa-06-2017\/katakolon-13-06-2017\/","og_locale":"de_DE","og_type":"article","og_title":"Katakolon 13.06.2017 - Lindenhausen-weil Reisen Spa\u00df macht","og_description":"Dienstag 13.06. Katakolon &nbsp; Der Vormittag war recht schnell vorbei-warum sind Tage auf Schiffsreisen eigentlich so kurz? Fr\u00fchst\u00fccken, ein bisschen \u00fcber Deck spazieren, Clubempfang f\u00fcr die VIP, Treffen mit Forumsfreuden, Mittagessen\u2026\u2026 Und schon sa\u00dfen wir im Atrium um mit den anderen von Bord zu gehen. Aber so einfach war das heute nicht. Nachdem auch heute &hellip; Katakolon 13.06.2017 weiterlesen &rarr;","og_url":"http:\/\/www.lindenhausen.de\/blog\/reiseberichte-costa\/kreuzfahrten-2017\/costa-deliziosa-06-2017\/katakolon-13-06-2017\/","og_site_name":"Lindenhausen-weil Reisen Spa\u00df macht","article_publisher":"http:\/\/www.facebook.com\/Lindenhausen\/","article_modified_time":"2017-09-11T16:12:31+00:00","og_image":[{"url":"http:\/\/www.lindenhausen.de\/blog\/wp-content\/uploads\/2017\/09\/K800_IMG_7584-e1505036441584-225x300.jpg"}],"twitter_card":"summary_large_image","twitter_site":"@Maxilinde","twitter_misc":{"Gesch\u00e4tzte Lesezeit":"3\u00a0Minuten"},"schema":{"@context":"https:\/\/schema.org","@graph":[{"@type":"WebPage","@id":"http:\/\/www.lindenhausen.de\/blog\/reiseberichte-costa\/kreuzfahrten-2017\/costa-deliziosa-06-2017\/katakolon-13-06-2017\/","url":"http:\/\/www.lindenhausen.de\/blog\/reiseberichte-costa\/kreuzfahrten-2017\/costa-deliziosa-06-2017\/katakolon-13-06-2017\/","name":"Katakolon 13.06.2017 - Lindenhausen-weil Reisen Spa\u00df macht","isPartOf":{"@id":"https:\/\/www.lindenhausen.de\/blog\/#website"},"datePublished":"2017-09-10T21:51:22+00:00","dateModified":"2017-09-11T16:12:31+00:00","breadcrumb":{"@id":"http:\/\/www.lindenhausen.de\/blog\/reiseberichte-costa\/kreuzfahrten-2017\/costa-deliziosa-06-2017\/katakolon-13-06-2017\/#breadcrumb"},"inLanguage":"de","potentialAction":[{"@type":"ReadAction","target":["http:\/\/www.lindenhausen.de\/blog\/reiseberichte-costa\/kreuzfahrten-2017\/costa-deliziosa-06-2017\/katakolon-13-06-2017\/"]}]},{"@type":"BreadcrumbList","@id":"http:\/\/www.lindenhausen.de\/blog\/reiseberichte-costa\/kreuzfahrten-2017\/costa-deliziosa-06-2017\/katakolon-13-06-2017\/#breadcrumb","itemListElement":[{"@type":"ListItem","position":1,"name":"Startseite","item":"https:\/\/www.lindenhausen.de\/blog\/"},{"@type":"ListItem","position":2,"name":"Reiseberichte Costa Kreuzfahrten","item":"http:\/\/www.lindenhausen.de\/blog\/reiseberichte-costa\/"},{"@type":"ListItem","position":3,"name":"Kreuzfahrten 2017","item":"https:\/\/www.lindenhausen.de\/blog\/reiseberichte-costa\/kreuzfahrten-2017\/"},{"@type":"ListItem","position":4,"name":"Costa Deliziosa 06.2017","item":"http:\/\/www.lindenhausen.de\/blog\/reiseberichte-costa\/kreuzfahrten-2017\/costa-deliziosa-06-2017\/"},{"@type":"ListItem","position":5,"name":"Katakolon 13.06.2017"}]},{"@type":"WebSite","@id":"https:\/\/www.lindenhausen.de\/blog\/#website","url":"https:\/\/www.lindenhausen.de\/blog\/","name":"Lindenhausen-weil Reisen Spa\u00df macht","description":"Reisen und Kreuzfahrten, Reiseberichte, Kreuzfahrtforum","potentialAction":[{"@type":"SearchAction","target":{"@type":"EntryPoint","urlTemplate":"https:\/\/www.lindenhausen.de\/blog\/?s={search_term_string}"},"query-input":"required name=search_term_string"}],"inLanguage":"de"}]}},"_links":{"self":[{"href":"http:\/\/www.lindenhausen.de\/blog\/wp-json\/wp\/v2\/pages\/2844"}],"collection":[{"href":"http:\/\/www.lindenhausen.de\/blog\/wp-json\/wp\/v2\/pages"}],"about":[{"href":"http:\/\/www.lindenhausen.de\/blog\/wp-json\/wp\/v2\/types\/page"}],"author":[{"embeddable":true,"href":"http:\/\/www.lindenhausen.de\/blog\/wp-json\/wp\/v2\/users\/1"}],"replies":[{"embeddable":true,"href":"http:\/\/www.lindenhausen.de\/blog\/wp-json\/wp\/v2\/comments?post=2844"}],"version-history":[{"count":4,"href":"http:\/\/www.lindenhausen.de\/blog\/wp-json\/wp\/v2\/pages\/2844\/revisions"}],"predecessor-version":[{"id":2882,"href":"http:\/\/www.lindenhausen.de\/blog\/wp-json\/wp\/v2\/pages\/2844\/revisions\/2882"}],"up":[{"embeddable":true,"href":"http:\/\/www.lindenhausen.de\/blog\/wp-json\/wp\/v2\/pages\/2684"}],"wp:attachment":[{"href":"http:\/\/www.lindenhausen.de\/blog\/wp-json\/wp\/v2\/media?parent=2844"}],"curies":[{"name":"wp","href":"https:\/\/api.w.org\/{rel}","templated":true}]}}