{"id":2842,"date":"2017-09-10T23:39:53","date_gmt":"2017-09-10T21:39:53","guid":{"rendered":"http:\/\/www.lindenhausen.de\/blog\/?page_id=2842"},"modified":"2017-09-11T18:10:07","modified_gmt":"2017-09-11T16:10:07","slug":"bari-12-06-2017","status":"publish","type":"page","link":"http:\/\/www.lindenhausen.de\/blog\/reiseberichte-costa\/kreuzfahrten-2017\/costa-deliziosa-06-2017\/bari-12-06-2017\/","title":{"rendered":"Bari 12.06.2017"},"content":{"rendered":"<p>Montag 12.06. Bari<br \/>\nSolange wie es ging geschlafen, Fr\u00fchst\u00fcck in aller Ruhe im Clubrestaurant, Ausflug f\u00fcr uns alle nach Delos gebucht, ein bissel mit Mitreisenden unterhalten, das Treiben an Deck beobachtet.<br \/>\nDann Mittagessen ganz in Ruhe im Clubrestaurant, dabei konnten wir wunderbar die Einfahrt nach Bari beobachten.<\/p>\n<p><a href=\"http:\/\/www.lindenhausen.de\/blog\/wp-content\/uploads\/2017\/09\/K800_IMG_7499-e1505037498892.jpg\"><img decoding=\"async\" loading=\"lazy\" class=\"aligncenter size-medium wp-image-2768\" src=\"http:\/\/www.lindenhausen.de\/blog\/wp-content\/uploads\/2017\/09\/K800_IMG_7499-e1505037498892-225x300.jpg\" alt=\"Pooldeck Costa Deliziosa\" width=\"225\" height=\"300\" srcset=\"http:\/\/www.lindenhausen.de\/blog\/wp-content\/uploads\/2017\/09\/K800_IMG_7499-e1505037498892-225x300.jpg 225w, http:\/\/www.lindenhausen.de\/blog\/wp-content\/uploads\/2017\/09\/K800_IMG_7499-e1505037498892.jpg 600w\" sizes=\"(max-width: 225px) 100vw, 225px\" \/><\/a> <a href=\"http:\/\/www.lindenhausen.de\/blog\/wp-content\/uploads\/2017\/09\/K800_IMG_7500-e1505037463825.jpg\"><img decoding=\"async\" loading=\"lazy\" class=\"aligncenter size-medium wp-image-2769\" src=\"http:\/\/www.lindenhausen.de\/blog\/wp-content\/uploads\/2017\/09\/K800_IMG_7500-e1505037463825-225x300.jpg\" alt=\"Pooldeck Costa Deliziosa\" width=\"225\" height=\"300\" srcset=\"http:\/\/www.lindenhausen.de\/blog\/wp-content\/uploads\/2017\/09\/K800_IMG_7500-e1505037463825-225x300.jpg 225w, http:\/\/www.lindenhausen.de\/blog\/wp-content\/uploads\/2017\/09\/K800_IMG_7500-e1505037463825.jpg 600w\" sizes=\"(max-width: 225px) 100vw, 225px\" \/><\/a><br \/>\nWir trafen den Rest der Gruppe zum Landgang, sie waren von der Atmosph\u00e4re im Hauptrestaurant nicht begeistert, schade, denn es war nicht ihre erste Kreuzfahrt mit Costa und ich kenne sie als recht geduldig. Hier lief eindeutig etwas schief. Auch hatte sie ein paar Probleme mit dem Kabinenservice.<br \/>\nWir machten uns zu Fu\u00df auf den Weg die Altstadt zu erkunden, es gibt einen Shuttlebus von Costa, der aber nicht unbedingt notwendig ist denn zur Nikolaus Kirche sind es keine 2 km.<br \/>\nDiese war nat\u00fcrlich unser erstes Ziel, immer wieder sch\u00f6n und beeindruckend.<br \/>\nDanach ging es kreuz und quer durch die engen Gassen von Bari, wir M\u00e4dels wurden nat\u00fcrlich auch in dem einen oder anderem Shop f\u00fcndig.<\/p>\n<p><div id='gallery-1' class='gallery galleryid-2842 gallery-columns-3 gallery-size-medium'><figure class='gallery-item'>\n\t\t\t<div class='gallery-icon portrait'>\n\t\t\t\t<a href='http:\/\/www.lindenhausen.de\/blog\/reiseberichte-costa\/kreuzfahrten-2017\/costa-deliziosa-06-2017\/k800_img_7517\/'><img width=\"225\" height=\"300\" src=\"http:\/\/www.lindenhausen.de\/blog\/wp-content\/uploads\/2017\/09\/K800_IMG_7517-e1505037423902-225x300.jpg\" class=\"attachment-medium size-medium\" alt=\"\" decoding=\"async\" loading=\"lazy\" srcset=\"http:\/\/www.lindenhausen.de\/blog\/wp-content\/uploads\/2017\/09\/K800_IMG_7517-e1505037423902-225x300.jpg 225w, http:\/\/www.lindenhausen.de\/blog\/wp-content\/uploads\/2017\/09\/K800_IMG_7517-e1505037423902.jpg 600w\" sizes=\"(max-width: 225px) 100vw, 225px\" \/><\/a>\n\t\t\t<\/div><\/figure><figure class='gallery-item'>\n\t\t\t<div class='gallery-icon portrait'>\n\t\t\t\t<a href='http:\/\/www.lindenhausen.de\/blog\/reiseberichte-costa\/kreuzfahrten-2017\/costa-deliziosa-06-2017\/k800_dsc_0660-3\/'><img width=\"199\" height=\"300\" src=\"http:\/\/www.lindenhausen.de\/blog\/wp-content\/uploads\/2017\/09\/K800_DSC_0660-e1505046810660-199x300.jpg\" class=\"attachment-medium size-medium\" alt=\"\" decoding=\"async\" loading=\"lazy\" srcset=\"http:\/\/www.lindenhausen.de\/blog\/wp-content\/uploads\/2017\/09\/K800_DSC_0660-e1505046810660-199x300.jpg 199w, http:\/\/www.lindenhausen.de\/blog\/wp-content\/uploads\/2017\/09\/K800_DSC_0660-e1505046810660.jpg 600w\" sizes=\"(max-width: 199px) 100vw, 199px\" \/><\/a>\n\t\t\t<\/div><\/figure><figure class='gallery-item'>\n\t\t\t<div class='gallery-icon portrait'>\n\t\t\t\t<a href='http:\/\/www.lindenhausen.de\/blog\/reiseberichte-costa\/kreuzfahrten-2017\/costa-deliziosa-06-2017\/k800_dsc_0664-2\/'><img width=\"199\" height=\"300\" src=\"http:\/\/www.lindenhausen.de\/blog\/wp-content\/uploads\/2017\/09\/K800_DSC_0664-e1505046781857-199x300.jpg\" class=\"attachment-medium size-medium\" alt=\"\" decoding=\"async\" loading=\"lazy\" srcset=\"http:\/\/www.lindenhausen.de\/blog\/wp-content\/uploads\/2017\/09\/K800_DSC_0664-e1505046781857-199x300.jpg 199w, http:\/\/www.lindenhausen.de\/blog\/wp-content\/uploads\/2017\/09\/K800_DSC_0664-e1505046781857.jpg 600w\" sizes=\"(max-width: 199px) 100vw, 199px\" \/><\/a>\n\t\t\t<\/div><\/figure><figure class='gallery-item'>\n\t\t\t<div class='gallery-icon portrait'>\n\t\t\t\t<a href='http:\/\/www.lindenhausen.de\/blog\/reiseberichte-costa\/kreuzfahrten-2017\/costa-deliziosa-06-2017\/k800_dsc_0668\/'><img width=\"199\" height=\"300\" src=\"http:\/\/www.lindenhausen.de\/blog\/wp-content\/uploads\/2017\/09\/K800_DSC_0668-e1505046744728-199x300.jpg\" class=\"attachment-medium size-medium\" alt=\"\" decoding=\"async\" loading=\"lazy\" srcset=\"http:\/\/www.lindenhausen.de\/blog\/wp-content\/uploads\/2017\/09\/K800_DSC_0668-e1505046744728-199x300.jpg 199w, http:\/\/www.lindenhausen.de\/blog\/wp-content\/uploads\/2017\/09\/K800_DSC_0668-e1505046744728.jpg 600w\" sizes=\"(max-width: 199px) 100vw, 199px\" \/><\/a>\n\t\t\t<\/div><\/figure><figure class='gallery-item'>\n\t\t\t<div class='gallery-icon landscape'>\n\t\t\t\t<a href='http:\/\/www.lindenhausen.de\/blog\/reiseberichte-costa\/kreuzfahrten-2017\/costa-deliziosa-06-2017\/k800_dsc_0672\/'><img width=\"300\" height=\"199\" src=\"http:\/\/www.lindenhausen.de\/blog\/wp-content\/uploads\/2017\/09\/K800_DSC_0672-300x199.jpg\" class=\"attachment-medium size-medium\" alt=\"\" decoding=\"async\" loading=\"lazy\" srcset=\"http:\/\/www.lindenhausen.de\/blog\/wp-content\/uploads\/2017\/09\/K800_DSC_0672-300x199.jpg 300w, http:\/\/www.lindenhausen.de\/blog\/wp-content\/uploads\/2017\/09\/K800_DSC_0672.jpg 906w\" sizes=\"(max-width: 300px) 100vw, 300px\" \/><\/a>\n\t\t\t<\/div><\/figure><figure class='gallery-item'>\n\t\t\t<div class='gallery-icon portrait'>\n\t\t\t\t<a href='http:\/\/www.lindenhausen.de\/blog\/reiseberichte-costa\/kreuzfahrten-2017\/costa-deliziosa-06-2017\/k800_dsc_0681-2\/'><img width=\"199\" height=\"300\" src=\"http:\/\/www.lindenhausen.de\/blog\/wp-content\/uploads\/2017\/09\/K800_DSC_0681-e1505046669776-199x300.jpg\" class=\"attachment-medium size-medium\" alt=\"\" decoding=\"async\" loading=\"lazy\" srcset=\"http:\/\/www.lindenhausen.de\/blog\/wp-content\/uploads\/2017\/09\/K800_DSC_0681-e1505046669776-199x300.jpg 199w, http:\/\/www.lindenhausen.de\/blog\/wp-content\/uploads\/2017\/09\/K800_DSC_0681-e1505046669776.jpg 600w\" sizes=\"(max-width: 199px) 100vw, 199px\" \/><\/a>\n\t\t\t<\/div><\/figure><figure class='gallery-item'>\n\t\t\t<div class='gallery-icon landscape'>\n\t\t\t\t<a href='http:\/\/www.lindenhausen.de\/blog\/reiseberichte-costa\/kreuzfahrten-2017\/costa-deliziosa-06-2017\/k800_dsc_0692\/'><img width=\"300\" height=\"199\" src=\"http:\/\/www.lindenhausen.de\/blog\/wp-content\/uploads\/2017\/09\/K800_DSC_0692-300x199.jpg\" class=\"attachment-medium size-medium\" alt=\"\" decoding=\"async\" loading=\"lazy\" srcset=\"http:\/\/www.lindenhausen.de\/blog\/wp-content\/uploads\/2017\/09\/K800_DSC_0692-300x199.jpg 300w, http:\/\/www.lindenhausen.de\/blog\/wp-content\/uploads\/2017\/09\/K800_DSC_0692.jpg 906w\" sizes=\"(max-width: 300px) 100vw, 300px\" \/><\/a>\n\t\t\t<\/div><\/figure><figure class='gallery-item'>\n\t\t\t<div class='gallery-icon portrait'>\n\t\t\t\t<a href='http:\/\/www.lindenhausen.de\/blog\/reiseberichte-costa\/kreuzfahrten-2017\/costa-deliziosa-06-2017\/k800_dsc_0696\/'><img width=\"199\" height=\"300\" src=\"http:\/\/www.lindenhausen.de\/blog\/wp-content\/uploads\/2017\/09\/K800_DSC_0696-e1505046636106-199x300.jpg\" class=\"attachment-medium size-medium\" alt=\"\" decoding=\"async\" loading=\"lazy\" srcset=\"http:\/\/www.lindenhausen.de\/blog\/wp-content\/uploads\/2017\/09\/K800_DSC_0696-e1505046636106-199x300.jpg 199w, http:\/\/www.lindenhausen.de\/blog\/wp-content\/uploads\/2017\/09\/K800_DSC_0696-e1505046636106.jpg 600w\" sizes=\"(max-width: 199px) 100vw, 199px\" \/><\/a>\n\t\t\t<\/div><\/figure>\n\t\t<\/div>\n<br \/>\nGegen 18:00 Uhr machten wir uns auf den R\u00fcckweg um dann das Auslaufen bei herrlichem Sonnenschein im Whirlpool zu genie\u00dfen.<br \/>\nWieder ein wunderbarer Sonnenuntergang.<br \/>\nAuf der Kabine erwartete uns eine \u00dcberraschung, Korfu konnte aufgrund eines Streikes nicht angelaufen werden. Daf\u00fcr sollte es am Nachmittag nach Katakolon gehen. Wir waren uns in der Gruppe schnell einig das ein Badetag auch sch\u00f6n ist und waren nicht so b\u00f6se dar\u00fcber.<br \/>\nZu Abendessen dann die n\u00e4chste Panne, es gab wieder nur 6 St\u00fchle und Gedecke an unserem Tisch und so langsam war ich ver\u00e4rgert. So schwer kann das doch nicht sein, oder? Also wiederholte sich das Spiel von gestern Abend, das Bier kam dann p\u00fcnktlich zum Hauptgang, wenigstens Wasser war am Tisch eingesetzt und eine Flasche Rotwein f\u00fcr 6 Weintrinker zur Selbstversorgung. Klar, wenn kein Assistent Kellner da ist der diese leidige Platzgeschichte kl\u00e4ren kann, wie soll das ein Kellner in diesem gro\u00dfen Servicebereich schaffen.<br \/>\nDas Essen selber war von guter Qualit\u00e4t und unser Kellner versuchte sein bestes.<br \/>\nDas Dessert war heute, dank Schreibfehler, die Rettung der Stimmung, wir hatten viel Spa\u00df.<\/p>\n<p><a href=\"http:\/\/www.lindenhausen.de\/blog\/wp-content\/uploads\/2017\/09\/K800_IMG_7531-e1505037364744.jpg\"><img decoding=\"async\" loading=\"lazy\" class=\"aligncenter size-medium wp-image-2772\" src=\"http:\/\/www.lindenhausen.de\/blog\/wp-content\/uploads\/2017\/09\/K800_IMG_7531-e1505037364744-225x300.jpg\" alt=\"Dessert\" width=\"225\" height=\"300\" srcset=\"http:\/\/www.lindenhausen.de\/blog\/wp-content\/uploads\/2017\/09\/K800_IMG_7531-e1505037364744-225x300.jpg 225w, http:\/\/www.lindenhausen.de\/blog\/wp-content\/uploads\/2017\/09\/K800_IMG_7531-e1505037364744.jpg 600w\" sizes=\"(max-width: 225px) 100vw, 225px\" \/><\/a> <a href=\"http:\/\/www.lindenhausen.de\/blog\/wp-content\/uploads\/2017\/09\/K800_IMG_7534-e1505037289489.jpg\"><img decoding=\"async\" loading=\"lazy\" class=\"aligncenter size-medium wp-image-2775\" src=\"http:\/\/www.lindenhausen.de\/blog\/wp-content\/uploads\/2017\/09\/K800_IMG_7534-e1505037289489-225x300.jpg\" alt=\"Dessert Hauptrestaurant\" width=\"225\" height=\"300\" srcset=\"http:\/\/www.lindenhausen.de\/blog\/wp-content\/uploads\/2017\/09\/K800_IMG_7534-e1505037289489-225x300.jpg 225w, http:\/\/www.lindenhausen.de\/blog\/wp-content\/uploads\/2017\/09\/K800_IMG_7534-e1505037289489.jpg 600w\" sizes=\"(max-width: 225px) 100vw, 225px\" \/><\/a><br \/>\nWir waren wieder erst nach 23:00 Uhr fertig, da heute Nacht die Uhren umgestellt werden sollten, also 1 Stunde Schlaf weniger, g\u00f6nnten wir uns noch einen Drink im Atrium und schliefen dann Katakolon entgegen.<\/p>\n<p>&nbsp;<\/p>\n<p><a title=\"Katakolon 13.06.2017\" href=\"http:\/\/www.lindenhausen.de\/blog\/reiseberichte-costa\/kreuzfahrten-2017\/costa-deliziosa-06-2017\/katakolon-13-06-2017\/\">Hier gehts weiter<\/a><\/p>\n","protected":false},"excerpt":{"rendered":"<p>Montag 12.06. Bari Solange wie es ging geschlafen, Fr\u00fchst\u00fcck in aller Ruhe im Clubrestaurant, Ausflug f\u00fcr uns alle nach Delos gebucht, ein bissel mit Mitreisenden unterhalten, das Treiben an Deck beobachtet. Dann Mittagessen ganz in Ruhe im Clubrestaurant, dabei konnten wir wunderbar die Einfahrt nach Bari beobachten. Wir trafen den Rest der Gruppe zum Landgang, &hellip; <a href=\"http:\/\/www.lindenhausen.de\/blog\/reiseberichte-costa\/kreuzfahrten-2017\/costa-deliziosa-06-2017\/bari-12-06-2017\/\" class=\"more-link\"><span class=\"screen-reader-text\">Bari 12.06.2017<\/span> weiterlesen <span class=\"meta-nav\">&rarr;<\/span><\/a><\/p>\n","protected":false},"author":1,"featured_media":0,"parent":2684,"menu_order":2,"comment_status":"open","ping_status":"open","template":"","meta":{"_monsterinsights_skip_tracking":false,"_monsterinsights_sitenote_active":false,"_monsterinsights_sitenote_note":"","_monsterinsights_sitenote_category":0},"yoast_head":"<!-- This site is optimized with the Yoast SEO plugin v21.0 - https:\/\/yoast.com\/wordpress\/plugins\/seo\/ -->\n<title>Bari 12.06.2017 - Lindenhausen-weil Reisen Spa\u00df macht<\/title>\n<meta name=\"robots\" content=\"index, follow, max-snippet:-1, max-image-preview:large, max-video-preview:-1\" \/>\n<link rel=\"canonical\" href=\"http:\/\/www.lindenhausen.de\/blog\/reiseberichte-costa\/kreuzfahrten-2017\/costa-deliziosa-06-2017\/bari-12-06-2017\/\" \/>\n<meta property=\"og:locale\" content=\"de_DE\" \/>\n<meta property=\"og:type\" content=\"article\" \/>\n<meta property=\"og:title\" content=\"Bari 12.06.2017 - Lindenhausen-weil Reisen Spa\u00df macht\" \/>\n<meta property=\"og:description\" content=\"Montag 12.06. Bari Solange wie es ging geschlafen, Fr\u00fchst\u00fcck in aller Ruhe im Clubrestaurant, Ausflug f\u00fcr uns alle nach Delos gebucht, ein bissel mit Mitreisenden unterhalten, das Treiben an Deck beobachtet. Dann Mittagessen ganz in Ruhe im Clubrestaurant, dabei konnten wir wunderbar die Einfahrt nach Bari beobachten. Wir trafen den Rest der Gruppe zum Landgang, &hellip; Bari 12.06.2017 weiterlesen &rarr;\" \/>\n<meta property=\"og:url\" content=\"http:\/\/www.lindenhausen.de\/blog\/reiseberichte-costa\/kreuzfahrten-2017\/costa-deliziosa-06-2017\/bari-12-06-2017\/\" \/>\n<meta property=\"og:site_name\" content=\"Lindenhausen-weil Reisen Spa\u00df macht\" \/>\n<meta property=\"article:publisher\" content=\"http:\/\/www.facebook.com\/Lindenhausen\/\" \/>\n<meta property=\"article:modified_time\" content=\"2017-09-11T16:10:07+00:00\" \/>\n<meta property=\"og:image\" content=\"http:\/\/www.lindenhausen.de\/blog\/wp-content\/uploads\/2017\/09\/K800_IMG_7517-e1505037423902-225x300.jpg\" \/>\n<meta name=\"twitter:card\" content=\"summary_large_image\" \/>\n<meta name=\"twitter:site\" content=\"@Maxilinde\" \/>\n<meta name=\"twitter:label1\" content=\"Gesch\u00e4tzte Lesezeit\" \/>\n\t<meta name=\"twitter:data1\" content=\"2\u00a0Minuten\" \/>\n<script type=\"application\/ld+json\" class=\"yoast-schema-graph\">{\"@context\":\"https:\/\/schema.org\",\"@graph\":[{\"@type\":\"WebPage\",\"@id\":\"http:\/\/www.lindenhausen.de\/blog\/reiseberichte-costa\/kreuzfahrten-2017\/costa-deliziosa-06-2017\/bari-12-06-2017\/\",\"url\":\"http:\/\/www.lindenhausen.de\/blog\/reiseberichte-costa\/kreuzfahrten-2017\/costa-deliziosa-06-2017\/bari-12-06-2017\/\",\"name\":\"Bari 12.06.2017 - Lindenhausen-weil Reisen Spa\u00df macht\",\"isPartOf\":{\"@id\":\"http:\/\/www.lindenhausen.de\/blog\/#website\"},\"datePublished\":\"2017-09-10T21:39:53+00:00\",\"dateModified\":\"2017-09-11T16:10:07+00:00\",\"breadcrumb\":{\"@id\":\"http:\/\/www.lindenhausen.de\/blog\/reiseberichte-costa\/kreuzfahrten-2017\/costa-deliziosa-06-2017\/bari-12-06-2017\/#breadcrumb\"},\"inLanguage\":\"de\",\"potentialAction\":[{\"@type\":\"ReadAction\",\"target\":[\"http:\/\/www.lindenhausen.de\/blog\/reiseberichte-costa\/kreuzfahrten-2017\/costa-deliziosa-06-2017\/bari-12-06-2017\/\"]}]},{\"@type\":\"BreadcrumbList\",\"@id\":\"http:\/\/www.lindenhausen.de\/blog\/reiseberichte-costa\/kreuzfahrten-2017\/costa-deliziosa-06-2017\/bari-12-06-2017\/#breadcrumb\",\"itemListElement\":[{\"@type\":\"ListItem\",\"position\":1,\"name\":\"Startseite\",\"item\":\"http:\/\/www.lindenhausen.de\/blog\/\"},{\"@type\":\"ListItem\",\"position\":2,\"name\":\"Reiseberichte Costa Kreuzfahrten\",\"item\":\"http:\/\/www.lindenhausen.de\/blog\/reiseberichte-costa\/\"},{\"@type\":\"ListItem\",\"position\":3,\"name\":\"Kreuzfahrten 2017\",\"item\":\"https:\/\/www.lindenhausen.de\/blog\/reiseberichte-costa\/kreuzfahrten-2017\/\"},{\"@type\":\"ListItem\",\"position\":4,\"name\":\"Costa Deliziosa 06.2017\",\"item\":\"https:\/\/www.lindenhausen.de\/blog\/reiseberichte-costa\/kreuzfahrten-2017\/costa-deliziosa-06-2017\/\"},{\"@type\":\"ListItem\",\"position\":5,\"name\":\"Bari 12.06.2017\"}]},{\"@type\":\"WebSite\",\"@id\":\"http:\/\/www.lindenhausen.de\/blog\/#website\",\"url\":\"http:\/\/www.lindenhausen.de\/blog\/\",\"name\":\"Lindenhausen-weil Reisen Spa\u00df macht\",\"description\":\"Reisen und Kreuzfahrten, Reiseberichte, Kreuzfahrtforum\",\"potentialAction\":[{\"@type\":\"SearchAction\",\"target\":{\"@type\":\"EntryPoint\",\"urlTemplate\":\"http:\/\/www.lindenhausen.de\/blog\/?s={search_term_string}\"},\"query-input\":\"required name=search_term_string\"}],\"inLanguage\":\"de\"}]}<\/script>\n<!-- \/ Yoast SEO plugin. -->","yoast_head_json":{"title":"Bari 12.06.2017 - Lindenhausen-weil Reisen Spa\u00df macht","robots":{"index":"index","follow":"follow","max-snippet":"max-snippet:-1","max-image-preview":"max-image-preview:large","max-video-preview":"max-video-preview:-1"},"canonical":"http:\/\/www.lindenhausen.de\/blog\/reiseberichte-costa\/kreuzfahrten-2017\/costa-deliziosa-06-2017\/bari-12-06-2017\/","og_locale":"de_DE","og_type":"article","og_title":"Bari 12.06.2017 - Lindenhausen-weil Reisen Spa\u00df macht","og_description":"Montag 12.06. Bari Solange wie es ging geschlafen, Fr\u00fchst\u00fcck in aller Ruhe im Clubrestaurant, Ausflug f\u00fcr uns alle nach Delos gebucht, ein bissel mit Mitreisenden unterhalten, das Treiben an Deck beobachtet. Dann Mittagessen ganz in Ruhe im Clubrestaurant, dabei konnten wir wunderbar die Einfahrt nach Bari beobachten. Wir trafen den Rest der Gruppe zum Landgang, &hellip; Bari 12.06.2017 weiterlesen &rarr;","og_url":"http:\/\/www.lindenhausen.de\/blog\/reiseberichte-costa\/kreuzfahrten-2017\/costa-deliziosa-06-2017\/bari-12-06-2017\/","og_site_name":"Lindenhausen-weil Reisen Spa\u00df macht","article_publisher":"http:\/\/www.facebook.com\/Lindenhausen\/","article_modified_time":"2017-09-11T16:10:07+00:00","og_image":[{"url":"http:\/\/www.lindenhausen.de\/blog\/wp-content\/uploads\/2017\/09\/K800_IMG_7517-e1505037423902-225x300.jpg"}],"twitter_card":"summary_large_image","twitter_site":"@Maxilinde","twitter_misc":{"Gesch\u00e4tzte Lesezeit":"2\u00a0Minuten"},"schema":{"@context":"https:\/\/schema.org","@graph":[{"@type":"WebPage","@id":"http:\/\/www.lindenhausen.de\/blog\/reiseberichte-costa\/kreuzfahrten-2017\/costa-deliziosa-06-2017\/bari-12-06-2017\/","url":"http:\/\/www.lindenhausen.de\/blog\/reiseberichte-costa\/kreuzfahrten-2017\/costa-deliziosa-06-2017\/bari-12-06-2017\/","name":"Bari 12.06.2017 - Lindenhausen-weil Reisen Spa\u00df macht","isPartOf":{"@id":"http:\/\/www.lindenhausen.de\/blog\/#website"},"datePublished":"2017-09-10T21:39:53+00:00","dateModified":"2017-09-11T16:10:07+00:00","breadcrumb":{"@id":"http:\/\/www.lindenhausen.de\/blog\/reiseberichte-costa\/kreuzfahrten-2017\/costa-deliziosa-06-2017\/bari-12-06-2017\/#breadcrumb"},"inLanguage":"de","potentialAction":[{"@type":"ReadAction","target":["http:\/\/www.lindenhausen.de\/blog\/reiseberichte-costa\/kreuzfahrten-2017\/costa-deliziosa-06-2017\/bari-12-06-2017\/"]}]},{"@type":"BreadcrumbList","@id":"http:\/\/www.lindenhausen.de\/blog\/reiseberichte-costa\/kreuzfahrten-2017\/costa-deliziosa-06-2017\/bari-12-06-2017\/#breadcrumb","itemListElement":[{"@type":"ListItem","position":1,"name":"Startseite","item":"http:\/\/www.lindenhausen.de\/blog\/"},{"@type":"ListItem","position":2,"name":"Reiseberichte Costa Kreuzfahrten","item":"http:\/\/www.lindenhausen.de\/blog\/reiseberichte-costa\/"},{"@type":"ListItem","position":3,"name":"Kreuzfahrten 2017","item":"https:\/\/www.lindenhausen.de\/blog\/reiseberichte-costa\/kreuzfahrten-2017\/"},{"@type":"ListItem","position":4,"name":"Costa Deliziosa 06.2017","item":"https:\/\/www.lindenhausen.de\/blog\/reiseberichte-costa\/kreuzfahrten-2017\/costa-deliziosa-06-2017\/"},{"@type":"ListItem","position":5,"name":"Bari 12.06.2017"}]},{"@type":"WebSite","@id":"http:\/\/www.lindenhausen.de\/blog\/#website","url":"http:\/\/www.lindenhausen.de\/blog\/","name":"Lindenhausen-weil Reisen Spa\u00df macht","description":"Reisen und Kreuzfahrten, Reiseberichte, Kreuzfahrtforum","potentialAction":[{"@type":"SearchAction","target":{"@type":"EntryPoint","urlTemplate":"http:\/\/www.lindenhausen.de\/blog\/?s={search_term_string}"},"query-input":"required name=search_term_string"}],"inLanguage":"de"}]}},"_links":{"self":[{"href":"http:\/\/www.lindenhausen.de\/blog\/wp-json\/wp\/v2\/pages\/2842"}],"collection":[{"href":"http:\/\/www.lindenhausen.de\/blog\/wp-json\/wp\/v2\/pages"}],"about":[{"href":"http:\/\/www.lindenhausen.de\/blog\/wp-json\/wp\/v2\/types\/page"}],"author":[{"embeddable":true,"href":"http:\/\/www.lindenhausen.de\/blog\/wp-json\/wp\/v2\/users\/1"}],"replies":[{"embeddable":true,"href":"http:\/\/www.lindenhausen.de\/blog\/wp-json\/wp\/v2\/comments?post=2842"}],"version-history":[{"count":3,"href":"http:\/\/www.lindenhausen.de\/blog\/wp-json\/wp\/v2\/pages\/2842\/revisions"}],"predecessor-version":[{"id":2881,"href":"http:\/\/www.lindenhausen.de\/blog\/wp-json\/wp\/v2\/pages\/2842\/revisions\/2881"}],"up":[{"embeddable":true,"href":"http:\/\/www.lindenhausen.de\/blog\/wp-json\/wp\/v2\/pages\/2684"}],"wp:attachment":[{"href":"http:\/\/www.lindenhausen.de\/blog\/wp-json\/wp\/v2\/media?parent=2842"}],"curies":[{"name":"wp","href":"https:\/\/api.w.org\/{rel}","templated":true}]}}