{"id":2839,"date":"2017-09-10T23:34:00","date_gmt":"2017-09-10T21:34:00","guid":{"rendered":"http:\/\/www.lindenhausen.de\/blog\/?page_id=2839"},"modified":"2017-09-29T10:25:45","modified_gmt":"2017-09-29T08:25:45","slug":"venedig-11-06-2017","status":"publish","type":"page","link":"http:\/\/www.lindenhausen.de\/blog\/reiseberichte-costa\/kreuzfahrten-2017\/costa-deliziosa-06-2017\/venedig-11-06-2017\/","title":{"rendered":"Venedig 11.06.2017"},"content":{"rendered":"<p>Sonntag 11.06. Venedig<\/p>\n<p>&nbsp;<\/p>\n<p>Ich hatte meinen Wecker auf 6:00 Uhr gestellt denn wir waren in der N\u00e4he vom Kanal und ich wollte die Einfahrt \u201eunserer\u201c Costa Deliziosa nicht verpassen.<\/p>\n<p>Also Handgep\u00e4ck gepackt, Kamera gegriffen, dem G\u00f6ttergatten erkl\u00e4rt wo er uns findet und schon waren Max und ich unterwegs.<\/p>\n<p>Da die Morgensonne blendete konnten wir nicht in Richtung Markusplatz fotografieren, also gingen wir nach rechts, Richtung Hafen bis wir das passende Licht hatten. Den G\u00f6ttergatten nat\u00fcrlich informiert das wir dort stehen wo wir gestern essen waren.<\/p>\n<p>Punkt 8:00 Uhr kam die Deliziosa und fuhr direkt an uns vorbei, ein wunderbarer Anblick.<\/p>\n<div id='gallery-1' class='gallery galleryid-2839 gallery-columns-3 gallery-size-medium'><figure class='gallery-item'>\n\t\t\t<div class='gallery-icon portrait'>\n\t\t\t\t<a href='http:\/\/www.lindenhausen.de\/blog\/reiseberichte-costa\/kreuzfahrten-2017\/costa-deliziosa-06-2017\/k800_img_7437\/'><img width=\"225\" height=\"300\" src=\"http:\/\/www.lindenhausen.de\/blog\/wp-content\/uploads\/2017\/09\/K800_IMG_7437-e1505037813215-225x300.jpg\" class=\"attachment-medium size-medium\" alt=\"\" decoding=\"async\" loading=\"lazy\" srcset=\"http:\/\/www.lindenhausen.de\/blog\/wp-content\/uploads\/2017\/09\/K800_IMG_7437-e1505037813215-225x300.jpg 225w, http:\/\/www.lindenhausen.de\/blog\/wp-content\/uploads\/2017\/09\/K800_IMG_7437-e1505037813215.jpg 600w\" sizes=\"(max-width: 225px) 100vw, 225px\" \/><\/a>\n\t\t\t<\/div><\/figure><figure class='gallery-item'>\n\t\t\t<div class='gallery-icon landscape'>\n\t\t\t\t<a href='http:\/\/www.lindenhausen.de\/blog\/reiseberichte-costa\/kreuzfahrten-2017\/costa-deliziosa-06-2017\/k800_dsc_0573\/'><img width=\"300\" height=\"199\" src=\"http:\/\/www.lindenhausen.de\/blog\/wp-content\/uploads\/2017\/09\/K800_DSC_0573-300x199.jpg\" class=\"attachment-medium size-medium\" alt=\"\" decoding=\"async\" loading=\"lazy\" srcset=\"http:\/\/www.lindenhausen.de\/blog\/wp-content\/uploads\/2017\/09\/K800_DSC_0573-300x199.jpg 300w, http:\/\/www.lindenhausen.de\/blog\/wp-content\/uploads\/2017\/09\/K800_DSC_0573.jpg 906w\" sizes=\"(max-width: 300px) 100vw, 300px\" \/><\/a>\n\t\t\t<\/div><\/figure><figure class='gallery-item'>\n\t\t\t<div class='gallery-icon landscape'>\n\t\t\t\t<a href='http:\/\/www.lindenhausen.de\/blog\/reiseberichte-costa\/kreuzfahrten-2017\/costa-deliziosa-06-2017\/k800_dsc_0576\/'><img width=\"300\" height=\"199\" src=\"http:\/\/www.lindenhausen.de\/blog\/wp-content\/uploads\/2017\/09\/K800_DSC_0576-300x199.jpg\" class=\"attachment-medium size-medium\" alt=\"\" decoding=\"async\" loading=\"lazy\" srcset=\"http:\/\/www.lindenhausen.de\/blog\/wp-content\/uploads\/2017\/09\/K800_DSC_0576-300x199.jpg 300w, http:\/\/www.lindenhausen.de\/blog\/wp-content\/uploads\/2017\/09\/K800_DSC_0576.jpg 906w\" sizes=\"(max-width: 300px) 100vw, 300px\" \/><\/a>\n\t\t\t<\/div><\/figure><figure class='gallery-item'>\n\t\t\t<div class='gallery-icon landscape'>\n\t\t\t\t<a href='http:\/\/www.lindenhausen.de\/blog\/reiseberichte-costa\/kreuzfahrten-2017\/costa-deliziosa-06-2017\/k800_dsc_0587\/'><img width=\"300\" height=\"199\" src=\"http:\/\/www.lindenhausen.de\/blog\/wp-content\/uploads\/2017\/09\/K800_DSC_0587-300x199.jpg\" class=\"attachment-medium size-medium\" alt=\"\" decoding=\"async\" loading=\"lazy\" srcset=\"http:\/\/www.lindenhausen.de\/blog\/wp-content\/uploads\/2017\/09\/K800_DSC_0587-300x199.jpg 300w, http:\/\/www.lindenhausen.de\/blog\/wp-content\/uploads\/2017\/09\/K800_DSC_0587.jpg 906w\" sizes=\"(max-width: 300px) 100vw, 300px\" \/><\/a>\n\t\t\t<\/div><\/figure>\n\t\t<\/div>\n\n<p>Nachdem sie nicht mehr zu sehen war entschieden wir uns f\u00fcr einen Cappuccino und warteten auf den Rest der Gruppe, der allerdings nicht kam.<\/p>\n<p>Nach l\u00e4ngerem Warten und einem Anruf stellte sich das \u00fcbliche Problem heraus: M\u00e4nner und Frauen und die Kommunikation: D<\/p>\n<p>Auf jeden Fall waren sie schon fast am Bahnhof und wir sa\u00dfen gem\u00fctlich beim Kaffeetrinken.<\/p>\n<p>Wir fanden uns recht schnell wieder zusammen, holten unser Gep\u00e4ck aus dem Auto und fanden uns 10:15 mit der Einschiffungsnummer 1 im Terminal wieder.<\/p>\n<p>Wir entschieden bis zur Einschiffung zu warten und vertrieben uns die 1 \u00bd Stunden mit ratschen, schauen und vorfreuen. Dabei trafen wir dann schon auf Sir Alfred und Familie, endlich lernten wir uns mal pers\u00f6nlich kennen.<\/p>\n<p><a href=\"http:\/\/www.lindenhausen.de\/blog\/wp-content\/uploads\/2017\/09\/K800_IMG_7462.jpg\"><img decoding=\"async\" loading=\"lazy\" class=\"aligncenter size-medium wp-image-2761\" src=\"http:\/\/www.lindenhausen.de\/blog\/wp-content\/uploads\/2017\/09\/K800_IMG_7462-300x225.jpg\" alt=\"Check in\" width=\"300\" height=\"225\" srcset=\"http:\/\/www.lindenhausen.de\/blog\/wp-content\/uploads\/2017\/09\/K800_IMG_7462-300x225.jpg 300w, http:\/\/www.lindenhausen.de\/blog\/wp-content\/uploads\/2017\/09\/K800_IMG_7462.jpg 800w\" sizes=\"(max-width: 300px) 100vw, 300px\" \/><\/a> <a href=\"http:\/\/www.lindenhausen.de\/blog\/wp-content\/uploads\/2017\/09\/K800_IMG_7465-e1505037726196.jpg\"><img decoding=\"async\" loading=\"lazy\" class=\"aligncenter size-medium wp-image-2762\" src=\"http:\/\/www.lindenhausen.de\/blog\/wp-content\/uploads\/2017\/09\/K800_IMG_7465-e1505037726196-225x300.jpg\" alt=\"Check in\" width=\"225\" height=\"300\" srcset=\"http:\/\/www.lindenhausen.de\/blog\/wp-content\/uploads\/2017\/09\/K800_IMG_7465-e1505037726196-225x300.jpg 225w, http:\/\/www.lindenhausen.de\/blog\/wp-content\/uploads\/2017\/09\/K800_IMG_7465-e1505037726196.jpg 600w\" sizes=\"(max-width: 225px) 100vw, 225px\" \/><\/a><\/p>\n<p>Fast als erste betraten wir kurz nach 12 das Schiff, holten unsere Bordkarten von der Kabine und fanden dann einen sch\u00f6nen Platz am Heck um unser erstes Mittagessen an Bord zu genie\u00dfen.<\/p>\n<p>Am B\u00fcffet innen muss man seine Getr\u00e4nke selber holen, hier drau\u00dfen gab es Barservice, das hat schon eher was von Urlaub. Ich kann mich immer noch nicht mit dieser Neuerung anfreunden, das ich erst meinen Teller an den Tisch balanciere um dann meine Getr\u00e4nke zusammen zu suchen.<\/p>\n<p>Bei der Buchung hatte ich angegeben am Abend nicht im Clubrestaurant, sondern gemeinsam mit allen anderen im Hauptrestaurant essen zu wollen.<\/p>\n<p>Auf unseren Karten war dies anders vermerkt also war ein Besuch beim Ma\u00eetre f\u00e4llig. Der meinte ja, kein Problem, wir sind am Tisch mit 7 Personen eingebucht.<\/p>\n<p>14:00 Uhr waren die Kabinen fertig, was fehlte waren unsere Koffer, die laut Bag Express schon 2 Tage hier im Terminal waren. Also die Priorit\u00e4t der Gep\u00e4ckauslieferung klappte nicht, Max Koffer war da, unsere \u00a0nach der Seenotrettungs\u00fcbung und beim Auslaufen noch nicht.<\/p>\n<p><a href=\"http:\/\/www.lindenhausen.de\/blog\/wp-content\/uploads\/2017\/09\/K800_IMG_7472-e1505037686613.jpg\"><img decoding=\"async\" loading=\"lazy\" class=\"aligncenter size-medium wp-image-2763\" src=\"http:\/\/www.lindenhausen.de\/blog\/wp-content\/uploads\/2017\/09\/K800_IMG_7472-e1505037686613-225x300.jpg\" alt=\"Balkonkabine\" width=\"225\" height=\"300\" srcset=\"http:\/\/www.lindenhausen.de\/blog\/wp-content\/uploads\/2017\/09\/K800_IMG_7472-e1505037686613-225x300.jpg 225w, http:\/\/www.lindenhausen.de\/blog\/wp-content\/uploads\/2017\/09\/K800_IMG_7472-e1505037686613.jpg 600w\" sizes=\"(max-width: 225px) 100vw, 225px\" \/><\/a> <a href=\"http:\/\/www.lindenhausen.de\/blog\/wp-content\/uploads\/2017\/09\/K800_IMG_7474-e1505037646692.jpg\"><img decoding=\"async\" loading=\"lazy\" class=\"aligncenter size-medium wp-image-2764\" src=\"http:\/\/www.lindenhausen.de\/blog\/wp-content\/uploads\/2017\/09\/K800_IMG_7474-e1505037646692-225x300.jpg\" alt=\"Balkon\" width=\"225\" height=\"300\" srcset=\"http:\/\/www.lindenhausen.de\/blog\/wp-content\/uploads\/2017\/09\/K800_IMG_7474-e1505037646692-225x300.jpg 225w, http:\/\/www.lindenhausen.de\/blog\/wp-content\/uploads\/2017\/09\/K800_IMG_7474-e1505037646692.jpg 600w\" sizes=\"(max-width: 225px) 100vw, 225px\" \/><\/a><\/p>\n<p>Da Auslaufen aus Venedig ist immer wieder ein Erlebnis, heute Morgen aus der Perspektive von der Landseite, jetzt selber auf dem Schiff.<\/p>\n<p>Ein Teil von Deck am Heck wurde gesperrt, dort fand jeden Abend zu Sonnenuntergang ein besonderes Dinner statt, \u201eAbendessen unter Sternen\u201c zu Preis von 25\u20ac<\/p>\n<div id='gallery-2' class='gallery galleryid-2839 gallery-columns-3 gallery-size-medium'><figure class='gallery-item'>\n\t\t\t<div class='gallery-icon portrait'>\n\t\t\t\t<a href='http:\/\/www.lindenhausen.de\/blog\/reiseberichte-costa\/kreuzfahrten-2017\/costa-deliziosa-06-2017\/k800_img_7492\/'><img width=\"225\" height=\"300\" src=\"http:\/\/www.lindenhausen.de\/blog\/wp-content\/uploads\/2017\/09\/K800_IMG_7492-e1505037557841-225x300.jpg\" class=\"attachment-medium size-medium\" alt=\"\" decoding=\"async\" loading=\"lazy\" srcset=\"http:\/\/www.lindenhausen.de\/blog\/wp-content\/uploads\/2017\/09\/K800_IMG_7492-e1505037557841-225x300.jpg 225w, http:\/\/www.lindenhausen.de\/blog\/wp-content\/uploads\/2017\/09\/K800_IMG_7492-e1505037557841.jpg 600w\" sizes=\"(max-width: 225px) 100vw, 225px\" \/><\/a>\n\t\t\t<\/div><\/figure><figure class='gallery-item'>\n\t\t\t<div class='gallery-icon landscape'>\n\t\t\t\t<a href='http:\/\/www.lindenhausen.de\/blog\/reiseberichte-costa\/kreuzfahrten-2017\/costa-deliziosa-06-2017\/k800_dsc_0652-2\/'><img width=\"300\" height=\"199\" src=\"http:\/\/www.lindenhausen.de\/blog\/wp-content\/uploads\/2017\/09\/K800_DSC_0652-300x199.jpg\" class=\"attachment-medium size-medium\" alt=\"\" decoding=\"async\" loading=\"lazy\" srcset=\"http:\/\/www.lindenhausen.de\/blog\/wp-content\/uploads\/2017\/09\/K800_DSC_0652-300x199.jpg 300w, http:\/\/www.lindenhausen.de\/blog\/wp-content\/uploads\/2017\/09\/K800_DSC_0652.jpg 906w\" sizes=\"(max-width: 300px) 100vw, 300px\" \/><\/a>\n\t\t\t<\/div><\/figure><figure class='gallery-item'>\n\t\t\t<div class='gallery-icon landscape'>\n\t\t\t\t<a href='http:\/\/www.lindenhausen.de\/blog\/reiseberichte-costa\/kreuzfahrten-2017\/costa-deliziosa-06-2017\/k800_dsc_0616\/'><img width=\"300\" height=\"199\" src=\"http:\/\/www.lindenhausen.de\/blog\/wp-content\/uploads\/2017\/09\/K800_DSC_0616-300x199.jpg\" class=\"attachment-medium size-medium\" alt=\"\" decoding=\"async\" loading=\"lazy\" srcset=\"http:\/\/www.lindenhausen.de\/blog\/wp-content\/uploads\/2017\/09\/K800_DSC_0616-300x199.jpg 300w, http:\/\/www.lindenhausen.de\/blog\/wp-content\/uploads\/2017\/09\/K800_DSC_0616.jpg 906w\" sizes=\"(max-width: 300px) 100vw, 300px\" \/><\/a>\n\t\t\t<\/div><\/figure><figure class='gallery-item'>\n\t\t\t<div class='gallery-icon landscape'>\n\t\t\t\t<a href='http:\/\/www.lindenhausen.de\/blog\/reiseberichte-costa\/kreuzfahrten-2017\/costa-deliziosa-06-2017\/k800_dsc_0628\/'><img width=\"300\" height=\"199\" src=\"http:\/\/www.lindenhausen.de\/blog\/wp-content\/uploads\/2017\/09\/K800_DSC_0628-300x199.jpg\" class=\"attachment-medium size-medium\" alt=\"\" decoding=\"async\" loading=\"lazy\" srcset=\"http:\/\/www.lindenhausen.de\/blog\/wp-content\/uploads\/2017\/09\/K800_DSC_0628-300x199.jpg 300w, http:\/\/www.lindenhausen.de\/blog\/wp-content\/uploads\/2017\/09\/K800_DSC_0628.jpg 906w\" sizes=\"(max-width: 300px) 100vw, 300px\" \/><\/a>\n\t\t\t<\/div><\/figure><figure class='gallery-item'>\n\t\t\t<div class='gallery-icon landscape'>\n\t\t\t\t<a href='http:\/\/www.lindenhausen.de\/blog\/reiseberichte-costa\/kreuzfahrten-2017\/costa-deliziosa-06-2017\/k800_dsc_0610-2\/'><img width=\"300\" height=\"199\" src=\"http:\/\/www.lindenhausen.de\/blog\/wp-content\/uploads\/2017\/09\/K800_DSC_0610-300x199.jpg\" class=\"attachment-medium size-medium\" alt=\"\" decoding=\"async\" loading=\"lazy\" srcset=\"http:\/\/www.lindenhausen.de\/blog\/wp-content\/uploads\/2017\/09\/K800_DSC_0610-300x199.jpg 300w, http:\/\/www.lindenhausen.de\/blog\/wp-content\/uploads\/2017\/09\/K800_DSC_0610.jpg 906w\" sizes=\"(max-width: 300px) 100vw, 300px\" \/><\/a>\n\t\t\t<\/div><\/figure>\n\t\t<\/div>\n\n<p>Jetzt packten wir schnell unsere Koffer aus und dann trafen wir uns, in alter Gewohnheit, an der Bar in der N\u00e4he vom Restauranteingang.<\/p>\n<p>Wir hatten Hunger und so enterten wir erwartungsvoll das Restaurant, fanden recht schnell unseren Tisch und waren verwundert: 6 St\u00fchle und f\u00fcr 6 Personen eingedeckt. Na super. Unser Kellner erschien, schaute genauso begeistert wie wir und sein Kollege brachte den fehlenden Stuhl. Damit war das Chaos f\u00fcr diesen Abend vorprogrammiert. Es dauerte ewig bis die Getr\u00e4nke kamen, mein Mann war beim Hauptgang als er endlich sein Bier bekam, ein zweites Glas Wein war nicht m\u00f6glich.<\/p>\n<p>Was uns Ostern auf der Costa Pacifica schon aufgefallen war setzte sich hier fort: Personaleinsparungen die daf\u00fcr sorgen das es sofort unrund l\u00e4uft wenn ein Fehler passiert.<\/p>\n<p>Wir waren extrem sp\u00e4t mit dem Essen fertig, sodass wir unsere Forumsfreunde sehr lange warten lassen mussten und deutlich zu sp\u00e4t zum Treffen kamen.<\/p>\n<p>Umso netter war es nun mal alle pers\u00f6nlich kennenzulernen,die ersten Eindr\u00fccke auszutauschen und ein paar Ausflugsideen zu teilen.<\/p>\n<p><a href=\"http:\/\/www.lindenhausen.de\/blog\/wp-content\/uploads\/2017\/09\/K800_IMG_7494-e1505037535617.jpg\"><img decoding=\"async\" loading=\"lazy\" class=\"aligncenter size-medium wp-image-2767\" src=\"http:\/\/www.lindenhausen.de\/blog\/wp-content\/uploads\/2017\/09\/K800_IMG_7494-e1505037535617-300x225.jpg\" alt=\"Sonnenuntergang\" width=\"300\" height=\"225\" srcset=\"http:\/\/www.lindenhausen.de\/blog\/wp-content\/uploads\/2017\/09\/K800_IMG_7494-e1505037535617-300x225.jpg 300w, http:\/\/www.lindenhausen.de\/blog\/wp-content\/uploads\/2017\/09\/K800_IMG_7494-e1505037535617.jpg 800w\" sizes=\"(max-width: 300px) 100vw, 300px\" \/><\/a><\/p>\n<p>&nbsp;<\/p>\n<p><a title=\"Bari 12.06.2017\" href=\"http:\/\/www.lindenhausen.de\/blog\/reiseberichte-costa\/kreuzfahrten-2017\/costa-deliziosa-06-2017\/bari-12-06-2017\/\">Hier gehts weiter<\/a><\/p>\n<p>&nbsp;<\/p>\n","protected":false},"excerpt":{"rendered":"<p>Sonntag 11.06. Venedig &nbsp; Ich hatte meinen Wecker auf 6:00 Uhr gestellt denn wir waren in der N\u00e4he vom Kanal und ich wollte die Einfahrt \u201eunserer\u201c Costa Deliziosa nicht verpassen. Also Handgep\u00e4ck gepackt, Kamera gegriffen, dem G\u00f6ttergatten erkl\u00e4rt wo er uns findet und schon waren Max und ich unterwegs. Da die Morgensonne blendete konnten wir &hellip; <a href=\"http:\/\/www.lindenhausen.de\/blog\/reiseberichte-costa\/kreuzfahrten-2017\/costa-deliziosa-06-2017\/venedig-11-06-2017\/\" class=\"more-link\"><span class=\"screen-reader-text\">Venedig 11.06.2017<\/span> weiterlesen <span class=\"meta-nav\">&rarr;<\/span><\/a><\/p>\n","protected":false},"author":1,"featured_media":0,"parent":2684,"menu_order":1,"comment_status":"open","ping_status":"open","template":"","meta":{"_monsterinsights_skip_tracking":false,"_monsterinsights_sitenote_active":false,"_monsterinsights_sitenote_note":"","_monsterinsights_sitenote_category":0},"yoast_head":"<!-- This site is optimized with the Yoast SEO plugin v21.0 - https:\/\/yoast.com\/wordpress\/plugins\/seo\/ -->\n<title>Venedig 11.06.2017 - Lindenhausen-weil Reisen Spa\u00df macht<\/title>\n<meta name=\"robots\" content=\"index, follow, max-snippet:-1, max-image-preview:large, max-video-preview:-1\" \/>\n<link rel=\"canonical\" href=\"http:\/\/www.lindenhausen.de\/blog\/reiseberichte-costa\/kreuzfahrten-2017\/costa-deliziosa-06-2017\/venedig-11-06-2017\/\" \/>\n<meta property=\"og:locale\" content=\"de_DE\" \/>\n<meta property=\"og:type\" content=\"article\" \/>\n<meta property=\"og:title\" content=\"Venedig 11.06.2017 - Lindenhausen-weil Reisen Spa\u00df macht\" \/>\n<meta property=\"og:description\" content=\"Sonntag 11.06. Venedig &nbsp; Ich hatte meinen Wecker auf 6:00 Uhr gestellt denn wir waren in der N\u00e4he vom Kanal und ich wollte die Einfahrt \u201eunserer\u201c Costa Deliziosa nicht verpassen. Also Handgep\u00e4ck gepackt, Kamera gegriffen, dem G\u00f6ttergatten erkl\u00e4rt wo er uns findet und schon waren Max und ich unterwegs. Da die Morgensonne blendete konnten wir &hellip; Venedig 11.06.2017 weiterlesen &rarr;\" \/>\n<meta property=\"og:url\" content=\"http:\/\/www.lindenhausen.de\/blog\/reiseberichte-costa\/kreuzfahrten-2017\/costa-deliziosa-06-2017\/venedig-11-06-2017\/\" \/>\n<meta property=\"og:site_name\" content=\"Lindenhausen-weil Reisen Spa\u00df macht\" \/>\n<meta property=\"article:publisher\" content=\"http:\/\/www.facebook.com\/Lindenhausen\/\" \/>\n<meta property=\"article:modified_time\" content=\"2017-09-29T08:25:45+00:00\" \/>\n<meta property=\"og:image\" content=\"http:\/\/www.lindenhausen.de\/blog\/wp-content\/uploads\/2017\/09\/K800_IMG_7437-e1505037813215-225x300.jpg\" \/>\n<meta name=\"twitter:card\" content=\"summary_large_image\" \/>\n<meta name=\"twitter:site\" content=\"@Maxilinde\" \/>\n<meta name=\"twitter:label1\" content=\"Gesch\u00e4tzte Lesezeit\" \/>\n\t<meta name=\"twitter:data1\" content=\"3\u00a0Minuten\" \/>\n<script type=\"application\/ld+json\" class=\"yoast-schema-graph\">{\"@context\":\"https:\/\/schema.org\",\"@graph\":[{\"@type\":\"WebPage\",\"@id\":\"http:\/\/www.lindenhausen.de\/blog\/reiseberichte-costa\/kreuzfahrten-2017\/costa-deliziosa-06-2017\/venedig-11-06-2017\/\",\"url\":\"http:\/\/www.lindenhausen.de\/blog\/reiseberichte-costa\/kreuzfahrten-2017\/costa-deliziosa-06-2017\/venedig-11-06-2017\/\",\"name\":\"Venedig 11.06.2017 - Lindenhausen-weil Reisen Spa\u00df macht\",\"isPartOf\":{\"@id\":\"https:\/\/www.lindenhausen.de\/blog\/#website\"},\"datePublished\":\"2017-09-10T21:34:00+00:00\",\"dateModified\":\"2017-09-29T08:25:45+00:00\",\"breadcrumb\":{\"@id\":\"http:\/\/www.lindenhausen.de\/blog\/reiseberichte-costa\/kreuzfahrten-2017\/costa-deliziosa-06-2017\/venedig-11-06-2017\/#breadcrumb\"},\"inLanguage\":\"de\",\"potentialAction\":[{\"@type\":\"ReadAction\",\"target\":[\"http:\/\/www.lindenhausen.de\/blog\/reiseberichte-costa\/kreuzfahrten-2017\/costa-deliziosa-06-2017\/venedig-11-06-2017\/\"]}]},{\"@type\":\"BreadcrumbList\",\"@id\":\"http:\/\/www.lindenhausen.de\/blog\/reiseberichte-costa\/kreuzfahrten-2017\/costa-deliziosa-06-2017\/venedig-11-06-2017\/#breadcrumb\",\"itemListElement\":[{\"@type\":\"ListItem\",\"position\":1,\"name\":\"Startseite\",\"item\":\"https:\/\/www.lindenhausen.de\/blog\/\"},{\"@type\":\"ListItem\",\"position\":2,\"name\":\"Reiseberichte Costa Kreuzfahrten\",\"item\":\"http:\/\/www.lindenhausen.de\/blog\/reiseberichte-costa\/\"},{\"@type\":\"ListItem\",\"position\":3,\"name\":\"Kreuzfahrten 2017\",\"item\":\"https:\/\/www.lindenhausen.de\/blog\/reiseberichte-costa\/kreuzfahrten-2017\/\"},{\"@type\":\"ListItem\",\"position\":4,\"name\":\"Costa Deliziosa 06.2017\",\"item\":\"http:\/\/www.lindenhausen.de\/blog\/reiseberichte-costa\/kreuzfahrten-2017\/costa-deliziosa-06-2017\/\"},{\"@type\":\"ListItem\",\"position\":5,\"name\":\"Venedig 11.06.2017\"}]},{\"@type\":\"WebSite\",\"@id\":\"https:\/\/www.lindenhausen.de\/blog\/#website\",\"url\":\"https:\/\/www.lindenhausen.de\/blog\/\",\"name\":\"Lindenhausen-weil Reisen Spa\u00df macht\",\"description\":\"Reisen und Kreuzfahrten, Reiseberichte, Kreuzfahrtforum\",\"potentialAction\":[{\"@type\":\"SearchAction\",\"target\":{\"@type\":\"EntryPoint\",\"urlTemplate\":\"https:\/\/www.lindenhausen.de\/blog\/?s={search_term_string}\"},\"query-input\":\"required name=search_term_string\"}],\"inLanguage\":\"de\"}]}<\/script>\n<!-- \/ Yoast SEO plugin. -->","yoast_head_json":{"title":"Venedig 11.06.2017 - Lindenhausen-weil Reisen Spa\u00df macht","robots":{"index":"index","follow":"follow","max-snippet":"max-snippet:-1","max-image-preview":"max-image-preview:large","max-video-preview":"max-video-preview:-1"},"canonical":"http:\/\/www.lindenhausen.de\/blog\/reiseberichte-costa\/kreuzfahrten-2017\/costa-deliziosa-06-2017\/venedig-11-06-2017\/","og_locale":"de_DE","og_type":"article","og_title":"Venedig 11.06.2017 - Lindenhausen-weil Reisen Spa\u00df macht","og_description":"Sonntag 11.06. Venedig &nbsp; Ich hatte meinen Wecker auf 6:00 Uhr gestellt denn wir waren in der N\u00e4he vom Kanal und ich wollte die Einfahrt \u201eunserer\u201c Costa Deliziosa nicht verpassen. Also Handgep\u00e4ck gepackt, Kamera gegriffen, dem G\u00f6ttergatten erkl\u00e4rt wo er uns findet und schon waren Max und ich unterwegs. Da die Morgensonne blendete konnten wir &hellip; Venedig 11.06.2017 weiterlesen &rarr;","og_url":"http:\/\/www.lindenhausen.de\/blog\/reiseberichte-costa\/kreuzfahrten-2017\/costa-deliziosa-06-2017\/venedig-11-06-2017\/","og_site_name":"Lindenhausen-weil Reisen Spa\u00df macht","article_publisher":"http:\/\/www.facebook.com\/Lindenhausen\/","article_modified_time":"2017-09-29T08:25:45+00:00","og_image":[{"url":"http:\/\/www.lindenhausen.de\/blog\/wp-content\/uploads\/2017\/09\/K800_IMG_7437-e1505037813215-225x300.jpg"}],"twitter_card":"summary_large_image","twitter_site":"@Maxilinde","twitter_misc":{"Gesch\u00e4tzte Lesezeit":"3\u00a0Minuten"},"schema":{"@context":"https:\/\/schema.org","@graph":[{"@type":"WebPage","@id":"http:\/\/www.lindenhausen.de\/blog\/reiseberichte-costa\/kreuzfahrten-2017\/costa-deliziosa-06-2017\/venedig-11-06-2017\/","url":"http:\/\/www.lindenhausen.de\/blog\/reiseberichte-costa\/kreuzfahrten-2017\/costa-deliziosa-06-2017\/venedig-11-06-2017\/","name":"Venedig 11.06.2017 - Lindenhausen-weil Reisen Spa\u00df macht","isPartOf":{"@id":"https:\/\/www.lindenhausen.de\/blog\/#website"},"datePublished":"2017-09-10T21:34:00+00:00","dateModified":"2017-09-29T08:25:45+00:00","breadcrumb":{"@id":"http:\/\/www.lindenhausen.de\/blog\/reiseberichte-costa\/kreuzfahrten-2017\/costa-deliziosa-06-2017\/venedig-11-06-2017\/#breadcrumb"},"inLanguage":"de","potentialAction":[{"@type":"ReadAction","target":["http:\/\/www.lindenhausen.de\/blog\/reiseberichte-costa\/kreuzfahrten-2017\/costa-deliziosa-06-2017\/venedig-11-06-2017\/"]}]},{"@type":"BreadcrumbList","@id":"http:\/\/www.lindenhausen.de\/blog\/reiseberichte-costa\/kreuzfahrten-2017\/costa-deliziosa-06-2017\/venedig-11-06-2017\/#breadcrumb","itemListElement":[{"@type":"ListItem","position":1,"name":"Startseite","item":"https:\/\/www.lindenhausen.de\/blog\/"},{"@type":"ListItem","position":2,"name":"Reiseberichte Costa Kreuzfahrten","item":"http:\/\/www.lindenhausen.de\/blog\/reiseberichte-costa\/"},{"@type":"ListItem","position":3,"name":"Kreuzfahrten 2017","item":"https:\/\/www.lindenhausen.de\/blog\/reiseberichte-costa\/kreuzfahrten-2017\/"},{"@type":"ListItem","position":4,"name":"Costa Deliziosa 06.2017","item":"http:\/\/www.lindenhausen.de\/blog\/reiseberichte-costa\/kreuzfahrten-2017\/costa-deliziosa-06-2017\/"},{"@type":"ListItem","position":5,"name":"Venedig 11.06.2017"}]},{"@type":"WebSite","@id":"https:\/\/www.lindenhausen.de\/blog\/#website","url":"https:\/\/www.lindenhausen.de\/blog\/","name":"Lindenhausen-weil Reisen Spa\u00df macht","description":"Reisen und Kreuzfahrten, Reiseberichte, Kreuzfahrtforum","potentialAction":[{"@type":"SearchAction","target":{"@type":"EntryPoint","urlTemplate":"https:\/\/www.lindenhausen.de\/blog\/?s={search_term_string}"},"query-input":"required name=search_term_string"}],"inLanguage":"de"}]}},"_links":{"self":[{"href":"http:\/\/www.lindenhausen.de\/blog\/wp-json\/wp\/v2\/pages\/2839"}],"collection":[{"href":"http:\/\/www.lindenhausen.de\/blog\/wp-json\/wp\/v2\/pages"}],"about":[{"href":"http:\/\/www.lindenhausen.de\/blog\/wp-json\/wp\/v2\/types\/page"}],"author":[{"embeddable":true,"href":"http:\/\/www.lindenhausen.de\/blog\/wp-json\/wp\/v2\/users\/1"}],"replies":[{"embeddable":true,"href":"http:\/\/www.lindenhausen.de\/blog\/wp-json\/wp\/v2\/comments?post=2839"}],"version-history":[{"count":3,"href":"http:\/\/www.lindenhausen.de\/blog\/wp-json\/wp\/v2\/pages\/2839\/revisions"}],"predecessor-version":[{"id":2927,"href":"http:\/\/www.lindenhausen.de\/blog\/wp-json\/wp\/v2\/pages\/2839\/revisions\/2927"}],"up":[{"embeddable":true,"href":"http:\/\/www.lindenhausen.de\/blog\/wp-json\/wp\/v2\/pages\/2684"}],"wp:attachment":[{"href":"http:\/\/www.lindenhausen.de\/blog\/wp-json\/wp\/v2\/media?parent=2839"}],"curies":[{"name":"wp","href":"https:\/\/api.w.org\/{rel}","templated":true}]}}