{"id":28,"date":"2015-04-10T17:25:53","date_gmt":"2015-04-10T15:25:53","guid":{"rendered":"http:\/\/www.lindenhausen.de\/blog\/?page_id=28"},"modified":"2015-04-12T23:15:04","modified_gmt":"2015-04-12T21:15:04","slug":"forum","status":"publish","type":"page","link":"http:\/\/www.lindenhausen.de\/blog\/forum\/","title":{"rendered":"Reise-und Kreuzfahrtforum"},"content":{"rendered":"<p><a href=\"http:\/\/lindenhausen.de\/Forum\/index.php?page=Portal\" target=\"_blank\">Lindenhausen- Forum<\/a><\/p>\n<p>Wir sind eine kleine Community von Menschen , die Freude am Reisen haben. Wir suchen nicht das Haar in der Suppe sondern genie\u00dfen das Privileg uns Urlaub leisten zu k\u00f6nnen und zu d\u00fcrfen.<\/p>\n<p>In unserem Kreuzfahrtforum und Reiseforum besch\u00e4ftigen wir uns mit Fragen zu Pauschalreisen, Buchungen,\u00a0 Hotels, Campingpl\u00e4tzen, Tipps zu verschiedenen Destinationen, Diskussionen rund um das Thema Kreuzfahrt und vielem mehr.<\/p>\n<p>Unerfahrene Reisende sind mit Ihren Fragen genauso\u00a0 willkommen wie &#8222;alte Hasen&#8220; mit ihrem gro\u00dfen pers\u00f6nlichen Erfahrungsschatz.<\/p>\n<p>Viel Spass im Lindenhausen-Forum<\/p>\n<p>Michaela<\/p>\n","protected":false},"excerpt":{"rendered":"<p>Lindenhausen- Forum Wir sind eine kleine Community von Menschen , die Freude am Reisen haben. Wir suchen nicht das Haar in der Suppe sondern genie\u00dfen das Privileg uns Urlaub leisten zu k\u00f6nnen und zu d\u00fcrfen. In unserem Kreuzfahrtforum und Reiseforum besch\u00e4ftigen wir uns mit Fragen zu Pauschalreisen, Buchungen,\u00a0 Hotels, Campingpl\u00e4tzen, Tipps zu verschiedenen Destinationen, Diskussionen &hellip; <a href=\"http:\/\/www.lindenhausen.de\/blog\/forum\/\" class=\"more-link\"><span class=\"screen-reader-text\">Reise-und Kreuzfahrtforum<\/span> weiterlesen <span class=\"meta-nav\">&rarr;<\/span><\/a><\/p>\n","protected":false},"author":1,"featured_media":24,"parent":0,"menu_order":0,"comment_status":"open","ping_status":"open","template":"","meta":{"_monsterinsights_skip_tracking":false,"_monsterinsights_sitenote_active":false,"_monsterinsights_sitenote_note":"","_monsterinsights_sitenote_category":0},"yoast_head":"<!-- This site is optimized with the Yoast SEO plugin v21.0 - https:\/\/yoast.com\/wordpress\/plugins\/seo\/ -->\n<title>Reise-und Kreuzfahrtforum - Lindenhausen-weil Reisen Spa\u00df macht<\/title>\n<meta name=\"robots\" content=\"index, follow, max-snippet:-1, max-image-preview:large, max-video-preview:-1\" \/>\n<link rel=\"canonical\" href=\"http:\/\/www.lindenhausen.de\/blog\/forum\/\" \/>\n<meta property=\"og:locale\" content=\"de_DE\" \/>\n<meta property=\"og:type\" content=\"article\" \/>\n<meta property=\"og:title\" content=\"Reise-und Kreuzfahrtforum - Lindenhausen-weil Reisen Spa\u00df macht\" \/>\n<meta property=\"og:description\" content=\"Lindenhausen- Forum Wir sind eine kleine Community von Menschen , die Freude am Reisen haben. Wir suchen nicht das Haar in der Suppe sondern genie\u00dfen das Privileg uns Urlaub leisten zu k\u00f6nnen und zu d\u00fcrfen. In unserem Kreuzfahrtforum und Reiseforum besch\u00e4ftigen wir uns mit Fragen zu Pauschalreisen, Buchungen,\u00a0 Hotels, Campingpl\u00e4tzen, Tipps zu verschiedenen Destinationen, Diskussionen &hellip; Reise-und Kreuzfahrtforum weiterlesen &rarr;\" \/>\n<meta property=\"og:url\" content=\"http:\/\/www.lindenhausen.de\/blog\/forum\/\" \/>\n<meta property=\"og:site_name\" content=\"Lindenhausen-weil Reisen Spa\u00df macht\" \/>\n<meta property=\"article:publisher\" content=\"http:\/\/www.facebook.com\/Lindenhausen\/\" \/>\n<meta property=\"article:modified_time\" content=\"2015-04-12T21:15:04+00:00\" \/>\n<meta property=\"og:image\" content=\"http:\/\/www.lindenhausen.de\/blog\/wp-content\/uploads\/2015\/04\/Logo1-e1428683278552.jpg\" \/>\n\t<meta property=\"og:image:width\" content=\"820\" \/>\n\t<meta property=\"og:image:height\" content=\"91\" \/>\n\t<meta property=\"og:image:type\" content=\"image\/jpeg\" \/>\n<meta name=\"twitter:card\" content=\"summary_large_image\" \/>\n<meta name=\"twitter:site\" content=\"@Maxilinde\" \/>\n<script type=\"application\/ld+json\" class=\"yoast-schema-graph\">{\"@context\":\"https:\/\/schema.org\",\"@graph\":[{\"@type\":\"WebPage\",\"@id\":\"http:\/\/www.lindenhausen.de\/blog\/forum\/\",\"url\":\"http:\/\/www.lindenhausen.de\/blog\/forum\/\",\"name\":\"Reise-und Kreuzfahrtforum - Lindenhausen-weil Reisen Spa\u00df macht\",\"isPartOf\":{\"@id\":\"https:\/\/www.lindenhausen.de\/blog\/#website\"},\"datePublished\":\"2015-04-10T15:25:53+00:00\",\"dateModified\":\"2015-04-12T21:15:04+00:00\",\"breadcrumb\":{\"@id\":\"http:\/\/www.lindenhausen.de\/blog\/forum\/#breadcrumb\"},\"inLanguage\":\"de\",\"potentialAction\":[{\"@type\":\"ReadAction\",\"target\":[\"http:\/\/www.lindenhausen.de\/blog\/forum\/\"]}]},{\"@type\":\"BreadcrumbList\",\"@id\":\"http:\/\/www.lindenhausen.de\/blog\/forum\/#breadcrumb\",\"itemListElement\":[{\"@type\":\"ListItem\",\"position\":1,\"name\":\"Startseite\",\"item\":\"https:\/\/www.lindenhausen.de\/blog\/\"},{\"@type\":\"ListItem\",\"position\":2,\"name\":\"Reise-und Kreuzfahrtforum\"}]},{\"@type\":\"WebSite\",\"@id\":\"https:\/\/www.lindenhausen.de\/blog\/#website\",\"url\":\"https:\/\/www.lindenhausen.de\/blog\/\",\"name\":\"Lindenhausen-weil Reisen Spa\u00df macht\",\"description\":\"Reisen und Kreuzfahrten, Reiseberichte, Kreuzfahrtforum\",\"potentialAction\":[{\"@type\":\"SearchAction\",\"target\":{\"@type\":\"EntryPoint\",\"urlTemplate\":\"https:\/\/www.lindenhausen.de\/blog\/?s={search_term_string}\"},\"query-input\":\"required name=search_term_string\"}],\"inLanguage\":\"de\"}]}<\/script>\n<!-- \/ Yoast SEO plugin. -->","yoast_head_json":{"title":"Reise-und Kreuzfahrtforum - Lindenhausen-weil Reisen Spa\u00df macht","robots":{"index":"index","follow":"follow","max-snippet":"max-snippet:-1","max-image-preview":"max-image-preview:large","max-video-preview":"max-video-preview:-1"},"canonical":"http:\/\/www.lindenhausen.de\/blog\/forum\/","og_locale":"de_DE","og_type":"article","og_title":"Reise-und Kreuzfahrtforum - Lindenhausen-weil Reisen Spa\u00df macht","og_description":"Lindenhausen- Forum Wir sind eine kleine Community von Menschen , die Freude am Reisen haben. Wir suchen nicht das Haar in der Suppe sondern genie\u00dfen das Privileg uns Urlaub leisten zu k\u00f6nnen und zu d\u00fcrfen. In unserem Kreuzfahrtforum und Reiseforum besch\u00e4ftigen wir uns mit Fragen zu Pauschalreisen, Buchungen,\u00a0 Hotels, Campingpl\u00e4tzen, Tipps zu verschiedenen Destinationen, Diskussionen &hellip; Reise-und Kreuzfahrtforum weiterlesen &rarr;","og_url":"http:\/\/www.lindenhausen.de\/blog\/forum\/","og_site_name":"Lindenhausen-weil Reisen Spa\u00df macht","article_publisher":"http:\/\/www.facebook.com\/Lindenhausen\/","article_modified_time":"2015-04-12T21:15:04+00:00","og_image":[{"width":820,"height":91,"url":"http:\/\/www.lindenhausen.de\/blog\/wp-content\/uploads\/2015\/04\/Logo1-e1428683278552.jpg","type":"image\/jpeg"}],"twitter_card":"summary_large_image","twitter_site":"@Maxilinde","schema":{"@context":"https:\/\/schema.org","@graph":[{"@type":"WebPage","@id":"http:\/\/www.lindenhausen.de\/blog\/forum\/","url":"http:\/\/www.lindenhausen.de\/blog\/forum\/","name":"Reise-und Kreuzfahrtforum - Lindenhausen-weil Reisen Spa\u00df macht","isPartOf":{"@id":"https:\/\/www.lindenhausen.de\/blog\/#website"},"datePublished":"2015-04-10T15:25:53+00:00","dateModified":"2015-04-12T21:15:04+00:00","breadcrumb":{"@id":"http:\/\/www.lindenhausen.de\/blog\/forum\/#breadcrumb"},"inLanguage":"de","potentialAction":[{"@type":"ReadAction","target":["http:\/\/www.lindenhausen.de\/blog\/forum\/"]}]},{"@type":"BreadcrumbList","@id":"http:\/\/www.lindenhausen.de\/blog\/forum\/#breadcrumb","itemListElement":[{"@type":"ListItem","position":1,"name":"Startseite","item":"https:\/\/www.lindenhausen.de\/blog\/"},{"@type":"ListItem","position":2,"name":"Reise-und Kreuzfahrtforum"}]},{"@type":"WebSite","@id":"https:\/\/www.lindenhausen.de\/blog\/#website","url":"https:\/\/www.lindenhausen.de\/blog\/","name":"Lindenhausen-weil Reisen Spa\u00df macht","description":"Reisen und Kreuzfahrten, Reiseberichte, Kreuzfahrtforum","potentialAction":[{"@type":"SearchAction","target":{"@type":"EntryPoint","urlTemplate":"https:\/\/www.lindenhausen.de\/blog\/?s={search_term_string}"},"query-input":"required name=search_term_string"}],"inLanguage":"de"}]}},"_links":{"self":[{"href":"http:\/\/www.lindenhausen.de\/blog\/wp-json\/wp\/v2\/pages\/28"}],"collection":[{"href":"http:\/\/www.lindenhausen.de\/blog\/wp-json\/wp\/v2\/pages"}],"about":[{"href":"http:\/\/www.lindenhausen.de\/blog\/wp-json\/wp\/v2\/types\/page"}],"author":[{"embeddable":true,"href":"http:\/\/www.lindenhausen.de\/blog\/wp-json\/wp\/v2\/users\/1"}],"replies":[{"embeddable":true,"href":"http:\/\/www.lindenhausen.de\/blog\/wp-json\/wp\/v2\/comments?post=28"}],"version-history":[{"count":6,"href":"http:\/\/www.lindenhausen.de\/blog\/wp-json\/wp\/v2\/pages\/28\/revisions"}],"predecessor-version":[{"id":362,"href":"http:\/\/www.lindenhausen.de\/blog\/wp-json\/wp\/v2\/pages\/28\/revisions\/362"}],"wp:featuredmedia":[{"embeddable":true,"href":"http:\/\/www.lindenhausen.de\/blog\/wp-json\/wp\/v2\/media\/24"}],"wp:attachment":[{"href":"http:\/\/www.lindenhausen.de\/blog\/wp-json\/wp\/v2\/media?parent=28"}],"curies":[{"name":"wp","href":"https:\/\/api.w.org\/{rel}","templated":true}]}}