{"id":2684,"date":"2017-09-10T23:24:40","date_gmt":"2017-09-10T21:24:40","guid":{"rendered":"http:\/\/www.lindenhausen.de\/blog\/?page_id=2684"},"modified":"2017-09-16T23:37:04","modified_gmt":"2017-09-16T21:37:04","slug":"costa-deliziosa-06-2017","status":"publish","type":"page","link":"http:\/\/www.lindenhausen.de\/blog\/reiseberichte-costa\/kreuzfahrten-2017\/costa-deliziosa-06-2017\/","title":{"rendered":"Costa Deliziosa 06.2017"},"content":{"rendered":"<p>Kreuzfahrt Pfingsten 2017-Costa Deliziosa<br \/>\nSamstag 10.06.<\/p>\n<p>Nachdem wir als Gruppe unserer Kirchgemeinde schon 2014 im westlichen Mittelmeer viel Spa\u00df hatten entschieden wir das zu wiederholen.<br \/>\nUnd so machten wir uns am 10.Juni 6:00 Uhr morgens auf den Weg nach Venedig.<br \/>\nWir hatten uns von der Stadt Kelheim einen 9 Sitzer geliehen, sodass wir bequem mit Fahrerwechsel nach Venedig durchfahren konnten.<\/p>\n<p><a href=\"http:\/\/www.lindenhausen.de\/blog\/wp-content\/uploads\/2017\/09\/K800_IMG_7304-e1505044352685.jpg\"><img decoding=\"async\" loading=\"lazy\" class=\"aligncenter size-medium wp-image-2743\" src=\"http:\/\/www.lindenhausen.de\/blog\/wp-content\/uploads\/2017\/09\/K800_IMG_7304-e1505044352685-225x300.jpg\" alt=\"Bus Kelheim\" width=\"225\" height=\"300\" srcset=\"http:\/\/www.lindenhausen.de\/blog\/wp-content\/uploads\/2017\/09\/K800_IMG_7304-e1505044352685-225x300.jpg 225w, http:\/\/www.lindenhausen.de\/blog\/wp-content\/uploads\/2017\/09\/K800_IMG_7304-e1505044352685.jpg 600w\" sizes=\"(max-width: 225px) 100vw, 225px\" \/><\/a><br \/>\nDa einer unserer Mitreisenden auch f\u00fcr den Flughafentransfer nach M\u00fcnchen arbeitet waren wir in sicheren H\u00e4nden und ich verschlief einen gro\u00dfen Teil der Fahrt.<br \/>\nGegen 11 waren wir am Brenner und um 14:30 passierten wir Kelheims Partnerstadt Soave.<br \/>\n15:30 erreichten wir den vorgebuchten Parkplatz im Hafen von Venedig, das war alles ganz unkompliziert.<br \/>\nDie Costa Luminosa war da und so konnten wir schon mal einen kleinen Vorgeschmack auf den morgigen Tag gewinnen.<a href=\"http:\/\/www.lindenhausen.de\/blog\/wp-content\/uploads\/2017\/09\/K800_IMG_7308-e1505044305577.jpg\"><img decoding=\"async\" loading=\"lazy\" class=\"aligncenter size-medium wp-image-2745\" src=\"http:\/\/www.lindenhausen.de\/blog\/wp-content\/uploads\/2017\/09\/K800_IMG_7308-e1505044305577-300x225.jpg\" alt=\"Bus Venedig\" width=\"300\" height=\"225\" srcset=\"http:\/\/www.lindenhausen.de\/blog\/wp-content\/uploads\/2017\/09\/K800_IMG_7308-e1505044305577-300x225.jpg 300w, http:\/\/www.lindenhausen.de\/blog\/wp-content\/uploads\/2017\/09\/K800_IMG_7308-e1505044305577.jpg 800w\" sizes=\"(max-width: 300px) 100vw, 300px\" \/><\/a><br \/>\nDas gro\u00dfe Gep\u00e4ck blieb im Auto und wir machten und nur mit dem Handgep\u00e4ck belastet auf den Weg zum People Mover und dann zu Fu\u00df weiter zu unserem Hotel.<br \/>\nDabei bekamen wir schon erste sch\u00f6ne Eindr\u00fccke von Venedig.<br \/>\nGebucht war das Hostel Easy Hosel Venice zu einem recht erschwinglichen Preis, vor allem die Lage direkt in der Innenstadt an einem kleinen Kanal gelegen war hervorragend.<br \/>\nDas Hostel war dann doch eher ein h\u00fcbsches Hotel, gro\u00dfz\u00fcgige Zimmer, sch\u00f6nes Bad, es fiel uns erst bei der Abreise auf das es keinen Fernseher im Zimmer gab-wer braucht das im Urlaub? Kostenloses Wlan war vorhanden.<\/p>\n<p><a href=\"http:\/\/www.lindenhausen.de\/blog\/wp-content\/uploads\/2017\/09\/K800_IMG_7314-e1505038471366.jpg\"><img decoding=\"async\" loading=\"lazy\" class=\"aligncenter size-medium wp-image-2747\" src=\"http:\/\/www.lindenhausen.de\/blog\/wp-content\/uploads\/2017\/09\/K800_IMG_7314-e1505038471366-225x300.jpg\" alt=\"Hostel\" width=\"225\" height=\"300\" srcset=\"http:\/\/www.lindenhausen.de\/blog\/wp-content\/uploads\/2017\/09\/K800_IMG_7314-e1505038471366-225x300.jpg 225w, http:\/\/www.lindenhausen.de\/blog\/wp-content\/uploads\/2017\/09\/K800_IMG_7314-e1505038471366.jpg 600w\" sizes=\"(max-width: 225px) 100vw, 225px\" \/><\/a> <a href=\"http:\/\/www.lindenhausen.de\/blog\/wp-content\/uploads\/2017\/09\/K800_IMG_7315-e1505038355276.jpg\"><img decoding=\"async\" loading=\"lazy\" class=\"aligncenter size-medium wp-image-2748\" src=\"http:\/\/www.lindenhausen.de\/blog\/wp-content\/uploads\/2017\/09\/K800_IMG_7315-e1505038355276-300x225.jpg\" alt=\"Hostel\" width=\"300\" height=\"225\" srcset=\"http:\/\/www.lindenhausen.de\/blog\/wp-content\/uploads\/2017\/09\/K800_IMG_7315-e1505038355276-300x225.jpg 300w, http:\/\/www.lindenhausen.de\/blog\/wp-content\/uploads\/2017\/09\/K800_IMG_7315-e1505038355276.jpg 800w\" sizes=\"(max-width: 300px) 100vw, 300px\" \/><\/a> <a href=\"http:\/\/www.lindenhausen.de\/blog\/wp-content\/uploads\/2017\/09\/K800_IMG_7320-e1505038318710.jpg\"><img decoding=\"async\" loading=\"lazy\" class=\"aligncenter size-medium wp-image-2749\" src=\"http:\/\/www.lindenhausen.de\/blog\/wp-content\/uploads\/2017\/09\/K800_IMG_7320-e1505038318710-225x300.jpg\" alt=\"Venedig\" width=\"225\" height=\"300\" srcset=\"http:\/\/www.lindenhausen.de\/blog\/wp-content\/uploads\/2017\/09\/K800_IMG_7320-e1505038318710-225x300.jpg 225w, http:\/\/www.lindenhausen.de\/blog\/wp-content\/uploads\/2017\/09\/K800_IMG_7320-e1505038318710.jpg 600w\" sizes=\"(max-width: 225px) 100vw, 225px\" \/><\/a><br \/>\nWir machten uns frisch und dann starteten wir zur Stadtbesichtigung. bl\u00fchte Jasmin und Oleander, wundersch\u00f6n.<br \/>\nWir fanden etwas abseits vom Touristenrummel eine kleine Osteria die preiswert Aperol Spritz, Bier und Wein anbot, auch Kleinigkeiten zu Essen. Also eine kurze Pause eingelegt bevor es weiter durch die schmalen Gassen in Richtung Markusplatz ging.<br \/>\nVon dort zur Rialto Br\u00fccke und dann bekamen alle ordentlich Hunger, es war ja auch schon 20:00 Uhr vorbei.<br \/>\nAm Canal Grande konnten wir von weiten das Auslaufen der Costa Luminosa beobachten.<br \/>\nVorbei an der Gondelwerft fanden wir zwar eine Osteria die wir sehr m\u00f6gen aber leider wurde dort Junggesellenabschied gefeiert, es war zu voll und zu laut.<br \/>\nAm Kanal fanden wir dann ein kleines Restaurant mit wunderbaren Blick auf die vorbeifahrenden Schiffe, allerdings hatte das auch seinen Preis.<br \/>\nNoch einen Absacker in der kleinen Osteria vom Nachmittag und dann fielen wir todm\u00fcde in unsere Betten.<\/p>\n<div id='gallery-1' class='gallery galleryid-2684 gallery-columns-3 gallery-size-medium'><figure class='gallery-item'>\n\t\t\t<div class='gallery-icon landscape'>\n\t\t\t\t<a href='http:\/\/www.lindenhausen.de\/blog\/reiseberichte-costa\/kreuzfahrten-2017\/costa-deliziosa-06-2017\/k800_img_7423\/'><img width=\"300\" height=\"225\" src=\"http:\/\/www.lindenhausen.de\/blog\/wp-content\/uploads\/2017\/09\/K800_IMG_7423-300x225.jpg\" class=\"attachment-medium size-medium\" alt=\"\" decoding=\"async\" loading=\"lazy\" srcset=\"http:\/\/www.lindenhausen.de\/blog\/wp-content\/uploads\/2017\/09\/K800_IMG_7423-300x225.jpg 300w, http:\/\/www.lindenhausen.de\/blog\/wp-content\/uploads\/2017\/09\/K800_IMG_7423.jpg 800w\" sizes=\"(max-width: 300px) 100vw, 300px\" \/><\/a>\n\t\t\t<\/div><\/figure><figure class='gallery-item'>\n\t\t\t<div class='gallery-icon landscape'>\n\t\t\t\t<a href='http:\/\/www.lindenhausen.de\/blog\/reiseberichte-costa\/kreuzfahrten-2017\/costa-deliziosa-06-2017\/k800_img_7413\/'><img width=\"300\" height=\"225\" src=\"http:\/\/www.lindenhausen.de\/blog\/wp-content\/uploads\/2017\/09\/K800_IMG_7413-e1505037901935-300x225.jpg\" class=\"attachment-medium size-medium\" alt=\"\" decoding=\"async\" loading=\"lazy\" srcset=\"http:\/\/www.lindenhausen.de\/blog\/wp-content\/uploads\/2017\/09\/K800_IMG_7413-e1505037901935-300x225.jpg 300w, http:\/\/www.lindenhausen.de\/blog\/wp-content\/uploads\/2017\/09\/K800_IMG_7413-e1505037901935.jpg 800w\" sizes=\"(max-width: 300px) 100vw, 300px\" \/><\/a>\n\t\t\t<\/div><\/figure><figure class='gallery-item'>\n\t\t\t<div class='gallery-icon portrait'>\n\t\t\t\t<a href='http:\/\/www.lindenhausen.de\/blog\/reiseberichte-costa\/kreuzfahrten-2017\/costa-deliziosa-06-2017\/k800_img_7394\/'><img width=\"225\" height=\"300\" src=\"http:\/\/www.lindenhausen.de\/blog\/wp-content\/uploads\/2017\/09\/K800_IMG_7394-e1505037925811-225x300.jpg\" class=\"attachment-medium size-medium\" alt=\"\" decoding=\"async\" loading=\"lazy\" srcset=\"http:\/\/www.lindenhausen.de\/blog\/wp-content\/uploads\/2017\/09\/K800_IMG_7394-e1505037925811-225x300.jpg 225w, http:\/\/www.lindenhausen.de\/blog\/wp-content\/uploads\/2017\/09\/K800_IMG_7394-e1505037925811.jpg 600w\" sizes=\"(max-width: 225px) 100vw, 225px\" \/><\/a>\n\t\t\t<\/div><\/figure><figure class='gallery-item'>\n\t\t\t<div class='gallery-icon landscape'>\n\t\t\t\t<a href='http:\/\/www.lindenhausen.de\/blog\/reiseberichte-costa\/kreuzfahrten-2017\/costa-deliziosa-06-2017\/k800_img_7366\/'><img width=\"300\" height=\"225\" src=\"http:\/\/www.lindenhausen.de\/blog\/wp-content\/uploads\/2017\/09\/K800_IMG_7366-e1505037960204-300x225.jpg\" class=\"attachment-medium size-medium\" alt=\"\" decoding=\"async\" loading=\"lazy\" srcset=\"http:\/\/www.lindenhausen.de\/blog\/wp-content\/uploads\/2017\/09\/K800_IMG_7366-e1505037960204-300x225.jpg 300w, http:\/\/www.lindenhausen.de\/blog\/wp-content\/uploads\/2017\/09\/K800_IMG_7366-e1505037960204.jpg 800w\" sizes=\"(max-width: 300px) 100vw, 300px\" \/><\/a>\n\t\t\t<\/div><\/figure><figure class='gallery-item'>\n\t\t\t<div class='gallery-icon portrait'>\n\t\t\t\t<a href='http:\/\/www.lindenhausen.de\/blog\/reiseberichte-costa\/kreuzfahrten-2017\/costa-deliziosa-06-2017\/k800_img_7363\/'><img width=\"225\" height=\"300\" src=\"http:\/\/www.lindenhausen.de\/blog\/wp-content\/uploads\/2017\/09\/K800_IMG_7363-e1505038026240-225x300.jpg\" class=\"attachment-medium size-medium\" alt=\"\" decoding=\"async\" loading=\"lazy\" srcset=\"http:\/\/www.lindenhausen.de\/blog\/wp-content\/uploads\/2017\/09\/K800_IMG_7363-e1505038026240-225x300.jpg 225w, http:\/\/www.lindenhausen.de\/blog\/wp-content\/uploads\/2017\/09\/K800_IMG_7363-e1505038026240.jpg 600w\" sizes=\"(max-width: 225px) 100vw, 225px\" \/><\/a>\n\t\t\t<\/div><\/figure><figure class='gallery-item'>\n\t\t\t<div class='gallery-icon portrait'>\n\t\t\t\t<a href='http:\/\/www.lindenhausen.de\/blog\/reiseberichte-costa\/kreuzfahrten-2017\/costa-deliziosa-06-2017\/k800_img_7356\/'><img width=\"225\" height=\"300\" src=\"http:\/\/www.lindenhausen.de\/blog\/wp-content\/uploads\/2017\/09\/K800_IMG_7356-e1505038052546-225x300.jpg\" class=\"attachment-medium size-medium\" alt=\"\" decoding=\"async\" loading=\"lazy\" srcset=\"http:\/\/www.lindenhausen.de\/blog\/wp-content\/uploads\/2017\/09\/K800_IMG_7356-e1505038052546-225x300.jpg 225w, http:\/\/www.lindenhausen.de\/blog\/wp-content\/uploads\/2017\/09\/K800_IMG_7356-e1505038052546.jpg 600w\" sizes=\"(max-width: 225px) 100vw, 225px\" \/><\/a>\n\t\t\t<\/div><\/figure><figure class='gallery-item'>\n\t\t\t<div class='gallery-icon portrait'>\n\t\t\t\t<a href='http:\/\/www.lindenhausen.de\/blog\/reiseberichte-costa\/kreuzfahrten-2017\/costa-deliziosa-06-2017\/k800_img_7348\/'><img width=\"225\" height=\"300\" src=\"http:\/\/www.lindenhausen.de\/blog\/wp-content\/uploads\/2017\/09\/K800_IMG_7348-e1505038128199-225x300.jpg\" class=\"attachment-medium size-medium\" alt=\"\" decoding=\"async\" loading=\"lazy\" srcset=\"http:\/\/www.lindenhausen.de\/blog\/wp-content\/uploads\/2017\/09\/K800_IMG_7348-e1505038128199-225x300.jpg 225w, http:\/\/www.lindenhausen.de\/blog\/wp-content\/uploads\/2017\/09\/K800_IMG_7348-e1505038128199.jpg 600w\" sizes=\"(max-width: 225px) 100vw, 225px\" \/><\/a>\n\t\t\t<\/div><\/figure><figure class='gallery-item'>\n\t\t\t<div class='gallery-icon portrait'>\n\t\t\t\t<a href='http:\/\/www.lindenhausen.de\/blog\/reiseberichte-costa\/kreuzfahrten-2017\/costa-deliziosa-06-2017\/k800_img_7334\/'><img width=\"225\" height=\"300\" src=\"http:\/\/www.lindenhausen.de\/blog\/wp-content\/uploads\/2017\/09\/K800_IMG_7334-e1505038190171-225x300.jpg\" class=\"attachment-medium size-medium\" alt=\"\" decoding=\"async\" loading=\"lazy\" srcset=\"http:\/\/www.lindenhausen.de\/blog\/wp-content\/uploads\/2017\/09\/K800_IMG_7334-e1505038190171-225x300.jpg 225w, http:\/\/www.lindenhausen.de\/blog\/wp-content\/uploads\/2017\/09\/K800_IMG_7334-e1505038190171.jpg 600w\" sizes=\"(max-width: 225px) 100vw, 225px\" \/><\/a>\n\t\t\t<\/div><\/figure><figure class='gallery-item'>\n\t\t\t<div class='gallery-icon portrait'>\n\t\t\t\t<a href='http:\/\/www.lindenhausen.de\/blog\/reiseberichte-costa\/kreuzfahrten-2017\/costa-deliziosa-06-2017\/k800_img_7330\/'><img width=\"225\" height=\"300\" src=\"http:\/\/www.lindenhausen.de\/blog\/wp-content\/uploads\/2017\/09\/K800_IMG_7330-e1505038224563-225x300.jpg\" class=\"attachment-medium size-medium\" alt=\"\" decoding=\"async\" loading=\"lazy\" srcset=\"http:\/\/www.lindenhausen.de\/blog\/wp-content\/uploads\/2017\/09\/K800_IMG_7330-e1505038224563-225x300.jpg 225w, http:\/\/www.lindenhausen.de\/blog\/wp-content\/uploads\/2017\/09\/K800_IMG_7330-e1505038224563.jpg 600w\" sizes=\"(max-width: 225px) 100vw, 225px\" \/><\/a>\n\t\t\t<\/div><\/figure><figure class='gallery-item'>\n\t\t\t<div class='gallery-icon landscape'>\n\t\t\t\t<a href='http:\/\/www.lindenhausen.de\/blog\/reiseberichte-costa\/kreuzfahrten-2017\/costa-deliziosa-06-2017\/k800_img_7326\/'><img width=\"300\" height=\"225\" src=\"http:\/\/www.lindenhausen.de\/blog\/wp-content\/uploads\/2017\/09\/K800_IMG_7326-e1505038277961-300x225.jpg\" class=\"attachment-medium size-medium\" alt=\"\" decoding=\"async\" loading=\"lazy\" srcset=\"http:\/\/www.lindenhausen.de\/blog\/wp-content\/uploads\/2017\/09\/K800_IMG_7326-e1505038277961-300x225.jpg 300w, http:\/\/www.lindenhausen.de\/blog\/wp-content\/uploads\/2017\/09\/K800_IMG_7326-e1505038277961.jpg 800w\" sizes=\"(max-width: 300px) 100vw, 300px\" \/><\/a>\n\t\t\t<\/div><\/figure><figure class='gallery-item'>\n\t\t\t<div class='gallery-icon portrait'>\n\t\t\t\t<a href='http:\/\/www.lindenhausen.de\/blog\/reiseberichte-costa\/kreuzfahrten-2017\/costa-deliziosa-06-2017\/k800_img_7320\/'><img width=\"225\" height=\"300\" src=\"http:\/\/www.lindenhausen.de\/blog\/wp-content\/uploads\/2017\/09\/K800_IMG_7320-e1505038318710-225x300.jpg\" class=\"attachment-medium size-medium\" alt=\"\" decoding=\"async\" loading=\"lazy\" srcset=\"http:\/\/www.lindenhausen.de\/blog\/wp-content\/uploads\/2017\/09\/K800_IMG_7320-e1505038318710-225x300.jpg 225w, http:\/\/www.lindenhausen.de\/blog\/wp-content\/uploads\/2017\/09\/K800_IMG_7320-e1505038318710.jpg 600w\" sizes=\"(max-width: 225px) 100vw, 225px\" \/><\/a>\n\t\t\t<\/div><\/figure><figure class='gallery-item'>\n\t\t\t<div class='gallery-icon portrait'>\n\t\t\t\t<a href='http:\/\/www.lindenhausen.de\/blog\/reiseberichte-costa\/kreuzfahrten-2017\/costa-deliziosa-06-2017\/k800_img_7310\/'><img width=\"225\" height=\"300\" src=\"http:\/\/www.lindenhausen.de\/blog\/wp-content\/uploads\/2017\/09\/K800_IMG_7310-e1505044282730-225x300.jpg\" class=\"attachment-medium size-medium\" alt=\"\" decoding=\"async\" loading=\"lazy\" srcset=\"http:\/\/www.lindenhausen.de\/blog\/wp-content\/uploads\/2017\/09\/K800_IMG_7310-e1505044282730-225x300.jpg 225w, http:\/\/www.lindenhausen.de\/blog\/wp-content\/uploads\/2017\/09\/K800_IMG_7310-e1505044282730.jpg 600w\" sizes=\"(max-width: 225px) 100vw, 225px\" \/><\/a>\n\t\t\t<\/div><\/figure>\n\t\t<\/div>\n\n<p><a title=\"Venedig 11.06.2017\" href=\"http:\/\/www.lindenhausen.de\/blog\/reiseberichte-costa\/kreuzfahrten-2017\/costa-deliziosa-06-2017\/venedig-11-06-2017\/\">Hier gehts weiter<\/a><\/p>\n","protected":false},"excerpt":{"rendered":"<p>Kreuzfahrt Pfingsten 2017-Costa Deliziosa Samstag 10.06. Nachdem wir als Gruppe unserer Kirchgemeinde schon 2014 im westlichen Mittelmeer viel Spa\u00df hatten entschieden wir das zu wiederholen. Und so machten wir uns am 10.Juni 6:00 Uhr morgens auf den Weg nach Venedig. Wir hatten uns von der Stadt Kelheim einen 9 Sitzer geliehen, sodass wir bequem mit &hellip; <a href=\"http:\/\/www.lindenhausen.de\/blog\/reiseberichte-costa\/kreuzfahrten-2017\/costa-deliziosa-06-2017\/\" class=\"more-link\"><span class=\"screen-reader-text\">Costa Deliziosa 06.2017<\/span> weiterlesen <span class=\"meta-nav\">&rarr;<\/span><\/a><\/p>\n","protected":false},"author":1,"featured_media":2758,"parent":2565,"menu_order":2,"comment_status":"open","ping_status":"open","template":"","meta":{"_monsterinsights_skip_tracking":false,"_monsterinsights_sitenote_active":false,"_monsterinsights_sitenote_note":"","_monsterinsights_sitenote_category":0},"yoast_head":"<!-- This site is optimized with the Yoast SEO plugin v21.0 - https:\/\/yoast.com\/wordpress\/plugins\/seo\/ -->\n<title>Costa Deliziosa 06.2017 - Lindenhausen-weil Reisen Spa\u00df macht<\/title>\n<meta name=\"description\" content=\"Reisebericht, Costa Deliziosa, Kreuzfahrt, \u00f6stliches Mittelmeer, Costa Club, Venedig, Clubrestaurant, Lindenhausen, Michaela Linde, Bari, Santorin, Ausfl\u00fcge\" \/>\n<meta name=\"robots\" content=\"index, follow, max-snippet:-1, max-image-preview:large, max-video-preview:-1\" \/>\n<link rel=\"canonical\" href=\"http:\/\/www.lindenhausen.de\/blog\/reiseberichte-costa\/kreuzfahrten-2017\/costa-deliziosa-06-2017\/\" \/>\n<meta property=\"og:locale\" content=\"de_DE\" \/>\n<meta property=\"og:type\" content=\"article\" \/>\n<meta property=\"og:title\" content=\"Costa Deliziosa 06.2017 - Lindenhausen-weil Reisen Spa\u00df macht\" \/>\n<meta property=\"og:description\" content=\"Reisebericht, Costa Deliziosa, Kreuzfahrt, \u00f6stliches Mittelmeer, Costa Club, Venedig, Clubrestaurant, Lindenhausen, Michaela Linde, Bari, Santorin, Ausfl\u00fcge\" \/>\n<meta property=\"og:url\" content=\"http:\/\/www.lindenhausen.de\/blog\/reiseberichte-costa\/kreuzfahrten-2017\/costa-deliziosa-06-2017\/\" \/>\n<meta property=\"og:site_name\" content=\"Lindenhausen-weil Reisen Spa\u00df macht\" \/>\n<meta property=\"article:publisher\" content=\"http:\/\/www.facebook.com\/Lindenhausen\/\" \/>\n<meta property=\"article:modified_time\" content=\"2017-09-16T21:37:04+00:00\" \/>\n<meta property=\"og:image\" content=\"http:\/\/www.lindenhausen.de\/blog\/wp-content\/uploads\/2017\/09\/K800_IMG_7413-e1505037901935.jpg\" \/>\n\t<meta property=\"og:image:width\" content=\"800\" \/>\n\t<meta property=\"og:image:height\" content=\"600\" \/>\n\t<meta property=\"og:image:type\" content=\"image\/jpeg\" \/>\n<meta name=\"twitter:card\" content=\"summary_large_image\" \/>\n<meta name=\"twitter:site\" content=\"@Maxilinde\" \/>\n<meta name=\"twitter:label1\" content=\"Gesch\u00e4tzte Lesezeit\" \/>\n\t<meta name=\"twitter:data1\" content=\"2\u00a0Minuten\" \/>\n<script type=\"application\/ld+json\" class=\"yoast-schema-graph\">{\"@context\":\"https:\/\/schema.org\",\"@graph\":[{\"@type\":\"WebPage\",\"@id\":\"http:\/\/www.lindenhausen.de\/blog\/reiseberichte-costa\/kreuzfahrten-2017\/costa-deliziosa-06-2017\/\",\"url\":\"http:\/\/www.lindenhausen.de\/blog\/reiseberichte-costa\/kreuzfahrten-2017\/costa-deliziosa-06-2017\/\",\"name\":\"Costa Deliziosa 06.2017 - Lindenhausen-weil Reisen Spa\u00df macht\",\"isPartOf\":{\"@id\":\"https:\/\/www.lindenhausen.de\/blog\/#website\"},\"datePublished\":\"2017-09-10T21:24:40+00:00\",\"dateModified\":\"2017-09-16T21:37:04+00:00\",\"description\":\"Reisebericht, Costa Deliziosa, Kreuzfahrt, \u00f6stliches Mittelmeer, Costa Club, Venedig, Clubrestaurant, Lindenhausen, Michaela Linde, Bari, Santorin, Ausfl\u00fcge\",\"breadcrumb\":{\"@id\":\"http:\/\/www.lindenhausen.de\/blog\/reiseberichte-costa\/kreuzfahrten-2017\/costa-deliziosa-06-2017\/#breadcrumb\"},\"inLanguage\":\"de\",\"potentialAction\":[{\"@type\":\"ReadAction\",\"target\":[\"http:\/\/www.lindenhausen.de\/blog\/reiseberichte-costa\/kreuzfahrten-2017\/costa-deliziosa-06-2017\/\"]}]},{\"@type\":\"BreadcrumbList\",\"@id\":\"http:\/\/www.lindenhausen.de\/blog\/reiseberichte-costa\/kreuzfahrten-2017\/costa-deliziosa-06-2017\/#breadcrumb\",\"itemListElement\":[{\"@type\":\"ListItem\",\"position\":1,\"name\":\"Startseite\",\"item\":\"https:\/\/www.lindenhausen.de\/blog\/\"},{\"@type\":\"ListItem\",\"position\":2,\"name\":\"Reiseberichte Costa Kreuzfahrten\",\"item\":\"http:\/\/www.lindenhausen.de\/blog\/reiseberichte-costa\/\"},{\"@type\":\"ListItem\",\"position\":3,\"name\":\"Kreuzfahrten 2017\",\"item\":\"https:\/\/www.lindenhausen.de\/blog\/reiseberichte-costa\/kreuzfahrten-2017\/\"},{\"@type\":\"ListItem\",\"position\":4,\"name\":\"Costa Deliziosa 06.2017\"}]},{\"@type\":\"WebSite\",\"@id\":\"https:\/\/www.lindenhausen.de\/blog\/#website\",\"url\":\"https:\/\/www.lindenhausen.de\/blog\/\",\"name\":\"Lindenhausen-weil Reisen Spa\u00df macht\",\"description\":\"Reisen und Kreuzfahrten, Reiseberichte, Kreuzfahrtforum\",\"potentialAction\":[{\"@type\":\"SearchAction\",\"target\":{\"@type\":\"EntryPoint\",\"urlTemplate\":\"https:\/\/www.lindenhausen.de\/blog\/?s={search_term_string}\"},\"query-input\":\"required name=search_term_string\"}],\"inLanguage\":\"de\"}]}<\/script>\n<!-- \/ Yoast SEO plugin. -->","yoast_head_json":{"title":"Costa Deliziosa 06.2017 - Lindenhausen-weil Reisen Spa\u00df macht","description":"Reisebericht, Costa Deliziosa, Kreuzfahrt, \u00f6stliches Mittelmeer, Costa Club, Venedig, Clubrestaurant, Lindenhausen, Michaela Linde, Bari, Santorin, Ausfl\u00fcge","robots":{"index":"index","follow":"follow","max-snippet":"max-snippet:-1","max-image-preview":"max-image-preview:large","max-video-preview":"max-video-preview:-1"},"canonical":"http:\/\/www.lindenhausen.de\/blog\/reiseberichte-costa\/kreuzfahrten-2017\/costa-deliziosa-06-2017\/","og_locale":"de_DE","og_type":"article","og_title":"Costa Deliziosa 06.2017 - Lindenhausen-weil Reisen Spa\u00df macht","og_description":"Reisebericht, Costa Deliziosa, Kreuzfahrt, \u00f6stliches Mittelmeer, Costa Club, Venedig, Clubrestaurant, Lindenhausen, Michaela Linde, Bari, Santorin, Ausfl\u00fcge","og_url":"http:\/\/www.lindenhausen.de\/blog\/reiseberichte-costa\/kreuzfahrten-2017\/costa-deliziosa-06-2017\/","og_site_name":"Lindenhausen-weil Reisen Spa\u00df macht","article_publisher":"http:\/\/www.facebook.com\/Lindenhausen\/","article_modified_time":"2017-09-16T21:37:04+00:00","og_image":[{"width":800,"height":600,"url":"http:\/\/www.lindenhausen.de\/blog\/wp-content\/uploads\/2017\/09\/K800_IMG_7413-e1505037901935.jpg","type":"image\/jpeg"}],"twitter_card":"summary_large_image","twitter_site":"@Maxilinde","twitter_misc":{"Gesch\u00e4tzte Lesezeit":"2\u00a0Minuten"},"schema":{"@context":"https:\/\/schema.org","@graph":[{"@type":"WebPage","@id":"http:\/\/www.lindenhausen.de\/blog\/reiseberichte-costa\/kreuzfahrten-2017\/costa-deliziosa-06-2017\/","url":"http:\/\/www.lindenhausen.de\/blog\/reiseberichte-costa\/kreuzfahrten-2017\/costa-deliziosa-06-2017\/","name":"Costa Deliziosa 06.2017 - Lindenhausen-weil Reisen Spa\u00df macht","isPartOf":{"@id":"https:\/\/www.lindenhausen.de\/blog\/#website"},"datePublished":"2017-09-10T21:24:40+00:00","dateModified":"2017-09-16T21:37:04+00:00","description":"Reisebericht, Costa Deliziosa, Kreuzfahrt, \u00f6stliches Mittelmeer, Costa Club, Venedig, Clubrestaurant, Lindenhausen, Michaela Linde, Bari, Santorin, Ausfl\u00fcge","breadcrumb":{"@id":"http:\/\/www.lindenhausen.de\/blog\/reiseberichte-costa\/kreuzfahrten-2017\/costa-deliziosa-06-2017\/#breadcrumb"},"inLanguage":"de","potentialAction":[{"@type":"ReadAction","target":["http:\/\/www.lindenhausen.de\/blog\/reiseberichte-costa\/kreuzfahrten-2017\/costa-deliziosa-06-2017\/"]}]},{"@type":"BreadcrumbList","@id":"http:\/\/www.lindenhausen.de\/blog\/reiseberichte-costa\/kreuzfahrten-2017\/costa-deliziosa-06-2017\/#breadcrumb","itemListElement":[{"@type":"ListItem","position":1,"name":"Startseite","item":"https:\/\/www.lindenhausen.de\/blog\/"},{"@type":"ListItem","position":2,"name":"Reiseberichte Costa Kreuzfahrten","item":"http:\/\/www.lindenhausen.de\/blog\/reiseberichte-costa\/"},{"@type":"ListItem","position":3,"name":"Kreuzfahrten 2017","item":"https:\/\/www.lindenhausen.de\/blog\/reiseberichte-costa\/kreuzfahrten-2017\/"},{"@type":"ListItem","position":4,"name":"Costa Deliziosa 06.2017"}]},{"@type":"WebSite","@id":"https:\/\/www.lindenhausen.de\/blog\/#website","url":"https:\/\/www.lindenhausen.de\/blog\/","name":"Lindenhausen-weil Reisen Spa\u00df macht","description":"Reisen und Kreuzfahrten, Reiseberichte, Kreuzfahrtforum","potentialAction":[{"@type":"SearchAction","target":{"@type":"EntryPoint","urlTemplate":"https:\/\/www.lindenhausen.de\/blog\/?s={search_term_string}"},"query-input":"required name=search_term_string"}],"inLanguage":"de"}]}},"_links":{"self":[{"href":"http:\/\/www.lindenhausen.de\/blog\/wp-json\/wp\/v2\/pages\/2684"}],"collection":[{"href":"http:\/\/www.lindenhausen.de\/blog\/wp-json\/wp\/v2\/pages"}],"about":[{"href":"http:\/\/www.lindenhausen.de\/blog\/wp-json\/wp\/v2\/types\/page"}],"author":[{"embeddable":true,"href":"http:\/\/www.lindenhausen.de\/blog\/wp-json\/wp\/v2\/users\/1"}],"replies":[{"embeddable":true,"href":"http:\/\/www.lindenhausen.de\/blog\/wp-json\/wp\/v2\/comments?post=2684"}],"version-history":[{"count":4,"href":"http:\/\/www.lindenhausen.de\/blog\/wp-json\/wp\/v2\/pages\/2684\/revisions"}],"predecessor-version":[{"id":2879,"href":"http:\/\/www.lindenhausen.de\/blog\/wp-json\/wp\/v2\/pages\/2684\/revisions\/2879"}],"up":[{"embeddable":true,"href":"http:\/\/www.lindenhausen.de\/blog\/wp-json\/wp\/v2\/pages\/2565"}],"wp:featuredmedia":[{"embeddable":true,"href":"http:\/\/www.lindenhausen.de\/blog\/wp-json\/wp\/v2\/media\/2758"}],"wp:attachment":[{"href":"http:\/\/www.lindenhausen.de\/blog\/wp-json\/wp\/v2\/media?parent=2684"}],"curies":[{"name":"wp","href":"https:\/\/api.w.org\/{rel}","templated":true}]}}