{"id":2645,"date":"2017-08-28T13:41:52","date_gmt":"2017-08-28T11:41:52","guid":{"rendered":"http:\/\/www.lindenhausen.de\/blog\/?page_id=2645"},"modified":"2018-04-12T15:00:59","modified_gmt":"2018-04-12T13:00:59","slug":"gewinnspiele","status":"publish","type":"page","link":"http:\/\/www.lindenhausen.de\/blog\/aktuelles\/gewinnspiele\/","title":{"rendered":"Gewinnspiel"},"content":{"rendered":"<p>&nbsp;<\/p>\n<p><a href=\"http:\/\/www.lindenhausen.de\/blog\/wp-content\/uploads\/2017\/08\/aDSC_0884.jpg\"><img decoding=\"async\" loading=\"lazy\" class=\"aligncenter size-medium wp-image-2655\" src=\"http:\/\/www.lindenhausen.de\/blog\/wp-content\/uploads\/2017\/08\/aDSC_0884-300x156.jpg\" alt=\"Gewinnspiel\" width=\"300\" height=\"156\" srcset=\"http:\/\/www.lindenhausen.de\/blog\/wp-content\/uploads\/2017\/08\/aDSC_0884-300x156.jpg 300w, http:\/\/www.lindenhausen.de\/blog\/wp-content\/uploads\/2017\/08\/aDSC_0884.jpg 900w\" sizes=\"(max-width: 300px) 100vw, 300px\" \/><\/a><\/p>\n<p><strong>Gewinnspiel<\/strong><\/p>\n<p>Wer eine Reise tut der hat was zu erz\u00e4hlen und so begegnen uns auf Reisen so manche Geschichten die es wert sind erz\u00e4hlt zu werden.<\/p>\n<p>Damit das nicht ganz langweilig wird gebe ich Euch dazu ein bisschen was zum r\u00e4tseln.<\/p>\n<p>Unter allen, die folgende Fragen richtig beantworten und die Antworten im Formular versenden, verlosen ich diesen Preis:<\/p>\n<p>&nbsp;<\/p>\n<p>Costa-Kreuzfahrten\u00a0 Kugelschreiber, Lanyard und K\u00fchlschrankmagnet passend zur L\u00f6sung der Frage<\/p>\n<p>&nbsp;<\/p>\n<p>Teilnahmem\u00f6glichkeit von 12.04.2018 00:01 Uhr bis 30.06.2018 23:59 Uhr<\/p>\n<p>&nbsp;<\/p>\n<p>Ein Teil des Preises wurde uns von <a href=\"http:\/\/www.costakreuzfahrten.de\" target=\"_blank\" rel=\"noopener\">www.costakreuzfahrten.de<\/a> zur Verf\u00fcgung gestellt, vielen lieben Dank daf\u00fcr.<\/p>\n<p><a title=\"Teilnahmebedingungen f\u00fcr Gewinnspiele\" href=\"http:\/\/www.lindenhausen.de\/blog\/aktuelles\/teinahmebedingungen-fuer-gewinnspiele\/\" target=\"_blank\" rel=\"noopener\">Teilnahmebedingungen<\/a><\/p>\n<p><strong>Wo war ich unterwegs?<\/strong><\/p>\n<p>Bitte schreibe mir das Land und den Namen der Stadt<\/p>\n<p>&nbsp;<\/p>\n<p><a href=\"http:\/\/www.lindenhausen.de\/blog\/wp-content\/uploads\/2018\/04\/R\u00e4tsel2.jpg\"><img decoding=\"async\" loading=\"lazy\" class=\"aligncenter size-medium wp-image-3833\" src=\"http:\/\/www.lindenhausen.de\/blog\/wp-content\/uploads\/2018\/04\/R\u00e4tsel2-199x300.jpg\" alt=\"\" width=\"199\" height=\"300\" srcset=\"http:\/\/www.lindenhausen.de\/blog\/wp-content\/uploads\/2018\/04\/R\u00e4tsel2-199x300.jpg 199w, http:\/\/www.lindenhausen.de\/blog\/wp-content\/uploads\/2018\/04\/R\u00e4tsel2-679x1024.jpg 679w, http:\/\/www.lindenhausen.de\/blog\/wp-content\/uploads\/2018\/04\/R\u00e4tsel2.jpg 688w\" sizes=\"(max-width: 199px) 100vw, 199px\" \/><\/a><\/p>\n<p>[cforms name=&#8220;Gewinnspiel&#8220;]<\/p>\n<p>Viel Gl\u00fcck<\/p>\n","protected":false},"excerpt":{"rendered":"<p>&nbsp; Gewinnspiel Wer eine Reise tut der hat was zu erz\u00e4hlen und so begegnen uns auf Reisen so manche Geschichten die es wert sind erz\u00e4hlt zu werden. Damit das nicht ganz langweilig wird gebe ich Euch dazu ein bisschen was zum r\u00e4tseln. Unter allen, die folgende Fragen richtig beantworten und die Antworten im Formular versenden, &hellip; <a href=\"http:\/\/www.lindenhausen.de\/blog\/aktuelles\/gewinnspiele\/\" class=\"more-link\"><span class=\"screen-reader-text\">Gewinnspiel<\/span> weiterlesen <span class=\"meta-nav\">&rarr;<\/span><\/a><\/p>\n","protected":false},"author":1,"featured_media":0,"parent":2641,"menu_order":2,"comment_status":"open","ping_status":"open","template":"","meta":{"_monsterinsights_skip_tracking":false,"_monsterinsights_sitenote_active":false,"_monsterinsights_sitenote_note":"","_monsterinsights_sitenote_category":0},"yoast_head":"<!-- This site is optimized with the Yoast SEO plugin v21.0 - https:\/\/yoast.com\/wordpress\/plugins\/seo\/ -->\n<title>Gewinnspiel - Lindenhausen-weil Reisen Spa\u00df macht<\/title>\n<meta name=\"description\" content=\"Gewinnspiel, Verlosung, Lindenhausen, Kreuzfahrtforum, Reiseforum, Reiseblog, Travelblog, Kreuzfahrt\" \/>\n<meta name=\"robots\" content=\"index, follow, max-snippet:-1, max-image-preview:large, max-video-preview:-1\" \/>\n<link rel=\"canonical\" href=\"https:\/\/www.lindenhausen.de\/blog\/aktuelles\/gewinnspiele\/\" \/>\n<meta property=\"og:locale\" content=\"de_DE\" \/>\n<meta property=\"og:type\" content=\"article\" \/>\n<meta property=\"og:title\" content=\"Gewinnspiel - Lindenhausen-weil Reisen Spa\u00df macht\" \/>\n<meta property=\"og:description\" content=\"Gewinnspiel, Verlosung, Lindenhausen, Kreuzfahrtforum, Reiseforum, Reiseblog, Travelblog, Kreuzfahrt\" \/>\n<meta property=\"og:url\" content=\"https:\/\/www.lindenhausen.de\/blog\/aktuelles\/gewinnspiele\/\" \/>\n<meta property=\"og:site_name\" content=\"Lindenhausen-weil Reisen Spa\u00df macht\" \/>\n<meta property=\"article:publisher\" content=\"http:\/\/www.facebook.com\/Lindenhausen\/\" \/>\n<meta property=\"article:modified_time\" content=\"2018-04-12T13:00:59+00:00\" \/>\n<meta property=\"og:image\" content=\"http:\/\/www.lindenhausen.de\/blog\/wp-content\/uploads\/2017\/08\/aDSC_0884-300x156.jpg\" \/>\n<meta name=\"twitter:card\" content=\"summary_large_image\" \/>\n<meta name=\"twitter:site\" content=\"@Maxilinde\" \/>\n<meta name=\"twitter:label1\" content=\"Gesch\u00e4tzte Lesezeit\" \/>\n\t<meta name=\"twitter:data1\" content=\"1\u00a0Minute\" \/>\n<script type=\"application\/ld+json\" class=\"yoast-schema-graph\">{\"@context\":\"https:\/\/schema.org\",\"@graph\":[{\"@type\":\"WebPage\",\"@id\":\"https:\/\/www.lindenhausen.de\/blog\/aktuelles\/gewinnspiele\/\",\"url\":\"https:\/\/www.lindenhausen.de\/blog\/aktuelles\/gewinnspiele\/\",\"name\":\"Gewinnspiel - Lindenhausen-weil Reisen Spa\u00df macht\",\"isPartOf\":{\"@id\":\"https:\/\/www.lindenhausen.de\/blog\/#website\"},\"datePublished\":\"2017-08-28T11:41:52+00:00\",\"dateModified\":\"2018-04-12T13:00:59+00:00\",\"description\":\"Gewinnspiel, Verlosung, Lindenhausen, Kreuzfahrtforum, Reiseforum, Reiseblog, Travelblog, Kreuzfahrt\",\"breadcrumb\":{\"@id\":\"https:\/\/www.lindenhausen.de\/blog\/aktuelles\/gewinnspiele\/#breadcrumb\"},\"inLanguage\":\"de\",\"potentialAction\":[{\"@type\":\"ReadAction\",\"target\":[\"https:\/\/www.lindenhausen.de\/blog\/aktuelles\/gewinnspiele\/\"]}]},{\"@type\":\"BreadcrumbList\",\"@id\":\"https:\/\/www.lindenhausen.de\/blog\/aktuelles\/gewinnspiele\/#breadcrumb\",\"itemListElement\":[{\"@type\":\"ListItem\",\"position\":1,\"name\":\"Startseite\",\"item\":\"https:\/\/www.lindenhausen.de\/blog\/\"},{\"@type\":\"ListItem\",\"position\":2,\"name\":\"Aktuelles\",\"item\":\"http:\/\/www.lindenhausen.de\/blog\/aktuelles\/\"},{\"@type\":\"ListItem\",\"position\":3,\"name\":\"Gewinnspiel\"}]},{\"@type\":\"WebSite\",\"@id\":\"https:\/\/www.lindenhausen.de\/blog\/#website\",\"url\":\"https:\/\/www.lindenhausen.de\/blog\/\",\"name\":\"Lindenhausen-weil Reisen Spa\u00df macht\",\"description\":\"Reisen und Kreuzfahrten, Reiseberichte, Kreuzfahrtforum\",\"potentialAction\":[{\"@type\":\"SearchAction\",\"target\":{\"@type\":\"EntryPoint\",\"urlTemplate\":\"https:\/\/www.lindenhausen.de\/blog\/?s={search_term_string}\"},\"query-input\":\"required name=search_term_string\"}],\"inLanguage\":\"de\"}]}<\/script>\n<!-- \/ Yoast SEO plugin. -->","yoast_head_json":{"title":"Gewinnspiel - Lindenhausen-weil Reisen Spa\u00df macht","description":"Gewinnspiel, Verlosung, Lindenhausen, Kreuzfahrtforum, Reiseforum, Reiseblog, Travelblog, Kreuzfahrt","robots":{"index":"index","follow":"follow","max-snippet":"max-snippet:-1","max-image-preview":"max-image-preview:large","max-video-preview":"max-video-preview:-1"},"canonical":"https:\/\/www.lindenhausen.de\/blog\/aktuelles\/gewinnspiele\/","og_locale":"de_DE","og_type":"article","og_title":"Gewinnspiel - Lindenhausen-weil Reisen Spa\u00df macht","og_description":"Gewinnspiel, Verlosung, Lindenhausen, Kreuzfahrtforum, Reiseforum, Reiseblog, Travelblog, Kreuzfahrt","og_url":"https:\/\/www.lindenhausen.de\/blog\/aktuelles\/gewinnspiele\/","og_site_name":"Lindenhausen-weil Reisen Spa\u00df macht","article_publisher":"http:\/\/www.facebook.com\/Lindenhausen\/","article_modified_time":"2018-04-12T13:00:59+00:00","og_image":[{"url":"http:\/\/www.lindenhausen.de\/blog\/wp-content\/uploads\/2017\/08\/aDSC_0884-300x156.jpg"}],"twitter_card":"summary_large_image","twitter_site":"@Maxilinde","twitter_misc":{"Gesch\u00e4tzte Lesezeit":"1\u00a0Minute"},"schema":{"@context":"https:\/\/schema.org","@graph":[{"@type":"WebPage","@id":"https:\/\/www.lindenhausen.de\/blog\/aktuelles\/gewinnspiele\/","url":"https:\/\/www.lindenhausen.de\/blog\/aktuelles\/gewinnspiele\/","name":"Gewinnspiel - Lindenhausen-weil Reisen Spa\u00df macht","isPartOf":{"@id":"https:\/\/www.lindenhausen.de\/blog\/#website"},"datePublished":"2017-08-28T11:41:52+00:00","dateModified":"2018-04-12T13:00:59+00:00","description":"Gewinnspiel, Verlosung, Lindenhausen, Kreuzfahrtforum, Reiseforum, Reiseblog, Travelblog, Kreuzfahrt","breadcrumb":{"@id":"https:\/\/www.lindenhausen.de\/blog\/aktuelles\/gewinnspiele\/#breadcrumb"},"inLanguage":"de","potentialAction":[{"@type":"ReadAction","target":["https:\/\/www.lindenhausen.de\/blog\/aktuelles\/gewinnspiele\/"]}]},{"@type":"BreadcrumbList","@id":"https:\/\/www.lindenhausen.de\/blog\/aktuelles\/gewinnspiele\/#breadcrumb","itemListElement":[{"@type":"ListItem","position":1,"name":"Startseite","item":"https:\/\/www.lindenhausen.de\/blog\/"},{"@type":"ListItem","position":2,"name":"Aktuelles","item":"http:\/\/www.lindenhausen.de\/blog\/aktuelles\/"},{"@type":"ListItem","position":3,"name":"Gewinnspiel"}]},{"@type":"WebSite","@id":"https:\/\/www.lindenhausen.de\/blog\/#website","url":"https:\/\/www.lindenhausen.de\/blog\/","name":"Lindenhausen-weil Reisen Spa\u00df macht","description":"Reisen und Kreuzfahrten, Reiseberichte, Kreuzfahrtforum","potentialAction":[{"@type":"SearchAction","target":{"@type":"EntryPoint","urlTemplate":"https:\/\/www.lindenhausen.de\/blog\/?s={search_term_string}"},"query-input":"required name=search_term_string"}],"inLanguage":"de"}]}},"_links":{"self":[{"href":"http:\/\/www.lindenhausen.de\/blog\/wp-json\/wp\/v2\/pages\/2645"}],"collection":[{"href":"http:\/\/www.lindenhausen.de\/blog\/wp-json\/wp\/v2\/pages"}],"about":[{"href":"http:\/\/www.lindenhausen.de\/blog\/wp-json\/wp\/v2\/types\/page"}],"author":[{"embeddable":true,"href":"http:\/\/www.lindenhausen.de\/blog\/wp-json\/wp\/v2\/users\/1"}],"replies":[{"embeddable":true,"href":"http:\/\/www.lindenhausen.de\/blog\/wp-json\/wp\/v2\/comments?post=2645"}],"version-history":[{"count":16,"href":"http:\/\/www.lindenhausen.de\/blog\/wp-json\/wp\/v2\/pages\/2645\/revisions"}],"predecessor-version":[{"id":3835,"href":"http:\/\/www.lindenhausen.de\/blog\/wp-json\/wp\/v2\/pages\/2645\/revisions\/3835"}],"up":[{"embeddable":true,"href":"http:\/\/www.lindenhausen.de\/blog\/wp-json\/wp\/v2\/pages\/2641"}],"wp:attachment":[{"href":"http:\/\/www.lindenhausen.de\/blog\/wp-json\/wp\/v2\/media?parent=2645"}],"curies":[{"name":"wp","href":"https:\/\/api.w.org\/{rel}","templated":true}]}}