{"id":2639,"date":"2017-08-27T23:00:03","date_gmt":"2017-08-27T21:00:03","guid":{"rendered":"http:\/\/www.lindenhausen.de\/blog\/?page_id=2639"},"modified":"2018-02-12T19:12:48","modified_gmt":"2018-02-12T18:12:48","slug":"teinahmebedingungen-fuer-gewinnspiele","status":"publish","type":"page","link":"http:\/\/www.lindenhausen.de\/blog\/aktuelles\/teinahmebedingungen-fuer-gewinnspiele\/","title":{"rendered":"Teilnahmebedingungen f\u00fcr unser Gewinnspiel"},"content":{"rendered":"<p><b>Teilnahmebedingungen<\/b><br \/>\nDie Teilnahme am Gewinnspiel von Lindenhausen.de,\u00a0nachfolgend Betreiber oder Veranstalter genannt, ist kostenlos und richtet sich ausschlie\u00dflich nach diesen Teilnahmebedingungen.<\/p>\n<p><b><br \/>\nAblauf des Gewinnspiels<br \/>\n<\/b>Die Dauer des Gewinnspiels erstreckt sich vom 13.02.2018 0:01 Uhr bis zum 31.03.2018 23:59 Uhr. Innerhalb dieses Zeitraums erhalten Nutzer online die M\u00f6glichkeit, am Gewinnspiel teilzunehmen.<\/p>\n<p><b><br \/>\nTeilnahme<br \/>\n<\/b>Um am Gewinnspiel teilzunehmen, ist ein Ausf\u00fcllen und Absenden des angezeigten Teilnahmeformulars notwendig. Die Teilnahme ist nur innerhalb des Teilnahmezeitraums m\u00f6glich. Nach Teilnahmeschluss eingehende Einsendungen werden bei der Auslosung nicht ber\u00fccksichtigt.<\/p>\n<p>Pro Teilnehmer nimmt nur eine \u00fcbermittelte Anmeldung am Gewinnspiel teil. Es ist \u00a0untersagt, mehrere Email-Adressen oder mehrere Facebook Profile zur Erh\u00f6hung der Gewinnchancen zu verwenden.<\/p>\n<p>Die Teilnahme am Gewinnspiel ist kostenlos.<\/p>\n<p><b><br \/>\nTeilnahmeberechtigte<br \/>\n<\/b>Teilnahmeberechtigt sind nat\u00fcrliche Personen, die Ihren Wohnsitz in Deutschland und das 14. Lebensjahr vollendet haben. Die Teilnahme ist nicht auf Kunden des Veranstalters beschr\u00e4nkt und nicht vom Erwerb einer Ware oder Dienstleistung abh\u00e4ngig.<\/p>\n<p>Sollte ein Teilnehmer in seiner Gesch\u00e4ftsf\u00e4higkeit eingeschr\u00e4nkt sein, bedarf es der Einwilligung seines gesetzlichen Vertreters.<\/p>\n<p>Nicht teilnahmeberechtigt am Gewinnspiel sind alle an der Konzeption und Umsetzung des Gewinnspiels beteiligte Personen und Mitarbeiter des Betreibers sowie ihre Familienmitglieder. Zudem beh\u00e4lt sich der Betreiber vor, nach eigenem Ermessen Personen von der Teilnahme auszuschlie\u00dfen, wenn berechtigte Gr\u00fcnde vorliegen, beispielsweise<\/p>\n<p>(a) bei Manipulationen im Zusammenhang mit Zugang zum oder Durchf\u00fchrung des Gewinnspiels, (b) bei Verst\u00f6\u00dfen gegen diese Teilnahmebedingungen, (c) bei unlauterem Handeln oder (d) bei falschen oder irref\u00fchrenden Angaben im Zusammenhang mit der Teilnahme an dem Gewinnspiel.<\/p>\n<p><b><br \/>\nGewinn, Benachrichtigung und \u00dcbermittlung des Gewinns<br \/>\n<\/b>Folgender Preis wird vergeben:<\/p>\n<p>Costa-Kreuzfahrten Haftnotizen, Schreibblock und Kugelschreiber und K\u00fchlschrankmagnet passend zur L\u00f6sung der Frage<\/p>\n<p>Die Ermittlung der Gewinner erfolgt nach Teilnahmeschluss im Rahmen einer auf dem Zufallsprinzip beruhenden Verlosung unter allen Teilnehmern. Ist das Gewinnspiel mit einer Aufgabe verkn\u00fcpft, kommen ausschlie\u00dflich diejenigen Teilnehmer in die Verlosung, welche die Aufgabe korrekt durchgef\u00fchrt haben.<\/p>\n<p>Die Gewinner der Verlosung werden zeitnah \u00fcber eine gesonderte Email \u00fcber den Gewinn informiert.<\/p>\n<p>Die Aush\u00e4ndigung des Gewinns erfolgt ausschlie\u00dflich an den Gewinner oder an den gesetzlichen Vertreter des minderj\u00e4hrigen Gewinners. Ein Umtausch, eine Selbstabholung sowie eine Barauszahlung des Gewinns sind nicht m\u00f6glich.<\/p>\n<p>Eventuell f\u00fcr den Versand der Gewinne anfallende Kosten \u00fcbernimmt der Betreiber. Mit der Inanspruchnahme des Gewinns verbundene Zusatzkosten gehen zu Lasten des Gewinners. F\u00fcr eine etwaige Versteuerung des Gewinns ist der Gewinner selbst verantwortlich.<\/p>\n<p>Meldet sich der Gewinner nach Aufforderung innerhalb einer Frist von 3 Wochen nicht, kann der Gewinn auf einen anderen Teilnehmer \u00fcbertragen werden.<\/p>\n<p><b><br \/>\nBeendigung des Gewinnspiels<br \/>\n<\/b>Der Veranstalter beh\u00e4lt sich ausdr\u00fccklich vor, das Gewinnspiel ohne vorherige Ank\u00fcndigung und ohne Mitteilung von Gr\u00fcnden zu beenden. Dies gilt insbesondere f\u00fcr jegliche Gr\u00fcnde, die einen planm\u00e4\u00dfigen Ablauf des Gewinnspiels st\u00f6ren oder verhindern w\u00fcrden.<\/p>\n<p><b><br \/>\nDatenschutz<br \/>\n<\/b>F\u00fcr die Teilnahme am Gewinnspiel ist die Angabe von pers\u00f6nlichen Daten notwendig. Der Teilnehmer versichert, dass die von ihm gemachten Angaben zur Person, insbesondere Vor-, Nachname und Emailadresse wahrheitsgem\u00e4\u00df und richtig sind.<\/p>\n<p>Der Veranstalter weist darauf hin, dass s\u00e4mtliche personenbezogenen Daten des Teilnehmers ohne Einverst\u00e4ndnis weder an Dritte weitergegeben noch diesen zur Nutzung \u00fcberlassen werden.<\/p>\n<p>&nbsp;<\/p>\n<p>Im Falle eines Gewinns, erkl\u00e4rt sich der Gewinner mit der Ver\u00f6ffentlichung seines Namens in den vom Veranstalter genutzten Werbemedien einverstanden. Dies schlie\u00dft die Bekanntgabe des Gewinners auf der Webseite des Betreibers und seinen Social Media Plattformen mit ein.<\/p>\n<p>Der Teilnehmer kann seine erkl\u00e4rte Einwilligung jederzeit widerrufen. Der Widerruf ist schriftlich an die im Impressumsbereich \u00a0angegebenen Kontaktdaten des Veranstalters zu richten. Nach Widerruf der Einwilligung werden die erhobenen und gespeicherten personenbezogenen Daten des Teilnehmers umgehend gel\u00f6scht.<\/p>\n<p><b><br \/>\nFacebook Disclaimer<br \/>\n<\/b>Diese Aktion steht in keiner Verbindung zu Facebook und wird in keiner Weise von Facebook gesponsert, unterst\u00fctzt oder organisiert.<\/p>\n<p><b><br \/>\nAnwendbares Recht<br \/>\n<\/b>Fragen oder Beanstandungen im Zusammenhang mit dem Gewinnspiel sind an den Betreiber zu richten. Kontaktm\u00f6glichkeiten finden sich im Impressum.<\/p>\n<p>Das Gewinnspiel des Betreibers unterliegt ausschlie\u00dflich dem Recht der Bundesrepublik Deutschland. Der Rechtsweg ist ausgeschlossen.<\/p>\n<p><b><br \/>\nSalvatorische Klausel<br \/>\n<\/b>Sollte eine Bestimmung dieser Teilnahmebedingungen ganz oder teilweise unwirksam sein oder werden, so wird dadurch die G\u00fcltigkeit dieser Teilnahmebedingungen im \u00dcbrigen nicht ber\u00fchrt. Statt der unwirksamen Bestimmung gilt diejenige gesetzlich zul\u00e4ssige Regelung, die dem in der unwirksamen Bestimmung zum Ausdruck gekommenen Sinn und Zweck wirtschaftlich am n\u00e4chsten kommt. Entsprechendes gilt f\u00fcr den Fall des Vorliegens einer Regelungsl\u00fccke in diesen Teilnahmebedingungen.<\/p>\n<p>Viel Gl\u00fcck und Erfolg w\u00fcnscht das Team von\u00a0Lindenhausen.de<\/p>\n<p>&nbsp;<\/p>\n<p><a href=\"http:\/\/www.lindenhausen.de\/blog\/aktuelles\/gewinnspiele\/\">zum Gewinnspiel<\/a><\/p>\n","protected":false},"excerpt":{"rendered":"<p>Teilnahmebedingungen Die Teilnahme am Gewinnspiel von Lindenhausen.de,\u00a0nachfolgend Betreiber oder Veranstalter genannt, ist kostenlos und richtet sich ausschlie\u00dflich nach diesen Teilnahmebedingungen. Ablauf des Gewinnspiels Die Dauer des Gewinnspiels erstreckt sich vom 13.02.2018 0:01 Uhr bis zum 31.03.2018 23:59 Uhr. Innerhalb dieses Zeitraums erhalten Nutzer online die M\u00f6glichkeit, am Gewinnspiel teilzunehmen. Teilnahme Um am Gewinnspiel teilzunehmen, ist &hellip; <a href=\"http:\/\/www.lindenhausen.de\/blog\/aktuelles\/teinahmebedingungen-fuer-gewinnspiele\/\" class=\"more-link\"><span class=\"screen-reader-text\">Teilnahmebedingungen f\u00fcr unser Gewinnspiel<\/span> weiterlesen <span class=\"meta-nav\">&rarr;<\/span><\/a><\/p>\n","protected":false},"author":1,"featured_media":0,"parent":2641,"menu_order":1,"comment_status":"open","ping_status":"open","template":"","meta":{"_monsterinsights_skip_tracking":false,"_monsterinsights_sitenote_active":false,"_monsterinsights_sitenote_note":"","_monsterinsights_sitenote_category":0},"yoast_head":"<!-- This site is optimized with the Yoast SEO plugin v21.0 - https:\/\/yoast.com\/wordpress\/plugins\/seo\/ -->\n<title>Teilnahmebedingungen f\u00fcr unser Gewinnspiel - Lindenhausen-weil Reisen Spa\u00df macht<\/title>\n<meta name=\"description\" content=\"Gewinnspiel, Gewinnspiele, Lindenhausen-Kreuzfahrtforum, Reiseforum, Costa Kreuzfahrten\" \/>\n<meta name=\"robots\" content=\"index, follow, max-snippet:-1, max-image-preview:large, max-video-preview:-1\" \/>\n<link rel=\"canonical\" href=\"http:\/\/www.lindenhausen.de\/blog\/aktuelles\/teinahmebedingungen-fuer-gewinnspiele\/\" \/>\n<meta property=\"og:locale\" content=\"de_DE\" \/>\n<meta property=\"og:type\" content=\"article\" \/>\n<meta property=\"og:title\" content=\"Teilnahmebedingungen f\u00fcr unser Gewinnspiel - Lindenhausen-weil Reisen Spa\u00df macht\" \/>\n<meta property=\"og:description\" content=\"Gewinnspiel, Gewinnspiele, Lindenhausen-Kreuzfahrtforum, Reiseforum, Costa Kreuzfahrten\" \/>\n<meta property=\"og:url\" content=\"http:\/\/www.lindenhausen.de\/blog\/aktuelles\/teinahmebedingungen-fuer-gewinnspiele\/\" \/>\n<meta property=\"og:site_name\" content=\"Lindenhausen-weil Reisen Spa\u00df macht\" \/>\n<meta property=\"article:publisher\" content=\"http:\/\/www.facebook.com\/Lindenhausen\/\" \/>\n<meta property=\"article:modified_time\" content=\"2018-02-12T18:12:48+00:00\" \/>\n<meta name=\"twitter:card\" content=\"summary_large_image\" \/>\n<meta name=\"twitter:site\" content=\"@Maxilinde\" \/>\n<meta name=\"twitter:label1\" content=\"Gesch\u00e4tzte Lesezeit\" \/>\n\t<meta name=\"twitter:data1\" content=\"4\u00a0Minuten\" \/>\n<script type=\"application\/ld+json\" class=\"yoast-schema-graph\">{\"@context\":\"https:\/\/schema.org\",\"@graph\":[{\"@type\":\"WebPage\",\"@id\":\"http:\/\/www.lindenhausen.de\/blog\/aktuelles\/teinahmebedingungen-fuer-gewinnspiele\/\",\"url\":\"http:\/\/www.lindenhausen.de\/blog\/aktuelles\/teinahmebedingungen-fuer-gewinnspiele\/\",\"name\":\"Teilnahmebedingungen f\u00fcr unser Gewinnspiel - Lindenhausen-weil Reisen Spa\u00df macht\",\"isPartOf\":{\"@id\":\"https:\/\/www.lindenhausen.de\/blog\/#website\"},\"datePublished\":\"2017-08-27T21:00:03+00:00\",\"dateModified\":\"2018-02-12T18:12:48+00:00\",\"description\":\"Gewinnspiel, Gewinnspiele, Lindenhausen-Kreuzfahrtforum, Reiseforum, Costa Kreuzfahrten\",\"breadcrumb\":{\"@id\":\"http:\/\/www.lindenhausen.de\/blog\/aktuelles\/teinahmebedingungen-fuer-gewinnspiele\/#breadcrumb\"},\"inLanguage\":\"de\",\"potentialAction\":[{\"@type\":\"ReadAction\",\"target\":[\"http:\/\/www.lindenhausen.de\/blog\/aktuelles\/teinahmebedingungen-fuer-gewinnspiele\/\"]}]},{\"@type\":\"BreadcrumbList\",\"@id\":\"http:\/\/www.lindenhausen.de\/blog\/aktuelles\/teinahmebedingungen-fuer-gewinnspiele\/#breadcrumb\",\"itemListElement\":[{\"@type\":\"ListItem\",\"position\":1,\"name\":\"Startseite\",\"item\":\"https:\/\/www.lindenhausen.de\/blog\/\"},{\"@type\":\"ListItem\",\"position\":2,\"name\":\"Aktuelles\",\"item\":\"http:\/\/www.lindenhausen.de\/blog\/aktuelles\/\"},{\"@type\":\"ListItem\",\"position\":3,\"name\":\"Teilnahmebedingungen f\u00fcr unser Gewinnspiel\"}]},{\"@type\":\"WebSite\",\"@id\":\"https:\/\/www.lindenhausen.de\/blog\/#website\",\"url\":\"https:\/\/www.lindenhausen.de\/blog\/\",\"name\":\"Lindenhausen-weil Reisen Spa\u00df macht\",\"description\":\"Reisen und Kreuzfahrten, Reiseberichte, Kreuzfahrtforum\",\"potentialAction\":[{\"@type\":\"SearchAction\",\"target\":{\"@type\":\"EntryPoint\",\"urlTemplate\":\"https:\/\/www.lindenhausen.de\/blog\/?s={search_term_string}\"},\"query-input\":\"required name=search_term_string\"}],\"inLanguage\":\"de\"}]}<\/script>\n<!-- \/ Yoast SEO plugin. -->","yoast_head_json":{"title":"Teilnahmebedingungen f\u00fcr unser Gewinnspiel - Lindenhausen-weil Reisen Spa\u00df macht","description":"Gewinnspiel, Gewinnspiele, Lindenhausen-Kreuzfahrtforum, Reiseforum, Costa Kreuzfahrten","robots":{"index":"index","follow":"follow","max-snippet":"max-snippet:-1","max-image-preview":"max-image-preview:large","max-video-preview":"max-video-preview:-1"},"canonical":"http:\/\/www.lindenhausen.de\/blog\/aktuelles\/teinahmebedingungen-fuer-gewinnspiele\/","og_locale":"de_DE","og_type":"article","og_title":"Teilnahmebedingungen f\u00fcr unser Gewinnspiel - Lindenhausen-weil Reisen Spa\u00df macht","og_description":"Gewinnspiel, Gewinnspiele, Lindenhausen-Kreuzfahrtforum, Reiseforum, Costa Kreuzfahrten","og_url":"http:\/\/www.lindenhausen.de\/blog\/aktuelles\/teinahmebedingungen-fuer-gewinnspiele\/","og_site_name":"Lindenhausen-weil Reisen Spa\u00df macht","article_publisher":"http:\/\/www.facebook.com\/Lindenhausen\/","article_modified_time":"2018-02-12T18:12:48+00:00","twitter_card":"summary_large_image","twitter_site":"@Maxilinde","twitter_misc":{"Gesch\u00e4tzte Lesezeit":"4\u00a0Minuten"},"schema":{"@context":"https:\/\/schema.org","@graph":[{"@type":"WebPage","@id":"http:\/\/www.lindenhausen.de\/blog\/aktuelles\/teinahmebedingungen-fuer-gewinnspiele\/","url":"http:\/\/www.lindenhausen.de\/blog\/aktuelles\/teinahmebedingungen-fuer-gewinnspiele\/","name":"Teilnahmebedingungen f\u00fcr unser Gewinnspiel - Lindenhausen-weil Reisen Spa\u00df macht","isPartOf":{"@id":"https:\/\/www.lindenhausen.de\/blog\/#website"},"datePublished":"2017-08-27T21:00:03+00:00","dateModified":"2018-02-12T18:12:48+00:00","description":"Gewinnspiel, Gewinnspiele, Lindenhausen-Kreuzfahrtforum, Reiseforum, Costa Kreuzfahrten","breadcrumb":{"@id":"http:\/\/www.lindenhausen.de\/blog\/aktuelles\/teinahmebedingungen-fuer-gewinnspiele\/#breadcrumb"},"inLanguage":"de","potentialAction":[{"@type":"ReadAction","target":["http:\/\/www.lindenhausen.de\/blog\/aktuelles\/teinahmebedingungen-fuer-gewinnspiele\/"]}]},{"@type":"BreadcrumbList","@id":"http:\/\/www.lindenhausen.de\/blog\/aktuelles\/teinahmebedingungen-fuer-gewinnspiele\/#breadcrumb","itemListElement":[{"@type":"ListItem","position":1,"name":"Startseite","item":"https:\/\/www.lindenhausen.de\/blog\/"},{"@type":"ListItem","position":2,"name":"Aktuelles","item":"http:\/\/www.lindenhausen.de\/blog\/aktuelles\/"},{"@type":"ListItem","position":3,"name":"Teilnahmebedingungen f\u00fcr unser Gewinnspiel"}]},{"@type":"WebSite","@id":"https:\/\/www.lindenhausen.de\/blog\/#website","url":"https:\/\/www.lindenhausen.de\/blog\/","name":"Lindenhausen-weil Reisen Spa\u00df macht","description":"Reisen und Kreuzfahrten, Reiseberichte, Kreuzfahrtforum","potentialAction":[{"@type":"SearchAction","target":{"@type":"EntryPoint","urlTemplate":"https:\/\/www.lindenhausen.de\/blog\/?s={search_term_string}"},"query-input":"required name=search_term_string"}],"inLanguage":"de"}]}},"_links":{"self":[{"href":"http:\/\/www.lindenhausen.de\/blog\/wp-json\/wp\/v2\/pages\/2639"}],"collection":[{"href":"http:\/\/www.lindenhausen.de\/blog\/wp-json\/wp\/v2\/pages"}],"about":[{"href":"http:\/\/www.lindenhausen.de\/blog\/wp-json\/wp\/v2\/types\/page"}],"author":[{"embeddable":true,"href":"http:\/\/www.lindenhausen.de\/blog\/wp-json\/wp\/v2\/users\/1"}],"replies":[{"embeddable":true,"href":"http:\/\/www.lindenhausen.de\/blog\/wp-json\/wp\/v2\/comments?post=2639"}],"version-history":[{"count":5,"href":"http:\/\/www.lindenhausen.de\/blog\/wp-json\/wp\/v2\/pages\/2639\/revisions"}],"predecessor-version":[{"id":3753,"href":"http:\/\/www.lindenhausen.de\/blog\/wp-json\/wp\/v2\/pages\/2639\/revisions\/3753"}],"up":[{"embeddable":true,"href":"http:\/\/www.lindenhausen.de\/blog\/wp-json\/wp\/v2\/pages\/2641"}],"wp:attachment":[{"href":"http:\/\/www.lindenhausen.de\/blog\/wp-json\/wp\/v2\/media?parent=2639"}],"curies":[{"name":"wp","href":"https:\/\/api.w.org\/{rel}","templated":true}]}}