{"id":2633,"date":"2017-08-27T22:01:12","date_gmt":"2017-08-27T20:01:12","guid":{"rendered":"http:\/\/www.lindenhausen.de\/blog\/?page_id=2633"},"modified":"2017-08-27T22:03:28","modified_gmt":"2017-08-27T20:03:28","slug":"warnemuendeabreise-28-07-2017","status":"publish","type":"page","link":"http:\/\/www.lindenhausen.de\/blog\/reiseberichte-costa\/kreuzfahrten-2017\/costa-favolosa-07-2017\/warnemuendeabreise-28-07-2017\/","title":{"rendered":"Warnem\u00fcnde\/Abreise 28.07.2017"},"content":{"rendered":"<p>Wir schliefen bis kurz vor 8, nahmen dann unser Handgep\u00e4ck, verabschiedeten uns von Jerome, der uns wunderbar verw\u00f6hnt und umsorgt hatte in dieser Woche und gingen auf ein letztes Fr\u00fchst\u00fcck ins Clubrestaurant.<br \/>\nDas Wetter meinte es gut und so entschieden wir das Schiff gegen 10:00 Uhr zu verlassen und einen Spaziergang an den Strand zu machen.<br \/>\nWie immer in Warnem\u00fcnde waren die H\u00e4lfte der Schlie\u00dff\u00e4cher kaputt oder belegt und der Gep\u00e4ckraum verschlossen.<br \/>\nAlso bei den Damen am Fahrkartenschalter nachgefragt, die nahmen das Gep\u00e4ck dann gegen eine kleine Geb\u00fchr entgegen.<br \/>\nDas Wetter meinte es gut mit uns und so vertrieben wir uns die Zeit mit einem langen Spaziergang und ein bisschen Shopping.<\/p>\n<p><div id='gallery-1' class='gallery galleryid-2633 gallery-columns-3 gallery-size-medium'><figure class='gallery-item'>\n\t\t\t<div class='gallery-icon portrait'>\n\t\t\t\t<a href='http:\/\/www.lindenhausen.de\/blog\/wp-content\/uploads\/2017\/08\/K800_IMG_0067-e1503863757999.jpg'><img width=\"225\" height=\"300\" src=\"http:\/\/www.lindenhausen.de\/blog\/wp-content\/uploads\/2017\/08\/K800_IMG_0067-e1503863757999-225x300.jpg\" class=\"attachment-medium size-medium\" alt=\"\" decoding=\"async\" loading=\"lazy\" srcset=\"http:\/\/www.lindenhausen.de\/blog\/wp-content\/uploads\/2017\/08\/K800_IMG_0067-e1503863757999-225x300.jpg 225w, http:\/\/www.lindenhausen.de\/blog\/wp-content\/uploads\/2017\/08\/K800_IMG_0067-e1503863757999.jpg 600w\" sizes=\"(max-width: 225px) 100vw, 225px\" \/><\/a>\n\t\t\t<\/div><\/figure><figure class='gallery-item'>\n\t\t\t<div class='gallery-icon landscape'>\n\t\t\t\t<a href='http:\/\/www.lindenhausen.de\/blog\/wp-content\/uploads\/2017\/08\/K800_IMG_0057-e1503863768543.jpg'><img width=\"300\" height=\"225\" src=\"http:\/\/www.lindenhausen.de\/blog\/wp-content\/uploads\/2017\/08\/K800_IMG_0057-e1503863768543-300x225.jpg\" class=\"attachment-medium size-medium\" alt=\"\" decoding=\"async\" loading=\"lazy\" srcset=\"http:\/\/www.lindenhausen.de\/blog\/wp-content\/uploads\/2017\/08\/K800_IMG_0057-e1503863768543-300x225.jpg 300w, http:\/\/www.lindenhausen.de\/blog\/wp-content\/uploads\/2017\/08\/K800_IMG_0057-e1503863768543.jpg 800w\" sizes=\"(max-width: 300px) 100vw, 300px\" \/><\/a>\n\t\t\t<\/div><\/figure><figure class='gallery-item'>\n\t\t\t<div class='gallery-icon portrait'>\n\t\t\t\t<a href='http:\/\/www.lindenhausen.de\/blog\/wp-content\/uploads\/2017\/08\/K800_IMG_0054-e1503863778261.jpg'><img width=\"225\" height=\"300\" src=\"http:\/\/www.lindenhausen.de\/blog\/wp-content\/uploads\/2017\/08\/K800_IMG_0054-e1503863778261-225x300.jpg\" class=\"attachment-medium size-medium\" alt=\"\" decoding=\"async\" loading=\"lazy\" srcset=\"http:\/\/www.lindenhausen.de\/blog\/wp-content\/uploads\/2017\/08\/K800_IMG_0054-e1503863778261-225x300.jpg 225w, http:\/\/www.lindenhausen.de\/blog\/wp-content\/uploads\/2017\/08\/K800_IMG_0054-e1503863778261.jpg 600w\" sizes=\"(max-width: 225px) 100vw, 225px\" \/><\/a>\n\t\t\t<\/div><\/figure><figure class='gallery-item'>\n\t\t\t<div class='gallery-icon landscape'>\n\t\t\t\t<a href='http:\/\/www.lindenhausen.de\/blog\/wp-content\/uploads\/2017\/08\/K800_IMG_0038-e1503863789244.jpg'><img width=\"300\" height=\"225\" src=\"http:\/\/www.lindenhausen.de\/blog\/wp-content\/uploads\/2017\/08\/K800_IMG_0038-e1503863789244-300x225.jpg\" class=\"attachment-medium size-medium\" alt=\"\" decoding=\"async\" loading=\"lazy\" srcset=\"http:\/\/www.lindenhausen.de\/blog\/wp-content\/uploads\/2017\/08\/K800_IMG_0038-e1503863789244-300x225.jpg 300w, http:\/\/www.lindenhausen.de\/blog\/wp-content\/uploads\/2017\/08\/K800_IMG_0038-e1503863789244.jpg 800w\" sizes=\"(max-width: 300px) 100vw, 300px\" \/><\/a>\n\t\t\t<\/div><\/figure><figure class='gallery-item'>\n\t\t\t<div class='gallery-icon portrait'>\n\t\t\t\t<a href='http:\/\/www.lindenhausen.de\/blog\/wp-content\/uploads\/2017\/08\/K800_IMG_0032-e1503863800790.jpg'><img width=\"169\" height=\"300\" src=\"http:\/\/www.lindenhausen.de\/blog\/wp-content\/uploads\/2017\/08\/K800_IMG_0032-e1503863800790-169x300.jpg\" class=\"attachment-medium size-medium\" alt=\"\" decoding=\"async\" loading=\"lazy\" srcset=\"http:\/\/www.lindenhausen.de\/blog\/wp-content\/uploads\/2017\/08\/K800_IMG_0032-e1503863800790-169x300.jpg 169w, http:\/\/www.lindenhausen.de\/blog\/wp-content\/uploads\/2017\/08\/K800_IMG_0032-e1503863800790-576x1024.jpg 576w, http:\/\/www.lindenhausen.de\/blog\/wp-content\/uploads\/2017\/08\/K800_IMG_0032-e1503863800790.jpg 600w\" sizes=\"(max-width: 169px) 100vw, 169px\" \/><\/a>\n\t\t\t<\/div><\/figure><figure class='gallery-item'>\n\t\t\t<div class='gallery-icon portrait'>\n\t\t\t\t<a href='http:\/\/www.lindenhausen.de\/blog\/wp-content\/uploads\/2017\/08\/K800_IMG_0027-e1503863810968.jpg'><img width=\"169\" height=\"300\" src=\"http:\/\/www.lindenhausen.de\/blog\/wp-content\/uploads\/2017\/08\/K800_IMG_0027-e1503863810968-169x300.jpg\" class=\"attachment-medium size-medium\" alt=\"\" decoding=\"async\" loading=\"lazy\" srcset=\"http:\/\/www.lindenhausen.de\/blog\/wp-content\/uploads\/2017\/08\/K800_IMG_0027-e1503863810968-169x300.jpg 169w, http:\/\/www.lindenhausen.de\/blog\/wp-content\/uploads\/2017\/08\/K800_IMG_0027-e1503863810968-576x1024.jpg 576w, http:\/\/www.lindenhausen.de\/blog\/wp-content\/uploads\/2017\/08\/K800_IMG_0027-e1503863810968.jpg 600w\" sizes=\"(max-width: 169px) 100vw, 169px\" \/><\/a>\n\t\t\t<\/div><\/figure>\n\t\t<\/div>\n<br \/>\nZum Mittagessen trafen wir uns im Restaurant \u201eTwee Linden\u201c, das wir von unserem letzten Besuch schon kannten, mit unseren \u201eMitforis\u201c und lie\u00dfen die Reise noch einmal Revue passieren.<\/p>\n<p><a href=\"http:\/\/www.lindenhausen.de\/blog\/wp-content\/uploads\/2017\/08\/K800_IMG_0073.jpg\"><img decoding=\"async\" loading=\"lazy\" class=\"aligncenter size-full wp-image-2495\" src=\"http:\/\/www.lindenhausen.de\/blog\/wp-content\/uploads\/2017\/08\/K800_IMG_0073.jpg\" alt=\"K800_IMG_0073\" width=\"800\" height=\"600\" srcset=\"http:\/\/www.lindenhausen.de\/blog\/wp-content\/uploads\/2017\/08\/K800_IMG_0073.jpg 800w, http:\/\/www.lindenhausen.de\/blog\/wp-content\/uploads\/2017\/08\/K800_IMG_0073-300x225.jpg 300w\" sizes=\"(max-width: 800px) 100vw, 800px\" \/><\/a><br \/>\nDann war es schon Zeit in den Zug zu steigen, der uns nach Leipzig bringen sollte, was auch p\u00fcnktlich passierte.<br \/>\nDort stiegen wir in den ICE nach Ingolstadt um. Nach den Preisen in Norwegen kam uns das Bordrestaurant geradezu preisg\u00fcnstig vor und wir sa\u00dfen bequem und gut versorgt.<\/p>\n<p>&nbsp;<\/p>\n<p><a href=\"http:\/\/www.lindenhausen.de\/blog\/wp-content\/uploads\/2017\/08\/K800_IMG_0099-e1503863979623.jpg\"><img decoding=\"async\" loading=\"lazy\" class=\"aligncenter size-full wp-image-2496\" src=\"http:\/\/www.lindenhausen.de\/blog\/wp-content\/uploads\/2017\/08\/K800_IMG_0099-e1503863979623.jpg\" alt=\"K800_IMG_0099\" width=\"600\" height=\"800\" srcset=\"http:\/\/www.lindenhausen.de\/blog\/wp-content\/uploads\/2017\/08\/K800_IMG_0099-e1503863979623.jpg 600w, http:\/\/www.lindenhausen.de\/blog\/wp-content\/uploads\/2017\/08\/K800_IMG_0099-e1503863979623-225x300.jpg 225w\" sizes=\"(max-width: 600px) 100vw, 600px\" \/><\/a><br \/>\nFazit:<br \/>\nAlles in allem eine sehr sch\u00f6ne Reise. Leider ist die An-und Abreise nach Warnem\u00fcnde von uns aus schwieriger und deutlich teurer als nach Barcelona oder Venedig.<br \/>\nDie Costa Favolosa war in gewohnt gepflegten und sauberen Zustand.<br \/>\nDer Service in den Bars gut, die Unterhaltung eher durchwachsen, teilweise kaum vorhanden.<br \/>\nDas Hauptrestaurant punktet mit einer guten Qualit\u00e4t bei Essen und verliert durch zu wenig Personal, was f\u00fcr Hektik und der damit verbundenen Lautst\u00e4rke sorgt.<br \/>\nIm Clubrestaurant durchweg eine gute Qualit\u00e4t beim Essen wie im Service,<br \/>\nDie Shows haben wir kaum besucht, was ich im vorbei Gehen gesehen habe war wie gewohnt gut.<br \/>\nDie Kabine (Suite 7287) war in einem gepflegten Zustand, wurde vom Steward und Butler gut betreut. So fanden wir immer die Men\u00fckarten zu Mittagessen und Abendessen vor, Handt\u00fccher wurden sofort getauscht, die Minibar war immer aufgef\u00fcllt.<br \/>\nDie Route wundersch\u00f6n, bis auf Kristiansand, aber das ist Geschmackssache.<br \/>\nAllerdings frage ich mich was man hier \u00fcberall bei schlechtem Wetter macht, naja, mir liegt der Norden halt nicht so sehr \ud83d\ude09<br \/>\nEs gab an Bord die M\u00f6glichkeit NOK und DDK zu tauschen.<\/p>\n<p>Kapit\u00e4n: Carmine Madddaloni<br \/>\nZur\u00fcckgelegte Distance 3.266,34 km\/1.763,68 sm<\/p>\n<p><a href=\"http:\/\/www.lindenhausen.de\/blog\/wp-content\/uploads\/2017\/08\/K800_IMG_9303-e1503864053993.jpg\"><img decoding=\"async\" loading=\"lazy\" class=\"aligncenter size-full wp-image-2515\" src=\"http:\/\/www.lindenhausen.de\/blog\/wp-content\/uploads\/2017\/08\/K800_IMG_9303-e1503864053993.jpg\" alt=\"K800_IMG_9303\" width=\"600\" height=\"800\" srcset=\"http:\/\/www.lindenhausen.de\/blog\/wp-content\/uploads\/2017\/08\/K800_IMG_9303-e1503864053993.jpg 600w, http:\/\/www.lindenhausen.de\/blog\/wp-content\/uploads\/2017\/08\/K800_IMG_9303-e1503864053993-225x300.jpg 225w\" sizes=\"(max-width: 600px) 100vw, 600px\" \/><\/a><\/p>\n","protected":false},"excerpt":{"rendered":"<p>Wir schliefen bis kurz vor 8, nahmen dann unser Handgep\u00e4ck, verabschiedeten uns von Jerome, der uns wunderbar verw\u00f6hnt und umsorgt hatte in dieser Woche und gingen auf ein letztes Fr\u00fchst\u00fcck ins Clubrestaurant. Das Wetter meinte es gut und so entschieden wir das Schiff gegen 10:00 Uhr zu verlassen und einen Spaziergang an den Strand zu &hellip; <a href=\"http:\/\/www.lindenhausen.de\/blog\/reiseberichte-costa\/kreuzfahrten-2017\/costa-favolosa-07-2017\/warnemuendeabreise-28-07-2017\/\" class=\"more-link\"><span class=\"screen-reader-text\">Warnem\u00fcnde\/Abreise 28.07.2017<\/span> weiterlesen <span class=\"meta-nav\">&rarr;<\/span><\/a><\/p>\n","protected":false},"author":1,"featured_media":0,"parent":2328,"menu_order":7,"comment_status":"open","ping_status":"open","template":"","meta":{"_monsterinsights_skip_tracking":false,"_monsterinsights_sitenote_active":false,"_monsterinsights_sitenote_note":"","_monsterinsights_sitenote_category":0},"yoast_head":"<!-- This site is optimized with the Yoast SEO plugin v21.0 - https:\/\/yoast.com\/wordpress\/plugins\/seo\/ -->\n<title>Warnem\u00fcnde\/Abreise 28.07.2017 - Lindenhausen-weil Reisen Spa\u00df macht<\/title>\n<meta name=\"robots\" content=\"index, follow, max-snippet:-1, max-image-preview:large, max-video-preview:-1\" \/>\n<link rel=\"canonical\" href=\"http:\/\/www.lindenhausen.de\/blog\/reiseberichte-costa\/kreuzfahrten-2017\/costa-favolosa-07-2017\/warnemuendeabreise-28-07-2017\/\" \/>\n<meta property=\"og:locale\" content=\"de_DE\" \/>\n<meta property=\"og:type\" content=\"article\" \/>\n<meta property=\"og:title\" content=\"Warnem\u00fcnde\/Abreise 28.07.2017 - Lindenhausen-weil Reisen Spa\u00df macht\" \/>\n<meta property=\"og:description\" content=\"Wir schliefen bis kurz vor 8, nahmen dann unser Handgep\u00e4ck, verabschiedeten uns von Jerome, der uns wunderbar verw\u00f6hnt und umsorgt hatte in dieser Woche und gingen auf ein letztes Fr\u00fchst\u00fcck ins Clubrestaurant. Das Wetter meinte es gut und so entschieden wir das Schiff gegen 10:00 Uhr zu verlassen und einen Spaziergang an den Strand zu &hellip; Warnem\u00fcnde\/Abreise 28.07.2017 weiterlesen &rarr;\" \/>\n<meta property=\"og:url\" content=\"http:\/\/www.lindenhausen.de\/blog\/reiseberichte-costa\/kreuzfahrten-2017\/costa-favolosa-07-2017\/warnemuendeabreise-28-07-2017\/\" \/>\n<meta property=\"og:site_name\" content=\"Lindenhausen-weil Reisen Spa\u00df macht\" \/>\n<meta property=\"article:publisher\" content=\"http:\/\/www.facebook.com\/Lindenhausen\/\" \/>\n<meta property=\"article:modified_time\" content=\"2017-08-27T20:03:28+00:00\" \/>\n<meta property=\"og:image\" content=\"http:\/\/www.lindenhausen.de\/blog\/wp-content\/uploads\/2017\/08\/K800_IMG_0067-e1503863757999-225x300.jpg\" \/>\n<meta name=\"twitter:card\" content=\"summary_large_image\" \/>\n<meta name=\"twitter:site\" content=\"@Maxilinde\" \/>\n<meta name=\"twitter:label1\" content=\"Gesch\u00e4tzte Lesezeit\" \/>\n\t<meta name=\"twitter:data1\" content=\"2\u00a0Minuten\" \/>\n<script type=\"application\/ld+json\" class=\"yoast-schema-graph\">{\"@context\":\"https:\/\/schema.org\",\"@graph\":[{\"@type\":\"WebPage\",\"@id\":\"http:\/\/www.lindenhausen.de\/blog\/reiseberichte-costa\/kreuzfahrten-2017\/costa-favolosa-07-2017\/warnemuendeabreise-28-07-2017\/\",\"url\":\"http:\/\/www.lindenhausen.de\/blog\/reiseberichte-costa\/kreuzfahrten-2017\/costa-favolosa-07-2017\/warnemuendeabreise-28-07-2017\/\",\"name\":\"Warnem\u00fcnde\/Abreise 28.07.2017 - Lindenhausen-weil Reisen Spa\u00df macht\",\"isPartOf\":{\"@id\":\"https:\/\/www.lindenhausen.de\/blog\/#website\"},\"datePublished\":\"2017-08-27T20:01:12+00:00\",\"dateModified\":\"2017-08-27T20:03:28+00:00\",\"breadcrumb\":{\"@id\":\"http:\/\/www.lindenhausen.de\/blog\/reiseberichte-costa\/kreuzfahrten-2017\/costa-favolosa-07-2017\/warnemuendeabreise-28-07-2017\/#breadcrumb\"},\"inLanguage\":\"de\",\"potentialAction\":[{\"@type\":\"ReadAction\",\"target\":[\"http:\/\/www.lindenhausen.de\/blog\/reiseberichte-costa\/kreuzfahrten-2017\/costa-favolosa-07-2017\/warnemuendeabreise-28-07-2017\/\"]}]},{\"@type\":\"BreadcrumbList\",\"@id\":\"http:\/\/www.lindenhausen.de\/blog\/reiseberichte-costa\/kreuzfahrten-2017\/costa-favolosa-07-2017\/warnemuendeabreise-28-07-2017\/#breadcrumb\",\"itemListElement\":[{\"@type\":\"ListItem\",\"position\":1,\"name\":\"Startseite\",\"item\":\"https:\/\/www.lindenhausen.de\/blog\/\"},{\"@type\":\"ListItem\",\"position\":2,\"name\":\"Reiseberichte Costa Kreuzfahrten\",\"item\":\"http:\/\/www.lindenhausen.de\/blog\/reiseberichte-costa\/\"},{\"@type\":\"ListItem\",\"position\":3,\"name\":\"Kreuzfahrten 2017\",\"item\":\"https:\/\/www.lindenhausen.de\/blog\/reiseberichte-costa\/kreuzfahrten-2017\/\"},{\"@type\":\"ListItem\",\"position\":4,\"name\":\"Costa Favolosa 07.2017\",\"item\":\"http:\/\/www.lindenhausen.de\/blog\/reiseberichte-costa\/kreuzfahrten-2017\/costa-favolosa-07-2017\/\"},{\"@type\":\"ListItem\",\"position\":5,\"name\":\"Warnem\u00fcnde\/Abreise 28.07.2017\"}]},{\"@type\":\"WebSite\",\"@id\":\"https:\/\/www.lindenhausen.de\/blog\/#website\",\"url\":\"https:\/\/www.lindenhausen.de\/blog\/\",\"name\":\"Lindenhausen-weil Reisen Spa\u00df macht\",\"description\":\"Reisen und Kreuzfahrten, Reiseberichte, Kreuzfahrtforum\",\"potentialAction\":[{\"@type\":\"SearchAction\",\"target\":{\"@type\":\"EntryPoint\",\"urlTemplate\":\"https:\/\/www.lindenhausen.de\/blog\/?s={search_term_string}\"},\"query-input\":\"required name=search_term_string\"}],\"inLanguage\":\"de\"}]}<\/script>\n<!-- \/ Yoast SEO plugin. -->","yoast_head_json":{"title":"Warnem\u00fcnde\/Abreise 28.07.2017 - Lindenhausen-weil Reisen Spa\u00df macht","robots":{"index":"index","follow":"follow","max-snippet":"max-snippet:-1","max-image-preview":"max-image-preview:large","max-video-preview":"max-video-preview:-1"},"canonical":"http:\/\/www.lindenhausen.de\/blog\/reiseberichte-costa\/kreuzfahrten-2017\/costa-favolosa-07-2017\/warnemuendeabreise-28-07-2017\/","og_locale":"de_DE","og_type":"article","og_title":"Warnem\u00fcnde\/Abreise 28.07.2017 - Lindenhausen-weil Reisen Spa\u00df macht","og_description":"Wir schliefen bis kurz vor 8, nahmen dann unser Handgep\u00e4ck, verabschiedeten uns von Jerome, der uns wunderbar verw\u00f6hnt und umsorgt hatte in dieser Woche und gingen auf ein letztes Fr\u00fchst\u00fcck ins Clubrestaurant. Das Wetter meinte es gut und so entschieden wir das Schiff gegen 10:00 Uhr zu verlassen und einen Spaziergang an den Strand zu &hellip; Warnem\u00fcnde\/Abreise 28.07.2017 weiterlesen &rarr;","og_url":"http:\/\/www.lindenhausen.de\/blog\/reiseberichte-costa\/kreuzfahrten-2017\/costa-favolosa-07-2017\/warnemuendeabreise-28-07-2017\/","og_site_name":"Lindenhausen-weil Reisen Spa\u00df macht","article_publisher":"http:\/\/www.facebook.com\/Lindenhausen\/","article_modified_time":"2017-08-27T20:03:28+00:00","og_image":[{"url":"http:\/\/www.lindenhausen.de\/blog\/wp-content\/uploads\/2017\/08\/K800_IMG_0067-e1503863757999-225x300.jpg"}],"twitter_card":"summary_large_image","twitter_site":"@Maxilinde","twitter_misc":{"Gesch\u00e4tzte Lesezeit":"2\u00a0Minuten"},"schema":{"@context":"https:\/\/schema.org","@graph":[{"@type":"WebPage","@id":"http:\/\/www.lindenhausen.de\/blog\/reiseberichte-costa\/kreuzfahrten-2017\/costa-favolosa-07-2017\/warnemuendeabreise-28-07-2017\/","url":"http:\/\/www.lindenhausen.de\/blog\/reiseberichte-costa\/kreuzfahrten-2017\/costa-favolosa-07-2017\/warnemuendeabreise-28-07-2017\/","name":"Warnem\u00fcnde\/Abreise 28.07.2017 - Lindenhausen-weil Reisen Spa\u00df macht","isPartOf":{"@id":"https:\/\/www.lindenhausen.de\/blog\/#website"},"datePublished":"2017-08-27T20:01:12+00:00","dateModified":"2017-08-27T20:03:28+00:00","breadcrumb":{"@id":"http:\/\/www.lindenhausen.de\/blog\/reiseberichte-costa\/kreuzfahrten-2017\/costa-favolosa-07-2017\/warnemuendeabreise-28-07-2017\/#breadcrumb"},"inLanguage":"de","potentialAction":[{"@type":"ReadAction","target":["http:\/\/www.lindenhausen.de\/blog\/reiseberichte-costa\/kreuzfahrten-2017\/costa-favolosa-07-2017\/warnemuendeabreise-28-07-2017\/"]}]},{"@type":"BreadcrumbList","@id":"http:\/\/www.lindenhausen.de\/blog\/reiseberichte-costa\/kreuzfahrten-2017\/costa-favolosa-07-2017\/warnemuendeabreise-28-07-2017\/#breadcrumb","itemListElement":[{"@type":"ListItem","position":1,"name":"Startseite","item":"https:\/\/www.lindenhausen.de\/blog\/"},{"@type":"ListItem","position":2,"name":"Reiseberichte Costa Kreuzfahrten","item":"http:\/\/www.lindenhausen.de\/blog\/reiseberichte-costa\/"},{"@type":"ListItem","position":3,"name":"Kreuzfahrten 2017","item":"https:\/\/www.lindenhausen.de\/blog\/reiseberichte-costa\/kreuzfahrten-2017\/"},{"@type":"ListItem","position":4,"name":"Costa Favolosa 07.2017","item":"http:\/\/www.lindenhausen.de\/blog\/reiseberichte-costa\/kreuzfahrten-2017\/costa-favolosa-07-2017\/"},{"@type":"ListItem","position":5,"name":"Warnem\u00fcnde\/Abreise 28.07.2017"}]},{"@type":"WebSite","@id":"https:\/\/www.lindenhausen.de\/blog\/#website","url":"https:\/\/www.lindenhausen.de\/blog\/","name":"Lindenhausen-weil Reisen Spa\u00df macht","description":"Reisen und Kreuzfahrten, Reiseberichte, Kreuzfahrtforum","potentialAction":[{"@type":"SearchAction","target":{"@type":"EntryPoint","urlTemplate":"https:\/\/www.lindenhausen.de\/blog\/?s={search_term_string}"},"query-input":"required name=search_term_string"}],"inLanguage":"de"}]}},"_links":{"self":[{"href":"http:\/\/www.lindenhausen.de\/blog\/wp-json\/wp\/v2\/pages\/2633"}],"collection":[{"href":"http:\/\/www.lindenhausen.de\/blog\/wp-json\/wp\/v2\/pages"}],"about":[{"href":"http:\/\/www.lindenhausen.de\/blog\/wp-json\/wp\/v2\/types\/page"}],"author":[{"embeddable":true,"href":"http:\/\/www.lindenhausen.de\/blog\/wp-json\/wp\/v2\/users\/1"}],"replies":[{"embeddable":true,"href":"http:\/\/www.lindenhausen.de\/blog\/wp-json\/wp\/v2\/comments?post=2633"}],"version-history":[{"count":1,"href":"http:\/\/www.lindenhausen.de\/blog\/wp-json\/wp\/v2\/pages\/2633\/revisions"}],"predecessor-version":[{"id":2634,"href":"http:\/\/www.lindenhausen.de\/blog\/wp-json\/wp\/v2\/pages\/2633\/revisions\/2634"}],"up":[{"embeddable":true,"href":"http:\/\/www.lindenhausen.de\/blog\/wp-json\/wp\/v2\/pages\/2328"}],"wp:attachment":[{"href":"http:\/\/www.lindenhausen.de\/blog\/wp-json\/wp\/v2\/media?parent=2633"}],"curies":[{"name":"wp","href":"https:\/\/api.w.org\/{rel}","templated":true}]}}