{"id":2630,"date":"2017-08-27T21:48:00","date_gmt":"2017-08-27T19:48:00","guid":{"rendered":"http:\/\/www.lindenhausen.de\/blog\/?page_id=2630"},"modified":"2017-08-27T22:04:49","modified_gmt":"2017-08-27T20:04:49","slug":"aarhus-27-07-2017","status":"publish","type":"page","link":"http:\/\/www.lindenhausen.de\/blog\/reiseberichte-costa\/kreuzfahrten-2017\/costa-favolosa-07-2017\/aarhus-27-07-2017\/","title":{"rendered":"Aarhus 27.07.2017"},"content":{"rendered":"<p>&nbsp;<\/p>\n<p>7:10 begr\u00fc\u00dfte uns der kleine Leuchtturm kurz vor Aarhus.<\/p>\n<p>Das Wetter sah nicht gut aus aber wir wollten dennoch ein bisschen die Stadt erkunden.<\/p>\n<p>Sch\u00f6n ist die Stadtkirche und die Stroget, eine Empfehlung f\u00fcr uns das n\u00e4chste Mal das Freilichtmuseum. <a href=\"http:\/\/www.visitaarhus.de\/de\/den-gamle-die-alte-stadt-gdk631880\">http:\/\/www.visitaarhus.de\/de\/den-gamle-die-alte-stadt-gdk631880<\/a><\/p>\n<p>Witziger Weise finde ich hier in einer Weinhandlung einen Luberon, allerdings kostet er auch das doppelte als im Internet. In Marseille war ich ewig auf der Suche\u2026\u2026<\/p>\n<div id='gallery-1' class='gallery galleryid-2630 gallery-columns-3 gallery-size-thumbnail'><figure class='gallery-item'>\n\t\t\t<div class='gallery-icon portrait'>\n\t\t\t\t<a href='http:\/\/www.lindenhausen.de\/blog\/reiseberichte-costa\/kreuzfahrten-2017\/costa-favolosa-07-2017\/k800_img_9903\/'><img width=\"150\" height=\"150\" src=\"http:\/\/www.lindenhausen.de\/blog\/wp-content\/uploads\/2017\/08\/K800_IMG_9903-e1503863086519-150x150.jpg\" class=\"attachment-thumbnail size-thumbnail\" alt=\"\" decoding=\"async\" loading=\"lazy\" \/><\/a>\n\t\t\t<\/div><\/figure><figure class='gallery-item'>\n\t\t\t<div class='gallery-icon landscape'>\n\t\t\t\t<a href='http:\/\/www.lindenhausen.de\/blog\/reiseberichte-costa\/kreuzfahrten-2017\/costa-favolosa-07-2017\/k800_img_9905\/'><img width=\"150\" height=\"150\" src=\"http:\/\/www.lindenhausen.de\/blog\/wp-content\/uploads\/2017\/08\/K800_IMG_9905-e1503863095182-150x150.jpg\" class=\"attachment-thumbnail size-thumbnail\" alt=\"\" decoding=\"async\" loading=\"lazy\" \/><\/a>\n\t\t\t<\/div><\/figure><figure class='gallery-item'>\n\t\t\t<div class='gallery-icon portrait'>\n\t\t\t\t<a href='http:\/\/www.lindenhausen.de\/blog\/reiseberichte-costa\/kreuzfahrten-2017\/costa-favolosa-07-2017\/k800_img_9910\/'><img width=\"150\" height=\"150\" src=\"http:\/\/www.lindenhausen.de\/blog\/wp-content\/uploads\/2017\/08\/K800_IMG_9910-e1503863107330-150x150.jpg\" class=\"attachment-thumbnail size-thumbnail\" alt=\"\" decoding=\"async\" loading=\"lazy\" \/><\/a>\n\t\t\t<\/div><\/figure><figure class='gallery-item'>\n\t\t\t<div class='gallery-icon portrait'>\n\t\t\t\t<a href='http:\/\/www.lindenhausen.de\/blog\/reiseberichte-costa\/kreuzfahrten-2017\/costa-favolosa-07-2017\/k800_img_9913\/'><img width=\"150\" height=\"150\" src=\"http:\/\/www.lindenhausen.de\/blog\/wp-content\/uploads\/2017\/08\/K800_IMG_9913-e1503863117973-150x150.jpg\" class=\"attachment-thumbnail size-thumbnail\" alt=\"\" decoding=\"async\" loading=\"lazy\" \/><\/a>\n\t\t\t<\/div><\/figure><figure class='gallery-item'>\n\t\t\t<div class='gallery-icon portrait'>\n\t\t\t\t<a href='http:\/\/www.lindenhausen.de\/blog\/reiseberichte-costa\/kreuzfahrten-2017\/costa-favolosa-07-2017\/k800_img_9915\/'><img width=\"150\" height=\"150\" src=\"http:\/\/www.lindenhausen.de\/blog\/wp-content\/uploads\/2017\/08\/K800_IMG_9915-e1503863126949-150x150.jpg\" class=\"attachment-thumbnail size-thumbnail\" alt=\"\" decoding=\"async\" loading=\"lazy\" \/><\/a>\n\t\t\t<\/div><\/figure><figure class='gallery-item'>\n\t\t\t<div class='gallery-icon portrait'>\n\t\t\t\t<a href='http:\/\/www.lindenhausen.de\/blog\/reiseberichte-costa\/kreuzfahrten-2017\/costa-favolosa-07-2017\/k800_img_9917\/'><img width=\"150\" height=\"150\" src=\"http:\/\/www.lindenhausen.de\/blog\/wp-content\/uploads\/2017\/08\/K800_IMG_9917-e1503863144165-150x150.jpg\" class=\"attachment-thumbnail size-thumbnail\" alt=\"\" decoding=\"async\" loading=\"lazy\" \/><\/a>\n\t\t\t<\/div><\/figure><figure class='gallery-item'>\n\t\t\t<div class='gallery-icon portrait'>\n\t\t\t\t<a href='http:\/\/www.lindenhausen.de\/blog\/reiseberichte-costa\/kreuzfahrten-2017\/costa-favolosa-07-2017\/k800_img_9930\/'><img width=\"150\" height=\"150\" src=\"http:\/\/www.lindenhausen.de\/blog\/wp-content\/uploads\/2017\/08\/K800_IMG_9930-e1503863070907-150x150.jpg\" class=\"attachment-thumbnail size-thumbnail\" alt=\"\" decoding=\"async\" loading=\"lazy\" \/><\/a>\n\t\t\t<\/div><\/figure><figure class='gallery-item'>\n\t\t\t<div class='gallery-icon portrait'>\n\t\t\t\t<a href='http:\/\/www.lindenhausen.de\/blog\/reiseberichte-costa\/kreuzfahrten-2017\/costa-favolosa-07-2017\/k800_img_9921\/'><img width=\"150\" height=\"150\" src=\"http:\/\/www.lindenhausen.de\/blog\/wp-content\/uploads\/2017\/08\/K800_IMG_9921-e1503863057814-150x150.jpg\" class=\"attachment-thumbnail size-thumbnail\" alt=\"\" decoding=\"async\" loading=\"lazy\" \/><\/a>\n\t\t\t<\/div><\/figure><figure class='gallery-item'>\n\t\t\t<div class='gallery-icon portrait'>\n\t\t\t\t<a href='http:\/\/www.lindenhausen.de\/blog\/reiseberichte-costa\/kreuzfahrten-2017\/costa-favolosa-07-2017\/k800_img_9935\/'><img width=\"150\" height=\"150\" src=\"http:\/\/www.lindenhausen.de\/blog\/wp-content\/uploads\/2017\/08\/K800_IMG_9935-e1503863041908-150x150.jpg\" class=\"attachment-thumbnail size-thumbnail\" alt=\"\" decoding=\"async\" loading=\"lazy\" \/><\/a>\n\t\t\t<\/div><\/figure><figure class='gallery-item'>\n\t\t\t<div class='gallery-icon portrait'>\n\t\t\t\t<a href='http:\/\/www.lindenhausen.de\/blog\/reiseberichte-costa\/kreuzfahrten-2017\/costa-favolosa-07-2017\/k800_img_9934\/'><img width=\"150\" height=\"150\" src=\"http:\/\/www.lindenhausen.de\/blog\/wp-content\/uploads\/2017\/08\/K800_IMG_9934-e1503863031378-150x150.jpg\" class=\"attachment-thumbnail size-thumbnail\" alt=\"\" decoding=\"async\" loading=\"lazy\" \/><\/a>\n\t\t\t<\/div><\/figure>\n\t\t<\/div>\n\n<p>Als es zu regnen begann schauten wir schnell zum Schiff zur\u00fcck zu kommen-die Regenschirme standen nat\u00fcrlich in der Kabine<\/p>\n<p>Am Schiff zur\u00fcck beobachteten wir die Rettungs\u00fcbung der Besatzung mit zu Wasser gelassenen Rettungsbooten.<a href=\"http:\/\/www.lindenhausen.de\/blog\/wp-content\/uploads\/2017\/08\/K800_IMG_9953.jpg\"><img decoding=\"async\" loading=\"lazy\" class=\"aligncenter size-medium wp-image-2556\" src=\"http:\/\/www.lindenhausen.de\/blog\/wp-content\/uploads\/2017\/08\/K800_IMG_9953-300x225.jpg\" alt=\"K800_IMG_9953\" width=\"300\" height=\"225\" srcset=\"http:\/\/www.lindenhausen.de\/blog\/wp-content\/uploads\/2017\/08\/K800_IMG_9953-300x225.jpg 300w, http:\/\/www.lindenhausen.de\/blog\/wp-content\/uploads\/2017\/08\/K800_IMG_9953.jpg 800w\" sizes=\"(max-width: 300px) 100vw, 300px\" \/><\/a><\/p>\n<p>Nach dem Mittagessen entschieden wir dem schlechten Wetter zu entfliehen und machten von unserem Spa Gutschein Gebrauch.<\/p>\n<p>Gut temperierter Whirlpool, mehrere Saunen und ein sch\u00f6ner Ruhebereich, es war ein erholsamer Nachmittag.<\/p>\n<div id='gallery-2' class='gallery galleryid-2630 gallery-columns-3 gallery-size-medium'><figure class='gallery-item'>\n\t\t\t<div class='gallery-icon portrait'>\n\t\t\t\t<a href='http:\/\/www.lindenhausen.de\/blog\/wp-content\/uploads\/2017\/08\/K800_IMG_9978-e1503863219815.jpg'><img width=\"225\" height=\"300\" src=\"http:\/\/www.lindenhausen.de\/blog\/wp-content\/uploads\/2017\/08\/K800_IMG_9978-e1503863219815-225x300.jpg\" class=\"attachment-medium size-medium\" alt=\"\" decoding=\"async\" loading=\"lazy\" srcset=\"http:\/\/www.lindenhausen.de\/blog\/wp-content\/uploads\/2017\/08\/K800_IMG_9978-e1503863219815-225x300.jpg 225w, http:\/\/www.lindenhausen.de\/blog\/wp-content\/uploads\/2017\/08\/K800_IMG_9978-e1503863219815.jpg 600w\" sizes=\"(max-width: 225px) 100vw, 225px\" \/><\/a>\n\t\t\t<\/div><\/figure><figure class='gallery-item'>\n\t\t\t<div class='gallery-icon portrait'>\n\t\t\t\t<a href='http:\/\/www.lindenhausen.de\/blog\/wp-content\/uploads\/2017\/08\/K800_IMG_9976-e1503863242944.jpg'><img width=\"225\" height=\"300\" src=\"http:\/\/www.lindenhausen.de\/blog\/wp-content\/uploads\/2017\/08\/K800_IMG_9976-e1503863242944-225x300.jpg\" class=\"attachment-medium size-medium\" alt=\"\" decoding=\"async\" loading=\"lazy\" srcset=\"http:\/\/www.lindenhausen.de\/blog\/wp-content\/uploads\/2017\/08\/K800_IMG_9976-e1503863242944-225x300.jpg 225w, http:\/\/www.lindenhausen.de\/blog\/wp-content\/uploads\/2017\/08\/K800_IMG_9976-e1503863242944.jpg 600w\" sizes=\"(max-width: 225px) 100vw, 225px\" \/><\/a>\n\t\t\t<\/div><\/figure><figure class='gallery-item'>\n\t\t\t<div class='gallery-icon portrait'>\n\t\t\t\t<a href='http:\/\/www.lindenhausen.de\/blog\/wp-content\/uploads\/2017\/08\/K800_IMG_9973-e1503863252474.jpg'><img width=\"225\" height=\"300\" src=\"http:\/\/www.lindenhausen.de\/blog\/wp-content\/uploads\/2017\/08\/K800_IMG_9973-e1503863252474-225x300.jpg\" class=\"attachment-medium size-medium\" alt=\"\" decoding=\"async\" loading=\"lazy\" srcset=\"http:\/\/www.lindenhausen.de\/blog\/wp-content\/uploads\/2017\/08\/K800_IMG_9973-e1503863252474-225x300.jpg 225w, http:\/\/www.lindenhausen.de\/blog\/wp-content\/uploads\/2017\/08\/K800_IMG_9973-e1503863252474.jpg 600w\" sizes=\"(max-width: 225px) 100vw, 225px\" \/><\/a>\n\t\t\t<\/div><\/figure><figure class='gallery-item'>\n\t\t\t<div class='gallery-icon portrait'>\n\t\t\t\t<a href='http:\/\/www.lindenhausen.de\/blog\/wp-content\/uploads\/2017\/08\/K800_IMG_9975-e1503863261153.jpg'><img width=\"225\" height=\"300\" src=\"http:\/\/www.lindenhausen.de\/blog\/wp-content\/uploads\/2017\/08\/K800_IMG_9975-e1503863261153-225x300.jpg\" class=\"attachment-medium size-medium\" alt=\"\" decoding=\"async\" loading=\"lazy\" srcset=\"http:\/\/www.lindenhausen.de\/blog\/wp-content\/uploads\/2017\/08\/K800_IMG_9975-e1503863261153-225x300.jpg 225w, http:\/\/www.lindenhausen.de\/blog\/wp-content\/uploads\/2017\/08\/K800_IMG_9975-e1503863261153.jpg 600w\" sizes=\"(max-width: 225px) 100vw, 225px\" \/><\/a>\n\t\t\t<\/div><\/figure><figure class='gallery-item'>\n\t\t\t<div class='gallery-icon landscape'>\n\t\t\t\t<a href='http:\/\/www.lindenhausen.de\/blog\/wp-content\/uploads\/2017\/08\/K800_IMG_9964-e1503862523457.jpg'><img width=\"300\" height=\"225\" src=\"http:\/\/www.lindenhausen.de\/blog\/wp-content\/uploads\/2017\/08\/K800_IMG_9964-e1503862523457-300x225.jpg\" class=\"attachment-medium size-medium\" alt=\"\" decoding=\"async\" loading=\"lazy\" srcset=\"http:\/\/www.lindenhausen.de\/blog\/wp-content\/uploads\/2017\/08\/K800_IMG_9964-e1503862523457-300x225.jpg 300w, http:\/\/www.lindenhausen.de\/blog\/wp-content\/uploads\/2017\/08\/K800_IMG_9964-e1503862523457.jpg 800w\" sizes=\"(max-width: 300px) 100vw, 300px\" \/><\/a>\n\t\t\t<\/div><\/figure>\n\t\t<\/div>\n\n<p>Dann begannen wir Koffer zu packen, der letzte Abend brach an.<\/p>\n<p>Wir genossen die Ausfahrt am Heck an der Bar und trotzten der K\u00e4lte.<\/p>\n<p>Abendessen im Clubrestaurant und danach noch ein Glas Wein in der Wein Bar. Zum Tanzen waren wir diesmal nicht viel unterwegs, das Musikangebot war nicht so wie gewohnt.<\/p>\n<p>Wir stellten die Koffer vor die T\u00fcr und schliefen Warnem\u00fcnde entgegen.<\/p>\n<p>&nbsp;<\/p>\n<p><a title=\"Warnem\u00fcnde\/Abreise 28.07.2017\" href=\"http:\/\/www.lindenhausen.de\/blog\/reiseberichte-costa\/kreuzfahrten-2017\/costa-favolosa-07-2017\/warnemuendeabreise-28-07-2017\/\">Hier geht es weiter<\/a><\/p>\n","protected":false},"excerpt":{"rendered":"<p>&nbsp; 7:10 begr\u00fc\u00dfte uns der kleine Leuchtturm kurz vor Aarhus. Das Wetter sah nicht gut aus aber wir wollten dennoch ein bisschen die Stadt erkunden. Sch\u00f6n ist die Stadtkirche und die Stroget, eine Empfehlung f\u00fcr uns das n\u00e4chste Mal das Freilichtmuseum. http:\/\/www.visitaarhus.de\/de\/den-gamle-die-alte-stadt-gdk631880 Witziger Weise finde ich hier in einer Weinhandlung einen Luberon, allerdings kostet er &hellip; <a href=\"http:\/\/www.lindenhausen.de\/blog\/reiseberichte-costa\/kreuzfahrten-2017\/costa-favolosa-07-2017\/aarhus-27-07-2017\/\" class=\"more-link\"><span class=\"screen-reader-text\">Aarhus 27.07.2017<\/span> weiterlesen <span class=\"meta-nav\">&rarr;<\/span><\/a><\/p>\n","protected":false},"author":1,"featured_media":0,"parent":2328,"menu_order":6,"comment_status":"open","ping_status":"open","template":"","meta":{"_monsterinsights_skip_tracking":false,"_monsterinsights_sitenote_active":false,"_monsterinsights_sitenote_note":"","_monsterinsights_sitenote_category":0},"yoast_head":"<!-- This site is optimized with the Yoast SEO plugin v21.0 - https:\/\/yoast.com\/wordpress\/plugins\/seo\/ -->\n<title>Aarhus 27.07.2017 - Lindenhausen-weil Reisen Spa\u00df macht<\/title>\n<meta name=\"robots\" content=\"index, follow, max-snippet:-1, max-image-preview:large, max-video-preview:-1\" \/>\n<link rel=\"canonical\" href=\"http:\/\/www.lindenhausen.de\/blog\/reiseberichte-costa\/kreuzfahrten-2017\/costa-favolosa-07-2017\/aarhus-27-07-2017\/\" \/>\n<meta property=\"og:locale\" content=\"de_DE\" \/>\n<meta property=\"og:type\" content=\"article\" \/>\n<meta property=\"og:title\" content=\"Aarhus 27.07.2017 - Lindenhausen-weil Reisen Spa\u00df macht\" \/>\n<meta property=\"og:description\" content=\"&nbsp; 7:10 begr\u00fc\u00dfte uns der kleine Leuchtturm kurz vor Aarhus. Das Wetter sah nicht gut aus aber wir wollten dennoch ein bisschen die Stadt erkunden. Sch\u00f6n ist die Stadtkirche und die Stroget, eine Empfehlung f\u00fcr uns das n\u00e4chste Mal das Freilichtmuseum. http:\/\/www.visitaarhus.de\/de\/den-gamle-die-alte-stadt-gdk631880 Witziger Weise finde ich hier in einer Weinhandlung einen Luberon, allerdings kostet er &hellip; Aarhus 27.07.2017 weiterlesen &rarr;\" \/>\n<meta property=\"og:url\" content=\"http:\/\/www.lindenhausen.de\/blog\/reiseberichte-costa\/kreuzfahrten-2017\/costa-favolosa-07-2017\/aarhus-27-07-2017\/\" \/>\n<meta property=\"og:site_name\" content=\"Lindenhausen-weil Reisen Spa\u00df macht\" \/>\n<meta property=\"article:publisher\" content=\"http:\/\/www.facebook.com\/Lindenhausen\/\" \/>\n<meta property=\"article:modified_time\" content=\"2017-08-27T20:04:49+00:00\" \/>\n<meta property=\"og:image\" content=\"http:\/\/www.lindenhausen.de\/blog\/wp-content\/uploads\/2017\/08\/K800_IMG_9903-e1503863086519-150x150.jpg\" \/>\n<meta name=\"twitter:card\" content=\"summary_large_image\" \/>\n<meta name=\"twitter:site\" content=\"@Maxilinde\" \/>\n<meta name=\"twitter:label1\" content=\"Gesch\u00e4tzte Lesezeit\" \/>\n\t<meta name=\"twitter:data1\" content=\"1\u00a0Minute\" \/>\n<script type=\"application\/ld+json\" class=\"yoast-schema-graph\">{\"@context\":\"https:\/\/schema.org\",\"@graph\":[{\"@type\":\"WebPage\",\"@id\":\"http:\/\/www.lindenhausen.de\/blog\/reiseberichte-costa\/kreuzfahrten-2017\/costa-favolosa-07-2017\/aarhus-27-07-2017\/\",\"url\":\"http:\/\/www.lindenhausen.de\/blog\/reiseberichte-costa\/kreuzfahrten-2017\/costa-favolosa-07-2017\/aarhus-27-07-2017\/\",\"name\":\"Aarhus 27.07.2017 - Lindenhausen-weil Reisen Spa\u00df macht\",\"isPartOf\":{\"@id\":\"https:\/\/www.lindenhausen.de\/blog\/#website\"},\"datePublished\":\"2017-08-27T19:48:00+00:00\",\"dateModified\":\"2017-08-27T20:04:49+00:00\",\"breadcrumb\":{\"@id\":\"http:\/\/www.lindenhausen.de\/blog\/reiseberichte-costa\/kreuzfahrten-2017\/costa-favolosa-07-2017\/aarhus-27-07-2017\/#breadcrumb\"},\"inLanguage\":\"de\",\"potentialAction\":[{\"@type\":\"ReadAction\",\"target\":[\"http:\/\/www.lindenhausen.de\/blog\/reiseberichte-costa\/kreuzfahrten-2017\/costa-favolosa-07-2017\/aarhus-27-07-2017\/\"]}]},{\"@type\":\"BreadcrumbList\",\"@id\":\"http:\/\/www.lindenhausen.de\/blog\/reiseberichte-costa\/kreuzfahrten-2017\/costa-favolosa-07-2017\/aarhus-27-07-2017\/#breadcrumb\",\"itemListElement\":[{\"@type\":\"ListItem\",\"position\":1,\"name\":\"Startseite\",\"item\":\"https:\/\/www.lindenhausen.de\/blog\/\"},{\"@type\":\"ListItem\",\"position\":2,\"name\":\"Reiseberichte Costa Kreuzfahrten\",\"item\":\"http:\/\/www.lindenhausen.de\/blog\/reiseberichte-costa\/\"},{\"@type\":\"ListItem\",\"position\":3,\"name\":\"Kreuzfahrten 2017\",\"item\":\"https:\/\/www.lindenhausen.de\/blog\/reiseberichte-costa\/kreuzfahrten-2017\/\"},{\"@type\":\"ListItem\",\"position\":4,\"name\":\"Costa Favolosa 07.2017\",\"item\":\"http:\/\/www.lindenhausen.de\/blog\/reiseberichte-costa\/kreuzfahrten-2017\/costa-favolosa-07-2017\/\"},{\"@type\":\"ListItem\",\"position\":5,\"name\":\"Aarhus 27.07.2017\"}]},{\"@type\":\"WebSite\",\"@id\":\"https:\/\/www.lindenhausen.de\/blog\/#website\",\"url\":\"https:\/\/www.lindenhausen.de\/blog\/\",\"name\":\"Lindenhausen-weil Reisen Spa\u00df macht\",\"description\":\"Reisen und Kreuzfahrten, Reiseberichte, Kreuzfahrtforum\",\"potentialAction\":[{\"@type\":\"SearchAction\",\"target\":{\"@type\":\"EntryPoint\",\"urlTemplate\":\"https:\/\/www.lindenhausen.de\/blog\/?s={search_term_string}\"},\"query-input\":\"required name=search_term_string\"}],\"inLanguage\":\"de\"}]}<\/script>\n<!-- \/ Yoast SEO plugin. -->","yoast_head_json":{"title":"Aarhus 27.07.2017 - Lindenhausen-weil Reisen Spa\u00df macht","robots":{"index":"index","follow":"follow","max-snippet":"max-snippet:-1","max-image-preview":"max-image-preview:large","max-video-preview":"max-video-preview:-1"},"canonical":"http:\/\/www.lindenhausen.de\/blog\/reiseberichte-costa\/kreuzfahrten-2017\/costa-favolosa-07-2017\/aarhus-27-07-2017\/","og_locale":"de_DE","og_type":"article","og_title":"Aarhus 27.07.2017 - Lindenhausen-weil Reisen Spa\u00df macht","og_description":"&nbsp; 7:10 begr\u00fc\u00dfte uns der kleine Leuchtturm kurz vor Aarhus. Das Wetter sah nicht gut aus aber wir wollten dennoch ein bisschen die Stadt erkunden. Sch\u00f6n ist die Stadtkirche und die Stroget, eine Empfehlung f\u00fcr uns das n\u00e4chste Mal das Freilichtmuseum. http:\/\/www.visitaarhus.de\/de\/den-gamle-die-alte-stadt-gdk631880 Witziger Weise finde ich hier in einer Weinhandlung einen Luberon, allerdings kostet er &hellip; Aarhus 27.07.2017 weiterlesen &rarr;","og_url":"http:\/\/www.lindenhausen.de\/blog\/reiseberichte-costa\/kreuzfahrten-2017\/costa-favolosa-07-2017\/aarhus-27-07-2017\/","og_site_name":"Lindenhausen-weil Reisen Spa\u00df macht","article_publisher":"http:\/\/www.facebook.com\/Lindenhausen\/","article_modified_time":"2017-08-27T20:04:49+00:00","og_image":[{"url":"http:\/\/www.lindenhausen.de\/blog\/wp-content\/uploads\/2017\/08\/K800_IMG_9903-e1503863086519-150x150.jpg"}],"twitter_card":"summary_large_image","twitter_site":"@Maxilinde","twitter_misc":{"Gesch\u00e4tzte Lesezeit":"1\u00a0Minute"},"schema":{"@context":"https:\/\/schema.org","@graph":[{"@type":"WebPage","@id":"http:\/\/www.lindenhausen.de\/blog\/reiseberichte-costa\/kreuzfahrten-2017\/costa-favolosa-07-2017\/aarhus-27-07-2017\/","url":"http:\/\/www.lindenhausen.de\/blog\/reiseberichte-costa\/kreuzfahrten-2017\/costa-favolosa-07-2017\/aarhus-27-07-2017\/","name":"Aarhus 27.07.2017 - Lindenhausen-weil Reisen Spa\u00df macht","isPartOf":{"@id":"https:\/\/www.lindenhausen.de\/blog\/#website"},"datePublished":"2017-08-27T19:48:00+00:00","dateModified":"2017-08-27T20:04:49+00:00","breadcrumb":{"@id":"http:\/\/www.lindenhausen.de\/blog\/reiseberichte-costa\/kreuzfahrten-2017\/costa-favolosa-07-2017\/aarhus-27-07-2017\/#breadcrumb"},"inLanguage":"de","potentialAction":[{"@type":"ReadAction","target":["http:\/\/www.lindenhausen.de\/blog\/reiseberichte-costa\/kreuzfahrten-2017\/costa-favolosa-07-2017\/aarhus-27-07-2017\/"]}]},{"@type":"BreadcrumbList","@id":"http:\/\/www.lindenhausen.de\/blog\/reiseberichte-costa\/kreuzfahrten-2017\/costa-favolosa-07-2017\/aarhus-27-07-2017\/#breadcrumb","itemListElement":[{"@type":"ListItem","position":1,"name":"Startseite","item":"https:\/\/www.lindenhausen.de\/blog\/"},{"@type":"ListItem","position":2,"name":"Reiseberichte Costa Kreuzfahrten","item":"http:\/\/www.lindenhausen.de\/blog\/reiseberichte-costa\/"},{"@type":"ListItem","position":3,"name":"Kreuzfahrten 2017","item":"https:\/\/www.lindenhausen.de\/blog\/reiseberichte-costa\/kreuzfahrten-2017\/"},{"@type":"ListItem","position":4,"name":"Costa Favolosa 07.2017","item":"http:\/\/www.lindenhausen.de\/blog\/reiseberichte-costa\/kreuzfahrten-2017\/costa-favolosa-07-2017\/"},{"@type":"ListItem","position":5,"name":"Aarhus 27.07.2017"}]},{"@type":"WebSite","@id":"https:\/\/www.lindenhausen.de\/blog\/#website","url":"https:\/\/www.lindenhausen.de\/blog\/","name":"Lindenhausen-weil Reisen Spa\u00df macht","description":"Reisen und Kreuzfahrten, Reiseberichte, Kreuzfahrtforum","potentialAction":[{"@type":"SearchAction","target":{"@type":"EntryPoint","urlTemplate":"https:\/\/www.lindenhausen.de\/blog\/?s={search_term_string}"},"query-input":"required name=search_term_string"}],"inLanguage":"de"}]}},"_links":{"self":[{"href":"http:\/\/www.lindenhausen.de\/blog\/wp-json\/wp\/v2\/pages\/2630"}],"collection":[{"href":"http:\/\/www.lindenhausen.de\/blog\/wp-json\/wp\/v2\/pages"}],"about":[{"href":"http:\/\/www.lindenhausen.de\/blog\/wp-json\/wp\/v2\/types\/page"}],"author":[{"embeddable":true,"href":"http:\/\/www.lindenhausen.de\/blog\/wp-json\/wp\/v2\/users\/1"}],"replies":[{"embeddable":true,"href":"http:\/\/www.lindenhausen.de\/blog\/wp-json\/wp\/v2\/comments?post=2630"}],"version-history":[{"count":2,"href":"http:\/\/www.lindenhausen.de\/blog\/wp-json\/wp\/v2\/pages\/2630\/revisions"}],"predecessor-version":[{"id":2636,"href":"http:\/\/www.lindenhausen.de\/blog\/wp-json\/wp\/v2\/pages\/2630\/revisions\/2636"}],"up":[{"embeddable":true,"href":"http:\/\/www.lindenhausen.de\/blog\/wp-json\/wp\/v2\/pages\/2328"}],"wp:attachment":[{"href":"http:\/\/www.lindenhausen.de\/blog\/wp-json\/wp\/v2\/media?parent=2630"}],"curies":[{"name":"wp","href":"https:\/\/api.w.org\/{rel}","templated":true}]}}