{"id":2609,"date":"2017-08-27T20:43:06","date_gmt":"2017-08-27T18:43:06","guid":{"rendered":"http:\/\/www.lindenhausen.de\/blog\/?page_id=2609"},"modified":"2017-08-27T21:04:11","modified_gmt":"2017-08-27T19:04:11","slug":"seetag-23-07-2017","status":"publish","type":"page","link":"http:\/\/www.lindenhausen.de\/blog\/reiseberichte-costa\/kreuzfahrten-2017\/costa-favolosa-07-2017\/seetag-23-07-2017\/","title":{"rendered":"Seetag 23.07.2017"},"content":{"rendered":"<p>Fr\u00fchzeitig wurde ich mal wach um festzustellen, dass es einen wunderbaren Sonnenaufgang zu bestaunen gab. Dann war aber ausschlafen angesagt.<br \/>\nZum Fr\u00fchst\u00fcck heute nur Obst, danach war Sport angesagt, erst Pilates, dann Hanteltraining und danach noch ein paar Runden um den Schornstein joggen.<br \/>\nFreundlicherweise hatte der Butler uns die Men\u00fckarte f\u00fcr das Mittagessen in die Kabine gelegt, das motivierte ein wenig mehr zu tun.<br \/>\nNach einer Erholungspause im Whirlpool genossen wir ein gutes Men\u00fc und das hervorragende Antipasti B\u00fcffet, machten einen Verdauungsspaziergang durch durchs Schiff, tranken noch ein Glas Wei\u00dfwein im Atrium um uns dann einen ausgiebigen Mittagsschlaf zu g\u00f6nnen. Es herrschte strahlender Sonnenschein, nur ein wenig windig war es.<br \/>\nWir schliefen bei offener Balkont\u00fcr gut und fest bis uns das Nebelhorn weckte, das Wetter hatte ein wenig umgeschlagen, was im Norden ja normal ist.<br \/>\nSchon 2 Stunden sp\u00e4ter schien die Sonne wieder und die See war wie ein Ententeich.<br \/>\nWir warfen uns in Schale um den Clubempfang zu besuchen, freundlich begr\u00fc\u00dft von Paul und seinen Kollegen.<br \/>\nLeider versp\u00e4tete sich unser Kapit\u00e4n, denn der Nebel war zur\u00fcck, sodass wir etwas vorzeitig gingen um nicht auf die letzte Minute zum Essen zu erscheinen.<\/p>\n<p><div id='gallery-1' class='gallery galleryid-2609 gallery-columns-3 gallery-size-thumbnail'><figure class='gallery-item'>\n\t\t\t<div class='gallery-icon portrait'>\n\t\t\t\t<a href='http:\/\/www.lindenhausen.de\/blog\/reiseberichte-costa\/kreuzfahrten-2017\/costa-favolosa-07-2017\/k800_img_0002\/'><img width=\"150\" height=\"150\" src=\"http:\/\/www.lindenhausen.de\/blog\/wp-content\/uploads\/2017\/08\/K800_IMG_0002-e1503859357555-150x150.jpg\" class=\"attachment-thumbnail size-thumbnail\" alt=\"\" decoding=\"async\" loading=\"lazy\" \/><\/a>\n\t\t\t<\/div><\/figure><figure class='gallery-item'>\n\t\t\t<div class='gallery-icon portrait'>\n\t\t\t\t<a href='http:\/\/www.lindenhausen.de\/blog\/reiseberichte-costa\/kreuzfahrten-2017\/costa-favolosa-07-2017\/k800_img_0003\/'><img width=\"150\" height=\"150\" src=\"http:\/\/www.lindenhausen.de\/blog\/wp-content\/uploads\/2017\/08\/K800_IMG_0003-e1503859348749-150x150.jpg\" class=\"attachment-thumbnail size-thumbnail\" alt=\"\" decoding=\"async\" loading=\"lazy\" \/><\/a>\n\t\t\t<\/div><\/figure><figure class='gallery-item'>\n\t\t\t<div class='gallery-icon portrait'>\n\t\t\t\t<a href='http:\/\/www.lindenhausen.de\/blog\/reiseberichte-costa\/kreuzfahrten-2017\/costa-favolosa-07-2017\/k800_img_0004\/'><img width=\"150\" height=\"150\" src=\"http:\/\/www.lindenhausen.de\/blog\/wp-content\/uploads\/2017\/08\/K800_IMG_0004-e1503859336647-150x150.jpg\" class=\"attachment-thumbnail size-thumbnail\" alt=\"\" decoding=\"async\" loading=\"lazy\" \/><\/a>\n\t\t\t<\/div><\/figure>\n\t\t<\/div>\n<br \/>\nAm Pool deck war heute Party aber da im Geiranger Hellsylt gegen Geiranger getauscht wurde startete unser Ausflug statt am Mittag schon 7:15, also war aufstehen angesagt.<\/p>\n<p><a title=\"Geiranger 24.07.2017\" href=\"http:\/\/www.lindenhausen.de\/blog\/reiseberichte-costa\/kreuzfahrten-2017\/costa-favolosa-07-2017\/geiranger-24-07-2017\/\">Hier geht es weiter<\/a><\/p>\n","protected":false},"excerpt":{"rendered":"<p>Fr\u00fchzeitig wurde ich mal wach um festzustellen, dass es einen wunderbaren Sonnenaufgang zu bestaunen gab. Dann war aber ausschlafen angesagt. Zum Fr\u00fchst\u00fcck heute nur Obst, danach war Sport angesagt, erst Pilates, dann Hanteltraining und danach noch ein paar Runden um den Schornstein joggen. Freundlicherweise hatte der Butler uns die Men\u00fckarte f\u00fcr das Mittagessen in die &hellip; <a href=\"http:\/\/www.lindenhausen.de\/blog\/reiseberichte-costa\/kreuzfahrten-2017\/costa-favolosa-07-2017\/seetag-23-07-2017\/\" class=\"more-link\"><span class=\"screen-reader-text\">Seetag 23.07.2017<\/span> weiterlesen <span class=\"meta-nav\">&rarr;<\/span><\/a><\/p>\n","protected":false},"author":1,"featured_media":0,"parent":2328,"menu_order":2,"comment_status":"open","ping_status":"open","template":"","meta":{"_monsterinsights_skip_tracking":false,"_monsterinsights_sitenote_active":false,"_monsterinsights_sitenote_note":"","_monsterinsights_sitenote_category":0},"yoast_head":"<!-- This site is optimized with the Yoast SEO plugin v21.0 - https:\/\/yoast.com\/wordpress\/plugins\/seo\/ -->\n<title>Seetag 23.07.2017 - Lindenhausen-weil Reisen Spa\u00df macht<\/title>\n<meta name=\"robots\" content=\"index, follow, max-snippet:-1, max-image-preview:large, max-video-preview:-1\" \/>\n<link rel=\"canonical\" href=\"http:\/\/www.lindenhausen.de\/blog\/reiseberichte-costa\/kreuzfahrten-2017\/costa-favolosa-07-2017\/seetag-23-07-2017\/\" \/>\n<meta property=\"og:locale\" content=\"de_DE\" \/>\n<meta property=\"og:type\" content=\"article\" \/>\n<meta property=\"og:title\" content=\"Seetag 23.07.2017 - Lindenhausen-weil Reisen Spa\u00df macht\" \/>\n<meta property=\"og:description\" content=\"Fr\u00fchzeitig wurde ich mal wach um festzustellen, dass es einen wunderbaren Sonnenaufgang zu bestaunen gab. Dann war aber ausschlafen angesagt. Zum Fr\u00fchst\u00fcck heute nur Obst, danach war Sport angesagt, erst Pilates, dann Hanteltraining und danach noch ein paar Runden um den Schornstein joggen. Freundlicherweise hatte der Butler uns die Men\u00fckarte f\u00fcr das Mittagessen in die &hellip; Seetag 23.07.2017 weiterlesen &rarr;\" \/>\n<meta property=\"og:url\" content=\"http:\/\/www.lindenhausen.de\/blog\/reiseberichte-costa\/kreuzfahrten-2017\/costa-favolosa-07-2017\/seetag-23-07-2017\/\" \/>\n<meta property=\"og:site_name\" content=\"Lindenhausen-weil Reisen Spa\u00df macht\" \/>\n<meta property=\"article:publisher\" content=\"http:\/\/www.facebook.com\/Lindenhausen\/\" \/>\n<meta property=\"article:modified_time\" content=\"2017-08-27T19:04:11+00:00\" \/>\n<meta property=\"og:image\" content=\"http:\/\/www.lindenhausen.de\/blog\/wp-content\/uploads\/2017\/08\/K800_IMG_0002-e1503859357555-150x150.jpg\" \/>\n<meta name=\"twitter:card\" content=\"summary_large_image\" \/>\n<meta name=\"twitter:site\" content=\"@Maxilinde\" \/>\n<meta name=\"twitter:label1\" content=\"Gesch\u00e4tzte Lesezeit\" \/>\n\t<meta name=\"twitter:data1\" content=\"1\u00a0Minute\" \/>\n<script type=\"application\/ld+json\" class=\"yoast-schema-graph\">{\"@context\":\"https:\/\/schema.org\",\"@graph\":[{\"@type\":\"WebPage\",\"@id\":\"http:\/\/www.lindenhausen.de\/blog\/reiseberichte-costa\/kreuzfahrten-2017\/costa-favolosa-07-2017\/seetag-23-07-2017\/\",\"url\":\"http:\/\/www.lindenhausen.de\/blog\/reiseberichte-costa\/kreuzfahrten-2017\/costa-favolosa-07-2017\/seetag-23-07-2017\/\",\"name\":\"Seetag 23.07.2017 - Lindenhausen-weil Reisen Spa\u00df macht\",\"isPartOf\":{\"@id\":\"https:\/\/www.lindenhausen.de\/blog\/#website\"},\"datePublished\":\"2017-08-27T18:43:06+00:00\",\"dateModified\":\"2017-08-27T19:04:11+00:00\",\"breadcrumb\":{\"@id\":\"http:\/\/www.lindenhausen.de\/blog\/reiseberichte-costa\/kreuzfahrten-2017\/costa-favolosa-07-2017\/seetag-23-07-2017\/#breadcrumb\"},\"inLanguage\":\"de\",\"potentialAction\":[{\"@type\":\"ReadAction\",\"target\":[\"http:\/\/www.lindenhausen.de\/blog\/reiseberichte-costa\/kreuzfahrten-2017\/costa-favolosa-07-2017\/seetag-23-07-2017\/\"]}]},{\"@type\":\"BreadcrumbList\",\"@id\":\"http:\/\/www.lindenhausen.de\/blog\/reiseberichte-costa\/kreuzfahrten-2017\/costa-favolosa-07-2017\/seetag-23-07-2017\/#breadcrumb\",\"itemListElement\":[{\"@type\":\"ListItem\",\"position\":1,\"name\":\"Startseite\",\"item\":\"https:\/\/www.lindenhausen.de\/blog\/\"},{\"@type\":\"ListItem\",\"position\":2,\"name\":\"Reiseberichte Costa Kreuzfahrten\",\"item\":\"http:\/\/www.lindenhausen.de\/blog\/reiseberichte-costa\/\"},{\"@type\":\"ListItem\",\"position\":3,\"name\":\"Kreuzfahrten 2017\",\"item\":\"https:\/\/www.lindenhausen.de\/blog\/reiseberichte-costa\/kreuzfahrten-2017\/\"},{\"@type\":\"ListItem\",\"position\":4,\"name\":\"Costa Favolosa 07.2017\",\"item\":\"http:\/\/www.lindenhausen.de\/blog\/reiseberichte-costa\/kreuzfahrten-2017\/costa-favolosa-07-2017\/\"},{\"@type\":\"ListItem\",\"position\":5,\"name\":\"Seetag 23.07.2017\"}]},{\"@type\":\"WebSite\",\"@id\":\"https:\/\/www.lindenhausen.de\/blog\/#website\",\"url\":\"https:\/\/www.lindenhausen.de\/blog\/\",\"name\":\"Lindenhausen-weil Reisen Spa\u00df macht\",\"description\":\"Reisen und Kreuzfahrten, Reiseberichte, Kreuzfahrtforum\",\"potentialAction\":[{\"@type\":\"SearchAction\",\"target\":{\"@type\":\"EntryPoint\",\"urlTemplate\":\"https:\/\/www.lindenhausen.de\/blog\/?s={search_term_string}\"},\"query-input\":\"required name=search_term_string\"}],\"inLanguage\":\"de\"}]}<\/script>\n<!-- \/ Yoast SEO plugin. -->","yoast_head_json":{"title":"Seetag 23.07.2017 - Lindenhausen-weil Reisen Spa\u00df macht","robots":{"index":"index","follow":"follow","max-snippet":"max-snippet:-1","max-image-preview":"max-image-preview:large","max-video-preview":"max-video-preview:-1"},"canonical":"http:\/\/www.lindenhausen.de\/blog\/reiseberichte-costa\/kreuzfahrten-2017\/costa-favolosa-07-2017\/seetag-23-07-2017\/","og_locale":"de_DE","og_type":"article","og_title":"Seetag 23.07.2017 - Lindenhausen-weil Reisen Spa\u00df macht","og_description":"Fr\u00fchzeitig wurde ich mal wach um festzustellen, dass es einen wunderbaren Sonnenaufgang zu bestaunen gab. Dann war aber ausschlafen angesagt. Zum Fr\u00fchst\u00fcck heute nur Obst, danach war Sport angesagt, erst Pilates, dann Hanteltraining und danach noch ein paar Runden um den Schornstein joggen. Freundlicherweise hatte der Butler uns die Men\u00fckarte f\u00fcr das Mittagessen in die &hellip; Seetag 23.07.2017 weiterlesen &rarr;","og_url":"http:\/\/www.lindenhausen.de\/blog\/reiseberichte-costa\/kreuzfahrten-2017\/costa-favolosa-07-2017\/seetag-23-07-2017\/","og_site_name":"Lindenhausen-weil Reisen Spa\u00df macht","article_publisher":"http:\/\/www.facebook.com\/Lindenhausen\/","article_modified_time":"2017-08-27T19:04:11+00:00","og_image":[{"url":"http:\/\/www.lindenhausen.de\/blog\/wp-content\/uploads\/2017\/08\/K800_IMG_0002-e1503859357555-150x150.jpg"}],"twitter_card":"summary_large_image","twitter_site":"@Maxilinde","twitter_misc":{"Gesch\u00e4tzte Lesezeit":"1\u00a0Minute"},"schema":{"@context":"https:\/\/schema.org","@graph":[{"@type":"WebPage","@id":"http:\/\/www.lindenhausen.de\/blog\/reiseberichte-costa\/kreuzfahrten-2017\/costa-favolosa-07-2017\/seetag-23-07-2017\/","url":"http:\/\/www.lindenhausen.de\/blog\/reiseberichte-costa\/kreuzfahrten-2017\/costa-favolosa-07-2017\/seetag-23-07-2017\/","name":"Seetag 23.07.2017 - Lindenhausen-weil Reisen Spa\u00df macht","isPartOf":{"@id":"https:\/\/www.lindenhausen.de\/blog\/#website"},"datePublished":"2017-08-27T18:43:06+00:00","dateModified":"2017-08-27T19:04:11+00:00","breadcrumb":{"@id":"http:\/\/www.lindenhausen.de\/blog\/reiseberichte-costa\/kreuzfahrten-2017\/costa-favolosa-07-2017\/seetag-23-07-2017\/#breadcrumb"},"inLanguage":"de","potentialAction":[{"@type":"ReadAction","target":["http:\/\/www.lindenhausen.de\/blog\/reiseberichte-costa\/kreuzfahrten-2017\/costa-favolosa-07-2017\/seetag-23-07-2017\/"]}]},{"@type":"BreadcrumbList","@id":"http:\/\/www.lindenhausen.de\/blog\/reiseberichte-costa\/kreuzfahrten-2017\/costa-favolosa-07-2017\/seetag-23-07-2017\/#breadcrumb","itemListElement":[{"@type":"ListItem","position":1,"name":"Startseite","item":"https:\/\/www.lindenhausen.de\/blog\/"},{"@type":"ListItem","position":2,"name":"Reiseberichte Costa Kreuzfahrten","item":"http:\/\/www.lindenhausen.de\/blog\/reiseberichte-costa\/"},{"@type":"ListItem","position":3,"name":"Kreuzfahrten 2017","item":"https:\/\/www.lindenhausen.de\/blog\/reiseberichte-costa\/kreuzfahrten-2017\/"},{"@type":"ListItem","position":4,"name":"Costa Favolosa 07.2017","item":"http:\/\/www.lindenhausen.de\/blog\/reiseberichte-costa\/kreuzfahrten-2017\/costa-favolosa-07-2017\/"},{"@type":"ListItem","position":5,"name":"Seetag 23.07.2017"}]},{"@type":"WebSite","@id":"https:\/\/www.lindenhausen.de\/blog\/#website","url":"https:\/\/www.lindenhausen.de\/blog\/","name":"Lindenhausen-weil Reisen Spa\u00df macht","description":"Reisen und Kreuzfahrten, Reiseberichte, Kreuzfahrtforum","potentialAction":[{"@type":"SearchAction","target":{"@type":"EntryPoint","urlTemplate":"https:\/\/www.lindenhausen.de\/blog\/?s={search_term_string}"},"query-input":"required name=search_term_string"}],"inLanguage":"de"}]}},"_links":{"self":[{"href":"http:\/\/www.lindenhausen.de\/blog\/wp-json\/wp\/v2\/pages\/2609"}],"collection":[{"href":"http:\/\/www.lindenhausen.de\/blog\/wp-json\/wp\/v2\/pages"}],"about":[{"href":"http:\/\/www.lindenhausen.de\/blog\/wp-json\/wp\/v2\/types\/page"}],"author":[{"embeddable":true,"href":"http:\/\/www.lindenhausen.de\/blog\/wp-json\/wp\/v2\/users\/1"}],"replies":[{"embeddable":true,"href":"http:\/\/www.lindenhausen.de\/blog\/wp-json\/wp\/v2\/comments?post=2609"}],"version-history":[{"count":3,"href":"http:\/\/www.lindenhausen.de\/blog\/wp-json\/wp\/v2\/pages\/2609\/revisions"}],"predecessor-version":[{"id":2618,"href":"http:\/\/www.lindenhausen.de\/blog\/wp-json\/wp\/v2\/pages\/2609\/revisions\/2618"}],"up":[{"embeddable":true,"href":"http:\/\/www.lindenhausen.de\/blog\/wp-json\/wp\/v2\/pages\/2328"}],"wp:attachment":[{"href":"http:\/\/www.lindenhausen.de\/blog\/wp-json\/wp\/v2\/media?parent=2609"}],"curies":[{"name":"wp","href":"https:\/\/api.w.org\/{rel}","templated":true}]}}