{"id":2290,"date":"2016-06-27T22:20:50","date_gmt":"2016-06-27T20:20:50","guid":{"rendered":"http:\/\/www.lindenhausen.de\/blog\/?page_id=2290"},"modified":"2016-06-27T22:44:59","modified_gmt":"2016-06-27T20:44:59","slug":"harwich-london","status":"publish","type":"page","link":"http:\/\/www.lindenhausen.de\/blog\/reiseberichte-costa\/costa-favolosa-05-2016-rund-um-westeuropa\/harwich-london\/","title":{"rendered":"Harwich-London"},"content":{"rendered":"<p>Heute war fr\u00fch aufstehen angesagt, wir hatten einen Ausflug nach Cambridge gebucht denn f\u00fcr London erschien uns das Zeitfenster zu kurz und auf Harwich hatte niemand von uns so recht Lust, nachdem uns von Engl\u00e4ndern mehrfach erz\u00e4hlt wurde das die Stadt nicht so sch\u00f6n sein soll.<br \/>\nNach einem ausgiebigen Fr\u00fchst\u00fcck begaben wir uns zum Treffpunkt um dann leider zu erfahren dass unser Ausflug nicht stattfinden konnte da der deutschsprachige Reiseleiter erkrankt war. Alternative war spanisch-das half mir wenig, englisch war leider auch nicht verf\u00fcgbar.<br \/>\nCorinna durfte die Wogen gl\u00e4tten. Wir nahmen das Angebot einer deutschsprachigen Panoramatour durch London zum halben Preis gerne an, dann eben doch London.<br \/>\nDie 2 \u00bd st\u00fcndige Busfahrt war kurzweilig, Die Reiseleiterin , eine sch\u00f6n etwas \u00e4ltere Engl\u00e4nderin, versorgte uns ununterbrochen mit n\u00fctzlichen und weniger wichtigen Informationen \u00fcber Land und Leute, zumindest wei\u00df ich jetzt in welchen Ladenketten ich eine Tageszeitung kostenlos zum Einkauf dazu bekomme \ud83d\ude09<br \/>\nPer Bus ging es vorbei an den wichtigsten Sehensw\u00fcrdigkeiten, diese Tour ist was f\u00fcr Japanische Touristen, man sieht viel-im Vorbeifahren und steigt ab und an aus um ein Foto zu machen. Das war uns aber klar, wie sonst sollte man in so kurzer Zeit so viel sehen.<br \/>\nZumindest schafften wir es zur Wachabl\u00f6sung am Buckingham Palace, es tat gut doch mal ein paar Meter zu laufen.<\/p>\n<p><a href=\"http:\/\/www.lindenhausen.de\/blog\/wp-content\/uploads\/2016\/06\/K1024_DSC_0158.jpg\"><img decoding=\"async\" loading=\"lazy\" class=\"aligncenter size-medium wp-image-2250\" src=\"http:\/\/www.lindenhausen.de\/blog\/wp-content\/uploads\/2016\/06\/K1024_DSC_0158-300x199.jpg\" alt=\"London\" width=\"300\" height=\"199\" srcset=\"http:\/\/www.lindenhausen.de\/blog\/wp-content\/uploads\/2016\/06\/K1024_DSC_0158-300x199.jpg 300w, http:\/\/www.lindenhausen.de\/blog\/wp-content\/uploads\/2016\/06\/K1024_DSC_0158-1024x678.jpg 1024w, http:\/\/www.lindenhausen.de\/blog\/wp-content\/uploads\/2016\/06\/K1024_DSC_0158.jpg 1160w\" sizes=\"(max-width: 300px) 100vw, 300px\" \/><\/a> <a href=\"http:\/\/www.lindenhausen.de\/blog\/wp-content\/uploads\/2016\/06\/K1024_DSC_0169.jpg\"><img decoding=\"async\" loading=\"lazy\" class=\"aligncenter size-medium wp-image-2252\" src=\"http:\/\/www.lindenhausen.de\/blog\/wp-content\/uploads\/2016\/06\/K1024_DSC_0169-300x199.jpg\" alt=\"London\" width=\"300\" height=\"199\" srcset=\"http:\/\/www.lindenhausen.de\/blog\/wp-content\/uploads\/2016\/06\/K1024_DSC_0169-300x199.jpg 300w, http:\/\/www.lindenhausen.de\/blog\/wp-content\/uploads\/2016\/06\/K1024_DSC_0169-1024x678.jpg 1024w, http:\/\/www.lindenhausen.de\/blog\/wp-content\/uploads\/2016\/06\/K1024_DSC_0169.jpg 1160w\" sizes=\"(max-width: 300px) 100vw, 300px\" \/><\/a> <a href=\"http:\/\/www.lindenhausen.de\/blog\/wp-content\/uploads\/2016\/06\/K1024_DSC_0178.jpg\"><img decoding=\"async\" loading=\"lazy\" class=\"aligncenter size-medium wp-image-2253\" src=\"http:\/\/www.lindenhausen.de\/blog\/wp-content\/uploads\/2016\/06\/K1024_DSC_0178-300x199.jpg\" alt=\"London\" width=\"300\" height=\"199\" srcset=\"http:\/\/www.lindenhausen.de\/blog\/wp-content\/uploads\/2016\/06\/K1024_DSC_0178-300x199.jpg 300w, http:\/\/www.lindenhausen.de\/blog\/wp-content\/uploads\/2016\/06\/K1024_DSC_0178-1024x678.jpg 1024w, http:\/\/www.lindenhausen.de\/blog\/wp-content\/uploads\/2016\/06\/K1024_DSC_0178.jpg 1160w\" sizes=\"(max-width: 300px) 100vw, 300px\" \/><\/a> <a href=\"http:\/\/www.lindenhausen.de\/blog\/wp-content\/uploads\/2016\/06\/K1024_DSC_0181-e1467053637965.jpg\"><img decoding=\"async\" loading=\"lazy\" class=\"aligncenter size-medium wp-image-2254\" src=\"http:\/\/www.lindenhausen.de\/blog\/wp-content\/uploads\/2016\/06\/K1024_DSC_0181-e1467053637965-199x300.jpg\" alt=\"London\" width=\"199\" height=\"300\" srcset=\"http:\/\/www.lindenhausen.de\/blog\/wp-content\/uploads\/2016\/06\/K1024_DSC_0181-e1467053637965-199x300.jpg 199w, http:\/\/www.lindenhausen.de\/blog\/wp-content\/uploads\/2016\/06\/K1024_DSC_0181-e1467053637965-679x1024.jpg 679w, http:\/\/www.lindenhausen.de\/blog\/wp-content\/uploads\/2016\/06\/K1024_DSC_0181-e1467053637965.jpg 768w\" sizes=\"(max-width: 199px) 100vw, 199px\" \/><\/a> <a href=\"http:\/\/www.lindenhausen.de\/blog\/wp-content\/uploads\/2016\/06\/K1024_DSC_0182-e1467053621935.jpg\"><img decoding=\"async\" loading=\"lazy\" class=\"aligncenter size-medium wp-image-2255\" src=\"http:\/\/www.lindenhausen.de\/blog\/wp-content\/uploads\/2016\/06\/K1024_DSC_0182-e1467053621935-199x300.jpg\" alt=\"London\" width=\"199\" height=\"300\" srcset=\"http:\/\/www.lindenhausen.de\/blog\/wp-content\/uploads\/2016\/06\/K1024_DSC_0182-e1467053621935-199x300.jpg 199w, http:\/\/www.lindenhausen.de\/blog\/wp-content\/uploads\/2016\/06\/K1024_DSC_0182-e1467053621935-679x1024.jpg 679w, http:\/\/www.lindenhausen.de\/blog\/wp-content\/uploads\/2016\/06\/K1024_DSC_0182-e1467053621935.jpg 768w\" sizes=\"(max-width: 199px) 100vw, 199px\" \/><\/a> <a href=\"http:\/\/www.lindenhausen.de\/blog\/wp-content\/uploads\/2016\/06\/K1024_DSC_0198.jpg\"><img decoding=\"async\" loading=\"lazy\" class=\"aligncenter size-medium wp-image-2257\" src=\"http:\/\/www.lindenhausen.de\/blog\/wp-content\/uploads\/2016\/06\/K1024_DSC_0198-300x199.jpg\" alt=\"London\" width=\"300\" height=\"199\" srcset=\"http:\/\/www.lindenhausen.de\/blog\/wp-content\/uploads\/2016\/06\/K1024_DSC_0198-300x199.jpg 300w, http:\/\/www.lindenhausen.de\/blog\/wp-content\/uploads\/2016\/06\/K1024_DSC_0198-1024x678.jpg 1024w, http:\/\/www.lindenhausen.de\/blog\/wp-content\/uploads\/2016\/06\/K1024_DSC_0198.jpg 1160w\" sizes=\"(max-width: 300px) 100vw, 300px\" \/><\/a> <a href=\"http:\/\/www.lindenhausen.de\/blog\/wp-content\/uploads\/2016\/06\/K1024_DSC_0202.jpg\"><img decoding=\"async\" loading=\"lazy\" class=\"aligncenter size-medium wp-image-2258\" src=\"http:\/\/www.lindenhausen.de\/blog\/wp-content\/uploads\/2016\/06\/K1024_DSC_0202-300x199.jpg\" alt=\"London\" width=\"300\" height=\"199\" srcset=\"http:\/\/www.lindenhausen.de\/blog\/wp-content\/uploads\/2016\/06\/K1024_DSC_0202-300x199.jpg 300w, http:\/\/www.lindenhausen.de\/blog\/wp-content\/uploads\/2016\/06\/K1024_DSC_0202-1024x678.jpg 1024w, http:\/\/www.lindenhausen.de\/blog\/wp-content\/uploads\/2016\/06\/K1024_DSC_0202.jpg 1160w\" sizes=\"(max-width: 300px) 100vw, 300px\" \/><\/a><br \/>\nDanach war es Zeit zum Lunch, wir hatten eine Stunde Auszeit in der N\u00e4he von Covent Garden- bei der Gelegenheit f\u00e4llt mir ein das ich mal wieder in \u201eMy fair Lady\u201c reinh\u00f6ren sollte. Wir entschieden uns spontan f\u00fcr ein Pup und Restaurant \u201eThe Globe\u201c, das sich als gute Wahl erwies. Nat\u00fcrlich mussten es Fish &amp; Chips sein, wenn schon ein extrem Touri Tag, dann richtig.<br \/>\nLustiger weise kam dann eine ganze Reisegruppe von AIDA, die in der ersten Etage reserviert hatten.<\/p>\n<p><a href=\"http:\/\/www.lindenhausen.de\/blog\/wp-content\/uploads\/2016\/06\/K1024_DSC_0257-e1467053572665.jpg\"><img decoding=\"async\" loading=\"lazy\" class=\"aligncenter size-medium wp-image-2259\" src=\"http:\/\/www.lindenhausen.de\/blog\/wp-content\/uploads\/2016\/06\/K1024_DSC_0257-e1467053572665-199x300.jpg\" alt=\"London\" width=\"199\" height=\"300\" srcset=\"http:\/\/www.lindenhausen.de\/blog\/wp-content\/uploads\/2016\/06\/K1024_DSC_0257-e1467053572665-199x300.jpg 199w, http:\/\/www.lindenhausen.de\/blog\/wp-content\/uploads\/2016\/06\/K1024_DSC_0257-e1467053572665-679x1024.jpg 679w, http:\/\/www.lindenhausen.de\/blog\/wp-content\/uploads\/2016\/06\/K1024_DSC_0257-e1467053572665.jpg 768w\" sizes=\"(max-width: 199px) 100vw, 199px\" \/><\/a><\/p>\n<p><a href=\"http:\/\/www.lindenhausen.de\/blog\/wp-content\/uploads\/2016\/06\/K1024_IMG_1306.jpg\"><img decoding=\"async\" loading=\"lazy\" class=\"aligncenter size-medium wp-image-2154\" src=\"http:\/\/www.lindenhausen.de\/blog\/wp-content\/uploads\/2016\/06\/K1024_IMG_1306-300x225.jpg\" alt=\"London\" width=\"300\" height=\"225\" srcset=\"http:\/\/www.lindenhausen.de\/blog\/wp-content\/uploads\/2016\/06\/K1024_IMG_1306-300x225.jpg 300w, http:\/\/www.lindenhausen.de\/blog\/wp-content\/uploads\/2016\/06\/K1024_IMG_1306.jpg 1024w\" sizes=\"(max-width: 300px) 100vw, 300px\" \/><\/a><br \/>\nMit dem Bus ging es dann weiter zum Tower, wo wir noch einmal Zeit zum Bummeln hatten bevor es auf die lange Heimfahrt ging. Die wichtigsten Sehensw\u00fcrdigkeiten haben wir gesehen, die meisten nur im Vorbeifahren. F\u00fcr einen ersten Eindruck ganz gut aber wir hatten das im Vorfeld schon richtig eingesch\u00e4tzt das sich die Fahrt nach London f\u00fcr diese kurze Zeit im Rahmen einer Kreuzfahrt nicht lohnt.<br \/>\nDie Zeit vergeht schnell, es war der letzte Hafen unserer Reise nun ging es nach Hause, 2 Seetage lagen noch vor uns.<br \/>\nIm Theater war die Crewshow \u201eGente di Mare \u201e angesagt, da durften wir nat\u00fcrlich nicht fehlen.<br \/>\nDanach zum Abendessen und noch ein paar Tanzrunden-der Tag war lang und wir m\u00fcde.<\/p>\n<p><a title=\"Seetage\u2026\u2026.\" href=\"http:\/\/www.lindenhausen.de\/blog\/reiseberichte-costa\/costa-favolosa-05-2016-rund-um-westeuropa\/seetage\/\">hier gehts es weiter <\/a><\/p>\n<p>&nbsp;<\/p>\n","protected":false},"excerpt":{"rendered":"<p>Heute war fr\u00fch aufstehen angesagt, wir hatten einen Ausflug nach Cambridge gebucht denn f\u00fcr London erschien uns das Zeitfenster zu kurz und auf Harwich hatte niemand von uns so recht Lust, nachdem uns von Engl\u00e4ndern mehrfach erz\u00e4hlt wurde das die Stadt nicht so sch\u00f6n sein soll. Nach einem ausgiebigen Fr\u00fchst\u00fcck begaben wir uns zum Treffpunkt &hellip; <a href=\"http:\/\/www.lindenhausen.de\/blog\/reiseberichte-costa\/costa-favolosa-05-2016-rund-um-westeuropa\/harwich-london\/\" class=\"more-link\"><span class=\"screen-reader-text\">Harwich-London<\/span> weiterlesen <span class=\"meta-nav\">&rarr;<\/span><\/a><\/p>\n","protected":false},"author":1,"featured_media":0,"parent":2086,"menu_order":7,"comment_status":"open","ping_status":"open","template":"","meta":{"_monsterinsights_skip_tracking":false,"_monsterinsights_sitenote_active":false,"_monsterinsights_sitenote_note":"","_monsterinsights_sitenote_category":0},"yoast_head":"<!-- This site is optimized with the Yoast SEO plugin v21.0 - https:\/\/yoast.com\/wordpress\/plugins\/seo\/ -->\n<title>Harwich-London - Lindenhausen-weil Reisen Spa\u00df macht<\/title>\n<meta name=\"robots\" content=\"index, follow, max-snippet:-1, max-image-preview:large, max-video-preview:-1\" \/>\n<link rel=\"canonical\" href=\"http:\/\/www.lindenhausen.de\/blog\/reiseberichte-costa\/costa-favolosa-05-2016-rund-um-westeuropa\/harwich-london\/\" \/>\n<meta property=\"og:locale\" content=\"de_DE\" \/>\n<meta property=\"og:type\" content=\"article\" \/>\n<meta property=\"og:title\" content=\"Harwich-London - Lindenhausen-weil Reisen Spa\u00df macht\" \/>\n<meta property=\"og:description\" content=\"Heute war fr\u00fch aufstehen angesagt, wir hatten einen Ausflug nach Cambridge gebucht denn f\u00fcr London erschien uns das Zeitfenster zu kurz und auf Harwich hatte niemand von uns so recht Lust, nachdem uns von Engl\u00e4ndern mehrfach erz\u00e4hlt wurde das die Stadt nicht so sch\u00f6n sein soll. Nach einem ausgiebigen Fr\u00fchst\u00fcck begaben wir uns zum Treffpunkt &hellip; Harwich-London weiterlesen &rarr;\" \/>\n<meta property=\"og:url\" content=\"http:\/\/www.lindenhausen.de\/blog\/reiseberichte-costa\/costa-favolosa-05-2016-rund-um-westeuropa\/harwich-london\/\" \/>\n<meta property=\"og:site_name\" content=\"Lindenhausen-weil Reisen Spa\u00df macht\" \/>\n<meta property=\"article:publisher\" content=\"http:\/\/www.facebook.com\/Lindenhausen\/\" \/>\n<meta property=\"article:modified_time\" content=\"2016-06-27T20:44:59+00:00\" \/>\n<meta property=\"og:image\" content=\"http:\/\/www.lindenhausen.de\/blog\/wp-content\/uploads\/2016\/06\/K1024_DSC_0158-300x199.jpg\" \/>\n<meta name=\"twitter:card\" content=\"summary_large_image\" \/>\n<meta name=\"twitter:site\" content=\"@Maxilinde\" \/>\n<meta name=\"twitter:label1\" content=\"Gesch\u00e4tzte Lesezeit\" \/>\n\t<meta name=\"twitter:data1\" content=\"2\u00a0Minuten\" \/>\n<script type=\"application\/ld+json\" class=\"yoast-schema-graph\">{\"@context\":\"https:\/\/schema.org\",\"@graph\":[{\"@type\":\"WebPage\",\"@id\":\"http:\/\/www.lindenhausen.de\/blog\/reiseberichte-costa\/costa-favolosa-05-2016-rund-um-westeuropa\/harwich-london\/\",\"url\":\"http:\/\/www.lindenhausen.de\/blog\/reiseberichte-costa\/costa-favolosa-05-2016-rund-um-westeuropa\/harwich-london\/\",\"name\":\"Harwich-London - Lindenhausen-weil Reisen Spa\u00df macht\",\"isPartOf\":{\"@id\":\"https:\/\/www.lindenhausen.de\/blog\/#website\"},\"datePublished\":\"2016-06-27T20:20:50+00:00\",\"dateModified\":\"2016-06-27T20:44:59+00:00\",\"breadcrumb\":{\"@id\":\"http:\/\/www.lindenhausen.de\/blog\/reiseberichte-costa\/costa-favolosa-05-2016-rund-um-westeuropa\/harwich-london\/#breadcrumb\"},\"inLanguage\":\"de\",\"potentialAction\":[{\"@type\":\"ReadAction\",\"target\":[\"http:\/\/www.lindenhausen.de\/blog\/reiseberichte-costa\/costa-favolosa-05-2016-rund-um-westeuropa\/harwich-london\/\"]}]},{\"@type\":\"BreadcrumbList\",\"@id\":\"http:\/\/www.lindenhausen.de\/blog\/reiseberichte-costa\/costa-favolosa-05-2016-rund-um-westeuropa\/harwich-london\/#breadcrumb\",\"itemListElement\":[{\"@type\":\"ListItem\",\"position\":1,\"name\":\"Startseite\",\"item\":\"https:\/\/www.lindenhausen.de\/blog\/\"},{\"@type\":\"ListItem\",\"position\":2,\"name\":\"Reiseberichte Costa Kreuzfahrten\",\"item\":\"http:\/\/www.lindenhausen.de\/blog\/reiseberichte-costa\/\"},{\"@type\":\"ListItem\",\"position\":3,\"name\":\"Costa Favolosa 05.2016-rund um Westeuropa\",\"item\":\"https:\/\/www.lindenhausen.de\/blog\/reiseberichte-costa\/costa-favolosa-05-2016-rund-um-westeuropa\/\"},{\"@type\":\"ListItem\",\"position\":4,\"name\":\"Harwich-London\"}]},{\"@type\":\"WebSite\",\"@id\":\"https:\/\/www.lindenhausen.de\/blog\/#website\",\"url\":\"https:\/\/www.lindenhausen.de\/blog\/\",\"name\":\"Lindenhausen-weil Reisen Spa\u00df macht\",\"description\":\"Reisen und Kreuzfahrten, Reiseberichte, Kreuzfahrtforum\",\"potentialAction\":[{\"@type\":\"SearchAction\",\"target\":{\"@type\":\"EntryPoint\",\"urlTemplate\":\"https:\/\/www.lindenhausen.de\/blog\/?s={search_term_string}\"},\"query-input\":\"required name=search_term_string\"}],\"inLanguage\":\"de\"}]}<\/script>\n<!-- \/ Yoast SEO plugin. -->","yoast_head_json":{"title":"Harwich-London - Lindenhausen-weil Reisen Spa\u00df macht","robots":{"index":"index","follow":"follow","max-snippet":"max-snippet:-1","max-image-preview":"max-image-preview:large","max-video-preview":"max-video-preview:-1"},"canonical":"http:\/\/www.lindenhausen.de\/blog\/reiseberichte-costa\/costa-favolosa-05-2016-rund-um-westeuropa\/harwich-london\/","og_locale":"de_DE","og_type":"article","og_title":"Harwich-London - Lindenhausen-weil Reisen Spa\u00df macht","og_description":"Heute war fr\u00fch aufstehen angesagt, wir hatten einen Ausflug nach Cambridge gebucht denn f\u00fcr London erschien uns das Zeitfenster zu kurz und auf Harwich hatte niemand von uns so recht Lust, nachdem uns von Engl\u00e4ndern mehrfach erz\u00e4hlt wurde das die Stadt nicht so sch\u00f6n sein soll. Nach einem ausgiebigen Fr\u00fchst\u00fcck begaben wir uns zum Treffpunkt &hellip; Harwich-London weiterlesen &rarr;","og_url":"http:\/\/www.lindenhausen.de\/blog\/reiseberichte-costa\/costa-favolosa-05-2016-rund-um-westeuropa\/harwich-london\/","og_site_name":"Lindenhausen-weil Reisen Spa\u00df macht","article_publisher":"http:\/\/www.facebook.com\/Lindenhausen\/","article_modified_time":"2016-06-27T20:44:59+00:00","og_image":[{"url":"http:\/\/www.lindenhausen.de\/blog\/wp-content\/uploads\/2016\/06\/K1024_DSC_0158-300x199.jpg"}],"twitter_card":"summary_large_image","twitter_site":"@Maxilinde","twitter_misc":{"Gesch\u00e4tzte Lesezeit":"2\u00a0Minuten"},"schema":{"@context":"https:\/\/schema.org","@graph":[{"@type":"WebPage","@id":"http:\/\/www.lindenhausen.de\/blog\/reiseberichte-costa\/costa-favolosa-05-2016-rund-um-westeuropa\/harwich-london\/","url":"http:\/\/www.lindenhausen.de\/blog\/reiseberichte-costa\/costa-favolosa-05-2016-rund-um-westeuropa\/harwich-london\/","name":"Harwich-London - Lindenhausen-weil Reisen Spa\u00df macht","isPartOf":{"@id":"https:\/\/www.lindenhausen.de\/blog\/#website"},"datePublished":"2016-06-27T20:20:50+00:00","dateModified":"2016-06-27T20:44:59+00:00","breadcrumb":{"@id":"http:\/\/www.lindenhausen.de\/blog\/reiseberichte-costa\/costa-favolosa-05-2016-rund-um-westeuropa\/harwich-london\/#breadcrumb"},"inLanguage":"de","potentialAction":[{"@type":"ReadAction","target":["http:\/\/www.lindenhausen.de\/blog\/reiseberichte-costa\/costa-favolosa-05-2016-rund-um-westeuropa\/harwich-london\/"]}]},{"@type":"BreadcrumbList","@id":"http:\/\/www.lindenhausen.de\/blog\/reiseberichte-costa\/costa-favolosa-05-2016-rund-um-westeuropa\/harwich-london\/#breadcrumb","itemListElement":[{"@type":"ListItem","position":1,"name":"Startseite","item":"https:\/\/www.lindenhausen.de\/blog\/"},{"@type":"ListItem","position":2,"name":"Reiseberichte Costa Kreuzfahrten","item":"http:\/\/www.lindenhausen.de\/blog\/reiseberichte-costa\/"},{"@type":"ListItem","position":3,"name":"Costa Favolosa 05.2016-rund um Westeuropa","item":"https:\/\/www.lindenhausen.de\/blog\/reiseberichte-costa\/costa-favolosa-05-2016-rund-um-westeuropa\/"},{"@type":"ListItem","position":4,"name":"Harwich-London"}]},{"@type":"WebSite","@id":"https:\/\/www.lindenhausen.de\/blog\/#website","url":"https:\/\/www.lindenhausen.de\/blog\/","name":"Lindenhausen-weil Reisen Spa\u00df macht","description":"Reisen und Kreuzfahrten, Reiseberichte, Kreuzfahrtforum","potentialAction":[{"@type":"SearchAction","target":{"@type":"EntryPoint","urlTemplate":"https:\/\/www.lindenhausen.de\/blog\/?s={search_term_string}"},"query-input":"required name=search_term_string"}],"inLanguage":"de"}]}},"_links":{"self":[{"href":"http:\/\/www.lindenhausen.de\/blog\/wp-json\/wp\/v2\/pages\/2290"}],"collection":[{"href":"http:\/\/www.lindenhausen.de\/blog\/wp-json\/wp\/v2\/pages"}],"about":[{"href":"http:\/\/www.lindenhausen.de\/blog\/wp-json\/wp\/v2\/types\/page"}],"author":[{"embeddable":true,"href":"http:\/\/www.lindenhausen.de\/blog\/wp-json\/wp\/v2\/users\/1"}],"replies":[{"embeddable":true,"href":"http:\/\/www.lindenhausen.de\/blog\/wp-json\/wp\/v2\/comments?post=2290"}],"version-history":[{"count":2,"href":"http:\/\/www.lindenhausen.de\/blog\/wp-json\/wp\/v2\/pages\/2290\/revisions"}],"predecessor-version":[{"id":2304,"href":"http:\/\/www.lindenhausen.de\/blog\/wp-json\/wp\/v2\/pages\/2290\/revisions\/2304"}],"up":[{"embeddable":true,"href":"http:\/\/www.lindenhausen.de\/blog\/wp-json\/wp\/v2\/pages\/2086"}],"wp:attachment":[{"href":"http:\/\/www.lindenhausen.de\/blog\/wp-json\/wp\/v2\/media?parent=2290"}],"curies":[{"name":"wp","href":"https:\/\/api.w.org\/{rel}","templated":true}]}}