{"id":2282,"date":"2016-06-27T22:04:23","date_gmt":"2016-06-27T20:04:23","guid":{"rendered":"http:\/\/www.lindenhausen.de\/blog\/?page_id=2282"},"modified":"2016-06-27T22:43:11","modified_gmt":"2016-06-27T20:43:11","slug":"vigo-santiago-de-compostela","status":"publish","type":"page","link":"http:\/\/www.lindenhausen.de\/blog\/reiseberichte-costa\/costa-favolosa-05-2016-rund-um-westeuropa\/vigo-santiago-de-compostela\/","title":{"rendered":"Vigo-Santiago de Compostela"},"content":{"rendered":"<p>Schon lange wollte ich nach Santiago de Compostela aber gescheitert war es an Unlust, den Fahrzeiten der Z\u00fcge und wenig Lust an einem gef\u00fchrten Ausflug teilzunehmen. Ich wollte ja nur bitte die Messe besuchen, in Ruhe.<br \/>\nNach einem Tipp von Dirk wollte wir einen \u00f6rtlichen Ausflugsanbieter nutzen, aber Barbara machte mich dann darauf aufmerksam das Costa einen Ausflug anbot der nicht im Internet zu finden war, Santiago de Compostela auf eigene Faust f\u00fcr 29\u20ac, also 4 Euro teurer als der \u00f6rtliche Anbieter, daf\u00fcr aber mit der Sicherheit auch bei Stau das Schiff sicher zu erreichen.<br \/>\nAlso gebucht, fr\u00fch aufgestanden und gefr\u00fchst\u00fcckt.<br \/>\nTreffpunkt war ohne Wartezeiten direkt am Bus. F\u00fcr einen reinen Transfer hatten wir einen prima Reiseleiter der viele Tipps gab und \u00fcber Galizien zu berichten wusste. Da wir zweisprachig unterwegs waren gab es dann vom zweiten Reiseleiter das Ganze in Franz\u00f6sisch.<br \/>\nSehr aufmerksam waren auch die kostenlosen Regencapes die vorsichtshalber verteilt wurden, da der Himmel bedrohlich nach Regen aussah.<br \/>\nWir schafften es p\u00fcnktlich zur Messe und hatten einen Stehplatz mit guter Sicht aufs Geschehen. Der Bischof von Santiago de Compostela las sie und der Mann hatte eine sehr offene und fast famili\u00e4re Art, sympathisch. Auch wenn ich Protestant bin, mit der Liturgie war ich vertraut und fand diese Messe wundersch\u00f6n, ber\u00fchrend und inspirierend, die Stunde war sehr schnell vorbei.<br \/>\nDer ber\u00fchmte Weihrauchkessel schwenkte durch die Kirche, die Pilger wurden gesegnet und bekamen Ihre Pilgerurkunden, alles sehr pers\u00f6nlich.<br \/>\nNach der Messe war nicht mehr viel Zeit, wir bummelten noch ein wenig durch die Gassen, es blieb trocken, tranken noch etwas im Caf\u00e9 Casino und dann war es schon Zeit zum Bus zur\u00fcckzukehren.<\/p>\n<p><a href=\"http:\/\/www.lindenhausen.de\/blog\/wp-content\/uploads\/2016\/06\/K1024_DSC_0930.jpg\"><img decoding=\"async\" loading=\"lazy\" class=\"aligncenter size-medium wp-image-2167\" src=\"http:\/\/www.lindenhausen.de\/blog\/wp-content\/uploads\/2016\/06\/K1024_DSC_0930-300x199.jpg\" alt=\"Santiago de Compostela\" width=\"300\" height=\"199\" srcset=\"http:\/\/www.lindenhausen.de\/blog\/wp-content\/uploads\/2016\/06\/K1024_DSC_0930-300x199.jpg 300w, http:\/\/www.lindenhausen.de\/blog\/wp-content\/uploads\/2016\/06\/K1024_DSC_0930-1024x678.jpg 1024w, http:\/\/www.lindenhausen.de\/blog\/wp-content\/uploads\/2016\/06\/K1024_DSC_0930.jpg 1160w\" sizes=\"(max-width: 300px) 100vw, 300px\" \/><\/a> <a href=\"http:\/\/www.lindenhausen.de\/blog\/wp-content\/uploads\/2016\/06\/K1024_DSC_0938.jpg\"><img decoding=\"async\" loading=\"lazy\" class=\"aligncenter size-medium wp-image-2168\" src=\"http:\/\/www.lindenhausen.de\/blog\/wp-content\/uploads\/2016\/06\/K1024_DSC_0938-300x199.jpg\" alt=\"Santiago de Compostela\" width=\"300\" height=\"199\" srcset=\"http:\/\/www.lindenhausen.de\/blog\/wp-content\/uploads\/2016\/06\/K1024_DSC_0938-300x199.jpg 300w, http:\/\/www.lindenhausen.de\/blog\/wp-content\/uploads\/2016\/06\/K1024_DSC_0938-1024x678.jpg 1024w, http:\/\/www.lindenhausen.de\/blog\/wp-content\/uploads\/2016\/06\/K1024_DSC_0938.jpg 1160w\" sizes=\"(max-width: 300px) 100vw, 300px\" \/><\/a> <a href=\"http:\/\/www.lindenhausen.de\/blog\/wp-content\/uploads\/2016\/06\/K1024_DSC_0943.jpg\"><img decoding=\"async\" loading=\"lazy\" class=\"aligncenter size-medium wp-image-2169\" src=\"http:\/\/www.lindenhausen.de\/blog\/wp-content\/uploads\/2016\/06\/K1024_DSC_0943-300x199.jpg\" alt=\"Santiago de Compostela\" width=\"300\" height=\"199\" srcset=\"http:\/\/www.lindenhausen.de\/blog\/wp-content\/uploads\/2016\/06\/K1024_DSC_0943-300x199.jpg 300w, http:\/\/www.lindenhausen.de\/blog\/wp-content\/uploads\/2016\/06\/K1024_DSC_0943-1024x678.jpg 1024w, http:\/\/www.lindenhausen.de\/blog\/wp-content\/uploads\/2016\/06\/K1024_DSC_0943.jpg 1160w\" sizes=\"(max-width: 300px) 100vw, 300px\" \/><\/a> <a href=\"http:\/\/www.lindenhausen.de\/blog\/wp-content\/uploads\/2016\/06\/K1024_DSC_0950-e1467051531203.jpg\"><img decoding=\"async\" loading=\"lazy\" class=\"aligncenter size-medium wp-image-2171\" src=\"http:\/\/www.lindenhausen.de\/blog\/wp-content\/uploads\/2016\/06\/K1024_DSC_0950-e1467051531203-199x300.jpg\" alt=\"Santiago de Compostela\" width=\"199\" height=\"300\" srcset=\"http:\/\/www.lindenhausen.de\/blog\/wp-content\/uploads\/2016\/06\/K1024_DSC_0950-e1467051531203-199x300.jpg 199w, http:\/\/www.lindenhausen.de\/blog\/wp-content\/uploads\/2016\/06\/K1024_DSC_0950-e1467051531203-679x1024.jpg 679w, http:\/\/www.lindenhausen.de\/blog\/wp-content\/uploads\/2016\/06\/K1024_DSC_0950-e1467051531203.jpg 768w\" sizes=\"(max-width: 199px) 100vw, 199px\" \/><\/a> <a href=\"http:\/\/www.lindenhausen.de\/blog\/wp-content\/uploads\/2016\/06\/K1024_DSC_0965-e1467051446806.jpg\"><img decoding=\"async\" loading=\"lazy\" class=\"aligncenter size-medium wp-image-2172\" src=\"http:\/\/www.lindenhausen.de\/blog\/wp-content\/uploads\/2016\/06\/K1024_DSC_0965-e1467051446806-199x300.jpg\" alt=\"Santiago de Compostela\" width=\"199\" height=\"300\" srcset=\"http:\/\/www.lindenhausen.de\/blog\/wp-content\/uploads\/2016\/06\/K1024_DSC_0965-e1467051446806-199x300.jpg 199w, http:\/\/www.lindenhausen.de\/blog\/wp-content\/uploads\/2016\/06\/K1024_DSC_0965-e1467051446806-679x1024.jpg 679w, http:\/\/www.lindenhausen.de\/blog\/wp-content\/uploads\/2016\/06\/K1024_DSC_0965-e1467051446806.jpg 768w\" sizes=\"(max-width: 199px) 100vw, 199px\" \/><\/a> <a href=\"http:\/\/www.lindenhausen.de\/blog\/wp-content\/uploads\/2016\/06\/K1024_DSC_0973.jpg\"><img decoding=\"async\" loading=\"lazy\" class=\"aligncenter size-medium wp-image-2173\" src=\"http:\/\/www.lindenhausen.de\/blog\/wp-content\/uploads\/2016\/06\/K1024_DSC_0973-300x199.jpg\" alt=\"Santiago de Compostela\" width=\"300\" height=\"199\" srcset=\"http:\/\/www.lindenhausen.de\/blog\/wp-content\/uploads\/2016\/06\/K1024_DSC_0973-300x199.jpg 300w, http:\/\/www.lindenhausen.de\/blog\/wp-content\/uploads\/2016\/06\/K1024_DSC_0973-1024x678.jpg 1024w, http:\/\/www.lindenhausen.de\/blog\/wp-content\/uploads\/2016\/06\/K1024_DSC_0973.jpg 1160w\" sizes=\"(max-width: 300px) 100vw, 300px\" \/><\/a><br \/>\nIn Vigo war dann noch gen\u00fcgend Zeit zum Bummeln und shoppen, leider aber wollte das Wetter nun nicht mehr und es regnete ausgiebig.<br \/>\nWir versuchten das Ganze noch bei einem Glas Wein auszusitzen, wurden dabei noch gro\u00dfz\u00fcgig mit Nudelsalat und Knapper Zeugs versorgt. Der Rechnungsbetrag f\u00fcr 3 Glas Wei\u00dfwein und einem Bier lag bei \u201estolzen\u201c 8 Euro.<br \/>\nRecht bald zog es uns dann doch aufs Schiff, es war einfach nasskalt.<br \/>\nWhite Night war angesagt und recht viele G\u00e4ste setzten das Motto um.<br \/>\nWir bewunderten die Eisskulpturen, genossen die Showeinlagen und tanzten gerne mit. Sp\u00e4ter dann noch ein Absacker im Atrium wo wir ein letztes T\u00e4nzchen wagten.<\/p>\n<p><a title=\"Seetag und Cherbourg\" href=\"http:\/\/www.lindenhausen.de\/blog\/reiseberichte-costa\/costa-favolosa-05-2016-rund-um-westeuropa\/seetag-und-cherbourg\/\">hier gehts es weiter <\/a><\/p>\n<p>&nbsp;<\/p>\n","protected":false},"excerpt":{"rendered":"<p>Schon lange wollte ich nach Santiago de Compostela aber gescheitert war es an Unlust, den Fahrzeiten der Z\u00fcge und wenig Lust an einem gef\u00fchrten Ausflug teilzunehmen. Ich wollte ja nur bitte die Messe besuchen, in Ruhe. Nach einem Tipp von Dirk wollte wir einen \u00f6rtlichen Ausflugsanbieter nutzen, aber Barbara machte mich dann darauf aufmerksam das &hellip; <a href=\"http:\/\/www.lindenhausen.de\/blog\/reiseberichte-costa\/costa-favolosa-05-2016-rund-um-westeuropa\/vigo-santiago-de-compostela\/\" class=\"more-link\"><span class=\"screen-reader-text\">Vigo-Santiago de Compostela<\/span> weiterlesen <span class=\"meta-nav\">&rarr;<\/span><\/a><\/p>\n","protected":false},"author":1,"featured_media":0,"parent":2086,"menu_order":5,"comment_status":"open","ping_status":"open","template":"","meta":{"_monsterinsights_skip_tracking":false,"_monsterinsights_sitenote_active":false,"_monsterinsights_sitenote_note":"","_monsterinsights_sitenote_category":0},"yoast_head":"<!-- This site is optimized with the Yoast SEO plugin v21.0 - https:\/\/yoast.com\/wordpress\/plugins\/seo\/ -->\n<title>Vigo-Santiago de Compostela - Lindenhausen-weil Reisen Spa\u00df macht<\/title>\n<meta name=\"robots\" content=\"index, follow, max-snippet:-1, max-image-preview:large, max-video-preview:-1\" \/>\n<link rel=\"canonical\" href=\"https:\/\/www.lindenhausen.de\/blog\/reiseberichte-costa\/costa-favolosa-05-2016-rund-um-westeuropa\/vigo-santiago-de-compostela\/\" \/>\n<meta property=\"og:locale\" content=\"de_DE\" \/>\n<meta property=\"og:type\" content=\"article\" \/>\n<meta property=\"og:title\" content=\"Vigo-Santiago de Compostela - Lindenhausen-weil Reisen Spa\u00df macht\" \/>\n<meta property=\"og:description\" content=\"Schon lange wollte ich nach Santiago de Compostela aber gescheitert war es an Unlust, den Fahrzeiten der Z\u00fcge und wenig Lust an einem gef\u00fchrten Ausflug teilzunehmen. Ich wollte ja nur bitte die Messe besuchen, in Ruhe. Nach einem Tipp von Dirk wollte wir einen \u00f6rtlichen Ausflugsanbieter nutzen, aber Barbara machte mich dann darauf aufmerksam das &hellip; Vigo-Santiago de Compostela weiterlesen &rarr;\" \/>\n<meta property=\"og:url\" content=\"https:\/\/www.lindenhausen.de\/blog\/reiseberichte-costa\/costa-favolosa-05-2016-rund-um-westeuropa\/vigo-santiago-de-compostela\/\" \/>\n<meta property=\"og:site_name\" content=\"Lindenhausen-weil Reisen Spa\u00df macht\" \/>\n<meta property=\"article:publisher\" content=\"http:\/\/www.facebook.com\/Lindenhausen\/\" \/>\n<meta property=\"article:modified_time\" content=\"2016-06-27T20:43:11+00:00\" \/>\n<meta property=\"og:image\" content=\"http:\/\/www.lindenhausen.de\/blog\/wp-content\/uploads\/2016\/06\/K1024_DSC_0930-300x199.jpg\" \/>\n<meta name=\"twitter:card\" content=\"summary_large_image\" \/>\n<meta name=\"twitter:site\" content=\"@Maxilinde\" \/>\n<meta name=\"twitter:label1\" content=\"Gesch\u00e4tzte Lesezeit\" \/>\n\t<meta name=\"twitter:data1\" content=\"2\u00a0Minuten\" \/>\n<script type=\"application\/ld+json\" class=\"yoast-schema-graph\">{\"@context\":\"https:\/\/schema.org\",\"@graph\":[{\"@type\":\"WebPage\",\"@id\":\"https:\/\/www.lindenhausen.de\/blog\/reiseberichte-costa\/costa-favolosa-05-2016-rund-um-westeuropa\/vigo-santiago-de-compostela\/\",\"url\":\"https:\/\/www.lindenhausen.de\/blog\/reiseberichte-costa\/costa-favolosa-05-2016-rund-um-westeuropa\/vigo-santiago-de-compostela\/\",\"name\":\"Vigo-Santiago de Compostela - Lindenhausen-weil Reisen Spa\u00df macht\",\"isPartOf\":{\"@id\":\"https:\/\/www.lindenhausen.de\/blog\/#website\"},\"datePublished\":\"2016-06-27T20:04:23+00:00\",\"dateModified\":\"2016-06-27T20:43:11+00:00\",\"breadcrumb\":{\"@id\":\"https:\/\/www.lindenhausen.de\/blog\/reiseberichte-costa\/costa-favolosa-05-2016-rund-um-westeuropa\/vigo-santiago-de-compostela\/#breadcrumb\"},\"inLanguage\":\"de\",\"potentialAction\":[{\"@type\":\"ReadAction\",\"target\":[\"https:\/\/www.lindenhausen.de\/blog\/reiseberichte-costa\/costa-favolosa-05-2016-rund-um-westeuropa\/vigo-santiago-de-compostela\/\"]}]},{\"@type\":\"BreadcrumbList\",\"@id\":\"https:\/\/www.lindenhausen.de\/blog\/reiseberichte-costa\/costa-favolosa-05-2016-rund-um-westeuropa\/vigo-santiago-de-compostela\/#breadcrumb\",\"itemListElement\":[{\"@type\":\"ListItem\",\"position\":1,\"name\":\"Startseite\",\"item\":\"https:\/\/www.lindenhausen.de\/blog\/\"},{\"@type\":\"ListItem\",\"position\":2,\"name\":\"Reiseberichte Costa Kreuzfahrten\",\"item\":\"http:\/\/www.lindenhausen.de\/blog\/reiseberichte-costa\/\"},{\"@type\":\"ListItem\",\"position\":3,\"name\":\"Costa Favolosa 05.2016-rund um Westeuropa\",\"item\":\"https:\/\/www.lindenhausen.de\/blog\/reiseberichte-costa\/costa-favolosa-05-2016-rund-um-westeuropa\/\"},{\"@type\":\"ListItem\",\"position\":4,\"name\":\"Vigo-Santiago de Compostela\"}]},{\"@type\":\"WebSite\",\"@id\":\"https:\/\/www.lindenhausen.de\/blog\/#website\",\"url\":\"https:\/\/www.lindenhausen.de\/blog\/\",\"name\":\"Lindenhausen-weil Reisen Spa\u00df macht\",\"description\":\"Reisen und Kreuzfahrten, Reiseberichte, Kreuzfahrtforum\",\"potentialAction\":[{\"@type\":\"SearchAction\",\"target\":{\"@type\":\"EntryPoint\",\"urlTemplate\":\"https:\/\/www.lindenhausen.de\/blog\/?s={search_term_string}\"},\"query-input\":\"required name=search_term_string\"}],\"inLanguage\":\"de\"}]}<\/script>\n<!-- \/ Yoast SEO plugin. -->","yoast_head_json":{"title":"Vigo-Santiago de Compostela - Lindenhausen-weil Reisen Spa\u00df macht","robots":{"index":"index","follow":"follow","max-snippet":"max-snippet:-1","max-image-preview":"max-image-preview:large","max-video-preview":"max-video-preview:-1"},"canonical":"https:\/\/www.lindenhausen.de\/blog\/reiseberichte-costa\/costa-favolosa-05-2016-rund-um-westeuropa\/vigo-santiago-de-compostela\/","og_locale":"de_DE","og_type":"article","og_title":"Vigo-Santiago de Compostela - Lindenhausen-weil Reisen Spa\u00df macht","og_description":"Schon lange wollte ich nach Santiago de Compostela aber gescheitert war es an Unlust, den Fahrzeiten der Z\u00fcge und wenig Lust an einem gef\u00fchrten Ausflug teilzunehmen. Ich wollte ja nur bitte die Messe besuchen, in Ruhe. Nach einem Tipp von Dirk wollte wir einen \u00f6rtlichen Ausflugsanbieter nutzen, aber Barbara machte mich dann darauf aufmerksam das &hellip; Vigo-Santiago de Compostela weiterlesen &rarr;","og_url":"https:\/\/www.lindenhausen.de\/blog\/reiseberichte-costa\/costa-favolosa-05-2016-rund-um-westeuropa\/vigo-santiago-de-compostela\/","og_site_name":"Lindenhausen-weil Reisen Spa\u00df macht","article_publisher":"http:\/\/www.facebook.com\/Lindenhausen\/","article_modified_time":"2016-06-27T20:43:11+00:00","og_image":[{"url":"http:\/\/www.lindenhausen.de\/blog\/wp-content\/uploads\/2016\/06\/K1024_DSC_0930-300x199.jpg"}],"twitter_card":"summary_large_image","twitter_site":"@Maxilinde","twitter_misc":{"Gesch\u00e4tzte Lesezeit":"2\u00a0Minuten"},"schema":{"@context":"https:\/\/schema.org","@graph":[{"@type":"WebPage","@id":"https:\/\/www.lindenhausen.de\/blog\/reiseberichte-costa\/costa-favolosa-05-2016-rund-um-westeuropa\/vigo-santiago-de-compostela\/","url":"https:\/\/www.lindenhausen.de\/blog\/reiseberichte-costa\/costa-favolosa-05-2016-rund-um-westeuropa\/vigo-santiago-de-compostela\/","name":"Vigo-Santiago de Compostela - Lindenhausen-weil Reisen Spa\u00df macht","isPartOf":{"@id":"https:\/\/www.lindenhausen.de\/blog\/#website"},"datePublished":"2016-06-27T20:04:23+00:00","dateModified":"2016-06-27T20:43:11+00:00","breadcrumb":{"@id":"https:\/\/www.lindenhausen.de\/blog\/reiseberichte-costa\/costa-favolosa-05-2016-rund-um-westeuropa\/vigo-santiago-de-compostela\/#breadcrumb"},"inLanguage":"de","potentialAction":[{"@type":"ReadAction","target":["https:\/\/www.lindenhausen.de\/blog\/reiseberichte-costa\/costa-favolosa-05-2016-rund-um-westeuropa\/vigo-santiago-de-compostela\/"]}]},{"@type":"BreadcrumbList","@id":"https:\/\/www.lindenhausen.de\/blog\/reiseberichte-costa\/costa-favolosa-05-2016-rund-um-westeuropa\/vigo-santiago-de-compostela\/#breadcrumb","itemListElement":[{"@type":"ListItem","position":1,"name":"Startseite","item":"https:\/\/www.lindenhausen.de\/blog\/"},{"@type":"ListItem","position":2,"name":"Reiseberichte Costa Kreuzfahrten","item":"http:\/\/www.lindenhausen.de\/blog\/reiseberichte-costa\/"},{"@type":"ListItem","position":3,"name":"Costa Favolosa 05.2016-rund um Westeuropa","item":"https:\/\/www.lindenhausen.de\/blog\/reiseberichte-costa\/costa-favolosa-05-2016-rund-um-westeuropa\/"},{"@type":"ListItem","position":4,"name":"Vigo-Santiago de Compostela"}]},{"@type":"WebSite","@id":"https:\/\/www.lindenhausen.de\/blog\/#website","url":"https:\/\/www.lindenhausen.de\/blog\/","name":"Lindenhausen-weil Reisen Spa\u00df macht","description":"Reisen und Kreuzfahrten, Reiseberichte, Kreuzfahrtforum","potentialAction":[{"@type":"SearchAction","target":{"@type":"EntryPoint","urlTemplate":"https:\/\/www.lindenhausen.de\/blog\/?s={search_term_string}"},"query-input":"required name=search_term_string"}],"inLanguage":"de"}]}},"_links":{"self":[{"href":"http:\/\/www.lindenhausen.de\/blog\/wp-json\/wp\/v2\/pages\/2282"}],"collection":[{"href":"http:\/\/www.lindenhausen.de\/blog\/wp-json\/wp\/v2\/pages"}],"about":[{"href":"http:\/\/www.lindenhausen.de\/blog\/wp-json\/wp\/v2\/types\/page"}],"author":[{"embeddable":true,"href":"http:\/\/www.lindenhausen.de\/blog\/wp-json\/wp\/v2\/users\/1"}],"replies":[{"embeddable":true,"href":"http:\/\/www.lindenhausen.de\/blog\/wp-json\/wp\/v2\/comments?post=2282"}],"version-history":[{"count":2,"href":"http:\/\/www.lindenhausen.de\/blog\/wp-json\/wp\/v2\/pages\/2282\/revisions"}],"predecessor-version":[{"id":2302,"href":"http:\/\/www.lindenhausen.de\/blog\/wp-json\/wp\/v2\/pages\/2282\/revisions\/2302"}],"up":[{"embeddable":true,"href":"http:\/\/www.lindenhausen.de\/blog\/wp-json\/wp\/v2\/pages\/2086"}],"wp:attachment":[{"href":"http:\/\/www.lindenhausen.de\/blog\/wp-json\/wp\/v2\/media?parent=2282"}],"curies":[{"name":"wp","href":"https:\/\/api.w.org\/{rel}","templated":true}]}}