{"id":2280,"date":"2016-06-27T21:57:25","date_gmt":"2016-06-27T19:57:25","guid":{"rendered":"http:\/\/www.lindenhausen.de\/blog\/?page_id=2280"},"modified":"2016-06-27T22:42:25","modified_gmt":"2016-06-27T20:42:25","slug":"lissabon","status":"publish","type":"page","link":"http:\/\/www.lindenhausen.de\/blog\/reiseberichte-costa\/costa-favolosa-05-2016-rund-um-westeuropa\/lissabon\/","title":{"rendered":"Lissabon"},"content":{"rendered":"<p>Schon die Einfahrt nach Lissabon war wieder ein Erlebnis. Der Liegeplatz auch diesmal unweit der Altstadt, also konnten wir zu Fu\u00df in die Stadt bummeln.<br \/>\nUnser erstes Ziel war der Praca do comercio, ein guter Ausgangspunkt um ein wenig Stadtgeschichte zu erkl\u00e4ren, unsere Mitreisenden kannten Lissabon ja noch nicht.<br \/>\nDann weiter zur Markthalle die nunmehr fertig restauriert ist. Sehenswert die wunderbaren Fliesen, Besuchens Wert der neue Foodcourt.<br \/>\nBergauf zum Auszug und zur Kirche de Camo die heute ein Museum ist. Von hier hat mal eine fantastische Aussicht \u00fcber die D\u00e4cher von Lissabon.<br \/>\nUnser Stadtspaziergang f\u00fchrte uns nun \u00fcber den Praca Dom Pedro zum Bahnhof und dem Theater Palacio Foz dann ein St\u00fcck Richtung Marques de Pombal Denkmal. Dort wechselten wir auf die andere Seite des Boulevards, wer Geld \u00fcbrig hat kann es hier gut loswerden.<br \/>\nIn einem Lokal wurde bayerisches Bierfest gefeiert-zu Preisen wie am Oktoberfest.<\/p>\n<p><a href=\"http:\/\/www.lindenhausen.de\/blog\/wp-content\/uploads\/2016\/06\/K1024_DSC_0798.jpg\"><img decoding=\"async\" loading=\"lazy\" class=\"aligncenter size-medium wp-image-2155\" src=\"http:\/\/www.lindenhausen.de\/blog\/wp-content\/uploads\/2016\/06\/K1024_DSC_0798-300x199.jpg\" alt=\"Lissabon\" width=\"300\" height=\"199\" srcset=\"http:\/\/www.lindenhausen.de\/blog\/wp-content\/uploads\/2016\/06\/K1024_DSC_0798-300x199.jpg 300w, http:\/\/www.lindenhausen.de\/blog\/wp-content\/uploads\/2016\/06\/K1024_DSC_0798-1024x678.jpg 1024w, http:\/\/www.lindenhausen.de\/blog\/wp-content\/uploads\/2016\/06\/K1024_DSC_0798.jpg 1160w\" sizes=\"(max-width: 300px) 100vw, 300px\" \/><\/a> <a href=\"http:\/\/www.lindenhausen.de\/blog\/wp-content\/uploads\/2016\/06\/K1024_DSC_0800-e1467051753736.jpg\"><img decoding=\"async\" loading=\"lazy\" class=\"aligncenter size-medium wp-image-2156\" src=\"http:\/\/www.lindenhausen.de\/blog\/wp-content\/uploads\/2016\/06\/K1024_DSC_0800-e1467051753736-199x300.jpg\" alt=\"Lissabon\" width=\"199\" height=\"300\" srcset=\"http:\/\/www.lindenhausen.de\/blog\/wp-content\/uploads\/2016\/06\/K1024_DSC_0800-e1467051753736-199x300.jpg 199w, http:\/\/www.lindenhausen.de\/blog\/wp-content\/uploads\/2016\/06\/K1024_DSC_0800-e1467051753736-679x1024.jpg 679w, http:\/\/www.lindenhausen.de\/blog\/wp-content\/uploads\/2016\/06\/K1024_DSC_0800-e1467051753736.jpg 768w\" sizes=\"(max-width: 199px) 100vw, 199px\" \/><\/a> <a href=\"http:\/\/www.lindenhausen.de\/blog\/wp-content\/uploads\/2016\/06\/K1024_DSC_0802-e1467051734991.jpg\"><img decoding=\"async\" loading=\"lazy\" class=\"aligncenter size-medium wp-image-2157\" src=\"http:\/\/www.lindenhausen.de\/blog\/wp-content\/uploads\/2016\/06\/K1024_DSC_0802-e1467051734991-199x300.jpg\" alt=\"Lissabon\" width=\"199\" height=\"300\" srcset=\"http:\/\/www.lindenhausen.de\/blog\/wp-content\/uploads\/2016\/06\/K1024_DSC_0802-e1467051734991-199x300.jpg 199w, http:\/\/www.lindenhausen.de\/blog\/wp-content\/uploads\/2016\/06\/K1024_DSC_0802-e1467051734991-679x1024.jpg 679w, http:\/\/www.lindenhausen.de\/blog\/wp-content\/uploads\/2016\/06\/K1024_DSC_0802-e1467051734991.jpg 768w\" sizes=\"(max-width: 199px) 100vw, 199px\" \/><\/a> <a href=\"http:\/\/www.lindenhausen.de\/blog\/wp-content\/uploads\/2016\/06\/K1024_DSC_0804.jpg\"><img decoding=\"async\" loading=\"lazy\" class=\"aligncenter size-medium wp-image-2158\" src=\"http:\/\/www.lindenhausen.de\/blog\/wp-content\/uploads\/2016\/06\/K1024_DSC_0804-300x199.jpg\" alt=\"Lissabon\" width=\"300\" height=\"199\" srcset=\"http:\/\/www.lindenhausen.de\/blog\/wp-content\/uploads\/2016\/06\/K1024_DSC_0804-300x199.jpg 300w, http:\/\/www.lindenhausen.de\/blog\/wp-content\/uploads\/2016\/06\/K1024_DSC_0804-1024x678.jpg 1024w, http:\/\/www.lindenhausen.de\/blog\/wp-content\/uploads\/2016\/06\/K1024_DSC_0804.jpg 1160w\" sizes=\"(max-width: 300px) 100vw, 300px\" \/><\/a> <a href=\"http:\/\/www.lindenhausen.de\/blog\/wp-content\/uploads\/2016\/06\/K1024_DSC_0811-e1467051709220.jpg\"><img decoding=\"async\" loading=\"lazy\" class=\"aligncenter size-medium wp-image-2159\" src=\"http:\/\/www.lindenhausen.de\/blog\/wp-content\/uploads\/2016\/06\/K1024_DSC_0811-e1467051709220-199x300.jpg\" alt=\"Lissabon\" width=\"199\" height=\"300\" srcset=\"http:\/\/www.lindenhausen.de\/blog\/wp-content\/uploads\/2016\/06\/K1024_DSC_0811-e1467051709220-199x300.jpg 199w, http:\/\/www.lindenhausen.de\/blog\/wp-content\/uploads\/2016\/06\/K1024_DSC_0811-e1467051709220-679x1024.jpg 679w, http:\/\/www.lindenhausen.de\/blog\/wp-content\/uploads\/2016\/06\/K1024_DSC_0811-e1467051709220.jpg 768w\" sizes=\"(max-width: 199px) 100vw, 199px\" \/><\/a> <a href=\"http:\/\/www.lindenhausen.de\/blog\/wp-content\/uploads\/2016\/06\/K1024_DSC_0816.jpg\"><img decoding=\"async\" loading=\"lazy\" class=\"aligncenter size-medium wp-image-2160\" src=\"http:\/\/www.lindenhausen.de\/blog\/wp-content\/uploads\/2016\/06\/K1024_DSC_0816-300x199.jpg\" alt=\"Lissabon\" width=\"300\" height=\"199\" srcset=\"http:\/\/www.lindenhausen.de\/blog\/wp-content\/uploads\/2016\/06\/K1024_DSC_0816-300x199.jpg 300w, http:\/\/www.lindenhausen.de\/blog\/wp-content\/uploads\/2016\/06\/K1024_DSC_0816-1024x678.jpg 1024w, http:\/\/www.lindenhausen.de\/blog\/wp-content\/uploads\/2016\/06\/K1024_DSC_0816.jpg 1160w\" sizes=\"(max-width: 300px) 100vw, 300px\" \/><\/a><br \/>\nHunger machte sich breit und ich fand ziemlich schnell unser kleines Lokal wieder, in dem wir schon mehrmals gut gegessen hatten. Frischer Fisch, eine Flasche Wei\u00dfwein dazu, dazu in der warmen Sonne sitzen, Herz was willst Du mehr?<br \/>\nSatt und zufrieden machten wir uns auf den Weg zum Aussichtspunkt Miradouro Santa Luzia, wir gingen zu Fu\u00df denn die Stra\u00dfenbahn sieht von au\u00dfen interessanter aus als von innen.<br \/>\nEs herrschte das \u00fcbliche Gewusel aus Stra\u00dfenverk\u00e4ufern, Ritschka-Fahrern, Reisegruppen, Stra\u00dfenmusikern und dem Alltagsverkehr.<br \/>\nWir genossen den herrlichen Ausblick, auf Lissabon, den Tejo, die Costa Favolosa, FTI Berlin und die Hamburg. Ein Stra\u00dfenmusiker spielte Salsa, ein Moment zu genie\u00dfen.<br \/>\nDann ging es schon wieder in Richtung Schiff, vorbei am Fado-Museum. Die ganze Uferpromenade ist im Moment eine gro\u00dfe Baustelle, ein neues Hafenterminal wird gebaut und entlang des Tejo wohl auch einige Baus\u00fcnden abgerissen.<\/p>\n<p><a href=\"http:\/\/www.lindenhausen.de\/blog\/wp-content\/uploads\/2016\/06\/K1024_DSC_0835.jpg\"><img decoding=\"async\" loading=\"lazy\" class=\"aligncenter size-medium wp-image-2161\" src=\"http:\/\/www.lindenhausen.de\/blog\/wp-content\/uploads\/2016\/06\/K1024_DSC_0835-300x199.jpg\" alt=\"Lissabon\" width=\"300\" height=\"199\" srcset=\"http:\/\/www.lindenhausen.de\/blog\/wp-content\/uploads\/2016\/06\/K1024_DSC_0835-300x199.jpg 300w, http:\/\/www.lindenhausen.de\/blog\/wp-content\/uploads\/2016\/06\/K1024_DSC_0835-1024x678.jpg 1024w, http:\/\/www.lindenhausen.de\/blog\/wp-content\/uploads\/2016\/06\/K1024_DSC_0835.jpg 1160w\" sizes=\"(max-width: 300px) 100vw, 300px\" \/><\/a> <a href=\"http:\/\/www.lindenhausen.de\/blog\/wp-content\/uploads\/2016\/06\/K1024_DSC_0838.jpg\"><img decoding=\"async\" loading=\"lazy\" class=\"aligncenter size-medium wp-image-2162\" src=\"http:\/\/www.lindenhausen.de\/blog\/wp-content\/uploads\/2016\/06\/K1024_DSC_0838-300x199.jpg\" alt=\"Lissabon\" width=\"300\" height=\"199\" srcset=\"http:\/\/www.lindenhausen.de\/blog\/wp-content\/uploads\/2016\/06\/K1024_DSC_0838-300x199.jpg 300w, http:\/\/www.lindenhausen.de\/blog\/wp-content\/uploads\/2016\/06\/K1024_DSC_0838-1024x678.jpg 1024w, http:\/\/www.lindenhausen.de\/blog\/wp-content\/uploads\/2016\/06\/K1024_DSC_0838.jpg 1160w\" sizes=\"(max-width: 300px) 100vw, 300px\" \/><\/a> <a href=\"http:\/\/www.lindenhausen.de\/blog\/wp-content\/uploads\/2016\/06\/K1024_DSC_0868.jpg\"><img decoding=\"async\" loading=\"lazy\" class=\"aligncenter size-medium wp-image-2164\" src=\"http:\/\/www.lindenhausen.de\/blog\/wp-content\/uploads\/2016\/06\/K1024_DSC_0868-300x199.jpg\" alt=\"Lissabon\" width=\"300\" height=\"199\" srcset=\"http:\/\/www.lindenhausen.de\/blog\/wp-content\/uploads\/2016\/06\/K1024_DSC_0868-300x199.jpg 300w, http:\/\/www.lindenhausen.de\/blog\/wp-content\/uploads\/2016\/06\/K1024_DSC_0868-1024x678.jpg 1024w, http:\/\/www.lindenhausen.de\/blog\/wp-content\/uploads\/2016\/06\/K1024_DSC_0868.jpg 1160w\" sizes=\"(max-width: 300px) 100vw, 300px\" \/><\/a><br \/>\nWir erholten uns von den 14 km, die wir zu Fu\u00df zur\u00fcckgelegt hatten bei einem entspannenden Bad im Whirlpool vor der sch\u00f6nen Stadtkulisse.<br \/>\nJeffrey versorgte uns mit Getr\u00e4nken, \u00fcberhaupt war der Service \u00fcberall schnell und aufmerksam. Wie so oft macht aber auch der Ton die Musik.<br \/>\nDie Ausfahrt erlebten wir oben am Schornstein, es war leider sehr windig und das war dann auch schon ein Vorbote auf den Wellengang am Abend.<br \/>\nJetzt hie\u00df es wieder Abschied nehmen von einer meiner Lieblingsst\u00e4dte. Vorbei an den sch\u00f6nen Pl\u00e4tzen und Kirchen der Stadt nahmen wir Fahrt auf, unterquerten die Ponte de 25.Abril, immer wieder ein spektakul\u00e4rer Anblick und wurden am Tor von Belem in den Atlantik entlassen.<\/p>\n<p><a href=\"http:\/\/www.lindenhausen.de\/blog\/wp-content\/uploads\/2016\/06\/K1024_DSC_0895-e1467051628926.jpg\"><img decoding=\"async\" loading=\"lazy\" class=\"aligncenter size-medium wp-image-2165\" src=\"http:\/\/www.lindenhausen.de\/blog\/wp-content\/uploads\/2016\/06\/K1024_DSC_0895-e1467051628926-199x300.jpg\" alt=\"Lissabon\" width=\"199\" height=\"300\" srcset=\"http:\/\/www.lindenhausen.de\/blog\/wp-content\/uploads\/2016\/06\/K1024_DSC_0895-e1467051628926-199x300.jpg 199w, http:\/\/www.lindenhausen.de\/blog\/wp-content\/uploads\/2016\/06\/K1024_DSC_0895-e1467051628926-679x1024.jpg 679w, http:\/\/www.lindenhausen.de\/blog\/wp-content\/uploads\/2016\/06\/K1024_DSC_0895-e1467051628926.jpg 768w\" sizes=\"(max-width: 199px) 100vw, 199px\" \/><\/a> <a href=\"http:\/\/www.lindenhausen.de\/blog\/wp-content\/uploads\/2016\/06\/K1024_DSC_0903.jpg\"><img decoding=\"async\" loading=\"lazy\" class=\"aligncenter size-medium wp-image-2166\" src=\"http:\/\/www.lindenhausen.de\/blog\/wp-content\/uploads\/2016\/06\/K1024_DSC_0903-300x199.jpg\" alt=\"Lissabon\" width=\"300\" height=\"199\" srcset=\"http:\/\/www.lindenhausen.de\/blog\/wp-content\/uploads\/2016\/06\/K1024_DSC_0903-300x199.jpg 300w, http:\/\/www.lindenhausen.de\/blog\/wp-content\/uploads\/2016\/06\/K1024_DSC_0903-1024x678.jpg 1024w, http:\/\/www.lindenhausen.de\/blog\/wp-content\/uploads\/2016\/06\/K1024_DSC_0903.jpg 1160w\" sizes=\"(max-width: 300px) 100vw, 300px\" \/><\/a> <a href=\"http:\/\/www.lindenhausen.de\/blog\/wp-content\/uploads\/2016\/06\/K1024_IMG_1216-e1467048889103.jpg\"><img decoding=\"async\" loading=\"lazy\" class=\"aligncenter size-medium wp-image-2153\" src=\"http:\/\/www.lindenhausen.de\/blog\/wp-content\/uploads\/2016\/06\/K1024_IMG_1216-e1467048889103-225x300.jpg\" alt=\"Lissabon\" width=\"225\" height=\"300\" srcset=\"http:\/\/www.lindenhausen.de\/blog\/wp-content\/uploads\/2016\/06\/K1024_IMG_1216-e1467048889103-225x300.jpg 225w, http:\/\/www.lindenhausen.de\/blog\/wp-content\/uploads\/2016\/06\/K1024_IMG_1216-e1467048889103.jpg 768w\" sizes=\"(max-width: 225px) 100vw, 225px\" \/><\/a><br \/>\nDas Meer war sehr unruhig und wir hatten innerhalb von k\u00fcrzester Zeit mit starken Nebel zu k\u00e4mpfen, es dauerte von Sonne satt bis zu Nebel und Eisesk\u00e4lte keine 30 Minuten.<br \/>\nAlle 2 Minuten war das Nebelhorn zu h\u00f6ren.<br \/>\nDamit fand der VIP Cocktail leider auch ohne Kapit\u00e4n und technische Offiziere statt, Sicherheit geht vor.<br \/>\nAuch die T\u00fcren zum Promenadendeck wurden verschlossen.<br \/>\nDer Wellengang f\u00fchrte bei dem einem oder anderem f\u00fcr Unwohlsein, er war nicht schlimm aber nicht jedermanns Sache. So waren auch wir f\u00fcr den Rest des Abends nur noch zu dritt, gingen noch etwas trinken und recht fr\u00fch ins Bett denn die Uhren wurden heute Nacht wieder umgestellt, es fehlte also eine Stunde Schlaf.<\/p>\n<p><a title=\"Vigo-Santiago de Compostela\" href=\"http:\/\/www.lindenhausen.de\/blog\/reiseberichte-costa\/costa-favolosa-05-2016-rund-um-westeuropa\/vigo-santiago-de-compostela\/\">hier gehts es weiter <\/a><\/p>\n","protected":false},"excerpt":{"rendered":"<p>Schon die Einfahrt nach Lissabon war wieder ein Erlebnis. Der Liegeplatz auch diesmal unweit der Altstadt, also konnten wir zu Fu\u00df in die Stadt bummeln. Unser erstes Ziel war der Praca do comercio, ein guter Ausgangspunkt um ein wenig Stadtgeschichte zu erkl\u00e4ren, unsere Mitreisenden kannten Lissabon ja noch nicht. Dann weiter zur Markthalle die nunmehr &hellip; <a href=\"http:\/\/www.lindenhausen.de\/blog\/reiseberichte-costa\/costa-favolosa-05-2016-rund-um-westeuropa\/lissabon\/\" class=\"more-link\"><span class=\"screen-reader-text\">Lissabon<\/span> weiterlesen <span class=\"meta-nav\">&rarr;<\/span><\/a><\/p>\n","protected":false},"author":1,"featured_media":0,"parent":2086,"menu_order":4,"comment_status":"open","ping_status":"open","template":"","meta":{"_monsterinsights_skip_tracking":false,"_monsterinsights_sitenote_active":false,"_monsterinsights_sitenote_note":"","_monsterinsights_sitenote_category":0},"yoast_head":"<!-- This site is optimized with the Yoast SEO plugin v21.0 - https:\/\/yoast.com\/wordpress\/plugins\/seo\/ -->\n<title>Lissabon - Lindenhausen-weil Reisen Spa\u00df macht<\/title>\n<meta name=\"robots\" content=\"index, follow, max-snippet:-1, max-image-preview:large, max-video-preview:-1\" \/>\n<link rel=\"canonical\" href=\"https:\/\/www.lindenhausen.de\/blog\/reiseberichte-costa\/costa-favolosa-05-2016-rund-um-westeuropa\/lissabon\/\" \/>\n<meta property=\"og:locale\" content=\"de_DE\" \/>\n<meta property=\"og:type\" content=\"article\" \/>\n<meta property=\"og:title\" content=\"Lissabon - Lindenhausen-weil Reisen Spa\u00df macht\" \/>\n<meta property=\"og:description\" content=\"Schon die Einfahrt nach Lissabon war wieder ein Erlebnis. Der Liegeplatz auch diesmal unweit der Altstadt, also konnten wir zu Fu\u00df in die Stadt bummeln. Unser erstes Ziel war der Praca do comercio, ein guter Ausgangspunkt um ein wenig Stadtgeschichte zu erkl\u00e4ren, unsere Mitreisenden kannten Lissabon ja noch nicht. Dann weiter zur Markthalle die nunmehr &hellip; Lissabon weiterlesen &rarr;\" \/>\n<meta property=\"og:url\" content=\"https:\/\/www.lindenhausen.de\/blog\/reiseberichte-costa\/costa-favolosa-05-2016-rund-um-westeuropa\/lissabon\/\" \/>\n<meta property=\"og:site_name\" content=\"Lindenhausen-weil Reisen Spa\u00df macht\" \/>\n<meta property=\"article:publisher\" content=\"http:\/\/www.facebook.com\/Lindenhausen\/\" \/>\n<meta property=\"article:modified_time\" content=\"2016-06-27T20:42:25+00:00\" \/>\n<meta property=\"og:image\" content=\"http:\/\/www.lindenhausen.de\/blog\/wp-content\/uploads\/2016\/06\/K1024_DSC_0798-300x199.jpg\" \/>\n<meta name=\"twitter:card\" content=\"summary_large_image\" \/>\n<meta name=\"twitter:site\" content=\"@Maxilinde\" \/>\n<meta name=\"twitter:label1\" content=\"Gesch\u00e4tzte Lesezeit\" \/>\n\t<meta name=\"twitter:data1\" content=\"3\u00a0Minuten\" \/>\n<script type=\"application\/ld+json\" class=\"yoast-schema-graph\">{\"@context\":\"https:\/\/schema.org\",\"@graph\":[{\"@type\":\"WebPage\",\"@id\":\"https:\/\/www.lindenhausen.de\/blog\/reiseberichte-costa\/costa-favolosa-05-2016-rund-um-westeuropa\/lissabon\/\",\"url\":\"https:\/\/www.lindenhausen.de\/blog\/reiseberichte-costa\/costa-favolosa-05-2016-rund-um-westeuropa\/lissabon\/\",\"name\":\"Lissabon - Lindenhausen-weil Reisen Spa\u00df macht\",\"isPartOf\":{\"@id\":\"https:\/\/www.lindenhausen.de\/blog\/#website\"},\"datePublished\":\"2016-06-27T19:57:25+00:00\",\"dateModified\":\"2016-06-27T20:42:25+00:00\",\"breadcrumb\":{\"@id\":\"https:\/\/www.lindenhausen.de\/blog\/reiseberichte-costa\/costa-favolosa-05-2016-rund-um-westeuropa\/lissabon\/#breadcrumb\"},\"inLanguage\":\"de\",\"potentialAction\":[{\"@type\":\"ReadAction\",\"target\":[\"https:\/\/www.lindenhausen.de\/blog\/reiseberichte-costa\/costa-favolosa-05-2016-rund-um-westeuropa\/lissabon\/\"]}]},{\"@type\":\"BreadcrumbList\",\"@id\":\"https:\/\/www.lindenhausen.de\/blog\/reiseberichte-costa\/costa-favolosa-05-2016-rund-um-westeuropa\/lissabon\/#breadcrumb\",\"itemListElement\":[{\"@type\":\"ListItem\",\"position\":1,\"name\":\"Startseite\",\"item\":\"https:\/\/www.lindenhausen.de\/blog\/\"},{\"@type\":\"ListItem\",\"position\":2,\"name\":\"Reiseberichte Costa Kreuzfahrten\",\"item\":\"http:\/\/www.lindenhausen.de\/blog\/reiseberichte-costa\/\"},{\"@type\":\"ListItem\",\"position\":3,\"name\":\"Costa Favolosa 05.2016-rund um Westeuropa\",\"item\":\"https:\/\/www.lindenhausen.de\/blog\/reiseberichte-costa\/costa-favolosa-05-2016-rund-um-westeuropa\/\"},{\"@type\":\"ListItem\",\"position\":4,\"name\":\"Lissabon\"}]},{\"@type\":\"WebSite\",\"@id\":\"https:\/\/www.lindenhausen.de\/blog\/#website\",\"url\":\"https:\/\/www.lindenhausen.de\/blog\/\",\"name\":\"Lindenhausen-weil Reisen Spa\u00df macht\",\"description\":\"Reisen und Kreuzfahrten, Reiseberichte, Kreuzfahrtforum\",\"potentialAction\":[{\"@type\":\"SearchAction\",\"target\":{\"@type\":\"EntryPoint\",\"urlTemplate\":\"https:\/\/www.lindenhausen.de\/blog\/?s={search_term_string}\"},\"query-input\":\"required name=search_term_string\"}],\"inLanguage\":\"de\"}]}<\/script>\n<!-- \/ Yoast SEO plugin. -->","yoast_head_json":{"title":"Lissabon - Lindenhausen-weil Reisen Spa\u00df macht","robots":{"index":"index","follow":"follow","max-snippet":"max-snippet:-1","max-image-preview":"max-image-preview:large","max-video-preview":"max-video-preview:-1"},"canonical":"https:\/\/www.lindenhausen.de\/blog\/reiseberichte-costa\/costa-favolosa-05-2016-rund-um-westeuropa\/lissabon\/","og_locale":"de_DE","og_type":"article","og_title":"Lissabon - Lindenhausen-weil Reisen Spa\u00df macht","og_description":"Schon die Einfahrt nach Lissabon war wieder ein Erlebnis. Der Liegeplatz auch diesmal unweit der Altstadt, also konnten wir zu Fu\u00df in die Stadt bummeln. Unser erstes Ziel war der Praca do comercio, ein guter Ausgangspunkt um ein wenig Stadtgeschichte zu erkl\u00e4ren, unsere Mitreisenden kannten Lissabon ja noch nicht. Dann weiter zur Markthalle die nunmehr &hellip; Lissabon weiterlesen &rarr;","og_url":"https:\/\/www.lindenhausen.de\/blog\/reiseberichte-costa\/costa-favolosa-05-2016-rund-um-westeuropa\/lissabon\/","og_site_name":"Lindenhausen-weil Reisen Spa\u00df macht","article_publisher":"http:\/\/www.facebook.com\/Lindenhausen\/","article_modified_time":"2016-06-27T20:42:25+00:00","og_image":[{"url":"http:\/\/www.lindenhausen.de\/blog\/wp-content\/uploads\/2016\/06\/K1024_DSC_0798-300x199.jpg"}],"twitter_card":"summary_large_image","twitter_site":"@Maxilinde","twitter_misc":{"Gesch\u00e4tzte Lesezeit":"3\u00a0Minuten"},"schema":{"@context":"https:\/\/schema.org","@graph":[{"@type":"WebPage","@id":"https:\/\/www.lindenhausen.de\/blog\/reiseberichte-costa\/costa-favolosa-05-2016-rund-um-westeuropa\/lissabon\/","url":"https:\/\/www.lindenhausen.de\/blog\/reiseberichte-costa\/costa-favolosa-05-2016-rund-um-westeuropa\/lissabon\/","name":"Lissabon - Lindenhausen-weil Reisen Spa\u00df macht","isPartOf":{"@id":"https:\/\/www.lindenhausen.de\/blog\/#website"},"datePublished":"2016-06-27T19:57:25+00:00","dateModified":"2016-06-27T20:42:25+00:00","breadcrumb":{"@id":"https:\/\/www.lindenhausen.de\/blog\/reiseberichte-costa\/costa-favolosa-05-2016-rund-um-westeuropa\/lissabon\/#breadcrumb"},"inLanguage":"de","potentialAction":[{"@type":"ReadAction","target":["https:\/\/www.lindenhausen.de\/blog\/reiseberichte-costa\/costa-favolosa-05-2016-rund-um-westeuropa\/lissabon\/"]}]},{"@type":"BreadcrumbList","@id":"https:\/\/www.lindenhausen.de\/blog\/reiseberichte-costa\/costa-favolosa-05-2016-rund-um-westeuropa\/lissabon\/#breadcrumb","itemListElement":[{"@type":"ListItem","position":1,"name":"Startseite","item":"https:\/\/www.lindenhausen.de\/blog\/"},{"@type":"ListItem","position":2,"name":"Reiseberichte Costa Kreuzfahrten","item":"http:\/\/www.lindenhausen.de\/blog\/reiseberichte-costa\/"},{"@type":"ListItem","position":3,"name":"Costa Favolosa 05.2016-rund um Westeuropa","item":"https:\/\/www.lindenhausen.de\/blog\/reiseberichte-costa\/costa-favolosa-05-2016-rund-um-westeuropa\/"},{"@type":"ListItem","position":4,"name":"Lissabon"}]},{"@type":"WebSite","@id":"https:\/\/www.lindenhausen.de\/blog\/#website","url":"https:\/\/www.lindenhausen.de\/blog\/","name":"Lindenhausen-weil Reisen Spa\u00df macht","description":"Reisen und Kreuzfahrten, Reiseberichte, Kreuzfahrtforum","potentialAction":[{"@type":"SearchAction","target":{"@type":"EntryPoint","urlTemplate":"https:\/\/www.lindenhausen.de\/blog\/?s={search_term_string}"},"query-input":"required name=search_term_string"}],"inLanguage":"de"}]}},"_links":{"self":[{"href":"http:\/\/www.lindenhausen.de\/blog\/wp-json\/wp\/v2\/pages\/2280"}],"collection":[{"href":"http:\/\/www.lindenhausen.de\/blog\/wp-json\/wp\/v2\/pages"}],"about":[{"href":"http:\/\/www.lindenhausen.de\/blog\/wp-json\/wp\/v2\/types\/page"}],"author":[{"embeddable":true,"href":"http:\/\/www.lindenhausen.de\/blog\/wp-json\/wp\/v2\/users\/1"}],"replies":[{"embeddable":true,"href":"http:\/\/www.lindenhausen.de\/blog\/wp-json\/wp\/v2\/comments?post=2280"}],"version-history":[{"count":2,"href":"http:\/\/www.lindenhausen.de\/blog\/wp-json\/wp\/v2\/pages\/2280\/revisions"}],"predecessor-version":[{"id":2301,"href":"http:\/\/www.lindenhausen.de\/blog\/wp-json\/wp\/v2\/pages\/2280\/revisions\/2301"}],"up":[{"embeddable":true,"href":"http:\/\/www.lindenhausen.de\/blog\/wp-json\/wp\/v2\/pages\/2086"}],"wp:attachment":[{"href":"http:\/\/www.lindenhausen.de\/blog\/wp-json\/wp\/v2\/media?parent=2280"}],"curies":[{"name":"wp","href":"https:\/\/api.w.org\/{rel}","templated":true}]}}