{"id":2278,"date":"2016-06-27T21:53:43","date_gmt":"2016-06-27T19:53:43","guid":{"rendered":"http:\/\/www.lindenhausen.de\/blog\/?page_id=2278"},"modified":"2016-06-27T22:39:17","modified_gmt":"2016-06-27T20:39:17","slug":"cadiz","status":"publish","type":"page","link":"http:\/\/www.lindenhausen.de\/blog\/reiseberichte-costa\/costa-favolosa-05-2016-rund-um-westeuropa\/cadiz\/","title":{"rendered":"Cadiz"},"content":{"rendered":"<p>C\u00e1diz-ganztags, also ausschlafen, fr\u00fchst\u00fccken am B\u00fcffet an der frischen Luft mit Blick auf die Stadt.<br \/>\nDann bummelten wir los, kreuz und quer durch kleine Gassen, Pl\u00e4tze und Parks, bewunderten die Gummib\u00e4ume und kleinen Papageien die einen ziemlichen Rabatz machten.<br \/>\nDie Markthalle lud zum bummeln ein, schade das man nicht einkaufen kann, bis daheim w\u00e4ren die frischen Lebensmittel halt auch nicht mehr frisch.<br \/>\nIm Torre Tavira vereinbarte ich noch einen Termin f\u00fcr eine deutschsprachige F\u00fchrung f\u00fcr den Nachmittag und danach besichtigten wir die Kathedrale Santa Cruz. Hier ist im Eintrittspreis ein Audioguide enthalten der sehr ausf\u00fchrlich aber auch interessant ist, man sollte Zeit mitbringen.<br \/>\nDen Turm konnten wir auch besteigen, die Aussichtsplattform befindet sich direkt unter den Glocken-also nicht so erschrecken wie ich es getan habe.<\/p>\n<p><a href=\"http:\/\/www.lindenhausen.de\/blog\/wp-content\/uploads\/2016\/06\/K1024_DSC_0735.jpg\"><img decoding=\"async\" loading=\"lazy\" class=\"aligncenter size-medium wp-image-2137\" src=\"http:\/\/www.lindenhausen.de\/blog\/wp-content\/uploads\/2016\/06\/K1024_DSC_0735-300x199.jpg\" alt=\"K102Cadiz\" width=\"300\" height=\"199\" srcset=\"http:\/\/www.lindenhausen.de\/blog\/wp-content\/uploads\/2016\/06\/K1024_DSC_0735-300x199.jpg 300w, http:\/\/www.lindenhausen.de\/blog\/wp-content\/uploads\/2016\/06\/K1024_DSC_0735-1024x678.jpg 1024w, http:\/\/www.lindenhausen.de\/blog\/wp-content\/uploads\/2016\/06\/K1024_DSC_0735.jpg 1160w\" sizes=\"(max-width: 300px) 100vw, 300px\" \/><\/a> <a href=\"http:\/\/www.lindenhausen.de\/blog\/wp-content\/uploads\/2016\/06\/K1024_DSC_0740-e1467049063524.jpg\"><img decoding=\"async\" loading=\"lazy\" class=\"aligncenter size-medium wp-image-2138\" src=\"http:\/\/www.lindenhausen.de\/blog\/wp-content\/uploads\/2016\/06\/K1024_DSC_0740-e1467049063524-199x300.jpg\" alt=\"Cadiz\" width=\"199\" height=\"300\" srcset=\"http:\/\/www.lindenhausen.de\/blog\/wp-content\/uploads\/2016\/06\/K1024_DSC_0740-e1467049063524-199x300.jpg 199w, http:\/\/www.lindenhausen.de\/blog\/wp-content\/uploads\/2016\/06\/K1024_DSC_0740-e1467049063524-679x1024.jpg 679w, http:\/\/www.lindenhausen.de\/blog\/wp-content\/uploads\/2016\/06\/K1024_DSC_0740-e1467049063524.jpg 768w\" sizes=\"(max-width: 199px) 100vw, 199px\" \/><\/a> <a href=\"http:\/\/www.lindenhausen.de\/blog\/wp-content\/uploads\/2016\/06\/K1024_DSC_0742.jpg\"><img decoding=\"async\" loading=\"lazy\" class=\"aligncenter size-medium wp-image-2139\" src=\"http:\/\/www.lindenhausen.de\/blog\/wp-content\/uploads\/2016\/06\/K1024_DSC_0742-300x199.jpg\" alt=\"K1024_DSC_0742\" width=\"300\" height=\"199\" srcset=\"http:\/\/www.lindenhausen.de\/blog\/wp-content\/uploads\/2016\/06\/K1024_DSC_0742-300x199.jpg 300w, http:\/\/www.lindenhausen.de\/blog\/wp-content\/uploads\/2016\/06\/K1024_DSC_0742-1024x678.jpg 1024w, http:\/\/www.lindenhausen.de\/blog\/wp-content\/uploads\/2016\/06\/K1024_DSC_0742.jpg 1160w\" sizes=\"(max-width: 300px) 100vw, 300px\" \/><\/a> <a href=\"http:\/\/www.lindenhausen.de\/blog\/wp-content\/uploads\/2016\/06\/K1024_DSC_0745.jpg\"><img decoding=\"async\" loading=\"lazy\" class=\"aligncenter size-medium wp-image-2140\" src=\"http:\/\/www.lindenhausen.de\/blog\/wp-content\/uploads\/2016\/06\/K1024_DSC_0745-300x199.jpg\" alt=\"Cadiz\" width=\"300\" height=\"199\" srcset=\"http:\/\/www.lindenhausen.de\/blog\/wp-content\/uploads\/2016\/06\/K1024_DSC_0745-300x199.jpg 300w, http:\/\/www.lindenhausen.de\/blog\/wp-content\/uploads\/2016\/06\/K1024_DSC_0745-1024x678.jpg 1024w, http:\/\/www.lindenhausen.de\/blog\/wp-content\/uploads\/2016\/06\/K1024_DSC_0745.jpg 1160w\" sizes=\"(max-width: 300px) 100vw, 300px\" \/><\/a> <a href=\"http:\/\/www.lindenhausen.de\/blog\/wp-content\/uploads\/2016\/06\/K1024_DSC_0747.jpg\"><img decoding=\"async\" loading=\"lazy\" class=\"aligncenter size-medium wp-image-2141\" src=\"http:\/\/www.lindenhausen.de\/blog\/wp-content\/uploads\/2016\/06\/K1024_DSC_0747-300x199.jpg\" alt=\"Cadiz\" width=\"300\" height=\"199\" srcset=\"http:\/\/www.lindenhausen.de\/blog\/wp-content\/uploads\/2016\/06\/K1024_DSC_0747-300x199.jpg 300w, http:\/\/www.lindenhausen.de\/blog\/wp-content\/uploads\/2016\/06\/K1024_DSC_0747-1024x678.jpg 1024w, http:\/\/www.lindenhausen.de\/blog\/wp-content\/uploads\/2016\/06\/K1024_DSC_0747.jpg 1160w\" sizes=\"(max-width: 300px) 100vw, 300px\" \/><\/a> <a href=\"http:\/\/www.lindenhausen.de\/blog\/wp-content\/uploads\/2016\/06\/K1024_DSC_0751.jpg\"><img decoding=\"async\" loading=\"lazy\" class=\"aligncenter size-medium wp-image-2142\" src=\"http:\/\/www.lindenhausen.de\/blog\/wp-content\/uploads\/2016\/06\/K1024_DSC_0751-300x199.jpg\" alt=\"Cadiz\" width=\"300\" height=\"199\" srcset=\"http:\/\/www.lindenhausen.de\/blog\/wp-content\/uploads\/2016\/06\/K1024_DSC_0751-300x199.jpg 300w, http:\/\/www.lindenhausen.de\/blog\/wp-content\/uploads\/2016\/06\/K1024_DSC_0751-1024x678.jpg 1024w, http:\/\/www.lindenhausen.de\/blog\/wp-content\/uploads\/2016\/06\/K1024_DSC_0751.jpg 1160w\" sizes=\"(max-width: 300px) 100vw, 300px\" \/><\/a> <a href=\"http:\/\/www.lindenhausen.de\/blog\/wp-content\/uploads\/2016\/06\/K1024_DSC_0764-e1467049017381.jpg\"><img decoding=\"async\" loading=\"lazy\" class=\"aligncenter size-medium wp-image-2143\" src=\"http:\/\/www.lindenhausen.de\/blog\/wp-content\/uploads\/2016\/06\/K1024_DSC_0764-e1467049017381-199x300.jpg\" alt=\"Cadiz\" width=\"199\" height=\"300\" srcset=\"http:\/\/www.lindenhausen.de\/blog\/wp-content\/uploads\/2016\/06\/K1024_DSC_0764-e1467049017381-199x300.jpg 199w, http:\/\/www.lindenhausen.de\/blog\/wp-content\/uploads\/2016\/06\/K1024_DSC_0764-e1467049017381-679x1024.jpg 679w, http:\/\/www.lindenhausen.de\/blog\/wp-content\/uploads\/2016\/06\/K1024_DSC_0764-e1467049017381.jpg 768w\" sizes=\"(max-width: 199px) 100vw, 199px\" \/><\/a> <a href=\"http:\/\/www.lindenhausen.de\/blog\/wp-content\/uploads\/2016\/06\/K1024_DSC_0765.jpg\"><img decoding=\"async\" loading=\"lazy\" class=\"aligncenter size-medium wp-image-2144\" src=\"http:\/\/www.lindenhausen.de\/blog\/wp-content\/uploads\/2016\/06\/K1024_DSC_0765-300x199.jpg\" alt=\"Cadiz\" width=\"300\" height=\"199\" srcset=\"http:\/\/www.lindenhausen.de\/blog\/wp-content\/uploads\/2016\/06\/K1024_DSC_0765-300x199.jpg 300w, http:\/\/www.lindenhausen.de\/blog\/wp-content\/uploads\/2016\/06\/K1024_DSC_0765-1024x678.jpg 1024w, http:\/\/www.lindenhausen.de\/blog\/wp-content\/uploads\/2016\/06\/K1024_DSC_0765.jpg 1160w\" sizes=\"(max-width: 300px) 100vw, 300px\" \/><\/a> <a href=\"http:\/\/www.lindenhausen.de\/blog\/wp-content\/uploads\/2016\/06\/K1024_DSC_0768.jpg\"><img decoding=\"async\" loading=\"lazy\" class=\"aligncenter size-medium wp-image-2145\" src=\"http:\/\/www.lindenhausen.de\/blog\/wp-content\/uploads\/2016\/06\/K1024_DSC_0768-300x199.jpg\" alt=\"Cadiz\" width=\"300\" height=\"199\" srcset=\"http:\/\/www.lindenhausen.de\/blog\/wp-content\/uploads\/2016\/06\/K1024_DSC_0768-300x199.jpg 300w, http:\/\/www.lindenhausen.de\/blog\/wp-content\/uploads\/2016\/06\/K1024_DSC_0768-1024x678.jpg 1024w, http:\/\/www.lindenhausen.de\/blog\/wp-content\/uploads\/2016\/06\/K1024_DSC_0768.jpg 1160w\" sizes=\"(max-width: 300px) 100vw, 300px\" \/><\/a><br \/>\nZum Mittagessen gingen wir zur\u00fcck aufs Schiff, leider mussten wir ans B\u00fcffet ausweichen weil auf dieser Reise das Servicerestaurant an Tagen mit langen Liegezeiten nicht ge\u00f6ffnet wurde.<br \/>\nAber ich muss zugeben das auch wenig los war und das Essen am B\u00fcffet gut war, Muscheln, Fisch, Antipasti, Nudeln frisch zubereitet\u2026..Und auch drau\u00dfen fand man Platz, der Getr\u00e4nkeservice war aufmerksam.<br \/>\nNach dem Essen zog es uns an den Strand, es war wunderbar warm, das Wasser mir-wie meist-zu kalt, daf\u00fcr aber feiner Sand und eine sch\u00f6ne Kulisse zum Schauen.<br \/>\n15:00 Uhr hatten wir dann unseren Termin im Torre Travira um mit der Camera Obscura C\u00e1diz von oben zu besichtigen.<br \/>\nAuch die Aussicht vom Turm war den Weg nach oben wert, auch beim dritten Besuch fand ich es sch\u00f6n.<br \/>\nNat\u00fcrlich mussten wir noch ein wenig shoppen und wurden auch f\u00fcndig, langsam aber sicher \u00fcberlegte mein Mann wie wir die Koffer f\u00fcr die Heimreise zubekommen sollten.<\/p>\n<p><a href=\"http:\/\/www.lindenhausen.de\/blog\/wp-content\/uploads\/2016\/06\/K1024_DSC_0775.jpg\"><img decoding=\"async\" loading=\"lazy\" class=\"aligncenter size-medium wp-image-2146\" src=\"http:\/\/www.lindenhausen.de\/blog\/wp-content\/uploads\/2016\/06\/K1024_DSC_0775-300x199.jpg\" alt=\"Cadiz\" width=\"300\" height=\"199\" srcset=\"http:\/\/www.lindenhausen.de\/blog\/wp-content\/uploads\/2016\/06\/K1024_DSC_0775-300x199.jpg 300w, http:\/\/www.lindenhausen.de\/blog\/wp-content\/uploads\/2016\/06\/K1024_DSC_0775-1024x678.jpg 1024w, http:\/\/www.lindenhausen.de\/blog\/wp-content\/uploads\/2016\/06\/K1024_DSC_0775.jpg 1160w\" sizes=\"(max-width: 300px) 100vw, 300px\" \/><\/a> <a href=\"http:\/\/www.lindenhausen.de\/blog\/wp-content\/uploads\/2016\/06\/K1024_DSC_0779.jpg\"><img decoding=\"async\" loading=\"lazy\" class=\"aligncenter size-medium wp-image-2147\" src=\"http:\/\/www.lindenhausen.de\/blog\/wp-content\/uploads\/2016\/06\/K1024_DSC_0779-300x199.jpg\" alt=\"Cadiz\" width=\"300\" height=\"199\" srcset=\"http:\/\/www.lindenhausen.de\/blog\/wp-content\/uploads\/2016\/06\/K1024_DSC_0779-300x199.jpg 300w, http:\/\/www.lindenhausen.de\/blog\/wp-content\/uploads\/2016\/06\/K1024_DSC_0779-1024x678.jpg 1024w, http:\/\/www.lindenhausen.de\/blog\/wp-content\/uploads\/2016\/06\/K1024_DSC_0779.jpg 1160w\" sizes=\"(max-width: 300px) 100vw, 300px\" \/><\/a> <a href=\"http:\/\/www.lindenhausen.de\/blog\/wp-content\/uploads\/2016\/06\/K1024_DSC_0780.jpg\"><img decoding=\"async\" loading=\"lazy\" class=\"aligncenter size-medium wp-image-2148\" src=\"http:\/\/www.lindenhausen.de\/blog\/wp-content\/uploads\/2016\/06\/K1024_DSC_0780-300x199.jpg\" alt=\"Cadiz\" width=\"300\" height=\"199\" srcset=\"http:\/\/www.lindenhausen.de\/blog\/wp-content\/uploads\/2016\/06\/K1024_DSC_0780-300x199.jpg 300w, http:\/\/www.lindenhausen.de\/blog\/wp-content\/uploads\/2016\/06\/K1024_DSC_0780-1024x678.jpg 1024w, http:\/\/www.lindenhausen.de\/blog\/wp-content\/uploads\/2016\/06\/K1024_DSC_0780.jpg 1160w\" sizes=\"(max-width: 300px) 100vw, 300px\" \/><\/a> <a href=\"http:\/\/www.lindenhausen.de\/blog\/wp-content\/uploads\/2016\/06\/K1024_DSC_0783-e1467048958150.jpg\"><img decoding=\"async\" loading=\"lazy\" class=\"aligncenter size-medium wp-image-2149\" src=\"http:\/\/www.lindenhausen.de\/blog\/wp-content\/uploads\/2016\/06\/K1024_DSC_0783-e1467048958150-199x300.jpg\" alt=\"Cadiz\" width=\"199\" height=\"300\" srcset=\"http:\/\/www.lindenhausen.de\/blog\/wp-content\/uploads\/2016\/06\/K1024_DSC_0783-e1467048958150-199x300.jpg 199w, http:\/\/www.lindenhausen.de\/blog\/wp-content\/uploads\/2016\/06\/K1024_DSC_0783-e1467048958150-679x1024.jpg 679w, http:\/\/www.lindenhausen.de\/blog\/wp-content\/uploads\/2016\/06\/K1024_DSC_0783-e1467048958150.jpg 768w\" sizes=\"(max-width: 199px) 100vw, 199px\" \/><\/a> <a href=\"http:\/\/www.lindenhausen.de\/blog\/wp-content\/uploads\/2016\/06\/K1024_DSC_0789.jpg\"><img decoding=\"async\" loading=\"lazy\" class=\"aligncenter size-medium wp-image-2150\" src=\"http:\/\/www.lindenhausen.de\/blog\/wp-content\/uploads\/2016\/06\/K1024_DSC_0789-300x199.jpg\" alt=\"Cadiz\" width=\"300\" height=\"199\" srcset=\"http:\/\/www.lindenhausen.de\/blog\/wp-content\/uploads\/2016\/06\/K1024_DSC_0789-300x199.jpg 300w, http:\/\/www.lindenhausen.de\/blog\/wp-content\/uploads\/2016\/06\/K1024_DSC_0789-1024x678.jpg 1024w, http:\/\/www.lindenhausen.de\/blog\/wp-content\/uploads\/2016\/06\/K1024_DSC_0789.jpg 1160w\" sizes=\"(max-width: 300px) 100vw, 300px\" \/><\/a><br \/>\nAm Abend war Rot\/schwarz angesagt, ein Motto das gut zu unserer Stimmung passte und gerne umgesetzt wurde.<\/p>\n<p><a href=\"http:\/\/www.lindenhausen.de\/blog\/wp-content\/uploads\/2016\/06\/K1024_DSC_0793.jpg\"><img decoding=\"async\" loading=\"lazy\" class=\"aligncenter size-medium wp-image-2151\" src=\"http:\/\/www.lindenhausen.de\/blog\/wp-content\/uploads\/2016\/06\/K1024_DSC_0793-300x199.jpg\" alt=\"Rotschwarz\" width=\"300\" height=\"199\" srcset=\"http:\/\/www.lindenhausen.de\/blog\/wp-content\/uploads\/2016\/06\/K1024_DSC_0793-300x199.jpg 300w, http:\/\/www.lindenhausen.de\/blog\/wp-content\/uploads\/2016\/06\/K1024_DSC_0793-1024x678.jpg 1024w, http:\/\/www.lindenhausen.de\/blog\/wp-content\/uploads\/2016\/06\/K1024_DSC_0793.jpg 1160w\" sizes=\"(max-width: 300px) 100vw, 300px\" \/><\/a><br \/>\nAblauf wie \u00fcblich, so langsam entwickelte sich Urlaubsroutine. Erst Schokoladenbar, dann Grand Bar, Abendessen und ab zum Abtanzen in den Salon Mouliere.<br \/>\nM\u00fcde waren wir auch und morgen sollte es nach Lissabon gehen also versuchten wir es mit vor 1 Uhr ins Bett.<br \/>\nNicht zu vergessen das nat\u00fcrlich die Uhren umgestellt wurden, 1 Stunde Schlaf gewonnen.<\/p>\n<p><a title=\"Lissabon\" href=\"http:\/\/www.lindenhausen.de\/blog\/reiseberichte-costa\/costa-favolosa-05-2016-rund-um-westeuropa\/lissabon\/\">hier gehts es weiter <\/a><\/p>\n","protected":false},"excerpt":{"rendered":"<p>C\u00e1diz-ganztags, also ausschlafen, fr\u00fchst\u00fccken am B\u00fcffet an der frischen Luft mit Blick auf die Stadt. Dann bummelten wir los, kreuz und quer durch kleine Gassen, Pl\u00e4tze und Parks, bewunderten die Gummib\u00e4ume und kleinen Papageien die einen ziemlichen Rabatz machten. Die Markthalle lud zum bummeln ein, schade das man nicht einkaufen kann, bis daheim w\u00e4ren die &hellip; <a href=\"http:\/\/www.lindenhausen.de\/blog\/reiseberichte-costa\/costa-favolosa-05-2016-rund-um-westeuropa\/cadiz\/\" class=\"more-link\"><span class=\"screen-reader-text\">Cadiz<\/span> weiterlesen <span class=\"meta-nav\">&rarr;<\/span><\/a><\/p>\n","protected":false},"author":1,"featured_media":0,"parent":2086,"menu_order":3,"comment_status":"open","ping_status":"open","template":"","meta":{"_monsterinsights_skip_tracking":false,"_monsterinsights_sitenote_active":false,"_monsterinsights_sitenote_note":"","_monsterinsights_sitenote_category":0},"yoast_head":"<!-- This site is optimized with the Yoast SEO plugin v21.0 - https:\/\/yoast.com\/wordpress\/plugins\/seo\/ -->\n<title>Cadiz - Lindenhausen-weil Reisen Spa\u00df macht<\/title>\n<meta name=\"robots\" content=\"index, follow, max-snippet:-1, max-image-preview:large, max-video-preview:-1\" \/>\n<link rel=\"canonical\" href=\"http:\/\/www.lindenhausen.de\/blog\/reiseberichte-costa\/costa-favolosa-05-2016-rund-um-westeuropa\/cadiz\/\" \/>\n<meta property=\"og:locale\" content=\"de_DE\" \/>\n<meta property=\"og:type\" content=\"article\" \/>\n<meta property=\"og:title\" content=\"Cadiz - Lindenhausen-weil Reisen Spa\u00df macht\" \/>\n<meta property=\"og:description\" content=\"C\u00e1diz-ganztags, also ausschlafen, fr\u00fchst\u00fccken am B\u00fcffet an der frischen Luft mit Blick auf die Stadt. Dann bummelten wir los, kreuz und quer durch kleine Gassen, Pl\u00e4tze und Parks, bewunderten die Gummib\u00e4ume und kleinen Papageien die einen ziemlichen Rabatz machten. Die Markthalle lud zum bummeln ein, schade das man nicht einkaufen kann, bis daheim w\u00e4ren die &hellip; Cadiz weiterlesen &rarr;\" \/>\n<meta property=\"og:url\" content=\"http:\/\/www.lindenhausen.de\/blog\/reiseberichte-costa\/costa-favolosa-05-2016-rund-um-westeuropa\/cadiz\/\" \/>\n<meta property=\"og:site_name\" content=\"Lindenhausen-weil Reisen Spa\u00df macht\" \/>\n<meta property=\"article:publisher\" content=\"http:\/\/www.facebook.com\/Lindenhausen\/\" \/>\n<meta property=\"article:modified_time\" content=\"2016-06-27T20:39:17+00:00\" \/>\n<meta property=\"og:image\" content=\"http:\/\/www.lindenhausen.de\/blog\/wp-content\/uploads\/2016\/06\/K1024_DSC_0735-300x199.jpg\" \/>\n<meta name=\"twitter:card\" content=\"summary_large_image\" \/>\n<meta name=\"twitter:site\" content=\"@Maxilinde\" \/>\n<meta name=\"twitter:label1\" content=\"Gesch\u00e4tzte Lesezeit\" \/>\n\t<meta name=\"twitter:data1\" content=\"2\u00a0Minuten\" \/>\n<script type=\"application\/ld+json\" class=\"yoast-schema-graph\">{\"@context\":\"https:\/\/schema.org\",\"@graph\":[{\"@type\":\"WebPage\",\"@id\":\"http:\/\/www.lindenhausen.de\/blog\/reiseberichte-costa\/costa-favolosa-05-2016-rund-um-westeuropa\/cadiz\/\",\"url\":\"http:\/\/www.lindenhausen.de\/blog\/reiseberichte-costa\/costa-favolosa-05-2016-rund-um-westeuropa\/cadiz\/\",\"name\":\"Cadiz - Lindenhausen-weil Reisen Spa\u00df macht\",\"isPartOf\":{\"@id\":\"https:\/\/www.lindenhausen.de\/blog\/#website\"},\"datePublished\":\"2016-06-27T19:53:43+00:00\",\"dateModified\":\"2016-06-27T20:39:17+00:00\",\"breadcrumb\":{\"@id\":\"http:\/\/www.lindenhausen.de\/blog\/reiseberichte-costa\/costa-favolosa-05-2016-rund-um-westeuropa\/cadiz\/#breadcrumb\"},\"inLanguage\":\"de\",\"potentialAction\":[{\"@type\":\"ReadAction\",\"target\":[\"http:\/\/www.lindenhausen.de\/blog\/reiseberichte-costa\/costa-favolosa-05-2016-rund-um-westeuropa\/cadiz\/\"]}]},{\"@type\":\"BreadcrumbList\",\"@id\":\"http:\/\/www.lindenhausen.de\/blog\/reiseberichte-costa\/costa-favolosa-05-2016-rund-um-westeuropa\/cadiz\/#breadcrumb\",\"itemListElement\":[{\"@type\":\"ListItem\",\"position\":1,\"name\":\"Startseite\",\"item\":\"https:\/\/www.lindenhausen.de\/blog\/\"},{\"@type\":\"ListItem\",\"position\":2,\"name\":\"Reiseberichte Costa Kreuzfahrten\",\"item\":\"http:\/\/www.lindenhausen.de\/blog\/reiseberichte-costa\/\"},{\"@type\":\"ListItem\",\"position\":3,\"name\":\"Costa Favolosa 05.2016-rund um Westeuropa\",\"item\":\"https:\/\/www.lindenhausen.de\/blog\/reiseberichte-costa\/costa-favolosa-05-2016-rund-um-westeuropa\/\"},{\"@type\":\"ListItem\",\"position\":4,\"name\":\"Cadiz\"}]},{\"@type\":\"WebSite\",\"@id\":\"https:\/\/www.lindenhausen.de\/blog\/#website\",\"url\":\"https:\/\/www.lindenhausen.de\/blog\/\",\"name\":\"Lindenhausen-weil Reisen Spa\u00df macht\",\"description\":\"Reisen und Kreuzfahrten, Reiseberichte, Kreuzfahrtforum\",\"potentialAction\":[{\"@type\":\"SearchAction\",\"target\":{\"@type\":\"EntryPoint\",\"urlTemplate\":\"https:\/\/www.lindenhausen.de\/blog\/?s={search_term_string}\"},\"query-input\":\"required name=search_term_string\"}],\"inLanguage\":\"de\"}]}<\/script>\n<!-- \/ Yoast SEO plugin. -->","yoast_head_json":{"title":"Cadiz - Lindenhausen-weil Reisen Spa\u00df macht","robots":{"index":"index","follow":"follow","max-snippet":"max-snippet:-1","max-image-preview":"max-image-preview:large","max-video-preview":"max-video-preview:-1"},"canonical":"http:\/\/www.lindenhausen.de\/blog\/reiseberichte-costa\/costa-favolosa-05-2016-rund-um-westeuropa\/cadiz\/","og_locale":"de_DE","og_type":"article","og_title":"Cadiz - Lindenhausen-weil Reisen Spa\u00df macht","og_description":"C\u00e1diz-ganztags, also ausschlafen, fr\u00fchst\u00fccken am B\u00fcffet an der frischen Luft mit Blick auf die Stadt. Dann bummelten wir los, kreuz und quer durch kleine Gassen, Pl\u00e4tze und Parks, bewunderten die Gummib\u00e4ume und kleinen Papageien die einen ziemlichen Rabatz machten. Die Markthalle lud zum bummeln ein, schade das man nicht einkaufen kann, bis daheim w\u00e4ren die &hellip; Cadiz weiterlesen &rarr;","og_url":"http:\/\/www.lindenhausen.de\/blog\/reiseberichte-costa\/costa-favolosa-05-2016-rund-um-westeuropa\/cadiz\/","og_site_name":"Lindenhausen-weil Reisen Spa\u00df macht","article_publisher":"http:\/\/www.facebook.com\/Lindenhausen\/","article_modified_time":"2016-06-27T20:39:17+00:00","og_image":[{"url":"http:\/\/www.lindenhausen.de\/blog\/wp-content\/uploads\/2016\/06\/K1024_DSC_0735-300x199.jpg"}],"twitter_card":"summary_large_image","twitter_site":"@Maxilinde","twitter_misc":{"Gesch\u00e4tzte Lesezeit":"2\u00a0Minuten"},"schema":{"@context":"https:\/\/schema.org","@graph":[{"@type":"WebPage","@id":"http:\/\/www.lindenhausen.de\/blog\/reiseberichte-costa\/costa-favolosa-05-2016-rund-um-westeuropa\/cadiz\/","url":"http:\/\/www.lindenhausen.de\/blog\/reiseberichte-costa\/costa-favolosa-05-2016-rund-um-westeuropa\/cadiz\/","name":"Cadiz - Lindenhausen-weil Reisen Spa\u00df macht","isPartOf":{"@id":"https:\/\/www.lindenhausen.de\/blog\/#website"},"datePublished":"2016-06-27T19:53:43+00:00","dateModified":"2016-06-27T20:39:17+00:00","breadcrumb":{"@id":"http:\/\/www.lindenhausen.de\/blog\/reiseberichte-costa\/costa-favolosa-05-2016-rund-um-westeuropa\/cadiz\/#breadcrumb"},"inLanguage":"de","potentialAction":[{"@type":"ReadAction","target":["http:\/\/www.lindenhausen.de\/blog\/reiseberichte-costa\/costa-favolosa-05-2016-rund-um-westeuropa\/cadiz\/"]}]},{"@type":"BreadcrumbList","@id":"http:\/\/www.lindenhausen.de\/blog\/reiseberichte-costa\/costa-favolosa-05-2016-rund-um-westeuropa\/cadiz\/#breadcrumb","itemListElement":[{"@type":"ListItem","position":1,"name":"Startseite","item":"https:\/\/www.lindenhausen.de\/blog\/"},{"@type":"ListItem","position":2,"name":"Reiseberichte Costa Kreuzfahrten","item":"http:\/\/www.lindenhausen.de\/blog\/reiseberichte-costa\/"},{"@type":"ListItem","position":3,"name":"Costa Favolosa 05.2016-rund um Westeuropa","item":"https:\/\/www.lindenhausen.de\/blog\/reiseberichte-costa\/costa-favolosa-05-2016-rund-um-westeuropa\/"},{"@type":"ListItem","position":4,"name":"Cadiz"}]},{"@type":"WebSite","@id":"https:\/\/www.lindenhausen.de\/blog\/#website","url":"https:\/\/www.lindenhausen.de\/blog\/","name":"Lindenhausen-weil Reisen Spa\u00df macht","description":"Reisen und Kreuzfahrten, Reiseberichte, Kreuzfahrtforum","potentialAction":[{"@type":"SearchAction","target":{"@type":"EntryPoint","urlTemplate":"https:\/\/www.lindenhausen.de\/blog\/?s={search_term_string}"},"query-input":"required name=search_term_string"}],"inLanguage":"de"}]}},"_links":{"self":[{"href":"http:\/\/www.lindenhausen.de\/blog\/wp-json\/wp\/v2\/pages\/2278"}],"collection":[{"href":"http:\/\/www.lindenhausen.de\/blog\/wp-json\/wp\/v2\/pages"}],"about":[{"href":"http:\/\/www.lindenhausen.de\/blog\/wp-json\/wp\/v2\/types\/page"}],"author":[{"embeddable":true,"href":"http:\/\/www.lindenhausen.de\/blog\/wp-json\/wp\/v2\/users\/1"}],"replies":[{"embeddable":true,"href":"http:\/\/www.lindenhausen.de\/blog\/wp-json\/wp\/v2\/comments?post=2278"}],"version-history":[{"count":2,"href":"http:\/\/www.lindenhausen.de\/blog\/wp-json\/wp\/v2\/pages\/2278\/revisions"}],"predecessor-version":[{"id":2300,"href":"http:\/\/www.lindenhausen.de\/blog\/wp-json\/wp\/v2\/pages\/2278\/revisions\/2300"}],"up":[{"embeddable":true,"href":"http:\/\/www.lindenhausen.de\/blog\/wp-json\/wp\/v2\/pages\/2086"}],"wp:attachment":[{"href":"http:\/\/www.lindenhausen.de\/blog\/wp-json\/wp\/v2\/media?parent=2278"}],"curies":[{"name":"wp","href":"https:\/\/api.w.org\/{rel}","templated":true}]}}