{"id":2271,"date":"2016-06-27T21:41:33","date_gmt":"2016-06-27T19:41:33","guid":{"rendered":"http:\/\/www.lindenhausen.de\/blog\/?page_id=2271"},"modified":"2016-06-27T22:37:25","modified_gmt":"2016-06-27T20:37:25","slug":"seetag","status":"publish","type":"page","link":"http:\/\/www.lindenhausen.de\/blog\/reiseberichte-costa\/costa-favolosa-05-2016-rund-um-westeuropa\/seetag\/","title":{"rendered":"Seetag"},"content":{"rendered":"<p>Seetag, Sonne satt, herrlich.<br \/>\nZuerst aber war ein Problem zu beheben: ausgerechnet in unserer Kabine versagte der WC Abfluss. Der Schuster hat ja bekanntlich die schlechtesten Schuhe. Ich suchte mir ein anderes stilles \u00d6rtchen und danach besuchte ich die Rezeption. Sofort wurde telefoniert und als wir eine Stunde sp\u00e4ter vom Fr\u00fchst\u00fcck zur\u00fcck kamen war der Schaden behoben.<br \/>\nZum Fr\u00fchst\u00fcck gingen wir ins Servicerestaurant. Cesar fand einen sch\u00f6nen Platz am Fenster. Auf der Favolosa gibt es jetzt auch wieder warme Eierspeisen am B\u00fcffet, aber ich pers\u00f6nlich lass mich halt gerne bet\u00fcddeln ;).<br \/>\nDann ab aufs Lauf Deck, Milli zum Joggen und ich suchte mir einen windstillen Platz zum Pilates. Dieser blaue Himmel, diese Aussicht, da geht alles leichter und tut so gut. Ok, bis zu dem Moment als die Liegen besetzt wurden und die ersten Zigaretten angez\u00fcndet wurden. Ich habe kein Problem mit Rauchern, aber bitte \u2013auf dem Sportdeck, 2 m von Menschen entfernt die gerade versuchen frische Luft zu tanken und Sport treiben?<br \/>\nToleranz ist nun mal keine Einbahnstra\u00dfe.<\/p>\n<p><a href=\"http:\/\/www.lindenhausen.de\/blog\/wp-content\/uploads\/2016\/06\/13240483_1052577561457416_4371606472774819844_n.jpg\"><img decoding=\"async\" loading=\"lazy\" class=\"aligncenter size-medium wp-image-2273\" src=\"http:\/\/www.lindenhausen.de\/blog\/wp-content\/uploads\/2016\/06\/13240483_1052577561457416_4371606472774819844_n-225x300.jpg\" alt=\"Pilates\" width=\"225\" height=\"300\" srcset=\"http:\/\/www.lindenhausen.de\/blog\/wp-content\/uploads\/2016\/06\/13240483_1052577561457416_4371606472774819844_n-225x300.jpg 225w, http:\/\/www.lindenhausen.de\/blog\/wp-content\/uploads\/2016\/06\/13240483_1052577561457416_4371606472774819844_n.jpg 720w\" sizes=\"(max-width: 225px) 100vw, 225px\" \/><\/a><\/p>\n<p><a href=\"http:\/\/www.lindenhausen.de\/blog\/wp-content\/uploads\/2016\/06\/13226888_1052692808112558_841652960266071827_n.jpg\"><img decoding=\"async\" loading=\"lazy\" class=\"aligncenter size-medium wp-image-2274\" src=\"http:\/\/www.lindenhausen.de\/blog\/wp-content\/uploads\/2016\/06\/13226888_1052692808112558_841652960266071827_n-225x300.jpg\" alt=\"seetag\" width=\"225\" height=\"300\" srcset=\"http:\/\/www.lindenhausen.de\/blog\/wp-content\/uploads\/2016\/06\/13226888_1052692808112558_841652960266071827_n-225x300.jpg 225w, http:\/\/www.lindenhausen.de\/blog\/wp-content\/uploads\/2016\/06\/13226888_1052692808112558_841652960266071827_n.jpg 720w\" sizes=\"(max-width: 225px) 100vw, 225px\" \/><\/a><br \/>\nLunch im Restaurant, Fensterplatz, aufmerksamer Service, alles passt.<br \/>\nEs passt nicht. Es passt nicht zu meinem derzeitigen Alltag. Ich sitze hier sicher, satt und zufrieden mit dem Wissen welche Trag\u00f6dien sich auf diesem Meer abspielen. Ich kenne Familien die sie erlebt haben. Dieser erste Seetag ist auch ein wenig sortieren, selten habe ich mich so wenig aus meinem Alltag gefunden.<br \/>\nAber ich soll und muss und ausgerechnet die Refugees die ich betreue schreiben mir das, freuen sich f\u00fcr mich und die wunderbare M\u00f6glichkeit eine solche Reise zu machen.<br \/>\nAlso genoss ich die Sonne auf Deck 3, ganz in Ruhe, hierher verirrt sich am Tag kaum jemand. Keine Musik, Meeresrauschen und die K\u00fcste vom Mallorca am Blick<br \/>\nAm Abend dann der Empfang f\u00fcr die Clubmitglieder, wie immer, nix neues aber sch\u00f6n. Das Lateintanzteam an Bord ist gut, wir freuen uns auf mehr.<br \/>\nDie Show kannte ich schon, gut gemacht, allerdings konnte ich der Story nicht ganz folgen \ud83d\ude09 Aber die T\u00e4nzer und S\u00e4nger \u00fcberzeugten.<br \/>\nZum Abendessen zeigte sich die exponierte Lage unseres Tisches, der Kapit\u00e4n und die Offiziere dinierten genau in unserem Blickfeld.<br \/>\nDas Men\u00fc von Bruno Barbieri ist durchwachsen, teilweise sehr gut und dann wieder to much.<br \/>\nDer Ma\u00eetre kam zum Dessert um nachzufragen, er bekam eine ehrliche Antwort. Die extrem schlechten Beurteilungen kann ich nicht nachvollziehen aber so ganz passt das nicht zu Costa. Gut gemeint aber auf diese Personenzahl nicht umsetzbar.<\/p>\n<p><a href=\"http:\/\/www.lindenhausen.de\/blog\/wp-content\/uploads\/2016\/06\/IMG_9506-e1467056115151.jpg\"><img decoding=\"async\" loading=\"lazy\" class=\"aligncenter size-medium wp-image-2272\" src=\"http:\/\/www.lindenhausen.de\/blog\/wp-content\/uploads\/2016\/06\/IMG_9506-e1467056098902-225x300.jpg\" alt=\"Gala\" width=\"225\" height=\"300\" \/><\/a> <a href=\"http:\/\/www.lindenhausen.de\/blog\/wp-content\/uploads\/2016\/06\/K1024_DSC_0659.jpg\"><img decoding=\"async\" loading=\"lazy\" class=\"aligncenter size-medium wp-image-2122\" src=\"http:\/\/www.lindenhausen.de\/blog\/wp-content\/uploads\/2016\/06\/K1024_DSC_0659-300x199.jpg\" alt=\"Galaabend\" width=\"300\" height=\"199\" srcset=\"http:\/\/www.lindenhausen.de\/blog\/wp-content\/uploads\/2016\/06\/K1024_DSC_0659-300x199.jpg 300w, http:\/\/www.lindenhausen.de\/blog\/wp-content\/uploads\/2016\/06\/K1024_DSC_0659-1024x678.jpg 1024w, http:\/\/www.lindenhausen.de\/blog\/wp-content\/uploads\/2016\/06\/K1024_DSC_0659.jpg 1160w\" sizes=\"(max-width: 300px) 100vw, 300px\" \/><\/a> <a href=\"http:\/\/www.lindenhausen.de\/blog\/wp-content\/uploads\/2016\/06\/K1024_DSC_0651.jpg\"><img decoding=\"async\" loading=\"lazy\" class=\"aligncenter size-medium wp-image-2120\" src=\"http:\/\/www.lindenhausen.de\/blog\/wp-content\/uploads\/2016\/06\/K1024_DSC_0651-300x199.jpg\" alt=\"Galaabend\" width=\"300\" height=\"199\" srcset=\"http:\/\/www.lindenhausen.de\/blog\/wp-content\/uploads\/2016\/06\/K1024_DSC_0651-300x199.jpg 300w, http:\/\/www.lindenhausen.de\/blog\/wp-content\/uploads\/2016\/06\/K1024_DSC_0651-1024x678.jpg 1024w, http:\/\/www.lindenhausen.de\/blog\/wp-content\/uploads\/2016\/06\/K1024_DSC_0651.jpg 1160w\" sizes=\"(max-width: 300px) 100vw, 300px\" \/><\/a> <a href=\"http:\/\/www.lindenhausen.de\/blog\/wp-content\/uploads\/2016\/06\/K1024_DSC_0656.jpg\"><img decoding=\"async\" loading=\"lazy\" class=\"aligncenter size-medium wp-image-2121\" src=\"http:\/\/www.lindenhausen.de\/blog\/wp-content\/uploads\/2016\/06\/K1024_DSC_0656-300x199.jpg\" alt=\"Galaabend\" width=\"300\" height=\"199\" srcset=\"http:\/\/www.lindenhausen.de\/blog\/wp-content\/uploads\/2016\/06\/K1024_DSC_0656-300x199.jpg 300w, http:\/\/www.lindenhausen.de\/blog\/wp-content\/uploads\/2016\/06\/K1024_DSC_0656-1024x678.jpg 1024w, http:\/\/www.lindenhausen.de\/blog\/wp-content\/uploads\/2016\/06\/K1024_DSC_0656.jpg 1160w\" sizes=\"(max-width: 300px) 100vw, 300px\" \/><\/a><br \/>\nDen Absacker heute gab es im Salon Moliere Deck 5 hinten, tolle Band, tolle Stimmung, tolles Bar Team.<\/p>\n<p><a title=\"Malaga\" href=\"http:\/\/www.lindenhausen.de\/blog\/reiseberichte-costa\/costa-favolosa-05-2016-rund-um-westeuropa\/malaga\/\">hier gehts es weiter <\/a><\/p>\n","protected":false},"excerpt":{"rendered":"<p>Seetag, Sonne satt, herrlich. Zuerst aber war ein Problem zu beheben: ausgerechnet in unserer Kabine versagte der WC Abfluss. Der Schuster hat ja bekanntlich die schlechtesten Schuhe. Ich suchte mir ein anderes stilles \u00d6rtchen und danach besuchte ich die Rezeption. Sofort wurde telefoniert und als wir eine Stunde sp\u00e4ter vom Fr\u00fchst\u00fcck zur\u00fcck kamen war der &hellip; <a href=\"http:\/\/www.lindenhausen.de\/blog\/reiseberichte-costa\/costa-favolosa-05-2016-rund-um-westeuropa\/seetag\/\" class=\"more-link\"><span class=\"screen-reader-text\">Seetag<\/span> weiterlesen <span class=\"meta-nav\">&rarr;<\/span><\/a><\/p>\n","protected":false},"author":1,"featured_media":0,"parent":2086,"menu_order":1,"comment_status":"open","ping_status":"open","template":"","meta":{"_monsterinsights_skip_tracking":false,"_monsterinsights_sitenote_active":false,"_monsterinsights_sitenote_note":"","_monsterinsights_sitenote_category":0},"yoast_head":"<!-- This site is optimized with the Yoast SEO plugin v21.0 - https:\/\/yoast.com\/wordpress\/plugins\/seo\/ -->\n<title>Seetag - Lindenhausen-weil Reisen Spa\u00df macht<\/title>\n<meta name=\"robots\" content=\"index, follow, max-snippet:-1, max-image-preview:large, max-video-preview:-1\" \/>\n<link rel=\"canonical\" href=\"http:\/\/www.lindenhausen.de\/blog\/reiseberichte-costa\/costa-favolosa-05-2016-rund-um-westeuropa\/seetag\/\" \/>\n<meta property=\"og:locale\" content=\"de_DE\" \/>\n<meta property=\"og:type\" content=\"article\" \/>\n<meta property=\"og:title\" content=\"Seetag - Lindenhausen-weil Reisen Spa\u00df macht\" \/>\n<meta property=\"og:description\" content=\"Seetag, Sonne satt, herrlich. Zuerst aber war ein Problem zu beheben: ausgerechnet in unserer Kabine versagte der WC Abfluss. Der Schuster hat ja bekanntlich die schlechtesten Schuhe. Ich suchte mir ein anderes stilles \u00d6rtchen und danach besuchte ich die Rezeption. Sofort wurde telefoniert und als wir eine Stunde sp\u00e4ter vom Fr\u00fchst\u00fcck zur\u00fcck kamen war der &hellip; Seetag weiterlesen &rarr;\" \/>\n<meta property=\"og:url\" content=\"http:\/\/www.lindenhausen.de\/blog\/reiseberichte-costa\/costa-favolosa-05-2016-rund-um-westeuropa\/seetag\/\" \/>\n<meta property=\"og:site_name\" content=\"Lindenhausen-weil Reisen Spa\u00df macht\" \/>\n<meta property=\"article:publisher\" content=\"http:\/\/www.facebook.com\/Lindenhausen\/\" \/>\n<meta property=\"article:modified_time\" content=\"2016-06-27T20:37:25+00:00\" \/>\n<meta property=\"og:image\" content=\"http:\/\/www.lindenhausen.de\/blog\/wp-content\/uploads\/2016\/06\/13240483_1052577561457416_4371606472774819844_n-225x300.jpg\" \/>\n<meta name=\"twitter:card\" content=\"summary_large_image\" \/>\n<meta name=\"twitter:site\" content=\"@Maxilinde\" \/>\n<meta name=\"twitter:label1\" content=\"Gesch\u00e4tzte Lesezeit\" \/>\n\t<meta name=\"twitter:data1\" content=\"2\u00a0Minuten\" \/>\n<script type=\"application\/ld+json\" class=\"yoast-schema-graph\">{\"@context\":\"https:\/\/schema.org\",\"@graph\":[{\"@type\":\"WebPage\",\"@id\":\"http:\/\/www.lindenhausen.de\/blog\/reiseberichte-costa\/costa-favolosa-05-2016-rund-um-westeuropa\/seetag\/\",\"url\":\"http:\/\/www.lindenhausen.de\/blog\/reiseberichte-costa\/costa-favolosa-05-2016-rund-um-westeuropa\/seetag\/\",\"name\":\"Seetag - Lindenhausen-weil Reisen Spa\u00df macht\",\"isPartOf\":{\"@id\":\"https:\/\/www.lindenhausen.de\/blog\/#website\"},\"datePublished\":\"2016-06-27T19:41:33+00:00\",\"dateModified\":\"2016-06-27T20:37:25+00:00\",\"breadcrumb\":{\"@id\":\"http:\/\/www.lindenhausen.de\/blog\/reiseberichte-costa\/costa-favolosa-05-2016-rund-um-westeuropa\/seetag\/#breadcrumb\"},\"inLanguage\":\"de\",\"potentialAction\":[{\"@type\":\"ReadAction\",\"target\":[\"http:\/\/www.lindenhausen.de\/blog\/reiseberichte-costa\/costa-favolosa-05-2016-rund-um-westeuropa\/seetag\/\"]}]},{\"@type\":\"BreadcrumbList\",\"@id\":\"http:\/\/www.lindenhausen.de\/blog\/reiseberichte-costa\/costa-favolosa-05-2016-rund-um-westeuropa\/seetag\/#breadcrumb\",\"itemListElement\":[{\"@type\":\"ListItem\",\"position\":1,\"name\":\"Startseite\",\"item\":\"https:\/\/www.lindenhausen.de\/blog\/\"},{\"@type\":\"ListItem\",\"position\":2,\"name\":\"Reiseberichte Costa Kreuzfahrten\",\"item\":\"http:\/\/www.lindenhausen.de\/blog\/reiseberichte-costa\/\"},{\"@type\":\"ListItem\",\"position\":3,\"name\":\"Costa Favolosa 05.2016-rund um Westeuropa\",\"item\":\"https:\/\/www.lindenhausen.de\/blog\/reiseberichte-costa\/costa-favolosa-05-2016-rund-um-westeuropa\/\"},{\"@type\":\"ListItem\",\"position\":4,\"name\":\"Seetag\"}]},{\"@type\":\"WebSite\",\"@id\":\"https:\/\/www.lindenhausen.de\/blog\/#website\",\"url\":\"https:\/\/www.lindenhausen.de\/blog\/\",\"name\":\"Lindenhausen-weil Reisen Spa\u00df macht\",\"description\":\"Reisen und Kreuzfahrten, Reiseberichte, Kreuzfahrtforum\",\"potentialAction\":[{\"@type\":\"SearchAction\",\"target\":{\"@type\":\"EntryPoint\",\"urlTemplate\":\"https:\/\/www.lindenhausen.de\/blog\/?s={search_term_string}\"},\"query-input\":\"required name=search_term_string\"}],\"inLanguage\":\"de\"}]}<\/script>\n<!-- \/ Yoast SEO plugin. -->","yoast_head_json":{"title":"Seetag - Lindenhausen-weil Reisen Spa\u00df macht","robots":{"index":"index","follow":"follow","max-snippet":"max-snippet:-1","max-image-preview":"max-image-preview:large","max-video-preview":"max-video-preview:-1"},"canonical":"http:\/\/www.lindenhausen.de\/blog\/reiseberichte-costa\/costa-favolosa-05-2016-rund-um-westeuropa\/seetag\/","og_locale":"de_DE","og_type":"article","og_title":"Seetag - Lindenhausen-weil Reisen Spa\u00df macht","og_description":"Seetag, Sonne satt, herrlich. Zuerst aber war ein Problem zu beheben: ausgerechnet in unserer Kabine versagte der WC Abfluss. Der Schuster hat ja bekanntlich die schlechtesten Schuhe. Ich suchte mir ein anderes stilles \u00d6rtchen und danach besuchte ich die Rezeption. Sofort wurde telefoniert und als wir eine Stunde sp\u00e4ter vom Fr\u00fchst\u00fcck zur\u00fcck kamen war der &hellip; Seetag weiterlesen &rarr;","og_url":"http:\/\/www.lindenhausen.de\/blog\/reiseberichte-costa\/costa-favolosa-05-2016-rund-um-westeuropa\/seetag\/","og_site_name":"Lindenhausen-weil Reisen Spa\u00df macht","article_publisher":"http:\/\/www.facebook.com\/Lindenhausen\/","article_modified_time":"2016-06-27T20:37:25+00:00","og_image":[{"url":"http:\/\/www.lindenhausen.de\/blog\/wp-content\/uploads\/2016\/06\/13240483_1052577561457416_4371606472774819844_n-225x300.jpg"}],"twitter_card":"summary_large_image","twitter_site":"@Maxilinde","twitter_misc":{"Gesch\u00e4tzte Lesezeit":"2\u00a0Minuten"},"schema":{"@context":"https:\/\/schema.org","@graph":[{"@type":"WebPage","@id":"http:\/\/www.lindenhausen.de\/blog\/reiseberichte-costa\/costa-favolosa-05-2016-rund-um-westeuropa\/seetag\/","url":"http:\/\/www.lindenhausen.de\/blog\/reiseberichte-costa\/costa-favolosa-05-2016-rund-um-westeuropa\/seetag\/","name":"Seetag - Lindenhausen-weil Reisen Spa\u00df macht","isPartOf":{"@id":"https:\/\/www.lindenhausen.de\/blog\/#website"},"datePublished":"2016-06-27T19:41:33+00:00","dateModified":"2016-06-27T20:37:25+00:00","breadcrumb":{"@id":"http:\/\/www.lindenhausen.de\/blog\/reiseberichte-costa\/costa-favolosa-05-2016-rund-um-westeuropa\/seetag\/#breadcrumb"},"inLanguage":"de","potentialAction":[{"@type":"ReadAction","target":["http:\/\/www.lindenhausen.de\/blog\/reiseberichte-costa\/costa-favolosa-05-2016-rund-um-westeuropa\/seetag\/"]}]},{"@type":"BreadcrumbList","@id":"http:\/\/www.lindenhausen.de\/blog\/reiseberichte-costa\/costa-favolosa-05-2016-rund-um-westeuropa\/seetag\/#breadcrumb","itemListElement":[{"@type":"ListItem","position":1,"name":"Startseite","item":"https:\/\/www.lindenhausen.de\/blog\/"},{"@type":"ListItem","position":2,"name":"Reiseberichte Costa Kreuzfahrten","item":"http:\/\/www.lindenhausen.de\/blog\/reiseberichte-costa\/"},{"@type":"ListItem","position":3,"name":"Costa Favolosa 05.2016-rund um Westeuropa","item":"https:\/\/www.lindenhausen.de\/blog\/reiseberichte-costa\/costa-favolosa-05-2016-rund-um-westeuropa\/"},{"@type":"ListItem","position":4,"name":"Seetag"}]},{"@type":"WebSite","@id":"https:\/\/www.lindenhausen.de\/blog\/#website","url":"https:\/\/www.lindenhausen.de\/blog\/","name":"Lindenhausen-weil Reisen Spa\u00df macht","description":"Reisen und Kreuzfahrten, Reiseberichte, Kreuzfahrtforum","potentialAction":[{"@type":"SearchAction","target":{"@type":"EntryPoint","urlTemplate":"https:\/\/www.lindenhausen.de\/blog\/?s={search_term_string}"},"query-input":"required name=search_term_string"}],"inLanguage":"de"}]}},"_links":{"self":[{"href":"http:\/\/www.lindenhausen.de\/blog\/wp-json\/wp\/v2\/pages\/2271"}],"collection":[{"href":"http:\/\/www.lindenhausen.de\/blog\/wp-json\/wp\/v2\/pages"}],"about":[{"href":"http:\/\/www.lindenhausen.de\/blog\/wp-json\/wp\/v2\/types\/page"}],"author":[{"embeddable":true,"href":"http:\/\/www.lindenhausen.de\/blog\/wp-json\/wp\/v2\/users\/1"}],"replies":[{"embeddable":true,"href":"http:\/\/www.lindenhausen.de\/blog\/wp-json\/wp\/v2\/comments?post=2271"}],"version-history":[{"count":2,"href":"http:\/\/www.lindenhausen.de\/blog\/wp-json\/wp\/v2\/pages\/2271\/revisions"}],"predecessor-version":[{"id":2298,"href":"http:\/\/www.lindenhausen.de\/blog\/wp-json\/wp\/v2\/pages\/2271\/revisions\/2298"}],"up":[{"embeddable":true,"href":"http:\/\/www.lindenhausen.de\/blog\/wp-json\/wp\/v2\/pages\/2086"}],"wp:attachment":[{"href":"http:\/\/www.lindenhausen.de\/blog\/wp-json\/wp\/v2\/media?parent=2271"}],"curies":[{"name":"wp","href":"https:\/\/api.w.org\/{rel}","templated":true}]}}