{"id":2086,"date":"2016-06-27T21:26:21","date_gmt":"2016-06-27T19:26:21","guid":{"rendered":"http:\/\/www.lindenhausen.de\/blog\/?page_id=2086"},"modified":"2016-06-27T22:36:41","modified_gmt":"2016-06-27T20:36:41","slug":"costa-favolosa-05-2016-rund-um-westeuropa","status":"publish","type":"page","link":"http:\/\/www.lindenhausen.de\/blog\/reiseberichte-costa\/costa-favolosa-05-2016-rund-um-westeuropa\/","title":{"rendered":"Costa Favolosa 05.2016-rund um Westeuropa"},"content":{"rendered":"<p>So sp\u00e4t waren die Koffer noch nie gepackt. Nicht nur die Arbeit, auch ehrenamtliches und pers\u00f6nliches kam dazu. Nach einem sch\u00f6nen Mittagessen mit Familie und Freunden- Spargelzeit \u2013 begann ich endlich zu packen.<\/p>\n<p>Der Bus ab Ingolstadt sollte 23.45 fahren- was er auch p\u00fcnktlich tat, mit uns und vollst\u00e4ndigem Gep\u00e4ck.<\/p>\n<p>Leider knallvoll und ohne Sitzreservierung, wir hatten Gl\u00fcck, andere nicht, die Busfahrer mussten l\u00f6sen.<\/p>\n<p>Daf\u00fcr aber ging es direkt durch nach Savona, also Schlaf von Mitternacht bis 6:00 Uhr, soweit jemand im Bus schlafen kann, da z\u00e4hle ich mich zu den gl\u00fccklichen.<\/p>\n<p>Eine Pause f\u00fcr ein kurzes Fr\u00fchst\u00fcck bei dem wir Mitreisende unserer Israeltour wiedertrafen, gegen 9 erreichten wir schon den Hafen von Savona, wo uns die Costa Favolosa erwartete.<\/p>\n<p>Einschiffungsnummer getauscht und dann zeigten wir unseren beiden Mitreisenden ein wenig von Savona.<\/p>\n<p>Es macht immer wieder Spa\u00df nach der langen Busreise ein wenig durch die Gassen zu schlendern, einen Cappuccino zu trinken und Bella Italia zu genie\u00dfen.<\/p>\n<p><a href=\"http:\/\/www.lindenhausen.de\/blog\/wp-content\/uploads\/2016\/06\/K1024_DSC_0636-e1467049296821.jpg\"><img decoding=\"async\" loading=\"lazy\" class=\"aligncenter size-medium wp-image-2117\" src=\"http:\/\/www.lindenhausen.de\/blog\/wp-content\/uploads\/2016\/06\/K1024_DSC_0636-e1467049296821-199x300.jpg\" alt=\"Savona\" width=\"199\" height=\"300\" srcset=\"http:\/\/www.lindenhausen.de\/blog\/wp-content\/uploads\/2016\/06\/K1024_DSC_0636-e1467049296821-199x300.jpg 199w, http:\/\/www.lindenhausen.de\/blog\/wp-content\/uploads\/2016\/06\/K1024_DSC_0636-e1467049296821-679x1024.jpg 679w, http:\/\/www.lindenhausen.de\/blog\/wp-content\/uploads\/2016\/06\/K1024_DSC_0636-e1467049296821.jpg 768w\" sizes=\"(max-width: 199px) 100vw, 199px\" \/><\/a> <a href=\"http:\/\/www.lindenhausen.de\/blog\/wp-content\/uploads\/2016\/06\/K1024_DSC_0629.jpg\"><img decoding=\"async\" loading=\"lazy\" class=\"aligncenter size-medium wp-image-2116\" src=\"http:\/\/www.lindenhausen.de\/blog\/wp-content\/uploads\/2016\/06\/K1024_DSC_0629-300x199.jpg\" alt=\"Savona\" width=\"300\" height=\"199\" srcset=\"http:\/\/www.lindenhausen.de\/blog\/wp-content\/uploads\/2016\/06\/K1024_DSC_0629-300x199.jpg 300w, http:\/\/www.lindenhausen.de\/blog\/wp-content\/uploads\/2016\/06\/K1024_DSC_0629-1024x678.jpg 1024w, http:\/\/www.lindenhausen.de\/blog\/wp-content\/uploads\/2016\/06\/K1024_DSC_0629.jpg 1160w\" sizes=\"(max-width: 300px) 100vw, 300px\" \/><\/a><\/p>\n<p>12:00 Uhr war Einschiffungsbeginn, nach der Clubumstellung gab es nur noch Einschiffungsnummer 3, 13:00 Uhr waren wir auf dem Schiff.<\/p>\n<p>Schnell die Bordkarten von der Kabine geholt und im Atrium das Getr\u00e4nkepaket gekauft. Ich wollte es nicht von daheim aus bestellen da wir doch ein nettes Bordguthaben hatten.<\/p>\n<p>Aber das war schnell erledigt und ein paar Minuten sp\u00e4ter sa\u00dfen wir oben am Heck und bestellten bei Jeffrey das erste Glas Wei\u00dfwein, dazu Muscheln, Salat und Nudeln, Urlaub. Da st\u00f6rte es auch wenig das wir noch eine Jacke brauchten weil das Wetter recht durchwachsen war.<\/p>\n<p><a href=\"http:\/\/www.lindenhausen.de\/blog\/wp-content\/uploads\/2016\/06\/K1024_DSC_0640.jpg\"><img decoding=\"async\" loading=\"lazy\" class=\"aligncenter size-medium wp-image-2118\" src=\"http:\/\/www.lindenhausen.de\/blog\/wp-content\/uploads\/2016\/06\/K1024_DSC_0640-300x199.jpg\" alt=\"Savona\" width=\"300\" height=\"199\" srcset=\"http:\/\/www.lindenhausen.de\/blog\/wp-content\/uploads\/2016\/06\/K1024_DSC_0640-300x199.jpg 300w, http:\/\/www.lindenhausen.de\/blog\/wp-content\/uploads\/2016\/06\/K1024_DSC_0640-1024x678.jpg 1024w, http:\/\/www.lindenhausen.de\/blog\/wp-content\/uploads\/2016\/06\/K1024_DSC_0640.jpg 1160w\" sizes=\"(max-width: 300px) 100vw, 300px\" \/><\/a> <a href=\"http:\/\/www.lindenhausen.de\/blog\/wp-content\/uploads\/2016\/06\/K1024_DSC_0644.jpg\"><img decoding=\"async\" loading=\"lazy\" class=\"aligncenter size-medium wp-image-2119\" src=\"http:\/\/www.lindenhausen.de\/blog\/wp-content\/uploads\/2016\/06\/K1024_DSC_0644-300x199.jpg\" alt=\"Savona\" width=\"300\" height=\"199\" srcset=\"http:\/\/www.lindenhausen.de\/blog\/wp-content\/uploads\/2016\/06\/K1024_DSC_0644-300x199.jpg 300w, http:\/\/www.lindenhausen.de\/blog\/wp-content\/uploads\/2016\/06\/K1024_DSC_0644-1024x678.jpg 1024w, http:\/\/www.lindenhausen.de\/blog\/wp-content\/uploads\/2016\/06\/K1024_DSC_0644.jpg 1160w\" sizes=\"(max-width: 300px) 100vw, 300px\" \/><\/a><\/p>\n<p>Ein erster Schiffsrundgang schloss sich an, dabei trafen wir auch das erste bekannte Gesicht, Corinna war als deutsche Hostess an Bord-ein guter Anfang.<\/p>\n<p>Koffer auspacken, I Putu, der Steward stellte sich vor und sorgte f\u00fcr getrennte Bettdecken und fehlende Poolhandt\u00fccher.<\/p>\n<p>Schon war Zeit f\u00fcr die Seenotrettungs\u00fcbung, dann durften wir schon das Auslaufen aus dem Hafen von Savona beobachten.<\/p>\n<p>Danach ein wenig frischgemacht, umgezogen und dann schauten wir mal die Bars durch. In der Grand Bar tanzten wir die erste Runde und genossen die gewohnte, ein wenig altmodische Atmosph\u00e4re.<\/p>\n<p>Da wir \u2013auf eigenen Wunsch- die zweite Tischzeit hatten waren wir dann doch so langsam hungrig.<\/p>\n<p>Also den kurzen Weg ins mittlere Restaurant-Duca di Borgogna-genommen und schon stie\u00dfen wir auf Cesar, die Wiedersehensfreude war auf beiden Seiten gro\u00df. Er zeigte uns auch gleich den Weg zu unserem Tisch, den Norwin f\u00fcr uns ausgesucht hatte. Ganz wunderbar an der Balustrade mit Blick aufs Geschehen, zwar f\u00fcr 6 Personen aber nur f\u00fcr uns 4 gedacht.<\/p>\n<p>Wir wurden herzlich begr\u00fc\u00dft, kurz ein paar Worte \u00fcber Kinder und Familie ausgetauscht und Renato kennengelernt, der uns zusammen mit Norwin auf dieser Reise bewirten w\u00fcrde.<\/p>\n<p>Es war ein entspanntes erstes Abendessen und so langsam kamen wir im Urlaub an.<\/p>\n<p>\u00c4hm-um eine alte Geschichte aufzuw\u00e4rmen: es gab Butter:D<\/p>\n<p>&nbsp;<\/p>\n<p>So m\u00fcde wie wir waren g\u00f6nnten wir uns noch einen Absacker im Atrium und fielen todm\u00fcde ins Bett.<\/p>\n<p><a title=\"Seetag\" href=\"http:\/\/www.lindenhausen.de\/blog\/reiseberichte-costa\/costa-favolosa-05-2016-rund-um-westeuropa\/seetag\/\">hier gehts es weiter <\/a><\/p>\n","protected":false},"excerpt":{"rendered":"<p>So sp\u00e4t waren die Koffer noch nie gepackt. Nicht nur die Arbeit, auch ehrenamtliches und pers\u00f6nliches kam dazu. Nach einem sch\u00f6nen Mittagessen mit Familie und Freunden- Spargelzeit \u2013 begann ich endlich zu packen. Der Bus ab Ingolstadt sollte 23.45 fahren- was er auch p\u00fcnktlich tat, mit uns und vollst\u00e4ndigem Gep\u00e4ck. Leider knallvoll und ohne Sitzreservierung, &hellip; <a href=\"http:\/\/www.lindenhausen.de\/blog\/reiseberichte-costa\/costa-favolosa-05-2016-rund-um-westeuropa\/\" class=\"more-link\"><span class=\"screen-reader-text\">Costa Favolosa 05.2016-rund um Westeuropa<\/span> weiterlesen <span class=\"meta-nav\">&rarr;<\/span><\/a><\/p>\n","protected":false},"author":1,"featured_media":2116,"parent":2,"menu_order":7,"comment_status":"open","ping_status":"open","template":"","meta":{"_monsterinsights_skip_tracking":false,"_monsterinsights_sitenote_active":false,"_monsterinsights_sitenote_note":"","_monsterinsights_sitenote_category":0},"yoast_head":"<!-- This site is optimized with the Yoast SEO plugin v21.0 - https:\/\/yoast.com\/wordpress\/plugins\/seo\/ -->\n<title>Costa Favolosa 05.2016-rund um Westeuropa - Lindenhausen-weil Reisen Spa\u00df macht<\/title>\n<meta name=\"robots\" content=\"index, follow, max-snippet:-1, max-image-preview:large, max-video-preview:-1\" \/>\n<link rel=\"canonical\" href=\"https:\/\/www.lindenhausen.de\/blog\/reiseberichte-costa\/costa-favolosa-05-2016-rund-um-westeuropa\/\" \/>\n<meta property=\"og:locale\" content=\"de_DE\" \/>\n<meta property=\"og:type\" content=\"article\" \/>\n<meta property=\"og:title\" content=\"Costa Favolosa 05.2016-rund um Westeuropa - Lindenhausen-weil Reisen Spa\u00df macht\" \/>\n<meta property=\"og:description\" content=\"So sp\u00e4t waren die Koffer noch nie gepackt. Nicht nur die Arbeit, auch ehrenamtliches und pers\u00f6nliches kam dazu. Nach einem sch\u00f6nen Mittagessen mit Familie und Freunden- Spargelzeit \u2013 begann ich endlich zu packen. Der Bus ab Ingolstadt sollte 23.45 fahren- was er auch p\u00fcnktlich tat, mit uns und vollst\u00e4ndigem Gep\u00e4ck. Leider knallvoll und ohne Sitzreservierung, &hellip; Costa Favolosa 05.2016-rund um Westeuropa weiterlesen &rarr;\" \/>\n<meta property=\"og:url\" content=\"https:\/\/www.lindenhausen.de\/blog\/reiseberichte-costa\/costa-favolosa-05-2016-rund-um-westeuropa\/\" \/>\n<meta property=\"og:site_name\" content=\"Lindenhausen-weil Reisen Spa\u00df macht\" \/>\n<meta property=\"article:publisher\" content=\"http:\/\/www.facebook.com\/Lindenhausen\/\" \/>\n<meta property=\"article:modified_time\" content=\"2016-06-27T20:36:41+00:00\" \/>\n<meta property=\"og:image\" content=\"https:\/\/www.lindenhausen.de\/blog\/wp-content\/uploads\/2016\/06\/K1024_DSC_0629.jpg\" \/>\n\t<meta property=\"og:image:width\" content=\"1160\" \/>\n\t<meta property=\"og:image:height\" content=\"768\" \/>\n\t<meta property=\"og:image:type\" content=\"image\/jpeg\" \/>\n<meta name=\"twitter:card\" content=\"summary_large_image\" \/>\n<meta name=\"twitter:site\" content=\"@Maxilinde\" \/>\n<meta name=\"twitter:label1\" content=\"Gesch\u00e4tzte Lesezeit\" \/>\n\t<meta name=\"twitter:data1\" content=\"3\u00a0Minuten\" \/>\n<script type=\"application\/ld+json\" class=\"yoast-schema-graph\">{\"@context\":\"https:\/\/schema.org\",\"@graph\":[{\"@type\":\"WebPage\",\"@id\":\"https:\/\/www.lindenhausen.de\/blog\/reiseberichte-costa\/costa-favolosa-05-2016-rund-um-westeuropa\/\",\"url\":\"https:\/\/www.lindenhausen.de\/blog\/reiseberichte-costa\/costa-favolosa-05-2016-rund-um-westeuropa\/\",\"name\":\"Costa Favolosa 05.2016-rund um Westeuropa - Lindenhausen-weil Reisen Spa\u00df macht\",\"isPartOf\":{\"@id\":\"https:\/\/www.lindenhausen.de\/blog\/#website\"},\"datePublished\":\"2016-06-27T19:26:21+00:00\",\"dateModified\":\"2016-06-27T20:36:41+00:00\",\"breadcrumb\":{\"@id\":\"https:\/\/www.lindenhausen.de\/blog\/reiseberichte-costa\/costa-favolosa-05-2016-rund-um-westeuropa\/#breadcrumb\"},\"inLanguage\":\"de\",\"potentialAction\":[{\"@type\":\"ReadAction\",\"target\":[\"https:\/\/www.lindenhausen.de\/blog\/reiseberichte-costa\/costa-favolosa-05-2016-rund-um-westeuropa\/\"]}]},{\"@type\":\"BreadcrumbList\",\"@id\":\"https:\/\/www.lindenhausen.de\/blog\/reiseberichte-costa\/costa-favolosa-05-2016-rund-um-westeuropa\/#breadcrumb\",\"itemListElement\":[{\"@type\":\"ListItem\",\"position\":1,\"name\":\"Startseite\",\"item\":\"https:\/\/www.lindenhausen.de\/blog\/\"},{\"@type\":\"ListItem\",\"position\":2,\"name\":\"Reiseberichte Costa Kreuzfahrten\",\"item\":\"http:\/\/www.lindenhausen.de\/blog\/reiseberichte-costa\/\"},{\"@type\":\"ListItem\",\"position\":3,\"name\":\"Costa Favolosa 05.2016-rund um Westeuropa\"}]},{\"@type\":\"WebSite\",\"@id\":\"https:\/\/www.lindenhausen.de\/blog\/#website\",\"url\":\"https:\/\/www.lindenhausen.de\/blog\/\",\"name\":\"Lindenhausen-weil Reisen Spa\u00df macht\",\"description\":\"Reisen und Kreuzfahrten, Reiseberichte, Kreuzfahrtforum\",\"potentialAction\":[{\"@type\":\"SearchAction\",\"target\":{\"@type\":\"EntryPoint\",\"urlTemplate\":\"https:\/\/www.lindenhausen.de\/blog\/?s={search_term_string}\"},\"query-input\":\"required name=search_term_string\"}],\"inLanguage\":\"de\"}]}<\/script>\n<!-- \/ Yoast SEO plugin. -->","yoast_head_json":{"title":"Costa Favolosa 05.2016-rund um Westeuropa - Lindenhausen-weil Reisen Spa\u00df macht","robots":{"index":"index","follow":"follow","max-snippet":"max-snippet:-1","max-image-preview":"max-image-preview:large","max-video-preview":"max-video-preview:-1"},"canonical":"https:\/\/www.lindenhausen.de\/blog\/reiseberichte-costa\/costa-favolosa-05-2016-rund-um-westeuropa\/","og_locale":"de_DE","og_type":"article","og_title":"Costa Favolosa 05.2016-rund um Westeuropa - Lindenhausen-weil Reisen Spa\u00df macht","og_description":"So sp\u00e4t waren die Koffer noch nie gepackt. Nicht nur die Arbeit, auch ehrenamtliches und pers\u00f6nliches kam dazu. Nach einem sch\u00f6nen Mittagessen mit Familie und Freunden- Spargelzeit \u2013 begann ich endlich zu packen. Der Bus ab Ingolstadt sollte 23.45 fahren- was er auch p\u00fcnktlich tat, mit uns und vollst\u00e4ndigem Gep\u00e4ck. Leider knallvoll und ohne Sitzreservierung, &hellip; Costa Favolosa 05.2016-rund um Westeuropa weiterlesen &rarr;","og_url":"https:\/\/www.lindenhausen.de\/blog\/reiseberichte-costa\/costa-favolosa-05-2016-rund-um-westeuropa\/","og_site_name":"Lindenhausen-weil Reisen Spa\u00df macht","article_publisher":"http:\/\/www.facebook.com\/Lindenhausen\/","article_modified_time":"2016-06-27T20:36:41+00:00","og_image":[{"width":1160,"height":768,"url":"https:\/\/www.lindenhausen.de\/blog\/wp-content\/uploads\/2016\/06\/K1024_DSC_0629.jpg","type":"image\/jpeg"}],"twitter_card":"summary_large_image","twitter_site":"@Maxilinde","twitter_misc":{"Gesch\u00e4tzte Lesezeit":"3\u00a0Minuten"},"schema":{"@context":"https:\/\/schema.org","@graph":[{"@type":"WebPage","@id":"https:\/\/www.lindenhausen.de\/blog\/reiseberichte-costa\/costa-favolosa-05-2016-rund-um-westeuropa\/","url":"https:\/\/www.lindenhausen.de\/blog\/reiseberichte-costa\/costa-favolosa-05-2016-rund-um-westeuropa\/","name":"Costa Favolosa 05.2016-rund um Westeuropa - Lindenhausen-weil Reisen Spa\u00df macht","isPartOf":{"@id":"https:\/\/www.lindenhausen.de\/blog\/#website"},"datePublished":"2016-06-27T19:26:21+00:00","dateModified":"2016-06-27T20:36:41+00:00","breadcrumb":{"@id":"https:\/\/www.lindenhausen.de\/blog\/reiseberichte-costa\/costa-favolosa-05-2016-rund-um-westeuropa\/#breadcrumb"},"inLanguage":"de","potentialAction":[{"@type":"ReadAction","target":["https:\/\/www.lindenhausen.de\/blog\/reiseberichte-costa\/costa-favolosa-05-2016-rund-um-westeuropa\/"]}]},{"@type":"BreadcrumbList","@id":"https:\/\/www.lindenhausen.de\/blog\/reiseberichte-costa\/costa-favolosa-05-2016-rund-um-westeuropa\/#breadcrumb","itemListElement":[{"@type":"ListItem","position":1,"name":"Startseite","item":"https:\/\/www.lindenhausen.de\/blog\/"},{"@type":"ListItem","position":2,"name":"Reiseberichte Costa Kreuzfahrten","item":"http:\/\/www.lindenhausen.de\/blog\/reiseberichte-costa\/"},{"@type":"ListItem","position":3,"name":"Costa Favolosa 05.2016-rund um Westeuropa"}]},{"@type":"WebSite","@id":"https:\/\/www.lindenhausen.de\/blog\/#website","url":"https:\/\/www.lindenhausen.de\/blog\/","name":"Lindenhausen-weil Reisen Spa\u00df macht","description":"Reisen und Kreuzfahrten, Reiseberichte, Kreuzfahrtforum","potentialAction":[{"@type":"SearchAction","target":{"@type":"EntryPoint","urlTemplate":"https:\/\/www.lindenhausen.de\/blog\/?s={search_term_string}"},"query-input":"required name=search_term_string"}],"inLanguage":"de"}]}},"_links":{"self":[{"href":"http:\/\/www.lindenhausen.de\/blog\/wp-json\/wp\/v2\/pages\/2086"}],"collection":[{"href":"http:\/\/www.lindenhausen.de\/blog\/wp-json\/wp\/v2\/pages"}],"about":[{"href":"http:\/\/www.lindenhausen.de\/blog\/wp-json\/wp\/v2\/types\/page"}],"author":[{"embeddable":true,"href":"http:\/\/www.lindenhausen.de\/blog\/wp-json\/wp\/v2\/users\/1"}],"replies":[{"embeddable":true,"href":"http:\/\/www.lindenhausen.de\/blog\/wp-json\/wp\/v2\/comments?post=2086"}],"version-history":[{"count":3,"href":"http:\/\/www.lindenhausen.de\/blog\/wp-json\/wp\/v2\/pages\/2086\/revisions"}],"predecessor-version":[{"id":2297,"href":"http:\/\/www.lindenhausen.de\/blog\/wp-json\/wp\/v2\/pages\/2086\/revisions\/2297"}],"up":[{"embeddable":true,"href":"http:\/\/www.lindenhausen.de\/blog\/wp-json\/wp\/v2\/pages\/2"}],"wp:featuredmedia":[{"embeddable":true,"href":"http:\/\/www.lindenhausen.de\/blog\/wp-json\/wp\/v2\/media\/2116"}],"wp:attachment":[{"href":"http:\/\/www.lindenhausen.de\/blog\/wp-json\/wp\/v2\/media?parent=2086"}],"curies":[{"name":"wp","href":"https:\/\/api.w.org\/{rel}","templated":true}]}}