{"id":1637,"date":"2016-03-09T22:53:35","date_gmt":"2016-03-09T21:53:35","guid":{"rendered":"http:\/\/www.lindenhausen.de\/blog\/?page_id=1637"},"modified":"2017-09-15T22:18:45","modified_gmt":"2017-09-15T20:18:45","slug":"dubai-6","status":"publish","type":"page","link":"http:\/\/www.lindenhausen.de\/blog\/reiseberichte-costa\/kreuzfahrten-2016\/costa-fortuna-01-2016\/dubai-6\/","title":{"rendered":"Dubai 6"},"content":{"rendered":"<p>Donnerstag 21.01.2016<br \/>\nAuch der letzte komplette Urlaubstag startete ungut, keine Besserung. Also blieb ich im Bett, suchte mir dann sp\u00e4ter eine Liege in der Sonne, versuchte das letzte Mittagessen an Bord zu genie\u00dfen und machte ein ausgiebiges Mittagsschl\u00e4fchen. Schade, eigentlich war das anders geplant.<br \/>\nAm Nachmittag nahmen wir ein Taxi zur Dubai Mall und gingen bummeln. Man k\u00f6nnte den ganzen Tag hier verbringen, zwischen Aquarium, Schlittschuhbahn, Shoppen, Essen und Staunen.<\/p>\n<figure id=\"attachment_2022\" aria-describedby=\"caption-attachment-2022\" style=\"width: 225px\" class=\"wp-caption aligncenter\"><a href=\"http:\/\/www.lindenhausen.de\/blog\/wp-content\/uploads\/2016\/03\/K800_IMG_8138.jpg\"><img decoding=\"async\" loading=\"lazy\" class=\"size-medium wp-image-2022\" src=\"http:\/\/www.lindenhausen.de\/blog\/wp-content\/uploads\/2016\/03\/K800_IMG_8138-225x300.jpg\" alt=\"Dubai Mall\" width=\"225\" height=\"300\" srcset=\"http:\/\/www.lindenhausen.de\/blog\/wp-content\/uploads\/2016\/03\/K800_IMG_8138-225x300.jpg 225w, http:\/\/www.lindenhausen.de\/blog\/wp-content\/uploads\/2016\/03\/K800_IMG_8138.jpg 600w\" sizes=\"(max-width: 225px) 100vw, 225px\" \/><\/a><figcaption id=\"caption-attachment-2022\" class=\"wp-caption-text\">Dubai Mall<\/figcaption><\/figure>\n<figure id=\"attachment_2021\" aria-describedby=\"caption-attachment-2021\" style=\"width: 300px\" class=\"wp-caption aligncenter\"><a href=\"http:\/\/www.lindenhausen.de\/blog\/wp-content\/uploads\/2016\/03\/K800_IMG_8119-e1457805106942.jpg\"><img decoding=\"async\" loading=\"lazy\" class=\"size-medium wp-image-2021\" src=\"http:\/\/www.lindenhausen.de\/blog\/wp-content\/uploads\/2016\/03\/K800_IMG_8119-e1457805106942-300x225.jpg\" alt=\"Dubai Mall\" width=\"300\" height=\"225\" srcset=\"http:\/\/www.lindenhausen.de\/blog\/wp-content\/uploads\/2016\/03\/K800_IMG_8119-e1457805106942-300x225.jpg 300w, http:\/\/www.lindenhausen.de\/blog\/wp-content\/uploads\/2016\/03\/K800_IMG_8119-e1457805106942.jpg 799w\" sizes=\"(max-width: 300px) 100vw, 300px\" \/><\/a><figcaption id=\"caption-attachment-2021\" class=\"wp-caption-text\">Dubai Mall<\/figcaption><\/figure>\n<p><a href=\"http:\/\/www.lindenhausen.de\/blog\/wp-content\/uploads\/2016\/03\/K800_IMG_7990-e1457805534412.jpg\"><img decoding=\"async\" loading=\"lazy\" class=\"aligncenter size-medium wp-image-2009\" src=\"http:\/\/www.lindenhausen.de\/blog\/wp-content\/uploads\/2016\/03\/K800_IMG_7990-e1457805534412-225x300.jpg\" alt=\"Dubai Mall\" width=\"225\" height=\"300\" srcset=\"http:\/\/www.lindenhausen.de\/blog\/wp-content\/uploads\/2016\/03\/K800_IMG_7990-e1457805534412-225x300.jpg 225w, http:\/\/www.lindenhausen.de\/blog\/wp-content\/uploads\/2016\/03\/K800_IMG_7990-e1457805534412.jpg 600w\" sizes=\"(max-width: 225px) 100vw, 225px\" \/><\/a> <a href=\"http:\/\/www.lindenhausen.de\/blog\/wp-content\/uploads\/2016\/03\/K800_IMG_0555-e1457806897952.jpg\"><img decoding=\"async\" loading=\"lazy\" class=\"aligncenter size-medium wp-image-1984\" src=\"http:\/\/www.lindenhausen.de\/blog\/wp-content\/uploads\/2016\/03\/K800_IMG_0555-e1457806897952-225x300.jpg\" alt=\"Dubai Mall\" width=\"225\" height=\"300\" srcset=\"http:\/\/www.lindenhausen.de\/blog\/wp-content\/uploads\/2016\/03\/K800_IMG_0555-e1457806897952-225x300.jpg 225w, http:\/\/www.lindenhausen.de\/blog\/wp-content\/uploads\/2016\/03\/K800_IMG_0555-e1457806897952.jpg 600w\" sizes=\"(max-width: 225px) 100vw, 225px\" \/><\/a> <a href=\"http:\/\/www.lindenhausen.de\/blog\/wp-content\/uploads\/2016\/03\/K800_DSC_0874.jpg\"><img decoding=\"async\" loading=\"lazy\" class=\"aligncenter size-medium wp-image-1946\" src=\"http:\/\/www.lindenhausen.de\/blog\/wp-content\/uploads\/2016\/03\/K800_DSC_0874-300x199.jpg\" alt=\"Dubai Mall\" width=\"300\" height=\"199\" srcset=\"http:\/\/www.lindenhausen.de\/blog\/wp-content\/uploads\/2016\/03\/K800_DSC_0874-300x199.jpg 300w, http:\/\/www.lindenhausen.de\/blog\/wp-content\/uploads\/2016\/03\/K800_DSC_0874.jpg 906w\" sizes=\"(max-width: 300px) 100vw, 300px\" \/><\/a> <a href=\"http:\/\/www.lindenhausen.de\/blog\/wp-content\/uploads\/2016\/03\/K800_DSC_0867.jpg\"><img decoding=\"async\" loading=\"lazy\" class=\"aligncenter size-medium wp-image-1945\" src=\"http:\/\/www.lindenhausen.de\/blog\/wp-content\/uploads\/2016\/03\/K800_DSC_0867-300x199.jpg\" alt=\"Dubai Mall\" width=\"300\" height=\"199\" srcset=\"http:\/\/www.lindenhausen.de\/blog\/wp-content\/uploads\/2016\/03\/K800_DSC_0867-300x199.jpg 300w, http:\/\/www.lindenhausen.de\/blog\/wp-content\/uploads\/2016\/03\/K800_DSC_0867.jpg 906w\" sizes=\"(max-width: 300px) 100vw, 300px\" \/><\/a> <a href=\"http:\/\/www.lindenhausen.de\/blog\/wp-content\/uploads\/2016\/03\/K800_DSC_0865.jpg\"><img decoding=\"async\" loading=\"lazy\" class=\"aligncenter size-medium wp-image-1944\" src=\"http:\/\/www.lindenhausen.de\/blog\/wp-content\/uploads\/2016\/03\/K800_DSC_0865-300x199.jpg\" alt=\"Dubai Mall\" width=\"300\" height=\"199\" srcset=\"http:\/\/www.lindenhausen.de\/blog\/wp-content\/uploads\/2016\/03\/K800_DSC_0865-300x199.jpg 300w, http:\/\/www.lindenhausen.de\/blog\/wp-content\/uploads\/2016\/03\/K800_DSC_0865.jpg 906w\" sizes=\"(max-width: 300px) 100vw, 300px\" \/><\/a><\/p>\n<figure id=\"attachment_1858\" aria-describedby=\"caption-attachment-1858\" style=\"width: 300px\" class=\"wp-caption aligncenter\"><a href=\"http:\/\/www.lindenhausen.de\/blog\/wp-content\/uploads\/2016\/03\/K800_DSC_0497.jpg\"><img decoding=\"async\" loading=\"lazy\" class=\"size-medium wp-image-1858\" src=\"http:\/\/www.lindenhausen.de\/blog\/wp-content\/uploads\/2016\/03\/K800_DSC_0497-300x199.jpg\" alt=\"Aquarium\" width=\"300\" height=\"199\" srcset=\"http:\/\/www.lindenhausen.de\/blog\/wp-content\/uploads\/2016\/03\/K800_DSC_0497-300x199.jpg 300w, http:\/\/www.lindenhausen.de\/blog\/wp-content\/uploads\/2016\/03\/K800_DSC_0497.jpg 906w\" sizes=\"(max-width: 300px) 100vw, 300px\" \/><\/a><figcaption id=\"caption-attachment-1858\" class=\"wp-caption-text\">Aquarium<\/figcaption><\/figure>\n<figure id=\"attachment_1860\" aria-describedby=\"caption-attachment-1860\" style=\"width: 300px\" class=\"wp-caption aligncenter\"><a href=\"http:\/\/www.lindenhausen.de\/blog\/wp-content\/uploads\/2016\/03\/K800_DSC_0504-2.jpg\"><img decoding=\"async\" loading=\"lazy\" class=\"size-medium wp-image-1860\" src=\"http:\/\/www.lindenhausen.de\/blog\/wp-content\/uploads\/2016\/03\/K800_DSC_0504-2-300x199.jpg\" alt=\"Aquarium\" width=\"300\" height=\"199\" srcset=\"http:\/\/www.lindenhausen.de\/blog\/wp-content\/uploads\/2016\/03\/K800_DSC_0504-2-300x199.jpg 300w, http:\/\/www.lindenhausen.de\/blog\/wp-content\/uploads\/2016\/03\/K800_DSC_0504-2.jpg 906w\" sizes=\"(max-width: 300px) 100vw, 300px\" \/><\/a><figcaption id=\"caption-attachment-1860\" class=\"wp-caption-text\">Aquarium<\/figcaption><\/figure>\n<p><a href=\"http:\/\/www.lindenhausen.de\/blog\/wp-content\/uploads\/2016\/03\/K800_DSC_0516.jpg\"><img decoding=\"async\" loading=\"lazy\" class=\"aligncenter size-medium wp-image-1863\" src=\"http:\/\/www.lindenhausen.de\/blog\/wp-content\/uploads\/2016\/03\/K800_DSC_0516-300x199.jpg\" alt=\"Dubai Mall\" width=\"300\" height=\"199\" srcset=\"http:\/\/www.lindenhausen.de\/blog\/wp-content\/uploads\/2016\/03\/K800_DSC_0516-300x199.jpg 300w, http:\/\/www.lindenhausen.de\/blog\/wp-content\/uploads\/2016\/03\/K800_DSC_0516.jpg 906w\" sizes=\"(max-width: 300px) 100vw, 300px\" \/><\/a> <a href=\"http:\/\/www.lindenhausen.de\/blog\/wp-content\/uploads\/2016\/03\/K800_DSC_0523-e1457811685624.jpg\"><img decoding=\"async\" loading=\"lazy\" class=\"aligncenter size-medium wp-image-1867\" src=\"http:\/\/www.lindenhausen.de\/blog\/wp-content\/uploads\/2016\/03\/K800_DSC_0523-e1457811685624-199x300.jpg\" alt=\"Dubai Mall\" width=\"199\" height=\"300\" srcset=\"http:\/\/www.lindenhausen.de\/blog\/wp-content\/uploads\/2016\/03\/K800_DSC_0523-e1457811685624-199x300.jpg 199w, http:\/\/www.lindenhausen.de\/blog\/wp-content\/uploads\/2016\/03\/K800_DSC_0523-e1457811685624.jpg 600w\" sizes=\"(max-width: 199px) 100vw, 199px\" \/><\/a> <a href=\"http:\/\/www.lindenhausen.de\/blog\/wp-content\/uploads\/2016\/03\/K800_DSC_0943.jpg\"><img decoding=\"async\" loading=\"lazy\" class=\"aligncenter size-medium wp-image-1959\" src=\"http:\/\/www.lindenhausen.de\/blog\/wp-content\/uploads\/2016\/03\/K800_DSC_0943-300x199.jpg\" alt=\"Dubai Mall\" width=\"300\" height=\"199\" srcset=\"http:\/\/www.lindenhausen.de\/blog\/wp-content\/uploads\/2016\/03\/K800_DSC_0943-300x199.jpg 300w, http:\/\/www.lindenhausen.de\/blog\/wp-content\/uploads\/2016\/03\/K800_DSC_0943.jpg 906w\" sizes=\"(max-width: 300px) 100vw, 300px\" \/><\/a> <a href=\"http:\/\/www.lindenhausen.de\/blog\/wp-content\/uploads\/2016\/03\/K800_DSC_0946.jpg\"><img decoding=\"async\" loading=\"lazy\" class=\"aligncenter size-medium wp-image-1960\" src=\"http:\/\/www.lindenhausen.de\/blog\/wp-content\/uploads\/2016\/03\/K800_DSC_0946-300x199.jpg\" alt=\"Dubai Mall\" width=\"300\" height=\"199\" srcset=\"http:\/\/www.lindenhausen.de\/blog\/wp-content\/uploads\/2016\/03\/K800_DSC_0946-300x199.jpg 300w, http:\/\/www.lindenhausen.de\/blog\/wp-content\/uploads\/2016\/03\/K800_DSC_0946.jpg 906w\" sizes=\"(max-width: 300px) 100vw, 300px\" \/><\/a> <a href=\"http:\/\/www.lindenhausen.de\/blog\/wp-content\/uploads\/2016\/03\/K800_DSC_0948.jpg\"><img decoding=\"async\" loading=\"lazy\" class=\"aligncenter size-medium wp-image-1961\" src=\"http:\/\/www.lindenhausen.de\/blog\/wp-content\/uploads\/2016\/03\/K800_DSC_0948-300x199.jpg\" alt=\"Dubai Mall\" width=\"300\" height=\"199\" srcset=\"http:\/\/www.lindenhausen.de\/blog\/wp-content\/uploads\/2016\/03\/K800_DSC_0948-300x199.jpg 300w, http:\/\/www.lindenhausen.de\/blog\/wp-content\/uploads\/2016\/03\/K800_DSC_0948.jpg 906w\" sizes=\"(max-width: 300px) 100vw, 300px\" \/><\/a><br \/>\nWir suchten uns ein nettes Lokal mit Blick auf die Wasserspiele, bestellten Getr\u00e4nke und bestaunten den Farbwechsel des Burj al Kalifa. Die Wasserfont\u00e4nen erreichen eine H\u00f6he von bis zu 140m, das muss man live gesehen haben, ich habe mir das nicht so sch\u00f6n vorgestellt. Als dann passend zum letzten Abend noch Con Te Partiro erklang\u2026\u2026<\/p>\n<p><a href=\"http:\/\/www.lindenhausen.de\/blog\/wp-content\/uploads\/2016\/03\/K800_DSC_0882-e1457808396409.jpg\"><img decoding=\"async\" loading=\"lazy\" class=\"aligncenter size-medium wp-image-1947\" src=\"http:\/\/www.lindenhausen.de\/blog\/wp-content\/uploads\/2016\/03\/K800_DSC_0882-e1457808396409-199x300.jpg\" alt=\"Burj Kalifa\" width=\"199\" height=\"300\" srcset=\"http:\/\/www.lindenhausen.de\/blog\/wp-content\/uploads\/2016\/03\/K800_DSC_0882-e1457808396409-199x300.jpg 199w, http:\/\/www.lindenhausen.de\/blog\/wp-content\/uploads\/2016\/03\/K800_DSC_0882-e1457808396409.jpg 600w\" sizes=\"(max-width: 199px) 100vw, 199px\" \/><\/a> <a href=\"http:\/\/www.lindenhausen.de\/blog\/wp-content\/uploads\/2016\/03\/K800_DSC_0885.jpg\"><img decoding=\"async\" loading=\"lazy\" class=\"aligncenter size-medium wp-image-1948\" src=\"http:\/\/www.lindenhausen.de\/blog\/wp-content\/uploads\/2016\/03\/K800_DSC_0885-300x199.jpg\" alt=\"Souk al Bahar\" width=\"300\" height=\"199\" srcset=\"http:\/\/www.lindenhausen.de\/blog\/wp-content\/uploads\/2016\/03\/K800_DSC_0885-300x199.jpg 300w, http:\/\/www.lindenhausen.de\/blog\/wp-content\/uploads\/2016\/03\/K800_DSC_0885.jpg 906w\" sizes=\"(max-width: 300px) 100vw, 300px\" \/><\/a> <a href=\"http:\/\/www.lindenhausen.de\/blog\/wp-content\/uploads\/2016\/03\/K800_DSC_0529-e1457811631796.jpg\"><img decoding=\"async\" loading=\"lazy\" class=\"aligncenter size-medium wp-image-1870\" src=\"http:\/\/www.lindenhausen.de\/blog\/wp-content\/uploads\/2016\/03\/K800_DSC_0529-e1457811631796-199x300.jpg\" alt=\"Burj Kalifa\" width=\"199\" height=\"300\" srcset=\"http:\/\/www.lindenhausen.de\/blog\/wp-content\/uploads\/2016\/03\/K800_DSC_0529-e1457811631796-199x300.jpg 199w, http:\/\/www.lindenhausen.de\/blog\/wp-content\/uploads\/2016\/03\/K800_DSC_0529-e1457811631796.jpg 600w\" sizes=\"(max-width: 199px) 100vw, 199px\" \/><\/a> <a href=\"http:\/\/www.lindenhausen.de\/blog\/wp-content\/uploads\/2016\/03\/K800_DSC_0541-e1457811540994.jpg\"><img decoding=\"async\" loading=\"lazy\" class=\"aligncenter size-medium wp-image-1874\" src=\"http:\/\/www.lindenhausen.de\/blog\/wp-content\/uploads\/2016\/03\/K800_DSC_0541-e1457811540994-199x300.jpg\" alt=\"Burj Kalifa\" width=\"199\" height=\"300\" srcset=\"http:\/\/www.lindenhausen.de\/blog\/wp-content\/uploads\/2016\/03\/K800_DSC_0541-e1457811540994-199x300.jpg 199w, http:\/\/www.lindenhausen.de\/blog\/wp-content\/uploads\/2016\/03\/K800_DSC_0541-e1457811540994.jpg 600w\" sizes=\"(max-width: 199px) 100vw, 199px\" \/><\/a> <a href=\"http:\/\/www.lindenhausen.de\/blog\/wp-content\/uploads\/2016\/03\/K800_DSC_0537-e1457811578535.jpg\"><img decoding=\"async\" loading=\"lazy\" class=\"aligncenter size-medium wp-image-1873\" src=\"http:\/\/www.lindenhausen.de\/blog\/wp-content\/uploads\/2016\/03\/K800_DSC_0537-e1457811578535-199x300.jpg\" alt=\"Burj Kalifa\" width=\"199\" height=\"300\" srcset=\"http:\/\/www.lindenhausen.de\/blog\/wp-content\/uploads\/2016\/03\/K800_DSC_0537-e1457811578535-199x300.jpg 199w, http:\/\/www.lindenhausen.de\/blog\/wp-content\/uploads\/2016\/03\/K800_DSC_0537-e1457811578535.jpg 600w\" sizes=\"(max-width: 199px) 100vw, 199px\" \/><\/a><br \/>\nUnd das ist auch das was von dieser Reise bleibt: es ist anders als daheim, es ist anders als erwartet und es wird wiederholt.<br \/>\nAber dennoch-auch wir tappen gerne mal in die Falle. Am Taxistand Schlange stehen, endlich dran, Fahrzeug ohne Taxischild. Kurze R\u00fcckfrage Taxi? Ja, Taxometer? Ja.<br \/>\nAn der Hafeneinfahrt aber keine Einfahrt m\u00f6glich, erst nach Zahlung einer Genehmigung und dann noch eine \u00fcberh\u00f6hte Rechnung mit der Begr\u00fcndung man w\u00e4re ein VIP Fahrzeug. Der Preis war nicht tragisch, aber f\u00fcr Dubai zu teuer. Aber ich hatte wenig Lust auf ewige Diskussionen am letzten Abend.<br \/>\nAlso in Dubai immer nur Taxis mit Taxischild auf dem Dach nehmen.<br \/>\nKoffer packen, dankbar f\u00fcr 30 Kg Freigep\u00e4ck. Wir kaufen ja nieeeee was, nur ein paar Kleinigkeiten\u2026.<br \/>\nEin letztes Abendessen, Abschied nehmen, von liebgewordenen Menschen und von der Costa Fortuna, die sich auf dem Weg nach Asien machen wird, also so schnell f\u00fcr Europ\u00e4er auch nicht buchbar sein wird. Auch wenn die nie mein Lieblingsschiff geworden ist-meine Liebe zur Kreuzfahrt begann auf ihr und die erste Kreuzfahrt vergisst man nie.<\/p>\n<p><a href=\"http:\/\/www.lindenhausen.de\/blog\/wp-content\/uploads\/2016\/03\/K800_IMG_0554-e1457806929289.jpg\"><img decoding=\"async\" loading=\"lazy\" class=\"aligncenter size-medium wp-image-1983\" src=\"http:\/\/www.lindenhausen.de\/blog\/wp-content\/uploads\/2016\/03\/K800_IMG_0554-e1457806929289-225x300.jpg\" alt=\"Koffer\" width=\"225\" height=\"300\" srcset=\"http:\/\/www.lindenhausen.de\/blog\/wp-content\/uploads\/2016\/03\/K800_IMG_0554-e1457806929289-225x300.jpg 225w, http:\/\/www.lindenhausen.de\/blog\/wp-content\/uploads\/2016\/03\/K800_IMG_0554-e1457806929289.jpg 600w\" sizes=\"(max-width: 225px) 100vw, 225px\" \/><\/a><\/p>\n<p><a title=\"Abreise und Fazit\" href=\"http:\/\/www.lindenhausen.de\/blog\/reiseberichte-costa\/kreuzfahrten-2016\/costa-fortuna-01-2016\/abreise-und-fazit\/\">Abreise und Fazit<\/a><\/p>\n","protected":false},"excerpt":{"rendered":"<p>Donnerstag 21.01.2016 Auch der letzte komplette Urlaubstag startete ungut, keine Besserung. Also blieb ich im Bett, suchte mir dann sp\u00e4ter eine Liege in der Sonne, versuchte das letzte Mittagessen an Bord zu genie\u00dfen und machte ein ausgiebiges Mittagsschl\u00e4fchen. Schade, eigentlich war das anders geplant. Am Nachmittag nahmen wir ein Taxi zur Dubai Mall und gingen &hellip; <a href=\"http:\/\/www.lindenhausen.de\/blog\/reiseberichte-costa\/kreuzfahrten-2016\/costa-fortuna-01-2016\/dubai-6\/\" class=\"more-link\"><span class=\"screen-reader-text\">Dubai 6<\/span> weiterlesen <span class=\"meta-nav\">&rarr;<\/span><\/a><\/p>\n","protected":false},"author":1,"featured_media":0,"parent":1605,"menu_order":14,"comment_status":"open","ping_status":"open","template":"","meta":{"_monsterinsights_skip_tracking":false,"_monsterinsights_sitenote_active":false,"_monsterinsights_sitenote_note":"","_monsterinsights_sitenote_category":0},"yoast_head":"<!-- This site is optimized with the Yoast SEO plugin v21.0 - https:\/\/yoast.com\/wordpress\/plugins\/seo\/ -->\n<title>Dubai 6 - Lindenhausen-weil Reisen Spa\u00df macht<\/title>\n<meta name=\"robots\" content=\"index, follow, max-snippet:-1, max-image-preview:large, max-video-preview:-1\" \/>\n<link rel=\"canonical\" href=\"http:\/\/www.lindenhausen.de\/blog\/reiseberichte-costa\/kreuzfahrten-2016\/costa-fortuna-01-2016\/dubai-6\/\" \/>\n<meta property=\"og:locale\" content=\"de_DE\" \/>\n<meta property=\"og:type\" content=\"article\" \/>\n<meta property=\"og:title\" content=\"Dubai 6 - Lindenhausen-weil Reisen Spa\u00df macht\" \/>\n<meta property=\"og:description\" content=\"Donnerstag 21.01.2016 Auch der letzte komplette Urlaubstag startete ungut, keine Besserung. Also blieb ich im Bett, suchte mir dann sp\u00e4ter eine Liege in der Sonne, versuchte das letzte Mittagessen an Bord zu genie\u00dfen und machte ein ausgiebiges Mittagsschl\u00e4fchen. Schade, eigentlich war das anders geplant. Am Nachmittag nahmen wir ein Taxi zur Dubai Mall und gingen &hellip; Dubai 6 weiterlesen &rarr;\" \/>\n<meta property=\"og:url\" content=\"http:\/\/www.lindenhausen.de\/blog\/reiseberichte-costa\/kreuzfahrten-2016\/costa-fortuna-01-2016\/dubai-6\/\" \/>\n<meta property=\"og:site_name\" content=\"Lindenhausen-weil Reisen Spa\u00df macht\" \/>\n<meta property=\"article:publisher\" content=\"http:\/\/www.facebook.com\/Lindenhausen\/\" \/>\n<meta property=\"article:modified_time\" content=\"2017-09-15T20:18:45+00:00\" \/>\n<meta property=\"og:image\" content=\"http:\/\/www.lindenhausen.de\/blog\/wp-content\/uploads\/2016\/03\/K800_IMG_8138-225x300.jpg\" \/>\n<meta name=\"twitter:card\" content=\"summary_large_image\" \/>\n<meta name=\"twitter:site\" content=\"@Maxilinde\" \/>\n<meta name=\"twitter:label1\" content=\"Gesch\u00e4tzte Lesezeit\" \/>\n\t<meta name=\"twitter:data1\" content=\"2\u00a0Minuten\" \/>\n<script type=\"application\/ld+json\" class=\"yoast-schema-graph\">{\"@context\":\"https:\/\/schema.org\",\"@graph\":[{\"@type\":\"WebPage\",\"@id\":\"http:\/\/www.lindenhausen.de\/blog\/reiseberichte-costa\/kreuzfahrten-2016\/costa-fortuna-01-2016\/dubai-6\/\",\"url\":\"http:\/\/www.lindenhausen.de\/blog\/reiseberichte-costa\/kreuzfahrten-2016\/costa-fortuna-01-2016\/dubai-6\/\",\"name\":\"Dubai 6 - Lindenhausen-weil Reisen Spa\u00df macht\",\"isPartOf\":{\"@id\":\"https:\/\/www.lindenhausen.de\/blog\/#website\"},\"datePublished\":\"2016-03-09T21:53:35+00:00\",\"dateModified\":\"2017-09-15T20:18:45+00:00\",\"breadcrumb\":{\"@id\":\"http:\/\/www.lindenhausen.de\/blog\/reiseberichte-costa\/kreuzfahrten-2016\/costa-fortuna-01-2016\/dubai-6\/#breadcrumb\"},\"inLanguage\":\"de\",\"potentialAction\":[{\"@type\":\"ReadAction\",\"target\":[\"http:\/\/www.lindenhausen.de\/blog\/reiseberichte-costa\/kreuzfahrten-2016\/costa-fortuna-01-2016\/dubai-6\/\"]}]},{\"@type\":\"BreadcrumbList\",\"@id\":\"http:\/\/www.lindenhausen.de\/blog\/reiseberichte-costa\/kreuzfahrten-2016\/costa-fortuna-01-2016\/dubai-6\/#breadcrumb\",\"itemListElement\":[{\"@type\":\"ListItem\",\"position\":1,\"name\":\"Startseite\",\"item\":\"https:\/\/www.lindenhausen.de\/blog\/\"},{\"@type\":\"ListItem\",\"position\":2,\"name\":\"Reiseberichte Costa Kreuzfahrten\",\"item\":\"http:\/\/www.lindenhausen.de\/blog\/reiseberichte-costa\/\"},{\"@type\":\"ListItem\",\"position\":3,\"name\":\"Kreuzfahrten 2016\",\"item\":\"https:\/\/www.lindenhausen.de\/blog\/reiseberichte-costa\/kreuzfahrten-2016\/\"},{\"@type\":\"ListItem\",\"position\":4,\"name\":\"Costa Fortuna 01.2016\",\"item\":\"https:\/\/www.lindenhausen.de\/blog\/reiseberichte-costa\/kreuzfahrten-2016\/costa-fortuna-01-2016\/\"},{\"@type\":\"ListItem\",\"position\":5,\"name\":\"Dubai 6\"}]},{\"@type\":\"WebSite\",\"@id\":\"https:\/\/www.lindenhausen.de\/blog\/#website\",\"url\":\"https:\/\/www.lindenhausen.de\/blog\/\",\"name\":\"Lindenhausen-weil Reisen Spa\u00df macht\",\"description\":\"Reisen und Kreuzfahrten, Reiseberichte, Kreuzfahrtforum\",\"potentialAction\":[{\"@type\":\"SearchAction\",\"target\":{\"@type\":\"EntryPoint\",\"urlTemplate\":\"https:\/\/www.lindenhausen.de\/blog\/?s={search_term_string}\"},\"query-input\":\"required name=search_term_string\"}],\"inLanguage\":\"de\"}]}<\/script>\n<!-- \/ Yoast SEO plugin. -->","yoast_head_json":{"title":"Dubai 6 - Lindenhausen-weil Reisen Spa\u00df macht","robots":{"index":"index","follow":"follow","max-snippet":"max-snippet:-1","max-image-preview":"max-image-preview:large","max-video-preview":"max-video-preview:-1"},"canonical":"http:\/\/www.lindenhausen.de\/blog\/reiseberichte-costa\/kreuzfahrten-2016\/costa-fortuna-01-2016\/dubai-6\/","og_locale":"de_DE","og_type":"article","og_title":"Dubai 6 - Lindenhausen-weil Reisen Spa\u00df macht","og_description":"Donnerstag 21.01.2016 Auch der letzte komplette Urlaubstag startete ungut, keine Besserung. Also blieb ich im Bett, suchte mir dann sp\u00e4ter eine Liege in der Sonne, versuchte das letzte Mittagessen an Bord zu genie\u00dfen und machte ein ausgiebiges Mittagsschl\u00e4fchen. Schade, eigentlich war das anders geplant. Am Nachmittag nahmen wir ein Taxi zur Dubai Mall und gingen &hellip; Dubai 6 weiterlesen &rarr;","og_url":"http:\/\/www.lindenhausen.de\/blog\/reiseberichte-costa\/kreuzfahrten-2016\/costa-fortuna-01-2016\/dubai-6\/","og_site_name":"Lindenhausen-weil Reisen Spa\u00df macht","article_publisher":"http:\/\/www.facebook.com\/Lindenhausen\/","article_modified_time":"2017-09-15T20:18:45+00:00","og_image":[{"url":"http:\/\/www.lindenhausen.de\/blog\/wp-content\/uploads\/2016\/03\/K800_IMG_8138-225x300.jpg"}],"twitter_card":"summary_large_image","twitter_site":"@Maxilinde","twitter_misc":{"Gesch\u00e4tzte Lesezeit":"2\u00a0Minuten"},"schema":{"@context":"https:\/\/schema.org","@graph":[{"@type":"WebPage","@id":"http:\/\/www.lindenhausen.de\/blog\/reiseberichte-costa\/kreuzfahrten-2016\/costa-fortuna-01-2016\/dubai-6\/","url":"http:\/\/www.lindenhausen.de\/blog\/reiseberichte-costa\/kreuzfahrten-2016\/costa-fortuna-01-2016\/dubai-6\/","name":"Dubai 6 - Lindenhausen-weil Reisen Spa\u00df macht","isPartOf":{"@id":"https:\/\/www.lindenhausen.de\/blog\/#website"},"datePublished":"2016-03-09T21:53:35+00:00","dateModified":"2017-09-15T20:18:45+00:00","breadcrumb":{"@id":"http:\/\/www.lindenhausen.de\/blog\/reiseberichte-costa\/kreuzfahrten-2016\/costa-fortuna-01-2016\/dubai-6\/#breadcrumb"},"inLanguage":"de","potentialAction":[{"@type":"ReadAction","target":["http:\/\/www.lindenhausen.de\/blog\/reiseberichte-costa\/kreuzfahrten-2016\/costa-fortuna-01-2016\/dubai-6\/"]}]},{"@type":"BreadcrumbList","@id":"http:\/\/www.lindenhausen.de\/blog\/reiseberichte-costa\/kreuzfahrten-2016\/costa-fortuna-01-2016\/dubai-6\/#breadcrumb","itemListElement":[{"@type":"ListItem","position":1,"name":"Startseite","item":"https:\/\/www.lindenhausen.de\/blog\/"},{"@type":"ListItem","position":2,"name":"Reiseberichte Costa Kreuzfahrten","item":"http:\/\/www.lindenhausen.de\/blog\/reiseberichte-costa\/"},{"@type":"ListItem","position":3,"name":"Kreuzfahrten 2016","item":"https:\/\/www.lindenhausen.de\/blog\/reiseberichte-costa\/kreuzfahrten-2016\/"},{"@type":"ListItem","position":4,"name":"Costa Fortuna 01.2016","item":"https:\/\/www.lindenhausen.de\/blog\/reiseberichte-costa\/kreuzfahrten-2016\/costa-fortuna-01-2016\/"},{"@type":"ListItem","position":5,"name":"Dubai 6"}]},{"@type":"WebSite","@id":"https:\/\/www.lindenhausen.de\/blog\/#website","url":"https:\/\/www.lindenhausen.de\/blog\/","name":"Lindenhausen-weil Reisen Spa\u00df macht","description":"Reisen und Kreuzfahrten, Reiseberichte, Kreuzfahrtforum","potentialAction":[{"@type":"SearchAction","target":{"@type":"EntryPoint","urlTemplate":"https:\/\/www.lindenhausen.de\/blog\/?s={search_term_string}"},"query-input":"required name=search_term_string"}],"inLanguage":"de"}]}},"_links":{"self":[{"href":"http:\/\/www.lindenhausen.de\/blog\/wp-json\/wp\/v2\/pages\/1637"}],"collection":[{"href":"http:\/\/www.lindenhausen.de\/blog\/wp-json\/wp\/v2\/pages"}],"about":[{"href":"http:\/\/www.lindenhausen.de\/blog\/wp-json\/wp\/v2\/types\/page"}],"author":[{"embeddable":true,"href":"http:\/\/www.lindenhausen.de\/blog\/wp-json\/wp\/v2\/users\/1"}],"replies":[{"embeddable":true,"href":"http:\/\/www.lindenhausen.de\/blog\/wp-json\/wp\/v2\/comments?post=1637"}],"version-history":[{"count":6,"href":"http:\/\/www.lindenhausen.de\/blog\/wp-json\/wp\/v2\/pages\/1637\/revisions"}],"predecessor-version":[{"id":2920,"href":"http:\/\/www.lindenhausen.de\/blog\/wp-json\/wp\/v2\/pages\/1637\/revisions\/2920"}],"up":[{"embeddable":true,"href":"http:\/\/www.lindenhausen.de\/blog\/wp-json\/wp\/v2\/pages\/1605"}],"wp:attachment":[{"href":"http:\/\/www.lindenhausen.de\/blog\/wp-json\/wp\/v2\/media?parent=1637"}],"curies":[{"name":"wp","href":"https:\/\/api.w.org\/{rel}","templated":true}]}}