{"id":1633,"date":"2016-03-09T22:50:03","date_gmt":"2016-03-09T21:50:03","guid":{"rendered":"http:\/\/www.lindenhausen.de\/blog\/?page_id=1633"},"modified":"2017-09-15T22:11:58","modified_gmt":"2017-09-15T20:11:58","slug":"khasab-2","status":"publish","type":"page","link":"http:\/\/www.lindenhausen.de\/blog\/reiseberichte-costa\/kreuzfahrten-2016\/costa-fortuna-01-2016\/khasab-2\/","title":{"rendered":"Khasab 2"},"content":{"rendered":"<p>Dienstag 19.01.2016<\/p>\n<p>Kashab-und wieder durften wir tendern:). Mit dem kostenlosen Shuttlebus fuhren wir in den kleinen Ort, ich hatte die Idee einen Fotoshop zu suchen um Allan, Roderick, Richard und Shekar die gemeinsamen Fotos gleich direkt zu geben statt sie via Facebook zu schicken.<br \/>\nAber erst besuchten wir die Moschee-ganz ungeplant und so war ich auch nicht korrekt gekleidet. Der Wachmann wies auch so ziemlich jede Frau ab-verst\u00e4ndlich denn kurze Hosen und Spaghettitr\u00e4ger passen da einfach nicht, die passen \u00fcberhaupt nicht in so einen Ort.<br \/>\nLange Hosen und geschlossene Schuhe hatte ich aber ein T-Shirt mit kurzen \u00c4rmeln, dazu ein gro\u00dfes Tuch das vom Scheitel bis zum Handkn\u00f6chel reichte, der Wachmann schaute, lachte als er sah wie ich mit dem Tuch k\u00e4mpfte und winkte uns durch-geht doch.<br \/>\nDer kurze Auswand hat sich gelohnt, eine schlichte sch\u00f6ne Moschee-sehenswert.<br \/>\nNett war es auch das Alltagsleben hier zu beobachten-so manches wirkt befremdlich, scheint aber zu funktionieren.<\/p>\n<p><a href=\"http:\/\/www.lindenhausen.de\/blog\/wp-content\/uploads\/2016\/03\/K800_DSC_0464.jpg\"><img decoding=\"async\" loading=\"lazy\" class=\"aligncenter size-medium wp-image-1848\" src=\"http:\/\/www.lindenhausen.de\/blog\/wp-content\/uploads\/2016\/03\/K800_DSC_0464-300x199.jpg\" alt=\"Tender\" width=\"300\" height=\"199\" srcset=\"http:\/\/www.lindenhausen.de\/blog\/wp-content\/uploads\/2016\/03\/K800_DSC_0464-300x199.jpg 300w, http:\/\/www.lindenhausen.de\/blog\/wp-content\/uploads\/2016\/03\/K800_DSC_0464.jpg 906w\" sizes=\"(max-width: 300px) 100vw, 300px\" \/><\/a> <a href=\"http:\/\/www.lindenhausen.de\/blog\/wp-content\/uploads\/2016\/03\/K800_DSC_0206-2-e1457813564470.jpg\"><img decoding=\"async\" loading=\"lazy\" class=\"aligncenter size-medium wp-image-1772\" src=\"http:\/\/www.lindenhausen.de\/blog\/wp-content\/uploads\/2016\/03\/K800_DSC_0206-2-e1457813564470-199x300.jpg\" alt=\"Khasab\" width=\"199\" height=\"300\" srcset=\"http:\/\/www.lindenhausen.de\/blog\/wp-content\/uploads\/2016\/03\/K800_DSC_0206-2-e1457813564470-199x300.jpg 199w, http:\/\/www.lindenhausen.de\/blog\/wp-content\/uploads\/2016\/03\/K800_DSC_0206-2-e1457813564470.jpg 600w\" sizes=\"(max-width: 199px) 100vw, 199px\" \/><\/a> <a href=\"http:\/\/www.lindenhausen.de\/blog\/wp-content\/uploads\/2016\/03\/K800_DSC_0214.jpg\"><img decoding=\"async\" loading=\"lazy\" class=\"aligncenter size-medium wp-image-1777\" src=\"http:\/\/www.lindenhausen.de\/blog\/wp-content\/uploads\/2016\/03\/K800_DSC_0214-300x199.jpg\" alt=\"Khasab\" width=\"300\" height=\"199\" srcset=\"http:\/\/www.lindenhausen.de\/blog\/wp-content\/uploads\/2016\/03\/K800_DSC_0214-300x199.jpg 300w, http:\/\/www.lindenhausen.de\/blog\/wp-content\/uploads\/2016\/03\/K800_DSC_0214.jpg 906w\" sizes=\"(max-width: 300px) 100vw, 300px\" \/><\/a> <a href=\"http:\/\/www.lindenhausen.de\/blog\/wp-content\/uploads\/2016\/03\/K800_DSC_0211.jpg\"><img decoding=\"async\" loading=\"lazy\" class=\"aligncenter size-medium wp-image-1776\" src=\"http:\/\/www.lindenhausen.de\/blog\/wp-content\/uploads\/2016\/03\/K800_DSC_0211-300x199.jpg\" alt=\"Khasab\" width=\"300\" height=\"199\" srcset=\"http:\/\/www.lindenhausen.de\/blog\/wp-content\/uploads\/2016\/03\/K800_DSC_0211-300x199.jpg 300w, http:\/\/www.lindenhausen.de\/blog\/wp-content\/uploads\/2016\/03\/K800_DSC_0211.jpg 906w\" sizes=\"(max-width: 300px) 100vw, 300px\" \/><\/a> <a href=\"http:\/\/www.lindenhausen.de\/blog\/wp-content\/uploads\/2016\/03\/K800_DSC_0216-e1457813393905.jpg\"><img decoding=\"async\" loading=\"lazy\" class=\"aligncenter size-medium wp-image-1779\" src=\"http:\/\/www.lindenhausen.de\/blog\/wp-content\/uploads\/2016\/03\/K800_DSC_0216-e1457813393905-199x300.jpg\" alt=\"Khasab\" width=\"199\" height=\"300\" srcset=\"http:\/\/www.lindenhausen.de\/blog\/wp-content\/uploads\/2016\/03\/K800_DSC_0216-e1457813393905-199x300.jpg 199w, http:\/\/www.lindenhausen.de\/blog\/wp-content\/uploads\/2016\/03\/K800_DSC_0216-e1457813393905.jpg 600w\" sizes=\"(max-width: 199px) 100vw, 199px\" \/><\/a><br \/>\nIm ersten Fotoshop stellte mein Mann fest dass er die falsche W\u00e4hrung eingesteckt hat, also ab zur Bank, Rial tauschen, Dirham und Euro wollen sie hier nicht. Zur\u00fcck das n\u00e4chste Pech, scheinbar ist der Besitzer in die Moschee gegangen, der Laden ist zu.<br \/>\nAlso weiter geschaut, der n\u00e4chste Shop-geschlossen. Gegen\u00fcber war ein PC Laden, der Besitzer war hilfsbereit, telefonierte wild herum und schickte uns dann 2 Querstra\u00dfen weiter und tats\u00e4chlich: ein ge\u00f6ffneter Fotoshop. Das n\u00e4chste Problem: meine 32GB Speicherkarte und seine Technik. Nachdem der langem hin und her durfte ich dann den allerheiligen PC bedienen den ich wusste ja wo ich die Bilder auf meiner Karte finde. Also ausgedruckt, umgerechnet 1,40\u20ac f\u00fcr die Bilder gezahlt und gl\u00fccklich von dannen gezogen. Wahnsinn-auf einer so kurzen Distanz zwischen den VAE und dem Oman solche extremen Unterschiede zu erleben.<\/p>\n<p><a href=\"http:\/\/www.lindenhausen.de\/blog\/wp-content\/uploads\/2016\/03\/K800_IMG_8070-e1457805210120.jpg\"><img decoding=\"async\" loading=\"lazy\" class=\"aligncenter size-medium wp-image-2018\" src=\"http:\/\/www.lindenhausen.de\/blog\/wp-content\/uploads\/2016\/03\/K800_IMG_8070-e1457805210120-225x300.jpg\" alt=\"Fotoshop\" width=\"225\" height=\"300\" srcset=\"http:\/\/www.lindenhausen.de\/blog\/wp-content\/uploads\/2016\/03\/K800_IMG_8070-e1457805210120-225x300.jpg 225w, http:\/\/www.lindenhausen.de\/blog\/wp-content\/uploads\/2016\/03\/K800_IMG_8070-e1457805210120.jpg 600w\" sizes=\"(max-width: 225px) 100vw, 225px\" \/><\/a> <a href=\"http:\/\/www.lindenhausen.de\/blog\/wp-content\/uploads\/2016\/03\/K800_IMG_8069-e1457805225416.jpg\"><img decoding=\"async\" loading=\"lazy\" class=\"aligncenter size-medium wp-image-2017\" src=\"http:\/\/www.lindenhausen.de\/blog\/wp-content\/uploads\/2016\/03\/K800_IMG_8069-e1457805225416-225x300.jpg\" alt=\"Fotoshop\" width=\"225\" height=\"300\" srcset=\"http:\/\/www.lindenhausen.de\/blog\/wp-content\/uploads\/2016\/03\/K800_IMG_8069-e1457805225416-225x300.jpg 225w, http:\/\/www.lindenhausen.de\/blog\/wp-content\/uploads\/2016\/03\/K800_IMG_8069-e1457805225416.jpg 600w\" sizes=\"(max-width: 225px) 100vw, 225px\" \/><\/a><br \/>\nZu Fu\u00df machten wir uns auf den Weg zu dem kleinen Fort, Bekannte hatten es letzte Woche besucht und weiterempfohlen.<br \/>\nDurch Palmen und Gem\u00fcseg\u00e4rten fanden wir den Weg zur richtigen Stra\u00dfe.<br \/>\nDicht \u00fcber uns donnerte ab und an ein Flugzeugt, der Flughafen hier ist einer auf dem ich nicht landen m\u00f6chte: kurze Landebahn unmittelbar vor den Bergen, es gibt in der Gegend kaum ein flaches St\u00fcck Land.<a href=\"http:\/\/www.lindenhausen.de\/blog\/wp-content\/uploads\/2016\/03\/K800_DSC_0230.jpg\"><img decoding=\"async\" loading=\"lazy\" class=\"aligncenter size-medium wp-image-1783\" src=\"http:\/\/www.lindenhausen.de\/blog\/wp-content\/uploads\/2016\/03\/K800_DSC_0230-300x199.jpg\" alt=\"Khasab\" width=\"300\" height=\"199\" srcset=\"http:\/\/www.lindenhausen.de\/blog\/wp-content\/uploads\/2016\/03\/K800_DSC_0230-300x199.jpg 300w, http:\/\/www.lindenhausen.de\/blog\/wp-content\/uploads\/2016\/03\/K800_DSC_0230.jpg 906w\" sizes=\"(max-width: 300px) 100vw, 300px\" \/><\/a> <a href=\"http:\/\/www.lindenhausen.de\/blog\/wp-content\/uploads\/2016\/03\/K800_DSC_0272.jpg\"><img decoding=\"async\" loading=\"lazy\" class=\"aligncenter size-medium wp-image-1801\" src=\"http:\/\/www.lindenhausen.de\/blog\/wp-content\/uploads\/2016\/03\/K800_DSC_0272-300x199.jpg\" alt=\"Blumenpracht\" width=\"300\" height=\"199\" srcset=\"http:\/\/www.lindenhausen.de\/blog\/wp-content\/uploads\/2016\/03\/K800_DSC_0272-300x199.jpg 300w, http:\/\/www.lindenhausen.de\/blog\/wp-content\/uploads\/2016\/03\/K800_DSC_0272.jpg 906w\" sizes=\"(max-width: 300px) 100vw, 300px\" \/><\/a><br \/>\nIm Fort findet sich ein sch\u00f6nes Museum, das versucht den Touristen die Lebensweise hier vor dem \u00d6lboom n\u00e4her zu bringen.<\/p>\n<p><a href=\"http:\/\/www.lindenhausen.de\/blog\/wp-content\/uploads\/2016\/03\/K800_DSC_0234.jpg\"><img decoding=\"async\" loading=\"lazy\" class=\"aligncenter size-medium wp-image-1785\" src=\"http:\/\/www.lindenhausen.de\/blog\/wp-content\/uploads\/2016\/03\/K800_DSC_0234-300x199.jpg\" alt=\"Khasab\" width=\"300\" height=\"199\" srcset=\"http:\/\/www.lindenhausen.de\/blog\/wp-content\/uploads\/2016\/03\/K800_DSC_0234-300x199.jpg 300w, http:\/\/www.lindenhausen.de\/blog\/wp-content\/uploads\/2016\/03\/K800_DSC_0234.jpg 906w\" sizes=\"(max-width: 300px) 100vw, 300px\" \/><\/a> <a href=\"http:\/\/www.lindenhausen.de\/blog\/wp-content\/uploads\/2016\/03\/K800_DSC_0252.jpg\"><img decoding=\"async\" loading=\"lazy\" class=\"aligncenter size-medium wp-image-1792\" src=\"http:\/\/www.lindenhausen.de\/blog\/wp-content\/uploads\/2016\/03\/K800_DSC_0252-300x199.jpg\" alt=\"Maskat\" width=\"300\" height=\"199\" srcset=\"http:\/\/www.lindenhausen.de\/blog\/wp-content\/uploads\/2016\/03\/K800_DSC_0252-300x199.jpg 300w, http:\/\/www.lindenhausen.de\/blog\/wp-content\/uploads\/2016\/03\/K800_DSC_0252.jpg 906w\" sizes=\"(max-width: 300px) 100vw, 300px\" \/><\/a> <a href=\"http:\/\/www.lindenhausen.de\/blog\/wp-content\/uploads\/2016\/03\/K800_DSC_0248.jpg\"><img decoding=\"async\" loading=\"lazy\" class=\"aligncenter size-medium wp-image-1790\" src=\"http:\/\/www.lindenhausen.de\/blog\/wp-content\/uploads\/2016\/03\/K800_DSC_0248-300x199.jpg\" alt=\"Khasab\" width=\"300\" height=\"199\" srcset=\"http:\/\/www.lindenhausen.de\/blog\/wp-content\/uploads\/2016\/03\/K800_DSC_0248-300x199.jpg 300w, http:\/\/www.lindenhausen.de\/blog\/wp-content\/uploads\/2016\/03\/K800_DSC_0248.jpg 906w\" sizes=\"(max-width: 300px) 100vw, 300px\" \/><\/a> <a href=\"http:\/\/www.lindenhausen.de\/blog\/wp-content\/uploads\/2016\/03\/K800_DSC_0245.jpg\"><img decoding=\"async\" loading=\"lazy\" class=\"aligncenter size-medium wp-image-1789\" src=\"http:\/\/www.lindenhausen.de\/blog\/wp-content\/uploads\/2016\/03\/K800_DSC_0245-300x199.jpg\" alt=\"Khasab\" width=\"300\" height=\"199\" srcset=\"http:\/\/www.lindenhausen.de\/blog\/wp-content\/uploads\/2016\/03\/K800_DSC_0245-300x199.jpg 300w, http:\/\/www.lindenhausen.de\/blog\/wp-content\/uploads\/2016\/03\/K800_DSC_0245.jpg 906w\" sizes=\"(max-width: 300px) 100vw, 300px\" \/><\/a> <a href=\"http:\/\/www.lindenhausen.de\/blog\/wp-content\/uploads\/2016\/03\/K800_DSC_0239.jpg\"><img decoding=\"async\" loading=\"lazy\" class=\"aligncenter size-medium wp-image-1787\" src=\"http:\/\/www.lindenhausen.de\/blog\/wp-content\/uploads\/2016\/03\/K800_DSC_0239-300x199.jpg\" alt=\"Khasab\" width=\"300\" height=\"199\" srcset=\"http:\/\/www.lindenhausen.de\/blog\/wp-content\/uploads\/2016\/03\/K800_DSC_0239-300x199.jpg 300w, http:\/\/www.lindenhausen.de\/blog\/wp-content\/uploads\/2016\/03\/K800_DSC_0239.jpg 906w\" sizes=\"(max-width: 300px) 100vw, 300px\" \/><\/a> <a href=\"http:\/\/www.lindenhausen.de\/blog\/wp-content\/uploads\/2016\/03\/K800_DSC_0236.jpg\"><img decoding=\"async\" loading=\"lazy\" class=\"aligncenter size-medium wp-image-1786\" src=\"http:\/\/www.lindenhausen.de\/blog\/wp-content\/uploads\/2016\/03\/K800_DSC_0236-300x199.jpg\" alt=\"Khasab\" width=\"300\" height=\"199\" srcset=\"http:\/\/www.lindenhausen.de\/blog\/wp-content\/uploads\/2016\/03\/K800_DSC_0236-300x199.jpg 300w, http:\/\/www.lindenhausen.de\/blog\/wp-content\/uploads\/2016\/03\/K800_DSC_0236.jpg 906w\" sizes=\"(max-width: 300px) 100vw, 300px\" \/><\/a><br \/>\nZur\u00fcck im Hafen kamen die am Tenderboot angebotenen Erfrischungsgetr\u00e4nke gerade recht und an Bord nahmen wir gerne im klimatisierten Restaurant an einem ruhigen Zweiertisch Platz. Das Leben ist manchmal sch\u00f6n einfach oder einfach sch\u00f6n.<br \/>\nAm Nachmittag war Ruhe angesagt, die Sommersonne genie\u00dfen. Danach zur Power Gym und tanzen.<br \/>\nAuch musste ich meine Casinochips, die wir als Clubmitglieder bekommen, loswerden, ich bin mit einem kleinen Gewinn vom Tisch gegangen, Anzahlung f\u00fcr die n\u00e4chste Kreuzfahrt \ud83d\ude09<br \/>\nBeim Abendessen war f\u00fcr Unterhaltung gesorgt, die Serviceabteilungen des Schiffes stellten sich vor.<\/p>\n<p><a href=\"http:\/\/www.lindenhausen.de\/blog\/wp-content\/uploads\/2016\/03\/K800_IMG_0471-e1457807444567.jpg\"><img decoding=\"async\" loading=\"lazy\" class=\"aligncenter size-medium wp-image-1979\" src=\"http:\/\/www.lindenhausen.de\/blog\/wp-content\/uploads\/2016\/03\/K800_IMG_0471-e1457807444567-225x300.jpg\" alt=\"Zwischengericht\" width=\"225\" height=\"300\" srcset=\"http:\/\/www.lindenhausen.de\/blog\/wp-content\/uploads\/2016\/03\/K800_IMG_0471-e1457807444567-225x300.jpg 225w, http:\/\/www.lindenhausen.de\/blog\/wp-content\/uploads\/2016\/03\/K800_IMG_0471-e1457807444567.jpg 600w\" sizes=\"(max-width: 225px) 100vw, 225px\" \/><\/a> <a href=\"http:\/\/www.lindenhausen.de\/blog\/wp-content\/uploads\/2016\/03\/K800_IMG_0472-e1457807416271.jpg\"><img decoding=\"async\" loading=\"lazy\" class=\"aligncenter size-medium wp-image-1980\" src=\"http:\/\/www.lindenhausen.de\/blog\/wp-content\/uploads\/2016\/03\/K800_IMG_0472-e1457807416271-225x300.jpg\" alt=\"Hauptgang\" width=\"225\" height=\"300\" srcset=\"http:\/\/www.lindenhausen.de\/blog\/wp-content\/uploads\/2016\/03\/K800_IMG_0472-e1457807416271-225x300.jpg 225w, http:\/\/www.lindenhausen.de\/blog\/wp-content\/uploads\/2016\/03\/K800_IMG_0472-e1457807416271.jpg 600w\" sizes=\"(max-width: 225px) 100vw, 225px\" \/><\/a> <a href=\"http:\/\/www.lindenhausen.de\/blog\/wp-content\/uploads\/2016\/03\/K800_IMG_0473-e1457806984632.jpg\"><img decoding=\"async\" loading=\"lazy\" class=\"aligncenter size-medium wp-image-1981\" src=\"http:\/\/www.lindenhausen.de\/blog\/wp-content\/uploads\/2016\/03\/K800_IMG_0473-e1457806984632-225x300.jpg\" alt=\"Dessert\" width=\"225\" height=\"300\" srcset=\"http:\/\/www.lindenhausen.de\/blog\/wp-content\/uploads\/2016\/03\/K800_IMG_0473-e1457806984632-225x300.jpg 225w, http:\/\/www.lindenhausen.de\/blog\/wp-content\/uploads\/2016\/03\/K800_IMG_0473-e1457806984632.jpg 600w\" sizes=\"(max-width: 225px) 100vw, 225px\" \/><\/a><br \/>\nNach dem Essen sicherten wir uns einen Platz an der Bar im Atrium um f\u00fcr die \u201eLa Notte in Maschkera\u201c optimal zu sitzen. Wir lernten ein paar Brasilianer kennen und unterhielten uns gut.<\/p>\n<p><a href=\"http:\/\/www.lindenhausen.de\/blog\/wp-content\/uploads\/2016\/03\/K800_DSC_0494.jpg\"><img decoding=\"async\" loading=\"lazy\" class=\"aligncenter size-medium wp-image-1857\" src=\"http:\/\/www.lindenhausen.de\/blog\/wp-content\/uploads\/2016\/03\/K800_DSC_0494-300x199.jpg\" alt=\"Costa Fortuna\" width=\"300\" height=\"199\" srcset=\"http:\/\/www.lindenhausen.de\/blog\/wp-content\/uploads\/2016\/03\/K800_DSC_0494-300x199.jpg 300w, http:\/\/www.lindenhausen.de\/blog\/wp-content\/uploads\/2016\/03\/K800_DSC_0494.jpg 906w\" sizes=\"(max-width: 300px) 100vw, 300px\" \/><\/a> <a href=\"http:\/\/www.lindenhausen.de\/blog\/wp-content\/uploads\/2016\/03\/K800_DSC_0498.jpg\"><img decoding=\"async\" loading=\"lazy\" class=\"aligncenter size-medium wp-image-1859\" src=\"http:\/\/www.lindenhausen.de\/blog\/wp-content\/uploads\/2016\/03\/K800_DSC_0498-300x199.jpg\" alt=\"Costa Fortuna\" width=\"300\" height=\"199\" srcset=\"http:\/\/www.lindenhausen.de\/blog\/wp-content\/uploads\/2016\/03\/K800_DSC_0498-300x199.jpg 300w, http:\/\/www.lindenhausen.de\/blog\/wp-content\/uploads\/2016\/03\/K800_DSC_0498.jpg 906w\" sizes=\"(max-width: 300px) 100vw, 300px\" \/><\/a><a title=\"Abu Dhabi 2\" href=\"http:\/\/www.lindenhausen.de\/blog\/reiseberichte-costa\/kreuzfahrten-2016\/costa-fortuna-01-2016\/abu-dhabi-2\/\">Abu Dhabi<\/a><\/p>\n","protected":false},"excerpt":{"rendered":"<p>Dienstag 19.01.2016 Kashab-und wieder durften wir tendern:). Mit dem kostenlosen Shuttlebus fuhren wir in den kleinen Ort, ich hatte die Idee einen Fotoshop zu suchen um Allan, Roderick, Richard und Shekar die gemeinsamen Fotos gleich direkt zu geben statt sie via Facebook zu schicken. Aber erst besuchten wir die Moschee-ganz ungeplant und so war ich &hellip; <a href=\"http:\/\/www.lindenhausen.de\/blog\/reiseberichte-costa\/kreuzfahrten-2016\/costa-fortuna-01-2016\/khasab-2\/\" class=\"more-link\"><span class=\"screen-reader-text\">Khasab 2<\/span> weiterlesen <span class=\"meta-nav\">&rarr;<\/span><\/a><\/p>\n","protected":false},"author":1,"featured_media":1771,"parent":1605,"menu_order":12,"comment_status":"open","ping_status":"open","template":"","meta":{"_monsterinsights_skip_tracking":false,"_monsterinsights_sitenote_active":false,"_monsterinsights_sitenote_note":"","_monsterinsights_sitenote_category":0},"yoast_head":"<!-- This site is optimized with the Yoast SEO plugin v21.0 - https:\/\/yoast.com\/wordpress\/plugins\/seo\/ -->\n<title>Khasab 2 - Lindenhausen-weil Reisen Spa\u00df macht<\/title>\n<meta name=\"robots\" content=\"index, follow, max-snippet:-1, max-image-preview:large, max-video-preview:-1\" \/>\n<link rel=\"canonical\" href=\"http:\/\/www.lindenhausen.de\/blog\/reiseberichte-costa\/kreuzfahrten-2016\/costa-fortuna-01-2016\/khasab-2\/\" \/>\n<meta property=\"og:locale\" content=\"de_DE\" \/>\n<meta property=\"og:type\" content=\"article\" \/>\n<meta property=\"og:title\" content=\"Khasab 2 - Lindenhausen-weil Reisen Spa\u00df macht\" \/>\n<meta property=\"og:description\" content=\"Dienstag 19.01.2016 Kashab-und wieder durften wir tendern:). Mit dem kostenlosen Shuttlebus fuhren wir in den kleinen Ort, ich hatte die Idee einen Fotoshop zu suchen um Allan, Roderick, Richard und Shekar die gemeinsamen Fotos gleich direkt zu geben statt sie via Facebook zu schicken. Aber erst besuchten wir die Moschee-ganz ungeplant und so war ich &hellip; Khasab 2 weiterlesen &rarr;\" \/>\n<meta property=\"og:url\" content=\"http:\/\/www.lindenhausen.de\/blog\/reiseberichte-costa\/kreuzfahrten-2016\/costa-fortuna-01-2016\/khasab-2\/\" \/>\n<meta property=\"og:site_name\" content=\"Lindenhausen-weil Reisen Spa\u00df macht\" \/>\n<meta property=\"article:publisher\" content=\"http:\/\/www.facebook.com\/Lindenhausen\/\" \/>\n<meta property=\"article:modified_time\" content=\"2017-09-15T20:11:58+00:00\" \/>\n<meta property=\"og:image\" content=\"http:\/\/www.lindenhausen.de\/blog\/wp-content\/uploads\/2016\/03\/K800_DSC_0202.jpg\" \/>\n\t<meta property=\"og:image:width\" content=\"906\" \/>\n\t<meta property=\"og:image:height\" content=\"600\" \/>\n\t<meta property=\"og:image:type\" content=\"image\/jpeg\" \/>\n<meta name=\"twitter:card\" content=\"summary_large_image\" \/>\n<meta name=\"twitter:site\" content=\"@Maxilinde\" \/>\n<meta name=\"twitter:label1\" content=\"Gesch\u00e4tzte Lesezeit\" \/>\n\t<meta name=\"twitter:data1\" content=\"3\u00a0Minuten\" \/>\n<script type=\"application\/ld+json\" class=\"yoast-schema-graph\">{\"@context\":\"https:\/\/schema.org\",\"@graph\":[{\"@type\":\"WebPage\",\"@id\":\"http:\/\/www.lindenhausen.de\/blog\/reiseberichte-costa\/kreuzfahrten-2016\/costa-fortuna-01-2016\/khasab-2\/\",\"url\":\"http:\/\/www.lindenhausen.de\/blog\/reiseberichte-costa\/kreuzfahrten-2016\/costa-fortuna-01-2016\/khasab-2\/\",\"name\":\"Khasab 2 - Lindenhausen-weil Reisen Spa\u00df macht\",\"isPartOf\":{\"@id\":\"https:\/\/www.lindenhausen.de\/blog\/#website\"},\"datePublished\":\"2016-03-09T21:50:03+00:00\",\"dateModified\":\"2017-09-15T20:11:58+00:00\",\"breadcrumb\":{\"@id\":\"http:\/\/www.lindenhausen.de\/blog\/reiseberichte-costa\/kreuzfahrten-2016\/costa-fortuna-01-2016\/khasab-2\/#breadcrumb\"},\"inLanguage\":\"de\",\"potentialAction\":[{\"@type\":\"ReadAction\",\"target\":[\"http:\/\/www.lindenhausen.de\/blog\/reiseberichte-costa\/kreuzfahrten-2016\/costa-fortuna-01-2016\/khasab-2\/\"]}]},{\"@type\":\"BreadcrumbList\",\"@id\":\"http:\/\/www.lindenhausen.de\/blog\/reiseberichte-costa\/kreuzfahrten-2016\/costa-fortuna-01-2016\/khasab-2\/#breadcrumb\",\"itemListElement\":[{\"@type\":\"ListItem\",\"position\":1,\"name\":\"Startseite\",\"item\":\"https:\/\/www.lindenhausen.de\/blog\/\"},{\"@type\":\"ListItem\",\"position\":2,\"name\":\"Reiseberichte Costa Kreuzfahrten\",\"item\":\"http:\/\/www.lindenhausen.de\/blog\/reiseberichte-costa\/\"},{\"@type\":\"ListItem\",\"position\":3,\"name\":\"Kreuzfahrten 2016\",\"item\":\"https:\/\/www.lindenhausen.de\/blog\/reiseberichte-costa\/kreuzfahrten-2016\/\"},{\"@type\":\"ListItem\",\"position\":4,\"name\":\"Costa Fortuna 01.2016\",\"item\":\"https:\/\/www.lindenhausen.de\/blog\/reiseberichte-costa\/kreuzfahrten-2016\/costa-fortuna-01-2016\/\"},{\"@type\":\"ListItem\",\"position\":5,\"name\":\"Khasab 2\"}]},{\"@type\":\"WebSite\",\"@id\":\"https:\/\/www.lindenhausen.de\/blog\/#website\",\"url\":\"https:\/\/www.lindenhausen.de\/blog\/\",\"name\":\"Lindenhausen-weil Reisen Spa\u00df macht\",\"description\":\"Reisen und Kreuzfahrten, Reiseberichte, Kreuzfahrtforum\",\"potentialAction\":[{\"@type\":\"SearchAction\",\"target\":{\"@type\":\"EntryPoint\",\"urlTemplate\":\"https:\/\/www.lindenhausen.de\/blog\/?s={search_term_string}\"},\"query-input\":\"required name=search_term_string\"}],\"inLanguage\":\"de\"}]}<\/script>\n<!-- \/ Yoast SEO plugin. -->","yoast_head_json":{"title":"Khasab 2 - Lindenhausen-weil Reisen Spa\u00df macht","robots":{"index":"index","follow":"follow","max-snippet":"max-snippet:-1","max-image-preview":"max-image-preview:large","max-video-preview":"max-video-preview:-1"},"canonical":"http:\/\/www.lindenhausen.de\/blog\/reiseberichte-costa\/kreuzfahrten-2016\/costa-fortuna-01-2016\/khasab-2\/","og_locale":"de_DE","og_type":"article","og_title":"Khasab 2 - Lindenhausen-weil Reisen Spa\u00df macht","og_description":"Dienstag 19.01.2016 Kashab-und wieder durften wir tendern:). Mit dem kostenlosen Shuttlebus fuhren wir in den kleinen Ort, ich hatte die Idee einen Fotoshop zu suchen um Allan, Roderick, Richard und Shekar die gemeinsamen Fotos gleich direkt zu geben statt sie via Facebook zu schicken. Aber erst besuchten wir die Moschee-ganz ungeplant und so war ich &hellip; Khasab 2 weiterlesen &rarr;","og_url":"http:\/\/www.lindenhausen.de\/blog\/reiseberichte-costa\/kreuzfahrten-2016\/costa-fortuna-01-2016\/khasab-2\/","og_site_name":"Lindenhausen-weil Reisen Spa\u00df macht","article_publisher":"http:\/\/www.facebook.com\/Lindenhausen\/","article_modified_time":"2017-09-15T20:11:58+00:00","og_image":[{"width":906,"height":600,"url":"http:\/\/www.lindenhausen.de\/blog\/wp-content\/uploads\/2016\/03\/K800_DSC_0202.jpg","type":"image\/jpeg"}],"twitter_card":"summary_large_image","twitter_site":"@Maxilinde","twitter_misc":{"Gesch\u00e4tzte Lesezeit":"3\u00a0Minuten"},"schema":{"@context":"https:\/\/schema.org","@graph":[{"@type":"WebPage","@id":"http:\/\/www.lindenhausen.de\/blog\/reiseberichte-costa\/kreuzfahrten-2016\/costa-fortuna-01-2016\/khasab-2\/","url":"http:\/\/www.lindenhausen.de\/blog\/reiseberichte-costa\/kreuzfahrten-2016\/costa-fortuna-01-2016\/khasab-2\/","name":"Khasab 2 - Lindenhausen-weil Reisen Spa\u00df macht","isPartOf":{"@id":"https:\/\/www.lindenhausen.de\/blog\/#website"},"datePublished":"2016-03-09T21:50:03+00:00","dateModified":"2017-09-15T20:11:58+00:00","breadcrumb":{"@id":"http:\/\/www.lindenhausen.de\/blog\/reiseberichte-costa\/kreuzfahrten-2016\/costa-fortuna-01-2016\/khasab-2\/#breadcrumb"},"inLanguage":"de","potentialAction":[{"@type":"ReadAction","target":["http:\/\/www.lindenhausen.de\/blog\/reiseberichte-costa\/kreuzfahrten-2016\/costa-fortuna-01-2016\/khasab-2\/"]}]},{"@type":"BreadcrumbList","@id":"http:\/\/www.lindenhausen.de\/blog\/reiseberichte-costa\/kreuzfahrten-2016\/costa-fortuna-01-2016\/khasab-2\/#breadcrumb","itemListElement":[{"@type":"ListItem","position":1,"name":"Startseite","item":"https:\/\/www.lindenhausen.de\/blog\/"},{"@type":"ListItem","position":2,"name":"Reiseberichte Costa Kreuzfahrten","item":"http:\/\/www.lindenhausen.de\/blog\/reiseberichte-costa\/"},{"@type":"ListItem","position":3,"name":"Kreuzfahrten 2016","item":"https:\/\/www.lindenhausen.de\/blog\/reiseberichte-costa\/kreuzfahrten-2016\/"},{"@type":"ListItem","position":4,"name":"Costa Fortuna 01.2016","item":"https:\/\/www.lindenhausen.de\/blog\/reiseberichte-costa\/kreuzfahrten-2016\/costa-fortuna-01-2016\/"},{"@type":"ListItem","position":5,"name":"Khasab 2"}]},{"@type":"WebSite","@id":"https:\/\/www.lindenhausen.de\/blog\/#website","url":"https:\/\/www.lindenhausen.de\/blog\/","name":"Lindenhausen-weil Reisen Spa\u00df macht","description":"Reisen und Kreuzfahrten, Reiseberichte, Kreuzfahrtforum","potentialAction":[{"@type":"SearchAction","target":{"@type":"EntryPoint","urlTemplate":"https:\/\/www.lindenhausen.de\/blog\/?s={search_term_string}"},"query-input":"required name=search_term_string"}],"inLanguage":"de"}]}},"_links":{"self":[{"href":"http:\/\/www.lindenhausen.de\/blog\/wp-json\/wp\/v2\/pages\/1633"}],"collection":[{"href":"http:\/\/www.lindenhausen.de\/blog\/wp-json\/wp\/v2\/pages"}],"about":[{"href":"http:\/\/www.lindenhausen.de\/blog\/wp-json\/wp\/v2\/types\/page"}],"author":[{"embeddable":true,"href":"http:\/\/www.lindenhausen.de\/blog\/wp-json\/wp\/v2\/users\/1"}],"replies":[{"embeddable":true,"href":"http:\/\/www.lindenhausen.de\/blog\/wp-json\/wp\/v2\/comments?post=1633"}],"version-history":[{"count":4,"href":"http:\/\/www.lindenhausen.de\/blog\/wp-json\/wp\/v2\/pages\/1633\/revisions"}],"predecessor-version":[{"id":2918,"href":"http:\/\/www.lindenhausen.de\/blog\/wp-json\/wp\/v2\/pages\/1633\/revisions\/2918"}],"up":[{"embeddable":true,"href":"http:\/\/www.lindenhausen.de\/blog\/wp-json\/wp\/v2\/pages\/1605"}],"wp:featuredmedia":[{"embeddable":true,"href":"http:\/\/www.lindenhausen.de\/blog\/wp-json\/wp\/v2\/media\/1771"}],"wp:attachment":[{"href":"http:\/\/www.lindenhausen.de\/blog\/wp-json\/wp\/v2\/media?parent=1633"}],"curies":[{"name":"wp","href":"https:\/\/api.w.org\/{rel}","templated":true}]}}