{"id":1627,"date":"2016-03-09T22:39:25","date_gmt":"2016-03-09T21:39:25","guid":{"rendered":"http:\/\/www.lindenhausen.de\/blog\/?page_id=1627"},"modified":"2017-09-15T22:04:34","modified_gmt":"2017-09-15T20:04:34","slug":"dubai-5","status":"publish","type":"page","link":"http:\/\/www.lindenhausen.de\/blog\/reiseberichte-costa\/kreuzfahrten-2016\/costa-fortuna-01-2016\/dubai-5\/","title":{"rendered":"Dubai 5"},"content":{"rendered":"<p>Samstag 16.01.2016<\/p>\n<p>Ausgeschlafen, danach der Versuch unsere Kajaktour in Abu Dhabi online zu reservieren-aber das Wlan im Hafengeb\u00e4ude funktionierte nicht. \u00c4rgerlich denn ich h\u00e4tte auch einiges am Laptop erledigen wollen.<br \/>\nDann mal ausgiebig die Queen Elisabeth2 fotografiert denn die Bilder werde ich dem etwas weiter weg wohnenden Familienzweig schicken.<br \/>\nAls unsere Verwandtschaft aus den USA Ende der 70ger Jahre Europa besuchten kamen sie mit diesem Schiff da sie ungerne flogen. Selbst das Auto wurde mitgebracht, mit dem sie in Dresden damals schon f\u00fcr sehr gro\u00dfes Aufsehen sorgten.<br \/>\nWir machten uns einen gem\u00fctlichen Tag, schauten der Aidablue beim Auslaufen zu, es gab ein nettes Hupkonzert zwischen den beiden Schiffen.<\/p>\n<p><a href=\"http:\/\/www.lindenhausen.de\/blog\/wp-content\/uploads\/2016\/03\/DSC_0957.jpg\"><img decoding=\"async\" loading=\"lazy\" class=\"aligncenter size-medium wp-image-2048\" src=\"http:\/\/www.lindenhausen.de\/blog\/wp-content\/uploads\/2016\/03\/DSC_0957-300x199.jpg\" alt=\"DSC_0957\" width=\"300\" height=\"199\" srcset=\"http:\/\/www.lindenhausen.de\/blog\/wp-content\/uploads\/2016\/03\/DSC_0957-300x199.jpg 300w, http:\/\/www.lindenhausen.de\/blog\/wp-content\/uploads\/2016\/03\/DSC_0957.jpg 900w\" sizes=\"(max-width: 300px) 100vw, 300px\" \/><\/a><a href=\"http:\/\/www.lindenhausen.de\/blog\/wp-content\/uploads\/2016\/03\/K800_IMG_7666-e1457806767976.jpg\"><img decoding=\"async\" loading=\"lazy\" class=\"aligncenter size-medium wp-image-1987\" src=\"http:\/\/www.lindenhausen.de\/blog\/wp-content\/uploads\/2016\/03\/K800_IMG_7666-e1457806767976-300x225.jpg\" alt=\"AIDA Stella\" width=\"300\" height=\"225\" srcset=\"http:\/\/www.lindenhausen.de\/blog\/wp-content\/uploads\/2016\/03\/K800_IMG_7666-e1457806767976-300x225.jpg 300w, http:\/\/www.lindenhausen.de\/blog\/wp-content\/uploads\/2016\/03\/K800_IMG_7666-e1457806767976.jpg 799w\" sizes=\"(max-width: 300px) 100vw, 300px\" \/><\/a><br \/>\nZum Mittagessen kurz nach dem Auslaufen bekamen wir einen Tisch am Fenster und sahen Dubai noch einmal an uns vorbei gleiten.<\/p>\n<p><a href=\"http:\/\/www.lindenhausen.de\/blog\/wp-content\/uploads\/2016\/03\/K800_IMG_80411-e1457863244543.jpg\"><img decoding=\"async\" loading=\"lazy\" class=\"aligncenter size-medium wp-image-2051\" src=\"http:\/\/www.lindenhausen.de\/blog\/wp-content\/uploads\/2016\/03\/K800_IMG_80411-e1457863244543-225x300.jpg\" alt=\"K800_IMG_8041\" width=\"225\" height=\"300\" srcset=\"http:\/\/www.lindenhausen.de\/blog\/wp-content\/uploads\/2016\/03\/K800_IMG_80411-e1457863244543-225x300.jpg 225w, http:\/\/www.lindenhausen.de\/blog\/wp-content\/uploads\/2016\/03\/K800_IMG_80411-e1457863244543.jpg 600w\" sizes=\"(max-width: 225px) 100vw, 225px\" \/><\/a><br \/>\nEs war schon seltsam als wir w\u00e4hrend der Seenotrettungs\u00fcbung fast alleine an Deck sa\u00dfen, \u00fcberhaupt war es heute recht lustig als viele vom Personal feststellten das wir nach dem Passagierwechsel immer noch da waren.<br \/>\nEin wunderbar ruhiger Tag, am Abend besuchten wir die H2O Show, schon ein paarmal gesehen aber durch verschiedene Gastk\u00fcnstler auch immer wieder sehenswert.<br \/>\nDiesmal begeisterte mich ein K\u00fcnstler mit seinen Seifenblasen, toll gemacht.<br \/>\nHeute nun das erste Abendessen bei Allen, wir wurden sehr herzlich empfangen und fanden auch rechts und links von unserem Zweiertisch nette Nachbarn vor. Ein Ehepaar mit Schwester aus Palma de Mallorca und auf der anderen Seite ein Paar aus Frankreich.<br \/>\nSchnell wurden erste Eindr\u00fccke ausgetauscht, ein interessantes Gespr\u00e4ch nach rechts und links, auch die Franzosen sprachen Englisch.<br \/>\nRichard, stellte sich vor, der Assistent Waiter, sehr liebensw\u00fcrdig und aufmerksam, wir f\u00fchlten uns wohl.<br \/>\nWir besuchten noch die Welcome Party im Atrium, hatten Gl\u00fcck 2 Pl\u00e4tze an der Bar zu ergattern und genossen es nicht lange bestellen zu m\u00fcssen, jeder wusste was wir um diese Zeit trinken.<\/p>\n<p>In der Kabine wartete auch heute ein neuer Mitbewohner.<\/p>\n<p><a href=\"http:\/\/www.lindenhausen.de\/blog\/wp-content\/uploads\/2016\/03\/K800_IMG_8067-e1457805263811.jpg\"><img decoding=\"async\" loading=\"lazy\" class=\"aligncenter size-medium wp-image-2016\" src=\"http:\/\/www.lindenhausen.de\/blog\/wp-content\/uploads\/2016\/03\/K800_IMG_8067-e1457805263811-225x300.jpg\" alt=\"Mitbewohner\" width=\"225\" height=\"300\" srcset=\"http:\/\/www.lindenhausen.de\/blog\/wp-content\/uploads\/2016\/03\/K800_IMG_8067-e1457805263811-225x300.jpg 225w, http:\/\/www.lindenhausen.de\/blog\/wp-content\/uploads\/2016\/03\/K800_IMG_8067-e1457805263811.jpg 600w\" sizes=\"(max-width: 225px) 100vw, 225px\" \/><\/a><\/p>\n<p><a title=\"Maskat 3\" href=\"http:\/\/www.lindenhausen.de\/blog\/reiseberichte-costa\/kreuzfahrten-2016\/costa-fortuna-01-2016\/muskat-3\/\">Maskat<\/a><\/p>\n","protected":false},"excerpt":{"rendered":"<p>Samstag 16.01.2016 Ausgeschlafen, danach der Versuch unsere Kajaktour in Abu Dhabi online zu reservieren-aber das Wlan im Hafengeb\u00e4ude funktionierte nicht. \u00c4rgerlich denn ich h\u00e4tte auch einiges am Laptop erledigen wollen. Dann mal ausgiebig die Queen Elisabeth2 fotografiert denn die Bilder werde ich dem etwas weiter weg wohnenden Familienzweig schicken. Als unsere Verwandtschaft aus den USA &hellip; <a href=\"http:\/\/www.lindenhausen.de\/blog\/reiseberichte-costa\/kreuzfahrten-2016\/costa-fortuna-01-2016\/dubai-5\/\" class=\"more-link\"><span class=\"screen-reader-text\">Dubai 5<\/span> weiterlesen <span class=\"meta-nav\">&rarr;<\/span><\/a><\/p>\n","protected":false},"author":1,"featured_media":0,"parent":1605,"menu_order":9,"comment_status":"open","ping_status":"open","template":"","meta":{"_monsterinsights_skip_tracking":false,"_monsterinsights_sitenote_active":false,"_monsterinsights_sitenote_note":"","_monsterinsights_sitenote_category":0},"yoast_head":"<!-- This site is optimized with the Yoast SEO plugin v21.0 - https:\/\/yoast.com\/wordpress\/plugins\/seo\/ -->\n<title>Dubai 5 - Lindenhausen-weil Reisen Spa\u00df macht<\/title>\n<meta name=\"robots\" content=\"index, follow, max-snippet:-1, max-image-preview:large, max-video-preview:-1\" \/>\n<link rel=\"canonical\" href=\"http:\/\/www.lindenhausen.de\/blog\/reiseberichte-costa\/kreuzfahrten-2016\/costa-fortuna-01-2016\/dubai-5\/\" \/>\n<meta property=\"og:locale\" content=\"de_DE\" \/>\n<meta property=\"og:type\" content=\"article\" \/>\n<meta property=\"og:title\" content=\"Dubai 5 - Lindenhausen-weil Reisen Spa\u00df macht\" \/>\n<meta property=\"og:description\" content=\"Samstag 16.01.2016 Ausgeschlafen, danach der Versuch unsere Kajaktour in Abu Dhabi online zu reservieren-aber das Wlan im Hafengeb\u00e4ude funktionierte nicht. \u00c4rgerlich denn ich h\u00e4tte auch einiges am Laptop erledigen wollen. Dann mal ausgiebig die Queen Elisabeth2 fotografiert denn die Bilder werde ich dem etwas weiter weg wohnenden Familienzweig schicken. Als unsere Verwandtschaft aus den USA &hellip; Dubai 5 weiterlesen &rarr;\" \/>\n<meta property=\"og:url\" content=\"http:\/\/www.lindenhausen.de\/blog\/reiseberichte-costa\/kreuzfahrten-2016\/costa-fortuna-01-2016\/dubai-5\/\" \/>\n<meta property=\"og:site_name\" content=\"Lindenhausen-weil Reisen Spa\u00df macht\" \/>\n<meta property=\"article:publisher\" content=\"http:\/\/www.facebook.com\/Lindenhausen\/\" \/>\n<meta property=\"article:modified_time\" content=\"2017-09-15T20:04:34+00:00\" \/>\n<meta property=\"og:image\" content=\"http:\/\/www.lindenhausen.de\/blog\/wp-content\/uploads\/2016\/03\/DSC_0957-300x199.jpg\" \/>\n<meta name=\"twitter:card\" content=\"summary_large_image\" \/>\n<meta name=\"twitter:site\" content=\"@Maxilinde\" \/>\n<meta name=\"twitter:label1\" content=\"Gesch\u00e4tzte Lesezeit\" \/>\n\t<meta name=\"twitter:data1\" content=\"2\u00a0Minuten\" \/>\n<script type=\"application\/ld+json\" class=\"yoast-schema-graph\">{\"@context\":\"https:\/\/schema.org\",\"@graph\":[{\"@type\":\"WebPage\",\"@id\":\"http:\/\/www.lindenhausen.de\/blog\/reiseberichte-costa\/kreuzfahrten-2016\/costa-fortuna-01-2016\/dubai-5\/\",\"url\":\"http:\/\/www.lindenhausen.de\/blog\/reiseberichte-costa\/kreuzfahrten-2016\/costa-fortuna-01-2016\/dubai-5\/\",\"name\":\"Dubai 5 - Lindenhausen-weil Reisen Spa\u00df macht\",\"isPartOf\":{\"@id\":\"https:\/\/www.lindenhausen.de\/blog\/#website\"},\"datePublished\":\"2016-03-09T21:39:25+00:00\",\"dateModified\":\"2017-09-15T20:04:34+00:00\",\"breadcrumb\":{\"@id\":\"http:\/\/www.lindenhausen.de\/blog\/reiseberichte-costa\/kreuzfahrten-2016\/costa-fortuna-01-2016\/dubai-5\/#breadcrumb\"},\"inLanguage\":\"de\",\"potentialAction\":[{\"@type\":\"ReadAction\",\"target\":[\"http:\/\/www.lindenhausen.de\/blog\/reiseberichte-costa\/kreuzfahrten-2016\/costa-fortuna-01-2016\/dubai-5\/\"]}]},{\"@type\":\"BreadcrumbList\",\"@id\":\"http:\/\/www.lindenhausen.de\/blog\/reiseberichte-costa\/kreuzfahrten-2016\/costa-fortuna-01-2016\/dubai-5\/#breadcrumb\",\"itemListElement\":[{\"@type\":\"ListItem\",\"position\":1,\"name\":\"Startseite\",\"item\":\"https:\/\/www.lindenhausen.de\/blog\/\"},{\"@type\":\"ListItem\",\"position\":2,\"name\":\"Reiseberichte Costa Kreuzfahrten\",\"item\":\"http:\/\/www.lindenhausen.de\/blog\/reiseberichte-costa\/\"},{\"@type\":\"ListItem\",\"position\":3,\"name\":\"Kreuzfahrten 2016\",\"item\":\"https:\/\/www.lindenhausen.de\/blog\/reiseberichte-costa\/kreuzfahrten-2016\/\"},{\"@type\":\"ListItem\",\"position\":4,\"name\":\"Costa Fortuna 01.2016\",\"item\":\"https:\/\/www.lindenhausen.de\/blog\/reiseberichte-costa\/kreuzfahrten-2016\/costa-fortuna-01-2016\/\"},{\"@type\":\"ListItem\",\"position\":5,\"name\":\"Dubai 5\"}]},{\"@type\":\"WebSite\",\"@id\":\"https:\/\/www.lindenhausen.de\/blog\/#website\",\"url\":\"https:\/\/www.lindenhausen.de\/blog\/\",\"name\":\"Lindenhausen-weil Reisen Spa\u00df macht\",\"description\":\"Reisen und Kreuzfahrten, Reiseberichte, Kreuzfahrtforum\",\"potentialAction\":[{\"@type\":\"SearchAction\",\"target\":{\"@type\":\"EntryPoint\",\"urlTemplate\":\"https:\/\/www.lindenhausen.de\/blog\/?s={search_term_string}\"},\"query-input\":\"required name=search_term_string\"}],\"inLanguage\":\"de\"}]}<\/script>\n<!-- \/ Yoast SEO plugin. -->","yoast_head_json":{"title":"Dubai 5 - Lindenhausen-weil Reisen Spa\u00df macht","robots":{"index":"index","follow":"follow","max-snippet":"max-snippet:-1","max-image-preview":"max-image-preview:large","max-video-preview":"max-video-preview:-1"},"canonical":"http:\/\/www.lindenhausen.de\/blog\/reiseberichte-costa\/kreuzfahrten-2016\/costa-fortuna-01-2016\/dubai-5\/","og_locale":"de_DE","og_type":"article","og_title":"Dubai 5 - Lindenhausen-weil Reisen Spa\u00df macht","og_description":"Samstag 16.01.2016 Ausgeschlafen, danach der Versuch unsere Kajaktour in Abu Dhabi online zu reservieren-aber das Wlan im Hafengeb\u00e4ude funktionierte nicht. \u00c4rgerlich denn ich h\u00e4tte auch einiges am Laptop erledigen wollen. Dann mal ausgiebig die Queen Elisabeth2 fotografiert denn die Bilder werde ich dem etwas weiter weg wohnenden Familienzweig schicken. Als unsere Verwandtschaft aus den USA &hellip; Dubai 5 weiterlesen &rarr;","og_url":"http:\/\/www.lindenhausen.de\/blog\/reiseberichte-costa\/kreuzfahrten-2016\/costa-fortuna-01-2016\/dubai-5\/","og_site_name":"Lindenhausen-weil Reisen Spa\u00df macht","article_publisher":"http:\/\/www.facebook.com\/Lindenhausen\/","article_modified_time":"2017-09-15T20:04:34+00:00","og_image":[{"url":"http:\/\/www.lindenhausen.de\/blog\/wp-content\/uploads\/2016\/03\/DSC_0957-300x199.jpg"}],"twitter_card":"summary_large_image","twitter_site":"@Maxilinde","twitter_misc":{"Gesch\u00e4tzte Lesezeit":"2\u00a0Minuten"},"schema":{"@context":"https:\/\/schema.org","@graph":[{"@type":"WebPage","@id":"http:\/\/www.lindenhausen.de\/blog\/reiseberichte-costa\/kreuzfahrten-2016\/costa-fortuna-01-2016\/dubai-5\/","url":"http:\/\/www.lindenhausen.de\/blog\/reiseberichte-costa\/kreuzfahrten-2016\/costa-fortuna-01-2016\/dubai-5\/","name":"Dubai 5 - Lindenhausen-weil Reisen Spa\u00df macht","isPartOf":{"@id":"https:\/\/www.lindenhausen.de\/blog\/#website"},"datePublished":"2016-03-09T21:39:25+00:00","dateModified":"2017-09-15T20:04:34+00:00","breadcrumb":{"@id":"http:\/\/www.lindenhausen.de\/blog\/reiseberichte-costa\/kreuzfahrten-2016\/costa-fortuna-01-2016\/dubai-5\/#breadcrumb"},"inLanguage":"de","potentialAction":[{"@type":"ReadAction","target":["http:\/\/www.lindenhausen.de\/blog\/reiseberichte-costa\/kreuzfahrten-2016\/costa-fortuna-01-2016\/dubai-5\/"]}]},{"@type":"BreadcrumbList","@id":"http:\/\/www.lindenhausen.de\/blog\/reiseberichte-costa\/kreuzfahrten-2016\/costa-fortuna-01-2016\/dubai-5\/#breadcrumb","itemListElement":[{"@type":"ListItem","position":1,"name":"Startseite","item":"https:\/\/www.lindenhausen.de\/blog\/"},{"@type":"ListItem","position":2,"name":"Reiseberichte Costa Kreuzfahrten","item":"http:\/\/www.lindenhausen.de\/blog\/reiseberichte-costa\/"},{"@type":"ListItem","position":3,"name":"Kreuzfahrten 2016","item":"https:\/\/www.lindenhausen.de\/blog\/reiseberichte-costa\/kreuzfahrten-2016\/"},{"@type":"ListItem","position":4,"name":"Costa Fortuna 01.2016","item":"https:\/\/www.lindenhausen.de\/blog\/reiseberichte-costa\/kreuzfahrten-2016\/costa-fortuna-01-2016\/"},{"@type":"ListItem","position":5,"name":"Dubai 5"}]},{"@type":"WebSite","@id":"https:\/\/www.lindenhausen.de\/blog\/#website","url":"https:\/\/www.lindenhausen.de\/blog\/","name":"Lindenhausen-weil Reisen Spa\u00df macht","description":"Reisen und Kreuzfahrten, Reiseberichte, Kreuzfahrtforum","potentialAction":[{"@type":"SearchAction","target":{"@type":"EntryPoint","urlTemplate":"https:\/\/www.lindenhausen.de\/blog\/?s={search_term_string}"},"query-input":"required name=search_term_string"}],"inLanguage":"de"}]}},"_links":{"self":[{"href":"http:\/\/www.lindenhausen.de\/blog\/wp-json\/wp\/v2\/pages\/1627"}],"collection":[{"href":"http:\/\/www.lindenhausen.de\/blog\/wp-json\/wp\/v2\/pages"}],"about":[{"href":"http:\/\/www.lindenhausen.de\/blog\/wp-json\/wp\/v2\/types\/page"}],"author":[{"embeddable":true,"href":"http:\/\/www.lindenhausen.de\/blog\/wp-json\/wp\/v2\/users\/1"}],"replies":[{"embeddable":true,"href":"http:\/\/www.lindenhausen.de\/blog\/wp-json\/wp\/v2\/comments?post=1627"}],"version-history":[{"count":4,"href":"http:\/\/www.lindenhausen.de\/blog\/wp-json\/wp\/v2\/pages\/1627\/revisions"}],"predecessor-version":[{"id":2915,"href":"http:\/\/www.lindenhausen.de\/blog\/wp-json\/wp\/v2\/pages\/1627\/revisions\/2915"}],"up":[{"embeddable":true,"href":"http:\/\/www.lindenhausen.de\/blog\/wp-json\/wp\/v2\/pages\/1605"}],"wp:attachment":[{"href":"http:\/\/www.lindenhausen.de\/blog\/wp-json\/wp\/v2\/media?parent=1627"}],"curies":[{"name":"wp","href":"https:\/\/api.w.org\/{rel}","templated":true}]}}