{"id":1625,"date":"2016-03-09T22:32:55","date_gmt":"2016-03-09T21:32:55","guid":{"rendered":"http:\/\/www.lindenhausen.de\/blog\/?page_id=1625"},"modified":"2019-10-09T11:10:06","modified_gmt":"2019-10-09T09:10:06","slug":"dubai-4","status":"publish","type":"page","link":"http:\/\/www.lindenhausen.de\/blog\/reiseberichte-costa\/kreuzfahrten-2016\/costa-fortuna-01-2016\/dubai-4\/","title":{"rendered":"Dubai 4"},"content":{"rendered":"<p>Freitag 15.01.2016<\/p>\n<p>Unser Dubai-Tag \ud83d\ude42<br \/>\nF\u00fcr 11:00 Uhr hatten wir Tickets f\u00fcr den Burj Khalifa bestellt.<br \/>\nAlso konnten wir gem\u00fctlich und in Ruhe fr\u00fchst\u00fccken, hatten noch Zeit die Regensburger Freunde zu verabschieden und nahmen dann ein Taxi zur Dubai Mall.<br \/>\nHier hatten wir gen\u00fcgend Zeit die Tickets am Automaten abzuholen und uns ein wenig umzuschauen.<br \/>\nDie Tickets bestellt und bezahlt man im Voraus per Kreditkarte und gibt dann am Automaten nur seine Nummer an. Alles ganz unkompliziert und man erspart sich eventuelle Wartezeiten<br \/>\n<a href=\"https:\/\/tickets.atthetop.ae\/atthetop\/en-us\">https:\/\/tickets.atthetop.ae\/atthetop\/en-us<\/a><br \/>\nNach dem Einlass ging es erst einmal zu Fu\u00df (alles auch Kinderwagentauglich und Behindertengerecht) von der Mall zum Burj Khalifa. Auf dem Hinweg wie auch auf dem R\u00fcckweg konnte man eine Ausstellung zu Baugeschichte und Architektur des Wolkenkratzers anschauen.<br \/>\nAn den Aufz\u00fcgen gab es eine kurze Wartezeit, dann ging es mit 18m\/s nach oben in die 124. Etage.<br \/>\nDer Blick aus einer H\u00f6he von 456m ist atemberaubend.<br \/>\nMan kann rundherum gehen, es gibt auch einen Shop mit allem was die Andenkenindustrie so hergibt.<br \/>\nDa wir ja nun schon ein paar Tage hier unterwegs waren konnten wir uns recht gut orientieren und von hier oben sah man auch deutlich wie gro\u00df diese Stadt ist.<\/p>\n<figure id=\"attachment_2008\" aria-describedby=\"caption-attachment-2008\" style=\"width: 225px\" class=\"wp-caption aligncenter\"><a href=\"http:\/\/www.lindenhausen.de\/blog\/wp-content\/uploads\/2016\/03\/K800_IMG_7981-e1457805551806.jpg\"><img decoding=\"async\" loading=\"lazy\" class=\"size-medium wp-image-2008\" src=\"http:\/\/www.lindenhausen.de\/blog\/wp-content\/uploads\/2016\/03\/K800_IMG_7981-e1457805551806-225x300.jpg\" alt=\"Fahrstuhl\" width=\"225\" height=\"300\" srcset=\"http:\/\/www.lindenhausen.de\/blog\/wp-content\/uploads\/2016\/03\/K800_IMG_7981-e1457805551806-225x300.jpg 225w, http:\/\/www.lindenhausen.de\/blog\/wp-content\/uploads\/2016\/03\/K800_IMG_7981-e1457805551806.jpg 600w\" sizes=\"(max-width: 225px) 100vw, 225px\" \/><\/a><figcaption id=\"caption-attachment-2008\" class=\"wp-caption-text\">Fahrstuhl<\/figcaption><\/figure>\n<p><a href=\"http:\/\/www.lindenhausen.de\/blog\/wp-content\/uploads\/2016\/03\/K800_DSC_0856.jpg\"><img decoding=\"async\" loading=\"lazy\" class=\"aligncenter size-medium wp-image-1941\" src=\"http:\/\/www.lindenhausen.de\/blog\/wp-content\/uploads\/2016\/03\/K800_DSC_0856-300x199.jpg\" alt=\"Burj Kalifa\" width=\"300\" height=\"199\" srcset=\"http:\/\/www.lindenhausen.de\/blog\/wp-content\/uploads\/2016\/03\/K800_DSC_0856-300x199.jpg 300w, http:\/\/www.lindenhausen.de\/blog\/wp-content\/uploads\/2016\/03\/K800_DSC_0856.jpg 906w\" sizes=\"(max-width: 300px) 100vw, 300px\" \/><\/a> <a href=\"http:\/\/www.lindenhausen.de\/blog\/wp-content\/uploads\/2016\/03\/K800_DSC_0851.jpg\"><img decoding=\"async\" loading=\"lazy\" class=\"aligncenter size-medium wp-image-1940\" src=\"http:\/\/www.lindenhausen.de\/blog\/wp-content\/uploads\/2016\/03\/K800_DSC_0851-300x199.jpg\" alt=\"Burj Kalifa\" width=\"300\" height=\"199\" srcset=\"http:\/\/www.lindenhausen.de\/blog\/wp-content\/uploads\/2016\/03\/K800_DSC_0851-300x199.jpg 300w, http:\/\/www.lindenhausen.de\/blog\/wp-content\/uploads\/2016\/03\/K800_DSC_0851.jpg 906w\" sizes=\"(max-width: 300px) 100vw, 300px\" \/><\/a> <a href=\"http:\/\/www.lindenhausen.de\/blog\/wp-content\/uploads\/2016\/03\/K800_DSC_0839.jpg\"><img decoding=\"async\" loading=\"lazy\" class=\"aligncenter size-medium wp-image-1938\" src=\"http:\/\/www.lindenhausen.de\/blog\/wp-content\/uploads\/2016\/03\/K800_DSC_0839-300x199.jpg\" alt=\"Burj Kalifa\" width=\"300\" height=\"199\" srcset=\"http:\/\/www.lindenhausen.de\/blog\/wp-content\/uploads\/2016\/03\/K800_DSC_0839-300x199.jpg 300w, http:\/\/www.lindenhausen.de\/blog\/wp-content\/uploads\/2016\/03\/K800_DSC_0839.jpg 906w\" sizes=\"(max-width: 300px) 100vw, 300px\" \/><\/a><\/p>\n<figure id=\"attachment_1937\" aria-describedby=\"caption-attachment-1937\" style=\"width: 300px\" class=\"wp-caption aligncenter\"><a href=\"http:\/\/www.lindenhausen.de\/blog\/wp-content\/uploads\/2016\/03\/K800_DSC_0824.jpg\"><img decoding=\"async\" loading=\"lazy\" class=\"size-medium wp-image-1937\" src=\"http:\/\/www.lindenhausen.de\/blog\/wp-content\/uploads\/2016\/03\/K800_DSC_0824-300x199.jpg\" alt=\"Blick zum Hafen\" width=\"300\" height=\"199\" srcset=\"http:\/\/www.lindenhausen.de\/blog\/wp-content\/uploads\/2016\/03\/K800_DSC_0824-300x199.jpg 300w, http:\/\/www.lindenhausen.de\/blog\/wp-content\/uploads\/2016\/03\/K800_DSC_0824.jpg 906w\" sizes=\"(max-width: 300px) 100vw, 300px\" \/><\/a><figcaption id=\"caption-attachment-1937\" class=\"wp-caption-text\">Blick zum Hafen<\/figcaption><\/figure>\n<p><a href=\"http:\/\/www.lindenhausen.de\/blog\/wp-content\/uploads\/2016\/03\/K800_DSC_0821.jpg\"><img decoding=\"async\" loading=\"lazy\" class=\"aligncenter size-medium wp-image-1936\" src=\"http:\/\/www.lindenhausen.de\/blog\/wp-content\/uploads\/2016\/03\/K800_DSC_0821-300x199.jpg\" alt=\"Burj Kalifa\" width=\"300\" height=\"199\" srcset=\"http:\/\/www.lindenhausen.de\/blog\/wp-content\/uploads\/2016\/03\/K800_DSC_0821-300x199.jpg 300w, http:\/\/www.lindenhausen.de\/blog\/wp-content\/uploads\/2016\/03\/K800_DSC_0821.jpg 906w\" sizes=\"(max-width: 300px) 100vw, 300px\" \/><\/a><\/p>\n<figure id=\"attachment_1935\" aria-describedby=\"caption-attachment-1935\" style=\"width: 300px\" class=\"wp-caption aligncenter\"><a href=\"http:\/\/www.lindenhausen.de\/blog\/wp-content\/uploads\/2016\/03\/K800_DSC_0818.jpg\"><img decoding=\"async\" loading=\"lazy\" class=\"size-medium wp-image-1935\" src=\"http:\/\/www.lindenhausen.de\/blog\/wp-content\/uploads\/2016\/03\/K800_DSC_0818-300x199.jpg\" alt=\"Hotel nach Hochhausbrand an Silvester\" width=\"300\" height=\"199\" srcset=\"http:\/\/www.lindenhausen.de\/blog\/wp-content\/uploads\/2016\/03\/K800_DSC_0818-300x199.jpg 300w, http:\/\/www.lindenhausen.de\/blog\/wp-content\/uploads\/2016\/03\/K800_DSC_0818.jpg 906w\" sizes=\"(max-width: 300px) 100vw, 300px\" \/><\/a><figcaption id=\"caption-attachment-1935\" class=\"wp-caption-text\">Hotel nach Hochhausbrand an Silvester<\/figcaption><\/figure>\n<p>Irgendwann meldete sich der Hunger und wir entschieden nach unten zu fahren und uns im Food Court der Dubai Mall umzuschauen.<br \/>\nWir wurden auch f\u00fcndig, nach dem vielen italienischen Essen lachte uns ein Asiatisches Restaurant an.<br \/>\n<a href=\"http:\/\/www.thedubaimall.com\/en\/Dine\/dining_restaurants\/the-noodle-house.aspx\" target=\"_blank\" rel=\"noopener noreferrer\">http:\/\/www.thedubaimall.com\/en\/Dine\/dining_restaurants\/the-noodle-house.aspx<\/a><\/p>\n<p>Nach dem Essen war Strand angesagt also gingen wir Richtung Metro. Die Entfernung von knapp 1km wird mit Laufb\u00e4ndern \u00fcberbr\u00fcckt und die Strecke f\u00fchrt \u00fcber die Stra\u00dfen hinweg, Klasse gemacht.<br \/>\nWir kauften uns ein Tagesticket da wir sp\u00e4ter auf die Stra\u00dfenbahn umsteigen wollten.<br \/>\nLeider vermuteten wir den \u00f6ffentlichen Strand in der falschen Richtung und landeten statt an \u201eThe Walk\u201c erst einmal am der Br\u00fccke zu \u201eThe Palm\u201c. Dort gibt es zwar Strand, der geh\u00f6rt aber zu diversen Hotels und Clubs.<br \/>\nAlso zur\u00fcck und endlich richtig ausgestiegen \ud83d\ude09<br \/>\nSandstrand, Hotels, Restaurants, Gesch\u00e4fte, dahinter die Glitzerfassaden der Hochh\u00e4user. Viele Rasenfl\u00e4chen, alles gepflegt.<br \/>\nSch\u00f6ne Angebote f\u00fcr Kinder, Spielpl\u00e4tze, Karussells, viel Platz.<br \/>\nZum Sonnenuntergang legten dann an einigen Stellen am Strand DJs Musik auf, eher f\u00fcr die Jugend-was ja klar ist, der Altersdurchschnitt liegt in den VAE deutlich unter unserem.<br \/>\nJe sp\u00e4ter der Abend je gr\u00f6\u00dfer die Autos, die vorfuhren.<\/p>\n<p><a href=\"http:\/\/www.lindenhausen.de\/blog\/wp-content\/uploads\/2016\/03\/K800_IMG_8010-e1457805422147.jpg\"><img decoding=\"async\" loading=\"lazy\" class=\"aligncenter size-medium wp-image-2011\" src=\"http:\/\/www.lindenhausen.de\/blog\/wp-content\/uploads\/2016\/03\/K800_IMG_8010-e1457805422147-225x300.jpg\" alt=\"Jumeira Beach\" width=\"225\" height=\"300\" srcset=\"http:\/\/www.lindenhausen.de\/blog\/wp-content\/uploads\/2016\/03\/K800_IMG_8010-e1457805422147-225x300.jpg 225w, http:\/\/www.lindenhausen.de\/blog\/wp-content\/uploads\/2016\/03\/K800_IMG_8010-e1457805422147.jpg 600w\" sizes=\"(max-width: 225px) 100vw, 225px\" \/><\/a> <a href=\"http:\/\/www.lindenhausen.de\/blog\/wp-content\/uploads\/2016\/03\/K800_IMG_8009-e1457805455717.jpg\"><img decoding=\"async\" loading=\"lazy\" class=\"aligncenter size-medium wp-image-2010\" src=\"http:\/\/www.lindenhausen.de\/blog\/wp-content\/uploads\/2016\/03\/K800_IMG_8009-e1457805455717-225x300.jpg\" alt=\":)\" width=\"225\" height=\"300\" srcset=\"http:\/\/www.lindenhausen.de\/blog\/wp-content\/uploads\/2016\/03\/K800_IMG_8009-e1457805455717-225x300.jpg 225w, http:\/\/www.lindenhausen.de\/blog\/wp-content\/uploads\/2016\/03\/K800_IMG_8009-e1457805455717.jpg 600w\" sizes=\"(max-width: 225px) 100vw, 225px\" \/><\/a> <a href=\"http:\/\/www.lindenhausen.de\/blog\/wp-content\/uploads\/2016\/03\/K800_DSC_0915.jpg\"><img decoding=\"async\" loading=\"lazy\" class=\"aligncenter size-medium wp-image-1955\" src=\"http:\/\/www.lindenhausen.de\/blog\/wp-content\/uploads\/2016\/03\/K800_DSC_0915-300x199.jpg\" alt=\"The Walk\" width=\"300\" height=\"199\" srcset=\"http:\/\/www.lindenhausen.de\/blog\/wp-content\/uploads\/2016\/03\/K800_DSC_0915-300x199.jpg 300w, http:\/\/www.lindenhausen.de\/blog\/wp-content\/uploads\/2016\/03\/K800_DSC_0915.jpg 906w\" sizes=\"(max-width: 300px) 100vw, 300px\" \/><\/a> <a href=\"http:\/\/www.lindenhausen.de\/blog\/wp-content\/uploads\/2016\/03\/K800_DSC_0914-e1457808172918.jpg\"><img decoding=\"async\" loading=\"lazy\" class=\"aligncenter size-medium wp-image-1954\" src=\"http:\/\/www.lindenhausen.de\/blog\/wp-content\/uploads\/2016\/03\/K800_DSC_0914-e1457808172918-199x300.jpg\" alt=\"The Walk\" width=\"199\" height=\"300\" srcset=\"http:\/\/www.lindenhausen.de\/blog\/wp-content\/uploads\/2016\/03\/K800_DSC_0914-e1457808172918-199x300.jpg 199w, http:\/\/www.lindenhausen.de\/blog\/wp-content\/uploads\/2016\/03\/K800_DSC_0914-e1457808172918.jpg 600w\" sizes=\"(max-width: 199px) 100vw, 199px\" \/><\/a> <a href=\"http:\/\/www.lindenhausen.de\/blog\/wp-content\/uploads\/2016\/03\/K800_DSC_0909.jpg\"><img decoding=\"async\" loading=\"lazy\" class=\"aligncenter size-medium wp-image-1953\" src=\"http:\/\/www.lindenhausen.de\/blog\/wp-content\/uploads\/2016\/03\/K800_DSC_0909-300x199.jpg\" alt=\"Jumeirah Beach\" width=\"300\" height=\"199\" srcset=\"http:\/\/www.lindenhausen.de\/blog\/wp-content\/uploads\/2016\/03\/K800_DSC_0909-300x199.jpg 300w, http:\/\/www.lindenhausen.de\/blog\/wp-content\/uploads\/2016\/03\/K800_DSC_0909.jpg 906w\" sizes=\"(max-width: 300px) 100vw, 300px\" \/><\/a> <a href=\"http:\/\/www.lindenhausen.de\/blog\/wp-content\/uploads\/2016\/03\/K800_DSC_0904.jpg\"><img decoding=\"async\" loading=\"lazy\" class=\"aligncenter size-medium wp-image-1952\" src=\"http:\/\/www.lindenhausen.de\/blog\/wp-content\/uploads\/2016\/03\/K800_DSC_0904-300x199.jpg\" alt=\"Jumeirah Beach\" width=\"300\" height=\"199\" srcset=\"http:\/\/www.lindenhausen.de\/blog\/wp-content\/uploads\/2016\/03\/K800_DSC_0904-300x199.jpg 300w, http:\/\/www.lindenhausen.de\/blog\/wp-content\/uploads\/2016\/03\/K800_DSC_0904.jpg 906w\" sizes=\"(max-width: 300px) 100vw, 300px\" \/><\/a> <a href=\"http:\/\/www.lindenhausen.de\/blog\/wp-content\/uploads\/2016\/03\/K800_DSC_0918.jpg\"><img decoding=\"async\" loading=\"lazy\" class=\"aligncenter size-medium wp-image-1956\" src=\"http:\/\/www.lindenhausen.de\/blog\/wp-content\/uploads\/2016\/03\/K800_DSC_0918-300x199.jpg\" alt=\":)\" width=\"300\" height=\"199\" srcset=\"http:\/\/www.lindenhausen.de\/blog\/wp-content\/uploads\/2016\/03\/K800_DSC_0918-300x199.jpg 300w, http:\/\/www.lindenhausen.de\/blog\/wp-content\/uploads\/2016\/03\/K800_DSC_0918.jpg 906w\" sizes=\"(max-width: 300px) 100vw, 300px\" \/><\/a><br \/>\nWir aber fuhren ab, wir wollten noch die Wasserspiele am Burj Khalifa bestaunen.<br \/>\nFreitagabend, da war die Entscheidung f\u00fcr die Metro genau richtig, ganz Dubai schien per Auto unterwegs zu sein und auch die Taxis standen im Stau.<br \/>\nAuch in der Dubai Mall war es voll, die Wasserspiele waren gut besucht, es war kaum ein guter Platz zu finden.<br \/>\nAber f\u00fcr einen Eindruck gen\u00fcgte es und wir planten das f\u00fcr unseren letzten Kreuzfahrtabend ein.<\/p>\n<figure id=\"attachment_2023\" aria-describedby=\"caption-attachment-2023\" style=\"width: 225px\" class=\"wp-caption aligncenter\"><a href=\"http:\/\/www.lindenhausen.de\/blog\/wp-content\/uploads\/2016\/03\/K800_IMG_8146-e1457804948782.jpg\"><img decoding=\"async\" loading=\"lazy\" class=\"size-medium wp-image-2023\" src=\"http:\/\/www.lindenhausen.de\/blog\/wp-content\/uploads\/2016\/03\/K800_IMG_8146-e1457804948782-225x300.jpg\" alt=\"Burj Kalifa\" width=\"225\" height=\"300\" srcset=\"http:\/\/www.lindenhausen.de\/blog\/wp-content\/uploads\/2016\/03\/K800_IMG_8146-e1457804948782-225x300.jpg 225w, http:\/\/www.lindenhausen.de\/blog\/wp-content\/uploads\/2016\/03\/K800_IMG_8146-e1457804948782.jpg 600w\" sizes=\"(max-width: 225px) 100vw, 225px\" \/><\/a><figcaption id=\"caption-attachment-2023\" class=\"wp-caption-text\">Burj Kalifa<\/figcaption><\/figure>\n<p><a href=\"http:\/\/www.lindenhausen.de\/blog\/wp-content\/uploads\/2016\/03\/K800_DSC_0937.jpg\"><img decoding=\"async\" loading=\"lazy\" class=\"aligncenter size-medium wp-image-1958\" src=\"http:\/\/www.lindenhausen.de\/blog\/wp-content\/uploads\/2016\/03\/K800_DSC_0937-300x199.jpg\" alt=\"Dubai Mall\" width=\"300\" height=\"199\" srcset=\"http:\/\/www.lindenhausen.de\/blog\/wp-content\/uploads\/2016\/03\/K800_DSC_0937-300x199.jpg 300w, http:\/\/www.lindenhausen.de\/blog\/wp-content\/uploads\/2016\/03\/K800_DSC_0937.jpg 906w\" sizes=\"(max-width: 300px) 100vw, 300px\" \/><\/a> <a href=\"http:\/\/www.lindenhausen.de\/blog\/wp-content\/uploads\/2016\/03\/K800_DSC_0900.jpg\"><img decoding=\"async\" loading=\"lazy\" class=\"aligncenter size-medium wp-image-1951\" src=\"http:\/\/www.lindenhausen.de\/blog\/wp-content\/uploads\/2016\/03\/K800_DSC_0900-300x199.jpg\" alt=\"Baustelle\" width=\"300\" height=\"199\" srcset=\"http:\/\/www.lindenhausen.de\/blog\/wp-content\/uploads\/2016\/03\/K800_DSC_0900-300x199.jpg 300w, http:\/\/www.lindenhausen.de\/blog\/wp-content\/uploads\/2016\/03\/K800_DSC_0900.jpg 906w\" sizes=\"(max-width: 300px) 100vw, 300px\" \/><\/a> <a href=\"http:\/\/www.lindenhausen.de\/blog\/wp-content\/uploads\/2016\/03\/K800_DSC_0896.jpg\"><img decoding=\"async\" loading=\"lazy\" class=\"aligncenter size-medium wp-image-1950\" src=\"http:\/\/www.lindenhausen.de\/blog\/wp-content\/uploads\/2016\/03\/K800_DSC_0896-300x199.jpg\" alt=\"Fu\u00dfweg Dubai Mall\" width=\"300\" height=\"199\" srcset=\"http:\/\/www.lindenhausen.de\/blog\/wp-content\/uploads\/2016\/03\/K800_DSC_0896-300x199.jpg 300w, http:\/\/www.lindenhausen.de\/blog\/wp-content\/uploads\/2016\/03\/K800_DSC_0896.jpg 906w\" sizes=\"(max-width: 300px) 100vw, 300px\" \/><\/a> <a href=\"http:\/\/www.lindenhausen.de\/blog\/wp-content\/uploads\/2016\/03\/K800_DSC_0894.jpg\"><img decoding=\"async\" loading=\"lazy\" class=\"aligncenter size-medium wp-image-1949\" src=\"http:\/\/www.lindenhausen.de\/blog\/wp-content\/uploads\/2016\/03\/K800_DSC_0894-300x199.jpg\" alt=\"Fu\u00dfweg Dubai Mall\" width=\"300\" height=\"199\" srcset=\"http:\/\/www.lindenhausen.de\/blog\/wp-content\/uploads\/2016\/03\/K800_DSC_0894-300x199.jpg 300w, http:\/\/www.lindenhausen.de\/blog\/wp-content\/uploads\/2016\/03\/K800_DSC_0894.jpg 906w\" sizes=\"(max-width: 300px) 100vw, 300px\" \/><\/a><br \/>\nAlso zur\u00fcck zur Metro das die Warteschlange am Taxistand endlos lang war. In Al Ghubaiba fanden wir dann ganz schnell ein Taxi und waren schnell und staufrei im Hafen.<\/p>\n<p>Es war ein langer Tag, so viele Eindr\u00fccke, das mussten wir sacken lassen. Da heute offene Tischzeit war freuten wir uns \u00fcber den ruhigen 2er Tisch im Obergescho\u00df an der Balustrade, den uns der Maitre zuwies.<br \/>\nAllan schaute auch schnell vorbei und erz\u00e4hlte dass er heute einen alten Freund besucht hatte.<br \/>\nBevor Allan bei Costa anheuerte was er Kellner hier in Dubai in einem Hotel.<br \/>\nHeute Abend ging es recht fr\u00fch in die Kabine, es war sowieso eher ruhig auf dem Schiff, wenig Programm denn die einen reisten ab, andere kamen gerade an und wir begann die Urlaubswoche noch einmal\u2026.<\/p>\n<p><a title=\"Dubai 5\" href=\"http:\/\/www.lindenhausen.de\/blog\/reiseberichte-costa\/kreuzfahrten-2016\/costa-fortuna-01-2016\/dubai-5\/\">Dubai<\/a><\/p>\n","protected":false},"excerpt":{"rendered":"<p>Freitag 15.01.2016 Unser Dubai-Tag \ud83d\ude42 F\u00fcr 11:00 Uhr hatten wir Tickets f\u00fcr den Burj Khalifa bestellt. Also konnten wir gem\u00fctlich und in Ruhe fr\u00fchst\u00fccken, hatten noch Zeit die Regensburger Freunde zu verabschieden und nahmen dann ein Taxi zur Dubai Mall. Hier hatten wir gen\u00fcgend Zeit die Tickets am Automaten abzuholen und uns ein wenig umzuschauen. &hellip; <a href=\"http:\/\/www.lindenhausen.de\/blog\/reiseberichte-costa\/kreuzfahrten-2016\/costa-fortuna-01-2016\/dubai-4\/\" class=\"more-link\"><span class=\"screen-reader-text\">Dubai 4<\/span> weiterlesen <span class=\"meta-nav\">&rarr;<\/span><\/a><\/p>\n","protected":false},"author":1,"featured_media":0,"parent":1605,"menu_order":8,"comment_status":"open","ping_status":"open","template":"","meta":{"_monsterinsights_skip_tracking":false,"_monsterinsights_sitenote_active":false,"_monsterinsights_sitenote_note":"","_monsterinsights_sitenote_category":0},"yoast_head":"<!-- This site is optimized with the Yoast SEO plugin v21.0 - https:\/\/yoast.com\/wordpress\/plugins\/seo\/ -->\n<title>Dubai 4 - Lindenhausen-weil Reisen Spa\u00df macht<\/title>\n<meta name=\"robots\" content=\"index, follow, max-snippet:-1, max-image-preview:large, max-video-preview:-1\" \/>\n<link rel=\"canonical\" href=\"http:\/\/www.lindenhausen.de\/blog\/reiseberichte-costa\/kreuzfahrten-2016\/costa-fortuna-01-2016\/dubai-4\/\" \/>\n<meta property=\"og:locale\" content=\"de_DE\" \/>\n<meta property=\"og:type\" content=\"article\" \/>\n<meta property=\"og:title\" content=\"Dubai 4 - Lindenhausen-weil Reisen Spa\u00df macht\" \/>\n<meta property=\"og:description\" content=\"Freitag 15.01.2016 Unser Dubai-Tag \ud83d\ude42 F\u00fcr 11:00 Uhr hatten wir Tickets f\u00fcr den Burj Khalifa bestellt. Also konnten wir gem\u00fctlich und in Ruhe fr\u00fchst\u00fccken, hatten noch Zeit die Regensburger Freunde zu verabschieden und nahmen dann ein Taxi zur Dubai Mall. Hier hatten wir gen\u00fcgend Zeit die Tickets am Automaten abzuholen und uns ein wenig umzuschauen. &hellip; Dubai 4 weiterlesen &rarr;\" \/>\n<meta property=\"og:url\" content=\"http:\/\/www.lindenhausen.de\/blog\/reiseberichte-costa\/kreuzfahrten-2016\/costa-fortuna-01-2016\/dubai-4\/\" \/>\n<meta property=\"og:site_name\" content=\"Lindenhausen-weil Reisen Spa\u00df macht\" \/>\n<meta property=\"article:publisher\" content=\"http:\/\/www.facebook.com\/Lindenhausen\/\" \/>\n<meta property=\"article:modified_time\" content=\"2019-10-09T09:10:06+00:00\" \/>\n<meta property=\"og:image\" content=\"http:\/\/www.lindenhausen.de\/blog\/wp-content\/uploads\/2016\/03\/K800_IMG_7981-e1457805551806-225x300.jpg\" \/>\n<meta name=\"twitter:card\" content=\"summary_large_image\" \/>\n<meta name=\"twitter:site\" content=\"@Maxilinde\" \/>\n<meta name=\"twitter:label1\" content=\"Gesch\u00e4tzte Lesezeit\" \/>\n\t<meta name=\"twitter:data1\" content=\"3\u00a0Minuten\" \/>\n<script type=\"application\/ld+json\" class=\"yoast-schema-graph\">{\"@context\":\"https:\/\/schema.org\",\"@graph\":[{\"@type\":\"WebPage\",\"@id\":\"http:\/\/www.lindenhausen.de\/blog\/reiseberichte-costa\/kreuzfahrten-2016\/costa-fortuna-01-2016\/dubai-4\/\",\"url\":\"http:\/\/www.lindenhausen.de\/blog\/reiseberichte-costa\/kreuzfahrten-2016\/costa-fortuna-01-2016\/dubai-4\/\",\"name\":\"Dubai 4 - Lindenhausen-weil Reisen Spa\u00df macht\",\"isPartOf\":{\"@id\":\"https:\/\/www.lindenhausen.de\/blog\/#website\"},\"datePublished\":\"2016-03-09T21:32:55+00:00\",\"dateModified\":\"2019-10-09T09:10:06+00:00\",\"breadcrumb\":{\"@id\":\"http:\/\/www.lindenhausen.de\/blog\/reiseberichte-costa\/kreuzfahrten-2016\/costa-fortuna-01-2016\/dubai-4\/#breadcrumb\"},\"inLanguage\":\"de\",\"potentialAction\":[{\"@type\":\"ReadAction\",\"target\":[\"http:\/\/www.lindenhausen.de\/blog\/reiseberichte-costa\/kreuzfahrten-2016\/costa-fortuna-01-2016\/dubai-4\/\"]}]},{\"@type\":\"BreadcrumbList\",\"@id\":\"http:\/\/www.lindenhausen.de\/blog\/reiseberichte-costa\/kreuzfahrten-2016\/costa-fortuna-01-2016\/dubai-4\/#breadcrumb\",\"itemListElement\":[{\"@type\":\"ListItem\",\"position\":1,\"name\":\"Startseite\",\"item\":\"https:\/\/www.lindenhausen.de\/blog\/\"},{\"@type\":\"ListItem\",\"position\":2,\"name\":\"Reiseberichte Costa Kreuzfahrten\",\"item\":\"http:\/\/www.lindenhausen.de\/blog\/reiseberichte-costa\/\"},{\"@type\":\"ListItem\",\"position\":3,\"name\":\"Kreuzfahrten 2016\",\"item\":\"https:\/\/www.lindenhausen.de\/blog\/reiseberichte-costa\/kreuzfahrten-2016\/\"},{\"@type\":\"ListItem\",\"position\":4,\"name\":\"Costa Fortuna 01.2016\",\"item\":\"https:\/\/www.lindenhausen.de\/blog\/reiseberichte-costa\/kreuzfahrten-2016\/costa-fortuna-01-2016\/\"},{\"@type\":\"ListItem\",\"position\":5,\"name\":\"Dubai 4\"}]},{\"@type\":\"WebSite\",\"@id\":\"https:\/\/www.lindenhausen.de\/blog\/#website\",\"url\":\"https:\/\/www.lindenhausen.de\/blog\/\",\"name\":\"Lindenhausen-weil Reisen Spa\u00df macht\",\"description\":\"Reisen und Kreuzfahrten, Reiseberichte, Kreuzfahrtforum\",\"potentialAction\":[{\"@type\":\"SearchAction\",\"target\":{\"@type\":\"EntryPoint\",\"urlTemplate\":\"https:\/\/www.lindenhausen.de\/blog\/?s={search_term_string}\"},\"query-input\":\"required name=search_term_string\"}],\"inLanguage\":\"de\"}]}<\/script>\n<!-- \/ Yoast SEO plugin. -->","yoast_head_json":{"title":"Dubai 4 - Lindenhausen-weil Reisen Spa\u00df macht","robots":{"index":"index","follow":"follow","max-snippet":"max-snippet:-1","max-image-preview":"max-image-preview:large","max-video-preview":"max-video-preview:-1"},"canonical":"http:\/\/www.lindenhausen.de\/blog\/reiseberichte-costa\/kreuzfahrten-2016\/costa-fortuna-01-2016\/dubai-4\/","og_locale":"de_DE","og_type":"article","og_title":"Dubai 4 - Lindenhausen-weil Reisen Spa\u00df macht","og_description":"Freitag 15.01.2016 Unser Dubai-Tag \ud83d\ude42 F\u00fcr 11:00 Uhr hatten wir Tickets f\u00fcr den Burj Khalifa bestellt. Also konnten wir gem\u00fctlich und in Ruhe fr\u00fchst\u00fccken, hatten noch Zeit die Regensburger Freunde zu verabschieden und nahmen dann ein Taxi zur Dubai Mall. Hier hatten wir gen\u00fcgend Zeit die Tickets am Automaten abzuholen und uns ein wenig umzuschauen. &hellip; Dubai 4 weiterlesen &rarr;","og_url":"http:\/\/www.lindenhausen.de\/blog\/reiseberichte-costa\/kreuzfahrten-2016\/costa-fortuna-01-2016\/dubai-4\/","og_site_name":"Lindenhausen-weil Reisen Spa\u00df macht","article_publisher":"http:\/\/www.facebook.com\/Lindenhausen\/","article_modified_time":"2019-10-09T09:10:06+00:00","og_image":[{"url":"http:\/\/www.lindenhausen.de\/blog\/wp-content\/uploads\/2016\/03\/K800_IMG_7981-e1457805551806-225x300.jpg"}],"twitter_card":"summary_large_image","twitter_site":"@Maxilinde","twitter_misc":{"Gesch\u00e4tzte Lesezeit":"3\u00a0Minuten"},"schema":{"@context":"https:\/\/schema.org","@graph":[{"@type":"WebPage","@id":"http:\/\/www.lindenhausen.de\/blog\/reiseberichte-costa\/kreuzfahrten-2016\/costa-fortuna-01-2016\/dubai-4\/","url":"http:\/\/www.lindenhausen.de\/blog\/reiseberichte-costa\/kreuzfahrten-2016\/costa-fortuna-01-2016\/dubai-4\/","name":"Dubai 4 - Lindenhausen-weil Reisen Spa\u00df macht","isPartOf":{"@id":"https:\/\/www.lindenhausen.de\/blog\/#website"},"datePublished":"2016-03-09T21:32:55+00:00","dateModified":"2019-10-09T09:10:06+00:00","breadcrumb":{"@id":"http:\/\/www.lindenhausen.de\/blog\/reiseberichte-costa\/kreuzfahrten-2016\/costa-fortuna-01-2016\/dubai-4\/#breadcrumb"},"inLanguage":"de","potentialAction":[{"@type":"ReadAction","target":["http:\/\/www.lindenhausen.de\/blog\/reiseberichte-costa\/kreuzfahrten-2016\/costa-fortuna-01-2016\/dubai-4\/"]}]},{"@type":"BreadcrumbList","@id":"http:\/\/www.lindenhausen.de\/blog\/reiseberichte-costa\/kreuzfahrten-2016\/costa-fortuna-01-2016\/dubai-4\/#breadcrumb","itemListElement":[{"@type":"ListItem","position":1,"name":"Startseite","item":"https:\/\/www.lindenhausen.de\/blog\/"},{"@type":"ListItem","position":2,"name":"Reiseberichte Costa Kreuzfahrten","item":"http:\/\/www.lindenhausen.de\/blog\/reiseberichte-costa\/"},{"@type":"ListItem","position":3,"name":"Kreuzfahrten 2016","item":"https:\/\/www.lindenhausen.de\/blog\/reiseberichte-costa\/kreuzfahrten-2016\/"},{"@type":"ListItem","position":4,"name":"Costa Fortuna 01.2016","item":"https:\/\/www.lindenhausen.de\/blog\/reiseberichte-costa\/kreuzfahrten-2016\/costa-fortuna-01-2016\/"},{"@type":"ListItem","position":5,"name":"Dubai 4"}]},{"@type":"WebSite","@id":"https:\/\/www.lindenhausen.de\/blog\/#website","url":"https:\/\/www.lindenhausen.de\/blog\/","name":"Lindenhausen-weil Reisen Spa\u00df macht","description":"Reisen und Kreuzfahrten, Reiseberichte, Kreuzfahrtforum","potentialAction":[{"@type":"SearchAction","target":{"@type":"EntryPoint","urlTemplate":"https:\/\/www.lindenhausen.de\/blog\/?s={search_term_string}"},"query-input":"required name=search_term_string"}],"inLanguage":"de"}]}},"_links":{"self":[{"href":"http:\/\/www.lindenhausen.de\/blog\/wp-json\/wp\/v2\/pages\/1625"}],"collection":[{"href":"http:\/\/www.lindenhausen.de\/blog\/wp-json\/wp\/v2\/pages"}],"about":[{"href":"http:\/\/www.lindenhausen.de\/blog\/wp-json\/wp\/v2\/types\/page"}],"author":[{"embeddable":true,"href":"http:\/\/www.lindenhausen.de\/blog\/wp-json\/wp\/v2\/users\/1"}],"replies":[{"embeddable":true,"href":"http:\/\/www.lindenhausen.de\/blog\/wp-json\/wp\/v2\/comments?post=1625"}],"version-history":[{"count":6,"href":"http:\/\/www.lindenhausen.de\/blog\/wp-json\/wp\/v2\/pages\/1625\/revisions"}],"predecessor-version":[{"id":4459,"href":"http:\/\/www.lindenhausen.de\/blog\/wp-json\/wp\/v2\/pages\/1625\/revisions\/4459"}],"up":[{"embeddable":true,"href":"http:\/\/www.lindenhausen.de\/blog\/wp-json\/wp\/v2\/pages\/1605"}],"wp:attachment":[{"href":"http:\/\/www.lindenhausen.de\/blog\/wp-json\/wp\/v2\/media?parent=1625"}],"curies":[{"name":"wp","href":"https:\/\/api.w.org\/{rel}","templated":true}]}}