{"id":1618,"date":"2016-03-09T22:24:09","date_gmt":"2016-03-09T21:24:09","guid":{"rendered":"http:\/\/www.lindenhausen.de\/blog\/?page_id=1618"},"modified":"2017-09-15T21:55:52","modified_gmt":"2017-09-15T19:55:52","slug":"khasab","status":"publish","type":"page","link":"http:\/\/www.lindenhausen.de\/blog\/reiseberichte-costa\/kreuzfahrten-2016\/costa-fortuna-01-2016\/khasab\/","title":{"rendered":"Khasab"},"content":{"rendered":"<p>Dienstag 12.01.2016<br \/>\nSicherheit ist ein gro\u00dfes Thema, auch hier auf der Fortuna-und so gab es auf dem Promenadendeck Nachtwachen um zu verhindern dass jemand unbefugt an Bord kommt. Weniger wohl aus Angst vor Anschl\u00e4gen als vor Piraten. Gerade die Stra\u00dfe vom Hormus ist ja da ein recht unsicheres Gebiet und so werden verschiedene Ma\u00dfnahmen ergriffen um \u00dcbergriffe zu verhindern.<br \/>\nDennoch gab es f\u00fcr uns keine gesperrten Bereiche oder Einschr\u00e4nkungen.<\/p>\n<p><a href=\"http:\/\/www.lindenhausen.de\/blog\/wp-content\/uploads\/2016\/03\/IMG_7832.jpg\"><img decoding=\"async\" loading=\"lazy\" class=\"aligncenter size-medium wp-image-2038\" src=\"http:\/\/www.lindenhausen.de\/blog\/wp-content\/uploads\/2016\/03\/IMG_7832-225x300.jpg\" alt=\"IMG_7832\" width=\"225\" height=\"300\" srcset=\"http:\/\/www.lindenhausen.de\/blog\/wp-content\/uploads\/2016\/03\/IMG_7832-225x300.jpg 225w, http:\/\/www.lindenhausen.de\/blog\/wp-content\/uploads\/2016\/03\/IMG_7832.jpg 700w\" sizes=\"(max-width: 225px) 100vw, 225px\" \/><\/a><\/p>\n<p>Khasab, die Landschaft noch karger, baumloser. Da die Splendor of the Seas im Hafen lag durften wir tendern, ich finde das klasse.<br \/>\nW\u00e4hrend dem Fr\u00fchst\u00fcck beobachteten wir die ersten Tenderboote die die fr\u00fchen Ausfl\u00fcgler an Land brachten. Wir konnten dann auch ohne Wartezeit von Bord gehen. Die See war ruhig, da war das tendern vor Capri deutlich abenteuerlicher.<br \/>\nMusadam geh\u00f6rt zum Sultanat Oman aber niemand wollte hier eine Landungskarte oder \u00fcberhaupt die Bordkarte beim Betreten und Verlassen des Hafens sehen.<br \/>\nEs gab einen kostenlosen Shuttle in den kleinen Ort, aber das sollte uns erst n\u00e4chste Woche interessieren.<br \/>\nWir wollten mit einer kleinen Dhau den Chaur-asch-Scham-Fjord erkunden und nach Delfinen Ausschau halten.<br \/>\nGen\u00fcgend Anbieter standen direkt am Hafenausgang, Preis bei allen gleich: 30\u20ac inclusive alkoholfreie Getr\u00e4nke und Obst.<br \/>\nEin Kleinbus brachte die Passagiere zu einem kleinen Hafen in dem die Dhaus vor Anker lagen.<br \/>\nWir machten es uns am Oberdeck gem\u00fctlich, gesch\u00fctzt von einem Sonnensegel lie\u00df es sich hier gut aushalten.<br \/>\nDann ging es erst an der K\u00fcste entlang, was uns auch ein paar sch\u00f6ne Blicke auf die Fortuna bescherte.<br \/>\nAls die Dhau in den Fjord einbog bot sich uns eine wunderbare Landschaft, tiefblaues Wasser stand im Kontrast mit den schroffen graubraunen Felsen.<br \/>\nDie Boote stoppten und dann sahen wir tats\u00e4chlich Delfine, ganz nahe tauchten sie auf.<br \/>\nDie Fahrt ging weiter zu einer kleinen Insel (Telegraph Island) wo ein Badestopp eingelegt wurde.<br \/>\nHandt\u00fccher und Schnorchelausr\u00fcstung wurden vom Veranstalter zur Verf\u00fcgung gestellt.<br \/>\nGanz relaxt ging es nun zur\u00fcck nach Khasab wo wir in der N\u00e4he des Tenderpiers abgesetzt wurden.<br \/>\n3 Stunden die sich gelohnt haben.<\/p>\n<p><a href=\"http:\/\/www.lindenhausen.de\/blog\/wp-content\/uploads\/2016\/03\/K800_IMG_7809-e1457806233547.jpg\"><img decoding=\"async\" loading=\"lazy\" class=\"aligncenter size-medium wp-image-1994\" src=\"http:\/\/www.lindenhausen.de\/blog\/wp-content\/uploads\/2016\/03\/K800_IMG_7809-e1457806233547-225x300.jpg\" alt=\"Khasab\" width=\"225\" height=\"300\" srcset=\"http:\/\/www.lindenhausen.de\/blog\/wp-content\/uploads\/2016\/03\/K800_IMG_7809-e1457806233547-225x300.jpg 225w, http:\/\/www.lindenhausen.de\/blog\/wp-content\/uploads\/2016\/03\/K800_IMG_7809-e1457806233547.jpg 600w\" sizes=\"(max-width: 225px) 100vw, 225px\" \/><\/a> <a href=\"http:\/\/www.lindenhausen.de\/blog\/wp-content\/uploads\/2016\/03\/K800_DSC_0445.jpg\"><img decoding=\"async\" loading=\"lazy\" class=\"aligncenter size-medium wp-image-1843\" src=\"http:\/\/www.lindenhausen.de\/blog\/wp-content\/uploads\/2016\/03\/K800_DSC_0445-300x199.jpg\" alt=\"Khasab\" width=\"300\" height=\"199\" srcset=\"http:\/\/www.lindenhausen.de\/blog\/wp-content\/uploads\/2016\/03\/K800_DSC_0445-300x199.jpg 300w, http:\/\/www.lindenhausen.de\/blog\/wp-content\/uploads\/2016\/03\/K800_DSC_0445.jpg 906w\" sizes=\"(max-width: 300px) 100vw, 300px\" \/><\/a> <a href=\"http:\/\/www.lindenhausen.de\/blog\/wp-content\/uploads\/2016\/03\/K800_DSC_0453.jpg\"><img decoding=\"async\" loading=\"lazy\" class=\"aligncenter size-medium wp-image-1845\" src=\"http:\/\/www.lindenhausen.de\/blog\/wp-content\/uploads\/2016\/03\/K800_DSC_0453-300x199.jpg\" alt=\"Khasab\" width=\"300\" height=\"199\" srcset=\"http:\/\/www.lindenhausen.de\/blog\/wp-content\/uploads\/2016\/03\/K800_DSC_0453-300x199.jpg 300w, http:\/\/www.lindenhausen.de\/blog\/wp-content\/uploads\/2016\/03\/K800_DSC_0453.jpg 906w\" sizes=\"(max-width: 300px) 100vw, 300px\" \/><\/a> <a href=\"http:\/\/www.lindenhausen.de\/blog\/wp-content\/uploads\/2016\/03\/K800_DSC_0415.jpg\"><img decoding=\"async\" loading=\"lazy\" class=\"aligncenter size-medium wp-image-1831\" src=\"http:\/\/www.lindenhausen.de\/blog\/wp-content\/uploads\/2016\/03\/K800_DSC_0415-300x199.jpg\" alt=\"Khasab\" width=\"300\" height=\"199\" srcset=\"http:\/\/www.lindenhausen.de\/blog\/wp-content\/uploads\/2016\/03\/K800_DSC_0415-300x199.jpg 300w, http:\/\/www.lindenhausen.de\/blog\/wp-content\/uploads\/2016\/03\/K800_DSC_0415.jpg 906w\" sizes=\"(max-width: 300px) 100vw, 300px\" \/><\/a> <a href=\"http:\/\/www.lindenhausen.de\/blog\/wp-content\/uploads\/2016\/03\/K800_DSC_04111.jpg\"><img decoding=\"async\" loading=\"lazy\" class=\"aligncenter size-medium wp-image-1828\" src=\"http:\/\/www.lindenhausen.de\/blog\/wp-content\/uploads\/2016\/03\/K800_DSC_04111-300x199.jpg\" alt=\"Khasab\" width=\"300\" height=\"199\" srcset=\"http:\/\/www.lindenhausen.de\/blog\/wp-content\/uploads\/2016\/03\/K800_DSC_04111-300x199.jpg 300w, http:\/\/www.lindenhausen.de\/blog\/wp-content\/uploads\/2016\/03\/K800_DSC_04111.jpg 906w\" sizes=\"(max-width: 300px) 100vw, 300px\" \/><\/a> <a href=\"http:\/\/www.lindenhausen.de\/blog\/wp-content\/uploads\/2016\/03\/K800_DSC_04021.jpg\"><img decoding=\"async\" loading=\"lazy\" class=\"aligncenter size-medium wp-image-1826\" src=\"http:\/\/www.lindenhausen.de\/blog\/wp-content\/uploads\/2016\/03\/K800_DSC_04021-300x199.jpg\" alt=\"Splendor of the Seas\" width=\"300\" height=\"199\" srcset=\"http:\/\/www.lindenhausen.de\/blog\/wp-content\/uploads\/2016\/03\/K800_DSC_04021-300x199.jpg 300w, http:\/\/www.lindenhausen.de\/blog\/wp-content\/uploads\/2016\/03\/K800_DSC_04021.jpg 906w\" sizes=\"(max-width: 300px) 100vw, 300px\" \/><\/a> <a href=\"http:\/\/www.lindenhausen.de\/blog\/wp-content\/uploads\/2016\/03\/K800_DSC_0284.jpg\"><img decoding=\"async\" loading=\"lazy\" class=\"aligncenter size-medium wp-image-1805\" src=\"http:\/\/www.lindenhausen.de\/blog\/wp-content\/uploads\/2016\/03\/K800_DSC_0284-300x199.jpg\" alt=\"Khasab\" width=\"300\" height=\"199\" srcset=\"http:\/\/www.lindenhausen.de\/blog\/wp-content\/uploads\/2016\/03\/K800_DSC_0284-300x199.jpg 300w, http:\/\/www.lindenhausen.de\/blog\/wp-content\/uploads\/2016\/03\/K800_DSC_0284.jpg 906w\" sizes=\"(max-width: 300px) 100vw, 300px\" \/><\/a><br \/>\nMit dem Tenderboot ging die Fahrt zur\u00fcck auf die Costa Fortuna.<br \/>\nDa es schon sp\u00e4t war beschlossen wir einen Versuch am B\u00fcffet zu wagen.<br \/>\nDie Auswahl reichlich, entspricht in etwa dem was es auch im Servicerestaurant gibt, dazu noch Hamburger und ein paar Spezialit\u00e4ten.<br \/>\nWuselig wie immer und- f\u00fcr mich- das Problem auf der Fortuna, Magica, Serena und Pacifica ist das am Heck der Pool \u00fcberdacht ist, selbst wenn das Dach offen ist, es ist und bleibt eine Schwimmbadatmosph\u00e4re, ich esse lieber ganz drau\u00dfen.<\/p>\n<figure id=\"attachment_1703\" aria-describedby=\"caption-attachment-1703\" style=\"width: 300px\" class=\"wp-caption aligncenter\"><a href=\"http:\/\/www.lindenhausen.de\/blog\/wp-content\/uploads\/2016\/03\/K800_DSC_0373.jpg\"><img decoding=\"async\" loading=\"lazy\" class=\"size-medium wp-image-1703\" src=\"http:\/\/www.lindenhausen.de\/blog\/wp-content\/uploads\/2016\/03\/K800_DSC_0373-300x199.jpg\" alt=\"B\u00fcffet\" width=\"300\" height=\"199\" srcset=\"http:\/\/www.lindenhausen.de\/blog\/wp-content\/uploads\/2016\/03\/K800_DSC_0373-300x199.jpg 300w, http:\/\/www.lindenhausen.de\/blog\/wp-content\/uploads\/2016\/03\/K800_DSC_0373.jpg 906w\" sizes=\"(max-width: 300px) 100vw, 300px\" \/><\/a><figcaption id=\"caption-attachment-1703\" class=\"wp-caption-text\">B\u00fcffet<\/figcaption><\/figure>\n<figure id=\"attachment_1705\" aria-describedby=\"caption-attachment-1705\" style=\"width: 300px\" class=\"wp-caption aligncenter\"><a href=\"http:\/\/www.lindenhausen.de\/blog\/wp-content\/uploads\/2016\/03\/K800_DSC_0374.jpg\"><img decoding=\"async\" loading=\"lazy\" class=\"size-medium wp-image-1705\" src=\"http:\/\/www.lindenhausen.de\/blog\/wp-content\/uploads\/2016\/03\/K800_DSC_0374-300x199.jpg\" alt=\"B\u00fcffet \" width=\"300\" height=\"199\" srcset=\"http:\/\/www.lindenhausen.de\/blog\/wp-content\/uploads\/2016\/03\/K800_DSC_0374-300x199.jpg 300w, http:\/\/www.lindenhausen.de\/blog\/wp-content\/uploads\/2016\/03\/K800_DSC_0374.jpg 906w\" sizes=\"(max-width: 300px) 100vw, 300px\" \/><\/a><figcaption id=\"caption-attachment-1705\" class=\"wp-caption-text\">B\u00fcffet<\/figcaption><\/figure>\n<p><a href=\"http:\/\/www.lindenhausen.de\/blog\/wp-content\/uploads\/2016\/03\/K800_DSC_0376-e1457765841411.jpg\"><img decoding=\"async\" loading=\"lazy\" class=\"aligncenter size-medium wp-image-1709\" src=\"http:\/\/www.lindenhausen.de\/blog\/wp-content\/uploads\/2016\/03\/K800_DSC_0376-e1457765841411-199x300.jpg\" alt=\"B\u00fcffet1\" width=\"199\" height=\"300\" srcset=\"http:\/\/www.lindenhausen.de\/blog\/wp-content\/uploads\/2016\/03\/K800_DSC_0376-e1457765841411-199x300.jpg 199w, http:\/\/www.lindenhausen.de\/blog\/wp-content\/uploads\/2016\/03\/K800_DSC_0376-e1457765841411.jpg 600w\" sizes=\"(max-width: 199px) 100vw, 199px\" \/><\/a> <a href=\"http:\/\/www.lindenhausen.de\/blog\/wp-content\/uploads\/2016\/03\/K800_DSC_0375.jpg\"><img decoding=\"async\" loading=\"lazy\" class=\"aligncenter size-medium wp-image-1707\" src=\"http:\/\/www.lindenhausen.de\/blog\/wp-content\/uploads\/2016\/03\/K800_DSC_0375-300x199.jpg\" alt=\"B\u00fcffet2\" width=\"300\" height=\"199\" srcset=\"http:\/\/www.lindenhausen.de\/blog\/wp-content\/uploads\/2016\/03\/K800_DSC_0375-300x199.jpg 300w, http:\/\/www.lindenhausen.de\/blog\/wp-content\/uploads\/2016\/03\/K800_DSC_0375.jpg 906w\" sizes=\"(max-width: 300px) 100vw, 300px\" \/><\/a><br \/>\nWir suchten freie Liegen, auf die Idee kamen aber auch viele andere G\u00e4ste, aber wir wurden dann f\u00fcndig und so stand einem sp\u00e4ten Mittagsschl\u00e4fchen nichts im Weg.<br \/>\nF\u00fcr 20:00 Uhr hatten wir einen Tisch im Clubrestaurant reserviert,<br \/>\nDort herrscht eine ruhige Atmosph\u00e4re, wir bekamen wie gew\u00fcnscht einen Fensterplatz.<br \/>\nMein Men\u00fc war schnell zusammengestellt: C\u00e4sars Salat mit Hummer, Riesengarnelen und als Dessert einen Mix aus allen Desserts die angeboten wurden, nat\u00fcrlich in klein-f\u00fcr mich dennoch zu m\u00e4chtig.<\/p>\n<p><a href=\"http:\/\/www.lindenhausen.de\/blog\/wp-content\/uploads\/2016\/03\/K800_DSC_0489.jpg\"><img decoding=\"async\" loading=\"lazy\" class=\"aligncenter size-medium wp-image-1853\" src=\"http:\/\/www.lindenhausen.de\/blog\/wp-content\/uploads\/2016\/03\/K800_DSC_0489-300x199.jpg\" alt=\"Vorspeise\" width=\"300\" height=\"199\" srcset=\"http:\/\/www.lindenhausen.de\/blog\/wp-content\/uploads\/2016\/03\/K800_DSC_0489-300x199.jpg 300w, http:\/\/www.lindenhausen.de\/blog\/wp-content\/uploads\/2016\/03\/K800_DSC_0489.jpg 906w\" sizes=\"(max-width: 300px) 100vw, 300px\" \/><\/a> <a href=\"http:\/\/www.lindenhausen.de\/blog\/wp-content\/uploads\/2016\/03\/K800_DSC_0490.jpg\"><img decoding=\"async\" loading=\"lazy\" class=\"aligncenter size-medium wp-image-1854\" src=\"http:\/\/www.lindenhausen.de\/blog\/wp-content\/uploads\/2016\/03\/K800_DSC_0490-300x199.jpg\" alt=\"Zwischengericht\" width=\"300\" height=\"199\" srcset=\"http:\/\/www.lindenhausen.de\/blog\/wp-content\/uploads\/2016\/03\/K800_DSC_0490-300x199.jpg 300w, http:\/\/www.lindenhausen.de\/blog\/wp-content\/uploads\/2016\/03\/K800_DSC_0490.jpg 906w\" sizes=\"(max-width: 300px) 100vw, 300px\" \/><\/a> <a href=\"http:\/\/www.lindenhausen.de\/blog\/wp-content\/uploads\/2016\/03\/K800_DSC_0492.jpg\"><img decoding=\"async\" loading=\"lazy\" class=\"aligncenter size-medium wp-image-1855\" src=\"http:\/\/www.lindenhausen.de\/blog\/wp-content\/uploads\/2016\/03\/K800_DSC_0492-300x199.jpg\" alt=\"Hauptgang\" width=\"300\" height=\"199\" srcset=\"http:\/\/www.lindenhausen.de\/blog\/wp-content\/uploads\/2016\/03\/K800_DSC_0492-300x199.jpg 300w, http:\/\/www.lindenhausen.de\/blog\/wp-content\/uploads\/2016\/03\/K800_DSC_0492.jpg 906w\" sizes=\"(max-width: 300px) 100vw, 300px\" \/><\/a> <a href=\"http:\/\/www.lindenhausen.de\/blog\/wp-content\/uploads\/2016\/03\/K800_DSC_0493.jpg\"><img decoding=\"async\" loading=\"lazy\" class=\"aligncenter size-medium wp-image-1856\" src=\"http:\/\/www.lindenhausen.de\/blog\/wp-content\/uploads\/2016\/03\/K800_DSC_0493-300x199.jpg\" alt=\"Dessert\" width=\"300\" height=\"199\" srcset=\"http:\/\/www.lindenhausen.de\/blog\/wp-content\/uploads\/2016\/03\/K800_DSC_0493-300x199.jpg 300w, http:\/\/www.lindenhausen.de\/blog\/wp-content\/uploads\/2016\/03\/K800_DSC_0493.jpg 906w\" sizes=\"(max-width: 300px) 100vw, 300px\" \/><\/a><br \/>\nDann noch ein Abstecher ins Atrium, wo heute Maskerade als Thema angesagt war.<br \/>\nAuf der Kabine erwartete uns ein neuer Mitbewohner.<\/p>\n<p><a href=\"http:\/\/www.lindenhausen.de\/blog\/wp-content\/uploads\/2016\/03\/K800_DSC_0504.jpg\"><img decoding=\"async\" loading=\"lazy\" class=\"aligncenter size-medium wp-image-1861\" src=\"http:\/\/www.lindenhausen.de\/blog\/wp-content\/uploads\/2016\/03\/K800_DSC_0504-300x199.jpg\" alt=\"Mitbewohner\" width=\"300\" height=\"199\" srcset=\"http:\/\/www.lindenhausen.de\/blog\/wp-content\/uploads\/2016\/03\/K800_DSC_0504-300x199.jpg 300w, http:\/\/www.lindenhausen.de\/blog\/wp-content\/uploads\/2016\/03\/K800_DSC_0504.jpg 906w\" sizes=\"(max-width: 300px) 100vw, 300px\" \/><\/a><\/p>\n<p><a title=\"Abu Dhabi\" href=\"http:\/\/www.lindenhausen.de\/blog\/reiseberichte-costa\/kreuzfahrten-2016\/costa-fortuna-01-2016\/abu-dhabi\/\">Abu Dhabi<\/a><\/p>\n","protected":false},"excerpt":{"rendered":"<p>Dienstag 12.01.2016 Sicherheit ist ein gro\u00dfes Thema, auch hier auf der Fortuna-und so gab es auf dem Promenadendeck Nachtwachen um zu verhindern dass jemand unbefugt an Bord kommt. Weniger wohl aus Angst vor Anschl\u00e4gen als vor Piraten. Gerade die Stra\u00dfe vom Hormus ist ja da ein recht unsicheres Gebiet und so werden verschiedene Ma\u00dfnahmen ergriffen &hellip; <a href=\"http:\/\/www.lindenhausen.de\/blog\/reiseberichte-costa\/kreuzfahrten-2016\/costa-fortuna-01-2016\/khasab\/\" class=\"more-link\"><span class=\"screen-reader-text\">Khasab<\/span> weiterlesen <span class=\"meta-nav\">&rarr;<\/span><\/a><\/p>\n","protected":false},"author":1,"featured_media":0,"parent":1605,"menu_order":5,"comment_status":"open","ping_status":"open","template":"","meta":{"_monsterinsights_skip_tracking":false,"_monsterinsights_sitenote_active":false,"_monsterinsights_sitenote_note":"","_monsterinsights_sitenote_category":0},"yoast_head":"<!-- This site is optimized with the Yoast SEO plugin v21.0 - https:\/\/yoast.com\/wordpress\/plugins\/seo\/ -->\n<title>Khasab - Lindenhausen-weil Reisen Spa\u00df macht<\/title>\n<meta name=\"robots\" content=\"index, follow, max-snippet:-1, max-image-preview:large, max-video-preview:-1\" \/>\n<link rel=\"canonical\" href=\"http:\/\/www.lindenhausen.de\/blog\/reiseberichte-costa\/kreuzfahrten-2016\/costa-fortuna-01-2016\/khasab\/\" \/>\n<meta property=\"og:locale\" content=\"de_DE\" \/>\n<meta property=\"og:type\" content=\"article\" \/>\n<meta property=\"og:title\" content=\"Khasab - Lindenhausen-weil Reisen Spa\u00df macht\" \/>\n<meta property=\"og:description\" content=\"Dienstag 12.01.2016 Sicherheit ist ein gro\u00dfes Thema, auch hier auf der Fortuna-und so gab es auf dem Promenadendeck Nachtwachen um zu verhindern dass jemand unbefugt an Bord kommt. Weniger wohl aus Angst vor Anschl\u00e4gen als vor Piraten. Gerade die Stra\u00dfe vom Hormus ist ja da ein recht unsicheres Gebiet und so werden verschiedene Ma\u00dfnahmen ergriffen &hellip; Khasab weiterlesen &rarr;\" \/>\n<meta property=\"og:url\" content=\"http:\/\/www.lindenhausen.de\/blog\/reiseberichte-costa\/kreuzfahrten-2016\/costa-fortuna-01-2016\/khasab\/\" \/>\n<meta property=\"og:site_name\" content=\"Lindenhausen-weil Reisen Spa\u00df macht\" \/>\n<meta property=\"article:publisher\" content=\"http:\/\/www.facebook.com\/Lindenhausen\/\" \/>\n<meta property=\"article:modified_time\" content=\"2017-09-15T19:55:52+00:00\" \/>\n<meta property=\"og:image\" content=\"http:\/\/www.lindenhausen.de\/blog\/wp-content\/uploads\/2016\/03\/IMG_7832-225x300.jpg\" \/>\n<meta name=\"twitter:card\" content=\"summary_large_image\" \/>\n<meta name=\"twitter:site\" content=\"@Maxilinde\" \/>\n<meta name=\"twitter:label1\" content=\"Gesch\u00e4tzte Lesezeit\" \/>\n\t<meta name=\"twitter:data1\" content=\"3\u00a0Minuten\" \/>\n<script type=\"application\/ld+json\" class=\"yoast-schema-graph\">{\"@context\":\"https:\/\/schema.org\",\"@graph\":[{\"@type\":\"WebPage\",\"@id\":\"http:\/\/www.lindenhausen.de\/blog\/reiseberichte-costa\/kreuzfahrten-2016\/costa-fortuna-01-2016\/khasab\/\",\"url\":\"http:\/\/www.lindenhausen.de\/blog\/reiseberichte-costa\/kreuzfahrten-2016\/costa-fortuna-01-2016\/khasab\/\",\"name\":\"Khasab - Lindenhausen-weil Reisen Spa\u00df macht\",\"isPartOf\":{\"@id\":\"http:\/\/www.lindenhausen.de\/blog\/#website\"},\"datePublished\":\"2016-03-09T21:24:09+00:00\",\"dateModified\":\"2017-09-15T19:55:52+00:00\",\"breadcrumb\":{\"@id\":\"http:\/\/www.lindenhausen.de\/blog\/reiseberichte-costa\/kreuzfahrten-2016\/costa-fortuna-01-2016\/khasab\/#breadcrumb\"},\"inLanguage\":\"de\",\"potentialAction\":[{\"@type\":\"ReadAction\",\"target\":[\"http:\/\/www.lindenhausen.de\/blog\/reiseberichte-costa\/kreuzfahrten-2016\/costa-fortuna-01-2016\/khasab\/\"]}]},{\"@type\":\"BreadcrumbList\",\"@id\":\"http:\/\/www.lindenhausen.de\/blog\/reiseberichte-costa\/kreuzfahrten-2016\/costa-fortuna-01-2016\/khasab\/#breadcrumb\",\"itemListElement\":[{\"@type\":\"ListItem\",\"position\":1,\"name\":\"Startseite\",\"item\":\"http:\/\/www.lindenhausen.de\/blog\/\"},{\"@type\":\"ListItem\",\"position\":2,\"name\":\"Reiseberichte Costa Kreuzfahrten\",\"item\":\"https:\/\/www.lindenhausen.de\/blog\/reiseberichte-costa\/\"},{\"@type\":\"ListItem\",\"position\":3,\"name\":\"Kreuzfahrten 2016\",\"item\":\"https:\/\/www.lindenhausen.de\/blog\/reiseberichte-costa\/kreuzfahrten-2016\/\"},{\"@type\":\"ListItem\",\"position\":4,\"name\":\"Costa Fortuna 01.2016\",\"item\":\"https:\/\/www.lindenhausen.de\/blog\/reiseberichte-costa\/kreuzfahrten-2016\/costa-fortuna-01-2016\/\"},{\"@type\":\"ListItem\",\"position\":5,\"name\":\"Khasab\"}]},{\"@type\":\"WebSite\",\"@id\":\"http:\/\/www.lindenhausen.de\/blog\/#website\",\"url\":\"http:\/\/www.lindenhausen.de\/blog\/\",\"name\":\"Lindenhausen-weil Reisen Spa\u00df macht\",\"description\":\"Reisen und Kreuzfahrten, Reiseberichte, Kreuzfahrtforum\",\"potentialAction\":[{\"@type\":\"SearchAction\",\"target\":{\"@type\":\"EntryPoint\",\"urlTemplate\":\"http:\/\/www.lindenhausen.de\/blog\/?s={search_term_string}\"},\"query-input\":\"required name=search_term_string\"}],\"inLanguage\":\"de\"}]}<\/script>\n<!-- \/ Yoast SEO plugin. -->","yoast_head_json":{"title":"Khasab - Lindenhausen-weil Reisen Spa\u00df macht","robots":{"index":"index","follow":"follow","max-snippet":"max-snippet:-1","max-image-preview":"max-image-preview:large","max-video-preview":"max-video-preview:-1"},"canonical":"http:\/\/www.lindenhausen.de\/blog\/reiseberichte-costa\/kreuzfahrten-2016\/costa-fortuna-01-2016\/khasab\/","og_locale":"de_DE","og_type":"article","og_title":"Khasab - Lindenhausen-weil Reisen Spa\u00df macht","og_description":"Dienstag 12.01.2016 Sicherheit ist ein gro\u00dfes Thema, auch hier auf der Fortuna-und so gab es auf dem Promenadendeck Nachtwachen um zu verhindern dass jemand unbefugt an Bord kommt. Weniger wohl aus Angst vor Anschl\u00e4gen als vor Piraten. Gerade die Stra\u00dfe vom Hormus ist ja da ein recht unsicheres Gebiet und so werden verschiedene Ma\u00dfnahmen ergriffen &hellip; Khasab weiterlesen &rarr;","og_url":"http:\/\/www.lindenhausen.de\/blog\/reiseberichte-costa\/kreuzfahrten-2016\/costa-fortuna-01-2016\/khasab\/","og_site_name":"Lindenhausen-weil Reisen Spa\u00df macht","article_publisher":"http:\/\/www.facebook.com\/Lindenhausen\/","article_modified_time":"2017-09-15T19:55:52+00:00","og_image":[{"url":"http:\/\/www.lindenhausen.de\/blog\/wp-content\/uploads\/2016\/03\/IMG_7832-225x300.jpg"}],"twitter_card":"summary_large_image","twitter_site":"@Maxilinde","twitter_misc":{"Gesch\u00e4tzte Lesezeit":"3\u00a0Minuten"},"schema":{"@context":"https:\/\/schema.org","@graph":[{"@type":"WebPage","@id":"http:\/\/www.lindenhausen.de\/blog\/reiseberichte-costa\/kreuzfahrten-2016\/costa-fortuna-01-2016\/khasab\/","url":"http:\/\/www.lindenhausen.de\/blog\/reiseberichte-costa\/kreuzfahrten-2016\/costa-fortuna-01-2016\/khasab\/","name":"Khasab - Lindenhausen-weil Reisen Spa\u00df macht","isPartOf":{"@id":"http:\/\/www.lindenhausen.de\/blog\/#website"},"datePublished":"2016-03-09T21:24:09+00:00","dateModified":"2017-09-15T19:55:52+00:00","breadcrumb":{"@id":"http:\/\/www.lindenhausen.de\/blog\/reiseberichte-costa\/kreuzfahrten-2016\/costa-fortuna-01-2016\/khasab\/#breadcrumb"},"inLanguage":"de","potentialAction":[{"@type":"ReadAction","target":["http:\/\/www.lindenhausen.de\/blog\/reiseberichte-costa\/kreuzfahrten-2016\/costa-fortuna-01-2016\/khasab\/"]}]},{"@type":"BreadcrumbList","@id":"http:\/\/www.lindenhausen.de\/blog\/reiseberichte-costa\/kreuzfahrten-2016\/costa-fortuna-01-2016\/khasab\/#breadcrumb","itemListElement":[{"@type":"ListItem","position":1,"name":"Startseite","item":"http:\/\/www.lindenhausen.de\/blog\/"},{"@type":"ListItem","position":2,"name":"Reiseberichte Costa Kreuzfahrten","item":"https:\/\/www.lindenhausen.de\/blog\/reiseberichte-costa\/"},{"@type":"ListItem","position":3,"name":"Kreuzfahrten 2016","item":"https:\/\/www.lindenhausen.de\/blog\/reiseberichte-costa\/kreuzfahrten-2016\/"},{"@type":"ListItem","position":4,"name":"Costa Fortuna 01.2016","item":"https:\/\/www.lindenhausen.de\/blog\/reiseberichte-costa\/kreuzfahrten-2016\/costa-fortuna-01-2016\/"},{"@type":"ListItem","position":5,"name":"Khasab"}]},{"@type":"WebSite","@id":"http:\/\/www.lindenhausen.de\/blog\/#website","url":"http:\/\/www.lindenhausen.de\/blog\/","name":"Lindenhausen-weil Reisen Spa\u00df macht","description":"Reisen und Kreuzfahrten, Reiseberichte, Kreuzfahrtforum","potentialAction":[{"@type":"SearchAction","target":{"@type":"EntryPoint","urlTemplate":"http:\/\/www.lindenhausen.de\/blog\/?s={search_term_string}"},"query-input":"required name=search_term_string"}],"inLanguage":"de"}]}},"_links":{"self":[{"href":"http:\/\/www.lindenhausen.de\/blog\/wp-json\/wp\/v2\/pages\/1618"}],"collection":[{"href":"http:\/\/www.lindenhausen.de\/blog\/wp-json\/wp\/v2\/pages"}],"about":[{"href":"http:\/\/www.lindenhausen.de\/blog\/wp-json\/wp\/v2\/types\/page"}],"author":[{"embeddable":true,"href":"http:\/\/www.lindenhausen.de\/blog\/wp-json\/wp\/v2\/users\/1"}],"replies":[{"embeddable":true,"href":"http:\/\/www.lindenhausen.de\/blog\/wp-json\/wp\/v2\/comments?post=1618"}],"version-history":[{"count":4,"href":"http:\/\/www.lindenhausen.de\/blog\/wp-json\/wp\/v2\/pages\/1618\/revisions"}],"predecessor-version":[{"id":2910,"href":"http:\/\/www.lindenhausen.de\/blog\/wp-json\/wp\/v2\/pages\/1618\/revisions\/2910"}],"up":[{"embeddable":true,"href":"http:\/\/www.lindenhausen.de\/blog\/wp-json\/wp\/v2\/pages\/1605"}],"wp:attachment":[{"href":"http:\/\/www.lindenhausen.de\/blog\/wp-json\/wp\/v2\/media?parent=1618"}],"curies":[{"name":"wp","href":"https:\/\/api.w.org\/{rel}","templated":true}]}}