{"id":1615,"date":"2016-03-09T22:22:04","date_gmt":"2016-03-09T21:22:04","guid":{"rendered":"http:\/\/www.lindenhausen.de\/blog\/?page_id=1615"},"modified":"2017-09-15T21:53:21","modified_gmt":"2017-09-15T19:53:21","slug":"muskat-2","status":"publish","type":"page","link":"http:\/\/www.lindenhausen.de\/blog\/reiseberichte-costa\/kreuzfahrten-2016\/costa-fortuna-01-2016\/muskat-2\/","title":{"rendered":"Maskat 2"},"content":{"rendered":"<p>Montag 11.01.2016<br \/>\nWir lie\u00dfen es ruhig angehen, ausschlafen, kurz am Fr\u00fchst\u00fccksb\u00fcffet vorbeischleichen, Seetag halt. Auch wenn wir erst 13:00 Uhr abfahren sollten, nach dem Stress der letzten Wochen waren wir froh mal ein bissel runter zu kommen.<br \/>\nAlso Liege gesucht, endlich mal mein Buch weitergelesen, gut und gem\u00fctlich im Servicerestaurant Mittag gegessen, den Tango Argentino Kurs und den Salsa Kurs besucht<\/p>\n<p><a href=\"http:\/\/www.lindenhausen.de\/blog\/wp-content\/uploads\/2016\/03\/K800_DSC_0289-2.jpg\"><img decoding=\"async\" loading=\"lazy\" class=\"aligncenter size-medium wp-image-1807\" src=\"http:\/\/www.lindenhausen.de\/blog\/wp-content\/uploads\/2016\/03\/K800_DSC_0289-2-300x199.jpg\" alt=\"Sonne\" width=\"300\" height=\"199\" srcset=\"http:\/\/www.lindenhausen.de\/blog\/wp-content\/uploads\/2016\/03\/K800_DSC_0289-2-300x199.jpg 300w, http:\/\/www.lindenhausen.de\/blog\/wp-content\/uploads\/2016\/03\/K800_DSC_0289-2.jpg 906w\" sizes=\"(max-width: 300px) 100vw, 300px\" \/><\/a> <a href=\"http:\/\/www.lindenhausen.de\/blog\/wp-content\/uploads\/2016\/03\/K800_DSC_0343-2-e1457812684885.jpg\"><img decoding=\"async\" loading=\"lazy\" class=\"aligncenter size-medium wp-image-1817\" src=\"http:\/\/www.lindenhausen.de\/blog\/wp-content\/uploads\/2016\/03\/K800_DSC_0343-2-e1457812684885-199x300.jpg\" alt=\"Pooldeck\" width=\"199\" height=\"300\" srcset=\"http:\/\/www.lindenhausen.de\/blog\/wp-content\/uploads\/2016\/03\/K800_DSC_0343-2-e1457812684885-199x300.jpg 199w, http:\/\/www.lindenhausen.de\/blog\/wp-content\/uploads\/2016\/03\/K800_DSC_0343-2-e1457812684885.jpg 600w\" sizes=\"(max-width: 199px) 100vw, 199px\" \/><\/a><br \/>\nAn Bord war ein Fernsehteam aus China, das eine Reportage \u00fcber das neue Schiff f\u00fcr den chinesischen Markt drehten. Sie waren aber selten zu sehen, das ganze verlief sehr dezent. So war heute Mittag das Essen vom Michelangelo ins Raffaelo verlegt worden damit G\u00e4ste von den Dreharbeiten nicht bel\u00e4stigt wurden.<br \/>\nF\u00fcr uns klasse, kamen wir doch mit einem netten jungen Mann aus S\u00fcdafrika am Tisch zusammen, der in seiner lustigen und verschmitzten Art am Will Smith erinnerte. Wir unterhielten uns ausgezeichnet und wussten wieder warum wir gerne mit einer internationalen Reederei unterwegs sind.<br \/>\nF\u00fcr den Gala-Abend umgezogen, beim Fotografen ein paar Fotos machen lassen, den Club Empfang aufgesucht und nat\u00fcrlich das Abendessen genossen. Danach noch ein paar Runden zum Tanzen und in nullkommanix war auch dieser sch\u00f6ne Tag vorbei.<\/p>\n<p><a title=\"Khasab\" href=\"http:\/\/www.lindenhausen.de\/blog\/reiseberichte-costa\/kreuzfahrten-2016\/costa-fortuna-01-2016\/khasab\/\">Khasab<\/a><\/p>\n","protected":false},"excerpt":{"rendered":"<p>Montag 11.01.2016 Wir lie\u00dfen es ruhig angehen, ausschlafen, kurz am Fr\u00fchst\u00fccksb\u00fcffet vorbeischleichen, Seetag halt. Auch wenn wir erst 13:00 Uhr abfahren sollten, nach dem Stress der letzten Wochen waren wir froh mal ein bissel runter zu kommen. Also Liege gesucht, endlich mal mein Buch weitergelesen, gut und gem\u00fctlich im Servicerestaurant Mittag gegessen, den Tango Argentino &hellip; <a href=\"http:\/\/www.lindenhausen.de\/blog\/reiseberichte-costa\/kreuzfahrten-2016\/costa-fortuna-01-2016\/muskat-2\/\" class=\"more-link\"><span class=\"screen-reader-text\">Maskat 2<\/span> weiterlesen <span class=\"meta-nav\">&rarr;<\/span><\/a><\/p>\n","protected":false},"author":1,"featured_media":0,"parent":1605,"menu_order":4,"comment_status":"open","ping_status":"closed","template":"","meta":{"_monsterinsights_skip_tracking":false,"_monsterinsights_sitenote_active":false,"_monsterinsights_sitenote_note":"","_monsterinsights_sitenote_category":0},"yoast_head":"<!-- This site is optimized with the Yoast SEO plugin v21.0 - https:\/\/yoast.com\/wordpress\/plugins\/seo\/ -->\n<title>Maskat 2 - Lindenhausen-weil Reisen Spa\u00df macht<\/title>\n<meta name=\"robots\" content=\"index, follow, max-snippet:-1, max-image-preview:large, max-video-preview:-1\" \/>\n<link rel=\"canonical\" href=\"http:\/\/www.lindenhausen.de\/blog\/reiseberichte-costa\/kreuzfahrten-2016\/costa-fortuna-01-2016\/muskat-2\/\" \/>\n<meta property=\"og:locale\" content=\"de_DE\" \/>\n<meta property=\"og:type\" content=\"article\" \/>\n<meta property=\"og:title\" content=\"Maskat 2 - Lindenhausen-weil Reisen Spa\u00df macht\" \/>\n<meta property=\"og:description\" content=\"Montag 11.01.2016 Wir lie\u00dfen es ruhig angehen, ausschlafen, kurz am Fr\u00fchst\u00fccksb\u00fcffet vorbeischleichen, Seetag halt. Auch wenn wir erst 13:00 Uhr abfahren sollten, nach dem Stress der letzten Wochen waren wir froh mal ein bissel runter zu kommen. Also Liege gesucht, endlich mal mein Buch weitergelesen, gut und gem\u00fctlich im Servicerestaurant Mittag gegessen, den Tango Argentino &hellip; Maskat 2 weiterlesen &rarr;\" \/>\n<meta property=\"og:url\" content=\"http:\/\/www.lindenhausen.de\/blog\/reiseberichte-costa\/kreuzfahrten-2016\/costa-fortuna-01-2016\/muskat-2\/\" \/>\n<meta property=\"og:site_name\" content=\"Lindenhausen-weil Reisen Spa\u00df macht\" \/>\n<meta property=\"article:publisher\" content=\"http:\/\/www.facebook.com\/Lindenhausen\/\" \/>\n<meta property=\"article:modified_time\" content=\"2017-09-15T19:53:21+00:00\" \/>\n<meta property=\"og:image\" content=\"http:\/\/www.lindenhausen.de\/blog\/wp-content\/uploads\/2016\/03\/K800_DSC_0289-2-300x199.jpg\" \/>\n<meta name=\"twitter:card\" content=\"summary_large_image\" \/>\n<meta name=\"twitter:site\" content=\"@Maxilinde\" \/>\n<meta name=\"twitter:label1\" content=\"Gesch\u00e4tzte Lesezeit\" \/>\n\t<meta name=\"twitter:data1\" content=\"1\u00a0Minute\" \/>\n<script type=\"application\/ld+json\" class=\"yoast-schema-graph\">{\"@context\":\"https:\/\/schema.org\",\"@graph\":[{\"@type\":\"WebPage\",\"@id\":\"http:\/\/www.lindenhausen.de\/blog\/reiseberichte-costa\/kreuzfahrten-2016\/costa-fortuna-01-2016\/muskat-2\/\",\"url\":\"http:\/\/www.lindenhausen.de\/blog\/reiseberichte-costa\/kreuzfahrten-2016\/costa-fortuna-01-2016\/muskat-2\/\",\"name\":\"Maskat 2 - Lindenhausen-weil Reisen Spa\u00df macht\",\"isPartOf\":{\"@id\":\"https:\/\/www.lindenhausen.de\/blog\/#website\"},\"datePublished\":\"2016-03-09T21:22:04+00:00\",\"dateModified\":\"2017-09-15T19:53:21+00:00\",\"breadcrumb\":{\"@id\":\"http:\/\/www.lindenhausen.de\/blog\/reiseberichte-costa\/kreuzfahrten-2016\/costa-fortuna-01-2016\/muskat-2\/#breadcrumb\"},\"inLanguage\":\"de\",\"potentialAction\":[{\"@type\":\"ReadAction\",\"target\":[\"http:\/\/www.lindenhausen.de\/blog\/reiseberichte-costa\/kreuzfahrten-2016\/costa-fortuna-01-2016\/muskat-2\/\"]}]},{\"@type\":\"BreadcrumbList\",\"@id\":\"http:\/\/www.lindenhausen.de\/blog\/reiseberichte-costa\/kreuzfahrten-2016\/costa-fortuna-01-2016\/muskat-2\/#breadcrumb\",\"itemListElement\":[{\"@type\":\"ListItem\",\"position\":1,\"name\":\"Startseite\",\"item\":\"https:\/\/www.lindenhausen.de\/blog\/\"},{\"@type\":\"ListItem\",\"position\":2,\"name\":\"Reiseberichte Costa Kreuzfahrten\",\"item\":\"http:\/\/www.lindenhausen.de\/blog\/reiseberichte-costa\/\"},{\"@type\":\"ListItem\",\"position\":3,\"name\":\"Kreuzfahrten 2016\",\"item\":\"https:\/\/www.lindenhausen.de\/blog\/reiseberichte-costa\/kreuzfahrten-2016\/\"},{\"@type\":\"ListItem\",\"position\":4,\"name\":\"Costa Fortuna 01.2016\",\"item\":\"https:\/\/www.lindenhausen.de\/blog\/reiseberichte-costa\/kreuzfahrten-2016\/costa-fortuna-01-2016\/\"},{\"@type\":\"ListItem\",\"position\":5,\"name\":\"Maskat 2\"}]},{\"@type\":\"WebSite\",\"@id\":\"https:\/\/www.lindenhausen.de\/blog\/#website\",\"url\":\"https:\/\/www.lindenhausen.de\/blog\/\",\"name\":\"Lindenhausen-weil Reisen Spa\u00df macht\",\"description\":\"Reisen und Kreuzfahrten, Reiseberichte, Kreuzfahrtforum\",\"potentialAction\":[{\"@type\":\"SearchAction\",\"target\":{\"@type\":\"EntryPoint\",\"urlTemplate\":\"https:\/\/www.lindenhausen.de\/blog\/?s={search_term_string}\"},\"query-input\":\"required name=search_term_string\"}],\"inLanguage\":\"de\"}]}<\/script>\n<!-- \/ Yoast SEO plugin. -->","yoast_head_json":{"title":"Maskat 2 - Lindenhausen-weil Reisen Spa\u00df macht","robots":{"index":"index","follow":"follow","max-snippet":"max-snippet:-1","max-image-preview":"max-image-preview:large","max-video-preview":"max-video-preview:-1"},"canonical":"http:\/\/www.lindenhausen.de\/blog\/reiseberichte-costa\/kreuzfahrten-2016\/costa-fortuna-01-2016\/muskat-2\/","og_locale":"de_DE","og_type":"article","og_title":"Maskat 2 - Lindenhausen-weil Reisen Spa\u00df macht","og_description":"Montag 11.01.2016 Wir lie\u00dfen es ruhig angehen, ausschlafen, kurz am Fr\u00fchst\u00fccksb\u00fcffet vorbeischleichen, Seetag halt. Auch wenn wir erst 13:00 Uhr abfahren sollten, nach dem Stress der letzten Wochen waren wir froh mal ein bissel runter zu kommen. Also Liege gesucht, endlich mal mein Buch weitergelesen, gut und gem\u00fctlich im Servicerestaurant Mittag gegessen, den Tango Argentino &hellip; Maskat 2 weiterlesen &rarr;","og_url":"http:\/\/www.lindenhausen.de\/blog\/reiseberichte-costa\/kreuzfahrten-2016\/costa-fortuna-01-2016\/muskat-2\/","og_site_name":"Lindenhausen-weil Reisen Spa\u00df macht","article_publisher":"http:\/\/www.facebook.com\/Lindenhausen\/","article_modified_time":"2017-09-15T19:53:21+00:00","og_image":[{"url":"http:\/\/www.lindenhausen.de\/blog\/wp-content\/uploads\/2016\/03\/K800_DSC_0289-2-300x199.jpg"}],"twitter_card":"summary_large_image","twitter_site":"@Maxilinde","twitter_misc":{"Gesch\u00e4tzte Lesezeit":"1\u00a0Minute"},"schema":{"@context":"https:\/\/schema.org","@graph":[{"@type":"WebPage","@id":"http:\/\/www.lindenhausen.de\/blog\/reiseberichte-costa\/kreuzfahrten-2016\/costa-fortuna-01-2016\/muskat-2\/","url":"http:\/\/www.lindenhausen.de\/blog\/reiseberichte-costa\/kreuzfahrten-2016\/costa-fortuna-01-2016\/muskat-2\/","name":"Maskat 2 - Lindenhausen-weil Reisen Spa\u00df macht","isPartOf":{"@id":"https:\/\/www.lindenhausen.de\/blog\/#website"},"datePublished":"2016-03-09T21:22:04+00:00","dateModified":"2017-09-15T19:53:21+00:00","breadcrumb":{"@id":"http:\/\/www.lindenhausen.de\/blog\/reiseberichte-costa\/kreuzfahrten-2016\/costa-fortuna-01-2016\/muskat-2\/#breadcrumb"},"inLanguage":"de","potentialAction":[{"@type":"ReadAction","target":["http:\/\/www.lindenhausen.de\/blog\/reiseberichte-costa\/kreuzfahrten-2016\/costa-fortuna-01-2016\/muskat-2\/"]}]},{"@type":"BreadcrumbList","@id":"http:\/\/www.lindenhausen.de\/blog\/reiseberichte-costa\/kreuzfahrten-2016\/costa-fortuna-01-2016\/muskat-2\/#breadcrumb","itemListElement":[{"@type":"ListItem","position":1,"name":"Startseite","item":"https:\/\/www.lindenhausen.de\/blog\/"},{"@type":"ListItem","position":2,"name":"Reiseberichte Costa Kreuzfahrten","item":"http:\/\/www.lindenhausen.de\/blog\/reiseberichte-costa\/"},{"@type":"ListItem","position":3,"name":"Kreuzfahrten 2016","item":"https:\/\/www.lindenhausen.de\/blog\/reiseberichte-costa\/kreuzfahrten-2016\/"},{"@type":"ListItem","position":4,"name":"Costa Fortuna 01.2016","item":"https:\/\/www.lindenhausen.de\/blog\/reiseberichte-costa\/kreuzfahrten-2016\/costa-fortuna-01-2016\/"},{"@type":"ListItem","position":5,"name":"Maskat 2"}]},{"@type":"WebSite","@id":"https:\/\/www.lindenhausen.de\/blog\/#website","url":"https:\/\/www.lindenhausen.de\/blog\/","name":"Lindenhausen-weil Reisen Spa\u00df macht","description":"Reisen und Kreuzfahrten, Reiseberichte, Kreuzfahrtforum","potentialAction":[{"@type":"SearchAction","target":{"@type":"EntryPoint","urlTemplate":"https:\/\/www.lindenhausen.de\/blog\/?s={search_term_string}"},"query-input":"required name=search_term_string"}],"inLanguage":"de"}]}},"_links":{"self":[{"href":"http:\/\/www.lindenhausen.de\/blog\/wp-json\/wp\/v2\/pages\/1615"}],"collection":[{"href":"http:\/\/www.lindenhausen.de\/blog\/wp-json\/wp\/v2\/pages"}],"about":[{"href":"http:\/\/www.lindenhausen.de\/blog\/wp-json\/wp\/v2\/types\/page"}],"author":[{"embeddable":true,"href":"http:\/\/www.lindenhausen.de\/blog\/wp-json\/wp\/v2\/users\/1"}],"replies":[{"embeddable":true,"href":"http:\/\/www.lindenhausen.de\/blog\/wp-json\/wp\/v2\/comments?post=1615"}],"version-history":[{"count":5,"href":"http:\/\/www.lindenhausen.de\/blog\/wp-json\/wp\/v2\/pages\/1615\/revisions"}],"predecessor-version":[{"id":2909,"href":"http:\/\/www.lindenhausen.de\/blog\/wp-json\/wp\/v2\/pages\/1615\/revisions\/2909"}],"up":[{"embeddable":true,"href":"http:\/\/www.lindenhausen.de\/blog\/wp-json\/wp\/v2\/pages\/1605"}],"wp:attachment":[{"href":"http:\/\/www.lindenhausen.de\/blog\/wp-json\/wp\/v2\/media?parent=1615"}],"curies":[{"name":"wp","href":"https:\/\/api.w.org\/{rel}","templated":true}]}}