{"id":1362,"date":"2015-11-18T22:33:26","date_gmt":"2015-11-18T21:33:26","guid":{"rendered":"http:\/\/www.lindenhausen.de\/blog\/?page_id=1362"},"modified":"2015-11-22T11:16:00","modified_gmt":"2015-11-22T10:16:00","slug":"seetag","status":"publish","type":"page","link":"http:\/\/www.lindenhausen.de\/blog\/reiseberichte-costa\/costa-neoriviera-09-2015\/seetag\/","title":{"rendered":"Seetag"},"content":{"rendered":"<p style=\"text-align: center;\">16.09.<\/p>\n<p style=\"text-align: left;\">Seetag, ein bissel ausschlafen, Fr\u00fchst\u00fccken-leider denn der Brunch musste aufgrund zu weniger Anmeldungen ausfallen. Schade, darauf hatte ich mich besonders gefreut.<br \/>\nAm sp\u00e4ten Vormittag waren wir zur K\u00fcchenf\u00fchrung eingeladen die mich hier auf diesem kleinen Schiff interessierte. Paul, der deutsche Host erwartete uns im Restaurant mit einer \u00dcberraschung. Da hat sich Costa ja nun wirklich etwas einfallen lassen, ich suchte verzweifelt die versteckte Kamera, aber die meinten das ernst und so verkleideten wir uns als OP Team.<\/p>\n<p style=\"text-align: center;\"><a href=\"http:\/\/www.lindenhausen.de\/blog\/wp-content\/uploads\/2015\/10\/K1024_IMG_2757-e1445460613193.jpg\"><img decoding=\"async\" loading=\"lazy\" class=\"aligncenter size-medium wp-image-1360\" src=\"http:\/\/www.lindenhausen.de\/blog\/wp-content\/uploads\/2015\/10\/K1024_IMG_2757-e1445460613193-225x300.jpg\" alt=\"K\u00fcche1\" width=\"225\" height=\"300\" srcset=\"http:\/\/www.lindenhausen.de\/blog\/wp-content\/uploads\/2015\/10\/K1024_IMG_2757-e1445460613193-225x300.jpg 225w, http:\/\/www.lindenhausen.de\/blog\/wp-content\/uploads\/2015\/10\/K1024_IMG_2757-e1445460613193.jpg 768w\" sizes=\"(max-width: 225px) 100vw, 225px\" \/><\/a><\/p>\n<p style=\"text-align: left;\">Paul erkl\u00e4rte das es mehrfach Beschwerden \u00fcber die G\u00e4ste in der K\u00fcche gegeben h\u00e4tte, die ohne Haarnetz und in Stra\u00dfenschuhen da unterwegs sind. Verst\u00e4ndlich aber so \u00fcbertreiben muss man es ja nun auch nicht. Das n\u00e4chste Mal erspare ich mir das und lege einfach mein Gesundheitszeugnis vor \ud83d\ude09<br \/>\nWie erwartet war die K\u00fcche hier um einiges kleiner als auf den gro\u00dfen Schiffen, aber picobello sauber.<\/p>\n<p style=\"text-align: left;\"><a href=\"http:\/\/www.lindenhausen.de\/blog\/wp-content\/uploads\/2015\/10\/K1024_DSC_1801.jpg\"><img decoding=\"async\" loading=\"lazy\" class=\"aligncenter size-medium wp-image-1311\" src=\"http:\/\/www.lindenhausen.de\/blog\/wp-content\/uploads\/2015\/10\/K1024_DSC_1801-300x199.jpg\" alt=\"K\u00fcchenf\u00fchrung3\" width=\"300\" height=\"199\" srcset=\"http:\/\/www.lindenhausen.de\/blog\/wp-content\/uploads\/2015\/10\/K1024_DSC_1801-300x199.jpg 300w, http:\/\/www.lindenhausen.de\/blog\/wp-content\/uploads\/2015\/10\/K1024_DSC_1801-1024x678.jpg 1024w, http:\/\/www.lindenhausen.de\/blog\/wp-content\/uploads\/2015\/10\/K1024_DSC_1801.jpg 1160w\" sizes=\"(max-width: 300px) 100vw, 300px\" \/><\/a> <a href=\"http:\/\/www.lindenhausen.de\/blog\/wp-content\/uploads\/2015\/10\/K1024_DSC_1797.jpg\"><img decoding=\"async\" loading=\"lazy\" class=\"aligncenter size-medium wp-image-1310\" src=\"http:\/\/www.lindenhausen.de\/blog\/wp-content\/uploads\/2015\/10\/K1024_DSC_1797-300x199.jpg\" alt=\"K\u00fcchenf\u00fchrung 4\" width=\"300\" height=\"199\" srcset=\"http:\/\/www.lindenhausen.de\/blog\/wp-content\/uploads\/2015\/10\/K1024_DSC_1797-300x199.jpg 300w, http:\/\/www.lindenhausen.de\/blog\/wp-content\/uploads\/2015\/10\/K1024_DSC_1797-1024x678.jpg 1024w, http:\/\/www.lindenhausen.de\/blog\/wp-content\/uploads\/2015\/10\/K1024_DSC_1797.jpg 1160w\" sizes=\"(max-width: 300px) 100vw, 300px\" \/><\/a> <a href=\"http:\/\/www.lindenhausen.de\/blog\/wp-content\/uploads\/2015\/10\/K1024_DSC_1796.jpg\"><img decoding=\"async\" loading=\"lazy\" class=\"aligncenter size-medium wp-image-1309\" src=\"http:\/\/www.lindenhausen.de\/blog\/wp-content\/uploads\/2015\/10\/K1024_DSC_1796-300x199.jpg\" alt=\"K\u00fcchenf\u00fchrung5\" width=\"300\" height=\"199\" srcset=\"http:\/\/www.lindenhausen.de\/blog\/wp-content\/uploads\/2015\/10\/K1024_DSC_1796-300x199.jpg 300w, http:\/\/www.lindenhausen.de\/blog\/wp-content\/uploads\/2015\/10\/K1024_DSC_1796-1024x678.jpg 1024w, http:\/\/www.lindenhausen.de\/blog\/wp-content\/uploads\/2015\/10\/K1024_DSC_1796.jpg 1160w\" sizes=\"(max-width: 300px) 100vw, 300px\" \/><\/a><br \/>\nEinige G\u00e4ste waren arg irritiert und regten sich sofort \u00fcber die schlimmen Verh\u00e4ltnisse bei Costa auf als Paul erkl\u00e4rte das die Crewk\u00fcche nur eine Kochnische w\u00e4re weil alle Mitarbeiter am Abend eine Dose Ravioli zum warmmachen in der Mikrowelle erhalten, mein Tag war gerettet \ud83d\ude09<br \/>\nAm Schluss warteten auf uns noch ein paar sehr exzellente H\u00e4ppchen und ein paar Gl\u00e4schen Prosecco auf uns, was schon fast wieder zu einer Bettschwere f\u00fchrte.<\/p>\n<p style=\"text-align: left;\"><a href=\"http:\/\/www.lindenhausen.de\/blog\/wp-content\/uploads\/2015\/10\/K1024_DSC_1803.jpg\"><img decoding=\"async\" loading=\"lazy\" class=\"aligncenter size-medium wp-image-1313\" src=\"http:\/\/www.lindenhausen.de\/blog\/wp-content\/uploads\/2015\/10\/K1024_DSC_1803-300x199.jpg\" alt=\"K\u00fcchenf\u00fchrung1\" width=\"300\" height=\"199\" srcset=\"http:\/\/www.lindenhausen.de\/blog\/wp-content\/uploads\/2015\/10\/K1024_DSC_1803-300x199.jpg 300w, http:\/\/www.lindenhausen.de\/blog\/wp-content\/uploads\/2015\/10\/K1024_DSC_1803-1024x678.jpg 1024w, http:\/\/www.lindenhausen.de\/blog\/wp-content\/uploads\/2015\/10\/K1024_DSC_1803.jpg 1160w\" sizes=\"(max-width: 300px) 100vw, 300px\" \/><\/a> <a href=\"http:\/\/www.lindenhausen.de\/blog\/wp-content\/uploads\/2015\/10\/K1024_DSC_1802.jpg\"><img decoding=\"async\" loading=\"lazy\" class=\"aligncenter size-medium wp-image-1312\" src=\"http:\/\/www.lindenhausen.de\/blog\/wp-content\/uploads\/2015\/10\/K1024_DSC_1802-300x199.jpg\" alt=\"K\u00fcchenf\u00fchrung2\" width=\"300\" height=\"199\" srcset=\"http:\/\/www.lindenhausen.de\/blog\/wp-content\/uploads\/2015\/10\/K1024_DSC_1802-300x199.jpg 300w, http:\/\/www.lindenhausen.de\/blog\/wp-content\/uploads\/2015\/10\/K1024_DSC_1802-1024x678.jpg 1024w, http:\/\/www.lindenhausen.de\/blog\/wp-content\/uploads\/2015\/10\/K1024_DSC_1802.jpg 1160w\" sizes=\"(max-width: 300px) 100vw, 300px\" \/><\/a><br \/>\nDa wir \u00fcber Mittag durch die Stra\u00dfe von Messina fuhren entschieden wir uns mal am B\u00fcffet Mittag zu essen. Erstaunlicherweise fanden wir am Heck drau\u00dfen einen freien Tisch und konnten so ungehindert den Blick nach Kalabrien und Sizilien genie\u00dfen.<\/p>\n<p style=\"text-align: left;\"><a href=\"http:\/\/www.lindenhausen.de\/blog\/wp-content\/uploads\/2015\/10\/K1024_DSC_1806.jpg\"><img decoding=\"async\" loading=\"lazy\" class=\"aligncenter size-medium wp-image-1314\" src=\"http:\/\/www.lindenhausen.de\/blog\/wp-content\/uploads\/2015\/10\/K1024_DSC_1806-300x199.jpg\" alt=\"B\u00fcffet4\" width=\"300\" height=\"199\" srcset=\"http:\/\/www.lindenhausen.de\/blog\/wp-content\/uploads\/2015\/10\/K1024_DSC_1806-300x199.jpg 300w, http:\/\/www.lindenhausen.de\/blog\/wp-content\/uploads\/2015\/10\/K1024_DSC_1806-1024x678.jpg 1024w, http:\/\/www.lindenhausen.de\/blog\/wp-content\/uploads\/2015\/10\/K1024_DSC_1806.jpg 1160w\" sizes=\"(max-width: 300px) 100vw, 300px\" \/><\/a> <a href=\"http:\/\/www.lindenhausen.de\/blog\/wp-content\/uploads\/2015\/10\/K1024_DSC_1807.jpg\"><img decoding=\"async\" loading=\"lazy\" class=\"aligncenter size-medium wp-image-1315\" src=\"http:\/\/www.lindenhausen.de\/blog\/wp-content\/uploads\/2015\/10\/K1024_DSC_1807-300x199.jpg\" alt=\"B\u00fcffet3\" width=\"300\" height=\"199\" srcset=\"http:\/\/www.lindenhausen.de\/blog\/wp-content\/uploads\/2015\/10\/K1024_DSC_1807-300x199.jpg 300w, http:\/\/www.lindenhausen.de\/blog\/wp-content\/uploads\/2015\/10\/K1024_DSC_1807-1024x678.jpg 1024w, http:\/\/www.lindenhausen.de\/blog\/wp-content\/uploads\/2015\/10\/K1024_DSC_1807.jpg 1160w\" sizes=\"(max-width: 300px) 100vw, 300px\" \/><\/a> <a href=\"http:\/\/www.lindenhausen.de\/blog\/wp-content\/uploads\/2015\/10\/K1024_DSC_1808.jpg\"><img decoding=\"async\" loading=\"lazy\" class=\"aligncenter size-medium wp-image-1316\" src=\"http:\/\/www.lindenhausen.de\/blog\/wp-content\/uploads\/2015\/10\/K1024_DSC_1808-300x199.jpg\" alt=\"B\u00fcffet2\" width=\"300\" height=\"199\" srcset=\"http:\/\/www.lindenhausen.de\/blog\/wp-content\/uploads\/2015\/10\/K1024_DSC_1808-300x199.jpg 300w, http:\/\/www.lindenhausen.de\/blog\/wp-content\/uploads\/2015\/10\/K1024_DSC_1808-1024x678.jpg 1024w, http:\/\/www.lindenhausen.de\/blog\/wp-content\/uploads\/2015\/10\/K1024_DSC_1808.jpg 1160w\" sizes=\"(max-width: 300px) 100vw, 300px\" \/><\/a> <a href=\"http:\/\/www.lindenhausen.de\/blog\/wp-content\/uploads\/2015\/10\/K1024_DSC_1809.jpg\"><img decoding=\"async\" loading=\"lazy\" class=\"aligncenter size-medium wp-image-1317\" src=\"http:\/\/www.lindenhausen.de\/blog\/wp-content\/uploads\/2015\/10\/K1024_DSC_1809-300x199.jpg\" alt=\"B\u00fcffet 1\" width=\"300\" height=\"199\" srcset=\"http:\/\/www.lindenhausen.de\/blog\/wp-content\/uploads\/2015\/10\/K1024_DSC_1809-300x199.jpg 300w, http:\/\/www.lindenhausen.de\/blog\/wp-content\/uploads\/2015\/10\/K1024_DSC_1809-1024x678.jpg 1024w, http:\/\/www.lindenhausen.de\/blog\/wp-content\/uploads\/2015\/10\/K1024_DSC_1809.jpg 1160w\" sizes=\"(max-width: 300px) 100vw, 300px\" \/><\/a> <a href=\"http:\/\/www.lindenhausen.de\/blog\/wp-content\/uploads\/2015\/10\/K1024_DSC_1813.jpg\"><img decoding=\"async\" loading=\"lazy\" class=\"aligncenter size-medium wp-image-1318\" src=\"http:\/\/www.lindenhausen.de\/blog\/wp-content\/uploads\/2015\/10\/K1024_DSC_1813-300x199.jpg\" alt=\"Messina2\" width=\"300\" height=\"199\" srcset=\"http:\/\/www.lindenhausen.de\/blog\/wp-content\/uploads\/2015\/10\/K1024_DSC_1813-300x199.jpg 300w, http:\/\/www.lindenhausen.de\/blog\/wp-content\/uploads\/2015\/10\/K1024_DSC_1813-1024x678.jpg 1024w, http:\/\/www.lindenhausen.de\/blog\/wp-content\/uploads\/2015\/10\/K1024_DSC_1813.jpg 1160w\" sizes=\"(max-width: 300px) 100vw, 300px\" \/><\/a> <a href=\"http:\/\/www.lindenhausen.de\/blog\/wp-content\/uploads\/2015\/10\/K1024_DSC_1815.jpg\"><img decoding=\"async\" loading=\"lazy\" class=\"aligncenter size-medium wp-image-1319\" src=\"http:\/\/www.lindenhausen.de\/blog\/wp-content\/uploads\/2015\/10\/K1024_DSC_1815-300x199.jpg\" alt=\"Messina Lotse\" width=\"300\" height=\"199\" srcset=\"http:\/\/www.lindenhausen.de\/blog\/wp-content\/uploads\/2015\/10\/K1024_DSC_1815-300x199.jpg 300w, http:\/\/www.lindenhausen.de\/blog\/wp-content\/uploads\/2015\/10\/K1024_DSC_1815-1024x678.jpg 1024w, http:\/\/www.lindenhausen.de\/blog\/wp-content\/uploads\/2015\/10\/K1024_DSC_1815.jpg 1160w\" sizes=\"(max-width: 300px) 100vw, 300px\" \/><\/a><br \/>\nDen Nachmittag verbrachte ich dann endlich auf einer Liege und versuchte meine verschleppte Erk\u00e4ltung, die sich letzte Nacht recht heftig mit starken Halsschmerzen zur\u00fcckgemeldet hatte( auf Malta waren alle Busse sehr kalt klimatisiert, war angenehm aber trotz Tuch um Hals und Schultern zuviel ), in den Griff zu bekommen.<br \/>\nDer Stromboli war leider wolkenverhangen, schade.<br \/>\nAm fr\u00fchen Abend dann fand der VIP Empfang statt, leider in der Grand Bar, ich h\u00e4tte mir das so sch\u00f6n in der ungenutzten Disco vorstellen k\u00f6nnen.<br \/>\nEin kurzes H\u00e4ndesch\u00fctteln, Foto und ein,zwei S\u00e4tze mit dem Kapit\u00e4n, Paolo Fusarini kannten wir ja schon von der Costa Pacifica im letzten Herbst und hatten ihn in angenehmer Erinnerung.<br \/>\nEs gab ein wenig Tanzmusik, die Tanzlehrer sorgten f\u00fcr eine volle Tanzfl\u00e4che, es wurden H\u00e4ppchen und Prosecco gereicht, eine sehr nette elegante Atmosph\u00e4re, zumal die G\u00e4ste auch ihre Kleidung dem formellen Anlass angepasst hatten. Ein Mann der gro\u00dfen Worte ist der K\u00e4ptn nicht, es bleib bei dem \u00fcblichen Danke an die G\u00e4ste, der Vorstellung der wichtigsten Mitarbeiter und einem Toast auf diese Reise.<\/p>\n<p style=\"text-align: left;\"><a href=\"http:\/\/www.lindenhausen.de\/blog\/wp-content\/uploads\/2015\/10\/K1024_DSC_1833.jpg\"><img decoding=\"async\" loading=\"lazy\" class=\"aligncenter size-medium wp-image-1321\" src=\"http:\/\/www.lindenhausen.de\/blog\/wp-content\/uploads\/2015\/10\/K1024_DSC_1833-300x199.jpg\" alt=\"Club-Empfang\" width=\"300\" height=\"199\" srcset=\"http:\/\/www.lindenhausen.de\/blog\/wp-content\/uploads\/2015\/10\/K1024_DSC_1833-300x199.jpg 300w, http:\/\/www.lindenhausen.de\/blog\/wp-content\/uploads\/2015\/10\/K1024_DSC_1833-1024x678.jpg 1024w, http:\/\/www.lindenhausen.de\/blog\/wp-content\/uploads\/2015\/10\/K1024_DSC_1833.jpg 1160w\" sizes=\"(max-width: 300px) 100vw, 300px\" \/><\/a><br \/>\nIm Restaurant erwartete uns heute der italienische Abend, der offenen Tischzeit geschuldet ohne gro\u00dfe H\u00f6hepunkte.<br \/>\nDanach ging es noch auf einen Streifzug durch die Bars und wir tanzten noch ein paar Runden. Heute Abend fehlte mir tats\u00e4chlich doch auch mal die Trubeligkeit der \u201enormalen\u201c Costa Schiffe, denn das geh\u00f6rt irgendwie zu italienischen Abend.<\/p>\n<p style=\"text-align: left;\">In der Nacht schaukelte es wieder recht, erstaunlich, herrlichstes Wetter aber immer wieder bewegte See. Aber in der Nacht st\u00f6rte mich das nicht, eher wiegte uns der Wellengang in den Schlaf.<\/p>\n<p style=\"text-align: center;\"><a title=\"Salerno\" href=\"http:\/\/www.lindenhausen.de\/blog\/reiseberichte-costa\/costa-neoriviera-09-2015\/salerno\/\">weiter nach Salerno<\/a><\/p>\n","protected":false},"excerpt":{"rendered":"<p>16.09. Seetag, ein bissel ausschlafen, Fr\u00fchst\u00fccken-leider denn der Brunch musste aufgrund zu weniger Anmeldungen ausfallen. Schade, darauf hatte ich mich besonders gefreut. Am sp\u00e4ten Vormittag waren wir zur K\u00fcchenf\u00fchrung eingeladen die mich hier auf diesem kleinen Schiff interessierte. Paul, der deutsche Host erwartete uns im Restaurant mit einer \u00dcberraschung. Da hat sich Costa ja nun &hellip; <a href=\"http:\/\/www.lindenhausen.de\/blog\/reiseberichte-costa\/costa-neoriviera-09-2015\/seetag\/\" class=\"more-link\"><span class=\"screen-reader-text\">Seetag<\/span> weiterlesen <span class=\"meta-nav\">&rarr;<\/span><\/a><\/p>\n","protected":false},"author":1,"featured_media":0,"parent":1131,"menu_order":7,"comment_status":"open","ping_status":"open","template":"","meta":{"_monsterinsights_skip_tracking":false,"_monsterinsights_sitenote_active":false,"_monsterinsights_sitenote_note":"","_monsterinsights_sitenote_category":0},"yoast_head":"<!-- This site is optimized with the Yoast SEO plugin v21.0 - https:\/\/yoast.com\/wordpress\/plugins\/seo\/ -->\n<title>Seetag - Lindenhausen-weil Reisen Spa\u00df macht<\/title>\n<meta name=\"robots\" content=\"index, follow, max-snippet:-1, max-image-preview:large, max-video-preview:-1\" \/>\n<link rel=\"canonical\" href=\"https:\/\/www.lindenhausen.de\/blog\/reiseberichte-costa\/costa-neoriviera-09-2015\/seetag\/\" \/>\n<meta property=\"og:locale\" content=\"de_DE\" \/>\n<meta property=\"og:type\" content=\"article\" \/>\n<meta property=\"og:title\" content=\"Seetag - Lindenhausen-weil Reisen Spa\u00df macht\" \/>\n<meta property=\"og:description\" content=\"16.09. Seetag, ein bissel ausschlafen, Fr\u00fchst\u00fccken-leider denn der Brunch musste aufgrund zu weniger Anmeldungen ausfallen. Schade, darauf hatte ich mich besonders gefreut. Am sp\u00e4ten Vormittag waren wir zur K\u00fcchenf\u00fchrung eingeladen die mich hier auf diesem kleinen Schiff interessierte. Paul, der deutsche Host erwartete uns im Restaurant mit einer \u00dcberraschung. Da hat sich Costa ja nun &hellip; Seetag weiterlesen &rarr;\" \/>\n<meta property=\"og:url\" content=\"https:\/\/www.lindenhausen.de\/blog\/reiseberichte-costa\/costa-neoriviera-09-2015\/seetag\/\" \/>\n<meta property=\"og:site_name\" content=\"Lindenhausen-weil Reisen Spa\u00df macht\" \/>\n<meta property=\"article:publisher\" content=\"http:\/\/www.facebook.com\/Lindenhausen\/\" \/>\n<meta property=\"article:modified_time\" content=\"2015-11-22T10:16:00+00:00\" \/>\n<meta property=\"og:image\" content=\"http:\/\/www.lindenhausen.de\/blog\/wp-content\/uploads\/2015\/10\/K1024_IMG_2757-e1445460613193-225x300.jpg\" \/>\n<meta name=\"twitter:card\" content=\"summary_large_image\" \/>\n<meta name=\"twitter:site\" content=\"@Maxilinde\" \/>\n<meta name=\"twitter:label1\" content=\"Gesch\u00e4tzte Lesezeit\" \/>\n\t<meta name=\"twitter:data1\" content=\"3\u00a0Minuten\" \/>\n<script type=\"application\/ld+json\" class=\"yoast-schema-graph\">{\"@context\":\"https:\/\/schema.org\",\"@graph\":[{\"@type\":\"WebPage\",\"@id\":\"https:\/\/www.lindenhausen.de\/blog\/reiseberichte-costa\/costa-neoriviera-09-2015\/seetag\/\",\"url\":\"https:\/\/www.lindenhausen.de\/blog\/reiseberichte-costa\/costa-neoriviera-09-2015\/seetag\/\",\"name\":\"Seetag - Lindenhausen-weil Reisen Spa\u00df macht\",\"isPartOf\":{\"@id\":\"https:\/\/www.lindenhausen.de\/blog\/#website\"},\"datePublished\":\"2015-11-18T21:33:26+00:00\",\"dateModified\":\"2015-11-22T10:16:00+00:00\",\"breadcrumb\":{\"@id\":\"https:\/\/www.lindenhausen.de\/blog\/reiseberichte-costa\/costa-neoriviera-09-2015\/seetag\/#breadcrumb\"},\"inLanguage\":\"de\",\"potentialAction\":[{\"@type\":\"ReadAction\",\"target\":[\"https:\/\/www.lindenhausen.de\/blog\/reiseberichte-costa\/costa-neoriviera-09-2015\/seetag\/\"]}]},{\"@type\":\"BreadcrumbList\",\"@id\":\"https:\/\/www.lindenhausen.de\/blog\/reiseberichte-costa\/costa-neoriviera-09-2015\/seetag\/#breadcrumb\",\"itemListElement\":[{\"@type\":\"ListItem\",\"position\":1,\"name\":\"Startseite\",\"item\":\"https:\/\/www.lindenhausen.de\/blog\/\"},{\"@type\":\"ListItem\",\"position\":2,\"name\":\"Reiseberichte Costa Kreuzfahrten\",\"item\":\"http:\/\/www.lindenhausen.de\/blog\/reiseberichte-costa\/\"},{\"@type\":\"ListItem\",\"position\":3,\"name\":\"Costa neoRiviera 09.2015\",\"item\":\"http:\/\/www.lindenhausen.de\/blog\/reiseberichte-costa\/costa-neoriviera-09-2015\/\"},{\"@type\":\"ListItem\",\"position\":4,\"name\":\"Seetag\"}]},{\"@type\":\"WebSite\",\"@id\":\"https:\/\/www.lindenhausen.de\/blog\/#website\",\"url\":\"https:\/\/www.lindenhausen.de\/blog\/\",\"name\":\"Lindenhausen-weil Reisen Spa\u00df macht\",\"description\":\"Reisen und Kreuzfahrten, Reiseberichte, Kreuzfahrtforum\",\"potentialAction\":[{\"@type\":\"SearchAction\",\"target\":{\"@type\":\"EntryPoint\",\"urlTemplate\":\"https:\/\/www.lindenhausen.de\/blog\/?s={search_term_string}\"},\"query-input\":\"required name=search_term_string\"}],\"inLanguage\":\"de\"}]}<\/script>\n<!-- \/ Yoast SEO plugin. -->","yoast_head_json":{"title":"Seetag - Lindenhausen-weil Reisen Spa\u00df macht","robots":{"index":"index","follow":"follow","max-snippet":"max-snippet:-1","max-image-preview":"max-image-preview:large","max-video-preview":"max-video-preview:-1"},"canonical":"https:\/\/www.lindenhausen.de\/blog\/reiseberichte-costa\/costa-neoriviera-09-2015\/seetag\/","og_locale":"de_DE","og_type":"article","og_title":"Seetag - Lindenhausen-weil Reisen Spa\u00df macht","og_description":"16.09. Seetag, ein bissel ausschlafen, Fr\u00fchst\u00fccken-leider denn der Brunch musste aufgrund zu weniger Anmeldungen ausfallen. Schade, darauf hatte ich mich besonders gefreut. Am sp\u00e4ten Vormittag waren wir zur K\u00fcchenf\u00fchrung eingeladen die mich hier auf diesem kleinen Schiff interessierte. Paul, der deutsche Host erwartete uns im Restaurant mit einer \u00dcberraschung. Da hat sich Costa ja nun &hellip; Seetag weiterlesen &rarr;","og_url":"https:\/\/www.lindenhausen.de\/blog\/reiseberichte-costa\/costa-neoriviera-09-2015\/seetag\/","og_site_name":"Lindenhausen-weil Reisen Spa\u00df macht","article_publisher":"http:\/\/www.facebook.com\/Lindenhausen\/","article_modified_time":"2015-11-22T10:16:00+00:00","og_image":[{"url":"http:\/\/www.lindenhausen.de\/blog\/wp-content\/uploads\/2015\/10\/K1024_IMG_2757-e1445460613193-225x300.jpg"}],"twitter_card":"summary_large_image","twitter_site":"@Maxilinde","twitter_misc":{"Gesch\u00e4tzte Lesezeit":"3\u00a0Minuten"},"schema":{"@context":"https:\/\/schema.org","@graph":[{"@type":"WebPage","@id":"https:\/\/www.lindenhausen.de\/blog\/reiseberichte-costa\/costa-neoriviera-09-2015\/seetag\/","url":"https:\/\/www.lindenhausen.de\/blog\/reiseberichte-costa\/costa-neoriviera-09-2015\/seetag\/","name":"Seetag - Lindenhausen-weil Reisen Spa\u00df macht","isPartOf":{"@id":"https:\/\/www.lindenhausen.de\/blog\/#website"},"datePublished":"2015-11-18T21:33:26+00:00","dateModified":"2015-11-22T10:16:00+00:00","breadcrumb":{"@id":"https:\/\/www.lindenhausen.de\/blog\/reiseberichte-costa\/costa-neoriviera-09-2015\/seetag\/#breadcrumb"},"inLanguage":"de","potentialAction":[{"@type":"ReadAction","target":["https:\/\/www.lindenhausen.de\/blog\/reiseberichte-costa\/costa-neoriviera-09-2015\/seetag\/"]}]},{"@type":"BreadcrumbList","@id":"https:\/\/www.lindenhausen.de\/blog\/reiseberichte-costa\/costa-neoriviera-09-2015\/seetag\/#breadcrumb","itemListElement":[{"@type":"ListItem","position":1,"name":"Startseite","item":"https:\/\/www.lindenhausen.de\/blog\/"},{"@type":"ListItem","position":2,"name":"Reiseberichte Costa Kreuzfahrten","item":"http:\/\/www.lindenhausen.de\/blog\/reiseberichte-costa\/"},{"@type":"ListItem","position":3,"name":"Costa neoRiviera 09.2015","item":"http:\/\/www.lindenhausen.de\/blog\/reiseberichte-costa\/costa-neoriviera-09-2015\/"},{"@type":"ListItem","position":4,"name":"Seetag"}]},{"@type":"WebSite","@id":"https:\/\/www.lindenhausen.de\/blog\/#website","url":"https:\/\/www.lindenhausen.de\/blog\/","name":"Lindenhausen-weil Reisen Spa\u00df macht","description":"Reisen und Kreuzfahrten, Reiseberichte, Kreuzfahrtforum","potentialAction":[{"@type":"SearchAction","target":{"@type":"EntryPoint","urlTemplate":"https:\/\/www.lindenhausen.de\/blog\/?s={search_term_string}"},"query-input":"required name=search_term_string"}],"inLanguage":"de"}]}},"_links":{"self":[{"href":"http:\/\/www.lindenhausen.de\/blog\/wp-json\/wp\/v2\/pages\/1362"}],"collection":[{"href":"http:\/\/www.lindenhausen.de\/blog\/wp-json\/wp\/v2\/pages"}],"about":[{"href":"http:\/\/www.lindenhausen.de\/blog\/wp-json\/wp\/v2\/types\/page"}],"author":[{"embeddable":true,"href":"http:\/\/www.lindenhausen.de\/blog\/wp-json\/wp\/v2\/users\/1"}],"replies":[{"embeddable":true,"href":"http:\/\/www.lindenhausen.de\/blog\/wp-json\/wp\/v2\/comments?post=1362"}],"version-history":[{"count":8,"href":"http:\/\/www.lindenhausen.de\/blog\/wp-json\/wp\/v2\/pages\/1362\/revisions"}],"predecessor-version":[{"id":1519,"href":"http:\/\/www.lindenhausen.de\/blog\/wp-json\/wp\/v2\/pages\/1362\/revisions\/1519"}],"up":[{"embeddable":true,"href":"http:\/\/www.lindenhausen.de\/blog\/wp-json\/wp\/v2\/pages\/1131"}],"wp:attachment":[{"href":"http:\/\/www.lindenhausen.de\/blog\/wp-json\/wp\/v2\/media?parent=1362"}],"curies":[{"name":"wp","href":"https:\/\/api.w.org\/{rel}","templated":true}]}}