{"id":1246,"date":"2015-10-21T22:02:43","date_gmt":"2015-10-21T20:02:43","guid":{"rendered":"http:\/\/www.lindenhausen.de\/blog\/?page_id=1246"},"modified":"2015-11-22T11:03:04","modified_gmt":"2015-11-22T10:03:04","slug":"palermo","status":"publish","type":"page","link":"http:\/\/www.lindenhausen.de\/blog\/reiseberichte-costa\/costa-neoriviera-09-2015\/palermo\/","title":{"rendered":"Palermo"},"content":{"rendered":"<p style=\"text-align: center;\">14.09.2015<\/p>\n<p style=\"text-align: left;\">Palermo wartete zum Fr\u00fchst\u00fcck mit Sonnenschein auf, der Wind hatte sich auch gelegt.<br \/>\nDa wir die Stadt gut kennen wollten wir endlich mal auf den Monte Pellegrino. Laut Reisef\u00fchrer waren es etwa 8 Km, 4 rauf und 4 runter, also nicht so tragisch. Allerdings untersch\u00e4tzen wir die Entfernung vom Schiff zu dem laut Goethe \u201edas sch\u00f6nste Vorgebirge der Welt\u201c und so wurde es doch ein ganz sch\u00f6ner Gewaltmarsch.<br \/>\nErst am Hafen entlang, begleitet von einer mehrspurigen Hauptstra\u00dfe dann vorbei am ber\u00fcchtigten Ucciardone-Gef\u00e4ngnis, und danach erreicht man \u00fcber eine Br\u00fcche ein belebtes Wohnviertel Mit jedem Schritt in Richtung Monte Pellegrino werden die H\u00e4user sch\u00f6ner und kleiner, die Stra\u00dfen ruhiger.<br \/>\nVorbei an einer Kaserne kommt man zum Largo Antonio Sellerio, hier befindet sich ein Trinkwasserbrunnen an dem man noch einmal seine Flaschen f\u00fcllen sollte denn es gibt auf den n\u00e4chsten Km keine M\u00f6glichkeit Wasser zu besorgen. Hier beginnt nun der Aufstieg, wir hatten uns f\u00fcr den alten Pilgerweg entschieden, der direkt zum Santuario della S. Rosalia f\u00fchrt.<br \/>\nDie ersten Meter ansteigend und gerade beginnen dann Serpentinen, die es in sich haben, da es mit \u00fcber 30\u00b0C recht hei\u00df ist und der steinige Weg schnell aufheizt nutzen wir jeden Schatten zu einer kleinen Pause.<\/p>\n<p style=\"text-align: center;\"><a href=\"http:\/\/www.lindenhausen.de\/blog\/wp-content\/uploads\/2015\/10\/K1024_DSC_1586.jpg\"><img decoding=\"async\" loading=\"lazy\" class=\"aligncenter size-medium wp-image-1212\" src=\"http:\/\/www.lindenhausen.de\/blog\/wp-content\/uploads\/2015\/10\/K1024_DSC_1586-300x199.jpg\" alt=\"Monte Pellegrino\" width=\"300\" height=\"199\" srcset=\"http:\/\/www.lindenhausen.de\/blog\/wp-content\/uploads\/2015\/10\/K1024_DSC_1586-300x199.jpg 300w, http:\/\/www.lindenhausen.de\/blog\/wp-content\/uploads\/2015\/10\/K1024_DSC_1586-1024x678.jpg 1024w, http:\/\/www.lindenhausen.de\/blog\/wp-content\/uploads\/2015\/10\/K1024_DSC_1586.jpg 1160w\" sizes=\"(max-width: 300px) 100vw, 300px\" \/><\/a> <a href=\"http:\/\/www.lindenhausen.de\/blog\/wp-content\/uploads\/2015\/10\/K1024_DSC_1587.jpg\"><img decoding=\"async\" loading=\"lazy\" class=\"aligncenter size-medium wp-image-1213\" src=\"http:\/\/www.lindenhausen.de\/blog\/wp-content\/uploads\/2015\/10\/K1024_DSC_1587-300x199.jpg\" alt=\"Palermo1\" width=\"300\" height=\"199\" srcset=\"http:\/\/www.lindenhausen.de\/blog\/wp-content\/uploads\/2015\/10\/K1024_DSC_1587-300x199.jpg 300w, http:\/\/www.lindenhausen.de\/blog\/wp-content\/uploads\/2015\/10\/K1024_DSC_1587-1024x678.jpg 1024w, http:\/\/www.lindenhausen.de\/blog\/wp-content\/uploads\/2015\/10\/K1024_DSC_1587.jpg 1160w\" sizes=\"(max-width: 300px) 100vw, 300px\" \/><\/a> <a href=\"http:\/\/www.lindenhausen.de\/blog\/wp-content\/uploads\/2015\/10\/K1024_DSC_1590-e1445457362819.jpg\"><img decoding=\"async\" loading=\"lazy\" class=\"aligncenter size-medium wp-image-1214\" src=\"http:\/\/www.lindenhausen.de\/blog\/wp-content\/uploads\/2015\/10\/K1024_DSC_1590-e1445457362819-199x300.jpg\" alt=\"Palermo2\" width=\"199\" height=\"300\" srcset=\"http:\/\/www.lindenhausen.de\/blog\/wp-content\/uploads\/2015\/10\/K1024_DSC_1590-e1445457362819-199x300.jpg 199w, http:\/\/www.lindenhausen.de\/blog\/wp-content\/uploads\/2015\/10\/K1024_DSC_1590-e1445457362819-678x1024.jpg 678w, http:\/\/www.lindenhausen.de\/blog\/wp-content\/uploads\/2015\/10\/K1024_DSC_1590-e1445457362819.jpg 768w\" sizes=\"(max-width: 199px) 100vw, 199px\" \/><\/a><\/p>\n<p style=\"text-align: left;\">Aber die Aussicht auf Palermo, \u201eunser Schiff\u201c und auch auf die MSC Lirica, die hier in der Werft verl\u00e4ngert wird, entsch\u00e4digt f\u00fcr alles.<\/p>\n<p style=\"text-align: left;\"><a href=\"http:\/\/www.lindenhausen.de\/blog\/wp-content\/uploads\/2015\/10\/K1024_DSC_1611.jpg\"><img decoding=\"async\" loading=\"lazy\" class=\"aligncenter size-medium wp-image-1218\" src=\"http:\/\/www.lindenhausen.de\/blog\/wp-content\/uploads\/2015\/10\/K1024_DSC_1611-300x199.jpg\" alt=\"Palermo4\" width=\"300\" height=\"199\" srcset=\"http:\/\/www.lindenhausen.de\/blog\/wp-content\/uploads\/2015\/10\/K1024_DSC_1611-300x199.jpg 300w, http:\/\/www.lindenhausen.de\/blog\/wp-content\/uploads\/2015\/10\/K1024_DSC_1611-1024x678.jpg 1024w, http:\/\/www.lindenhausen.de\/blog\/wp-content\/uploads\/2015\/10\/K1024_DSC_1611.jpg 1160w\" sizes=\"(max-width: 300px) 100vw, 300px\" \/><\/a><a href=\"http:\/\/www.lindenhausen.de\/blog\/wp-content\/uploads\/2015\/10\/K1024_DSC_1637.jpg\"><img decoding=\"async\" loading=\"lazy\" class=\"aligncenter size-medium wp-image-1223\" src=\"http:\/\/www.lindenhausen.de\/blog\/wp-content\/uploads\/2015\/10\/K1024_DSC_1637-300x199.jpg\" alt=\"MSC Lirica\" width=\"300\" height=\"199\" srcset=\"http:\/\/www.lindenhausen.de\/blog\/wp-content\/uploads\/2015\/10\/K1024_DSC_1637-300x199.jpg 300w, http:\/\/www.lindenhausen.de\/blog\/wp-content\/uploads\/2015\/10\/K1024_DSC_1637-1024x678.jpg 1024w, http:\/\/www.lindenhausen.de\/blog\/wp-content\/uploads\/2015\/10\/K1024_DSC_1637.jpg 1160w\" sizes=\"(max-width: 300px) 100vw, 300px\" \/><\/a><br \/>\nIn kleinen Schleifen zieht sich der Weg \u00fcber den Berg, kreuzt ab und an die Stra\u00dfe. Eine Gruppe junger Leute aus Palermo \u00fcberholten uns, dann \u00fcberholten wir sie und irgendwann kamen wir dann auch ins Gespr\u00e4ch und waren froh als wir alle das Ziel erreichten. Bevor wir uns die kleine aber sehenswerte Wallfahrtskirche anschauten g\u00f6nnten wir uns eine eiskalte Cola, ich war einfach am Ende, so anstrengend hatte ich mir das nicht vorgestellt, obwohl ich Hitze gut abkann. Heute r\u00e4chte es sich das ich gesundheitlich angeschlagen war und ich nahm mir fest vor am Seetag einen Gang herunter zu schalten.<\/p>\n<p style=\"text-align: left;\"><a href=\"http:\/\/www.lindenhausen.de\/blog\/wp-content\/uploads\/2015\/10\/K1024_DSC_1597.jpg\"><img decoding=\"async\" loading=\"lazy\" class=\"size-medium wp-image-1215 alignleft\" src=\"http:\/\/www.lindenhausen.de\/blog\/wp-content\/uploads\/2015\/10\/K1024_DSC_1597-300x199.jpg\" alt=\"Palermo6\" width=\"300\" height=\"199\" srcset=\"http:\/\/www.lindenhausen.de\/blog\/wp-content\/uploads\/2015\/10\/K1024_DSC_1597-300x199.jpg 300w, http:\/\/www.lindenhausen.de\/blog\/wp-content\/uploads\/2015\/10\/K1024_DSC_1597-1024x678.jpg 1024w, http:\/\/www.lindenhausen.de\/blog\/wp-content\/uploads\/2015\/10\/K1024_DSC_1597.jpg 1160w\" sizes=\"(max-width: 300px) 100vw, 300px\" \/><\/a> <a href=\"http:\/\/www.lindenhausen.de\/blog\/wp-content\/uploads\/2015\/10\/K1024_DSC_1602.jpg\"><img decoding=\"async\" loading=\"lazy\" class=\"aligncenter size-medium wp-image-1216\" src=\"http:\/\/www.lindenhausen.de\/blog\/wp-content\/uploads\/2015\/10\/K1024_DSC_1602-300x199.jpg\" alt=\"Palermo7\" width=\"300\" height=\"199\" srcset=\"http:\/\/www.lindenhausen.de\/blog\/wp-content\/uploads\/2015\/10\/K1024_DSC_1602-300x199.jpg 300w, http:\/\/www.lindenhausen.de\/blog\/wp-content\/uploads\/2015\/10\/K1024_DSC_1602-1024x678.jpg 1024w, http:\/\/www.lindenhausen.de\/blog\/wp-content\/uploads\/2015\/10\/K1024_DSC_1602.jpg 1160w\" sizes=\"(max-width: 300px) 100vw, 300px\" \/><\/a> <a href=\"http:\/\/www.lindenhausen.de\/blog\/wp-content\/uploads\/2015\/10\/K1024_DSC_1606.jpg\"><img decoding=\"async\" loading=\"lazy\" class=\"aligncenter size-medium wp-image-1217\" src=\"http:\/\/www.lindenhausen.de\/blog\/wp-content\/uploads\/2015\/10\/K1024_DSC_1606-300x199.jpg\" alt=\"Palermo8\" width=\"300\" height=\"199\" srcset=\"http:\/\/www.lindenhausen.de\/blog\/wp-content\/uploads\/2015\/10\/K1024_DSC_1606-300x199.jpg 300w, http:\/\/www.lindenhausen.de\/blog\/wp-content\/uploads\/2015\/10\/K1024_DSC_1606-1024x678.jpg 1024w, http:\/\/www.lindenhausen.de\/blog\/wp-content\/uploads\/2015\/10\/K1024_DSC_1606.jpg 1160w\" sizes=\"(max-width: 300px) 100vw, 300px\" \/><\/a><br \/>\nDer Santuario della S. Rosalia ist eine Grotte in der die Schutzheilige 6 Jahre lang gelebt und auch verstorben sein soll. \u00dcber 400 Jahre sp\u00e4ter wurden ihre Gebeine nach Palermo \u00fcberf\u00fchrt und in dem Moment soll die Pest in der Stadt besiegt worden sein. Daher gilt sie als Stadtpatronin Palermos.<br \/>\nHeute bringen die Menschen aus Dank f\u00fcr die Erh\u00f6rung ihrer Gebete an die Schutzheilige Dankesgaben und so finden sich am Eingang der Grotte verschiedene Dinge, Kr\u00fccken, Brautkleider, Babykleidung, Dankesbriefe\u2026..<br \/>\nIm Inneren findet sich der Altar mit den Reliquien, die Grotte ist nicht sehr gro\u00df. Die jungen Leute aus Palermo erz\u00e4hlten das hier auch oft geheiratet wird.<\/p>\n<p style=\"text-align: center;\"><a href=\"http:\/\/www.lindenhausen.de\/blog\/wp-content\/uploads\/2015\/10\/K1024_DSC_1620.jpg\"><img decoding=\"async\" loading=\"lazy\" class=\"aligncenter size-medium wp-image-1219\" src=\"http:\/\/www.lindenhausen.de\/blog\/wp-content\/uploads\/2015\/10\/K1024_DSC_1620-300x199.jpg\" alt=\"Santuario della S. Rosalia 1\" width=\"300\" height=\"199\" srcset=\"http:\/\/www.lindenhausen.de\/blog\/wp-content\/uploads\/2015\/10\/K1024_DSC_1620-300x199.jpg 300w, http:\/\/www.lindenhausen.de\/blog\/wp-content\/uploads\/2015\/10\/K1024_DSC_1620-1024x678.jpg 1024w, http:\/\/www.lindenhausen.de\/blog\/wp-content\/uploads\/2015\/10\/K1024_DSC_1620.jpg 1160w\" sizes=\"(max-width: 300px) 100vw, 300px\" \/><\/a> <a href=\"http:\/\/www.lindenhausen.de\/blog\/wp-content\/uploads\/2015\/10\/K1024_DSC_1621-e1445457576148.jpg\"><img decoding=\"async\" loading=\"lazy\" class=\"aligncenter size-medium wp-image-1220\" src=\"http:\/\/www.lindenhausen.de\/blog\/wp-content\/uploads\/2015\/10\/K1024_DSC_1621-e1445457576148-199x300.jpg\" alt=\"Santuario della S. Rosalia 2\" width=\"199\" height=\"300\" srcset=\"http:\/\/www.lindenhausen.de\/blog\/wp-content\/uploads\/2015\/10\/K1024_DSC_1621-e1445457576148-199x300.jpg 199w, http:\/\/www.lindenhausen.de\/blog\/wp-content\/uploads\/2015\/10\/K1024_DSC_1621-e1445457576148-678x1024.jpg 678w, http:\/\/www.lindenhausen.de\/blog\/wp-content\/uploads\/2015\/10\/K1024_DSC_1621-e1445457576148.jpg 768w\" sizes=\"(max-width: 199px) 100vw, 199px\" \/><\/a> <a href=\"http:\/\/www.lindenhausen.de\/blog\/wp-content\/uploads\/2015\/10\/K1024_DSC_1622.jpg\"><img decoding=\"async\" loading=\"lazy\" class=\"aligncenter size-medium wp-image-1221\" src=\"http:\/\/www.lindenhausen.de\/blog\/wp-content\/uploads\/2015\/10\/K1024_DSC_1622-300x199.jpg\" alt=\"Santuario della S. Rosalia 3\" width=\"300\" height=\"199\" srcset=\"http:\/\/www.lindenhausen.de\/blog\/wp-content\/uploads\/2015\/10\/K1024_DSC_1622-300x199.jpg 300w, http:\/\/www.lindenhausen.de\/blog\/wp-content\/uploads\/2015\/10\/K1024_DSC_1622-1024x678.jpg 1024w, http:\/\/www.lindenhausen.de\/blog\/wp-content\/uploads\/2015\/10\/K1024_DSC_1622.jpg 1160w\" sizes=\"(max-width: 300px) 100vw, 300px\" \/><\/a> <a href=\"http:\/\/www.lindenhausen.de\/blog\/wp-content\/uploads\/2015\/10\/K1024_DSC_1627.jpg\"><img decoding=\"async\" loading=\"lazy\" class=\"aligncenter size-medium wp-image-1222\" src=\"http:\/\/www.lindenhausen.de\/blog\/wp-content\/uploads\/2015\/10\/K1024_DSC_1627-300x199.jpg\" alt=\"Santuario della S. Rosalia 4\" width=\"300\" height=\"199\" srcset=\"http:\/\/www.lindenhausen.de\/blog\/wp-content\/uploads\/2015\/10\/K1024_DSC_1627-300x199.jpg 300w, http:\/\/www.lindenhausen.de\/blog\/wp-content\/uploads\/2015\/10\/K1024_DSC_1627-1024x678.jpg 1024w, http:\/\/www.lindenhausen.de\/blog\/wp-content\/uploads\/2015\/10\/K1024_DSC_1627.jpg 1160w\" sizes=\"(max-width: 300px) 100vw, 300px\" \/><\/a><\/p>\n<p style=\"text-align: left;\">An diesem Punkt g\u00e4be es die M\u00f6glichkeit zum weiterwandern Richtung Strand von Mondello, wir aber entschieden uns nach einem Blick auf den Busfahrplan zum Weg zur\u00fcck-zu Fu\u00df und mit dem Vorsatz das n\u00e4chste Mal mit dem Bus herauf zu fahren und die andere Seite des Berges zu erkunden.<br \/>\nHinunter ging einfacher als rauf und wir genossen die herrliche Landschaft um uns herum.<br \/>\nUnten st\u00fcrmten wir wieder den Trinkwasserbrunnen, Hunger hatten wir auch, es langte einfach f\u00fcr heute.<br \/>\nIm ersten Stra\u00dfencafe g\u00f6nnten wir uns einen Cappuccino und dann wollte ich gerne etwas Essen, schlie\u00dflich war es erst 16:30 Uhr und 19:00 Uhr w\u00fcrden wir laut der Mitteilung \u00fcber den Hafenwechsel auslaufen. Aber da hatte mein Mann besser aufgepasst, laut \u201eDiario di bordo\u201c war Alle an Bord f\u00fcr 17:30 angesagt. Ich h\u00e4tte also eiskalt das Schiff verpasst.<br \/>\nAlso ab aufs Schiff, was war ich froh endlich an Deck mit einem k\u00fchlen Getr\u00e4nk zu sitzen-18km waren es geworden, eigentlich kein Grund zum schw\u00e4cheln, also habe ich doch etwas verschleppt, der Seetag wird wohl ein Ruhetag werden.<\/p>\n<p style=\"text-align: left;\"><a href=\"http:\/\/www.lindenhausen.de\/blog\/wp-content\/uploads\/2015\/10\/K1024_DSC_1661.jpg\"><img decoding=\"async\" loading=\"lazy\" class=\"aligncenter size-medium wp-image-1225\" src=\"http:\/\/www.lindenhausen.de\/blog\/wp-content\/uploads\/2015\/10\/K1024_DSC_1661-300x199.jpg\" alt=\"Palermo Ausfahrt\" width=\"300\" height=\"199\" srcset=\"http:\/\/www.lindenhausen.de\/blog\/wp-content\/uploads\/2015\/10\/K1024_DSC_1661-300x199.jpg 300w, http:\/\/www.lindenhausen.de\/blog\/wp-content\/uploads\/2015\/10\/K1024_DSC_1661-1024x678.jpg 1024w, http:\/\/www.lindenhausen.de\/blog\/wp-content\/uploads\/2015\/10\/K1024_DSC_1661.jpg 1160w\" sizes=\"(max-width: 300px) 100vw, 300px\" \/><\/a><br \/>\nZu Abendessen kamen wir heute ein wenig sp\u00e4ter, wir mussten ein paar Minuten warten bevor wir am gewohnten Tisch Platz fanden .Dadurch waren die Tischnachbarn schon beim Dessert w\u00e4hrend wir mit der Vorspeise begannen. Da sich das Gespr\u00e4ch sowieso nur wieder um die Routen\u00e4nderung drehte war ich ganz froh mit dem Essen zu widmen und sie sich bald verabschiedeten.<br \/>\nDas P\u00e4rchen, das den Platz nun einnahm war uns Gesichtsweise schon bekannt und es stellte sich schnell heraus dass wir aus derselben Gegend kommen. Auch sie hatten den ungeplante Tag in Palermo zu einem sch\u00f6nen gemacht und so kam ein sehr angenehmes Gespr\u00e4ch zustande, da Caesar uns bestens mit Getr\u00e4nken versorgte und wir nach diesem Tag keinerlei Ambitionen zum Tanzen hatten verratschten wir vier uns gr\u00fcndlich und so ging dieser Tag ganz harmonisch und gem\u00fctlich zu Ende.<\/p>\n<p style=\"text-align: center;\"><a title=\"Malta\" href=\"http:\/\/www.lindenhausen.de\/blog\/reiseberichte-costa\/costa-neoriviera-09-2015\/malta\/\">weiter nach Malta<\/a><\/p>\n","protected":false},"excerpt":{"rendered":"<p>14.09.2015 Palermo wartete zum Fr\u00fchst\u00fcck mit Sonnenschein auf, der Wind hatte sich auch gelegt. Da wir die Stadt gut kennen wollten wir endlich mal auf den Monte Pellegrino. Laut Reisef\u00fchrer waren es etwa 8 Km, 4 rauf und 4 runter, also nicht so tragisch. Allerdings untersch\u00e4tzen wir die Entfernung vom Schiff zu dem laut Goethe &hellip; <a href=\"http:\/\/www.lindenhausen.de\/blog\/reiseberichte-costa\/costa-neoriviera-09-2015\/palermo\/\" class=\"more-link\"><span class=\"screen-reader-text\">Palermo<\/span> weiterlesen <span class=\"meta-nav\">&rarr;<\/span><\/a><\/p>\n","protected":false},"author":1,"featured_media":0,"parent":1131,"menu_order":5,"comment_status":"open","ping_status":"open","template":"","meta":{"_monsterinsights_skip_tracking":false,"_monsterinsights_sitenote_active":false,"_monsterinsights_sitenote_note":"","_monsterinsights_sitenote_category":0},"yoast_head":"<!-- This site is optimized with the Yoast SEO plugin v21.0 - https:\/\/yoast.com\/wordpress\/plugins\/seo\/ -->\n<title>Palermo - Lindenhausen-weil Reisen Spa\u00df macht<\/title>\n<meta name=\"robots\" content=\"index, follow, max-snippet:-1, max-image-preview:large, max-video-preview:-1\" \/>\n<link rel=\"canonical\" href=\"http:\/\/www.lindenhausen.de\/blog\/reiseberichte-costa\/costa-neoriviera-09-2015\/palermo\/\" \/>\n<meta property=\"og:locale\" content=\"de_DE\" \/>\n<meta property=\"og:type\" content=\"article\" \/>\n<meta property=\"og:title\" content=\"Palermo - Lindenhausen-weil Reisen Spa\u00df macht\" \/>\n<meta property=\"og:description\" content=\"14.09.2015 Palermo wartete zum Fr\u00fchst\u00fcck mit Sonnenschein auf, der Wind hatte sich auch gelegt. Da wir die Stadt gut kennen wollten wir endlich mal auf den Monte Pellegrino. Laut Reisef\u00fchrer waren es etwa 8 Km, 4 rauf und 4 runter, also nicht so tragisch. Allerdings untersch\u00e4tzen wir die Entfernung vom Schiff zu dem laut Goethe &hellip; Palermo weiterlesen &rarr;\" \/>\n<meta property=\"og:url\" content=\"http:\/\/www.lindenhausen.de\/blog\/reiseberichte-costa\/costa-neoriviera-09-2015\/palermo\/\" \/>\n<meta property=\"og:site_name\" content=\"Lindenhausen-weil Reisen Spa\u00df macht\" \/>\n<meta property=\"article:publisher\" content=\"http:\/\/www.facebook.com\/Lindenhausen\/\" \/>\n<meta property=\"article:modified_time\" content=\"2015-11-22T10:03:04+00:00\" \/>\n<meta property=\"og:image\" content=\"http:\/\/www.lindenhausen.de\/blog\/wp-content\/uploads\/2015\/10\/K1024_DSC_1586-300x199.jpg\" \/>\n<meta name=\"twitter:card\" content=\"summary_large_image\" \/>\n<meta name=\"twitter:site\" content=\"@Maxilinde\" \/>\n<meta name=\"twitter:label1\" content=\"Gesch\u00e4tzte Lesezeit\" \/>\n\t<meta name=\"twitter:data1\" content=\"4\u00a0Minuten\" \/>\n<script type=\"application\/ld+json\" class=\"yoast-schema-graph\">{\"@context\":\"https:\/\/schema.org\",\"@graph\":[{\"@type\":\"WebPage\",\"@id\":\"http:\/\/www.lindenhausen.de\/blog\/reiseberichte-costa\/costa-neoriviera-09-2015\/palermo\/\",\"url\":\"http:\/\/www.lindenhausen.de\/blog\/reiseberichte-costa\/costa-neoriviera-09-2015\/palermo\/\",\"name\":\"Palermo - Lindenhausen-weil Reisen Spa\u00df macht\",\"isPartOf\":{\"@id\":\"http:\/\/www.lindenhausen.de\/blog\/#website\"},\"datePublished\":\"2015-10-21T20:02:43+00:00\",\"dateModified\":\"2015-11-22T10:03:04+00:00\",\"breadcrumb\":{\"@id\":\"http:\/\/www.lindenhausen.de\/blog\/reiseberichte-costa\/costa-neoriviera-09-2015\/palermo\/#breadcrumb\"},\"inLanguage\":\"de\",\"potentialAction\":[{\"@type\":\"ReadAction\",\"target\":[\"http:\/\/www.lindenhausen.de\/blog\/reiseberichte-costa\/costa-neoriviera-09-2015\/palermo\/\"]}]},{\"@type\":\"BreadcrumbList\",\"@id\":\"http:\/\/www.lindenhausen.de\/blog\/reiseberichte-costa\/costa-neoriviera-09-2015\/palermo\/#breadcrumb\",\"itemListElement\":[{\"@type\":\"ListItem\",\"position\":1,\"name\":\"Startseite\",\"item\":\"http:\/\/www.lindenhausen.de\/blog\/\"},{\"@type\":\"ListItem\",\"position\":2,\"name\":\"Reiseberichte Costa Kreuzfahrten\",\"item\":\"https:\/\/www.lindenhausen.de\/blog\/reiseberichte-costa\/\"},{\"@type\":\"ListItem\",\"position\":3,\"name\":\"Costa neoRiviera 09.2015\",\"item\":\"http:\/\/www.lindenhausen.de\/blog\/reiseberichte-costa\/costa-neoriviera-09-2015\/\"},{\"@type\":\"ListItem\",\"position\":4,\"name\":\"Palermo\"}]},{\"@type\":\"WebSite\",\"@id\":\"http:\/\/www.lindenhausen.de\/blog\/#website\",\"url\":\"http:\/\/www.lindenhausen.de\/blog\/\",\"name\":\"Lindenhausen-weil Reisen Spa\u00df macht\",\"description\":\"Reisen und Kreuzfahrten, Reiseberichte, Kreuzfahrtforum\",\"potentialAction\":[{\"@type\":\"SearchAction\",\"target\":{\"@type\":\"EntryPoint\",\"urlTemplate\":\"http:\/\/www.lindenhausen.de\/blog\/?s={search_term_string}\"},\"query-input\":\"required name=search_term_string\"}],\"inLanguage\":\"de\"}]}<\/script>\n<!-- \/ Yoast SEO plugin. -->","yoast_head_json":{"title":"Palermo - Lindenhausen-weil Reisen Spa\u00df macht","robots":{"index":"index","follow":"follow","max-snippet":"max-snippet:-1","max-image-preview":"max-image-preview:large","max-video-preview":"max-video-preview:-1"},"canonical":"http:\/\/www.lindenhausen.de\/blog\/reiseberichte-costa\/costa-neoriviera-09-2015\/palermo\/","og_locale":"de_DE","og_type":"article","og_title":"Palermo - Lindenhausen-weil Reisen Spa\u00df macht","og_description":"14.09.2015 Palermo wartete zum Fr\u00fchst\u00fcck mit Sonnenschein auf, der Wind hatte sich auch gelegt. Da wir die Stadt gut kennen wollten wir endlich mal auf den Monte Pellegrino. Laut Reisef\u00fchrer waren es etwa 8 Km, 4 rauf und 4 runter, also nicht so tragisch. Allerdings untersch\u00e4tzen wir die Entfernung vom Schiff zu dem laut Goethe &hellip; Palermo weiterlesen &rarr;","og_url":"http:\/\/www.lindenhausen.de\/blog\/reiseberichte-costa\/costa-neoriviera-09-2015\/palermo\/","og_site_name":"Lindenhausen-weil Reisen Spa\u00df macht","article_publisher":"http:\/\/www.facebook.com\/Lindenhausen\/","article_modified_time":"2015-11-22T10:03:04+00:00","og_image":[{"url":"http:\/\/www.lindenhausen.de\/blog\/wp-content\/uploads\/2015\/10\/K1024_DSC_1586-300x199.jpg"}],"twitter_card":"summary_large_image","twitter_site":"@Maxilinde","twitter_misc":{"Gesch\u00e4tzte Lesezeit":"4\u00a0Minuten"},"schema":{"@context":"https:\/\/schema.org","@graph":[{"@type":"WebPage","@id":"http:\/\/www.lindenhausen.de\/blog\/reiseberichte-costa\/costa-neoriviera-09-2015\/palermo\/","url":"http:\/\/www.lindenhausen.de\/blog\/reiseberichte-costa\/costa-neoriviera-09-2015\/palermo\/","name":"Palermo - Lindenhausen-weil Reisen Spa\u00df macht","isPartOf":{"@id":"http:\/\/www.lindenhausen.de\/blog\/#website"},"datePublished":"2015-10-21T20:02:43+00:00","dateModified":"2015-11-22T10:03:04+00:00","breadcrumb":{"@id":"http:\/\/www.lindenhausen.de\/blog\/reiseberichte-costa\/costa-neoriviera-09-2015\/palermo\/#breadcrumb"},"inLanguage":"de","potentialAction":[{"@type":"ReadAction","target":["http:\/\/www.lindenhausen.de\/blog\/reiseberichte-costa\/costa-neoriviera-09-2015\/palermo\/"]}]},{"@type":"BreadcrumbList","@id":"http:\/\/www.lindenhausen.de\/blog\/reiseberichte-costa\/costa-neoriviera-09-2015\/palermo\/#breadcrumb","itemListElement":[{"@type":"ListItem","position":1,"name":"Startseite","item":"http:\/\/www.lindenhausen.de\/blog\/"},{"@type":"ListItem","position":2,"name":"Reiseberichte Costa Kreuzfahrten","item":"https:\/\/www.lindenhausen.de\/blog\/reiseberichte-costa\/"},{"@type":"ListItem","position":3,"name":"Costa neoRiviera 09.2015","item":"http:\/\/www.lindenhausen.de\/blog\/reiseberichte-costa\/costa-neoriviera-09-2015\/"},{"@type":"ListItem","position":4,"name":"Palermo"}]},{"@type":"WebSite","@id":"http:\/\/www.lindenhausen.de\/blog\/#website","url":"http:\/\/www.lindenhausen.de\/blog\/","name":"Lindenhausen-weil Reisen Spa\u00df macht","description":"Reisen und Kreuzfahrten, Reiseberichte, Kreuzfahrtforum","potentialAction":[{"@type":"SearchAction","target":{"@type":"EntryPoint","urlTemplate":"http:\/\/www.lindenhausen.de\/blog\/?s={search_term_string}"},"query-input":"required name=search_term_string"}],"inLanguage":"de"}]}},"_links":{"self":[{"href":"http:\/\/www.lindenhausen.de\/blog\/wp-json\/wp\/v2\/pages\/1246"}],"collection":[{"href":"http:\/\/www.lindenhausen.de\/blog\/wp-json\/wp\/v2\/pages"}],"about":[{"href":"http:\/\/www.lindenhausen.de\/blog\/wp-json\/wp\/v2\/types\/page"}],"author":[{"embeddable":true,"href":"http:\/\/www.lindenhausen.de\/blog\/wp-json\/wp\/v2\/users\/1"}],"replies":[{"embeddable":true,"href":"http:\/\/www.lindenhausen.de\/blog\/wp-json\/wp\/v2\/comments?post=1246"}],"version-history":[{"count":4,"href":"http:\/\/www.lindenhausen.de\/blog\/wp-json\/wp\/v2\/pages\/1246\/revisions"}],"predecessor-version":[{"id":1513,"href":"http:\/\/www.lindenhausen.de\/blog\/wp-json\/wp\/v2\/pages\/1246\/revisions\/1513"}],"up":[{"embeddable":true,"href":"http:\/\/www.lindenhausen.de\/blog\/wp-json\/wp\/v2\/pages\/1131"}],"wp:attachment":[{"href":"http:\/\/www.lindenhausen.de\/blog\/wp-json\/wp\/v2\/media?parent=1246"}],"curies":[{"name":"wp","href":"https:\/\/api.w.org\/{rel}","templated":true}]}}