{"id":1230,"date":"2015-10-21T20:32:05","date_gmt":"2015-10-21T18:32:05","guid":{"rendered":"http:\/\/www.lindenhausen.de\/blog\/?page_id=1230"},"modified":"2015-11-22T10:56:38","modified_gmt":"2015-11-22T09:56:38","slug":"savona","status":"publish","type":"page","link":"http:\/\/www.lindenhausen.de\/blog\/reiseberichte-costa\/costa-neoriviera-09-2015\/savona\/","title":{"rendered":"Savona"},"content":{"rendered":"<p style=\"text-align: center;\">10.09.2015<\/p>\n<p style=\"text-align: left;\">Da waren zwei Reiseberichte, einer m\u00fcndlich von einer guten Freundin aus Regensburg und einer von Dirk bei uns im Lindenhausen-Forum.<br \/>\nBeide berichteten \u00fcber eine tolle Route, eine ruhige gelassene Kreuzfahrt, gutem Essen und einem ansprechendem Publikum.<br \/>\nAlso n\u00e4her hingeschaut und tats\u00e4chlich ein gutes Angebot entdeckt, recht spontan gebucht.<br \/>\nAbfahrtstermin 10.09, der Bus fuhr am Vorabend gegen Mitternacht, am 20. Geburtstag vom Junior, also noch ein Grund zum gemeinsamen Abendessen mit den Juniors und Freunden.<br \/>\nIn Ingolstadt bog dann zu unserer Freude ein \u201eSchmetterling\u201c um die Ecke, der Bus nur mit 24 Reisenden besetzt, also f\u00fcr jeden Gast eine eigene Sitzreihe, das hie\u00df gut schlafen und ausgeruht ans Ziel kommen.<br \/>\nBeide Busfahrer waren nicht neu auf der Strecke, kannten jede Kurve und so kamen wir sicher und gut gelaunt gegen 9:30 in Savona an.<br \/>\nEs war nur die neoRiviera im Hafen, also kann auch am Terminal keine Hektik auf. Wir tauschten die Einschiffungsnummern, machten uns frisch und dann ging es auf die andere Hafenseite um das obligatorische Ankunftsfoto zu schie\u00dfen.<\/p>\n<p><a href=\"http:\/\/www.lindenhausen.de\/blog\/wp-content\/uploads\/2015\/10\/K1024_DSC_1301-e1445449780490.jpg\"><img decoding=\"async\" loading=\"lazy\" class=\"aligncenter size-medium wp-image-1154\" src=\"http:\/\/www.lindenhausen.de\/blog\/wp-content\/uploads\/2015\/10\/K1024_DSC_1301-e1445449780490-199x300.jpg\" alt=\"Savona1\" width=\"199\" height=\"300\" srcset=\"http:\/\/www.lindenhausen.de\/blog\/wp-content\/uploads\/2015\/10\/K1024_DSC_1301-e1445449780490-199x300.jpg 199w, http:\/\/www.lindenhausen.de\/blog\/wp-content\/uploads\/2015\/10\/K1024_DSC_1301-e1445449780490-678x1024.jpg 678w, http:\/\/www.lindenhausen.de\/blog\/wp-content\/uploads\/2015\/10\/K1024_DSC_1301-e1445449780490.jpg 768w\" sizes=\"(max-width: 199px) 100vw, 199px\" \/><\/a><br \/>\nDie alte blaue Fu\u00dfg\u00e4ngerbr\u00fccke im Hafen von Savona ist nun einer Rollstuhl-und Kinderwagengerechten Drehbr\u00fccke gewichen, ein paar Minuten Wartezeit muss man in Kauf nehmen, wenn ein Fischerboot oder eine Segeljacht passieren wollen. Macht nix, wir haben Urlaub und Zeit und sehen das nicht jeden Tag.<\/p>\n<p style=\"text-align: left;\"><a href=\"http:\/\/www.lindenhausen.de\/blog\/wp-content\/uploads\/2015\/10\/aDSC_1300.jpg\"><img decoding=\"async\" loading=\"lazy\" class=\"aligncenter size-medium wp-image-1231\" src=\"http:\/\/www.lindenhausen.de\/blog\/wp-content\/uploads\/2015\/10\/aDSC_1300-300x199.jpg\" alt=\"Savona2\" width=\"300\" height=\"199\" srcset=\"http:\/\/www.lindenhausen.de\/blog\/wp-content\/uploads\/2015\/10\/aDSC_1300-300x199.jpg 300w, http:\/\/www.lindenhausen.de\/blog\/wp-content\/uploads\/2015\/10\/aDSC_1300.jpg 1000w\" sizes=\"(max-width: 300px) 100vw, 300px\" \/><\/a><br \/>\nZur\u00fcck im Terminal ging es erst einmal in die VIP Lounge, bei einen gr\u00fcnen Tee und danach einem Gl\u00e4schen Prosecco als Muntermacher stellte sich endg\u00fcltig Urlaubsstimmung ein. Hier lernten wir ein nettes Ehepaar aus \u00d6sterreich kennen, mit denen wir einige sch\u00f6ne Urlaubsmomente teilen durften.<\/p>\n<p style=\"text-align: left;\"><a href=\"http:\/\/www.lindenhausen.de\/blog\/wp-content\/uploads\/2015\/10\/K1024_DSC_1304.jpg\"><img decoding=\"async\" loading=\"lazy\" class=\"aligncenter size-medium wp-image-1155\" src=\"http:\/\/www.lindenhausen.de\/blog\/wp-content\/uploads\/2015\/10\/K1024_DSC_1304-300x199.jpg\" alt=\"Savona Lounge\" width=\"300\" height=\"199\" srcset=\"http:\/\/www.lindenhausen.de\/blog\/wp-content\/uploads\/2015\/10\/K1024_DSC_1304-300x199.jpg 300w, http:\/\/www.lindenhausen.de\/blog\/wp-content\/uploads\/2015\/10\/K1024_DSC_1304-1024x678.jpg 1024w, http:\/\/www.lindenhausen.de\/blog\/wp-content\/uploads\/2015\/10\/K1024_DSC_1304.jpg 1160w\" sizes=\"(max-width: 300px) 100vw, 300px\" \/><\/a> <a href=\"http:\/\/www.lindenhausen.de\/blog\/wp-content\/uploads\/2015\/10\/K1024_DSC_1306.jpg\"><img decoding=\"async\" loading=\"lazy\" class=\"aligncenter size-medium wp-image-1156\" src=\"http:\/\/www.lindenhausen.de\/blog\/wp-content\/uploads\/2015\/10\/K1024_DSC_1306-300x199.jpg\" alt=\"Savoma Terminal\" width=\"300\" height=\"199\" srcset=\"http:\/\/www.lindenhausen.de\/blog\/wp-content\/uploads\/2015\/10\/K1024_DSC_1306-300x199.jpg 300w, http:\/\/www.lindenhausen.de\/blog\/wp-content\/uploads\/2015\/10\/K1024_DSC_1306-1024x678.jpg 1024w, http:\/\/www.lindenhausen.de\/blog\/wp-content\/uploads\/2015\/10\/K1024_DSC_1306.jpg 1160w\" sizes=\"(max-width: 300px) 100vw, 300px\" \/><\/a><br \/>\nDie Einschiffung sollte laut Reiseunterlagen 13:30 Uhr beginnen, 11:55 wurden wir dann schon zum Einschiffungsschalter gebeten begegneten\u00a0 beim Weg aufs Schiff unseren Koffern und 12:10 sa\u00dfen wir auf Deck 11 drau\u00dfen an der frischen Luft beim Mittagessen.<\/p>\n<figure id=\"attachment_1157\" aria-describedby=\"caption-attachment-1157\" style=\"width: 300px\" class=\"wp-caption aligncenter\"><a href=\"http:\/\/www.lindenhausen.de\/blog\/wp-content\/uploads\/2015\/10\/K1024_DSC_1307.jpg\"><img decoding=\"async\" loading=\"lazy\" class=\"wp-image-1157 size-medium\" src=\"http:\/\/www.lindenhausen.de\/blog\/wp-content\/uploads\/2015\/10\/K1024_DSC_1307-300x199.jpg\" alt=\"Koffer\" width=\"300\" height=\"199\" srcset=\"http:\/\/www.lindenhausen.de\/blog\/wp-content\/uploads\/2015\/10\/K1024_DSC_1307-300x199.jpg 300w, http:\/\/www.lindenhausen.de\/blog\/wp-content\/uploads\/2015\/10\/K1024_DSC_1307-1024x678.jpg 1024w, http:\/\/www.lindenhausen.de\/blog\/wp-content\/uploads\/2015\/10\/K1024_DSC_1307.jpg 1160w\" sizes=\"(max-width: 300px) 100vw, 300px\" \/><\/a><figcaption id=\"caption-attachment-1157\" class=\"wp-caption-text\">da ist mein Koffer \ud83d\ude42<\/figcaption><\/figure>\n<p style=\"text-align: left;\">\nPaul, der deutsche Host hatte uns sehr nett begr\u00fc\u00dft und um Verst\u00e4ndnis gebeten das die Kabine wohl \u201eerst\u201c 14:00 Uhr fertig sein w\u00fcrde.<br \/>\nKein Problem, gem\u00fctlich essen, Schiff erkunden und schon war es soweit.<\/p>\n<p style=\"text-align: left;\"><a href=\"http:\/\/www.lindenhausen.de\/blog\/wp-content\/uploads\/2015\/10\/K1024_DSC_1337.jpg\"><img decoding=\"async\" loading=\"lazy\" class=\"aligncenter size-medium wp-image-1160\" src=\"http:\/\/www.lindenhausen.de\/blog\/wp-content\/uploads\/2015\/10\/K1024_DSC_1337-300x199.jpg\" alt=\"Getr\u00e4nke\" width=\"300\" height=\"199\" srcset=\"http:\/\/www.lindenhausen.de\/blog\/wp-content\/uploads\/2015\/10\/K1024_DSC_1337-300x199.jpg 300w, http:\/\/www.lindenhausen.de\/blog\/wp-content\/uploads\/2015\/10\/K1024_DSC_1337-1024x678.jpg 1024w, http:\/\/www.lindenhausen.de\/blog\/wp-content\/uploads\/2015\/10\/K1024_DSC_1337.jpg 1160w\" sizes=\"(max-width: 300px) 100vw, 300px\" \/><\/a> <a href=\"http:\/\/www.lindenhausen.de\/blog\/wp-content\/uploads\/2015\/10\/K1024_DSC_1334.jpg\"><img decoding=\"async\" loading=\"lazy\" class=\"aligncenter size-medium wp-image-1159\" src=\"http:\/\/www.lindenhausen.de\/blog\/wp-content\/uploads\/2015\/10\/K1024_DSC_1334-300x199.jpg\" alt=\"Deck1\" width=\"300\" height=\"199\" srcset=\"http:\/\/www.lindenhausen.de\/blog\/wp-content\/uploads\/2015\/10\/K1024_DSC_1334-300x199.jpg 300w, http:\/\/www.lindenhausen.de\/blog\/wp-content\/uploads\/2015\/10\/K1024_DSC_1334-1024x678.jpg 1024w, http:\/\/www.lindenhausen.de\/blog\/wp-content\/uploads\/2015\/10\/K1024_DSC_1334.jpg 1160w\" sizes=\"(max-width: 300px) 100vw, 300px\" \/><\/a> <a href=\"http:\/\/www.lindenhausen.de\/blog\/wp-content\/uploads\/2015\/10\/K1024_DSC_1327.jpg\"><img decoding=\"async\" loading=\"lazy\" class=\"aligncenter size-medium wp-image-1158\" src=\"http:\/\/www.lindenhausen.de\/blog\/wp-content\/uploads\/2015\/10\/K1024_DSC_1327-300x199.jpg\" alt=\"Deck2\" width=\"300\" height=\"199\" srcset=\"http:\/\/www.lindenhausen.de\/blog\/wp-content\/uploads\/2015\/10\/K1024_DSC_1327-300x199.jpg 300w, http:\/\/www.lindenhausen.de\/blog\/wp-content\/uploads\/2015\/10\/K1024_DSC_1327-1024x678.jpg 1024w, http:\/\/www.lindenhausen.de\/blog\/wp-content\/uploads\/2015\/10\/K1024_DSC_1327.jpg 1160w\" sizes=\"(max-width: 300px) 100vw, 300px\" \/><\/a><br \/>\nAlles war fertig, die Koffer da, Bordkarten, Sekt und Obstkorb, Badem\u00e4ntel und Poolhandt\u00fccher-es passte.<br \/>\nDie Innenkabine(9014) ein wenig kleiner als auf den gro\u00dfen Schiffen, aber f\u00fcr uns ausreichend, waren wir doch das erste Mal zu zweit unterwegs.<\/p>\n<p style=\"text-align: left;\"><a href=\"http:\/\/www.lindenhausen.de\/blog\/wp-content\/uploads\/2015\/10\/DSC_1528.jpg\"><img decoding=\"async\" loading=\"lazy\" class=\"aligncenter size-medium wp-image-1232\" src=\"http:\/\/www.lindenhausen.de\/blog\/wp-content\/uploads\/2015\/10\/DSC_1528-300x199.jpg\" alt=\"Kabine\" width=\"300\" height=\"199\" srcset=\"http:\/\/www.lindenhausen.de\/blog\/wp-content\/uploads\/2015\/10\/DSC_1528-300x199.jpg 300w, http:\/\/www.lindenhausen.de\/blog\/wp-content\/uploads\/2015\/10\/DSC_1528-1024x678.jpg 1024w\" sizes=\"(max-width: 300px) 100vw, 300px\" \/><\/a><br \/>\nBad auch hier mit Duschvorhang, wobei ich mit dem nie zu k\u00e4mpfen habe.<br \/>\nGen\u00fcgend Ablagefl\u00e4chen, W\u00e4scheleine f\u00fcr Badesachen in der Dusche, 2 T\u00fcrhaken f\u00fcr Badem\u00e4ntel etc-<br \/>\n3 T\u00fcriger Kleiderschrank, 2 Abteile mit B\u00fcgeln, 1 mit F\u00e4chern und 3 Schubladen.<br \/>\nDaneben Minibar, dar\u00fcber ein Fach f\u00fcr Gl\u00e4ser, der Fernseher und der Safe<br \/>\nLinks Schreibtisch mit gro\u00dfem Spiegel, Kaffeemaschine (Kapseln-kostenpflichtig), 2 Steckdosen 220V und 2 110V. Links unten Stauraum mit 2 F\u00e4chern, rechts auch, in einem liegt der F\u00f6n.<br \/>\nNachtk\u00e4stchen mit Lampe, sehr gro\u00df, da l\u00e4sst sich auch noch einiges unterbringen.<br \/>\nKoffer passen unter das Bett.<br \/>\nWir packten in Ruhe aus und lernten unseren Steward Tristan kennen, der sich vorstellte und nachfragte ob alles ok ist, Gep\u00e4ck komplett, W\u00fcnsche?<br \/>\nDie Seenotrettungs\u00fcbung ging recht flott, Karten einscannen, Durchsage 4 sprachig. Bei Costa immer noch mit angelegter Rettungsweste, finde ich richtig so.<br \/>\nWas mir bei diesem Schiff fehlte: dieses WOW Gef\u00fchl. Es ist alles nett eingerichtet, harmonisch aber irgendwie springt bei mir der Funke nicht \u00fcber.<br \/>\nOffene Tischzeit, wir entschlossen uns f\u00fcr das Bedienrestaurant und 19:15, erster Fehler denn da ist kein Platz zu haben.<br \/>\nWir bekamen einen Pieper der wie ein Ufo ausschaute und dadurch auch nette Reisebekanntschaften die genau wie wir nun dieses Unget\u00fcm im Auge behielten.<br \/>\nAlternativ w\u00e4re noch das B\u00fcffet ge\u00f6ffnet gewesen, was wir aber nicht wollten.<br \/>\nEs zeigte sich auf dieser Reise dass 2 Tischzeiten mit festem Tisch so schlecht nicht sind denn auch wir konnten hier immer nur entweder 18:30 oder 20:00 Uhr essen oder eine unbestimmte Zeit warten.<br \/>\nMeist standen Tische f\u00fcr 2 Personen zur Verf\u00fcgung.<\/p>\n<p style=\"text-align: left;\">Nach dem Essen noch ein Gang durch die Bars, direkt auf Deck 5 vor dem Restaurant das Cafe Positano, hier gibt es ein Duo mit s\u00fcdamerikanischer Musik, weniger tanzbar aber sch\u00f6n zum Zuh\u00f6ren, im Wechseln mit tanzbarer Musik. Deck 6 bietet eine Weinbar \u2013Bier und anderes muss unten selber geholt werden, hier gibt es Klassik, Piano und Violine, sehr sch\u00f6n.<br \/>\nDeck 7, Grand Bar mit Salont\u00e4nzen und ein wenig Animation.<br \/>\nDeck 11 hat eine ge\u00f6ffnete Bar unter Sternenhimmel, wunderbar.<br \/>\nHier g\u00e4be es auch noch die Disco, ein wunderbarer Raum aber erst nach 0:00 Uhr bewirtschaftet, ich glaube nicht dass da auf dieser Reise je etwas los war.<br \/>\nWir wollten fr\u00fch ins Bett, aber es war dann doch schon nach 12, wir werden wohl nie erwachsen.<\/p>\n<p style=\"text-align: center;\"><a title=\"Toulon\" href=\"http:\/\/www.lindenhausen.de\/blog\/reiseberichte-costa\/costa-neoriviera-09-2015\/toulon\/\">weiter nach Toulon<\/a><\/p>\n","protected":false},"excerpt":{"rendered":"<p>10.09.2015 Da waren zwei Reiseberichte, einer m\u00fcndlich von einer guten Freundin aus Regensburg und einer von Dirk bei uns im Lindenhausen-Forum. Beide berichteten \u00fcber eine tolle Route, eine ruhige gelassene Kreuzfahrt, gutem Essen und einem ansprechendem Publikum. Also n\u00e4her hingeschaut und tats\u00e4chlich ein gutes Angebot entdeckt, recht spontan gebucht. Abfahrtstermin 10.09, der Bus fuhr am &hellip; <a href=\"http:\/\/www.lindenhausen.de\/blog\/reiseberichte-costa\/costa-neoriviera-09-2015\/savona\/\" class=\"more-link\"><span class=\"screen-reader-text\">Savona<\/span> weiterlesen <span class=\"meta-nav\">&rarr;<\/span><\/a><\/p>\n","protected":false},"author":1,"featured_media":0,"parent":1131,"menu_order":1,"comment_status":"open","ping_status":"open","template":"","meta":{"_monsterinsights_skip_tracking":false,"_monsterinsights_sitenote_active":false,"_monsterinsights_sitenote_note":"","_monsterinsights_sitenote_category":0},"yoast_head":"<!-- This site is optimized with the Yoast SEO plugin v21.0 - https:\/\/yoast.com\/wordpress\/plugins\/seo\/ -->\n<title>Savona - Lindenhausen-weil Reisen Spa\u00df macht<\/title>\n<meta name=\"robots\" content=\"index, follow, max-snippet:-1, max-image-preview:large, max-video-preview:-1\" \/>\n<link rel=\"canonical\" href=\"http:\/\/www.lindenhausen.de\/blog\/reiseberichte-costa\/costa-neoriviera-09-2015\/savona\/\" \/>\n<meta property=\"og:locale\" content=\"de_DE\" \/>\n<meta property=\"og:type\" content=\"article\" \/>\n<meta property=\"og:title\" content=\"Savona - Lindenhausen-weil Reisen Spa\u00df macht\" \/>\n<meta property=\"og:description\" content=\"10.09.2015 Da waren zwei Reiseberichte, einer m\u00fcndlich von einer guten Freundin aus Regensburg und einer von Dirk bei uns im Lindenhausen-Forum. Beide berichteten \u00fcber eine tolle Route, eine ruhige gelassene Kreuzfahrt, gutem Essen und einem ansprechendem Publikum. Also n\u00e4her hingeschaut und tats\u00e4chlich ein gutes Angebot entdeckt, recht spontan gebucht. Abfahrtstermin 10.09, der Bus fuhr am &hellip; Savona weiterlesen &rarr;\" \/>\n<meta property=\"og:url\" content=\"http:\/\/www.lindenhausen.de\/blog\/reiseberichte-costa\/costa-neoriviera-09-2015\/savona\/\" \/>\n<meta property=\"og:site_name\" content=\"Lindenhausen-weil Reisen Spa\u00df macht\" \/>\n<meta property=\"article:publisher\" content=\"http:\/\/www.facebook.com\/Lindenhausen\/\" \/>\n<meta property=\"article:modified_time\" content=\"2015-11-22T09:56:38+00:00\" \/>\n<meta property=\"og:image\" content=\"http:\/\/www.lindenhausen.de\/blog\/wp-content\/uploads\/2015\/10\/K1024_DSC_1301-e1445449780490-199x300.jpg\" \/>\n<meta name=\"twitter:card\" content=\"summary_large_image\" \/>\n<meta name=\"twitter:site\" content=\"@Maxilinde\" \/>\n<meta name=\"twitter:label1\" content=\"Gesch\u00e4tzte Lesezeit\" \/>\n\t<meta name=\"twitter:data1\" content=\"4\u00a0Minuten\" \/>\n<script type=\"application\/ld+json\" class=\"yoast-schema-graph\">{\"@context\":\"https:\/\/schema.org\",\"@graph\":[{\"@type\":\"WebPage\",\"@id\":\"http:\/\/www.lindenhausen.de\/blog\/reiseberichte-costa\/costa-neoriviera-09-2015\/savona\/\",\"url\":\"http:\/\/www.lindenhausen.de\/blog\/reiseberichte-costa\/costa-neoriviera-09-2015\/savona\/\",\"name\":\"Savona - Lindenhausen-weil Reisen Spa\u00df macht\",\"isPartOf\":{\"@id\":\"https:\/\/www.lindenhausen.de\/blog\/#website\"},\"datePublished\":\"2015-10-21T18:32:05+00:00\",\"dateModified\":\"2015-11-22T09:56:38+00:00\",\"breadcrumb\":{\"@id\":\"http:\/\/www.lindenhausen.de\/blog\/reiseberichte-costa\/costa-neoriviera-09-2015\/savona\/#breadcrumb\"},\"inLanguage\":\"de\",\"potentialAction\":[{\"@type\":\"ReadAction\",\"target\":[\"http:\/\/www.lindenhausen.de\/blog\/reiseberichte-costa\/costa-neoriviera-09-2015\/savona\/\"]}]},{\"@type\":\"BreadcrumbList\",\"@id\":\"http:\/\/www.lindenhausen.de\/blog\/reiseberichte-costa\/costa-neoriviera-09-2015\/savona\/#breadcrumb\",\"itemListElement\":[{\"@type\":\"ListItem\",\"position\":1,\"name\":\"Startseite\",\"item\":\"https:\/\/www.lindenhausen.de\/blog\/\"},{\"@type\":\"ListItem\",\"position\":2,\"name\":\"Reiseberichte Costa Kreuzfahrten\",\"item\":\"https:\/\/www.lindenhausen.de\/blog\/reiseberichte-costa\/\"},{\"@type\":\"ListItem\",\"position\":3,\"name\":\"Costa neoRiviera 09.2015\",\"item\":\"https:\/\/www.lindenhausen.de\/blog\/reiseberichte-costa\/costa-neoriviera-09-2015\/\"},{\"@type\":\"ListItem\",\"position\":4,\"name\":\"Savona\"}]},{\"@type\":\"WebSite\",\"@id\":\"https:\/\/www.lindenhausen.de\/blog\/#website\",\"url\":\"https:\/\/www.lindenhausen.de\/blog\/\",\"name\":\"Lindenhausen-weil Reisen Spa\u00df macht\",\"description\":\"Reisen und Kreuzfahrten, Reiseberichte, Kreuzfahrtforum\",\"potentialAction\":[{\"@type\":\"SearchAction\",\"target\":{\"@type\":\"EntryPoint\",\"urlTemplate\":\"https:\/\/www.lindenhausen.de\/blog\/?s={search_term_string}\"},\"query-input\":\"required name=search_term_string\"}],\"inLanguage\":\"de\"}]}<\/script>\n<!-- \/ Yoast SEO plugin. -->","yoast_head_json":{"title":"Savona - Lindenhausen-weil Reisen Spa\u00df macht","robots":{"index":"index","follow":"follow","max-snippet":"max-snippet:-1","max-image-preview":"max-image-preview:large","max-video-preview":"max-video-preview:-1"},"canonical":"http:\/\/www.lindenhausen.de\/blog\/reiseberichte-costa\/costa-neoriviera-09-2015\/savona\/","og_locale":"de_DE","og_type":"article","og_title":"Savona - Lindenhausen-weil Reisen Spa\u00df macht","og_description":"10.09.2015 Da waren zwei Reiseberichte, einer m\u00fcndlich von einer guten Freundin aus Regensburg und einer von Dirk bei uns im Lindenhausen-Forum. Beide berichteten \u00fcber eine tolle Route, eine ruhige gelassene Kreuzfahrt, gutem Essen und einem ansprechendem Publikum. Also n\u00e4her hingeschaut und tats\u00e4chlich ein gutes Angebot entdeckt, recht spontan gebucht. Abfahrtstermin 10.09, der Bus fuhr am &hellip; Savona weiterlesen &rarr;","og_url":"http:\/\/www.lindenhausen.de\/blog\/reiseberichte-costa\/costa-neoriviera-09-2015\/savona\/","og_site_name":"Lindenhausen-weil Reisen Spa\u00df macht","article_publisher":"http:\/\/www.facebook.com\/Lindenhausen\/","article_modified_time":"2015-11-22T09:56:38+00:00","og_image":[{"url":"http:\/\/www.lindenhausen.de\/blog\/wp-content\/uploads\/2015\/10\/K1024_DSC_1301-e1445449780490-199x300.jpg"}],"twitter_card":"summary_large_image","twitter_site":"@Maxilinde","twitter_misc":{"Gesch\u00e4tzte Lesezeit":"4\u00a0Minuten"},"schema":{"@context":"https:\/\/schema.org","@graph":[{"@type":"WebPage","@id":"http:\/\/www.lindenhausen.de\/blog\/reiseberichte-costa\/costa-neoriviera-09-2015\/savona\/","url":"http:\/\/www.lindenhausen.de\/blog\/reiseberichte-costa\/costa-neoriviera-09-2015\/savona\/","name":"Savona - Lindenhausen-weil Reisen Spa\u00df macht","isPartOf":{"@id":"https:\/\/www.lindenhausen.de\/blog\/#website"},"datePublished":"2015-10-21T18:32:05+00:00","dateModified":"2015-11-22T09:56:38+00:00","breadcrumb":{"@id":"http:\/\/www.lindenhausen.de\/blog\/reiseberichte-costa\/costa-neoriviera-09-2015\/savona\/#breadcrumb"},"inLanguage":"de","potentialAction":[{"@type":"ReadAction","target":["http:\/\/www.lindenhausen.de\/blog\/reiseberichte-costa\/costa-neoriviera-09-2015\/savona\/"]}]},{"@type":"BreadcrumbList","@id":"http:\/\/www.lindenhausen.de\/blog\/reiseberichte-costa\/costa-neoriviera-09-2015\/savona\/#breadcrumb","itemListElement":[{"@type":"ListItem","position":1,"name":"Startseite","item":"https:\/\/www.lindenhausen.de\/blog\/"},{"@type":"ListItem","position":2,"name":"Reiseberichte Costa Kreuzfahrten","item":"https:\/\/www.lindenhausen.de\/blog\/reiseberichte-costa\/"},{"@type":"ListItem","position":3,"name":"Costa neoRiviera 09.2015","item":"https:\/\/www.lindenhausen.de\/blog\/reiseberichte-costa\/costa-neoriviera-09-2015\/"},{"@type":"ListItem","position":4,"name":"Savona"}]},{"@type":"WebSite","@id":"https:\/\/www.lindenhausen.de\/blog\/#website","url":"https:\/\/www.lindenhausen.de\/blog\/","name":"Lindenhausen-weil Reisen Spa\u00df macht","description":"Reisen und Kreuzfahrten, Reiseberichte, Kreuzfahrtforum","potentialAction":[{"@type":"SearchAction","target":{"@type":"EntryPoint","urlTemplate":"https:\/\/www.lindenhausen.de\/blog\/?s={search_term_string}"},"query-input":"required name=search_term_string"}],"inLanguage":"de"}]}},"_links":{"self":[{"href":"http:\/\/www.lindenhausen.de\/blog\/wp-json\/wp\/v2\/pages\/1230"}],"collection":[{"href":"http:\/\/www.lindenhausen.de\/blog\/wp-json\/wp\/v2\/pages"}],"about":[{"href":"http:\/\/www.lindenhausen.de\/blog\/wp-json\/wp\/v2\/types\/page"}],"author":[{"embeddable":true,"href":"http:\/\/www.lindenhausen.de\/blog\/wp-json\/wp\/v2\/users\/1"}],"replies":[{"embeddable":true,"href":"http:\/\/www.lindenhausen.de\/blog\/wp-json\/wp\/v2\/comments?post=1230"}],"version-history":[{"count":4,"href":"http:\/\/www.lindenhausen.de\/blog\/wp-json\/wp\/v2\/pages\/1230\/revisions"}],"predecessor-version":[{"id":1507,"href":"http:\/\/www.lindenhausen.de\/blog\/wp-json\/wp\/v2\/pages\/1230\/revisions\/1507"}],"up":[{"embeddable":true,"href":"http:\/\/www.lindenhausen.de\/blog\/wp-json\/wp\/v2\/pages\/1131"}],"wp:attachment":[{"href":"http:\/\/www.lindenhausen.de\/blog\/wp-json\/wp\/v2\/media?parent=1230"}],"curies":[{"name":"wp","href":"https:\/\/api.w.org\/{rel}","templated":true}]}}